{"id":161697,"date":"2022-11-10T20:53:06","date_gmt":"2022-11-10T19:53:06","guid":{"rendered":"https:\/\/marktxxl.de\/markt\/produkt\/12-teiliges-besteckset-aus-edelstahl-in-regenbogenfarben-fuer-kleinkinder-gabeln-und-loeffel-kindersicheres-besteck-fuer-kleinkinder-metall-kinderbesteck-6-x-kindersichere-gabeln-6-x-kinder-loef\/"},"modified":"2023-04-08T04:14:30","modified_gmt":"2023-04-08T02:14:30","slug":"12-teiliges-besteckset-aus-edelstahl-in-regenbogenfarben-fuer-kleinkinder-gabeln-und-loeffel-kindersicheres-besteck-fuer-kleinkinder-metall-kinderbesteck-6-x-kindersichere-gabeln-6-x-kinder-loef","status":"publish","type":"product","link":"https:\/\/marktxxl.de\/markt\/produkt\/12-teiliges-besteckset-aus-edelstahl-in-regenbogenfarben-fuer-kleinkinder-gabeln-und-loeffel-kindersicheres-besteck-fuer-kleinkinder-metall-kinderbesteck-6-x-kindersichere-gabeln-6-x-kinder-loef\/","title":{"rendered":"12-teiliges Besteckset aus Edelstahl in Regenbogenfarben, f\u00fcr Kleinkinder, Gabeln und L\u00f6ffel, kindersicheres Besteck f\u00fcr\u2026"},"content":{"rendered":"<p>\u2705 Sicheres Material: Die Regenbogen-Kinder-Besteck sind aus Edelstahl ohne Nickel, ungiftig und langlebig, rostfrei und hygienischer zu verwenden, kann in der Sp\u00fclmaschine gewaschen werden, rostfreie und sichere Kindergabeln zum Selbstf\u00fcttern<br \/>\n\u2705 12-teiliges Besteck-Set aus Edelstahl f\u00fcr Kinder beinhaltet 6 L\u00f6ffel f\u00fcr Kleinkinder, 6 Gabeln, genug Menge, um den t\u00e4glichen Bedarf und Ersatz Ihres Kindes zu erf\u00fcllen, keine Notwendigkeit, das Geschirr den ganzen Tag zu waschen<br \/>\n\u2705 Gabelgr\u00f6\u00dfe: 15,2 x 2,5 cm, L\u00f6ffelgr\u00f6\u00dfe: 15,2 x 3,3 cm. Richtige Gr\u00f6\u00dfe f\u00fcr kleine Kinderh\u00e4nde, gutes Geschenk f\u00fcr Kinder zum Geburtstag, Ostern, Weihnachten und anderen Veranstaltungen<br \/>\n\u2705 Niedlicher B\u00e4r: Das Ende jedes Kinderutensilien verf\u00fcgt \u00fcber ein s\u00fc\u00dfes B\u00e4renmuster, das sch\u00f6ne Design kann leicht Gefallen bei Kindern in verschiedenen Altersgruppen und Geschlechtern wie Junioren, Kleinkindern, Vorschulkindern, Schulkindern und so weiter finden<br \/>\n\u2705 Lassen Sie Ihre Kinder sp\u00fcren, wie es ist, ein Erwachsener zu sein, indem Sie ihnen ihr erstes Set von Erwachsenen-\u00e4hnlichem Besteck geben. Jedes Utensil ist klein genug, um den kleinen Mund und die Finger Ihres Kindes zu passen.<br \/>\n<div class=\"main-cross-sell\" data-asin=\"B09BCG4G93\">\n\n\t<div class=\"WooZone-cross-sell-loader\">\n\t\t<div>\n\t\t\t<div id=\"floatingBarsG\">\n\t\t\t\t<div class=\"blockG\" id=\"rotateG_01\"><\/div>\n\t\t\t\t<div class=\"blockG\" id=\"rotateG_02\"><\/div>\n\t\t\t\t<div class=\"blockG\" id=\"rotateG_03\"><\/div>\n\t\t\t\t<div class=\"blockG\" id=\"rotateG_04\"><\/div>\n\t\t\t\t<div class=\"blockG\" id=\"rotateG_05\"><\/div>\n\t\t\t\t<div class=\"blockG\" id=\"rotateG_06\"><\/div>\n\t\t\t\t<div class=\"blockG\" id=\"rotateG_07\"><\/div>\n\t\t\t\t<div class=\"blockG\" id=\"rotateG_08\"><\/div>\n\t\t\t<\/div>\n\t\t\t<div class=\"WooZone-cross-sell-loader-text\"><\/div>\n\t\t<\/div>\n\t<\/div>\n\n\t\t\n<\/div>\n<div style=\"clear:both;\"><\/div><\/p>\n","protected":false},"excerpt":{"rendered":"<p>\u2705 Sicheres Material: Die Regenbogen-Kinder-Besteck sind aus Edelstahl ohne Nickel, ungiftig und langlebig, rostfrei und hygienischer zu verwenden, kann in der Sp\u00fclmaschine gewaschen werden, rostfreie und sichere Kindergabeln zum Selbstf\u00fcttern<br \/>\n\u2705 12-teiliges Besteck-Set aus Edelstahl f\u00fcr Kinder beinhaltet 6 L\u00f6ffel f\u00fcr Kleinkinder, 6 Gabeln, genug Menge, um den t\u00e4glichen Bedarf und Ersatz Ihres Kindes zu erf\u00fcllen, keine Notwendigkeit, das Geschirr den ganzen Tag zu waschen<br \/>\n\u2705 Gabelgr\u00f6\u00dfe: 15,2 x 2,5 cm, L\u00f6ffelgr\u00f6\u00dfe: 15,2 x 3,3 cm. Richtige Gr\u00f6\u00dfe f\u00fcr kleine Kinderh\u00e4nde, gutes Geschenk f\u00fcr Kinder zum Geburtstag, Ostern, Weihnachten und anderen Veranstaltungen<\/p>\n","protected":false},"featured_media":161698,"comment_status":"open","ping_status":"closed","template":"","meta":[],"product_brand":[],"product_cat":[21,9216],"product_tag":[],"class_list":{"0":"post-161697","1":"product","2":"type-product","3":"status-publish","4":"has-post-thumbnail","6":"product_cat-baby","7":"product_cat-ernaehrung-stillen-baby","8":"pa_brand-pimoys","9":"pa_height-0-5-zoll","10":"pa_length-5-9-zoll","11":"pa_manufacturer-pimoys","12":"pa_model-c3814k-11-n","13":"pa_width-1-zoll","15":"first","16":"instock","17":"shipping-taxable","18":"purchasable","19":"product-type-simple","20":"customify-col","21":"product-has-gallery"},"yoast_head":"<!-- This site is optimized with the Yoast SEO plugin v27.4 - https:\/\/yoast.com\/product\/yoast-seo-wordpress\/ -->\n<title>12-teiliges Besteckset aus Edelstahl in Regenbogenfarben, f\u00fcr Kleinkinder, Gabeln und L\u00f6ffel, kindersicheres Besteck f\u00fcr\u2026 - Markt-XXL<\/title>\n<meta name=\"description\" content=\"Markt-XXL 12-teiliges Besteckset aus Edelstahl in Regenbogenfarben, f\u00fcr Kleinkinder, Gabeln und L\u00f6ffel, kindersicheres Besteck f\u00fcr\u2026\" \/>\n<meta name=\"robots\" content=\"index, follow, max-snippet:-1, max-image-preview:large, max-video-preview:-1\" \/>\n<link rel=\"canonical\" href=\"https:\/\/marktxxl.de\/markt\/produkt\/12-teiliges-besteckset-aus-edelstahl-in-regenbogenfarben-fuer-kleinkinder-gabeln-und-loeffel-kindersicheres-besteck-fuer-kleinkinder-metall-kinderbesteck-6-x-kindersichere-gabeln-6-x-kinder-loef\/\" \/>\n<meta property=\"og:locale\" content=\"de_DE\" \/>\n<meta property=\"og:type\" content=\"article\" \/>\n<meta property=\"og:title\" content=\"12-teiliges Besteckset aus Edelstahl in Regenbogenfarben, f\u00fcr Kleinkinder, Gabeln und L\u00f6ffel, kindersicheres Besteck f\u00fcr\u2026 - Markt-XXL\" \/>\n<meta property=\"og:description\" content=\"Markt-XXL 12-teiliges Besteckset aus Edelstahl in Regenbogenfarben, f\u00fcr Kleinkinder, Gabeln und L\u00f6ffel, kindersicheres Besteck f\u00fcr\u2026\" \/>\n<meta property=\"og:url\" content=\"https:\/\/marktxxl.de\/markt\/produkt\/12-teiliges-besteckset-aus-edelstahl-in-regenbogenfarben-fuer-kleinkinder-gabeln-und-loeffel-kindersicheres-besteck-fuer-kleinkinder-metall-kinderbesteck-6-x-kindersichere-gabeln-6-x-kinder-loef\/\" \/>\n<meta property=\"og:site_name\" content=\"Markt-XXL\" \/>\n<meta property=\"article:modified_time\" content=\"2023-04-08T02:14:30+00:00\" \/>\n<meta property=\"og:image\" content=\"https:\/\/m.media-amazon.com\/images\/I\/419ZumHFCYL._SL500_.jpg\" \/>\n\t<meta property=\"og:image:width\" content=\"500\" \/>\n\t<meta property=\"og:image:height\" content=\"490\" \/>\n\t<meta property=\"og:image:type\" content=\"image\/jpeg\" \/>\n<meta name=\"twitter:card\" content=\"summary_large_image\" \/>\n<meta name=\"twitter:label1\" content=\"Gesch\u00e4tzte Lesezeit\" \/>\n\t<meta name=\"twitter:data1\" content=\"1\u00a0Minute\" \/>\n<script type=\"application\/ld+json\" class=\"yoast-schema-graph\">{\"@context\":\"https:\\\/\\\/schema.org\",\"@graph\":[{\"@type\":\"WebPage\",\"@id\":\"https:\\\/\\\/marktxxl.de\\\/markt\\\/produkt\\\/12-teiliges-besteckset-aus-edelstahl-in-regenbogenfarben-fuer-kleinkinder-gabeln-und-loeffel-kindersicheres-besteck-fuer-kleinkinder-metall-kinderbesteck-6-x-kindersichere-gabeln-6-x-kinder-loef\\\/\",\"url\":\"https:\\\/\\\/marktxxl.de\\\/markt\\\/produkt\\\/12-teiliges-besteckset-aus-edelstahl-in-regenbogenfarben-fuer-kleinkinder-gabeln-und-loeffel-kindersicheres-besteck-fuer-kleinkinder-metall-kinderbesteck-6-x-kindersichere-gabeln-6-x-kinder-loef\\\/\",\"name\":\"12-teiliges Besteckset aus Edelstahl in Regenbogenfarben, f\u00fcr Kleinkinder, Gabeln und L\u00f6ffel, kindersicheres Besteck f\u00fcr\u2026 - Markt-XXL\",\"isPartOf\":{\"@id\":\"https:\\\/\\\/marktxxl.de\\\/markt\\\/#website\"},\"primaryImageOfPage\":{\"@id\":\"https:\\\/\\\/marktxxl.de\\\/markt\\\/produkt\\\/12-teiliges-besteckset-aus-edelstahl-in-regenbogenfarben-fuer-kleinkinder-gabeln-und-loeffel-kindersicheres-besteck-fuer-kleinkinder-metall-kinderbesteck-6-x-kindersichere-gabeln-6-x-kinder-loef\\\/#primaryimage\"},\"image\":{\"@id\":\"https:\\\/\\\/marktxxl.de\\\/markt\\\/produkt\\\/12-teiliges-besteckset-aus-edelstahl-in-regenbogenfarben-fuer-kleinkinder-gabeln-und-loeffel-kindersicheres-besteck-fuer-kleinkinder-metall-kinderbesteck-6-x-kindersichere-gabeln-6-x-kinder-loef\\\/#primaryimage\"},\"thumbnailUrl\":\"https:\\\/\\\/m.media-amazon.com\\\/images\\\/I\\\/419ZumHFCYL._SL500_.jpg\",\"datePublished\":\"2022-11-10T19:53:06+00:00\",\"dateModified\":\"2023-04-08T02:14:30+00:00\",\"description\":\"Markt-XXL 12-teiliges Besteckset aus Edelstahl in Regenbogenfarben, f\u00fcr Kleinkinder, Gabeln und L\u00f6ffel, kindersicheres Besteck f\u00fcr\u2026\",\"breadcrumb\":{\"@id\":\"https:\\\/\\\/marktxxl.de\\\/markt\\\/produkt\\\/12-teiliges-besteckset-aus-edelstahl-in-regenbogenfarben-fuer-kleinkinder-gabeln-und-loeffel-kindersicheres-besteck-fuer-kleinkinder-metall-kinderbesteck-6-x-kindersichere-gabeln-6-x-kinder-loef\\\/#breadcrumb\"},\"inLanguage\":\"de\",\"potentialAction\":[{\"@type\":\"ReadAction\",\"target\":[\"https:\\\/\\\/marktxxl.de\\\/markt\\\/produkt\\\/12-teiliges-besteckset-aus-edelstahl-in-regenbogenfarben-fuer-kleinkinder-gabeln-und-loeffel-kindersicheres-besteck-fuer-kleinkinder-metall-kinderbesteck-6-x-kindersichere-gabeln-6-x-kinder-loef\\\/\"]}]},{\"@type\":\"ImageObject\",\"inLanguage\":\"de\",\"@id\":\"https:\\\/\\\/marktxxl.de\\\/markt\\\/produkt\\\/12-teiliges-besteckset-aus-edelstahl-in-regenbogenfarben-fuer-kleinkinder-gabeln-und-loeffel-kindersicheres-besteck-fuer-kleinkinder-metall-kinderbesteck-6-x-kindersichere-gabeln-6-x-kinder-loef\\\/#primaryimage\",\"url\":\"https:\\\/\\\/m.media-amazon.com\\\/images\\\/I\\\/419ZumHFCYL._SL500_.jpg\",\"contentUrl\":\"https:\\\/\\\/m.media-amazon.com\\\/images\\\/I\\\/419ZumHFCYL._SL500_.jpg\",\"width\":500,\"height\":490},{\"@type\":\"BreadcrumbList\",\"@id\":\"https:\\\/\\\/marktxxl.de\\\/markt\\\/produkt\\\/12-teiliges-besteckset-aus-edelstahl-in-regenbogenfarben-fuer-kleinkinder-gabeln-und-loeffel-kindersicheres-besteck-fuer-kleinkinder-metall-kinderbesteck-6-x-kindersichere-gabeln-6-x-kinder-loef\\\/#breadcrumb\",\"itemListElement\":[{\"@type\":\"ListItem\",\"position\":1,\"name\":\"Startseite\",\"item\":\"https:\\\/\\\/marktxxl.de\\\/markt\\\/\"},{\"@type\":\"ListItem\",\"position\":2,\"name\":\"Markt\",\"item\":\"https:\\\/\\\/marktxxl.de\\\/markt\\\/\"},{\"@type\":\"ListItem\",\"position\":3,\"name\":\"12-teiliges Besteckset aus Edelstahl in Regenbogenfarben, f\u00fcr Kleinkinder, Gabeln und L\u00f6ffel, kindersicheres Besteck f\u00fcr\u2026\"}]},{\"@type\":\"WebSite\",\"@id\":\"https:\\\/\\\/marktxxl.de\\\/markt\\\/#website\",\"url\":\"https:\\\/\\\/marktxxl.de\\\/markt\\\/\",\"name\":\"Markt-XXL\",\"description\":\"Ihr Markt Online\",\"publisher\":{\"@id\":\"https:\\\/\\\/marktxxl.de\\\/markt\\\/#organization\"},\"potentialAction\":[{\"@type\":\"SearchAction\",\"target\":{\"@type\":\"EntryPoint\",\"urlTemplate\":\"https:\\\/\\\/marktxxl.de\\\/markt\\\/?s={search_term_string}\"},\"query-input\":{\"@type\":\"PropertyValueSpecification\",\"valueRequired\":true,\"valueName\":\"search_term_string\"}}],\"inLanguage\":\"de\"},{\"@type\":\"Organization\",\"@id\":\"https:\\\/\\\/marktxxl.de\\\/markt\\\/#organization\",\"name\":\"Markt-XXL\",\"url\":\"https:\\\/\\\/marktxxl.de\\\/markt\\\/\",\"logo\":{\"@type\":\"ImageObject\",\"inLanguage\":\"de\",\"@id\":\"https:\\\/\\\/marktxxl.de\\\/markt\\\/#\\\/schema\\\/logo\\\/image\\\/\",\"url\":\"https:\\\/\\\/marktxxl.de\\\/markt\\\/wp-content\\\/uploads\\\/sites\\\/3\\\/2020\\\/12\\\/logo.png\",\"contentUrl\":\"https:\\\/\\\/marktxxl.de\\\/markt\\\/wp-content\\\/uploads\\\/sites\\\/3\\\/2020\\\/12\\\/logo.png\",\"width\":200,\"height\":70,\"caption\":\"Markt-XXL\"},\"image\":{\"@id\":\"https:\\\/\\\/marktxxl.de\\\/markt\\\/#\\\/schema\\\/logo\\\/image\\\/\"}}]}<\/script>\n<!-- \/ Yoast SEO plugin. -->","yoast_head_json":{"title":"12-teiliges Besteckset aus Edelstahl in Regenbogenfarben, f\u00fcr Kleinkinder, Gabeln und L\u00f6ffel, kindersicheres Besteck f\u00fcr\u2026 - Markt-XXL","description":"Markt-XXL 12-teiliges Besteckset aus Edelstahl in Regenbogenfarben, f\u00fcr Kleinkinder, Gabeln und L\u00f6ffel, kindersicheres Besteck f\u00fcr\u2026","robots":{"index":"index","follow":"follow","max-snippet":"max-snippet:-1","max-image-preview":"max-image-preview:large","max-video-preview":"max-video-preview:-1"},"canonical":"https:\/\/marktxxl.de\/markt\/produkt\/12-teiliges-besteckset-aus-edelstahl-in-regenbogenfarben-fuer-kleinkinder-gabeln-und-loeffel-kindersicheres-besteck-fuer-kleinkinder-metall-kinderbesteck-6-x-kindersichere-gabeln-6-x-kinder-loef\/","og_locale":"de_DE","og_type":"article","og_title":"12-teiliges Besteckset aus Edelstahl in Regenbogenfarben, f\u00fcr Kleinkinder, Gabeln und L\u00f6ffel, kindersicheres Besteck f\u00fcr\u2026 - Markt-XXL","og_description":"Markt-XXL 12-teiliges Besteckset aus Edelstahl in Regenbogenfarben, f\u00fcr Kleinkinder, Gabeln und L\u00f6ffel, kindersicheres Besteck f\u00fcr\u2026","og_url":"https:\/\/marktxxl.de\/markt\/produkt\/12-teiliges-besteckset-aus-edelstahl-in-regenbogenfarben-fuer-kleinkinder-gabeln-und-loeffel-kindersicheres-besteck-fuer-kleinkinder-metall-kinderbesteck-6-x-kindersichere-gabeln-6-x-kinder-loef\/","og_site_name":"Markt-XXL","article_modified_time":"2023-04-08T02:14:30+00:00","og_image":[{"width":500,"height":490,"url":"https:\/\/m.media-amazon.com\/images\/I\/419ZumHFCYL._SL500_.jpg","type":"image\/jpeg"}],"twitter_card":"summary_large_image","twitter_misc":{"Gesch\u00e4tzte Lesezeit":"1\u00a0Minute"},"schema":{"@context":"https:\/\/schema.org","@graph":[{"@type":"WebPage","@id":"https:\/\/marktxxl.de\/markt\/produkt\/12-teiliges-besteckset-aus-edelstahl-in-regenbogenfarben-fuer-kleinkinder-gabeln-und-loeffel-kindersicheres-besteck-fuer-kleinkinder-metall-kinderbesteck-6-x-kindersichere-gabeln-6-x-kinder-loef\/","url":"https:\/\/marktxxl.de\/markt\/produkt\/12-teiliges-besteckset-aus-edelstahl-in-regenbogenfarben-fuer-kleinkinder-gabeln-und-loeffel-kindersicheres-besteck-fuer-kleinkinder-metall-kinderbesteck-6-x-kindersichere-gabeln-6-x-kinder-loef\/","name":"12-teiliges Besteckset aus Edelstahl in Regenbogenfarben, f\u00fcr Kleinkinder, Gabeln und L\u00f6ffel, kindersicheres Besteck f\u00fcr\u2026 - Markt-XXL","isPartOf":{"@id":"https:\/\/marktxxl.de\/markt\/#website"},"primaryImageOfPage":{"@id":"https:\/\/marktxxl.de\/markt\/produkt\/12-teiliges-besteckset-aus-edelstahl-in-regenbogenfarben-fuer-kleinkinder-gabeln-und-loeffel-kindersicheres-besteck-fuer-kleinkinder-metall-kinderbesteck-6-x-kindersichere-gabeln-6-x-kinder-loef\/#primaryimage"},"image":{"@id":"https:\/\/marktxxl.de\/markt\/produkt\/12-teiliges-besteckset-aus-edelstahl-in-regenbogenfarben-fuer-kleinkinder-gabeln-und-loeffel-kindersicheres-besteck-fuer-kleinkinder-metall-kinderbesteck-6-x-kindersichere-gabeln-6-x-kinder-loef\/#primaryimage"},"thumbnailUrl":"https:\/\/m.media-amazon.com\/images\/I\/419ZumHFCYL._SL500_.jpg","datePublished":"2022-11-10T19:53:06+00:00","dateModified":"2023-04-08T02:14:30+00:00","description":"Markt-XXL 12-teiliges Besteckset aus Edelstahl in Regenbogenfarben, f\u00fcr Kleinkinder, Gabeln und L\u00f6ffel, kindersicheres Besteck f\u00fcr\u2026","breadcrumb":{"@id":"https:\/\/marktxxl.de\/markt\/produkt\/12-teiliges-besteckset-aus-edelstahl-in-regenbogenfarben-fuer-kleinkinder-gabeln-und-loeffel-kindersicheres-besteck-fuer-kleinkinder-metall-kinderbesteck-6-x-kindersichere-gabeln-6-x-kinder-loef\/#breadcrumb"},"inLanguage":"de","potentialAction":[{"@type":"ReadAction","target":["https:\/\/marktxxl.de\/markt\/produkt\/12-teiliges-besteckset-aus-edelstahl-in-regenbogenfarben-fuer-kleinkinder-gabeln-und-loeffel-kindersicheres-besteck-fuer-kleinkinder-metall-kinderbesteck-6-x-kindersichere-gabeln-6-x-kinder-loef\/"]}]},{"@type":"ImageObject","inLanguage":"de","@id":"https:\/\/marktxxl.de\/markt\/produkt\/12-teiliges-besteckset-aus-edelstahl-in-regenbogenfarben-fuer-kleinkinder-gabeln-und-loeffel-kindersicheres-besteck-fuer-kleinkinder-metall-kinderbesteck-6-x-kindersichere-gabeln-6-x-kinder-loef\/#primaryimage","url":"https:\/\/m.media-amazon.com\/images\/I\/419ZumHFCYL._SL500_.jpg","contentUrl":"https:\/\/m.media-amazon.com\/images\/I\/419ZumHFCYL._SL500_.jpg","width":500,"height":490},{"@type":"BreadcrumbList","@id":"https:\/\/marktxxl.de\/markt\/produkt\/12-teiliges-besteckset-aus-edelstahl-in-regenbogenfarben-fuer-kleinkinder-gabeln-und-loeffel-kindersicheres-besteck-fuer-kleinkinder-metall-kinderbesteck-6-x-kindersichere-gabeln-6-x-kinder-loef\/#breadcrumb","itemListElement":[{"@type":"ListItem","position":1,"name":"Startseite","item":"https:\/\/marktxxl.de\/markt\/"},{"@type":"ListItem","position":2,"name":"Markt","item":"https:\/\/marktxxl.de\/markt\/"},{"@type":"ListItem","position":3,"name":"12-teiliges Besteckset aus Edelstahl in Regenbogenfarben, f\u00fcr Kleinkinder, Gabeln und L\u00f6ffel, kindersicheres Besteck f\u00fcr\u2026"}]},{"@type":"WebSite","@id":"https:\/\/marktxxl.de\/markt\/#website","url":"https:\/\/marktxxl.de\/markt\/","name":"Markt-XXL","description":"Ihr Markt Online","publisher":{"@id":"https:\/\/marktxxl.de\/markt\/#organization"},"potentialAction":[{"@type":"SearchAction","target":{"@type":"EntryPoint","urlTemplate":"https:\/\/marktxxl.de\/markt\/?s={search_term_string}"},"query-input":{"@type":"PropertyValueSpecification","valueRequired":true,"valueName":"search_term_string"}}],"inLanguage":"de"},{"@type":"Organization","@id":"https:\/\/marktxxl.de\/markt\/#organization","name":"Markt-XXL","url":"https:\/\/marktxxl.de\/markt\/","logo":{"@type":"ImageObject","inLanguage":"de","@id":"https:\/\/marktxxl.de\/markt\/#\/schema\/logo\/image\/","url":"https:\/\/marktxxl.de\/markt\/wp-content\/uploads\/sites\/3\/2020\/12\/logo.png","contentUrl":"https:\/\/marktxxl.de\/markt\/wp-content\/uploads\/sites\/3\/2020\/12\/logo.png","width":200,"height":70,"caption":"Markt-XXL"},"image":{"@id":"https:\/\/marktxxl.de\/markt\/#\/schema\/logo\/image\/"}}]}},"_links":{"self":[{"href":"https:\/\/marktxxl.de\/markt\/wp-json\/wp\/v2\/product\/161697","targetHints":{"allow":["GET"]}}],"collection":[{"href":"https:\/\/marktxxl.de\/markt\/wp-json\/wp\/v2\/product"}],"about":[{"href":"https:\/\/marktxxl.de\/markt\/wp-json\/wp\/v2\/types\/product"}],"replies":[{"embeddable":true,"href":"https:\/\/marktxxl.de\/markt\/wp-json\/wp\/v2\/comments?post=161697"}],"wp:featuredmedia":[{"embeddable":true,"href":"https:\/\/marktxxl.de\/markt\/wp-json\/wp\/v2\/media\/161698"}],"wp:attachment":[{"href":"https:\/\/marktxxl.de\/markt\/wp-json\/wp\/v2\/media?parent=161697"}],"wp:term":[{"taxonomy":"product_brand","embeddable":true,"href":"https:\/\/marktxxl.de\/markt\/wp-json\/wp\/v2\/product_brand?post=161697"},{"taxonomy":"product_cat","embeddable":true,"href":"https:\/\/marktxxl.de\/markt\/wp-json\/wp\/v2\/product_cat?post=161697"},{"taxonomy":"product_tag","embeddable":true,"href":"https:\/\/marktxxl.de\/markt\/wp-json\/wp\/v2\/product_tag?post=161697"}],"curies":[{"name":"wp","href":"https:\/\/api.w.org\/{rel}","templated":true}]}}