{"id":161623,"date":"2022-11-10T20:49:45","date_gmt":"2022-11-10T19:49:45","guid":{"rendered":"https:\/\/marktxxl.de\/markt\/produkt\/skyfie-baby-nasensauger-elektrischer-nasensauger-3-modi-schaumreiniger-staubsauger-mit-silikon-rotzsaugerduesen-wiederaufladbar-musik-licht-nasenreiniger-kleinkinder-gruen-y01\/"},"modified":"2023-04-08T04:14:28","modified_gmt":"2023-04-08T02:14:28","slug":"skyfie-baby-nasensauger-elektrischer-nasensauger-3-modi-schaumreiniger-staubsauger-mit-silikon-rotzsaugerduesen-wiederaufladbar-musik-licht-nasenreiniger-kleinkinder-gruen-y01","status":"publish","type":"product","link":"https:\/\/marktxxl.de\/markt\/produkt\/skyfie-baby-nasensauger-elektrischer-nasensauger-3-modi-schaumreiniger-staubsauger-mit-silikon-rotzsaugerduesen-wiederaufladbar-musik-licht-nasenreiniger-kleinkinder-gruen-y01\/","title":{"rendered":"Skyfie Baby Nasensauger, Elektrischer Nasensauger 3 Modi Schaumreiniger, Staubsauger mit Silikon-Rotzsaugerd\u00fcsen\u2026"},"content":{"rendered":"<p>\ud83e\udd81\u3010Sichere und Hygienische Weiche Silikonspitzen\u3011Unser Nasensauger verf\u00fcgt \u00fcber 3 Gr\u00f6\u00dfen von weichen wiederverwendbaren Silikonspitzen, die aus hochwertigem medizinischem Silikonmaterial bestehen, das weich, geruchlos, BPA und latexfrei ist, hitzebest\u00e4ndige Babys unterschiedlichen Alters und Bedingungen. Gro\u00dfartige Form, um den gesamten Schleim, Booger und Rotz sofort aus jedem Winkel heraus zu saugen, perfekt f\u00fcr jede Nasengr\u00f6\u00dfe, ohne die empfindlichen Nebenh\u00f6hlen Ihres Babys zu sch\u00e4digen.<br \/>\n\ud83e\udd81\u3010Einfach zu Entfernen und zu Reinigen\u3011 Der Vorratstank wurde vom Lufteinlass der Maschine getrennt, um einen R\u00fcckfluss zu verhindern. Nachdem Sie den elektrischen Baby Nasensauger verwendet haben, brauchen Sie sich nur einige Minuten Zeit zu nehmen, um das Zubeh\u00f6r abzunehmen und unter flie\u00dfendem Wasser abzusp\u00fclen oder in hei\u00dfem Wasser zu waschen. Achten Sie beim Lagern des Produkts darauf, dass die Saugspitzen, der Auffangbecher und das Hauptgeh\u00e4use trocken bleiben.<br \/>\n\ud83e\udd81\u3010Bequemes Ein-Knopf-Steuerungsdesign\u3011 Das Baby kann sich nicht die Nase putzen, der Skyfie Baby Nasensauger l\u00f6st die meisten Probleme der Eltern. Das einfache Design kann alle Operationen mit einer Taste steuern. Mit unserem Nasensauger baby m\u00fcssen Sie sich keine Sorgen machen, dass versehentlich Nasenschleim \u00fcber Ihre H\u00e4nde gelangt. Es spart viel Zeit und Effizienz f\u00fcr vielbesch\u00e4ftigte M\u00fctter und V\u00e4ter. Es ist ein perfektes Geschenk zur Babyparty f\u00fcr Neugeborene.<br \/>\n\ud83e\udd81\u3010Leiser Betrieb Elektrisch Nasensauger\u3011 Dieser Nasensauger f\u00fcr das Baby verwendet hochwertige Motoren, um einen geringen Ger\u00e4uschpegel von &lt;45 dB zu gew\u00e4hrleisten, damit Ihr Baby in einer ruhigen Umgebung ein sauberes Nasenerlebnis genie\u00dfen kann. Helfen Sie Babys, besser zu atmen und gut zu schlafen, ohne Reizungen oder Alarm zu verursachen. Dies ist ein Baby-Must-Have-Artikel!<br \/>\n\ud83e\udd81\u3010Was Sie bekommen\u3011 3 verschiedene Saugd\u00fcsen, 2 Nasend\u00fcsen, 1 Ohrd\u00fcsen, 1 Pinzette, 10 Pinzettenspitze, eine Aufbewahrungsbox. Das tragbare Paket ist ein guter Helfer, um jederzeit und \u00fcberall Schleim zu reinigen.<br \/>\n<div class=\"main-cross-sell\" data-asin=\"&quot;B0B971QTVD&quot;\">\n\n\t<div class=\"WooZone-cross-sell-loader\">\n\t\t<div>\n\t\t\t<div id=\"floatingBarsG\">\n\t\t\t\t<div class=\"blockG\" id=\"rotateG_01\"><\/div>\n\t\t\t\t<div class=\"blockG\" id=\"rotateG_02\"><\/div>\n\t\t\t\t<div class=\"blockG\" id=\"rotateG_03\"><\/div>\n\t\t\t\t<div class=\"blockG\" id=\"rotateG_04\"><\/div>\n\t\t\t\t<div class=\"blockG\" id=\"rotateG_05\"><\/div>\n\t\t\t\t<div class=\"blockG\" id=\"rotateG_06\"><\/div>\n\t\t\t\t<div class=\"blockG\" id=\"rotateG_07\"><\/div>\n\t\t\t\t<div class=\"blockG\" id=\"rotateG_08\"><\/div>\n\t\t\t<\/div>\n\t\t\t<div class=\"WooZone-cross-sell-loader-text\"><\/div>\n\t\t<\/div>\n\t<\/div>\n\n\t\t\n<\/div>\n<div style=\"clear:both;\"><\/div><\/p>\n","protected":false},"excerpt":{"rendered":"<p>\ud83e\udd81\u3010Sichere und Hygienische Weiche Silikonspitzen\u3011Unser Nasensauger verf\u00fcgt \u00fcber 3 Gr\u00f6\u00dfen von weichen wiederverwendbaren Silikonspitzen, die aus hochwertigem medizinischem Silikonmaterial bestehen, das weich, geruchlos, BPA und latexfrei ist, hitzebest\u00e4ndige Babys unterschiedlichen Alters und Bedingungen. Gro\u00dfartige Form, um den gesamten Schleim, Booger und Rotz sofort aus jedem Winkel heraus zu saugen, perfekt f\u00fcr jede Nasengr\u00f6\u00dfe, ohne die empfindlichen Nebenh\u00f6hlen Ihres Babys zu sch\u00e4digen.<br \/>\n\ud83e\udd81\u3010Einfach zu Entfernen und zu Reinigen\u3011 Der Vorratstank wurde vom Lufteinlass der Maschine getrennt, um einen R\u00fcckfluss zu verhindern. Nachdem Sie den elektrischen Baby Nasensauger verwendet haben, brauchen Sie sich nur einige Minuten Zeit zu nehmen, um das Zubeh\u00f6r abzunehmen und unter flie\u00dfendem Wasser abzusp\u00fclen oder in hei\u00dfem Wasser zu waschen. Achten Sie beim Lagern des Produkts darauf, dass die Saugspitzen, der Auffangbecher und das Hauptgeh\u00e4use trocken bleiben.<br \/>\n\ud83e\udd81\u3010Bequemes Ein-Knopf-Steuerungsdesign\u3011 Das Baby kann sich nicht die Nase putzen, der Skyfie Baby Nasensauger l\u00f6st die meisten Probleme der Eltern. Das einfache Design kann alle Operationen mit einer Taste steuern. Mit unserem Nasensauger baby m\u00fcssen Sie sich keine Sorgen machen, dass versehentlich Nasenschleim \u00fcber Ihre H\u00e4nde gelangt. Es spart viel Zeit und Effizienz f\u00fcr vielbesch\u00e4ftigte M\u00fctter und V\u00e4ter. Es ist ein perfektes Geschenk zur Babyparty f\u00fcr Neugeborene.<\/p>\n","protected":false},"featured_media":161624,"comment_status":"open","ping_status":"closed","template":"","meta":[],"product_brand":[],"product_cat":[21,9009],"product_tag":[],"class_list":{"0":"post-161623","1":"product","2":"type-product","3":"status-publish","4":"has-post-thumbnail","6":"product_cat-baby","7":"product_cat-babypflege-baby","8":"pa_brand-skyfie","9":"pa_color-gruen-y01","10":"pa_manufacturer-skyfie","11":"pa_size-elektrischer-nasensauger-001","13":"first","14":"instock","15":"shipping-taxable","16":"purchasable","17":"product-type-simple","18":"customify-col","19":"product-has-gallery"},"yoast_head":"<!-- This site is optimized with the Yoast SEO plugin v27.4 - https:\/\/yoast.com\/product\/yoast-seo-wordpress\/ -->\n<title>Skyfie Baby Nasensauger, Elektrischer Nasensauger 3 Modi Schaumreiniger, Staubsauger mit Silikon-Rotzsaugerd\u00fcsen\u2026 - Markt-XXL<\/title>\n<meta name=\"description\" content=\"Markt-XXL Skyfie Baby Nasensauger, Elektrischer Nasensauger 3 Modi Schaumreiniger, Staubsauger mit Silikon-Rotzsaugerd\u00fcsen\u2026\" \/>\n<meta name=\"robots\" content=\"index, follow, max-snippet:-1, max-image-preview:large, max-video-preview:-1\" \/>\n<link rel=\"canonical\" href=\"https:\/\/marktxxl.de\/markt\/produkt\/skyfie-baby-nasensauger-elektrischer-nasensauger-3-modi-schaumreiniger-staubsauger-mit-silikon-rotzsaugerduesen-wiederaufladbar-musik-licht-nasenreiniger-kleinkinder-gruen-y01\/\" \/>\n<meta property=\"og:locale\" content=\"de_DE\" \/>\n<meta property=\"og:type\" content=\"article\" \/>\n<meta property=\"og:title\" content=\"Skyfie Baby Nasensauger, Elektrischer Nasensauger 3 Modi Schaumreiniger, Staubsauger mit Silikon-Rotzsaugerd\u00fcsen\u2026 - Markt-XXL\" \/>\n<meta property=\"og:description\" content=\"Markt-XXL Skyfie Baby Nasensauger, Elektrischer Nasensauger 3 Modi Schaumreiniger, Staubsauger mit Silikon-Rotzsaugerd\u00fcsen\u2026\" \/>\n<meta property=\"og:url\" content=\"https:\/\/marktxxl.de\/markt\/produkt\/skyfie-baby-nasensauger-elektrischer-nasensauger-3-modi-schaumreiniger-staubsauger-mit-silikon-rotzsaugerduesen-wiederaufladbar-musik-licht-nasenreiniger-kleinkinder-gruen-y01\/\" \/>\n<meta property=\"og:site_name\" content=\"Markt-XXL\" \/>\n<meta property=\"article:modified_time\" content=\"2023-04-08T02:14:28+00:00\" \/>\n<meta property=\"og:image\" content=\"https:\/\/m.media-amazon.com\/images\/I\/41AfFD7Z3FL._SL500_.jpg\" \/>\n\t<meta property=\"og:image:width\" content=\"500\" \/>\n\t<meta property=\"og:image:height\" content=\"500\" \/>\n\t<meta property=\"og:image:type\" content=\"image\/jpeg\" \/>\n<meta name=\"twitter:card\" content=\"summary_large_image\" \/>\n<meta name=\"twitter:label1\" content=\"Gesch\u00e4tzte Lesezeit\" \/>\n\t<meta name=\"twitter:data1\" content=\"2\u00a0Minuten\" \/>\n<script type=\"application\/ld+json\" class=\"yoast-schema-graph\">{\"@context\":\"https:\\\/\\\/schema.org\",\"@graph\":[{\"@type\":\"WebPage\",\"@id\":\"https:\\\/\\\/marktxxl.de\\\/markt\\\/produkt\\\/skyfie-baby-nasensauger-elektrischer-nasensauger-3-modi-schaumreiniger-staubsauger-mit-silikon-rotzsaugerduesen-wiederaufladbar-musik-licht-nasenreiniger-kleinkinder-gruen-y01\\\/\",\"url\":\"https:\\\/\\\/marktxxl.de\\\/markt\\\/produkt\\\/skyfie-baby-nasensauger-elektrischer-nasensauger-3-modi-schaumreiniger-staubsauger-mit-silikon-rotzsaugerduesen-wiederaufladbar-musik-licht-nasenreiniger-kleinkinder-gruen-y01\\\/\",\"name\":\"Skyfie Baby Nasensauger, Elektrischer Nasensauger 3 Modi Schaumreiniger, Staubsauger mit Silikon-Rotzsaugerd\u00fcsen\u2026 - Markt-XXL\",\"isPartOf\":{\"@id\":\"https:\\\/\\\/marktxxl.de\\\/markt\\\/#website\"},\"primaryImageOfPage\":{\"@id\":\"https:\\\/\\\/marktxxl.de\\\/markt\\\/produkt\\\/skyfie-baby-nasensauger-elektrischer-nasensauger-3-modi-schaumreiniger-staubsauger-mit-silikon-rotzsaugerduesen-wiederaufladbar-musik-licht-nasenreiniger-kleinkinder-gruen-y01\\\/#primaryimage\"},\"image\":{\"@id\":\"https:\\\/\\\/marktxxl.de\\\/markt\\\/produkt\\\/skyfie-baby-nasensauger-elektrischer-nasensauger-3-modi-schaumreiniger-staubsauger-mit-silikon-rotzsaugerduesen-wiederaufladbar-musik-licht-nasenreiniger-kleinkinder-gruen-y01\\\/#primaryimage\"},\"thumbnailUrl\":\"https:\\\/\\\/m.media-amazon.com\\\/images\\\/I\\\/41AfFD7Z3FL._SL500_.jpg\",\"datePublished\":\"2022-11-10T19:49:45+00:00\",\"dateModified\":\"2023-04-08T02:14:28+00:00\",\"description\":\"Markt-XXL Skyfie Baby Nasensauger, Elektrischer Nasensauger 3 Modi Schaumreiniger, Staubsauger mit Silikon-Rotzsaugerd\u00fcsen\u2026\",\"breadcrumb\":{\"@id\":\"https:\\\/\\\/marktxxl.de\\\/markt\\\/produkt\\\/skyfie-baby-nasensauger-elektrischer-nasensauger-3-modi-schaumreiniger-staubsauger-mit-silikon-rotzsaugerduesen-wiederaufladbar-musik-licht-nasenreiniger-kleinkinder-gruen-y01\\\/#breadcrumb\"},\"inLanguage\":\"de\",\"potentialAction\":[{\"@type\":\"ReadAction\",\"target\":[\"https:\\\/\\\/marktxxl.de\\\/markt\\\/produkt\\\/skyfie-baby-nasensauger-elektrischer-nasensauger-3-modi-schaumreiniger-staubsauger-mit-silikon-rotzsaugerduesen-wiederaufladbar-musik-licht-nasenreiniger-kleinkinder-gruen-y01\\\/\"]}]},{\"@type\":\"ImageObject\",\"inLanguage\":\"de\",\"@id\":\"https:\\\/\\\/marktxxl.de\\\/markt\\\/produkt\\\/skyfie-baby-nasensauger-elektrischer-nasensauger-3-modi-schaumreiniger-staubsauger-mit-silikon-rotzsaugerduesen-wiederaufladbar-musik-licht-nasenreiniger-kleinkinder-gruen-y01\\\/#primaryimage\",\"url\":\"https:\\\/\\\/m.media-amazon.com\\\/images\\\/I\\\/41AfFD7Z3FL._SL500_.jpg\",\"contentUrl\":\"https:\\\/\\\/m.media-amazon.com\\\/images\\\/I\\\/41AfFD7Z3FL._SL500_.jpg\",\"width\":500,\"height\":500},{\"@type\":\"BreadcrumbList\",\"@id\":\"https:\\\/\\\/marktxxl.de\\\/markt\\\/produkt\\\/skyfie-baby-nasensauger-elektrischer-nasensauger-3-modi-schaumreiniger-staubsauger-mit-silikon-rotzsaugerduesen-wiederaufladbar-musik-licht-nasenreiniger-kleinkinder-gruen-y01\\\/#breadcrumb\",\"itemListElement\":[{\"@type\":\"ListItem\",\"position\":1,\"name\":\"Startseite\",\"item\":\"https:\\\/\\\/marktxxl.de\\\/markt\\\/\"},{\"@type\":\"ListItem\",\"position\":2,\"name\":\"Markt\",\"item\":\"https:\\\/\\\/marktxxl.de\\\/markt\\\/\"},{\"@type\":\"ListItem\",\"position\":3,\"name\":\"Skyfie Baby Nasensauger, Elektrischer Nasensauger 3 Modi Schaumreiniger, Staubsauger mit Silikon-Rotzsaugerd\u00fcsen\u2026\"}]},{\"@type\":\"WebSite\",\"@id\":\"https:\\\/\\\/marktxxl.de\\\/markt\\\/#website\",\"url\":\"https:\\\/\\\/marktxxl.de\\\/markt\\\/\",\"name\":\"Markt-XXL\",\"description\":\"Ihr Markt Online\",\"publisher\":{\"@id\":\"https:\\\/\\\/marktxxl.de\\\/markt\\\/#organization\"},\"potentialAction\":[{\"@type\":\"SearchAction\",\"target\":{\"@type\":\"EntryPoint\",\"urlTemplate\":\"https:\\\/\\\/marktxxl.de\\\/markt\\\/?s={search_term_string}\"},\"query-input\":{\"@type\":\"PropertyValueSpecification\",\"valueRequired\":true,\"valueName\":\"search_term_string\"}}],\"inLanguage\":\"de\"},{\"@type\":\"Organization\",\"@id\":\"https:\\\/\\\/marktxxl.de\\\/markt\\\/#organization\",\"name\":\"Markt-XXL\",\"url\":\"https:\\\/\\\/marktxxl.de\\\/markt\\\/\",\"logo\":{\"@type\":\"ImageObject\",\"inLanguage\":\"de\",\"@id\":\"https:\\\/\\\/marktxxl.de\\\/markt\\\/#\\\/schema\\\/logo\\\/image\\\/\",\"url\":\"https:\\\/\\\/marktxxl.de\\\/markt\\\/wp-content\\\/uploads\\\/sites\\\/3\\\/2020\\\/12\\\/logo.png\",\"contentUrl\":\"https:\\\/\\\/marktxxl.de\\\/markt\\\/wp-content\\\/uploads\\\/sites\\\/3\\\/2020\\\/12\\\/logo.png\",\"width\":200,\"height\":70,\"caption\":\"Markt-XXL\"},\"image\":{\"@id\":\"https:\\\/\\\/marktxxl.de\\\/markt\\\/#\\\/schema\\\/logo\\\/image\\\/\"}}]}<\/script>\n<!-- \/ Yoast SEO plugin. -->","yoast_head_json":{"title":"Skyfie Baby Nasensauger, Elektrischer Nasensauger 3 Modi Schaumreiniger, Staubsauger mit Silikon-Rotzsaugerd\u00fcsen\u2026 - Markt-XXL","description":"Markt-XXL Skyfie Baby Nasensauger, Elektrischer Nasensauger 3 Modi Schaumreiniger, Staubsauger mit Silikon-Rotzsaugerd\u00fcsen\u2026","robots":{"index":"index","follow":"follow","max-snippet":"max-snippet:-1","max-image-preview":"max-image-preview:large","max-video-preview":"max-video-preview:-1"},"canonical":"https:\/\/marktxxl.de\/markt\/produkt\/skyfie-baby-nasensauger-elektrischer-nasensauger-3-modi-schaumreiniger-staubsauger-mit-silikon-rotzsaugerduesen-wiederaufladbar-musik-licht-nasenreiniger-kleinkinder-gruen-y01\/","og_locale":"de_DE","og_type":"article","og_title":"Skyfie Baby Nasensauger, Elektrischer Nasensauger 3 Modi Schaumreiniger, Staubsauger mit Silikon-Rotzsaugerd\u00fcsen\u2026 - Markt-XXL","og_description":"Markt-XXL Skyfie Baby Nasensauger, Elektrischer Nasensauger 3 Modi Schaumreiniger, Staubsauger mit Silikon-Rotzsaugerd\u00fcsen\u2026","og_url":"https:\/\/marktxxl.de\/markt\/produkt\/skyfie-baby-nasensauger-elektrischer-nasensauger-3-modi-schaumreiniger-staubsauger-mit-silikon-rotzsaugerduesen-wiederaufladbar-musik-licht-nasenreiniger-kleinkinder-gruen-y01\/","og_site_name":"Markt-XXL","article_modified_time":"2023-04-08T02:14:28+00:00","og_image":[{"width":500,"height":500,"url":"https:\/\/m.media-amazon.com\/images\/I\/41AfFD7Z3FL._SL500_.jpg","type":"image\/jpeg"}],"twitter_card":"summary_large_image","twitter_misc":{"Gesch\u00e4tzte Lesezeit":"2\u00a0Minuten"},"schema":{"@context":"https:\/\/schema.org","@graph":[{"@type":"WebPage","@id":"https:\/\/marktxxl.de\/markt\/produkt\/skyfie-baby-nasensauger-elektrischer-nasensauger-3-modi-schaumreiniger-staubsauger-mit-silikon-rotzsaugerduesen-wiederaufladbar-musik-licht-nasenreiniger-kleinkinder-gruen-y01\/","url":"https:\/\/marktxxl.de\/markt\/produkt\/skyfie-baby-nasensauger-elektrischer-nasensauger-3-modi-schaumreiniger-staubsauger-mit-silikon-rotzsaugerduesen-wiederaufladbar-musik-licht-nasenreiniger-kleinkinder-gruen-y01\/","name":"Skyfie Baby Nasensauger, Elektrischer Nasensauger 3 Modi Schaumreiniger, Staubsauger mit Silikon-Rotzsaugerd\u00fcsen\u2026 - Markt-XXL","isPartOf":{"@id":"https:\/\/marktxxl.de\/markt\/#website"},"primaryImageOfPage":{"@id":"https:\/\/marktxxl.de\/markt\/produkt\/skyfie-baby-nasensauger-elektrischer-nasensauger-3-modi-schaumreiniger-staubsauger-mit-silikon-rotzsaugerduesen-wiederaufladbar-musik-licht-nasenreiniger-kleinkinder-gruen-y01\/#primaryimage"},"image":{"@id":"https:\/\/marktxxl.de\/markt\/produkt\/skyfie-baby-nasensauger-elektrischer-nasensauger-3-modi-schaumreiniger-staubsauger-mit-silikon-rotzsaugerduesen-wiederaufladbar-musik-licht-nasenreiniger-kleinkinder-gruen-y01\/#primaryimage"},"thumbnailUrl":"https:\/\/m.media-amazon.com\/images\/I\/41AfFD7Z3FL._SL500_.jpg","datePublished":"2022-11-10T19:49:45+00:00","dateModified":"2023-04-08T02:14:28+00:00","description":"Markt-XXL Skyfie Baby Nasensauger, Elektrischer Nasensauger 3 Modi Schaumreiniger, Staubsauger mit Silikon-Rotzsaugerd\u00fcsen\u2026","breadcrumb":{"@id":"https:\/\/marktxxl.de\/markt\/produkt\/skyfie-baby-nasensauger-elektrischer-nasensauger-3-modi-schaumreiniger-staubsauger-mit-silikon-rotzsaugerduesen-wiederaufladbar-musik-licht-nasenreiniger-kleinkinder-gruen-y01\/#breadcrumb"},"inLanguage":"de","potentialAction":[{"@type":"ReadAction","target":["https:\/\/marktxxl.de\/markt\/produkt\/skyfie-baby-nasensauger-elektrischer-nasensauger-3-modi-schaumreiniger-staubsauger-mit-silikon-rotzsaugerduesen-wiederaufladbar-musik-licht-nasenreiniger-kleinkinder-gruen-y01\/"]}]},{"@type":"ImageObject","inLanguage":"de","@id":"https:\/\/marktxxl.de\/markt\/produkt\/skyfie-baby-nasensauger-elektrischer-nasensauger-3-modi-schaumreiniger-staubsauger-mit-silikon-rotzsaugerduesen-wiederaufladbar-musik-licht-nasenreiniger-kleinkinder-gruen-y01\/#primaryimage","url":"https:\/\/m.media-amazon.com\/images\/I\/41AfFD7Z3FL._SL500_.jpg","contentUrl":"https:\/\/m.media-amazon.com\/images\/I\/41AfFD7Z3FL._SL500_.jpg","width":500,"height":500},{"@type":"BreadcrumbList","@id":"https:\/\/marktxxl.de\/markt\/produkt\/skyfie-baby-nasensauger-elektrischer-nasensauger-3-modi-schaumreiniger-staubsauger-mit-silikon-rotzsaugerduesen-wiederaufladbar-musik-licht-nasenreiniger-kleinkinder-gruen-y01\/#breadcrumb","itemListElement":[{"@type":"ListItem","position":1,"name":"Startseite","item":"https:\/\/marktxxl.de\/markt\/"},{"@type":"ListItem","position":2,"name":"Markt","item":"https:\/\/marktxxl.de\/markt\/"},{"@type":"ListItem","position":3,"name":"Skyfie Baby Nasensauger, Elektrischer Nasensauger 3 Modi Schaumreiniger, Staubsauger mit Silikon-Rotzsaugerd\u00fcsen\u2026"}]},{"@type":"WebSite","@id":"https:\/\/marktxxl.de\/markt\/#website","url":"https:\/\/marktxxl.de\/markt\/","name":"Markt-XXL","description":"Ihr Markt Online","publisher":{"@id":"https:\/\/marktxxl.de\/markt\/#organization"},"potentialAction":[{"@type":"SearchAction","target":{"@type":"EntryPoint","urlTemplate":"https:\/\/marktxxl.de\/markt\/?s={search_term_string}"},"query-input":{"@type":"PropertyValueSpecification","valueRequired":true,"valueName":"search_term_string"}}],"inLanguage":"de"},{"@type":"Organization","@id":"https:\/\/marktxxl.de\/markt\/#organization","name":"Markt-XXL","url":"https:\/\/marktxxl.de\/markt\/","logo":{"@type":"ImageObject","inLanguage":"de","@id":"https:\/\/marktxxl.de\/markt\/#\/schema\/logo\/image\/","url":"https:\/\/marktxxl.de\/markt\/wp-content\/uploads\/sites\/3\/2020\/12\/logo.png","contentUrl":"https:\/\/marktxxl.de\/markt\/wp-content\/uploads\/sites\/3\/2020\/12\/logo.png","width":200,"height":70,"caption":"Markt-XXL"},"image":{"@id":"https:\/\/marktxxl.de\/markt\/#\/schema\/logo\/image\/"}}]}},"_links":{"self":[{"href":"https:\/\/marktxxl.de\/markt\/wp-json\/wp\/v2\/product\/161623","targetHints":{"allow":["GET"]}}],"collection":[{"href":"https:\/\/marktxxl.de\/markt\/wp-json\/wp\/v2\/product"}],"about":[{"href":"https:\/\/marktxxl.de\/markt\/wp-json\/wp\/v2\/types\/product"}],"replies":[{"embeddable":true,"href":"https:\/\/marktxxl.de\/markt\/wp-json\/wp\/v2\/comments?post=161623"}],"wp:featuredmedia":[{"embeddable":true,"href":"https:\/\/marktxxl.de\/markt\/wp-json\/wp\/v2\/media\/161624"}],"wp:attachment":[{"href":"https:\/\/marktxxl.de\/markt\/wp-json\/wp\/v2\/media?parent=161623"}],"wp:term":[{"taxonomy":"product_brand","embeddable":true,"href":"https:\/\/marktxxl.de\/markt\/wp-json\/wp\/v2\/product_brand?post=161623"},{"taxonomy":"product_cat","embeddable":true,"href":"https:\/\/marktxxl.de\/markt\/wp-json\/wp\/v2\/product_cat?post=161623"},{"taxonomy":"product_tag","embeddable":true,"href":"https:\/\/marktxxl.de\/markt\/wp-json\/wp\/v2\/product_tag?post=161623"}],"curies":[{"name":"wp","href":"https:\/\/api.w.org\/{rel}","templated":true}]}}