{"id":161569,"date":"2022-11-10T20:47:40","date_gmt":"2022-11-10T19:47:40","guid":{"rendered":"https:\/\/marktxxl.de\/markt\/produkt\/aipinqi-3-stueck-haengende-rasselspielzeuge-cartoon-weiss-schwarz-gefuellter-kinderwagen-plueschspielzeug-fuer-neugeborene-0-18-monate-babybett-marienkaefer-biene-und-eule\/"},"modified":"2023-04-08T04:14:28","modified_gmt":"2023-04-08T02:14:28","slug":"aipinqi-3-stueck-haengende-rasselspielzeuge-cartoon-weiss-schwarz-gefuellter-kinderwagen-plueschspielzeug-fuer-neugeborene-0-18-monate-babybett-marienkaefer-biene-und-eule","status":"publish","type":"product","link":"https:\/\/marktxxl.de\/markt\/produkt\/aipinqi-3-stueck-haengende-rasselspielzeuge-cartoon-weiss-schwarz-gefuellter-kinderwagen-plueschspielzeug-fuer-neugeborene-0-18-monate-babybett-marienkaefer-biene-und-eule\/","title":{"rendered":"AIPINQI 3 St\u00fcck h\u00e4ngende Rasselspielzeuge, Cartoon, wei\u00df, schwarz, gef\u00fcllter Kinderwagen, Pl\u00fcschspielzeug f\u00fcr\u2026"},"content":{"rendered":"<p>Entwickeln Sie die visuellen F\u00e4higkeiten Ihres Babys. Die schwarz-wei\u00dfe Farbe des Kinderwagen-Spielzeuge ist die beste Wahl f\u00fcr die Entwicklung der Sehf\u00e4higkeit des Babys. Unsere Rasselspielzeuge f\u00fcr Babys haben 3 verschiedene Cartoon-Designs, die die Farbwahrnehmung des Babys f\u00f6rdern k\u00f6nnen<br \/>\nVerbessern Sie das H\u00f6ren und die F\u00e4higkeit zu greifen, unsere weichen Rassel Pl\u00fcschtiere mit Windspiel k\u00f6nnen das H\u00f6rgef\u00fchl verbessern und die Absicht des Babys stimulieren, das h\u00e4ngende Pl\u00fcschspielzeug ist auch mit Klangpapier und BB-Quietschfunktionen entworfen, es ist ein gutes Babyspielzeug f\u00fcr die Mutter, um mit dem Baby zu interagieren<br \/>\nEinfach \u00fcberall aufzuh\u00e4ngen: Das H\u00e4ngespielzeug f\u00fcr Neugeborene hat ein C-Haken-Design, das einfach \u00fcberall aufgeh\u00e4ngt werden kann, egal ob es sich um einen Kinderwagen, Autositze, ein Kinderbett oder ein Kinderbett handelt, wie eine Gymnastikmatte, Spielmatten, Spielstudio, Boden-Sets usw<br \/>\nSicheres Material zu verwenden: Das Rasselspielzeug f\u00fcr Kleinkinder besteht aus superweichem Pl\u00fcschmaterial, das sicher und bequem ist, alle Rohstoffe haben sichere Testberichte, ungiftig f\u00fcr Babys<br \/>\nPerfekte Geschenkwahl, das Pl\u00fcsch-Spielzeug zum Aufh\u00e4ngen ist ein perfektes Geschenk f\u00fcr Ihr Baby als Geburtstagsgeschenk, Weihnachtsgeschenk, Neugeborenen-Geschenk, Erntedankgeschenk, Neujahrsgeschenk. Geeignet f\u00fcr 0\u20133 Monate alte Babys, 3\u20136 Monate alte Babys, 6\u201312 Monate alte Babys, Kleinkinder-Spielzeug f\u00fcr 1\u20133 Jahre<br \/>\n<div class=\"main-cross-sell\" data-asin=\"B0962ZV996\">\n\n\t<div class=\"WooZone-cross-sell-loader\">\n\t\t<div>\n\t\t\t<div id=\"floatingBarsG\">\n\t\t\t\t<div class=\"blockG\" id=\"rotateG_01\"><\/div>\n\t\t\t\t<div class=\"blockG\" id=\"rotateG_02\"><\/div>\n\t\t\t\t<div class=\"blockG\" id=\"rotateG_03\"><\/div>\n\t\t\t\t<div class=\"blockG\" id=\"rotateG_04\"><\/div>\n\t\t\t\t<div class=\"blockG\" id=\"rotateG_05\"><\/div>\n\t\t\t\t<div class=\"blockG\" id=\"rotateG_06\"><\/div>\n\t\t\t\t<div class=\"blockG\" id=\"rotateG_07\"><\/div>\n\t\t\t\t<div class=\"blockG\" id=\"rotateG_08\"><\/div>\n\t\t\t<\/div>\n\t\t\t<div class=\"WooZone-cross-sell-loader-text\"><\/div>\n\t\t<\/div>\n\t<\/div>\n\n\t\t\n<\/div>\n<div style=\"clear:both;\"><\/div><\/p>\n","protected":false},"excerpt":{"rendered":"<p>Entwickeln Sie die visuellen F\u00e4higkeiten Ihres Babys. Die schwarz-wei\u00dfe Farbe des Kinderwagen-Spielzeuge ist die beste Wahl f\u00fcr die Entwicklung der Sehf\u00e4higkeit des Babys. Unsere Rasselspielzeuge f\u00fcr Babys haben 3 verschiedene Cartoon-Designs, die die Farbwahrnehmung des Babys f\u00f6rdern k\u00f6nnen<br \/>\nVerbessern Sie das H\u00f6ren und die F\u00e4higkeit zu greifen, unsere weichen Rassel Pl\u00fcschtiere mit Windspiel k\u00f6nnen das H\u00f6rgef\u00fchl verbessern und die Absicht des Babys stimulieren, das h\u00e4ngende Pl\u00fcschspielzeug ist auch mit Klangpapier und BB-Quietschfunktionen entworfen, es ist ein gutes Babyspielzeug f\u00fcr die Mutter, um mit dem Baby zu interagieren<br \/>\nEinfach \u00fcberall aufzuh\u00e4ngen: Das H\u00e4ngespielzeug f\u00fcr Neugeborene hat ein C-Haken-Design, das einfach \u00fcberall aufgeh\u00e4ngt werden kann, egal ob es sich um einen Kinderwagen, Autositze, ein Kinderbett oder ein Kinderbett handelt, wie eine Gymnastikmatte, Spielmatten, Spielstudio, Boden-Sets usw<\/p>\n","protected":false},"featured_media":161570,"comment_status":"open","ping_status":"closed","template":"","meta":[],"product_brand":[],"product_cat":[21,9143],"product_tag":[],"class_list":{"0":"post-161569","1":"product","2":"type-product","3":"status-publish","4":"has-post-thumbnail","6":"product_cat-baby","7":"product_cat-entdecken-bewegen-baby","8":"pa_binding-unbekannter-einband","9":"pa_brand-aipinqi","10":"pa_color-black-1","11":"pa_manufacturer-aipinqi","12":"pa_model-apqfl910","14":"first","15":"instock","16":"shipping-taxable","17":"purchasable","18":"product-type-simple","19":"customify-col","20":"product-has-gallery"},"yoast_head":"<!-- This site is optimized with the Yoast SEO plugin v27.4 - https:\/\/yoast.com\/product\/yoast-seo-wordpress\/ -->\n<title>AIPINQI 3 St\u00fcck h\u00e4ngende Rasselspielzeuge, Cartoon, wei\u00df, schwarz, gef\u00fcllter Kinderwagen, Pl\u00fcschspielzeug f\u00fcr\u2026 - Markt-XXL<\/title>\n<meta name=\"description\" content=\"Markt-XXL AIPINQI 3 St\u00fcck h\u00e4ngende Rasselspielzeuge, Cartoon, wei\u00df, schwarz, gef\u00fcllter Kinderwagen, Pl\u00fcschspielzeug f\u00fcr\u2026\" \/>\n<meta name=\"robots\" content=\"index, follow, max-snippet:-1, max-image-preview:large, max-video-preview:-1\" \/>\n<link rel=\"canonical\" href=\"https:\/\/marktxxl.de\/markt\/produkt\/aipinqi-3-stueck-haengende-rasselspielzeuge-cartoon-weiss-schwarz-gefuellter-kinderwagen-plueschspielzeug-fuer-neugeborene-0-18-monate-babybett-marienkaefer-biene-und-eule\/\" \/>\n<meta property=\"og:locale\" content=\"de_DE\" \/>\n<meta property=\"og:type\" content=\"article\" \/>\n<meta property=\"og:title\" content=\"AIPINQI 3 St\u00fcck h\u00e4ngende Rasselspielzeuge, Cartoon, wei\u00df, schwarz, gef\u00fcllter Kinderwagen, Pl\u00fcschspielzeug f\u00fcr\u2026 - Markt-XXL\" \/>\n<meta property=\"og:description\" content=\"Markt-XXL AIPINQI 3 St\u00fcck h\u00e4ngende Rasselspielzeuge, Cartoon, wei\u00df, schwarz, gef\u00fcllter Kinderwagen, Pl\u00fcschspielzeug f\u00fcr\u2026\" \/>\n<meta property=\"og:url\" content=\"https:\/\/marktxxl.de\/markt\/produkt\/aipinqi-3-stueck-haengende-rasselspielzeuge-cartoon-weiss-schwarz-gefuellter-kinderwagen-plueschspielzeug-fuer-neugeborene-0-18-monate-babybett-marienkaefer-biene-und-eule\/\" \/>\n<meta property=\"og:site_name\" content=\"Markt-XXL\" \/>\n<meta property=\"article:modified_time\" content=\"2023-04-08T02:14:28+00:00\" \/>\n<meta property=\"og:image\" content=\"https:\/\/m.media-amazon.com\/images\/I\/41hzS5xm4RL._SL500_.jpg\" \/>\n\t<meta property=\"og:image:width\" content=\"500\" \/>\n\t<meta property=\"og:image:height\" content=\"500\" \/>\n\t<meta property=\"og:image:type\" content=\"image\/jpeg\" \/>\n<meta name=\"twitter:card\" content=\"summary_large_image\" \/>\n<meta name=\"twitter:label1\" content=\"Gesch\u00e4tzte Lesezeit\" \/>\n\t<meta name=\"twitter:data1\" content=\"1\u00a0Minute\" \/>\n<script type=\"application\/ld+json\" class=\"yoast-schema-graph\">{\"@context\":\"https:\\\/\\\/schema.org\",\"@graph\":[{\"@type\":\"WebPage\",\"@id\":\"https:\\\/\\\/marktxxl.de\\\/markt\\\/produkt\\\/aipinqi-3-stueck-haengende-rasselspielzeuge-cartoon-weiss-schwarz-gefuellter-kinderwagen-plueschspielzeug-fuer-neugeborene-0-18-monate-babybett-marienkaefer-biene-und-eule\\\/\",\"url\":\"https:\\\/\\\/marktxxl.de\\\/markt\\\/produkt\\\/aipinqi-3-stueck-haengende-rasselspielzeuge-cartoon-weiss-schwarz-gefuellter-kinderwagen-plueschspielzeug-fuer-neugeborene-0-18-monate-babybett-marienkaefer-biene-und-eule\\\/\",\"name\":\"AIPINQI 3 St\u00fcck h\u00e4ngende Rasselspielzeuge, Cartoon, wei\u00df, schwarz, gef\u00fcllter Kinderwagen, Pl\u00fcschspielzeug f\u00fcr\u2026 - Markt-XXL\",\"isPartOf\":{\"@id\":\"https:\\\/\\\/marktxxl.de\\\/markt\\\/#website\"},\"primaryImageOfPage\":{\"@id\":\"https:\\\/\\\/marktxxl.de\\\/markt\\\/produkt\\\/aipinqi-3-stueck-haengende-rasselspielzeuge-cartoon-weiss-schwarz-gefuellter-kinderwagen-plueschspielzeug-fuer-neugeborene-0-18-monate-babybett-marienkaefer-biene-und-eule\\\/#primaryimage\"},\"image\":{\"@id\":\"https:\\\/\\\/marktxxl.de\\\/markt\\\/produkt\\\/aipinqi-3-stueck-haengende-rasselspielzeuge-cartoon-weiss-schwarz-gefuellter-kinderwagen-plueschspielzeug-fuer-neugeborene-0-18-monate-babybett-marienkaefer-biene-und-eule\\\/#primaryimage\"},\"thumbnailUrl\":\"https:\\\/\\\/m.media-amazon.com\\\/images\\\/I\\\/41hzS5xm4RL._SL500_.jpg\",\"datePublished\":\"2022-11-10T19:47:40+00:00\",\"dateModified\":\"2023-04-08T02:14:28+00:00\",\"description\":\"Markt-XXL AIPINQI 3 St\u00fcck h\u00e4ngende Rasselspielzeuge, Cartoon, wei\u00df, schwarz, gef\u00fcllter Kinderwagen, Pl\u00fcschspielzeug f\u00fcr\u2026\",\"breadcrumb\":{\"@id\":\"https:\\\/\\\/marktxxl.de\\\/markt\\\/produkt\\\/aipinqi-3-stueck-haengende-rasselspielzeuge-cartoon-weiss-schwarz-gefuellter-kinderwagen-plueschspielzeug-fuer-neugeborene-0-18-monate-babybett-marienkaefer-biene-und-eule\\\/#breadcrumb\"},\"inLanguage\":\"de\",\"potentialAction\":[{\"@type\":\"ReadAction\",\"target\":[\"https:\\\/\\\/marktxxl.de\\\/markt\\\/produkt\\\/aipinqi-3-stueck-haengende-rasselspielzeuge-cartoon-weiss-schwarz-gefuellter-kinderwagen-plueschspielzeug-fuer-neugeborene-0-18-monate-babybett-marienkaefer-biene-und-eule\\\/\"]}]},{\"@type\":\"ImageObject\",\"inLanguage\":\"de\",\"@id\":\"https:\\\/\\\/marktxxl.de\\\/markt\\\/produkt\\\/aipinqi-3-stueck-haengende-rasselspielzeuge-cartoon-weiss-schwarz-gefuellter-kinderwagen-plueschspielzeug-fuer-neugeborene-0-18-monate-babybett-marienkaefer-biene-und-eule\\\/#primaryimage\",\"url\":\"https:\\\/\\\/m.media-amazon.com\\\/images\\\/I\\\/41hzS5xm4RL._SL500_.jpg\",\"contentUrl\":\"https:\\\/\\\/m.media-amazon.com\\\/images\\\/I\\\/41hzS5xm4RL._SL500_.jpg\",\"width\":500,\"height\":500},{\"@type\":\"BreadcrumbList\",\"@id\":\"https:\\\/\\\/marktxxl.de\\\/markt\\\/produkt\\\/aipinqi-3-stueck-haengende-rasselspielzeuge-cartoon-weiss-schwarz-gefuellter-kinderwagen-plueschspielzeug-fuer-neugeborene-0-18-monate-babybett-marienkaefer-biene-und-eule\\\/#breadcrumb\",\"itemListElement\":[{\"@type\":\"ListItem\",\"position\":1,\"name\":\"Startseite\",\"item\":\"https:\\\/\\\/marktxxl.de\\\/markt\\\/\"},{\"@type\":\"ListItem\",\"position\":2,\"name\":\"Markt\",\"item\":\"https:\\\/\\\/marktxxl.de\\\/markt\\\/\"},{\"@type\":\"ListItem\",\"position\":3,\"name\":\"AIPINQI 3 St\u00fcck h\u00e4ngende Rasselspielzeuge, Cartoon, wei\u00df, schwarz, gef\u00fcllter Kinderwagen, Pl\u00fcschspielzeug f\u00fcr\u2026\"}]},{\"@type\":\"WebSite\",\"@id\":\"https:\\\/\\\/marktxxl.de\\\/markt\\\/#website\",\"url\":\"https:\\\/\\\/marktxxl.de\\\/markt\\\/\",\"name\":\"Markt-XXL\",\"description\":\"Ihr Markt Online\",\"publisher\":{\"@id\":\"https:\\\/\\\/marktxxl.de\\\/markt\\\/#organization\"},\"potentialAction\":[{\"@type\":\"SearchAction\",\"target\":{\"@type\":\"EntryPoint\",\"urlTemplate\":\"https:\\\/\\\/marktxxl.de\\\/markt\\\/?s={search_term_string}\"},\"query-input\":{\"@type\":\"PropertyValueSpecification\",\"valueRequired\":true,\"valueName\":\"search_term_string\"}}],\"inLanguage\":\"de\"},{\"@type\":\"Organization\",\"@id\":\"https:\\\/\\\/marktxxl.de\\\/markt\\\/#organization\",\"name\":\"Markt-XXL\",\"url\":\"https:\\\/\\\/marktxxl.de\\\/markt\\\/\",\"logo\":{\"@type\":\"ImageObject\",\"inLanguage\":\"de\",\"@id\":\"https:\\\/\\\/marktxxl.de\\\/markt\\\/#\\\/schema\\\/logo\\\/image\\\/\",\"url\":\"https:\\\/\\\/marktxxl.de\\\/markt\\\/wp-content\\\/uploads\\\/sites\\\/3\\\/2020\\\/12\\\/logo.png\",\"contentUrl\":\"https:\\\/\\\/marktxxl.de\\\/markt\\\/wp-content\\\/uploads\\\/sites\\\/3\\\/2020\\\/12\\\/logo.png\",\"width\":200,\"height\":70,\"caption\":\"Markt-XXL\"},\"image\":{\"@id\":\"https:\\\/\\\/marktxxl.de\\\/markt\\\/#\\\/schema\\\/logo\\\/image\\\/\"}}]}<\/script>\n<!-- \/ Yoast SEO plugin. -->","yoast_head_json":{"title":"AIPINQI 3 St\u00fcck h\u00e4ngende Rasselspielzeuge, Cartoon, wei\u00df, schwarz, gef\u00fcllter Kinderwagen, Pl\u00fcschspielzeug f\u00fcr\u2026 - Markt-XXL","description":"Markt-XXL AIPINQI 3 St\u00fcck h\u00e4ngende Rasselspielzeuge, Cartoon, wei\u00df, schwarz, gef\u00fcllter Kinderwagen, Pl\u00fcschspielzeug f\u00fcr\u2026","robots":{"index":"index","follow":"follow","max-snippet":"max-snippet:-1","max-image-preview":"max-image-preview:large","max-video-preview":"max-video-preview:-1"},"canonical":"https:\/\/marktxxl.de\/markt\/produkt\/aipinqi-3-stueck-haengende-rasselspielzeuge-cartoon-weiss-schwarz-gefuellter-kinderwagen-plueschspielzeug-fuer-neugeborene-0-18-monate-babybett-marienkaefer-biene-und-eule\/","og_locale":"de_DE","og_type":"article","og_title":"AIPINQI 3 St\u00fcck h\u00e4ngende Rasselspielzeuge, Cartoon, wei\u00df, schwarz, gef\u00fcllter Kinderwagen, Pl\u00fcschspielzeug f\u00fcr\u2026 - Markt-XXL","og_description":"Markt-XXL AIPINQI 3 St\u00fcck h\u00e4ngende Rasselspielzeuge, Cartoon, wei\u00df, schwarz, gef\u00fcllter Kinderwagen, Pl\u00fcschspielzeug f\u00fcr\u2026","og_url":"https:\/\/marktxxl.de\/markt\/produkt\/aipinqi-3-stueck-haengende-rasselspielzeuge-cartoon-weiss-schwarz-gefuellter-kinderwagen-plueschspielzeug-fuer-neugeborene-0-18-monate-babybett-marienkaefer-biene-und-eule\/","og_site_name":"Markt-XXL","article_modified_time":"2023-04-08T02:14:28+00:00","og_image":[{"width":500,"height":500,"url":"https:\/\/m.media-amazon.com\/images\/I\/41hzS5xm4RL._SL500_.jpg","type":"image\/jpeg"}],"twitter_card":"summary_large_image","twitter_misc":{"Gesch\u00e4tzte Lesezeit":"1\u00a0Minute"},"schema":{"@context":"https:\/\/schema.org","@graph":[{"@type":"WebPage","@id":"https:\/\/marktxxl.de\/markt\/produkt\/aipinqi-3-stueck-haengende-rasselspielzeuge-cartoon-weiss-schwarz-gefuellter-kinderwagen-plueschspielzeug-fuer-neugeborene-0-18-monate-babybett-marienkaefer-biene-und-eule\/","url":"https:\/\/marktxxl.de\/markt\/produkt\/aipinqi-3-stueck-haengende-rasselspielzeuge-cartoon-weiss-schwarz-gefuellter-kinderwagen-plueschspielzeug-fuer-neugeborene-0-18-monate-babybett-marienkaefer-biene-und-eule\/","name":"AIPINQI 3 St\u00fcck h\u00e4ngende Rasselspielzeuge, Cartoon, wei\u00df, schwarz, gef\u00fcllter Kinderwagen, Pl\u00fcschspielzeug f\u00fcr\u2026 - Markt-XXL","isPartOf":{"@id":"https:\/\/marktxxl.de\/markt\/#website"},"primaryImageOfPage":{"@id":"https:\/\/marktxxl.de\/markt\/produkt\/aipinqi-3-stueck-haengende-rasselspielzeuge-cartoon-weiss-schwarz-gefuellter-kinderwagen-plueschspielzeug-fuer-neugeborene-0-18-monate-babybett-marienkaefer-biene-und-eule\/#primaryimage"},"image":{"@id":"https:\/\/marktxxl.de\/markt\/produkt\/aipinqi-3-stueck-haengende-rasselspielzeuge-cartoon-weiss-schwarz-gefuellter-kinderwagen-plueschspielzeug-fuer-neugeborene-0-18-monate-babybett-marienkaefer-biene-und-eule\/#primaryimage"},"thumbnailUrl":"https:\/\/m.media-amazon.com\/images\/I\/41hzS5xm4RL._SL500_.jpg","datePublished":"2022-11-10T19:47:40+00:00","dateModified":"2023-04-08T02:14:28+00:00","description":"Markt-XXL AIPINQI 3 St\u00fcck h\u00e4ngende Rasselspielzeuge, Cartoon, wei\u00df, schwarz, gef\u00fcllter Kinderwagen, Pl\u00fcschspielzeug f\u00fcr\u2026","breadcrumb":{"@id":"https:\/\/marktxxl.de\/markt\/produkt\/aipinqi-3-stueck-haengende-rasselspielzeuge-cartoon-weiss-schwarz-gefuellter-kinderwagen-plueschspielzeug-fuer-neugeborene-0-18-monate-babybett-marienkaefer-biene-und-eule\/#breadcrumb"},"inLanguage":"de","potentialAction":[{"@type":"ReadAction","target":["https:\/\/marktxxl.de\/markt\/produkt\/aipinqi-3-stueck-haengende-rasselspielzeuge-cartoon-weiss-schwarz-gefuellter-kinderwagen-plueschspielzeug-fuer-neugeborene-0-18-monate-babybett-marienkaefer-biene-und-eule\/"]}]},{"@type":"ImageObject","inLanguage":"de","@id":"https:\/\/marktxxl.de\/markt\/produkt\/aipinqi-3-stueck-haengende-rasselspielzeuge-cartoon-weiss-schwarz-gefuellter-kinderwagen-plueschspielzeug-fuer-neugeborene-0-18-monate-babybett-marienkaefer-biene-und-eule\/#primaryimage","url":"https:\/\/m.media-amazon.com\/images\/I\/41hzS5xm4RL._SL500_.jpg","contentUrl":"https:\/\/m.media-amazon.com\/images\/I\/41hzS5xm4RL._SL500_.jpg","width":500,"height":500},{"@type":"BreadcrumbList","@id":"https:\/\/marktxxl.de\/markt\/produkt\/aipinqi-3-stueck-haengende-rasselspielzeuge-cartoon-weiss-schwarz-gefuellter-kinderwagen-plueschspielzeug-fuer-neugeborene-0-18-monate-babybett-marienkaefer-biene-und-eule\/#breadcrumb","itemListElement":[{"@type":"ListItem","position":1,"name":"Startseite","item":"https:\/\/marktxxl.de\/markt\/"},{"@type":"ListItem","position":2,"name":"Markt","item":"https:\/\/marktxxl.de\/markt\/"},{"@type":"ListItem","position":3,"name":"AIPINQI 3 St\u00fcck h\u00e4ngende Rasselspielzeuge, Cartoon, wei\u00df, schwarz, gef\u00fcllter Kinderwagen, Pl\u00fcschspielzeug f\u00fcr\u2026"}]},{"@type":"WebSite","@id":"https:\/\/marktxxl.de\/markt\/#website","url":"https:\/\/marktxxl.de\/markt\/","name":"Markt-XXL","description":"Ihr Markt Online","publisher":{"@id":"https:\/\/marktxxl.de\/markt\/#organization"},"potentialAction":[{"@type":"SearchAction","target":{"@type":"EntryPoint","urlTemplate":"https:\/\/marktxxl.de\/markt\/?s={search_term_string}"},"query-input":{"@type":"PropertyValueSpecification","valueRequired":true,"valueName":"search_term_string"}}],"inLanguage":"de"},{"@type":"Organization","@id":"https:\/\/marktxxl.de\/markt\/#organization","name":"Markt-XXL","url":"https:\/\/marktxxl.de\/markt\/","logo":{"@type":"ImageObject","inLanguage":"de","@id":"https:\/\/marktxxl.de\/markt\/#\/schema\/logo\/image\/","url":"https:\/\/marktxxl.de\/markt\/wp-content\/uploads\/sites\/3\/2020\/12\/logo.png","contentUrl":"https:\/\/marktxxl.de\/markt\/wp-content\/uploads\/sites\/3\/2020\/12\/logo.png","width":200,"height":70,"caption":"Markt-XXL"},"image":{"@id":"https:\/\/marktxxl.de\/markt\/#\/schema\/logo\/image\/"}}]}},"_links":{"self":[{"href":"https:\/\/marktxxl.de\/markt\/wp-json\/wp\/v2\/product\/161569","targetHints":{"allow":["GET"]}}],"collection":[{"href":"https:\/\/marktxxl.de\/markt\/wp-json\/wp\/v2\/product"}],"about":[{"href":"https:\/\/marktxxl.de\/markt\/wp-json\/wp\/v2\/types\/product"}],"replies":[{"embeddable":true,"href":"https:\/\/marktxxl.de\/markt\/wp-json\/wp\/v2\/comments?post=161569"}],"wp:featuredmedia":[{"embeddable":true,"href":"https:\/\/marktxxl.de\/markt\/wp-json\/wp\/v2\/media\/161570"}],"wp:attachment":[{"href":"https:\/\/marktxxl.de\/markt\/wp-json\/wp\/v2\/media?parent=161569"}],"wp:term":[{"taxonomy":"product_brand","embeddable":true,"href":"https:\/\/marktxxl.de\/markt\/wp-json\/wp\/v2\/product_brand?post=161569"},{"taxonomy":"product_cat","embeddable":true,"href":"https:\/\/marktxxl.de\/markt\/wp-json\/wp\/v2\/product_cat?post=161569"},{"taxonomy":"product_tag","embeddable":true,"href":"https:\/\/marktxxl.de\/markt\/wp-json\/wp\/v2\/product_tag?post=161569"}],"curies":[{"name":"wp","href":"https:\/\/api.w.org\/{rel}","templated":true}]}}