{"id":161552,"date":"2022-11-10T20:46:57","date_gmt":"2022-11-10T19:46:57","guid":{"rendered":"https:\/\/marktxxl.de\/markt\/produkt\/klistier-pistolen-set-mit-aufbewahrungstasche-295-ml-anal-oder-vaginal-silikondusche-fuer-maenner-oder-frauen-bequemer-reiniger-schwarz\/"},"modified":"2023-04-08T04:14:26","modified_gmt":"2023-04-08T02:14:26","slug":"klistier-pistolen-set-mit-aufbewahrungstasche-295-ml-anal-oder-vaginal-silikondusche-fuer-maenner-oder-frauen-bequemer-reiniger-schwarz","status":"publish","type":"product","link":"https:\/\/marktxxl.de\/markt\/produkt\/klistier-pistolen-set-mit-aufbewahrungstasche-295-ml-anal-oder-vaginal-silikondusche-fuer-maenner-oder-frauen-bequemer-reiniger-schwarz\/","title":{"rendered":"Klistier-Pistolen-Set mit Aufbewahrungstasche, 295 ml, Anal- oder Vaginal-Silikondusche f\u00fcr M\u00e4nner oder Frauen\u2026"},"content":{"rendered":"<p>\u3010 F\u00fcr Reisen geeignet \u3011: 284 ml Klistierlampe mit einer Aufbewahrungstasche, kompakte Gr\u00f6\u00dfe, weiche L\u00e4ngen ca. 11,9 cm, D\u00fcse sicher in der Birne aufbewahrt, flacher Boden, damit sie aufrecht stehen kann.<br \/>\n\u3010EINFACH ZU BEDIENEN UND REINIGEN\u3011- Zu verwenden, einfach die Gl\u00fchbirne und D\u00fcse abschrauben, mit Reinigungsl\u00f6sung f\u00fcllen, wieder zusammenbauen, und dann Gleitmittel f\u00fcr einen weichen und bequemen Einstieg auftragen. So einfach ist es! Zum Reinigen einfach abschrauben und demontieren und dann mit Essig oder Seife mit warmem Wasser reinigen.<br \/>\nSicher und weich: Aus hochwertigem PVC-Material. Weich und langlebig, perfekte Dusche f\u00fcr Damen\/Herren.<br \/>\n\u3010Gut verpackt\u3011Dieser Artikel wird in einer diskreten Verpackung versandt. Machen Sie sich keine Sorgen, dass Ihre Privatsph\u00e4re ausgesetzt ist.<br \/>\n\u3010Gesundheitspflege\u3011 Klistierdusche ist hilfreich, um Verstopfungen zu lindern und den Darm zu reinigen, damit Ihr Bauch sauber und gesund bleibt.<br \/>\n<div class=\"main-cross-sell\" data-asin=\"B086T3RMN3\">\n\n\t<div class=\"WooZone-cross-sell-loader\">\n\t\t<div>\n\t\t\t<div id=\"floatingBarsG\">\n\t\t\t\t<div class=\"blockG\" id=\"rotateG_01\"><\/div>\n\t\t\t\t<div class=\"blockG\" id=\"rotateG_02\"><\/div>\n\t\t\t\t<div class=\"blockG\" id=\"rotateG_03\"><\/div>\n\t\t\t\t<div class=\"blockG\" id=\"rotateG_04\"><\/div>\n\t\t\t\t<div class=\"blockG\" id=\"rotateG_05\"><\/div>\n\t\t\t\t<div class=\"blockG\" id=\"rotateG_06\"><\/div>\n\t\t\t\t<div class=\"blockG\" id=\"rotateG_07\"><\/div>\n\t\t\t\t<div class=\"blockG\" id=\"rotateG_08\"><\/div>\n\t\t\t<\/div>\n\t\t\t<div class=\"WooZone-cross-sell-loader-text\"><\/div>\n\t\t<\/div>\n\t<\/div>\n\n\t\t\n<\/div>\n<div style=\"clear:both;\"><\/div><\/p>\n","protected":false},"excerpt":{"rendered":"<p>\u3010 F\u00fcr Reisen geeignet \u3011: 284 ml Klistierlampe mit einer Aufbewahrungstasche, kompakte Gr\u00f6\u00dfe, weiche L\u00e4ngen ca. 11,9 cm, D\u00fcse sicher in der Birne aufbewahrt, flacher Boden, damit sie aufrecht stehen kann.<br \/>\n\u3010EINFACH ZU BEDIENEN UND REINIGEN\u3011- Zu verwenden, einfach die Gl\u00fchbirne und D\u00fcse abschrauben, mit Reinigungsl\u00f6sung f\u00fcllen, wieder zusammenbauen, und dann Gleitmittel f\u00fcr einen weichen und bequemen Einstieg auftragen. So einfach ist es! Zum Reinigen einfach abschrauben und demontieren und dann mit Essig oder Seife mit warmem Wasser reinigen.<br \/>\nSicher und weich: Aus hochwertigem PVC-Material. Weich und langlebig, perfekte Dusche f\u00fcr Damen\/Herren.<\/p>\n","protected":false},"featured_media":161553,"comment_status":"open","ping_status":"closed","template":"","meta":[],"product_brand":[],"product_cat":[652,2977],"product_tag":[],"class_list":{"0":"post-161552","1":"product","2":"type-product","3":"status-publish","4":"has-post-thumbnail","6":"product_cat-erotik-markt-xxl","7":"product_cat-sexspielzeug","8":"pa_binding-badartikel","9":"pa_manufacturer-hjturkey","11":"first","12":"instock","13":"shipping-taxable","14":"purchasable","15":"product-type-simple","16":"customify-col","17":"product-has-gallery"},"yoast_head":"<!-- This site is optimized with the Yoast SEO plugin v27.4 - https:\/\/yoast.com\/product\/yoast-seo-wordpress\/ -->\n<title>Klistier-Pistolen-Set mit Aufbewahrungstasche, 295 ml, Anal- oder Vaginal-Silikondusche f\u00fcr M\u00e4nner oder Frauen\u2026 - Markt-XXL<\/title>\n<meta name=\"description\" content=\"Markt-XXL Klistier-Pistolen-Set mit Aufbewahrungstasche, 295 ml, Anal- oder Vaginal-Silikondusche f\u00fcr M\u00e4nner oder Frauen\u2026\" \/>\n<meta name=\"robots\" content=\"index, follow, max-snippet:-1, max-image-preview:large, max-video-preview:-1\" \/>\n<link rel=\"canonical\" href=\"https:\/\/marktxxl.de\/markt\/produkt\/klistier-pistolen-set-mit-aufbewahrungstasche-295-ml-anal-oder-vaginal-silikondusche-fuer-maenner-oder-frauen-bequemer-reiniger-schwarz\/\" \/>\n<meta property=\"og:locale\" content=\"de_DE\" \/>\n<meta property=\"og:type\" content=\"article\" \/>\n<meta property=\"og:title\" content=\"Klistier-Pistolen-Set mit Aufbewahrungstasche, 295 ml, Anal- oder Vaginal-Silikondusche f\u00fcr M\u00e4nner oder Frauen\u2026 - Markt-XXL\" \/>\n<meta property=\"og:description\" content=\"Markt-XXL Klistier-Pistolen-Set mit Aufbewahrungstasche, 295 ml, Anal- oder Vaginal-Silikondusche f\u00fcr M\u00e4nner oder Frauen\u2026\" \/>\n<meta property=\"og:url\" content=\"https:\/\/marktxxl.de\/markt\/produkt\/klistier-pistolen-set-mit-aufbewahrungstasche-295-ml-anal-oder-vaginal-silikondusche-fuer-maenner-oder-frauen-bequemer-reiniger-schwarz\/\" \/>\n<meta property=\"og:site_name\" content=\"Markt-XXL\" \/>\n<meta property=\"article:modified_time\" content=\"2023-04-08T02:14:26+00:00\" \/>\n<meta property=\"og:image\" content=\"https:\/\/m.media-amazon.com\/images\/I\/41aZGhMIVkL._SL500_.jpg\" \/>\n\t<meta property=\"og:image:width\" content=\"500\" \/>\n\t<meta property=\"og:image:height\" content=\"500\" \/>\n\t<meta property=\"og:image:type\" content=\"image\/jpeg\" \/>\n<meta name=\"twitter:card\" content=\"summary_large_image\" \/>\n<meta name=\"twitter:label1\" content=\"Gesch\u00e4tzte Lesezeit\" \/>\n\t<meta name=\"twitter:data1\" content=\"1\u00a0Minute\" \/>\n<script type=\"application\/ld+json\" class=\"yoast-schema-graph\">{\"@context\":\"https:\\\/\\\/schema.org\",\"@graph\":[{\"@type\":\"WebPage\",\"@id\":\"https:\\\/\\\/marktxxl.de\\\/markt\\\/produkt\\\/klistier-pistolen-set-mit-aufbewahrungstasche-295-ml-anal-oder-vaginal-silikondusche-fuer-maenner-oder-frauen-bequemer-reiniger-schwarz\\\/\",\"url\":\"https:\\\/\\\/marktxxl.de\\\/markt\\\/produkt\\\/klistier-pistolen-set-mit-aufbewahrungstasche-295-ml-anal-oder-vaginal-silikondusche-fuer-maenner-oder-frauen-bequemer-reiniger-schwarz\\\/\",\"name\":\"Klistier-Pistolen-Set mit Aufbewahrungstasche, 295 ml, Anal- oder Vaginal-Silikondusche f\u00fcr M\u00e4nner oder Frauen\u2026 - Markt-XXL\",\"isPartOf\":{\"@id\":\"https:\\\/\\\/marktxxl.de\\\/markt\\\/#website\"},\"primaryImageOfPage\":{\"@id\":\"https:\\\/\\\/marktxxl.de\\\/markt\\\/produkt\\\/klistier-pistolen-set-mit-aufbewahrungstasche-295-ml-anal-oder-vaginal-silikondusche-fuer-maenner-oder-frauen-bequemer-reiniger-schwarz\\\/#primaryimage\"},\"image\":{\"@id\":\"https:\\\/\\\/marktxxl.de\\\/markt\\\/produkt\\\/klistier-pistolen-set-mit-aufbewahrungstasche-295-ml-anal-oder-vaginal-silikondusche-fuer-maenner-oder-frauen-bequemer-reiniger-schwarz\\\/#primaryimage\"},\"thumbnailUrl\":\"https:\\\/\\\/m.media-amazon.com\\\/images\\\/I\\\/41aZGhMIVkL._SL500_.jpg\",\"datePublished\":\"2022-11-10T19:46:57+00:00\",\"dateModified\":\"2023-04-08T02:14:26+00:00\",\"description\":\"Markt-XXL Klistier-Pistolen-Set mit Aufbewahrungstasche, 295 ml, Anal- oder Vaginal-Silikondusche f\u00fcr M\u00e4nner oder Frauen\u2026\",\"breadcrumb\":{\"@id\":\"https:\\\/\\\/marktxxl.de\\\/markt\\\/produkt\\\/klistier-pistolen-set-mit-aufbewahrungstasche-295-ml-anal-oder-vaginal-silikondusche-fuer-maenner-oder-frauen-bequemer-reiniger-schwarz\\\/#breadcrumb\"},\"inLanguage\":\"de\",\"potentialAction\":[{\"@type\":\"ReadAction\",\"target\":[\"https:\\\/\\\/marktxxl.de\\\/markt\\\/produkt\\\/klistier-pistolen-set-mit-aufbewahrungstasche-295-ml-anal-oder-vaginal-silikondusche-fuer-maenner-oder-frauen-bequemer-reiniger-schwarz\\\/\"]}]},{\"@type\":\"ImageObject\",\"inLanguage\":\"de\",\"@id\":\"https:\\\/\\\/marktxxl.de\\\/markt\\\/produkt\\\/klistier-pistolen-set-mit-aufbewahrungstasche-295-ml-anal-oder-vaginal-silikondusche-fuer-maenner-oder-frauen-bequemer-reiniger-schwarz\\\/#primaryimage\",\"url\":\"https:\\\/\\\/m.media-amazon.com\\\/images\\\/I\\\/41aZGhMIVkL._SL500_.jpg\",\"contentUrl\":\"https:\\\/\\\/m.media-amazon.com\\\/images\\\/I\\\/41aZGhMIVkL._SL500_.jpg\",\"width\":500,\"height\":500},{\"@type\":\"BreadcrumbList\",\"@id\":\"https:\\\/\\\/marktxxl.de\\\/markt\\\/produkt\\\/klistier-pistolen-set-mit-aufbewahrungstasche-295-ml-anal-oder-vaginal-silikondusche-fuer-maenner-oder-frauen-bequemer-reiniger-schwarz\\\/#breadcrumb\",\"itemListElement\":[{\"@type\":\"ListItem\",\"position\":1,\"name\":\"Startseite\",\"item\":\"https:\\\/\\\/marktxxl.de\\\/markt\\\/\"},{\"@type\":\"ListItem\",\"position\":2,\"name\":\"Markt\",\"item\":\"https:\\\/\\\/marktxxl.de\\\/markt\\\/\"},{\"@type\":\"ListItem\",\"position\":3,\"name\":\"Klistier-Pistolen-Set mit Aufbewahrungstasche, 295 ml, Anal- oder Vaginal-Silikondusche f\u00fcr M\u00e4nner oder Frauen\u2026\"}]},{\"@type\":\"WebSite\",\"@id\":\"https:\\\/\\\/marktxxl.de\\\/markt\\\/#website\",\"url\":\"https:\\\/\\\/marktxxl.de\\\/markt\\\/\",\"name\":\"Markt-XXL\",\"description\":\"Ihr Markt Online\",\"publisher\":{\"@id\":\"https:\\\/\\\/marktxxl.de\\\/markt\\\/#organization\"},\"potentialAction\":[{\"@type\":\"SearchAction\",\"target\":{\"@type\":\"EntryPoint\",\"urlTemplate\":\"https:\\\/\\\/marktxxl.de\\\/markt\\\/?s={search_term_string}\"},\"query-input\":{\"@type\":\"PropertyValueSpecification\",\"valueRequired\":true,\"valueName\":\"search_term_string\"}}],\"inLanguage\":\"de\"},{\"@type\":\"Organization\",\"@id\":\"https:\\\/\\\/marktxxl.de\\\/markt\\\/#organization\",\"name\":\"Markt-XXL\",\"url\":\"https:\\\/\\\/marktxxl.de\\\/markt\\\/\",\"logo\":{\"@type\":\"ImageObject\",\"inLanguage\":\"de\",\"@id\":\"https:\\\/\\\/marktxxl.de\\\/markt\\\/#\\\/schema\\\/logo\\\/image\\\/\",\"url\":\"https:\\\/\\\/marktxxl.de\\\/markt\\\/wp-content\\\/uploads\\\/sites\\\/3\\\/2020\\\/12\\\/logo.png\",\"contentUrl\":\"https:\\\/\\\/marktxxl.de\\\/markt\\\/wp-content\\\/uploads\\\/sites\\\/3\\\/2020\\\/12\\\/logo.png\",\"width\":200,\"height\":70,\"caption\":\"Markt-XXL\"},\"image\":{\"@id\":\"https:\\\/\\\/marktxxl.de\\\/markt\\\/#\\\/schema\\\/logo\\\/image\\\/\"}}]}<\/script>\n<!-- \/ Yoast SEO plugin. -->","yoast_head_json":{"title":"Klistier-Pistolen-Set mit Aufbewahrungstasche, 295 ml, Anal- oder Vaginal-Silikondusche f\u00fcr M\u00e4nner oder Frauen\u2026 - Markt-XXL","description":"Markt-XXL Klistier-Pistolen-Set mit Aufbewahrungstasche, 295 ml, Anal- oder Vaginal-Silikondusche f\u00fcr M\u00e4nner oder Frauen\u2026","robots":{"index":"index","follow":"follow","max-snippet":"max-snippet:-1","max-image-preview":"max-image-preview:large","max-video-preview":"max-video-preview:-1"},"canonical":"https:\/\/marktxxl.de\/markt\/produkt\/klistier-pistolen-set-mit-aufbewahrungstasche-295-ml-anal-oder-vaginal-silikondusche-fuer-maenner-oder-frauen-bequemer-reiniger-schwarz\/","og_locale":"de_DE","og_type":"article","og_title":"Klistier-Pistolen-Set mit Aufbewahrungstasche, 295 ml, Anal- oder Vaginal-Silikondusche f\u00fcr M\u00e4nner oder Frauen\u2026 - Markt-XXL","og_description":"Markt-XXL Klistier-Pistolen-Set mit Aufbewahrungstasche, 295 ml, Anal- oder Vaginal-Silikondusche f\u00fcr M\u00e4nner oder Frauen\u2026","og_url":"https:\/\/marktxxl.de\/markt\/produkt\/klistier-pistolen-set-mit-aufbewahrungstasche-295-ml-anal-oder-vaginal-silikondusche-fuer-maenner-oder-frauen-bequemer-reiniger-schwarz\/","og_site_name":"Markt-XXL","article_modified_time":"2023-04-08T02:14:26+00:00","og_image":[{"width":500,"height":500,"url":"https:\/\/m.media-amazon.com\/images\/I\/41aZGhMIVkL._SL500_.jpg","type":"image\/jpeg"}],"twitter_card":"summary_large_image","twitter_misc":{"Gesch\u00e4tzte Lesezeit":"1\u00a0Minute"},"schema":{"@context":"https:\/\/schema.org","@graph":[{"@type":"WebPage","@id":"https:\/\/marktxxl.de\/markt\/produkt\/klistier-pistolen-set-mit-aufbewahrungstasche-295-ml-anal-oder-vaginal-silikondusche-fuer-maenner-oder-frauen-bequemer-reiniger-schwarz\/","url":"https:\/\/marktxxl.de\/markt\/produkt\/klistier-pistolen-set-mit-aufbewahrungstasche-295-ml-anal-oder-vaginal-silikondusche-fuer-maenner-oder-frauen-bequemer-reiniger-schwarz\/","name":"Klistier-Pistolen-Set mit Aufbewahrungstasche, 295 ml, Anal- oder Vaginal-Silikondusche f\u00fcr M\u00e4nner oder Frauen\u2026 - Markt-XXL","isPartOf":{"@id":"https:\/\/marktxxl.de\/markt\/#website"},"primaryImageOfPage":{"@id":"https:\/\/marktxxl.de\/markt\/produkt\/klistier-pistolen-set-mit-aufbewahrungstasche-295-ml-anal-oder-vaginal-silikondusche-fuer-maenner-oder-frauen-bequemer-reiniger-schwarz\/#primaryimage"},"image":{"@id":"https:\/\/marktxxl.de\/markt\/produkt\/klistier-pistolen-set-mit-aufbewahrungstasche-295-ml-anal-oder-vaginal-silikondusche-fuer-maenner-oder-frauen-bequemer-reiniger-schwarz\/#primaryimage"},"thumbnailUrl":"https:\/\/m.media-amazon.com\/images\/I\/41aZGhMIVkL._SL500_.jpg","datePublished":"2022-11-10T19:46:57+00:00","dateModified":"2023-04-08T02:14:26+00:00","description":"Markt-XXL Klistier-Pistolen-Set mit Aufbewahrungstasche, 295 ml, Anal- oder Vaginal-Silikondusche f\u00fcr M\u00e4nner oder Frauen\u2026","breadcrumb":{"@id":"https:\/\/marktxxl.de\/markt\/produkt\/klistier-pistolen-set-mit-aufbewahrungstasche-295-ml-anal-oder-vaginal-silikondusche-fuer-maenner-oder-frauen-bequemer-reiniger-schwarz\/#breadcrumb"},"inLanguage":"de","potentialAction":[{"@type":"ReadAction","target":["https:\/\/marktxxl.de\/markt\/produkt\/klistier-pistolen-set-mit-aufbewahrungstasche-295-ml-anal-oder-vaginal-silikondusche-fuer-maenner-oder-frauen-bequemer-reiniger-schwarz\/"]}]},{"@type":"ImageObject","inLanguage":"de","@id":"https:\/\/marktxxl.de\/markt\/produkt\/klistier-pistolen-set-mit-aufbewahrungstasche-295-ml-anal-oder-vaginal-silikondusche-fuer-maenner-oder-frauen-bequemer-reiniger-schwarz\/#primaryimage","url":"https:\/\/m.media-amazon.com\/images\/I\/41aZGhMIVkL._SL500_.jpg","contentUrl":"https:\/\/m.media-amazon.com\/images\/I\/41aZGhMIVkL._SL500_.jpg","width":500,"height":500},{"@type":"BreadcrumbList","@id":"https:\/\/marktxxl.de\/markt\/produkt\/klistier-pistolen-set-mit-aufbewahrungstasche-295-ml-anal-oder-vaginal-silikondusche-fuer-maenner-oder-frauen-bequemer-reiniger-schwarz\/#breadcrumb","itemListElement":[{"@type":"ListItem","position":1,"name":"Startseite","item":"https:\/\/marktxxl.de\/markt\/"},{"@type":"ListItem","position":2,"name":"Markt","item":"https:\/\/marktxxl.de\/markt\/"},{"@type":"ListItem","position":3,"name":"Klistier-Pistolen-Set mit Aufbewahrungstasche, 295 ml, Anal- oder Vaginal-Silikondusche f\u00fcr M\u00e4nner oder Frauen\u2026"}]},{"@type":"WebSite","@id":"https:\/\/marktxxl.de\/markt\/#website","url":"https:\/\/marktxxl.de\/markt\/","name":"Markt-XXL","description":"Ihr Markt Online","publisher":{"@id":"https:\/\/marktxxl.de\/markt\/#organization"},"potentialAction":[{"@type":"SearchAction","target":{"@type":"EntryPoint","urlTemplate":"https:\/\/marktxxl.de\/markt\/?s={search_term_string}"},"query-input":{"@type":"PropertyValueSpecification","valueRequired":true,"valueName":"search_term_string"}}],"inLanguage":"de"},{"@type":"Organization","@id":"https:\/\/marktxxl.de\/markt\/#organization","name":"Markt-XXL","url":"https:\/\/marktxxl.de\/markt\/","logo":{"@type":"ImageObject","inLanguage":"de","@id":"https:\/\/marktxxl.de\/markt\/#\/schema\/logo\/image\/","url":"https:\/\/marktxxl.de\/markt\/wp-content\/uploads\/sites\/3\/2020\/12\/logo.png","contentUrl":"https:\/\/marktxxl.de\/markt\/wp-content\/uploads\/sites\/3\/2020\/12\/logo.png","width":200,"height":70,"caption":"Markt-XXL"},"image":{"@id":"https:\/\/marktxxl.de\/markt\/#\/schema\/logo\/image\/"}}]}},"_links":{"self":[{"href":"https:\/\/marktxxl.de\/markt\/wp-json\/wp\/v2\/product\/161552","targetHints":{"allow":["GET"]}}],"collection":[{"href":"https:\/\/marktxxl.de\/markt\/wp-json\/wp\/v2\/product"}],"about":[{"href":"https:\/\/marktxxl.de\/markt\/wp-json\/wp\/v2\/types\/product"}],"replies":[{"embeddable":true,"href":"https:\/\/marktxxl.de\/markt\/wp-json\/wp\/v2\/comments?post=161552"}],"wp:featuredmedia":[{"embeddable":true,"href":"https:\/\/marktxxl.de\/markt\/wp-json\/wp\/v2\/media\/161553"}],"wp:attachment":[{"href":"https:\/\/marktxxl.de\/markt\/wp-json\/wp\/v2\/media?parent=161552"}],"wp:term":[{"taxonomy":"product_brand","embeddable":true,"href":"https:\/\/marktxxl.de\/markt\/wp-json\/wp\/v2\/product_brand?post=161552"},{"taxonomy":"product_cat","embeddable":true,"href":"https:\/\/marktxxl.de\/markt\/wp-json\/wp\/v2\/product_cat?post=161552"},{"taxonomy":"product_tag","embeddable":true,"href":"https:\/\/marktxxl.de\/markt\/wp-json\/wp\/v2\/product_tag?post=161552"}],"curies":[{"name":"wp","href":"https:\/\/api.w.org\/{rel}","templated":true}]}}