{"id":161544,"date":"2022-11-10T20:46:47","date_gmt":"2022-11-10T19:46:47","guid":{"rendered":"https:\/\/marktxxl.de\/markt\/produkt\/300ml-analdusche-silikon-einlauf-klistier-elektrische-analdusche-und-vaginaldusche-klistierspritze-irrigator-rueckflussverhuetung-analspuelung-mit-5-klistier-loecher-anal-dusche-fuer-frauen-maen\/"},"modified":"2023-04-08T04:14:26","modified_gmt":"2023-04-08T02:14:26","slug":"300ml-analdusche-silikon-einlauf-klistier-elektrische-analdusche-und-vaginaldusche-klistierspritze-irrigator-rueckflussverhuetung-analspuelung-mit-5-klistier-loecher-anal-dusche-fuer-frauen-maen","status":"publish","type":"product","link":"https:\/\/marktxxl.de\/markt\/produkt\/300ml-analdusche-silikon-einlauf-klistier-elektrische-analdusche-und-vaginaldusche-klistierspritze-irrigator-rueckflussverhuetung-analspuelung-mit-5-klistier-loecher-anal-dusche-fuer-frauen-maen\/","title":{"rendered":"Analdusche Intimdusche Elektrische Analdusche und Vaginaldusche 300ML Silikon Einlauf Klistier mit R\u00fcckfluss Verh\u00fctung\u2026"},"content":{"rendered":"<p>\u3010Neue Elektrische Analdusche Erscheint\u3011-Kleine Kapazit\u00e4t, schwierige Bedienung, geringe Wasserabgabe, Bakterienwachstum &#8230; St\u00f6ren Sie sich immer noch mit diesen Fragen? MEROURII brandneue Analdusche, 1 Produkt, um all Ihre Sorgen zu l\u00f6sen. Automatische Entw\u00e4sserung, verhindert R\u00fcckfluss von Schmutzwasser, Fassungsverm\u00f6gen 300 ml. Es ist eine Anal- und Vaginaldusche f\u00fcr Anf\u00e4nger und Fortgeschrittene.<br \/>\n\u30105 Klistier L\u00f6cher &amp; 360 Grad nmfassende Reinigung\u3011-Traditionelle Analduschen erfordern eine manuelle Bedienung, wodurch es schwierig ist, die Wassermenge zu kontrollieren. Diese elektrische Analdusche hat 5 Spr\u00fchl\u00f6cher und kann 360 Grad vollautomatisch gereinigt werden. 3 Spr\u00fch Geschwindigkeiten, um Ihnen das angenehmste Erlebnis zu bieten.<br \/>\n\u3010Kapazit\u00e4t 300 ml Analdusche\u3011-Es kann 300 ml Wasser auf einmal aufnehmen und 1 Minute und 15 Sekunden lang ununterbrochen verwenden. Reduzieren Sie die Anzahl der Wasserzugaben und decken Sie den Bedarf sofort. Durch den transparenten Tank haben Sie den Restwasserstand jederzeit im Blick und den Wasserverbrauch auf einen Blick.<br \/>\n\u3010R\u00fcckflussverhinderung Analsp\u00fclung\u3011-Anus und Vagina sind zerbrechliche und empfindliche Teile des menschlichen K\u00f6rpers, die sauber und hygienisch gehalten werden m\u00fcssen. Diese Anal- und Vaginaldusche soll ein R\u00fcckflie\u00dfen verhindern, das Eindringen von Schmutzwasser in den Beh\u00e4lter verhindern, was Ihnen die sicherste Garantie f\u00fcr Ihre Gesundheit bietet.<br \/>\n\u3010Medizinisches Silikon und Passende Gr\u00f6\u00dfe\u3011-Die Klistiertopf besteht aus hochwertigem Silikonmaterial, das sicher, ungiftig und sanft zur Ber\u00fchrung ist. Die finger\u00e4hnliche Gr\u00f6\u00dfe dehnt den Intimbereich nicht aus und verringert das Penetrationsgef\u00fchl. Auch Anf\u00e4nger k\u00f6nnen es bedenkenlos verwenden.<br \/>\n<div class=\"main-cross-sell\" data-asin=\"B0B7QRBQQC\">\n\n\t<div class=\"WooZone-cross-sell-loader\">\n\t\t<div>\n\t\t\t<div id=\"floatingBarsG\">\n\t\t\t\t<div class=\"blockG\" id=\"rotateG_01\"><\/div>\n\t\t\t\t<div class=\"blockG\" id=\"rotateG_02\"><\/div>\n\t\t\t\t<div class=\"blockG\" id=\"rotateG_03\"><\/div>\n\t\t\t\t<div class=\"blockG\" id=\"rotateG_04\"><\/div>\n\t\t\t\t<div class=\"blockG\" id=\"rotateG_05\"><\/div>\n\t\t\t\t<div class=\"blockG\" id=\"rotateG_06\"><\/div>\n\t\t\t\t<div class=\"blockG\" id=\"rotateG_07\"><\/div>\n\t\t\t\t<div class=\"blockG\" id=\"rotateG_08\"><\/div>\n\t\t\t<\/div>\n\t\t\t<div class=\"WooZone-cross-sell-loader-text\"><\/div>\n\t\t<\/div>\n\t<\/div>\n\n\t\t\n<\/div>\n<div style=\"clear:both;\"><\/div><\/p>\n","protected":false},"excerpt":{"rendered":"<p>\u3010Neue Elektrische Analdusche Erscheint\u3011-Kleine Kapazit\u00e4t, schwierige Bedienung, geringe Wasserabgabe, Bakterienwachstum &#8230; St\u00f6ren Sie sich immer noch mit diesen Fragen? MEROURII brandneue Analdusche, 1 Produkt, um all Ihre Sorgen zu l\u00f6sen. Automatische Entw\u00e4sserung, verhindert R\u00fcckfluss von Schmutzwasser, Fassungsverm\u00f6gen 300 ml. Es ist eine Anal- und Vaginaldusche f\u00fcr Anf\u00e4nger und Fortgeschrittene.<br \/>\n\u30105 Klistier L\u00f6cher &amp; 360 Grad nmfassende Reinigung\u3011-Traditionelle Analduschen erfordern eine manuelle Bedienung, wodurch es schwierig ist, die Wassermenge zu kontrollieren. Diese elektrische Analdusche hat 5 Spr\u00fchl\u00f6cher und kann 360 Grad vollautomatisch gereinigt werden. 3 Spr\u00fch Geschwindigkeiten, um Ihnen das angenehmste Erlebnis zu bieten.<br \/>\n\u3010Kapazit\u00e4t 300 ml Analdusche\u3011-Es kann 300 ml Wasser auf einmal aufnehmen und 1 Minute und 15 Sekunden lang ununterbrochen verwenden. Reduzieren Sie die Anzahl der Wasserzugaben und decken Sie den Bedarf sofort. Durch den transparenten Tank haben Sie den Restwasserstand jederzeit im Blick und den Wasserverbrauch auf einen Blick.<\/p>\n","protected":false},"featured_media":161545,"comment_status":"open","ping_status":"closed","template":"","meta":[],"product_brand":[],"product_cat":[652,2977],"product_tag":[],"class_list":{"0":"post-161544","1":"product","2":"type-product","3":"status-publish","4":"has-post-thumbnail","6":"product_cat-erotik-markt-xxl","7":"product_cat-sexspielzeug","8":"pa_brand-merourii","9":"pa_manufacturer-merourii","11":"first","12":"instock","13":"shipping-taxable","14":"purchasable","15":"product-type-simple","16":"customify-col","17":"product-has-gallery"},"yoast_head":"<!-- This site is optimized with the Yoast SEO plugin v27.4 - https:\/\/yoast.com\/product\/yoast-seo-wordpress\/ -->\n<title>Analdusche Intimdusche Elektrische Analdusche und Vaginaldusche 300ML Silikon Einlauf Klistier mit R\u00fcckfluss Verh\u00fctung\u2026 - Markt-XXL<\/title>\n<meta name=\"description\" content=\"Markt-XXL Analdusche Intimdusche Elektrische Analdusche und Vaginaldusche 300ML Silikon Einlauf Klistier mit R\u00fcckfluss Verh\u00fctung\u2026\" \/>\n<meta name=\"robots\" content=\"index, follow, max-snippet:-1, max-image-preview:large, max-video-preview:-1\" \/>\n<link rel=\"canonical\" href=\"https:\/\/marktxxl.de\/markt\/produkt\/300ml-analdusche-silikon-einlauf-klistier-elektrische-analdusche-und-vaginaldusche-klistierspritze-irrigator-rueckflussverhuetung-analspuelung-mit-5-klistier-loecher-anal-dusche-fuer-frauen-maen\/\" \/>\n<meta property=\"og:locale\" content=\"de_DE\" \/>\n<meta property=\"og:type\" content=\"article\" \/>\n<meta property=\"og:title\" content=\"Analdusche Intimdusche Elektrische Analdusche und Vaginaldusche 300ML Silikon Einlauf Klistier mit R\u00fcckfluss Verh\u00fctung\u2026 - Markt-XXL\" \/>\n<meta property=\"og:description\" content=\"Markt-XXL Analdusche Intimdusche Elektrische Analdusche und Vaginaldusche 300ML Silikon Einlauf Klistier mit R\u00fcckfluss Verh\u00fctung\u2026\" \/>\n<meta property=\"og:url\" content=\"https:\/\/marktxxl.de\/markt\/produkt\/300ml-analdusche-silikon-einlauf-klistier-elektrische-analdusche-und-vaginaldusche-klistierspritze-irrigator-rueckflussverhuetung-analspuelung-mit-5-klistier-loecher-anal-dusche-fuer-frauen-maen\/\" \/>\n<meta property=\"og:site_name\" content=\"Markt-XXL\" \/>\n<meta property=\"article:modified_time\" content=\"2023-04-08T02:14:26+00:00\" \/>\n<meta property=\"og:image\" content=\"https:\/\/m.media-amazon.com\/images\/I\/31nqR5lBXrL._SL500_.jpg\" \/>\n\t<meta property=\"og:image:width\" content=\"500\" \/>\n\t<meta property=\"og:image:height\" content=\"500\" \/>\n\t<meta property=\"og:image:type\" content=\"image\/jpeg\" \/>\n<meta name=\"twitter:card\" content=\"summary_large_image\" \/>\n<meta name=\"twitter:label1\" content=\"Gesch\u00e4tzte Lesezeit\" \/>\n\t<meta name=\"twitter:data1\" content=\"1\u00a0Minute\" \/>\n<script type=\"application\/ld+json\" class=\"yoast-schema-graph\">{\"@context\":\"https:\\\/\\\/schema.org\",\"@graph\":[{\"@type\":\"WebPage\",\"@id\":\"https:\\\/\\\/marktxxl.de\\\/markt\\\/produkt\\\/300ml-analdusche-silikon-einlauf-klistier-elektrische-analdusche-und-vaginaldusche-klistierspritze-irrigator-rueckflussverhuetung-analspuelung-mit-5-klistier-loecher-anal-dusche-fuer-frauen-maen\\\/\",\"url\":\"https:\\\/\\\/marktxxl.de\\\/markt\\\/produkt\\\/300ml-analdusche-silikon-einlauf-klistier-elektrische-analdusche-und-vaginaldusche-klistierspritze-irrigator-rueckflussverhuetung-analspuelung-mit-5-klistier-loecher-anal-dusche-fuer-frauen-maen\\\/\",\"name\":\"Analdusche Intimdusche Elektrische Analdusche und Vaginaldusche 300ML Silikon Einlauf Klistier mit R\u00fcckfluss Verh\u00fctung\u2026 - Markt-XXL\",\"isPartOf\":{\"@id\":\"https:\\\/\\\/marktxxl.de\\\/markt\\\/#website\"},\"primaryImageOfPage\":{\"@id\":\"https:\\\/\\\/marktxxl.de\\\/markt\\\/produkt\\\/300ml-analdusche-silikon-einlauf-klistier-elektrische-analdusche-und-vaginaldusche-klistierspritze-irrigator-rueckflussverhuetung-analspuelung-mit-5-klistier-loecher-anal-dusche-fuer-frauen-maen\\\/#primaryimage\"},\"image\":{\"@id\":\"https:\\\/\\\/marktxxl.de\\\/markt\\\/produkt\\\/300ml-analdusche-silikon-einlauf-klistier-elektrische-analdusche-und-vaginaldusche-klistierspritze-irrigator-rueckflussverhuetung-analspuelung-mit-5-klistier-loecher-anal-dusche-fuer-frauen-maen\\\/#primaryimage\"},\"thumbnailUrl\":\"https:\\\/\\\/m.media-amazon.com\\\/images\\\/I\\\/31nqR5lBXrL._SL500_.jpg\",\"datePublished\":\"2022-11-10T19:46:47+00:00\",\"dateModified\":\"2023-04-08T02:14:26+00:00\",\"description\":\"Markt-XXL Analdusche Intimdusche Elektrische Analdusche und Vaginaldusche 300ML Silikon Einlauf Klistier mit R\u00fcckfluss Verh\u00fctung\u2026\",\"breadcrumb\":{\"@id\":\"https:\\\/\\\/marktxxl.de\\\/markt\\\/produkt\\\/300ml-analdusche-silikon-einlauf-klistier-elektrische-analdusche-und-vaginaldusche-klistierspritze-irrigator-rueckflussverhuetung-analspuelung-mit-5-klistier-loecher-anal-dusche-fuer-frauen-maen\\\/#breadcrumb\"},\"inLanguage\":\"de\",\"potentialAction\":[{\"@type\":\"ReadAction\",\"target\":[\"https:\\\/\\\/marktxxl.de\\\/markt\\\/produkt\\\/300ml-analdusche-silikon-einlauf-klistier-elektrische-analdusche-und-vaginaldusche-klistierspritze-irrigator-rueckflussverhuetung-analspuelung-mit-5-klistier-loecher-anal-dusche-fuer-frauen-maen\\\/\"]}]},{\"@type\":\"ImageObject\",\"inLanguage\":\"de\",\"@id\":\"https:\\\/\\\/marktxxl.de\\\/markt\\\/produkt\\\/300ml-analdusche-silikon-einlauf-klistier-elektrische-analdusche-und-vaginaldusche-klistierspritze-irrigator-rueckflussverhuetung-analspuelung-mit-5-klistier-loecher-anal-dusche-fuer-frauen-maen\\\/#primaryimage\",\"url\":\"https:\\\/\\\/m.media-amazon.com\\\/images\\\/I\\\/31nqR5lBXrL._SL500_.jpg\",\"contentUrl\":\"https:\\\/\\\/m.media-amazon.com\\\/images\\\/I\\\/31nqR5lBXrL._SL500_.jpg\",\"width\":500,\"height\":500},{\"@type\":\"BreadcrumbList\",\"@id\":\"https:\\\/\\\/marktxxl.de\\\/markt\\\/produkt\\\/300ml-analdusche-silikon-einlauf-klistier-elektrische-analdusche-und-vaginaldusche-klistierspritze-irrigator-rueckflussverhuetung-analspuelung-mit-5-klistier-loecher-anal-dusche-fuer-frauen-maen\\\/#breadcrumb\",\"itemListElement\":[{\"@type\":\"ListItem\",\"position\":1,\"name\":\"Startseite\",\"item\":\"https:\\\/\\\/marktxxl.de\\\/markt\\\/\"},{\"@type\":\"ListItem\",\"position\":2,\"name\":\"Markt\",\"item\":\"https:\\\/\\\/marktxxl.de\\\/markt\\\/\"},{\"@type\":\"ListItem\",\"position\":3,\"name\":\"Analdusche Intimdusche Elektrische Analdusche und Vaginaldusche 300ML Silikon Einlauf Klistier mit R\u00fcckfluss Verh\u00fctung\u2026\"}]},{\"@type\":\"WebSite\",\"@id\":\"https:\\\/\\\/marktxxl.de\\\/markt\\\/#website\",\"url\":\"https:\\\/\\\/marktxxl.de\\\/markt\\\/\",\"name\":\"Markt-XXL\",\"description\":\"Ihr Markt Online\",\"publisher\":{\"@id\":\"https:\\\/\\\/marktxxl.de\\\/markt\\\/#organization\"},\"potentialAction\":[{\"@type\":\"SearchAction\",\"target\":{\"@type\":\"EntryPoint\",\"urlTemplate\":\"https:\\\/\\\/marktxxl.de\\\/markt\\\/?s={search_term_string}\"},\"query-input\":{\"@type\":\"PropertyValueSpecification\",\"valueRequired\":true,\"valueName\":\"search_term_string\"}}],\"inLanguage\":\"de\"},{\"@type\":\"Organization\",\"@id\":\"https:\\\/\\\/marktxxl.de\\\/markt\\\/#organization\",\"name\":\"Markt-XXL\",\"url\":\"https:\\\/\\\/marktxxl.de\\\/markt\\\/\",\"logo\":{\"@type\":\"ImageObject\",\"inLanguage\":\"de\",\"@id\":\"https:\\\/\\\/marktxxl.de\\\/markt\\\/#\\\/schema\\\/logo\\\/image\\\/\",\"url\":\"https:\\\/\\\/marktxxl.de\\\/markt\\\/wp-content\\\/uploads\\\/sites\\\/3\\\/2020\\\/12\\\/logo.png\",\"contentUrl\":\"https:\\\/\\\/marktxxl.de\\\/markt\\\/wp-content\\\/uploads\\\/sites\\\/3\\\/2020\\\/12\\\/logo.png\",\"width\":200,\"height\":70,\"caption\":\"Markt-XXL\"},\"image\":{\"@id\":\"https:\\\/\\\/marktxxl.de\\\/markt\\\/#\\\/schema\\\/logo\\\/image\\\/\"}}]}<\/script>\n<!-- \/ Yoast SEO plugin. -->","yoast_head_json":{"title":"Analdusche Intimdusche Elektrische Analdusche und Vaginaldusche 300ML Silikon Einlauf Klistier mit R\u00fcckfluss Verh\u00fctung\u2026 - Markt-XXL","description":"Markt-XXL Analdusche Intimdusche Elektrische Analdusche und Vaginaldusche 300ML Silikon Einlauf Klistier mit R\u00fcckfluss Verh\u00fctung\u2026","robots":{"index":"index","follow":"follow","max-snippet":"max-snippet:-1","max-image-preview":"max-image-preview:large","max-video-preview":"max-video-preview:-1"},"canonical":"https:\/\/marktxxl.de\/markt\/produkt\/300ml-analdusche-silikon-einlauf-klistier-elektrische-analdusche-und-vaginaldusche-klistierspritze-irrigator-rueckflussverhuetung-analspuelung-mit-5-klistier-loecher-anal-dusche-fuer-frauen-maen\/","og_locale":"de_DE","og_type":"article","og_title":"Analdusche Intimdusche Elektrische Analdusche und Vaginaldusche 300ML Silikon Einlauf Klistier mit R\u00fcckfluss Verh\u00fctung\u2026 - Markt-XXL","og_description":"Markt-XXL Analdusche Intimdusche Elektrische Analdusche und Vaginaldusche 300ML Silikon Einlauf Klistier mit R\u00fcckfluss Verh\u00fctung\u2026","og_url":"https:\/\/marktxxl.de\/markt\/produkt\/300ml-analdusche-silikon-einlauf-klistier-elektrische-analdusche-und-vaginaldusche-klistierspritze-irrigator-rueckflussverhuetung-analspuelung-mit-5-klistier-loecher-anal-dusche-fuer-frauen-maen\/","og_site_name":"Markt-XXL","article_modified_time":"2023-04-08T02:14:26+00:00","og_image":[{"width":500,"height":500,"url":"https:\/\/m.media-amazon.com\/images\/I\/31nqR5lBXrL._SL500_.jpg","type":"image\/jpeg"}],"twitter_card":"summary_large_image","twitter_misc":{"Gesch\u00e4tzte Lesezeit":"1\u00a0Minute"},"schema":{"@context":"https:\/\/schema.org","@graph":[{"@type":"WebPage","@id":"https:\/\/marktxxl.de\/markt\/produkt\/300ml-analdusche-silikon-einlauf-klistier-elektrische-analdusche-und-vaginaldusche-klistierspritze-irrigator-rueckflussverhuetung-analspuelung-mit-5-klistier-loecher-anal-dusche-fuer-frauen-maen\/","url":"https:\/\/marktxxl.de\/markt\/produkt\/300ml-analdusche-silikon-einlauf-klistier-elektrische-analdusche-und-vaginaldusche-klistierspritze-irrigator-rueckflussverhuetung-analspuelung-mit-5-klistier-loecher-anal-dusche-fuer-frauen-maen\/","name":"Analdusche Intimdusche Elektrische Analdusche und Vaginaldusche 300ML Silikon Einlauf Klistier mit R\u00fcckfluss Verh\u00fctung\u2026 - Markt-XXL","isPartOf":{"@id":"https:\/\/marktxxl.de\/markt\/#website"},"primaryImageOfPage":{"@id":"https:\/\/marktxxl.de\/markt\/produkt\/300ml-analdusche-silikon-einlauf-klistier-elektrische-analdusche-und-vaginaldusche-klistierspritze-irrigator-rueckflussverhuetung-analspuelung-mit-5-klistier-loecher-anal-dusche-fuer-frauen-maen\/#primaryimage"},"image":{"@id":"https:\/\/marktxxl.de\/markt\/produkt\/300ml-analdusche-silikon-einlauf-klistier-elektrische-analdusche-und-vaginaldusche-klistierspritze-irrigator-rueckflussverhuetung-analspuelung-mit-5-klistier-loecher-anal-dusche-fuer-frauen-maen\/#primaryimage"},"thumbnailUrl":"https:\/\/m.media-amazon.com\/images\/I\/31nqR5lBXrL._SL500_.jpg","datePublished":"2022-11-10T19:46:47+00:00","dateModified":"2023-04-08T02:14:26+00:00","description":"Markt-XXL Analdusche Intimdusche Elektrische Analdusche und Vaginaldusche 300ML Silikon Einlauf Klistier mit R\u00fcckfluss Verh\u00fctung\u2026","breadcrumb":{"@id":"https:\/\/marktxxl.de\/markt\/produkt\/300ml-analdusche-silikon-einlauf-klistier-elektrische-analdusche-und-vaginaldusche-klistierspritze-irrigator-rueckflussverhuetung-analspuelung-mit-5-klistier-loecher-anal-dusche-fuer-frauen-maen\/#breadcrumb"},"inLanguage":"de","potentialAction":[{"@type":"ReadAction","target":["https:\/\/marktxxl.de\/markt\/produkt\/300ml-analdusche-silikon-einlauf-klistier-elektrische-analdusche-und-vaginaldusche-klistierspritze-irrigator-rueckflussverhuetung-analspuelung-mit-5-klistier-loecher-anal-dusche-fuer-frauen-maen\/"]}]},{"@type":"ImageObject","inLanguage":"de","@id":"https:\/\/marktxxl.de\/markt\/produkt\/300ml-analdusche-silikon-einlauf-klistier-elektrische-analdusche-und-vaginaldusche-klistierspritze-irrigator-rueckflussverhuetung-analspuelung-mit-5-klistier-loecher-anal-dusche-fuer-frauen-maen\/#primaryimage","url":"https:\/\/m.media-amazon.com\/images\/I\/31nqR5lBXrL._SL500_.jpg","contentUrl":"https:\/\/m.media-amazon.com\/images\/I\/31nqR5lBXrL._SL500_.jpg","width":500,"height":500},{"@type":"BreadcrumbList","@id":"https:\/\/marktxxl.de\/markt\/produkt\/300ml-analdusche-silikon-einlauf-klistier-elektrische-analdusche-und-vaginaldusche-klistierspritze-irrigator-rueckflussverhuetung-analspuelung-mit-5-klistier-loecher-anal-dusche-fuer-frauen-maen\/#breadcrumb","itemListElement":[{"@type":"ListItem","position":1,"name":"Startseite","item":"https:\/\/marktxxl.de\/markt\/"},{"@type":"ListItem","position":2,"name":"Markt","item":"https:\/\/marktxxl.de\/markt\/"},{"@type":"ListItem","position":3,"name":"Analdusche Intimdusche Elektrische Analdusche und Vaginaldusche 300ML Silikon Einlauf Klistier mit R\u00fcckfluss Verh\u00fctung\u2026"}]},{"@type":"WebSite","@id":"https:\/\/marktxxl.de\/markt\/#website","url":"https:\/\/marktxxl.de\/markt\/","name":"Markt-XXL","description":"Ihr Markt Online","publisher":{"@id":"https:\/\/marktxxl.de\/markt\/#organization"},"potentialAction":[{"@type":"SearchAction","target":{"@type":"EntryPoint","urlTemplate":"https:\/\/marktxxl.de\/markt\/?s={search_term_string}"},"query-input":{"@type":"PropertyValueSpecification","valueRequired":true,"valueName":"search_term_string"}}],"inLanguage":"de"},{"@type":"Organization","@id":"https:\/\/marktxxl.de\/markt\/#organization","name":"Markt-XXL","url":"https:\/\/marktxxl.de\/markt\/","logo":{"@type":"ImageObject","inLanguage":"de","@id":"https:\/\/marktxxl.de\/markt\/#\/schema\/logo\/image\/","url":"https:\/\/marktxxl.de\/markt\/wp-content\/uploads\/sites\/3\/2020\/12\/logo.png","contentUrl":"https:\/\/marktxxl.de\/markt\/wp-content\/uploads\/sites\/3\/2020\/12\/logo.png","width":200,"height":70,"caption":"Markt-XXL"},"image":{"@id":"https:\/\/marktxxl.de\/markt\/#\/schema\/logo\/image\/"}}]}},"_links":{"self":[{"href":"https:\/\/marktxxl.de\/markt\/wp-json\/wp\/v2\/product\/161544","targetHints":{"allow":["GET"]}}],"collection":[{"href":"https:\/\/marktxxl.de\/markt\/wp-json\/wp\/v2\/product"}],"about":[{"href":"https:\/\/marktxxl.de\/markt\/wp-json\/wp\/v2\/types\/product"}],"replies":[{"embeddable":true,"href":"https:\/\/marktxxl.de\/markt\/wp-json\/wp\/v2\/comments?post=161544"}],"wp:featuredmedia":[{"embeddable":true,"href":"https:\/\/marktxxl.de\/markt\/wp-json\/wp\/v2\/media\/161545"}],"wp:attachment":[{"href":"https:\/\/marktxxl.de\/markt\/wp-json\/wp\/v2\/media?parent=161544"}],"wp:term":[{"taxonomy":"product_brand","embeddable":true,"href":"https:\/\/marktxxl.de\/markt\/wp-json\/wp\/v2\/product_brand?post=161544"},{"taxonomy":"product_cat","embeddable":true,"href":"https:\/\/marktxxl.de\/markt\/wp-json\/wp\/v2\/product_cat?post=161544"},{"taxonomy":"product_tag","embeddable":true,"href":"https:\/\/marktxxl.de\/markt\/wp-json\/wp\/v2\/product_tag?post=161544"}],"curies":[{"name":"wp","href":"https:\/\/api.w.org\/{rel}","templated":true}]}}