{"id":161329,"date":"2022-11-10T19:49:56","date_gmt":"2022-11-10T18:49:56","guid":{"rendered":"https:\/\/marktxxl.de\/markt\/produkt\/cybex-gold-kinder-autositz-solution-s-fix-fuer-autos-mit-und-ohne-isofix-gruppe-2-3-15-36-kg-ab-ca-3-bis-ca-12-jahre-granite-black\/"},"modified":"2023-04-11T04:44:13","modified_gmt":"2023-04-11T02:44:13","slug":"cybex-gold-kinder-autositz-solution-s-fix-fuer-autos-mit-und-ohne-isofix-gruppe-2-3-15-36-kg-ab-ca-3-bis-ca-12-jahre-granite-black","status":"publish","type":"product","link":"https:\/\/marktxxl.de\/markt\/produkt\/cybex-gold-kinder-autositz-solution-s-fix-fuer-autos-mit-und-ohne-isofix-gruppe-2-3-15-36-kg-ab-ca-3-bis-ca-12-jahre-granite-black\/","title":{"rendered":"CYBEX Gold Kinder-Autositz Solution S-Fix, F\u00fcr Autos mit und ohne ISOFIX, Gruppe 2\/3 (15-36 kg), Ab ca. 3 bis ca. 12\u2026"},"content":{"rendered":"<p>Stabiler und hochwertiger Kinder-Autositz mit langer Nutzungsdauer &#8211; F\u00fcr Kinder im Alter von ca. 3 bis ca. 12 Jahren (15-36 kg), Geeignet f\u00fcr Autos mit und ohne ISOFIX<br \/>\nMaximale Sicherheit &#8211; Integrierter Seitenaufprallschutz (L.S.P. System), 3-fach neigungsverstellbare Kopfst\u00fctze, Energieabsorbierende Schale<br \/>\n12-fach verstellbare Komfortkopfst\u00fctze, Neigungsverstellbare R\u00fcckenlehne, Extra breites und tiefes Sitzkissen, Bel\u00fcftungssystem<br \/>\nEinfache Befestigung im Auto mit Fahrzeug-Sicherheitsgurt und optional zus\u00e4tzlich mit ISOFIX f\u00fcr extra Stabilit\u00e4t, Abnehmbarer Bezug &#8211; Waschmaschinengeeignet (30\u00b0C), Optional erh\u00e4ltliches Zubeh\u00f6r: Sommerbezug und Getr\u00e4nkehalter<br \/>\nLieferumfang: 1 Autositz Solution S-Fix mit ISOFIX Connect System, Inkl. ISOFIX Einbauhilfen, Material Bezug: 100 Prozent Polyester, Ma\u00dfe (LxBxH): 40,5 x 50 x 61 cm, Gewicht: 6,2 kg, Farbe: Granite Black<br \/>\n<div class=\"main-cross-sell\" data-asin=\"B07XPG77LF\">\n\n\t<div class=\"WooZone-cross-sell-loader\">\n\t\t<div>\n\t\t\t<div id=\"floatingBarsG\">\n\t\t\t\t<div class=\"blockG\" id=\"rotateG_01\"><\/div>\n\t\t\t\t<div class=\"blockG\" id=\"rotateG_02\"><\/div>\n\t\t\t\t<div class=\"blockG\" id=\"rotateG_03\"><\/div>\n\t\t\t\t<div class=\"blockG\" id=\"rotateG_04\"><\/div>\n\t\t\t\t<div class=\"blockG\" id=\"rotateG_05\"><\/div>\n\t\t\t\t<div class=\"blockG\" id=\"rotateG_06\"><\/div>\n\t\t\t\t<div class=\"blockG\" id=\"rotateG_07\"><\/div>\n\t\t\t\t<div class=\"blockG\" id=\"rotateG_08\"><\/div>\n\t\t\t<\/div>\n\t\t\t<div class=\"WooZone-cross-sell-loader-text\"><\/div>\n\t\t<\/div>\n\t<\/div>\n\n\t\t\n<\/div>\n<div style=\"clear:both;\"><\/div><\/p>\n","protected":false},"excerpt":{"rendered":"<p>Stabiler und hochwertiger Kinder-Autositz mit langer Nutzungsdauer &#8211; F\u00fcr Kinder im Alter von ca. 3 bis ca. 12 Jahren (15-36 kg), Geeignet f\u00fcr Autos mit und ohne ISOFIX<br \/>\nMaximale Sicherheit &#8211; Integrierter Seitenaufprallschutz (L.S.P. System), 3-fach neigungsverstellbare Kopfst\u00fctze, Energieabsorbierende Schale<br \/>\n12-fach verstellbare Komfortkopfst\u00fctze, Neigungsverstellbare R\u00fcckenlehne, Extra breites und tiefes Sitzkissen, Bel\u00fcftungssystem<\/p>\n","protected":false},"featured_media":161330,"comment_status":"open","ping_status":"closed","template":"","meta":[],"product_brand":[],"product_cat":[8765,21],"product_tag":[],"class_list":{"0":"post-161329","1":"product","2":"type-product","3":"status-publish","4":"has-post-thumbnail","6":"product_cat-autositze-zubehoer-baby","7":"product_cat-baby","8":"pa_binding-babyartikel","9":"pa_brand-cybex-gold","10":"pa_color-granite-black","11":"pa_height-24-015748007-zoll","12":"pa_length-15-9448818735-zoll","13":"pa_manufacturer-cybex-gold","14":"pa_model-43598","15":"pa_size-1-stueck-1er-pack","16":"pa_warranty-25987","17":"pa_weight-13-668660244-pfund","18":"pa_width-19-68503935-zoll","20":"first","21":"instock","22":"shipping-taxable","23":"purchasable","24":"product-type-simple","25":"customify-col","26":"product-has-gallery"},"yoast_head":"<!-- This site is optimized with the Yoast SEO plugin v27.3 - https:\/\/yoast.com\/product\/yoast-seo-wordpress\/ -->\n<title>CYBEX Gold Kinder-Autositz Solution S-Fix, F\u00fcr Autos mit und ohne ISOFIX, Gruppe 2\/3 (15-36 kg), Ab ca. 3 bis ca. 12\u2026 - Markt-XXL<\/title>\n<meta name=\"description\" content=\"Markt-XXL CYBEX Gold Kinder-Autositz Solution S-Fix, F\u00fcr Autos mit und ohne ISOFIX, Gruppe 2\/3 (15-36 kg), Ab ca. 3 bis ca. 12\u2026\" \/>\n<meta name=\"robots\" content=\"index, follow, max-snippet:-1, max-image-preview:large, max-video-preview:-1\" \/>\n<link rel=\"canonical\" href=\"https:\/\/marktxxl.de\/markt\/produkt\/cybex-gold-kinder-autositz-solution-s-fix-fuer-autos-mit-und-ohne-isofix-gruppe-2-3-15-36-kg-ab-ca-3-bis-ca-12-jahre-granite-black\/\" \/>\n<meta property=\"og:locale\" content=\"de_DE\" \/>\n<meta property=\"og:type\" content=\"article\" \/>\n<meta property=\"og:title\" content=\"CYBEX Gold Kinder-Autositz Solution S-Fix, F\u00fcr Autos mit und ohne ISOFIX, Gruppe 2\/3 (15-36 kg), Ab ca. 3 bis ca. 12\u2026 - Markt-XXL\" \/>\n<meta property=\"og:description\" content=\"Markt-XXL CYBEX Gold Kinder-Autositz Solution S-Fix, F\u00fcr Autos mit und ohne ISOFIX, Gruppe 2\/3 (15-36 kg), Ab ca. 3 bis ca. 12\u2026\" \/>\n<meta property=\"og:url\" content=\"https:\/\/marktxxl.de\/markt\/produkt\/cybex-gold-kinder-autositz-solution-s-fix-fuer-autos-mit-und-ohne-isofix-gruppe-2-3-15-36-kg-ab-ca-3-bis-ca-12-jahre-granite-black\/\" \/>\n<meta property=\"og:site_name\" content=\"Markt-XXL\" \/>\n<meta property=\"article:modified_time\" content=\"2023-04-11T02:44:13+00:00\" \/>\n<meta property=\"og:image\" content=\"https:\/\/m.media-amazon.com\/images\/I\/41OU7bDz6LL._SL500_.jpg\" \/>\n\t<meta property=\"og:image:width\" content=\"500\" \/>\n\t<meta property=\"og:image:height\" content=\"500\" \/>\n\t<meta property=\"og:image:type\" content=\"image\/jpeg\" \/>\n<meta name=\"twitter:card\" content=\"summary_large_image\" \/>\n<meta name=\"twitter:label1\" content=\"Gesch\u00e4tzte Lesezeit\" \/>\n\t<meta name=\"twitter:data1\" content=\"1\u00a0Minute\" \/>\n<script type=\"application\/ld+json\" class=\"yoast-schema-graph\">{\"@context\":\"https:\\\/\\\/schema.org\",\"@graph\":[{\"@type\":\"WebPage\",\"@id\":\"https:\\\/\\\/marktxxl.de\\\/markt\\\/produkt\\\/cybex-gold-kinder-autositz-solution-s-fix-fuer-autos-mit-und-ohne-isofix-gruppe-2-3-15-36-kg-ab-ca-3-bis-ca-12-jahre-granite-black\\\/\",\"url\":\"https:\\\/\\\/marktxxl.de\\\/markt\\\/produkt\\\/cybex-gold-kinder-autositz-solution-s-fix-fuer-autos-mit-und-ohne-isofix-gruppe-2-3-15-36-kg-ab-ca-3-bis-ca-12-jahre-granite-black\\\/\",\"name\":\"CYBEX Gold Kinder-Autositz Solution S-Fix, F\u00fcr Autos mit und ohne ISOFIX, Gruppe 2\\\/3 (15-36 kg), Ab ca. 3 bis ca. 12\u2026 - Markt-XXL\",\"isPartOf\":{\"@id\":\"https:\\\/\\\/marktxxl.de\\\/markt\\\/#website\"},\"primaryImageOfPage\":{\"@id\":\"https:\\\/\\\/marktxxl.de\\\/markt\\\/produkt\\\/cybex-gold-kinder-autositz-solution-s-fix-fuer-autos-mit-und-ohne-isofix-gruppe-2-3-15-36-kg-ab-ca-3-bis-ca-12-jahre-granite-black\\\/#primaryimage\"},\"image\":{\"@id\":\"https:\\\/\\\/marktxxl.de\\\/markt\\\/produkt\\\/cybex-gold-kinder-autositz-solution-s-fix-fuer-autos-mit-und-ohne-isofix-gruppe-2-3-15-36-kg-ab-ca-3-bis-ca-12-jahre-granite-black\\\/#primaryimage\"},\"thumbnailUrl\":\"https:\\\/\\\/m.media-amazon.com\\\/images\\\/I\\\/41OU7bDz6LL._SL500_.jpg\",\"datePublished\":\"2022-11-10T18:49:56+00:00\",\"dateModified\":\"2023-04-11T02:44:13+00:00\",\"description\":\"Markt-XXL CYBEX Gold Kinder-Autositz Solution S-Fix, F\u00fcr Autos mit und ohne ISOFIX, Gruppe 2\\\/3 (15-36 kg), Ab ca. 3 bis ca. 12\u2026\",\"breadcrumb\":{\"@id\":\"https:\\\/\\\/marktxxl.de\\\/markt\\\/produkt\\\/cybex-gold-kinder-autositz-solution-s-fix-fuer-autos-mit-und-ohne-isofix-gruppe-2-3-15-36-kg-ab-ca-3-bis-ca-12-jahre-granite-black\\\/#breadcrumb\"},\"inLanguage\":\"de\",\"potentialAction\":[{\"@type\":\"ReadAction\",\"target\":[\"https:\\\/\\\/marktxxl.de\\\/markt\\\/produkt\\\/cybex-gold-kinder-autositz-solution-s-fix-fuer-autos-mit-und-ohne-isofix-gruppe-2-3-15-36-kg-ab-ca-3-bis-ca-12-jahre-granite-black\\\/\"]}]},{\"@type\":\"ImageObject\",\"inLanguage\":\"de\",\"@id\":\"https:\\\/\\\/marktxxl.de\\\/markt\\\/produkt\\\/cybex-gold-kinder-autositz-solution-s-fix-fuer-autos-mit-und-ohne-isofix-gruppe-2-3-15-36-kg-ab-ca-3-bis-ca-12-jahre-granite-black\\\/#primaryimage\",\"url\":\"https:\\\/\\\/m.media-amazon.com\\\/images\\\/I\\\/41OU7bDz6LL._SL500_.jpg\",\"contentUrl\":\"https:\\\/\\\/m.media-amazon.com\\\/images\\\/I\\\/41OU7bDz6LL._SL500_.jpg\",\"width\":500,\"height\":500},{\"@type\":\"BreadcrumbList\",\"@id\":\"https:\\\/\\\/marktxxl.de\\\/markt\\\/produkt\\\/cybex-gold-kinder-autositz-solution-s-fix-fuer-autos-mit-und-ohne-isofix-gruppe-2-3-15-36-kg-ab-ca-3-bis-ca-12-jahre-granite-black\\\/#breadcrumb\",\"itemListElement\":[{\"@type\":\"ListItem\",\"position\":1,\"name\":\"Startseite\",\"item\":\"https:\\\/\\\/marktxxl.de\\\/markt\\\/\"},{\"@type\":\"ListItem\",\"position\":2,\"name\":\"Markt\",\"item\":\"https:\\\/\\\/marktxxl.de\\\/markt\\\/\"},{\"@type\":\"ListItem\",\"position\":3,\"name\":\"CYBEX Gold Kinder-Autositz Solution S-Fix, F\u00fcr Autos mit und ohne ISOFIX, Gruppe 2\\\/3 (15-36 kg), Ab ca. 3 bis ca. 12\u2026\"}]},{\"@type\":\"WebSite\",\"@id\":\"https:\\\/\\\/marktxxl.de\\\/markt\\\/#website\",\"url\":\"https:\\\/\\\/marktxxl.de\\\/markt\\\/\",\"name\":\"Markt-XXL\",\"description\":\"Ihr Markt Online\",\"publisher\":{\"@id\":\"https:\\\/\\\/marktxxl.de\\\/markt\\\/#organization\"},\"potentialAction\":[{\"@type\":\"SearchAction\",\"target\":{\"@type\":\"EntryPoint\",\"urlTemplate\":\"https:\\\/\\\/marktxxl.de\\\/markt\\\/?s={search_term_string}\"},\"query-input\":{\"@type\":\"PropertyValueSpecification\",\"valueRequired\":true,\"valueName\":\"search_term_string\"}}],\"inLanguage\":\"de\"},{\"@type\":\"Organization\",\"@id\":\"https:\\\/\\\/marktxxl.de\\\/markt\\\/#organization\",\"name\":\"Markt-XXL\",\"url\":\"https:\\\/\\\/marktxxl.de\\\/markt\\\/\",\"logo\":{\"@type\":\"ImageObject\",\"inLanguage\":\"de\",\"@id\":\"https:\\\/\\\/marktxxl.de\\\/markt\\\/#\\\/schema\\\/logo\\\/image\\\/\",\"url\":\"https:\\\/\\\/marktxxl.de\\\/markt\\\/wp-content\\\/uploads\\\/sites\\\/3\\\/2020\\\/12\\\/logo.png\",\"contentUrl\":\"https:\\\/\\\/marktxxl.de\\\/markt\\\/wp-content\\\/uploads\\\/sites\\\/3\\\/2020\\\/12\\\/logo.png\",\"width\":200,\"height\":70,\"caption\":\"Markt-XXL\"},\"image\":{\"@id\":\"https:\\\/\\\/marktxxl.de\\\/markt\\\/#\\\/schema\\\/logo\\\/image\\\/\"}}]}<\/script>\n<!-- \/ Yoast SEO plugin. -->","yoast_head_json":{"title":"CYBEX Gold Kinder-Autositz Solution S-Fix, F\u00fcr Autos mit und ohne ISOFIX, Gruppe 2\/3 (15-36 kg), Ab ca. 3 bis ca. 12\u2026 - Markt-XXL","description":"Markt-XXL CYBEX Gold Kinder-Autositz Solution S-Fix, F\u00fcr Autos mit und ohne ISOFIX, Gruppe 2\/3 (15-36 kg), Ab ca. 3 bis ca. 12\u2026","robots":{"index":"index","follow":"follow","max-snippet":"max-snippet:-1","max-image-preview":"max-image-preview:large","max-video-preview":"max-video-preview:-1"},"canonical":"https:\/\/marktxxl.de\/markt\/produkt\/cybex-gold-kinder-autositz-solution-s-fix-fuer-autos-mit-und-ohne-isofix-gruppe-2-3-15-36-kg-ab-ca-3-bis-ca-12-jahre-granite-black\/","og_locale":"de_DE","og_type":"article","og_title":"CYBEX Gold Kinder-Autositz Solution S-Fix, F\u00fcr Autos mit und ohne ISOFIX, Gruppe 2\/3 (15-36 kg), Ab ca. 3 bis ca. 12\u2026 - Markt-XXL","og_description":"Markt-XXL CYBEX Gold Kinder-Autositz Solution S-Fix, F\u00fcr Autos mit und ohne ISOFIX, Gruppe 2\/3 (15-36 kg), Ab ca. 3 bis ca. 12\u2026","og_url":"https:\/\/marktxxl.de\/markt\/produkt\/cybex-gold-kinder-autositz-solution-s-fix-fuer-autos-mit-und-ohne-isofix-gruppe-2-3-15-36-kg-ab-ca-3-bis-ca-12-jahre-granite-black\/","og_site_name":"Markt-XXL","article_modified_time":"2023-04-11T02:44:13+00:00","og_image":[{"width":500,"height":500,"url":"https:\/\/m.media-amazon.com\/images\/I\/41OU7bDz6LL._SL500_.jpg","type":"image\/jpeg"}],"twitter_card":"summary_large_image","twitter_misc":{"Gesch\u00e4tzte Lesezeit":"1\u00a0Minute"},"schema":{"@context":"https:\/\/schema.org","@graph":[{"@type":"WebPage","@id":"https:\/\/marktxxl.de\/markt\/produkt\/cybex-gold-kinder-autositz-solution-s-fix-fuer-autos-mit-und-ohne-isofix-gruppe-2-3-15-36-kg-ab-ca-3-bis-ca-12-jahre-granite-black\/","url":"https:\/\/marktxxl.de\/markt\/produkt\/cybex-gold-kinder-autositz-solution-s-fix-fuer-autos-mit-und-ohne-isofix-gruppe-2-3-15-36-kg-ab-ca-3-bis-ca-12-jahre-granite-black\/","name":"CYBEX Gold Kinder-Autositz Solution S-Fix, F\u00fcr Autos mit und ohne ISOFIX, Gruppe 2\/3 (15-36 kg), Ab ca. 3 bis ca. 12\u2026 - Markt-XXL","isPartOf":{"@id":"https:\/\/marktxxl.de\/markt\/#website"},"primaryImageOfPage":{"@id":"https:\/\/marktxxl.de\/markt\/produkt\/cybex-gold-kinder-autositz-solution-s-fix-fuer-autos-mit-und-ohne-isofix-gruppe-2-3-15-36-kg-ab-ca-3-bis-ca-12-jahre-granite-black\/#primaryimage"},"image":{"@id":"https:\/\/marktxxl.de\/markt\/produkt\/cybex-gold-kinder-autositz-solution-s-fix-fuer-autos-mit-und-ohne-isofix-gruppe-2-3-15-36-kg-ab-ca-3-bis-ca-12-jahre-granite-black\/#primaryimage"},"thumbnailUrl":"https:\/\/m.media-amazon.com\/images\/I\/41OU7bDz6LL._SL500_.jpg","datePublished":"2022-11-10T18:49:56+00:00","dateModified":"2023-04-11T02:44:13+00:00","description":"Markt-XXL CYBEX Gold Kinder-Autositz Solution S-Fix, F\u00fcr Autos mit und ohne ISOFIX, Gruppe 2\/3 (15-36 kg), Ab ca. 3 bis ca. 12\u2026","breadcrumb":{"@id":"https:\/\/marktxxl.de\/markt\/produkt\/cybex-gold-kinder-autositz-solution-s-fix-fuer-autos-mit-und-ohne-isofix-gruppe-2-3-15-36-kg-ab-ca-3-bis-ca-12-jahre-granite-black\/#breadcrumb"},"inLanguage":"de","potentialAction":[{"@type":"ReadAction","target":["https:\/\/marktxxl.de\/markt\/produkt\/cybex-gold-kinder-autositz-solution-s-fix-fuer-autos-mit-und-ohne-isofix-gruppe-2-3-15-36-kg-ab-ca-3-bis-ca-12-jahre-granite-black\/"]}]},{"@type":"ImageObject","inLanguage":"de","@id":"https:\/\/marktxxl.de\/markt\/produkt\/cybex-gold-kinder-autositz-solution-s-fix-fuer-autos-mit-und-ohne-isofix-gruppe-2-3-15-36-kg-ab-ca-3-bis-ca-12-jahre-granite-black\/#primaryimage","url":"https:\/\/m.media-amazon.com\/images\/I\/41OU7bDz6LL._SL500_.jpg","contentUrl":"https:\/\/m.media-amazon.com\/images\/I\/41OU7bDz6LL._SL500_.jpg","width":500,"height":500},{"@type":"BreadcrumbList","@id":"https:\/\/marktxxl.de\/markt\/produkt\/cybex-gold-kinder-autositz-solution-s-fix-fuer-autos-mit-und-ohne-isofix-gruppe-2-3-15-36-kg-ab-ca-3-bis-ca-12-jahre-granite-black\/#breadcrumb","itemListElement":[{"@type":"ListItem","position":1,"name":"Startseite","item":"https:\/\/marktxxl.de\/markt\/"},{"@type":"ListItem","position":2,"name":"Markt","item":"https:\/\/marktxxl.de\/markt\/"},{"@type":"ListItem","position":3,"name":"CYBEX Gold Kinder-Autositz Solution S-Fix, F\u00fcr Autos mit und ohne ISOFIX, Gruppe 2\/3 (15-36 kg), Ab ca. 3 bis ca. 12\u2026"}]},{"@type":"WebSite","@id":"https:\/\/marktxxl.de\/markt\/#website","url":"https:\/\/marktxxl.de\/markt\/","name":"Markt-XXL","description":"Ihr Markt Online","publisher":{"@id":"https:\/\/marktxxl.de\/markt\/#organization"},"potentialAction":[{"@type":"SearchAction","target":{"@type":"EntryPoint","urlTemplate":"https:\/\/marktxxl.de\/markt\/?s={search_term_string}"},"query-input":{"@type":"PropertyValueSpecification","valueRequired":true,"valueName":"search_term_string"}}],"inLanguage":"de"},{"@type":"Organization","@id":"https:\/\/marktxxl.de\/markt\/#organization","name":"Markt-XXL","url":"https:\/\/marktxxl.de\/markt\/","logo":{"@type":"ImageObject","inLanguage":"de","@id":"https:\/\/marktxxl.de\/markt\/#\/schema\/logo\/image\/","url":"https:\/\/marktxxl.de\/markt\/wp-content\/uploads\/sites\/3\/2020\/12\/logo.png","contentUrl":"https:\/\/marktxxl.de\/markt\/wp-content\/uploads\/sites\/3\/2020\/12\/logo.png","width":200,"height":70,"caption":"Markt-XXL"},"image":{"@id":"https:\/\/marktxxl.de\/markt\/#\/schema\/logo\/image\/"}}]}},"_links":{"self":[{"href":"https:\/\/marktxxl.de\/markt\/wp-json\/wp\/v2\/product\/161329","targetHints":{"allow":["GET"]}}],"collection":[{"href":"https:\/\/marktxxl.de\/markt\/wp-json\/wp\/v2\/product"}],"about":[{"href":"https:\/\/marktxxl.de\/markt\/wp-json\/wp\/v2\/types\/product"}],"replies":[{"embeddable":true,"href":"https:\/\/marktxxl.de\/markt\/wp-json\/wp\/v2\/comments?post=161329"}],"wp:featuredmedia":[{"embeddable":true,"href":"https:\/\/marktxxl.de\/markt\/wp-json\/wp\/v2\/media\/161330"}],"wp:attachment":[{"href":"https:\/\/marktxxl.de\/markt\/wp-json\/wp\/v2\/media?parent=161329"}],"wp:term":[{"taxonomy":"product_brand","embeddable":true,"href":"https:\/\/marktxxl.de\/markt\/wp-json\/wp\/v2\/product_brand?post=161329"},{"taxonomy":"product_cat","embeddable":true,"href":"https:\/\/marktxxl.de\/markt\/wp-json\/wp\/v2\/product_cat?post=161329"},{"taxonomy":"product_tag","embeddable":true,"href":"https:\/\/marktxxl.de\/markt\/wp-json\/wp\/v2\/product_tag?post=161329"}],"curies":[{"name":"wp","href":"https:\/\/api.w.org\/{rel}","templated":true}]}}