{"id":161077,"date":"2022-10-21T07:04:08","date_gmt":"2022-10-21T05:04:08","guid":{"rendered":"https:\/\/marktxxl.de\/markt\/produkt\/native-shoes-jefferson-child-12-13-100100-1501-kinder-slipper-grau-pigeon-grey-shell-white-gr-27-eu-10-us-c\/"},"modified":"2023-04-11T04:44:10","modified_gmt":"2023-04-11T02:44:10","slug":"native-shoes-jefferson-child-12-13-100100-1501-kinder-slipper-grau-pigeon-grey-shell-white-gr-27-eu-10-us-c","status":"publish","type":"product","link":"https:\/\/marktxxl.de\/markt\/produkt\/native-shoes-jefferson-child-12-13-100100-1501-kinder-slipper-grau-pigeon-grey-shell-white-gr-27-eu-10-us-c\/","title":{"rendered":"native shoes Jefferson Child 12\/13-100100-1501 Kinder Slipper, grau (Pigeon Grey\/Shell White), Gr. 27 EU \/ 10 US C"},"content":{"rendered":"<p>Ultraleicht und langlebig: Dieser Slip-On-Stil ist super leicht, ultra-bequem und f\u00fcr das Spielen gemacht; das EVA-Obermaterial ist flexibel und verf\u00fcgt \u00fcber durchgehende Perforationen, damit die F\u00fc\u00dfe atmen k\u00f6nnen<br \/>\nLeicht zu reinigen: Der Jefferson ist super leicht zu reinigen; einfach von Hand waschen, wenn n\u00f6tig, damit er frisch aussieht<br \/>\nF\u00e4llt schmal: Wenn der Fu\u00df breit ist, empfehlen wir, eine Gr\u00f6\u00dfe gr\u00f6\u00dfer zu w\u00e4hlen. Wenn der Fu\u00df schmal bis durchschnittliche Breite ist, k\u00f6nnen sie ihre wahre Gr\u00f6\u00dfe tragen<br \/>\nGemacht f\u00fcr alle: Fr\u00f6hlich, bunt, unbeschwert und lustig. Die Jefferson Kids gibt es in einer unendlichen Auswahl an Farben und Behandlungen, damit sie einen passenden Farbton finden k\u00f6nnen<br \/>\nLEICHT LEBEN: Durch Innovation, Nachhaltigkeit, Originalit\u00e4t und Leichtigkeit sind wir bestrebt, unseren Tag zu vereinfachen, unsere Umwelt zu versch\u00f6nern und unseren CO2-Fu\u00dfabdruck auf der Welt zu erleichtern<br \/>\n<div class=\"main-cross-sell\" data-asin=\"B074H5VXKP\">\n\n\t<div class=\"WooZone-cross-sell-loader\">\n\t\t<div>\n\t\t\t<div id=\"floatingBarsG\">\n\t\t\t\t<div class=\"blockG\" id=\"rotateG_01\"><\/div>\n\t\t\t\t<div class=\"blockG\" id=\"rotateG_02\"><\/div>\n\t\t\t\t<div class=\"blockG\" id=\"rotateG_03\"><\/div>\n\t\t\t\t<div class=\"blockG\" id=\"rotateG_04\"><\/div>\n\t\t\t\t<div class=\"blockG\" id=\"rotateG_05\"><\/div>\n\t\t\t\t<div class=\"blockG\" id=\"rotateG_06\"><\/div>\n\t\t\t\t<div class=\"blockG\" id=\"rotateG_07\"><\/div>\n\t\t\t\t<div class=\"blockG\" id=\"rotateG_08\"><\/div>\n\t\t\t<\/div>\n\t\t\t<div class=\"WooZone-cross-sell-loader-text\"><\/div>\n\t\t<\/div>\n\t<\/div>\n\n\t\t\n<\/div>\n<div style=\"clear:both;\"><\/div><\/p>\n","protected":false},"excerpt":{"rendered":"<p>Ultraleicht und langlebig: Dieser Slip-On-Stil ist super leicht, ultra-bequem und f\u00fcr das Spielen gemacht; das EVA-Obermaterial ist flexibel und verf\u00fcgt \u00fcber durchgehende Perforationen, damit die F\u00fc\u00dfe atmen k\u00f6nnen<br \/>\nLeicht zu reinigen: Der Jefferson ist super leicht zu reinigen; einfach von Hand waschen, wenn n\u00f6tig, damit er frisch aussieht<br \/>\nF\u00e4llt schmal: Wenn der Fu\u00df breit ist, empfehlen wir, eine Gr\u00f6\u00dfe gr\u00f6\u00dfer zu w\u00e4hlen. Wenn der Fu\u00df schmal bis durchschnittliche Breite ist, k\u00f6nnen sie ihre wahre Gr\u00f6\u00dfe tragen<\/p>\n","protected":false},"featured_media":161078,"comment_status":"open","ping_status":"closed","template":"","meta":[],"product_brand":[],"product_cat":[21,9036],"product_tag":[],"class_list":{"0":"post-161077","1":"product","2":"type-product","3":"status-publish","4":"has-post-thumbnail","6":"product_cat-baby","7":"product_cat-babyschuhe-baby","8":"pa_binding-textilien","9":"pa_brand-native-shoes","10":"pa_color-pigeon-grey-shell-white","11":"pa_height-3-13-zoll","12":"pa_length-7-54-zoll","13":"pa_manufacturer-native-shoes","14":"pa_model-16979","15":"pa_size-27-eu","16":"pa_weight-0-1-pfund","17":"pa_width-3-17-zoll","19":"first","20":"instock","21":"shipping-taxable","22":"purchasable","23":"product-type-simple","24":"customify-col","25":"product-has-gallery"},"yoast_head":"<!-- This site is optimized with the Yoast SEO plugin v27.4 - https:\/\/yoast.com\/product\/yoast-seo-wordpress\/ -->\n<title>native shoes Jefferson Child 12\/13-100100-1501 Kinder Slipper, grau (Pigeon Grey\/Shell White), Gr. 27 EU \/ 10 US C - Markt-XXL<\/title>\n<meta name=\"description\" content=\"Markt-XXL native shoes Jefferson Child 12\/13-100100-1501 Kinder Slipper, grau (Pigeon Grey\/Shell White), Gr. 27 EU \/ 10 US C\" \/>\n<meta name=\"robots\" content=\"index, follow, max-snippet:-1, max-image-preview:large, max-video-preview:-1\" \/>\n<link rel=\"canonical\" href=\"https:\/\/marktxxl.de\/markt\/produkt\/native-shoes-jefferson-child-12-13-100100-1501-kinder-slipper-grau-pigeon-grey-shell-white-gr-27-eu-10-us-c\/\" \/>\n<meta property=\"og:locale\" content=\"de_DE\" \/>\n<meta property=\"og:type\" content=\"article\" \/>\n<meta property=\"og:title\" content=\"native shoes Jefferson Child 12\/13-100100-1501 Kinder Slipper, grau (Pigeon Grey\/Shell White), Gr. 27 EU \/ 10 US C - Markt-XXL\" \/>\n<meta property=\"og:description\" content=\"Markt-XXL native shoes Jefferson Child 12\/13-100100-1501 Kinder Slipper, grau (Pigeon Grey\/Shell White), Gr. 27 EU \/ 10 US C\" \/>\n<meta property=\"og:url\" content=\"https:\/\/marktxxl.de\/markt\/produkt\/native-shoes-jefferson-child-12-13-100100-1501-kinder-slipper-grau-pigeon-grey-shell-white-gr-27-eu-10-us-c\/\" \/>\n<meta property=\"og:site_name\" content=\"Markt-XXL\" \/>\n<meta property=\"article:modified_time\" content=\"2023-04-11T02:44:10+00:00\" \/>\n<meta property=\"og:image\" content=\"https:\/\/m.media-amazon.com\/images\/I\/31Kst1B9XrS._SL500_.jpg\" \/>\n\t<meta property=\"og:image:width\" content=\"500\" \/>\n\t<meta property=\"og:image:height\" content=\"278\" \/>\n\t<meta property=\"og:image:type\" content=\"image\/jpeg\" \/>\n<meta name=\"twitter:card\" content=\"summary_large_image\" \/>\n<meta name=\"twitter:label1\" content=\"Gesch\u00e4tzte Lesezeit\" \/>\n\t<meta name=\"twitter:data1\" content=\"1\u00a0Minute\" \/>\n<script type=\"application\/ld+json\" class=\"yoast-schema-graph\">{\"@context\":\"https:\\\/\\\/schema.org\",\"@graph\":[{\"@type\":\"WebPage\",\"@id\":\"https:\\\/\\\/marktxxl.de\\\/markt\\\/produkt\\\/native-shoes-jefferson-child-12-13-100100-1501-kinder-slipper-grau-pigeon-grey-shell-white-gr-27-eu-10-us-c\\\/\",\"url\":\"https:\\\/\\\/marktxxl.de\\\/markt\\\/produkt\\\/native-shoes-jefferson-child-12-13-100100-1501-kinder-slipper-grau-pigeon-grey-shell-white-gr-27-eu-10-us-c\\\/\",\"name\":\"native shoes Jefferson Child 12\\\/13-100100-1501 Kinder Slipper, grau (Pigeon Grey\\\/Shell White), Gr. 27 EU \\\/ 10 US C - Markt-XXL\",\"isPartOf\":{\"@id\":\"https:\\\/\\\/marktxxl.de\\\/markt\\\/#website\"},\"primaryImageOfPage\":{\"@id\":\"https:\\\/\\\/marktxxl.de\\\/markt\\\/produkt\\\/native-shoes-jefferson-child-12-13-100100-1501-kinder-slipper-grau-pigeon-grey-shell-white-gr-27-eu-10-us-c\\\/#primaryimage\"},\"image\":{\"@id\":\"https:\\\/\\\/marktxxl.de\\\/markt\\\/produkt\\\/native-shoes-jefferson-child-12-13-100100-1501-kinder-slipper-grau-pigeon-grey-shell-white-gr-27-eu-10-us-c\\\/#primaryimage\"},\"thumbnailUrl\":\"https:\\\/\\\/m.media-amazon.com\\\/images\\\/I\\\/31Kst1B9XrS._SL500_.jpg\",\"datePublished\":\"2022-10-21T05:04:08+00:00\",\"dateModified\":\"2023-04-11T02:44:10+00:00\",\"description\":\"Markt-XXL native shoes Jefferson Child 12\\\/13-100100-1501 Kinder Slipper, grau (Pigeon Grey\\\/Shell White), Gr. 27 EU \\\/ 10 US C\",\"breadcrumb\":{\"@id\":\"https:\\\/\\\/marktxxl.de\\\/markt\\\/produkt\\\/native-shoes-jefferson-child-12-13-100100-1501-kinder-slipper-grau-pigeon-grey-shell-white-gr-27-eu-10-us-c\\\/#breadcrumb\"},\"inLanguage\":\"de\",\"potentialAction\":[{\"@type\":\"ReadAction\",\"target\":[\"https:\\\/\\\/marktxxl.de\\\/markt\\\/produkt\\\/native-shoes-jefferson-child-12-13-100100-1501-kinder-slipper-grau-pigeon-grey-shell-white-gr-27-eu-10-us-c\\\/\"]}]},{\"@type\":\"ImageObject\",\"inLanguage\":\"de\",\"@id\":\"https:\\\/\\\/marktxxl.de\\\/markt\\\/produkt\\\/native-shoes-jefferson-child-12-13-100100-1501-kinder-slipper-grau-pigeon-grey-shell-white-gr-27-eu-10-us-c\\\/#primaryimage\",\"url\":\"https:\\\/\\\/m.media-amazon.com\\\/images\\\/I\\\/31Kst1B9XrS._SL500_.jpg\",\"contentUrl\":\"https:\\\/\\\/m.media-amazon.com\\\/images\\\/I\\\/31Kst1B9XrS._SL500_.jpg\",\"width\":500,\"height\":278},{\"@type\":\"BreadcrumbList\",\"@id\":\"https:\\\/\\\/marktxxl.de\\\/markt\\\/produkt\\\/native-shoes-jefferson-child-12-13-100100-1501-kinder-slipper-grau-pigeon-grey-shell-white-gr-27-eu-10-us-c\\\/#breadcrumb\",\"itemListElement\":[{\"@type\":\"ListItem\",\"position\":1,\"name\":\"Startseite\",\"item\":\"https:\\\/\\\/marktxxl.de\\\/markt\\\/\"},{\"@type\":\"ListItem\",\"position\":2,\"name\":\"Markt\",\"item\":\"https:\\\/\\\/marktxxl.de\\\/markt\\\/\"},{\"@type\":\"ListItem\",\"position\":3,\"name\":\"native shoes Jefferson Child 12\\\/13-100100-1501 Kinder Slipper, grau (Pigeon Grey\\\/Shell White), Gr. 27 EU \\\/ 10 US C\"}]},{\"@type\":\"WebSite\",\"@id\":\"https:\\\/\\\/marktxxl.de\\\/markt\\\/#website\",\"url\":\"https:\\\/\\\/marktxxl.de\\\/markt\\\/\",\"name\":\"Markt-XXL\",\"description\":\"Ihr Markt Online\",\"publisher\":{\"@id\":\"https:\\\/\\\/marktxxl.de\\\/markt\\\/#organization\"},\"potentialAction\":[{\"@type\":\"SearchAction\",\"target\":{\"@type\":\"EntryPoint\",\"urlTemplate\":\"https:\\\/\\\/marktxxl.de\\\/markt\\\/?s={search_term_string}\"},\"query-input\":{\"@type\":\"PropertyValueSpecification\",\"valueRequired\":true,\"valueName\":\"search_term_string\"}}],\"inLanguage\":\"de\"},{\"@type\":\"Organization\",\"@id\":\"https:\\\/\\\/marktxxl.de\\\/markt\\\/#organization\",\"name\":\"Markt-XXL\",\"url\":\"https:\\\/\\\/marktxxl.de\\\/markt\\\/\",\"logo\":{\"@type\":\"ImageObject\",\"inLanguage\":\"de\",\"@id\":\"https:\\\/\\\/marktxxl.de\\\/markt\\\/#\\\/schema\\\/logo\\\/image\\\/\",\"url\":\"https:\\\/\\\/marktxxl.de\\\/markt\\\/wp-content\\\/uploads\\\/sites\\\/3\\\/2020\\\/12\\\/logo.png\",\"contentUrl\":\"https:\\\/\\\/marktxxl.de\\\/markt\\\/wp-content\\\/uploads\\\/sites\\\/3\\\/2020\\\/12\\\/logo.png\",\"width\":200,\"height\":70,\"caption\":\"Markt-XXL\"},\"image\":{\"@id\":\"https:\\\/\\\/marktxxl.de\\\/markt\\\/#\\\/schema\\\/logo\\\/image\\\/\"}}]}<\/script>\n<!-- \/ Yoast SEO plugin. -->","yoast_head_json":{"title":"native shoes Jefferson Child 12\/13-100100-1501 Kinder Slipper, grau (Pigeon Grey\/Shell White), Gr. 27 EU \/ 10 US C - Markt-XXL","description":"Markt-XXL native shoes Jefferson Child 12\/13-100100-1501 Kinder Slipper, grau (Pigeon Grey\/Shell White), Gr. 27 EU \/ 10 US C","robots":{"index":"index","follow":"follow","max-snippet":"max-snippet:-1","max-image-preview":"max-image-preview:large","max-video-preview":"max-video-preview:-1"},"canonical":"https:\/\/marktxxl.de\/markt\/produkt\/native-shoes-jefferson-child-12-13-100100-1501-kinder-slipper-grau-pigeon-grey-shell-white-gr-27-eu-10-us-c\/","og_locale":"de_DE","og_type":"article","og_title":"native shoes Jefferson Child 12\/13-100100-1501 Kinder Slipper, grau (Pigeon Grey\/Shell White), Gr. 27 EU \/ 10 US C - Markt-XXL","og_description":"Markt-XXL native shoes Jefferson Child 12\/13-100100-1501 Kinder Slipper, grau (Pigeon Grey\/Shell White), Gr. 27 EU \/ 10 US C","og_url":"https:\/\/marktxxl.de\/markt\/produkt\/native-shoes-jefferson-child-12-13-100100-1501-kinder-slipper-grau-pigeon-grey-shell-white-gr-27-eu-10-us-c\/","og_site_name":"Markt-XXL","article_modified_time":"2023-04-11T02:44:10+00:00","og_image":[{"width":500,"height":278,"url":"https:\/\/m.media-amazon.com\/images\/I\/31Kst1B9XrS._SL500_.jpg","type":"image\/jpeg"}],"twitter_card":"summary_large_image","twitter_misc":{"Gesch\u00e4tzte Lesezeit":"1\u00a0Minute"},"schema":{"@context":"https:\/\/schema.org","@graph":[{"@type":"WebPage","@id":"https:\/\/marktxxl.de\/markt\/produkt\/native-shoes-jefferson-child-12-13-100100-1501-kinder-slipper-grau-pigeon-grey-shell-white-gr-27-eu-10-us-c\/","url":"https:\/\/marktxxl.de\/markt\/produkt\/native-shoes-jefferson-child-12-13-100100-1501-kinder-slipper-grau-pigeon-grey-shell-white-gr-27-eu-10-us-c\/","name":"native shoes Jefferson Child 12\/13-100100-1501 Kinder Slipper, grau (Pigeon Grey\/Shell White), Gr. 27 EU \/ 10 US C - Markt-XXL","isPartOf":{"@id":"https:\/\/marktxxl.de\/markt\/#website"},"primaryImageOfPage":{"@id":"https:\/\/marktxxl.de\/markt\/produkt\/native-shoes-jefferson-child-12-13-100100-1501-kinder-slipper-grau-pigeon-grey-shell-white-gr-27-eu-10-us-c\/#primaryimage"},"image":{"@id":"https:\/\/marktxxl.de\/markt\/produkt\/native-shoes-jefferson-child-12-13-100100-1501-kinder-slipper-grau-pigeon-grey-shell-white-gr-27-eu-10-us-c\/#primaryimage"},"thumbnailUrl":"https:\/\/m.media-amazon.com\/images\/I\/31Kst1B9XrS._SL500_.jpg","datePublished":"2022-10-21T05:04:08+00:00","dateModified":"2023-04-11T02:44:10+00:00","description":"Markt-XXL native shoes Jefferson Child 12\/13-100100-1501 Kinder Slipper, grau (Pigeon Grey\/Shell White), Gr. 27 EU \/ 10 US C","breadcrumb":{"@id":"https:\/\/marktxxl.de\/markt\/produkt\/native-shoes-jefferson-child-12-13-100100-1501-kinder-slipper-grau-pigeon-grey-shell-white-gr-27-eu-10-us-c\/#breadcrumb"},"inLanguage":"de","potentialAction":[{"@type":"ReadAction","target":["https:\/\/marktxxl.de\/markt\/produkt\/native-shoes-jefferson-child-12-13-100100-1501-kinder-slipper-grau-pigeon-grey-shell-white-gr-27-eu-10-us-c\/"]}]},{"@type":"ImageObject","inLanguage":"de","@id":"https:\/\/marktxxl.de\/markt\/produkt\/native-shoes-jefferson-child-12-13-100100-1501-kinder-slipper-grau-pigeon-grey-shell-white-gr-27-eu-10-us-c\/#primaryimage","url":"https:\/\/m.media-amazon.com\/images\/I\/31Kst1B9XrS._SL500_.jpg","contentUrl":"https:\/\/m.media-amazon.com\/images\/I\/31Kst1B9XrS._SL500_.jpg","width":500,"height":278},{"@type":"BreadcrumbList","@id":"https:\/\/marktxxl.de\/markt\/produkt\/native-shoes-jefferson-child-12-13-100100-1501-kinder-slipper-grau-pigeon-grey-shell-white-gr-27-eu-10-us-c\/#breadcrumb","itemListElement":[{"@type":"ListItem","position":1,"name":"Startseite","item":"https:\/\/marktxxl.de\/markt\/"},{"@type":"ListItem","position":2,"name":"Markt","item":"https:\/\/marktxxl.de\/markt\/"},{"@type":"ListItem","position":3,"name":"native shoes Jefferson Child 12\/13-100100-1501 Kinder Slipper, grau (Pigeon Grey\/Shell White), Gr. 27 EU \/ 10 US C"}]},{"@type":"WebSite","@id":"https:\/\/marktxxl.de\/markt\/#website","url":"https:\/\/marktxxl.de\/markt\/","name":"Markt-XXL","description":"Ihr Markt Online","publisher":{"@id":"https:\/\/marktxxl.de\/markt\/#organization"},"potentialAction":[{"@type":"SearchAction","target":{"@type":"EntryPoint","urlTemplate":"https:\/\/marktxxl.de\/markt\/?s={search_term_string}"},"query-input":{"@type":"PropertyValueSpecification","valueRequired":true,"valueName":"search_term_string"}}],"inLanguage":"de"},{"@type":"Organization","@id":"https:\/\/marktxxl.de\/markt\/#organization","name":"Markt-XXL","url":"https:\/\/marktxxl.de\/markt\/","logo":{"@type":"ImageObject","inLanguage":"de","@id":"https:\/\/marktxxl.de\/markt\/#\/schema\/logo\/image\/","url":"https:\/\/marktxxl.de\/markt\/wp-content\/uploads\/sites\/3\/2020\/12\/logo.png","contentUrl":"https:\/\/marktxxl.de\/markt\/wp-content\/uploads\/sites\/3\/2020\/12\/logo.png","width":200,"height":70,"caption":"Markt-XXL"},"image":{"@id":"https:\/\/marktxxl.de\/markt\/#\/schema\/logo\/image\/"}}]}},"_links":{"self":[{"href":"https:\/\/marktxxl.de\/markt\/wp-json\/wp\/v2\/product\/161077","targetHints":{"allow":["GET"]}}],"collection":[{"href":"https:\/\/marktxxl.de\/markt\/wp-json\/wp\/v2\/product"}],"about":[{"href":"https:\/\/marktxxl.de\/markt\/wp-json\/wp\/v2\/types\/product"}],"replies":[{"embeddable":true,"href":"https:\/\/marktxxl.de\/markt\/wp-json\/wp\/v2\/comments?post=161077"}],"wp:featuredmedia":[{"embeddable":true,"href":"https:\/\/marktxxl.de\/markt\/wp-json\/wp\/v2\/media\/161078"}],"wp:attachment":[{"href":"https:\/\/marktxxl.de\/markt\/wp-json\/wp\/v2\/media?parent=161077"}],"wp:term":[{"taxonomy":"product_brand","embeddable":true,"href":"https:\/\/marktxxl.de\/markt\/wp-json\/wp\/v2\/product_brand?post=161077"},{"taxonomy":"product_cat","embeddable":true,"href":"https:\/\/marktxxl.de\/markt\/wp-json\/wp\/v2\/product_cat?post=161077"},{"taxonomy":"product_tag","embeddable":true,"href":"https:\/\/marktxxl.de\/markt\/wp-json\/wp\/v2\/product_tag?post=161077"}],"curies":[{"name":"wp","href":"https:\/\/api.w.org\/{rel}","templated":true}]}}