{"id":160626,"date":"2022-10-12T10:37:29","date_gmt":"2022-10-12T08:37:29","guid":{"rendered":"https:\/\/marktxxl.de\/markt\/produkt\/gua-sha-rose-quartz-tools-body-muscle-face-eye-scalp-neck-massager-anti-aging-facial-tool-astym-fascia-massage-physical-therapy-point-beauty-lift-skin-care-set-storage-case-e-book\/"},"modified":"2023-04-11T04:44:04","modified_gmt":"2023-04-11T02:44:04","slug":"gua-sha-rose-quartz-tools-body-muscle-face-eye-scalp-neck-massager-anti-aging-facial-tool-astym-fascia-massage-physical-therapy-point-beauty-lift-skin-care-set-storage-case-e-book","status":"publish","type":"product","link":"https:\/\/marktxxl.de\/markt\/produkt\/gua-sha-rose-quartz-tools-body-muscle-face-eye-scalp-neck-massager-anti-aging-facial-tool-astym-fascia-massage-physical-therapy-point-beauty-lift-skin-care-set-storage-case-e-book\/","title":{"rendered":"Gro\u00dfes Gua Sha Massage-Werkzeug-Set \u2013 4-teilig \u2013 Hautpflege- und Massage-Routine \u2013 Scraping-Massage-Werkzeuge \u2013 Gesichts\u2026"},"content":{"rendered":"<p>\u2705 Warum Gua Sha? \u2013 es funktioniert hervorragend am gesamten K\u00f6rper. Entspannt Muskelkater, w\u00e4hrend der K\u00f6rper entgiftet wird. Ein t\u00e4gliches Mittel gegen Schmerzen, Stress und Kopfschmerzen, Freisetzung von positiver Energie. Es gl\u00e4ttet auch die Gesichtshaut, reduziert Falten und verbessert den Teint. Es ist eine einfache und effiziente Heiltechnik, mit sofortigen Ergebnissen.<br \/>\n\u2705 Guasha-Schaber-Instrumente werden mit der unterst\u00fctzten Mobilisierung des Weichgewebes verglichen und k\u00f6nnen von jedem verwendet werden, der ein Interesse an myofaszialer Entspannung, Anti-Aging, Akupunktur, Akupressur, Schr\u00f6pftherapie, Reflexzonenmassage hat. Weitere Vorteile: behandelt Plantarfasziitis, baut Narbengewebe auf, verbessert die Mobilit\u00e4t, reduziert Schmerzen, stimuliert das Immunsystem.<br \/>\n\u2705 Komplettes Set mit 4 Guasha-Tafeln und Aufbewahrungstasche \u2013 es kann das perfekte Geschenk sein. Die GuaSha Werkzeuge werden sorgf\u00e4ltig in einem hochwertigen Segeltuchkoffer verpackt, der speziell mit einzelnen Taschen entworfen wurde, die Ihnen helfen, Kratzer oder Bremsen zu vermeiden und sie leicht zu tragen. Verschiedene Formen und Gr\u00f6\u00dfen bieten Ihnen eine komplette therapeutische Massage.<br \/>\n\u2705 100% ECHTES SIBIN BIANSTONE &#8211; gilt als das beste Material f\u00fcr Gua Sha Werkzeuge. Wenn Sie auf der Suche nach einem authentischen, alten Gua Sha Erlebnis sind, verwenden Sie Bian Steine. Sie sind das beste Massageger\u00e4t.<br \/>\n\u2705 KOSTENLOSE ANLEITUNG F\u00dcR DEN BENUTZUNGS-EBOOK \u2013 beschreibt die Gua Sha Vorteile und Anweisungen zur Verwendung und Schl\u00fcsselpunkte dieser Massage-Technik. Wir empfehlen Ihnen, dieses eBook vor Beginn der Therapie zu lesen.<br \/>\n<div class=\"main-cross-sell\" data-asin=\"B0837FQS46\">\n\n\t<div class=\"WooZone-cross-sell-loader\">\n\t\t<div>\n\t\t\t<div id=\"floatingBarsG\">\n\t\t\t\t<div class=\"blockG\" id=\"rotateG_01\"><\/div>\n\t\t\t\t<div class=\"blockG\" id=\"rotateG_02\"><\/div>\n\t\t\t\t<div class=\"blockG\" id=\"rotateG_03\"><\/div>\n\t\t\t\t<div class=\"blockG\" id=\"rotateG_04\"><\/div>\n\t\t\t\t<div class=\"blockG\" id=\"rotateG_05\"><\/div>\n\t\t\t\t<div class=\"blockG\" id=\"rotateG_06\"><\/div>\n\t\t\t\t<div class=\"blockG\" id=\"rotateG_07\"><\/div>\n\t\t\t\t<div class=\"blockG\" id=\"rotateG_08\"><\/div>\n\t\t\t<\/div>\n\t\t\t<div class=\"WooZone-cross-sell-loader-text\"><\/div>\n\t\t<\/div>\n\t<\/div>\n\n\t\t\n<\/div>\n<div style=\"clear:both;\"><\/div><\/p>\n","protected":false},"excerpt":{"rendered":"<p>\u2705 Warum Gua Sha? \u2013 es funktioniert hervorragend am gesamten K\u00f6rper. Entspannt Muskelkater, w\u00e4hrend der K\u00f6rper entgiftet wird. Ein t\u00e4gliches Mittel gegen Schmerzen, Stress und Kopfschmerzen, Freisetzung von positiver Energie. Es gl\u00e4ttet auch die Gesichtshaut, reduziert Falten und verbessert den Teint. Es ist eine einfache und effiziente Heiltechnik, mit sofortigen Ergebnissen.<br \/>\n\u2705 Guasha-Schaber-Instrumente werden mit der unterst\u00fctzten Mobilisierung des Weichgewebes verglichen und k\u00f6nnen von jedem verwendet werden, der ein Interesse an myofaszialer Entspannung, Anti-Aging, Akupunktur, Akupressur, Schr\u00f6pftherapie, Reflexzonenmassage hat. Weitere Vorteile: behandelt Plantarfasziitis, baut Narbengewebe auf, verbessert die Mobilit\u00e4t, reduziert Schmerzen, stimuliert das Immunsystem.<br \/>\n\u2705 Komplettes Set mit 4 Guasha-Tafeln und Aufbewahrungstasche \u2013 es kann das perfekte Geschenk sein. Die GuaSha Werkzeuge werden sorgf\u00e4ltig in einem hochwertigen Segeltuchkoffer verpackt, der speziell mit einzelnen Taschen entworfen wurde, die Ihnen helfen, Kratzer oder Bremsen zu vermeiden und sie leicht zu tragen. Verschiedene Formen und Gr\u00f6\u00dfen bieten Ihnen eine komplette therapeutische Massage.<\/p>\n","protected":false},"featured_media":160627,"comment_status":"open","ping_status":"closed","template":"","meta":[],"product_brand":[],"product_cat":[566,5775],"product_tag":[],"class_list":{"0":"post-160626","1":"product","2":"type-product","3":"status-publish","4":"has-post-thumbnail","6":"product_cat-drogerie-koerperpflege","7":"product_cat-kontaktlinsen-brillen","8":"pa_binding-badartikel","9":"pa_brand-hana-emi","10":"pa_manufacturer-hana-emi","12":"first","13":"instock","14":"shipping-taxable","15":"purchasable","16":"product-type-simple","17":"customify-col","18":"product-has-gallery"},"yoast_head":"<!-- This site is optimized with the Yoast SEO plugin v27.4 - https:\/\/yoast.com\/product\/yoast-seo-wordpress\/ -->\n<title>Gro\u00dfes Gua Sha Massage-Werkzeug-Set \u2013 4-teilig \u2013 Hautpflege- und Massage-Routine \u2013 Scraping-Massage-Werkzeuge \u2013 Gesichts\u2026 - Markt-XXL<\/title>\n<meta name=\"description\" content=\"Markt-XXL Gro\u00dfes Gua Sha Massage-Werkzeug-Set \u2013 4-teilig \u2013 Hautpflege- und Massage-Routine \u2013 Scraping-Massage-Werkzeuge \u2013 Gesichts\u2026\" \/>\n<meta name=\"robots\" content=\"index, follow, max-snippet:-1, max-image-preview:large, max-video-preview:-1\" \/>\n<link rel=\"canonical\" href=\"https:\/\/marktxxl.de\/markt\/produkt\/gua-sha-rose-quartz-tools-body-muscle-face-eye-scalp-neck-massager-anti-aging-facial-tool-astym-fascia-massage-physical-therapy-point-beauty-lift-skin-care-set-storage-case-e-book\/\" \/>\n<meta property=\"og:locale\" content=\"de_DE\" \/>\n<meta property=\"og:type\" content=\"article\" \/>\n<meta property=\"og:title\" content=\"Gro\u00dfes Gua Sha Massage-Werkzeug-Set \u2013 4-teilig \u2013 Hautpflege- und Massage-Routine \u2013 Scraping-Massage-Werkzeuge \u2013 Gesichts\u2026 - Markt-XXL\" \/>\n<meta property=\"og:description\" content=\"Markt-XXL Gro\u00dfes Gua Sha Massage-Werkzeug-Set \u2013 4-teilig \u2013 Hautpflege- und Massage-Routine \u2013 Scraping-Massage-Werkzeuge \u2013 Gesichts\u2026\" \/>\n<meta property=\"og:url\" content=\"https:\/\/marktxxl.de\/markt\/produkt\/gua-sha-rose-quartz-tools-body-muscle-face-eye-scalp-neck-massager-anti-aging-facial-tool-astym-fascia-massage-physical-therapy-point-beauty-lift-skin-care-set-storage-case-e-book\/\" \/>\n<meta property=\"og:site_name\" content=\"Markt-XXL\" \/>\n<meta property=\"article:modified_time\" content=\"2023-04-11T02:44:04+00:00\" \/>\n<meta property=\"og:image\" content=\"https:\/\/m.media-amazon.com\/images\/I\/41kTvVDqIYL._SL500_.jpg\" \/>\n\t<meta property=\"og:image:width\" content=\"500\" \/>\n\t<meta property=\"og:image:height\" content=\"500\" \/>\n\t<meta property=\"og:image:type\" content=\"image\/jpeg\" \/>\n<meta name=\"twitter:card\" content=\"summary_large_image\" \/>\n<meta name=\"twitter:label1\" content=\"Gesch\u00e4tzte Lesezeit\" \/>\n\t<meta name=\"twitter:data1\" content=\"1\u00a0Minute\" \/>\n<script type=\"application\/ld+json\" class=\"yoast-schema-graph\">{\"@context\":\"https:\\\/\\\/schema.org\",\"@graph\":[{\"@type\":\"WebPage\",\"@id\":\"https:\\\/\\\/marktxxl.de\\\/markt\\\/produkt\\\/gua-sha-rose-quartz-tools-body-muscle-face-eye-scalp-neck-massager-anti-aging-facial-tool-astym-fascia-massage-physical-therapy-point-beauty-lift-skin-care-set-storage-case-e-book\\\/\",\"url\":\"https:\\\/\\\/marktxxl.de\\\/markt\\\/produkt\\\/gua-sha-rose-quartz-tools-body-muscle-face-eye-scalp-neck-massager-anti-aging-facial-tool-astym-fascia-massage-physical-therapy-point-beauty-lift-skin-care-set-storage-case-e-book\\\/\",\"name\":\"Gro\u00dfes Gua Sha Massage-Werkzeug-Set \u2013 4-teilig \u2013 Hautpflege- und Massage-Routine \u2013 Scraping-Massage-Werkzeuge \u2013 Gesichts\u2026 - Markt-XXL\",\"isPartOf\":{\"@id\":\"https:\\\/\\\/marktxxl.de\\\/markt\\\/#website\"},\"primaryImageOfPage\":{\"@id\":\"https:\\\/\\\/marktxxl.de\\\/markt\\\/produkt\\\/gua-sha-rose-quartz-tools-body-muscle-face-eye-scalp-neck-massager-anti-aging-facial-tool-astym-fascia-massage-physical-therapy-point-beauty-lift-skin-care-set-storage-case-e-book\\\/#primaryimage\"},\"image\":{\"@id\":\"https:\\\/\\\/marktxxl.de\\\/markt\\\/produkt\\\/gua-sha-rose-quartz-tools-body-muscle-face-eye-scalp-neck-massager-anti-aging-facial-tool-astym-fascia-massage-physical-therapy-point-beauty-lift-skin-care-set-storage-case-e-book\\\/#primaryimage\"},\"thumbnailUrl\":\"https:\\\/\\\/m.media-amazon.com\\\/images\\\/I\\\/41kTvVDqIYL._SL500_.jpg\",\"datePublished\":\"2022-10-12T08:37:29+00:00\",\"dateModified\":\"2023-04-11T02:44:04+00:00\",\"description\":\"Markt-XXL Gro\u00dfes Gua Sha Massage-Werkzeug-Set \u2013 4-teilig \u2013 Hautpflege- und Massage-Routine \u2013 Scraping-Massage-Werkzeuge \u2013 Gesichts\u2026\",\"breadcrumb\":{\"@id\":\"https:\\\/\\\/marktxxl.de\\\/markt\\\/produkt\\\/gua-sha-rose-quartz-tools-body-muscle-face-eye-scalp-neck-massager-anti-aging-facial-tool-astym-fascia-massage-physical-therapy-point-beauty-lift-skin-care-set-storage-case-e-book\\\/#breadcrumb\"},\"inLanguage\":\"de\",\"potentialAction\":[{\"@type\":\"ReadAction\",\"target\":[\"https:\\\/\\\/marktxxl.de\\\/markt\\\/produkt\\\/gua-sha-rose-quartz-tools-body-muscle-face-eye-scalp-neck-massager-anti-aging-facial-tool-astym-fascia-massage-physical-therapy-point-beauty-lift-skin-care-set-storage-case-e-book\\\/\"]}]},{\"@type\":\"ImageObject\",\"inLanguage\":\"de\",\"@id\":\"https:\\\/\\\/marktxxl.de\\\/markt\\\/produkt\\\/gua-sha-rose-quartz-tools-body-muscle-face-eye-scalp-neck-massager-anti-aging-facial-tool-astym-fascia-massage-physical-therapy-point-beauty-lift-skin-care-set-storage-case-e-book\\\/#primaryimage\",\"url\":\"https:\\\/\\\/m.media-amazon.com\\\/images\\\/I\\\/41kTvVDqIYL._SL500_.jpg\",\"contentUrl\":\"https:\\\/\\\/m.media-amazon.com\\\/images\\\/I\\\/41kTvVDqIYL._SL500_.jpg\",\"width\":500,\"height\":500},{\"@type\":\"BreadcrumbList\",\"@id\":\"https:\\\/\\\/marktxxl.de\\\/markt\\\/produkt\\\/gua-sha-rose-quartz-tools-body-muscle-face-eye-scalp-neck-massager-anti-aging-facial-tool-astym-fascia-massage-physical-therapy-point-beauty-lift-skin-care-set-storage-case-e-book\\\/#breadcrumb\",\"itemListElement\":[{\"@type\":\"ListItem\",\"position\":1,\"name\":\"Startseite\",\"item\":\"https:\\\/\\\/marktxxl.de\\\/markt\\\/\"},{\"@type\":\"ListItem\",\"position\":2,\"name\":\"Markt\",\"item\":\"https:\\\/\\\/marktxxl.de\\\/markt\\\/\"},{\"@type\":\"ListItem\",\"position\":3,\"name\":\"Gro\u00dfes Gua Sha Massage-Werkzeug-Set \u2013 4-teilig \u2013 Hautpflege- und Massage-Routine \u2013 Scraping-Massage-Werkzeuge \u2013 Gesichts\u2026\"}]},{\"@type\":\"WebSite\",\"@id\":\"https:\\\/\\\/marktxxl.de\\\/markt\\\/#website\",\"url\":\"https:\\\/\\\/marktxxl.de\\\/markt\\\/\",\"name\":\"Markt-XXL\",\"description\":\"Ihr Markt Online\",\"publisher\":{\"@id\":\"https:\\\/\\\/marktxxl.de\\\/markt\\\/#organization\"},\"potentialAction\":[{\"@type\":\"SearchAction\",\"target\":{\"@type\":\"EntryPoint\",\"urlTemplate\":\"https:\\\/\\\/marktxxl.de\\\/markt\\\/?s={search_term_string}\"},\"query-input\":{\"@type\":\"PropertyValueSpecification\",\"valueRequired\":true,\"valueName\":\"search_term_string\"}}],\"inLanguage\":\"de\"},{\"@type\":\"Organization\",\"@id\":\"https:\\\/\\\/marktxxl.de\\\/markt\\\/#organization\",\"name\":\"Markt-XXL\",\"url\":\"https:\\\/\\\/marktxxl.de\\\/markt\\\/\",\"logo\":{\"@type\":\"ImageObject\",\"inLanguage\":\"de\",\"@id\":\"https:\\\/\\\/marktxxl.de\\\/markt\\\/#\\\/schema\\\/logo\\\/image\\\/\",\"url\":\"https:\\\/\\\/marktxxl.de\\\/markt\\\/wp-content\\\/uploads\\\/sites\\\/3\\\/2020\\\/12\\\/logo.png\",\"contentUrl\":\"https:\\\/\\\/marktxxl.de\\\/markt\\\/wp-content\\\/uploads\\\/sites\\\/3\\\/2020\\\/12\\\/logo.png\",\"width\":200,\"height\":70,\"caption\":\"Markt-XXL\"},\"image\":{\"@id\":\"https:\\\/\\\/marktxxl.de\\\/markt\\\/#\\\/schema\\\/logo\\\/image\\\/\"}}]}<\/script>\n<!-- \/ Yoast SEO plugin. -->","yoast_head_json":{"title":"Gro\u00dfes Gua Sha Massage-Werkzeug-Set \u2013 4-teilig \u2013 Hautpflege- und Massage-Routine \u2013 Scraping-Massage-Werkzeuge \u2013 Gesichts\u2026 - Markt-XXL","description":"Markt-XXL Gro\u00dfes Gua Sha Massage-Werkzeug-Set \u2013 4-teilig \u2013 Hautpflege- und Massage-Routine \u2013 Scraping-Massage-Werkzeuge \u2013 Gesichts\u2026","robots":{"index":"index","follow":"follow","max-snippet":"max-snippet:-1","max-image-preview":"max-image-preview:large","max-video-preview":"max-video-preview:-1"},"canonical":"https:\/\/marktxxl.de\/markt\/produkt\/gua-sha-rose-quartz-tools-body-muscle-face-eye-scalp-neck-massager-anti-aging-facial-tool-astym-fascia-massage-physical-therapy-point-beauty-lift-skin-care-set-storage-case-e-book\/","og_locale":"de_DE","og_type":"article","og_title":"Gro\u00dfes Gua Sha Massage-Werkzeug-Set \u2013 4-teilig \u2013 Hautpflege- und Massage-Routine \u2013 Scraping-Massage-Werkzeuge \u2013 Gesichts\u2026 - Markt-XXL","og_description":"Markt-XXL Gro\u00dfes Gua Sha Massage-Werkzeug-Set \u2013 4-teilig \u2013 Hautpflege- und Massage-Routine \u2013 Scraping-Massage-Werkzeuge \u2013 Gesichts\u2026","og_url":"https:\/\/marktxxl.de\/markt\/produkt\/gua-sha-rose-quartz-tools-body-muscle-face-eye-scalp-neck-massager-anti-aging-facial-tool-astym-fascia-massage-physical-therapy-point-beauty-lift-skin-care-set-storage-case-e-book\/","og_site_name":"Markt-XXL","article_modified_time":"2023-04-11T02:44:04+00:00","og_image":[{"width":500,"height":500,"url":"https:\/\/m.media-amazon.com\/images\/I\/41kTvVDqIYL._SL500_.jpg","type":"image\/jpeg"}],"twitter_card":"summary_large_image","twitter_misc":{"Gesch\u00e4tzte Lesezeit":"1\u00a0Minute"},"schema":{"@context":"https:\/\/schema.org","@graph":[{"@type":"WebPage","@id":"https:\/\/marktxxl.de\/markt\/produkt\/gua-sha-rose-quartz-tools-body-muscle-face-eye-scalp-neck-massager-anti-aging-facial-tool-astym-fascia-massage-physical-therapy-point-beauty-lift-skin-care-set-storage-case-e-book\/","url":"https:\/\/marktxxl.de\/markt\/produkt\/gua-sha-rose-quartz-tools-body-muscle-face-eye-scalp-neck-massager-anti-aging-facial-tool-astym-fascia-massage-physical-therapy-point-beauty-lift-skin-care-set-storage-case-e-book\/","name":"Gro\u00dfes Gua Sha Massage-Werkzeug-Set \u2013 4-teilig \u2013 Hautpflege- und Massage-Routine \u2013 Scraping-Massage-Werkzeuge \u2013 Gesichts\u2026 - Markt-XXL","isPartOf":{"@id":"https:\/\/marktxxl.de\/markt\/#website"},"primaryImageOfPage":{"@id":"https:\/\/marktxxl.de\/markt\/produkt\/gua-sha-rose-quartz-tools-body-muscle-face-eye-scalp-neck-massager-anti-aging-facial-tool-astym-fascia-massage-physical-therapy-point-beauty-lift-skin-care-set-storage-case-e-book\/#primaryimage"},"image":{"@id":"https:\/\/marktxxl.de\/markt\/produkt\/gua-sha-rose-quartz-tools-body-muscle-face-eye-scalp-neck-massager-anti-aging-facial-tool-astym-fascia-massage-physical-therapy-point-beauty-lift-skin-care-set-storage-case-e-book\/#primaryimage"},"thumbnailUrl":"https:\/\/m.media-amazon.com\/images\/I\/41kTvVDqIYL._SL500_.jpg","datePublished":"2022-10-12T08:37:29+00:00","dateModified":"2023-04-11T02:44:04+00:00","description":"Markt-XXL Gro\u00dfes Gua Sha Massage-Werkzeug-Set \u2013 4-teilig \u2013 Hautpflege- und Massage-Routine \u2013 Scraping-Massage-Werkzeuge \u2013 Gesichts\u2026","breadcrumb":{"@id":"https:\/\/marktxxl.de\/markt\/produkt\/gua-sha-rose-quartz-tools-body-muscle-face-eye-scalp-neck-massager-anti-aging-facial-tool-astym-fascia-massage-physical-therapy-point-beauty-lift-skin-care-set-storage-case-e-book\/#breadcrumb"},"inLanguage":"de","potentialAction":[{"@type":"ReadAction","target":["https:\/\/marktxxl.de\/markt\/produkt\/gua-sha-rose-quartz-tools-body-muscle-face-eye-scalp-neck-massager-anti-aging-facial-tool-astym-fascia-massage-physical-therapy-point-beauty-lift-skin-care-set-storage-case-e-book\/"]}]},{"@type":"ImageObject","inLanguage":"de","@id":"https:\/\/marktxxl.de\/markt\/produkt\/gua-sha-rose-quartz-tools-body-muscle-face-eye-scalp-neck-massager-anti-aging-facial-tool-astym-fascia-massage-physical-therapy-point-beauty-lift-skin-care-set-storage-case-e-book\/#primaryimage","url":"https:\/\/m.media-amazon.com\/images\/I\/41kTvVDqIYL._SL500_.jpg","contentUrl":"https:\/\/m.media-amazon.com\/images\/I\/41kTvVDqIYL._SL500_.jpg","width":500,"height":500},{"@type":"BreadcrumbList","@id":"https:\/\/marktxxl.de\/markt\/produkt\/gua-sha-rose-quartz-tools-body-muscle-face-eye-scalp-neck-massager-anti-aging-facial-tool-astym-fascia-massage-physical-therapy-point-beauty-lift-skin-care-set-storage-case-e-book\/#breadcrumb","itemListElement":[{"@type":"ListItem","position":1,"name":"Startseite","item":"https:\/\/marktxxl.de\/markt\/"},{"@type":"ListItem","position":2,"name":"Markt","item":"https:\/\/marktxxl.de\/markt\/"},{"@type":"ListItem","position":3,"name":"Gro\u00dfes Gua Sha Massage-Werkzeug-Set \u2013 4-teilig \u2013 Hautpflege- und Massage-Routine \u2013 Scraping-Massage-Werkzeuge \u2013 Gesichts\u2026"}]},{"@type":"WebSite","@id":"https:\/\/marktxxl.de\/markt\/#website","url":"https:\/\/marktxxl.de\/markt\/","name":"Markt-XXL","description":"Ihr Markt Online","publisher":{"@id":"https:\/\/marktxxl.de\/markt\/#organization"},"potentialAction":[{"@type":"SearchAction","target":{"@type":"EntryPoint","urlTemplate":"https:\/\/marktxxl.de\/markt\/?s={search_term_string}"},"query-input":{"@type":"PropertyValueSpecification","valueRequired":true,"valueName":"search_term_string"}}],"inLanguage":"de"},{"@type":"Organization","@id":"https:\/\/marktxxl.de\/markt\/#organization","name":"Markt-XXL","url":"https:\/\/marktxxl.de\/markt\/","logo":{"@type":"ImageObject","inLanguage":"de","@id":"https:\/\/marktxxl.de\/markt\/#\/schema\/logo\/image\/","url":"https:\/\/marktxxl.de\/markt\/wp-content\/uploads\/sites\/3\/2020\/12\/logo.png","contentUrl":"https:\/\/marktxxl.de\/markt\/wp-content\/uploads\/sites\/3\/2020\/12\/logo.png","width":200,"height":70,"caption":"Markt-XXL"},"image":{"@id":"https:\/\/marktxxl.de\/markt\/#\/schema\/logo\/image\/"}}]}},"_links":{"self":[{"href":"https:\/\/marktxxl.de\/markt\/wp-json\/wp\/v2\/product\/160626","targetHints":{"allow":["GET"]}}],"collection":[{"href":"https:\/\/marktxxl.de\/markt\/wp-json\/wp\/v2\/product"}],"about":[{"href":"https:\/\/marktxxl.de\/markt\/wp-json\/wp\/v2\/types\/product"}],"replies":[{"embeddable":true,"href":"https:\/\/marktxxl.de\/markt\/wp-json\/wp\/v2\/comments?post=160626"}],"wp:featuredmedia":[{"embeddable":true,"href":"https:\/\/marktxxl.de\/markt\/wp-json\/wp\/v2\/media\/160627"}],"wp:attachment":[{"href":"https:\/\/marktxxl.de\/markt\/wp-json\/wp\/v2\/media?parent=160626"}],"wp:term":[{"taxonomy":"product_brand","embeddable":true,"href":"https:\/\/marktxxl.de\/markt\/wp-json\/wp\/v2\/product_brand?post=160626"},{"taxonomy":"product_cat","embeddable":true,"href":"https:\/\/marktxxl.de\/markt\/wp-json\/wp\/v2\/product_cat?post=160626"},{"taxonomy":"product_tag","embeddable":true,"href":"https:\/\/marktxxl.de\/markt\/wp-json\/wp\/v2\/product_tag?post=160626"}],"curies":[{"name":"wp","href":"https:\/\/api.w.org\/{rel}","templated":true}]}}