{"id":160487,"date":"2022-10-12T10:31:20","date_gmt":"2022-10-12T08:31:20","guid":{"rendered":"https:\/\/marktxxl.de\/markt\/produkt\/der-neue-fire-tv-cube-streaming-mediaplayer-mit-sprachsteuerung-mit-alexa-wi-fi-6e-4k-ultra-hd\/"},"modified":"2023-04-09T04:23:56","modified_gmt":"2023-04-09T02:23:56","slug":"der-neue-fire-tv-cube-streaming-mediaplayer-mit-sprachsteuerung-mit-alexa-wi-fi-6e-4k-ultra-hd","status":"publish","type":"product","link":"https:\/\/marktxxl.de\/markt\/produkt\/der-neue-fire-tv-cube-streaming-mediaplayer-mit-sprachsteuerung-mit-alexa-wi-fi-6e-4k-ultra-hd\/","title":{"rendered":"Fire TV Cube, Streaming-Mediaplayer mit Sprachsteuerung mit Alexa, Wi-Fi 6E, 4K Ultra HD"},"content":{"rendered":"<p>Unser bisher schnellster Streaming-Mediaplayer \u2013 Blitzschnelle App-Starts, Octa-Core-Prozessor und doppelt so viel Power wie Fire TV Stick 4K Max.<br \/>\nAlexa-Sprachsteuerung mit integriertem Mikrofon und integrierten Lautsprechern \u2013 Steuere kompatible Fernseher, Soundbars und AV-Receiver mit deiner Stimme, auch vom anderen Ende des Raums aus.<br \/>\nEinfacher Zugriff auf all deine Entertainment-Inhalte \u2013 Verbinde kompatible Ger\u00e4te und wechsle ganz einfach zwischen Streaming, Kabelreceiver, Spielkonsole und Webcam.<br \/>\nNeueste WLAN-Technologie f\u00fcr ein noch reibungsloseres Streaming-Erlebnis \u2013 Der allererste Streaming-Mediaplayer mit Unterst\u00fctzung f\u00fcr Wi-Fi 6E.<br \/>\nBildqualit\u00e4t, die alles in den Schatten stellt \u2013 Die lebensechte, cineastische Bildqualit\u00e4t von 4K erweckt jede Szene zum Leben. Zus\u00e4tzlich profitierst du von der Unterst\u00fctzung f\u00fcr Dolby Vision, HDR und Dolby Atmos-Audio.<br \/>\nGrenzenlose Unterhaltung \u2013 Du kannst deine Lieblingsinhalte von Netflix, Prime Video, Disney+ und vielen mehr streamen und hast Zugriff auf Millionen von Songs. M\u00f6glicherweise fallen Abonnementgeb\u00fchren an.<br \/>\nEntwickelt, um Datenschutz zu gew\u00e4hrleisten \u2013 Umfasst Datenschutz- und Kontrollma\u00dfnahmen auf mehreren Ebenen, darunter eine Mikrofon-aus-Taste, mit der du die Stromzufuhr zu den Mikrofonen unterbrechen und sie somit deaktivieren kannst.<br \/>\nVerwalte dein Smart Home direkt auf dem Bildschirm \u2013 Starte Videoanrufe mit Alexa, frag nach dem Wetter, sieh dir Live-Video-Aufnahmen deiner Sicherheitskameras an und vieles mehr.<br \/>\n<div class=\"main-cross-sell\" data-asin=\"B09BZWZS6S\">\n\n\t<div class=\"WooZone-cross-sell-loader\">\n\t\t<div>\n\t\t\t<div id=\"floatingBarsG\">\n\t\t\t\t<div class=\"blockG\" id=\"rotateG_01\"><\/div>\n\t\t\t\t<div class=\"blockG\" id=\"rotateG_02\"><\/div>\n\t\t\t\t<div class=\"blockG\" id=\"rotateG_03\"><\/div>\n\t\t\t\t<div class=\"blockG\" id=\"rotateG_04\"><\/div>\n\t\t\t\t<div class=\"blockG\" id=\"rotateG_05\"><\/div>\n\t\t\t\t<div class=\"blockG\" id=\"rotateG_06\"><\/div>\n\t\t\t\t<div class=\"blockG\" id=\"rotateG_07\"><\/div>\n\t\t\t\t<div class=\"blockG\" id=\"rotateG_08\"><\/div>\n\t\t\t<\/div>\n\t\t\t<div class=\"WooZone-cross-sell-loader-text\"><\/div>\n\t\t<\/div>\n\t<\/div>\n\n\t\t\n<\/div>\n<div style=\"clear:both;\"><\/div><\/p>\n","protected":false},"excerpt":{"rendered":"<p>Unser bisher schnellster Streaming-Mediaplayer \u2013 Blitzschnelle App-Starts, Octa-Core-Prozessor und doppelt so viel Power wie Fire TV Stick 4K Max.<br \/>\nAlexa-Sprachsteuerung mit integriertem Mikrofon und integrierten Lautsprechern \u2013 Steuere kompatible Fernseher, Soundbars und AV-Receiver mit deiner Stimme, auch vom anderen Ende des Raums aus.<br \/>\nEinfacher Zugriff auf all deine Entertainment-Inhalte \u2013 Verbinde kompatible Ger\u00e4te und wechsle ganz einfach zwischen Streaming, Kabelreceiver, Spielkonsole und Webcam.<\/p>\n","protected":false},"featured_media":160488,"comment_status":"open","ping_status":"closed","template":"","meta":[],"product_brand":[],"product_cat":[863],"product_tag":[],"class_list":{"0":"post-160487","1":"product","2":"type-product","3":"status-publish","4":"has-post-thumbnail","6":"product_cat-computer-zubehoer","7":"pa_binding-elektronik","8":"pa_brand-amazon","9":"pa_color-black","10":"pa_height-3-03-zoll","11":"pa_length-3-39-zoll","12":"pa_manufacturer-amazon","13":"pa_model-ga5z9l","14":"pa_weight-1-13-pfund","15":"pa_width-3-39-zoll","17":"first","18":"instock","19":"shipping-taxable","20":"purchasable","21":"product-type-simple","22":"customify-col","23":"product-has-gallery"},"yoast_head":"<!-- This site is optimized with the Yoast SEO plugin v27.4 - https:\/\/yoast.com\/product\/yoast-seo-wordpress\/ -->\n<title>Fire TV Cube, Streaming-Mediaplayer mit Sprachsteuerung mit Alexa, Wi-Fi 6E, 4K Ultra HD - Markt-XXL<\/title>\n<meta name=\"description\" content=\"Markt-XXL Fire TV Cube, Streaming-Mediaplayer mit Sprachsteuerung mit Alexa, Wi-Fi 6E, 4K Ultra HD\" \/>\n<meta name=\"robots\" content=\"index, follow, max-snippet:-1, max-image-preview:large, max-video-preview:-1\" \/>\n<link rel=\"canonical\" href=\"https:\/\/marktxxl.de\/markt\/produkt\/der-neue-fire-tv-cube-streaming-mediaplayer-mit-sprachsteuerung-mit-alexa-wi-fi-6e-4k-ultra-hd\/\" \/>\n<meta property=\"og:locale\" content=\"de_DE\" \/>\n<meta property=\"og:type\" content=\"article\" \/>\n<meta property=\"og:title\" content=\"Fire TV Cube, Streaming-Mediaplayer mit Sprachsteuerung mit Alexa, Wi-Fi 6E, 4K Ultra HD - Markt-XXL\" \/>\n<meta property=\"og:description\" content=\"Markt-XXL Fire TV Cube, Streaming-Mediaplayer mit Sprachsteuerung mit Alexa, Wi-Fi 6E, 4K Ultra HD\" \/>\n<meta property=\"og:url\" content=\"https:\/\/marktxxl.de\/markt\/produkt\/der-neue-fire-tv-cube-streaming-mediaplayer-mit-sprachsteuerung-mit-alexa-wi-fi-6e-4k-ultra-hd\/\" \/>\n<meta property=\"og:site_name\" content=\"Markt-XXL\" \/>\n<meta property=\"article:modified_time\" content=\"2023-04-09T02:23:56+00:00\" \/>\n<meta property=\"og:image\" content=\"https:\/\/m.media-amazon.com\/images\/I\/51jUHgliTGL._SL500_.jpg\" \/>\n\t<meta property=\"og:image:width\" content=\"500\" \/>\n\t<meta property=\"og:image:height\" content=\"500\" \/>\n\t<meta property=\"og:image:type\" content=\"image\/jpeg\" \/>\n<meta name=\"twitter:card\" content=\"summary_large_image\" \/>\n<meta name=\"twitter:label1\" content=\"Gesch\u00e4tzte Lesezeit\" \/>\n\t<meta name=\"twitter:data1\" content=\"1\u00a0Minute\" \/>\n<script type=\"application\/ld+json\" class=\"yoast-schema-graph\">{\"@context\":\"https:\\\/\\\/schema.org\",\"@graph\":[{\"@type\":\"WebPage\",\"@id\":\"https:\\\/\\\/marktxxl.de\\\/markt\\\/produkt\\\/der-neue-fire-tv-cube-streaming-mediaplayer-mit-sprachsteuerung-mit-alexa-wi-fi-6e-4k-ultra-hd\\\/\",\"url\":\"https:\\\/\\\/marktxxl.de\\\/markt\\\/produkt\\\/der-neue-fire-tv-cube-streaming-mediaplayer-mit-sprachsteuerung-mit-alexa-wi-fi-6e-4k-ultra-hd\\\/\",\"name\":\"Fire TV Cube, Streaming-Mediaplayer mit Sprachsteuerung mit Alexa, Wi-Fi 6E, 4K Ultra HD - Markt-XXL\",\"isPartOf\":{\"@id\":\"https:\\\/\\\/marktxxl.de\\\/markt\\\/#website\"},\"primaryImageOfPage\":{\"@id\":\"https:\\\/\\\/marktxxl.de\\\/markt\\\/produkt\\\/der-neue-fire-tv-cube-streaming-mediaplayer-mit-sprachsteuerung-mit-alexa-wi-fi-6e-4k-ultra-hd\\\/#primaryimage\"},\"image\":{\"@id\":\"https:\\\/\\\/marktxxl.de\\\/markt\\\/produkt\\\/der-neue-fire-tv-cube-streaming-mediaplayer-mit-sprachsteuerung-mit-alexa-wi-fi-6e-4k-ultra-hd\\\/#primaryimage\"},\"thumbnailUrl\":\"https:\\\/\\\/m.media-amazon.com\\\/images\\\/I\\\/51jUHgliTGL._SL500_.jpg\",\"datePublished\":\"2022-10-12T08:31:20+00:00\",\"dateModified\":\"2023-04-09T02:23:56+00:00\",\"description\":\"Markt-XXL Fire TV Cube, Streaming-Mediaplayer mit Sprachsteuerung mit Alexa, Wi-Fi 6E, 4K Ultra HD\",\"breadcrumb\":{\"@id\":\"https:\\\/\\\/marktxxl.de\\\/markt\\\/produkt\\\/der-neue-fire-tv-cube-streaming-mediaplayer-mit-sprachsteuerung-mit-alexa-wi-fi-6e-4k-ultra-hd\\\/#breadcrumb\"},\"inLanguage\":\"de\",\"potentialAction\":[{\"@type\":\"ReadAction\",\"target\":[\"https:\\\/\\\/marktxxl.de\\\/markt\\\/produkt\\\/der-neue-fire-tv-cube-streaming-mediaplayer-mit-sprachsteuerung-mit-alexa-wi-fi-6e-4k-ultra-hd\\\/\"]}]},{\"@type\":\"ImageObject\",\"inLanguage\":\"de\",\"@id\":\"https:\\\/\\\/marktxxl.de\\\/markt\\\/produkt\\\/der-neue-fire-tv-cube-streaming-mediaplayer-mit-sprachsteuerung-mit-alexa-wi-fi-6e-4k-ultra-hd\\\/#primaryimage\",\"url\":\"https:\\\/\\\/m.media-amazon.com\\\/images\\\/I\\\/51jUHgliTGL._SL500_.jpg\",\"contentUrl\":\"https:\\\/\\\/m.media-amazon.com\\\/images\\\/I\\\/51jUHgliTGL._SL500_.jpg\",\"width\":500,\"height\":500},{\"@type\":\"BreadcrumbList\",\"@id\":\"https:\\\/\\\/marktxxl.de\\\/markt\\\/produkt\\\/der-neue-fire-tv-cube-streaming-mediaplayer-mit-sprachsteuerung-mit-alexa-wi-fi-6e-4k-ultra-hd\\\/#breadcrumb\",\"itemListElement\":[{\"@type\":\"ListItem\",\"position\":1,\"name\":\"Startseite\",\"item\":\"https:\\\/\\\/marktxxl.de\\\/markt\\\/\"},{\"@type\":\"ListItem\",\"position\":2,\"name\":\"Markt\",\"item\":\"https:\\\/\\\/marktxxl.de\\\/markt\\\/\"},{\"@type\":\"ListItem\",\"position\":3,\"name\":\"Fire TV Cube, Streaming-Mediaplayer mit Sprachsteuerung mit Alexa, Wi-Fi 6E, 4K Ultra HD\"}]},{\"@type\":\"WebSite\",\"@id\":\"https:\\\/\\\/marktxxl.de\\\/markt\\\/#website\",\"url\":\"https:\\\/\\\/marktxxl.de\\\/markt\\\/\",\"name\":\"Markt-XXL\",\"description\":\"Ihr Markt Online\",\"publisher\":{\"@id\":\"https:\\\/\\\/marktxxl.de\\\/markt\\\/#organization\"},\"potentialAction\":[{\"@type\":\"SearchAction\",\"target\":{\"@type\":\"EntryPoint\",\"urlTemplate\":\"https:\\\/\\\/marktxxl.de\\\/markt\\\/?s={search_term_string}\"},\"query-input\":{\"@type\":\"PropertyValueSpecification\",\"valueRequired\":true,\"valueName\":\"search_term_string\"}}],\"inLanguage\":\"de\"},{\"@type\":\"Organization\",\"@id\":\"https:\\\/\\\/marktxxl.de\\\/markt\\\/#organization\",\"name\":\"Markt-XXL\",\"url\":\"https:\\\/\\\/marktxxl.de\\\/markt\\\/\",\"logo\":{\"@type\":\"ImageObject\",\"inLanguage\":\"de\",\"@id\":\"https:\\\/\\\/marktxxl.de\\\/markt\\\/#\\\/schema\\\/logo\\\/image\\\/\",\"url\":\"https:\\\/\\\/marktxxl.de\\\/markt\\\/wp-content\\\/uploads\\\/sites\\\/3\\\/2020\\\/12\\\/logo.png\",\"contentUrl\":\"https:\\\/\\\/marktxxl.de\\\/markt\\\/wp-content\\\/uploads\\\/sites\\\/3\\\/2020\\\/12\\\/logo.png\",\"width\":200,\"height\":70,\"caption\":\"Markt-XXL\"},\"image\":{\"@id\":\"https:\\\/\\\/marktxxl.de\\\/markt\\\/#\\\/schema\\\/logo\\\/image\\\/\"}}]}<\/script>\n<!-- \/ Yoast SEO plugin. -->","yoast_head_json":{"title":"Fire TV Cube, Streaming-Mediaplayer mit Sprachsteuerung mit Alexa, Wi-Fi 6E, 4K Ultra HD - Markt-XXL","description":"Markt-XXL Fire TV Cube, Streaming-Mediaplayer mit Sprachsteuerung mit Alexa, Wi-Fi 6E, 4K Ultra HD","robots":{"index":"index","follow":"follow","max-snippet":"max-snippet:-1","max-image-preview":"max-image-preview:large","max-video-preview":"max-video-preview:-1"},"canonical":"https:\/\/marktxxl.de\/markt\/produkt\/der-neue-fire-tv-cube-streaming-mediaplayer-mit-sprachsteuerung-mit-alexa-wi-fi-6e-4k-ultra-hd\/","og_locale":"de_DE","og_type":"article","og_title":"Fire TV Cube, Streaming-Mediaplayer mit Sprachsteuerung mit Alexa, Wi-Fi 6E, 4K Ultra HD - Markt-XXL","og_description":"Markt-XXL Fire TV Cube, Streaming-Mediaplayer mit Sprachsteuerung mit Alexa, Wi-Fi 6E, 4K Ultra HD","og_url":"https:\/\/marktxxl.de\/markt\/produkt\/der-neue-fire-tv-cube-streaming-mediaplayer-mit-sprachsteuerung-mit-alexa-wi-fi-6e-4k-ultra-hd\/","og_site_name":"Markt-XXL","article_modified_time":"2023-04-09T02:23:56+00:00","og_image":[{"width":500,"height":500,"url":"https:\/\/m.media-amazon.com\/images\/I\/51jUHgliTGL._SL500_.jpg","type":"image\/jpeg"}],"twitter_card":"summary_large_image","twitter_misc":{"Gesch\u00e4tzte Lesezeit":"1\u00a0Minute"},"schema":{"@context":"https:\/\/schema.org","@graph":[{"@type":"WebPage","@id":"https:\/\/marktxxl.de\/markt\/produkt\/der-neue-fire-tv-cube-streaming-mediaplayer-mit-sprachsteuerung-mit-alexa-wi-fi-6e-4k-ultra-hd\/","url":"https:\/\/marktxxl.de\/markt\/produkt\/der-neue-fire-tv-cube-streaming-mediaplayer-mit-sprachsteuerung-mit-alexa-wi-fi-6e-4k-ultra-hd\/","name":"Fire TV Cube, Streaming-Mediaplayer mit Sprachsteuerung mit Alexa, Wi-Fi 6E, 4K Ultra HD - Markt-XXL","isPartOf":{"@id":"https:\/\/marktxxl.de\/markt\/#website"},"primaryImageOfPage":{"@id":"https:\/\/marktxxl.de\/markt\/produkt\/der-neue-fire-tv-cube-streaming-mediaplayer-mit-sprachsteuerung-mit-alexa-wi-fi-6e-4k-ultra-hd\/#primaryimage"},"image":{"@id":"https:\/\/marktxxl.de\/markt\/produkt\/der-neue-fire-tv-cube-streaming-mediaplayer-mit-sprachsteuerung-mit-alexa-wi-fi-6e-4k-ultra-hd\/#primaryimage"},"thumbnailUrl":"https:\/\/m.media-amazon.com\/images\/I\/51jUHgliTGL._SL500_.jpg","datePublished":"2022-10-12T08:31:20+00:00","dateModified":"2023-04-09T02:23:56+00:00","description":"Markt-XXL Fire TV Cube, Streaming-Mediaplayer mit Sprachsteuerung mit Alexa, Wi-Fi 6E, 4K Ultra HD","breadcrumb":{"@id":"https:\/\/marktxxl.de\/markt\/produkt\/der-neue-fire-tv-cube-streaming-mediaplayer-mit-sprachsteuerung-mit-alexa-wi-fi-6e-4k-ultra-hd\/#breadcrumb"},"inLanguage":"de","potentialAction":[{"@type":"ReadAction","target":["https:\/\/marktxxl.de\/markt\/produkt\/der-neue-fire-tv-cube-streaming-mediaplayer-mit-sprachsteuerung-mit-alexa-wi-fi-6e-4k-ultra-hd\/"]}]},{"@type":"ImageObject","inLanguage":"de","@id":"https:\/\/marktxxl.de\/markt\/produkt\/der-neue-fire-tv-cube-streaming-mediaplayer-mit-sprachsteuerung-mit-alexa-wi-fi-6e-4k-ultra-hd\/#primaryimage","url":"https:\/\/m.media-amazon.com\/images\/I\/51jUHgliTGL._SL500_.jpg","contentUrl":"https:\/\/m.media-amazon.com\/images\/I\/51jUHgliTGL._SL500_.jpg","width":500,"height":500},{"@type":"BreadcrumbList","@id":"https:\/\/marktxxl.de\/markt\/produkt\/der-neue-fire-tv-cube-streaming-mediaplayer-mit-sprachsteuerung-mit-alexa-wi-fi-6e-4k-ultra-hd\/#breadcrumb","itemListElement":[{"@type":"ListItem","position":1,"name":"Startseite","item":"https:\/\/marktxxl.de\/markt\/"},{"@type":"ListItem","position":2,"name":"Markt","item":"https:\/\/marktxxl.de\/markt\/"},{"@type":"ListItem","position":3,"name":"Fire TV Cube, Streaming-Mediaplayer mit Sprachsteuerung mit Alexa, Wi-Fi 6E, 4K Ultra HD"}]},{"@type":"WebSite","@id":"https:\/\/marktxxl.de\/markt\/#website","url":"https:\/\/marktxxl.de\/markt\/","name":"Markt-XXL","description":"Ihr Markt Online","publisher":{"@id":"https:\/\/marktxxl.de\/markt\/#organization"},"potentialAction":[{"@type":"SearchAction","target":{"@type":"EntryPoint","urlTemplate":"https:\/\/marktxxl.de\/markt\/?s={search_term_string}"},"query-input":{"@type":"PropertyValueSpecification","valueRequired":true,"valueName":"search_term_string"}}],"inLanguage":"de"},{"@type":"Organization","@id":"https:\/\/marktxxl.de\/markt\/#organization","name":"Markt-XXL","url":"https:\/\/marktxxl.de\/markt\/","logo":{"@type":"ImageObject","inLanguage":"de","@id":"https:\/\/marktxxl.de\/markt\/#\/schema\/logo\/image\/","url":"https:\/\/marktxxl.de\/markt\/wp-content\/uploads\/sites\/3\/2020\/12\/logo.png","contentUrl":"https:\/\/marktxxl.de\/markt\/wp-content\/uploads\/sites\/3\/2020\/12\/logo.png","width":200,"height":70,"caption":"Markt-XXL"},"image":{"@id":"https:\/\/marktxxl.de\/markt\/#\/schema\/logo\/image\/"}}]}},"_links":{"self":[{"href":"https:\/\/marktxxl.de\/markt\/wp-json\/wp\/v2\/product\/160487","targetHints":{"allow":["GET"]}}],"collection":[{"href":"https:\/\/marktxxl.de\/markt\/wp-json\/wp\/v2\/product"}],"about":[{"href":"https:\/\/marktxxl.de\/markt\/wp-json\/wp\/v2\/types\/product"}],"replies":[{"embeddable":true,"href":"https:\/\/marktxxl.de\/markt\/wp-json\/wp\/v2\/comments?post=160487"}],"wp:featuredmedia":[{"embeddable":true,"href":"https:\/\/marktxxl.de\/markt\/wp-json\/wp\/v2\/media\/160488"}],"wp:attachment":[{"href":"https:\/\/marktxxl.de\/markt\/wp-json\/wp\/v2\/media?parent=160487"}],"wp:term":[{"taxonomy":"product_brand","embeddable":true,"href":"https:\/\/marktxxl.de\/markt\/wp-json\/wp\/v2\/product_brand?post=160487"},{"taxonomy":"product_cat","embeddable":true,"href":"https:\/\/marktxxl.de\/markt\/wp-json\/wp\/v2\/product_cat?post=160487"},{"taxonomy":"product_tag","embeddable":true,"href":"https:\/\/marktxxl.de\/markt\/wp-json\/wp\/v2\/product_tag?post=160487"}],"curies":[{"name":"wp","href":"https:\/\/api.w.org\/{rel}","templated":true}]}}