{"id":160429,"date":"2022-10-12T10:28:22","date_gmt":"2022-10-12T08:28:22","guid":{"rendered":"https:\/\/marktxxl.de\/markt\/produkt\/kompatibel-pgi-580-cli-581-xxl-druckerpatronen-ersatz-fuer-canon-580-581-xxl-multipack-kompatibel-mit-canon-pixma-ts6150-ts6151-ts6250-tr8550-ts8250-ts8150-ts8151-ts8251-tr7550-ts9150-ts9155-ts9550\/"},"modified":"2023-04-09T04:23:55","modified_gmt":"2023-04-09T02:23:55","slug":"kompatibel-pgi-580-cli-581-xxl-druckerpatronen-ersatz-fuer-canon-580-581-xxl-multipack-kompatibel-mit-canon-pixma-ts6150-ts6151-ts6250-tr8550-ts8250-ts8150-ts8151-ts8251-tr7550-ts9150-ts9155-ts9550","status":"publish","type":"product","link":"https:\/\/marktxxl.de\/markt\/produkt\/kompatibel-pgi-580-cli-581-xxl-druckerpatronen-ersatz-fuer-canon-580-581-xxl-multipack-kompatibel-mit-canon-pixma-ts6150-ts6151-ts6250-tr8550-ts8250-ts8150-ts8151-ts8251-tr7550-ts9150-ts9155-ts9550\/","title":{"rendered":"580 581xxL Multipack Druckerpatro 6950 6960 6970 (5er-Pack, Schwarz, Cyan, Magenta, Gelb)"},"content":{"rendered":"<p>JORBO 580XXL 581XL Ersatztintenpatronen mit hoher Reichweite, kompatibel mit Canon 580 581 (Kein Original).<br \/>\nKompatible Drucker: Canon PIXMA TS6100 TS6150 TS6151 TS6200 TS6250 TS6251 TS6300 TS6350 TS6351 TS705 tr7500 TR7550 TS8150 TS8151 TS8152 TS8250 TS8251 TS8252 TS8350 TS8351 TS8352 TR8500 TR8550 TS9150 TS9155 TS9550 TS9551C.pixma TS8100 TS8150 TS8151 TS8152 TS8250 TS8251 TS8252 TS8350 TS8351 TS8352 TS9100 TS9150 TS9155 Drucker<br \/>\nPaket Inhalt: 1 x Pigmentschwarz 580 XXL, 1 x Schwarz 581 XL, 1 x Cyan 581XL, 1 x Magenta 581XL, 1 x Gelb 581XL (5-er pack)<br \/>\nHohe Seitenleistung: 600 Seiten pro PGBK Patrone; 4590 Seiten pro Schwarzer Patrone; 850 Seiten pro Farbpatrone (bei 5% Abdeckunge von A4)<br \/>\nJORBO 580 581 Multipack-Tintenpatronen sind langlebig und einfach zu installieren und sorgen f\u00fcr zuverl\u00e4ssige Leistung und Kompatibilit\u00e4t.<br \/>\n<div class=\"main-cross-sell\" data-asin=\"B0B77JWN74\">\n\n\t<div class=\"WooZone-cross-sell-loader\">\n\t\t<div>\n\t\t\t<div id=\"floatingBarsG\">\n\t\t\t\t<div class=\"blockG\" id=\"rotateG_01\"><\/div>\n\t\t\t\t<div class=\"blockG\" id=\"rotateG_02\"><\/div>\n\t\t\t\t<div class=\"blockG\" id=\"rotateG_03\"><\/div>\n\t\t\t\t<div class=\"blockG\" id=\"rotateG_04\"><\/div>\n\t\t\t\t<div class=\"blockG\" id=\"rotateG_05\"><\/div>\n\t\t\t\t<div class=\"blockG\" id=\"rotateG_06\"><\/div>\n\t\t\t\t<div class=\"blockG\" id=\"rotateG_07\"><\/div>\n\t\t\t\t<div class=\"blockG\" id=\"rotateG_08\"><\/div>\n\t\t\t<\/div>\n\t\t\t<div class=\"WooZone-cross-sell-loader-text\"><\/div>\n\t\t<\/div>\n\t<\/div>\n\n\t\t\n<\/div>\n<div style=\"clear:both;\"><\/div><\/p>\n","protected":false},"excerpt":{"rendered":"<p>JORBO 580XXL 581XL Ersatztintenpatronen mit hoher Reichweite, kompatibel mit Canon 580 581 (Kein Original).<br \/>\nKompatible Drucker: Canon PIXMA TS6100 TS6150 TS6151 TS6200 TS6250 TS6251 TS6300 TS6350 TS6351 TS705 tr7500 TR7550 TS8150 TS8151 TS8152 TS8250 TS8251 TS8252 TS8350 TS8351 TS8352 TR8500 TR8550 TS9150 TS9155 TS9550 TS9551C.pixma TS8100 TS8150 TS8151 TS8152 TS8250 TS8251 TS8252 TS8350 TS8351 TS8352 TS9100 TS9150 TS9155 Drucker<br \/>\nPaket Inhalt: 1 x Pigmentschwarz 580 XXL, 1 x Schwarz 581 XL, 1 x Cyan 581XL, 1 x Magenta 581XL, 1 x Gelb 581XL (5-er pack)<\/p>\n","protected":false},"featured_media":160430,"comment_status":"open","ping_status":"closed","template":"","meta":[],"product_brand":[],"product_cat":[863],"product_tag":[],"class_list":{"0":"post-160429","1":"product","2":"type-product","3":"status-publish","4":"has-post-thumbnail","6":"product_cat-computer-zubehoer","7":"pa_brand-jorbo","8":"pa_color-1pgbkk1bk1c1m1y","9":"pa_manufacturer-jorbo","10":"pa_model-580-581-xxl-druckerpatronen","12":"first","13":"instock","14":"sale","15":"shipping-taxable","16":"purchasable","17":"product-type-simple","18":"customify-col","19":"product-has-gallery"},"yoast_head":"<!-- This site is optimized with the Yoast SEO plugin v27.4 - https:\/\/yoast.com\/product\/yoast-seo-wordpress\/ -->\n<title>580 581xxL Multipack Druckerpatro 6950 6960 6970 (5er-Pack, Schwarz, Cyan, Magenta, Gelb) - Markt-XXL<\/title>\n<meta name=\"description\" content=\"Markt-XXL 580 581xxL Multipack Druckerpatro 6950 6960 6970 (5er-Pack, Schwarz, Cyan, Magenta, Gelb)\" \/>\n<meta name=\"robots\" content=\"index, follow, max-snippet:-1, max-image-preview:large, max-video-preview:-1\" \/>\n<link rel=\"canonical\" href=\"https:\/\/marktxxl.de\/markt\/produkt\/kompatibel-pgi-580-cli-581-xxl-druckerpatronen-ersatz-fuer-canon-580-581-xxl-multipack-kompatibel-mit-canon-pixma-ts6150-ts6151-ts6250-tr8550-ts8250-ts8150-ts8151-ts8251-tr7550-ts9150-ts9155-ts9550\/\" \/>\n<meta property=\"og:locale\" content=\"de_DE\" \/>\n<meta property=\"og:type\" content=\"article\" \/>\n<meta property=\"og:title\" content=\"580 581xxL Multipack Druckerpatro 6950 6960 6970 (5er-Pack, Schwarz, Cyan, Magenta, Gelb) - Markt-XXL\" \/>\n<meta property=\"og:description\" content=\"Markt-XXL 580 581xxL Multipack Druckerpatro 6950 6960 6970 (5er-Pack, Schwarz, Cyan, Magenta, Gelb)\" \/>\n<meta property=\"og:url\" content=\"https:\/\/marktxxl.de\/markt\/produkt\/kompatibel-pgi-580-cli-581-xxl-druckerpatronen-ersatz-fuer-canon-580-581-xxl-multipack-kompatibel-mit-canon-pixma-ts6150-ts6151-ts6250-tr8550-ts8250-ts8150-ts8151-ts8251-tr7550-ts9150-ts9155-ts9550\/\" \/>\n<meta property=\"og:site_name\" content=\"Markt-XXL\" \/>\n<meta property=\"article:modified_time\" content=\"2023-04-09T02:23:55+00:00\" \/>\n<meta property=\"og:image\" content=\"https:\/\/m.media-amazon.com\/images\/I\/41wt6PPDRwL._SL500_.jpg\" \/>\n\t<meta property=\"og:image:width\" content=\"400\" \/>\n\t<meta property=\"og:image:height\" content=\"500\" \/>\n\t<meta property=\"og:image:type\" content=\"image\/jpeg\" \/>\n<meta name=\"twitter:card\" content=\"summary_large_image\" \/>\n<meta name=\"twitter:label1\" content=\"Gesch\u00e4tzte Lesezeit\" \/>\n\t<meta name=\"twitter:data1\" content=\"1\u00a0Minute\" \/>\n<script type=\"application\/ld+json\" class=\"yoast-schema-graph\">{\"@context\":\"https:\\\/\\\/schema.org\",\"@graph\":[{\"@type\":\"WebPage\",\"@id\":\"https:\\\/\\\/marktxxl.de\\\/markt\\\/produkt\\\/kompatibel-pgi-580-cli-581-xxl-druckerpatronen-ersatz-fuer-canon-580-581-xxl-multipack-kompatibel-mit-canon-pixma-ts6150-ts6151-ts6250-tr8550-ts8250-ts8150-ts8151-ts8251-tr7550-ts9150-ts9155-ts9550\\\/\",\"url\":\"https:\\\/\\\/marktxxl.de\\\/markt\\\/produkt\\\/kompatibel-pgi-580-cli-581-xxl-druckerpatronen-ersatz-fuer-canon-580-581-xxl-multipack-kompatibel-mit-canon-pixma-ts6150-ts6151-ts6250-tr8550-ts8250-ts8150-ts8151-ts8251-tr7550-ts9150-ts9155-ts9550\\\/\",\"name\":\"580 581xxL Multipack Druckerpatro 6950 6960 6970 (5er-Pack, Schwarz, Cyan, Magenta, Gelb) - Markt-XXL\",\"isPartOf\":{\"@id\":\"https:\\\/\\\/marktxxl.de\\\/markt\\\/#website\"},\"primaryImageOfPage\":{\"@id\":\"https:\\\/\\\/marktxxl.de\\\/markt\\\/produkt\\\/kompatibel-pgi-580-cli-581-xxl-druckerpatronen-ersatz-fuer-canon-580-581-xxl-multipack-kompatibel-mit-canon-pixma-ts6150-ts6151-ts6250-tr8550-ts8250-ts8150-ts8151-ts8251-tr7550-ts9150-ts9155-ts9550\\\/#primaryimage\"},\"image\":{\"@id\":\"https:\\\/\\\/marktxxl.de\\\/markt\\\/produkt\\\/kompatibel-pgi-580-cli-581-xxl-druckerpatronen-ersatz-fuer-canon-580-581-xxl-multipack-kompatibel-mit-canon-pixma-ts6150-ts6151-ts6250-tr8550-ts8250-ts8150-ts8151-ts8251-tr7550-ts9150-ts9155-ts9550\\\/#primaryimage\"},\"thumbnailUrl\":\"https:\\\/\\\/m.media-amazon.com\\\/images\\\/I\\\/41wt6PPDRwL._SL500_.jpg\",\"datePublished\":\"2022-10-12T08:28:22+00:00\",\"dateModified\":\"2023-04-09T02:23:55+00:00\",\"description\":\"Markt-XXL 580 581xxL Multipack Druckerpatro 6950 6960 6970 (5er-Pack, Schwarz, Cyan, Magenta, Gelb)\",\"breadcrumb\":{\"@id\":\"https:\\\/\\\/marktxxl.de\\\/markt\\\/produkt\\\/kompatibel-pgi-580-cli-581-xxl-druckerpatronen-ersatz-fuer-canon-580-581-xxl-multipack-kompatibel-mit-canon-pixma-ts6150-ts6151-ts6250-tr8550-ts8250-ts8150-ts8151-ts8251-tr7550-ts9150-ts9155-ts9550\\\/#breadcrumb\"},\"inLanguage\":\"de\",\"potentialAction\":[{\"@type\":\"ReadAction\",\"target\":[\"https:\\\/\\\/marktxxl.de\\\/markt\\\/produkt\\\/kompatibel-pgi-580-cli-581-xxl-druckerpatronen-ersatz-fuer-canon-580-581-xxl-multipack-kompatibel-mit-canon-pixma-ts6150-ts6151-ts6250-tr8550-ts8250-ts8150-ts8151-ts8251-tr7550-ts9150-ts9155-ts9550\\\/\"]}]},{\"@type\":\"ImageObject\",\"inLanguage\":\"de\",\"@id\":\"https:\\\/\\\/marktxxl.de\\\/markt\\\/produkt\\\/kompatibel-pgi-580-cli-581-xxl-druckerpatronen-ersatz-fuer-canon-580-581-xxl-multipack-kompatibel-mit-canon-pixma-ts6150-ts6151-ts6250-tr8550-ts8250-ts8150-ts8151-ts8251-tr7550-ts9150-ts9155-ts9550\\\/#primaryimage\",\"url\":\"https:\\\/\\\/m.media-amazon.com\\\/images\\\/I\\\/41wt6PPDRwL._SL500_.jpg\",\"contentUrl\":\"https:\\\/\\\/m.media-amazon.com\\\/images\\\/I\\\/41wt6PPDRwL._SL500_.jpg\",\"width\":400,\"height\":500},{\"@type\":\"BreadcrumbList\",\"@id\":\"https:\\\/\\\/marktxxl.de\\\/markt\\\/produkt\\\/kompatibel-pgi-580-cli-581-xxl-druckerpatronen-ersatz-fuer-canon-580-581-xxl-multipack-kompatibel-mit-canon-pixma-ts6150-ts6151-ts6250-tr8550-ts8250-ts8150-ts8151-ts8251-tr7550-ts9150-ts9155-ts9550\\\/#breadcrumb\",\"itemListElement\":[{\"@type\":\"ListItem\",\"position\":1,\"name\":\"Startseite\",\"item\":\"https:\\\/\\\/marktxxl.de\\\/markt\\\/\"},{\"@type\":\"ListItem\",\"position\":2,\"name\":\"Markt\",\"item\":\"https:\\\/\\\/marktxxl.de\\\/markt\\\/\"},{\"@type\":\"ListItem\",\"position\":3,\"name\":\"580 581xxL Multipack Druckerpatro 6950 6960 6970 (5er-Pack, Schwarz, Cyan, Magenta, Gelb)\"}]},{\"@type\":\"WebSite\",\"@id\":\"https:\\\/\\\/marktxxl.de\\\/markt\\\/#website\",\"url\":\"https:\\\/\\\/marktxxl.de\\\/markt\\\/\",\"name\":\"Markt-XXL\",\"description\":\"Ihr Markt Online\",\"publisher\":{\"@id\":\"https:\\\/\\\/marktxxl.de\\\/markt\\\/#organization\"},\"potentialAction\":[{\"@type\":\"SearchAction\",\"target\":{\"@type\":\"EntryPoint\",\"urlTemplate\":\"https:\\\/\\\/marktxxl.de\\\/markt\\\/?s={search_term_string}\"},\"query-input\":{\"@type\":\"PropertyValueSpecification\",\"valueRequired\":true,\"valueName\":\"search_term_string\"}}],\"inLanguage\":\"de\"},{\"@type\":\"Organization\",\"@id\":\"https:\\\/\\\/marktxxl.de\\\/markt\\\/#organization\",\"name\":\"Markt-XXL\",\"url\":\"https:\\\/\\\/marktxxl.de\\\/markt\\\/\",\"logo\":{\"@type\":\"ImageObject\",\"inLanguage\":\"de\",\"@id\":\"https:\\\/\\\/marktxxl.de\\\/markt\\\/#\\\/schema\\\/logo\\\/image\\\/\",\"url\":\"https:\\\/\\\/marktxxl.de\\\/markt\\\/wp-content\\\/uploads\\\/sites\\\/3\\\/2020\\\/12\\\/logo.png\",\"contentUrl\":\"https:\\\/\\\/marktxxl.de\\\/markt\\\/wp-content\\\/uploads\\\/sites\\\/3\\\/2020\\\/12\\\/logo.png\",\"width\":200,\"height\":70,\"caption\":\"Markt-XXL\"},\"image\":{\"@id\":\"https:\\\/\\\/marktxxl.de\\\/markt\\\/#\\\/schema\\\/logo\\\/image\\\/\"}}]}<\/script>\n<!-- \/ Yoast SEO plugin. -->","yoast_head_json":{"title":"580 581xxL Multipack Druckerpatro 6950 6960 6970 (5er-Pack, Schwarz, Cyan, Magenta, Gelb) - Markt-XXL","description":"Markt-XXL 580 581xxL Multipack Druckerpatro 6950 6960 6970 (5er-Pack, Schwarz, Cyan, Magenta, Gelb)","robots":{"index":"index","follow":"follow","max-snippet":"max-snippet:-1","max-image-preview":"max-image-preview:large","max-video-preview":"max-video-preview:-1"},"canonical":"https:\/\/marktxxl.de\/markt\/produkt\/kompatibel-pgi-580-cli-581-xxl-druckerpatronen-ersatz-fuer-canon-580-581-xxl-multipack-kompatibel-mit-canon-pixma-ts6150-ts6151-ts6250-tr8550-ts8250-ts8150-ts8151-ts8251-tr7550-ts9150-ts9155-ts9550\/","og_locale":"de_DE","og_type":"article","og_title":"580 581xxL Multipack Druckerpatro 6950 6960 6970 (5er-Pack, Schwarz, Cyan, Magenta, Gelb) - Markt-XXL","og_description":"Markt-XXL 580 581xxL Multipack Druckerpatro 6950 6960 6970 (5er-Pack, Schwarz, Cyan, Magenta, Gelb)","og_url":"https:\/\/marktxxl.de\/markt\/produkt\/kompatibel-pgi-580-cli-581-xxl-druckerpatronen-ersatz-fuer-canon-580-581-xxl-multipack-kompatibel-mit-canon-pixma-ts6150-ts6151-ts6250-tr8550-ts8250-ts8150-ts8151-ts8251-tr7550-ts9150-ts9155-ts9550\/","og_site_name":"Markt-XXL","article_modified_time":"2023-04-09T02:23:55+00:00","og_image":[{"width":400,"height":500,"url":"https:\/\/m.media-amazon.com\/images\/I\/41wt6PPDRwL._SL500_.jpg","type":"image\/jpeg"}],"twitter_card":"summary_large_image","twitter_misc":{"Gesch\u00e4tzte Lesezeit":"1\u00a0Minute"},"schema":{"@context":"https:\/\/schema.org","@graph":[{"@type":"WebPage","@id":"https:\/\/marktxxl.de\/markt\/produkt\/kompatibel-pgi-580-cli-581-xxl-druckerpatronen-ersatz-fuer-canon-580-581-xxl-multipack-kompatibel-mit-canon-pixma-ts6150-ts6151-ts6250-tr8550-ts8250-ts8150-ts8151-ts8251-tr7550-ts9150-ts9155-ts9550\/","url":"https:\/\/marktxxl.de\/markt\/produkt\/kompatibel-pgi-580-cli-581-xxl-druckerpatronen-ersatz-fuer-canon-580-581-xxl-multipack-kompatibel-mit-canon-pixma-ts6150-ts6151-ts6250-tr8550-ts8250-ts8150-ts8151-ts8251-tr7550-ts9150-ts9155-ts9550\/","name":"580 581xxL Multipack Druckerpatro 6950 6960 6970 (5er-Pack, Schwarz, Cyan, Magenta, Gelb) - Markt-XXL","isPartOf":{"@id":"https:\/\/marktxxl.de\/markt\/#website"},"primaryImageOfPage":{"@id":"https:\/\/marktxxl.de\/markt\/produkt\/kompatibel-pgi-580-cli-581-xxl-druckerpatronen-ersatz-fuer-canon-580-581-xxl-multipack-kompatibel-mit-canon-pixma-ts6150-ts6151-ts6250-tr8550-ts8250-ts8150-ts8151-ts8251-tr7550-ts9150-ts9155-ts9550\/#primaryimage"},"image":{"@id":"https:\/\/marktxxl.de\/markt\/produkt\/kompatibel-pgi-580-cli-581-xxl-druckerpatronen-ersatz-fuer-canon-580-581-xxl-multipack-kompatibel-mit-canon-pixma-ts6150-ts6151-ts6250-tr8550-ts8250-ts8150-ts8151-ts8251-tr7550-ts9150-ts9155-ts9550\/#primaryimage"},"thumbnailUrl":"https:\/\/m.media-amazon.com\/images\/I\/41wt6PPDRwL._SL500_.jpg","datePublished":"2022-10-12T08:28:22+00:00","dateModified":"2023-04-09T02:23:55+00:00","description":"Markt-XXL 580 581xxL Multipack Druckerpatro 6950 6960 6970 (5er-Pack, Schwarz, Cyan, Magenta, Gelb)","breadcrumb":{"@id":"https:\/\/marktxxl.de\/markt\/produkt\/kompatibel-pgi-580-cli-581-xxl-druckerpatronen-ersatz-fuer-canon-580-581-xxl-multipack-kompatibel-mit-canon-pixma-ts6150-ts6151-ts6250-tr8550-ts8250-ts8150-ts8151-ts8251-tr7550-ts9150-ts9155-ts9550\/#breadcrumb"},"inLanguage":"de","potentialAction":[{"@type":"ReadAction","target":["https:\/\/marktxxl.de\/markt\/produkt\/kompatibel-pgi-580-cli-581-xxl-druckerpatronen-ersatz-fuer-canon-580-581-xxl-multipack-kompatibel-mit-canon-pixma-ts6150-ts6151-ts6250-tr8550-ts8250-ts8150-ts8151-ts8251-tr7550-ts9150-ts9155-ts9550\/"]}]},{"@type":"ImageObject","inLanguage":"de","@id":"https:\/\/marktxxl.de\/markt\/produkt\/kompatibel-pgi-580-cli-581-xxl-druckerpatronen-ersatz-fuer-canon-580-581-xxl-multipack-kompatibel-mit-canon-pixma-ts6150-ts6151-ts6250-tr8550-ts8250-ts8150-ts8151-ts8251-tr7550-ts9150-ts9155-ts9550\/#primaryimage","url":"https:\/\/m.media-amazon.com\/images\/I\/41wt6PPDRwL._SL500_.jpg","contentUrl":"https:\/\/m.media-amazon.com\/images\/I\/41wt6PPDRwL._SL500_.jpg","width":400,"height":500},{"@type":"BreadcrumbList","@id":"https:\/\/marktxxl.de\/markt\/produkt\/kompatibel-pgi-580-cli-581-xxl-druckerpatronen-ersatz-fuer-canon-580-581-xxl-multipack-kompatibel-mit-canon-pixma-ts6150-ts6151-ts6250-tr8550-ts8250-ts8150-ts8151-ts8251-tr7550-ts9150-ts9155-ts9550\/#breadcrumb","itemListElement":[{"@type":"ListItem","position":1,"name":"Startseite","item":"https:\/\/marktxxl.de\/markt\/"},{"@type":"ListItem","position":2,"name":"Markt","item":"https:\/\/marktxxl.de\/markt\/"},{"@type":"ListItem","position":3,"name":"580 581xxL Multipack Druckerpatro 6950 6960 6970 (5er-Pack, Schwarz, Cyan, Magenta, Gelb)"}]},{"@type":"WebSite","@id":"https:\/\/marktxxl.de\/markt\/#website","url":"https:\/\/marktxxl.de\/markt\/","name":"Markt-XXL","description":"Ihr Markt Online","publisher":{"@id":"https:\/\/marktxxl.de\/markt\/#organization"},"potentialAction":[{"@type":"SearchAction","target":{"@type":"EntryPoint","urlTemplate":"https:\/\/marktxxl.de\/markt\/?s={search_term_string}"},"query-input":{"@type":"PropertyValueSpecification","valueRequired":true,"valueName":"search_term_string"}}],"inLanguage":"de"},{"@type":"Organization","@id":"https:\/\/marktxxl.de\/markt\/#organization","name":"Markt-XXL","url":"https:\/\/marktxxl.de\/markt\/","logo":{"@type":"ImageObject","inLanguage":"de","@id":"https:\/\/marktxxl.de\/markt\/#\/schema\/logo\/image\/","url":"https:\/\/marktxxl.de\/markt\/wp-content\/uploads\/sites\/3\/2020\/12\/logo.png","contentUrl":"https:\/\/marktxxl.de\/markt\/wp-content\/uploads\/sites\/3\/2020\/12\/logo.png","width":200,"height":70,"caption":"Markt-XXL"},"image":{"@id":"https:\/\/marktxxl.de\/markt\/#\/schema\/logo\/image\/"}}]}},"_links":{"self":[{"href":"https:\/\/marktxxl.de\/markt\/wp-json\/wp\/v2\/product\/160429","targetHints":{"allow":["GET"]}}],"collection":[{"href":"https:\/\/marktxxl.de\/markt\/wp-json\/wp\/v2\/product"}],"about":[{"href":"https:\/\/marktxxl.de\/markt\/wp-json\/wp\/v2\/types\/product"}],"replies":[{"embeddable":true,"href":"https:\/\/marktxxl.de\/markt\/wp-json\/wp\/v2\/comments?post=160429"}],"wp:featuredmedia":[{"embeddable":true,"href":"https:\/\/marktxxl.de\/markt\/wp-json\/wp\/v2\/media\/160430"}],"wp:attachment":[{"href":"https:\/\/marktxxl.de\/markt\/wp-json\/wp\/v2\/media?parent=160429"}],"wp:term":[{"taxonomy":"product_brand","embeddable":true,"href":"https:\/\/marktxxl.de\/markt\/wp-json\/wp\/v2\/product_brand?post=160429"},{"taxonomy":"product_cat","embeddable":true,"href":"https:\/\/marktxxl.de\/markt\/wp-json\/wp\/v2\/product_cat?post=160429"},{"taxonomy":"product_tag","embeddable":true,"href":"https:\/\/marktxxl.de\/markt\/wp-json\/wp\/v2\/product_tag?post=160429"}],"curies":[{"name":"wp","href":"https:\/\/api.w.org\/{rel}","templated":true}]}}