{"id":160409,"date":"2022-10-12T10:28:02","date_gmt":"2022-10-12T08:28:02","guid":{"rendered":"https:\/\/marktxxl.de\/markt\/produkt\/corsair-k100-air-wireless-rgb-ultraduenne-mechanische-gaming-tastatur-sub-1-ms-slipstream-wireless-bluetooth-cherry-mx-ultra-low-profile-tastenschalter-de-layout-qwertz-schwarz\/"},"modified":"2023-04-09T04:23:55","modified_gmt":"2023-04-09T02:23:55","slug":"corsair-k100-air-wireless-rgb-ultraduenne-mechanische-gaming-tastatur-sub-1-ms-slipstream-wireless-bluetooth-cherry-mx-ultra-low-profile-tastenschalter-de-layout-qwertz-schwarz","status":"publish","type":"product","link":"https:\/\/marktxxl.de\/markt\/produkt\/corsair-k100-air-wireless-rgb-ultraduenne-mechanische-gaming-tastatur-sub-1-ms-slipstream-wireless-bluetooth-cherry-mx-ultra-low-profile-tastenschalter-de-layout-qwertz-schwarz\/","title":{"rendered":"Corsair K100 AIR WIRELESS RGB Ultrad\u00fcnne Mechanische Gaming-Tastatur &#8211; Sub-1-ms-SLIPSTREAM WIRELESS, Bluetooth, CHERRY\u2026"},"content":{"rendered":"<p>Eindrucksvoll, raffiniert und ultrad\u00fcnn: Die K100 AIR ist eine unglaublich d\u00fcnne, kabellose Gaming-Tastatur mit 11 mm am schmalsten Punkt in einem eleganten, \u00fcbergangslosen Design und Alltagstauglichkeit dank geb\u00fcrstetem Aluminium-Rahmen.<br \/>\nSchnelle kabellose und kabelgebundene Verbindungsoptionen: Drei m\u00f6gliche Verbindungsoptionen mit bis zu unterschiedlichen Ger\u00e4ten \u2013 via Sub-1-ms-SLIPSTREAM WIRELESS mit PC oder Mac, Bluetooth mit geringer Latenz von bis zu drei Host-Ger\u00e4ten oder USB-Kabel mit AXON 8.000-Hz-Hyper-Polling f\u00fcr hyperschnelle kabellose Vielseitigkeit.<br \/>\nHervorragendes kabelloses Multi-Tasking: Schnelles Umschalten zwischen kabellosen Verbindungen zu PC, Mac anderen Ger\u00e4ten auf Tastendruck bei sicherer AES-128-bit-Verschl\u00fcsselung.<br \/>\nCHERRY MX Mechanische Ultra Low Profile-Tastenschalter: Bieten extrem kurzen 0,8-mm-Bet\u00e4tigungsabstand dezentem taktilem Feedback f\u00fcr extrem reaktionsschnelles Gaming und Tippen.<br \/>\nLanglebiger Wireless-Akku mit RGB-Hintergrundbeleuchtung einzelner Tasten: Nutzen Sie bis zu 50 Stunden kabellose Akkulaufzeit mit dynamischer RGB-Hintergrundbeleuchtung einzelner Tasten und automatischer Helligkeitsanpassung an Lichtverh\u00e4ltnisse \u2013 oder genie\u00dfen Sie bis zu 200 Stunden bei ausgeschalteter Hintergrundbeleuchtung.<br \/>\n<div class=\"main-cross-sell\" data-asin=\"B0BDSNDZ3T\">\n\n\t<div class=\"WooZone-cross-sell-loader\">\n\t\t<div>\n\t\t\t<div id=\"floatingBarsG\">\n\t\t\t\t<div class=\"blockG\" id=\"rotateG_01\"><\/div>\n\t\t\t\t<div class=\"blockG\" id=\"rotateG_02\"><\/div>\n\t\t\t\t<div class=\"blockG\" id=\"rotateG_03\"><\/div>\n\t\t\t\t<div class=\"blockG\" id=\"rotateG_04\"><\/div>\n\t\t\t\t<div class=\"blockG\" id=\"rotateG_05\"><\/div>\n\t\t\t\t<div class=\"blockG\" id=\"rotateG_06\"><\/div>\n\t\t\t\t<div class=\"blockG\" id=\"rotateG_07\"><\/div>\n\t\t\t\t<div class=\"blockG\" id=\"rotateG_08\"><\/div>\n\t\t\t<\/div>\n\t\t\t<div class=\"WooZone-cross-sell-loader-text\"><\/div>\n\t\t<\/div>\n\t<\/div>\n\n\t\t\n<\/div>\n<div style=\"clear:both;\"><\/div><\/p>\n","protected":false},"excerpt":{"rendered":"<p>Eindrucksvoll, raffiniert und ultrad\u00fcnn: Die K100 AIR ist eine unglaublich d\u00fcnne, kabellose Gaming-Tastatur mit 11 mm am schmalsten Punkt in einem eleganten, \u00fcbergangslosen Design und Alltagstauglichkeit dank geb\u00fcrstetem Aluminium-Rahmen.<br \/>\nSchnelle kabellose und kabelgebundene Verbindungsoptionen: Drei m\u00f6gliche Verbindungsoptionen mit bis zu unterschiedlichen Ger\u00e4ten \u2013 via Sub-1-ms-SLIPSTREAM WIRELESS mit PC oder Mac, Bluetooth mit geringer Latenz von bis zu drei Host-Ger\u00e4ten oder USB-Kabel mit AXON 8.000-Hz-Hyper-Polling f\u00fcr hyperschnelle kabellose Vielseitigkeit.<br \/>\nHervorragendes kabelloses Multi-Tasking: Schnelles Umschalten zwischen kabellosen Verbindungen zu PC, Mac anderen Ger\u00e4ten auf Tastendruck bei sicherer AES-128-bit-Verschl\u00fcsselung.<\/p>\n","protected":false},"featured_media":160410,"comment_status":"open","ping_status":"closed","template":"","meta":[],"product_brand":[],"product_cat":[863],"product_tag":[],"class_list":{"0":"post-160409","1":"product","2":"type-product","3":"status-publish","4":"has-post-thumbnail","6":"product_cat-computer-zubehoer","7":"pa_binding-personal-computers","8":"pa_brand-corsair","9":"pa_color-schwarz","10":"pa_height-0-6692913379-zoll","11":"pa_length-17-2047243919-zoll","12":"pa_manufacturer-corsair","13":"pa_model-ch-913a01u-de","14":"pa_warranty-2-jahre","15":"pa_weight-1-7196056436-pfund","16":"pa_width-6-1417322772-zoll","18":"first","19":"instock","20":"shipping-taxable","21":"purchasable","22":"product-type-simple","23":"customify-col","24":"product-has-gallery"},"yoast_head":"<!-- This site is optimized with the Yoast SEO plugin v27.4 - https:\/\/yoast.com\/product\/yoast-seo-wordpress\/ -->\n<title>Corsair K100 AIR WIRELESS RGB Ultrad\u00fcnne Mechanische Gaming-Tastatur - Sub-1-ms-SLIPSTREAM WIRELESS, Bluetooth, CHERRY\u2026 - Markt-XXL<\/title>\n<meta name=\"description\" content=\"Markt-XXL Corsair K100 AIR WIRELESS RGB Ultrad\u00fcnne Mechanische Gaming-Tastatur - Sub-1-ms-SLIPSTREAM WIRELESS, Bluetooth, CHERRY\u2026\" \/>\n<meta name=\"robots\" content=\"index, follow, max-snippet:-1, max-image-preview:large, max-video-preview:-1\" \/>\n<link rel=\"canonical\" href=\"https:\/\/marktxxl.de\/markt\/produkt\/corsair-k100-air-wireless-rgb-ultraduenne-mechanische-gaming-tastatur-sub-1-ms-slipstream-wireless-bluetooth-cherry-mx-ultra-low-profile-tastenschalter-de-layout-qwertz-schwarz\/\" \/>\n<meta property=\"og:locale\" content=\"de_DE\" \/>\n<meta property=\"og:type\" content=\"article\" \/>\n<meta property=\"og:title\" content=\"Corsair K100 AIR WIRELESS RGB Ultrad\u00fcnne Mechanische Gaming-Tastatur - Sub-1-ms-SLIPSTREAM WIRELESS, Bluetooth, CHERRY\u2026 - Markt-XXL\" \/>\n<meta property=\"og:description\" content=\"Markt-XXL Corsair K100 AIR WIRELESS RGB Ultrad\u00fcnne Mechanische Gaming-Tastatur - Sub-1-ms-SLIPSTREAM WIRELESS, Bluetooth, CHERRY\u2026\" \/>\n<meta property=\"og:url\" content=\"https:\/\/marktxxl.de\/markt\/produkt\/corsair-k100-air-wireless-rgb-ultraduenne-mechanische-gaming-tastatur-sub-1-ms-slipstream-wireless-bluetooth-cherry-mx-ultra-low-profile-tastenschalter-de-layout-qwertz-schwarz\/\" \/>\n<meta property=\"og:site_name\" content=\"Markt-XXL\" \/>\n<meta property=\"article:modified_time\" content=\"2023-04-09T02:23:55+00:00\" \/>\n<meta property=\"og:image\" content=\"https:\/\/m.media-amazon.com\/images\/I\/41tHsWzfYDL._SL500_.jpg\" \/>\n\t<meta property=\"og:image:width\" content=\"500\" \/>\n\t<meta property=\"og:image:height\" content=\"178\" \/>\n\t<meta property=\"og:image:type\" content=\"image\/jpeg\" \/>\n<meta name=\"twitter:card\" content=\"summary_large_image\" \/>\n<meta name=\"twitter:label1\" content=\"Gesch\u00e4tzte Lesezeit\" \/>\n\t<meta name=\"twitter:data1\" content=\"1\u00a0Minute\" \/>\n<script type=\"application\/ld+json\" class=\"yoast-schema-graph\">{\"@context\":\"https:\\\/\\\/schema.org\",\"@graph\":[{\"@type\":\"WebPage\",\"@id\":\"https:\\\/\\\/marktxxl.de\\\/markt\\\/produkt\\\/corsair-k100-air-wireless-rgb-ultraduenne-mechanische-gaming-tastatur-sub-1-ms-slipstream-wireless-bluetooth-cherry-mx-ultra-low-profile-tastenschalter-de-layout-qwertz-schwarz\\\/\",\"url\":\"https:\\\/\\\/marktxxl.de\\\/markt\\\/produkt\\\/corsair-k100-air-wireless-rgb-ultraduenne-mechanische-gaming-tastatur-sub-1-ms-slipstream-wireless-bluetooth-cherry-mx-ultra-low-profile-tastenschalter-de-layout-qwertz-schwarz\\\/\",\"name\":\"Corsair K100 AIR WIRELESS RGB Ultrad\u00fcnne Mechanische Gaming-Tastatur - Sub-1-ms-SLIPSTREAM WIRELESS, Bluetooth, CHERRY\u2026 - Markt-XXL\",\"isPartOf\":{\"@id\":\"https:\\\/\\\/marktxxl.de\\\/markt\\\/#website\"},\"primaryImageOfPage\":{\"@id\":\"https:\\\/\\\/marktxxl.de\\\/markt\\\/produkt\\\/corsair-k100-air-wireless-rgb-ultraduenne-mechanische-gaming-tastatur-sub-1-ms-slipstream-wireless-bluetooth-cherry-mx-ultra-low-profile-tastenschalter-de-layout-qwertz-schwarz\\\/#primaryimage\"},\"image\":{\"@id\":\"https:\\\/\\\/marktxxl.de\\\/markt\\\/produkt\\\/corsair-k100-air-wireless-rgb-ultraduenne-mechanische-gaming-tastatur-sub-1-ms-slipstream-wireless-bluetooth-cherry-mx-ultra-low-profile-tastenschalter-de-layout-qwertz-schwarz\\\/#primaryimage\"},\"thumbnailUrl\":\"https:\\\/\\\/m.media-amazon.com\\\/images\\\/I\\\/41tHsWzfYDL._SL500_.jpg\",\"datePublished\":\"2022-10-12T08:28:02+00:00\",\"dateModified\":\"2023-04-09T02:23:55+00:00\",\"description\":\"Markt-XXL Corsair K100 AIR WIRELESS RGB Ultrad\u00fcnne Mechanische Gaming-Tastatur - Sub-1-ms-SLIPSTREAM WIRELESS, Bluetooth, CHERRY\u2026\",\"breadcrumb\":{\"@id\":\"https:\\\/\\\/marktxxl.de\\\/markt\\\/produkt\\\/corsair-k100-air-wireless-rgb-ultraduenne-mechanische-gaming-tastatur-sub-1-ms-slipstream-wireless-bluetooth-cherry-mx-ultra-low-profile-tastenschalter-de-layout-qwertz-schwarz\\\/#breadcrumb\"},\"inLanguage\":\"de\",\"potentialAction\":[{\"@type\":\"ReadAction\",\"target\":[\"https:\\\/\\\/marktxxl.de\\\/markt\\\/produkt\\\/corsair-k100-air-wireless-rgb-ultraduenne-mechanische-gaming-tastatur-sub-1-ms-slipstream-wireless-bluetooth-cherry-mx-ultra-low-profile-tastenschalter-de-layout-qwertz-schwarz\\\/\"]}]},{\"@type\":\"ImageObject\",\"inLanguage\":\"de\",\"@id\":\"https:\\\/\\\/marktxxl.de\\\/markt\\\/produkt\\\/corsair-k100-air-wireless-rgb-ultraduenne-mechanische-gaming-tastatur-sub-1-ms-slipstream-wireless-bluetooth-cherry-mx-ultra-low-profile-tastenschalter-de-layout-qwertz-schwarz\\\/#primaryimage\",\"url\":\"https:\\\/\\\/m.media-amazon.com\\\/images\\\/I\\\/41tHsWzfYDL._SL500_.jpg\",\"contentUrl\":\"https:\\\/\\\/m.media-amazon.com\\\/images\\\/I\\\/41tHsWzfYDL._SL500_.jpg\",\"width\":500,\"height\":178},{\"@type\":\"BreadcrumbList\",\"@id\":\"https:\\\/\\\/marktxxl.de\\\/markt\\\/produkt\\\/corsair-k100-air-wireless-rgb-ultraduenne-mechanische-gaming-tastatur-sub-1-ms-slipstream-wireless-bluetooth-cherry-mx-ultra-low-profile-tastenschalter-de-layout-qwertz-schwarz\\\/#breadcrumb\",\"itemListElement\":[{\"@type\":\"ListItem\",\"position\":1,\"name\":\"Startseite\",\"item\":\"https:\\\/\\\/marktxxl.de\\\/markt\\\/\"},{\"@type\":\"ListItem\",\"position\":2,\"name\":\"Markt\",\"item\":\"https:\\\/\\\/marktxxl.de\\\/markt\\\/\"},{\"@type\":\"ListItem\",\"position\":3,\"name\":\"Corsair K100 AIR WIRELESS RGB Ultrad\u00fcnne Mechanische Gaming-Tastatur &#8211; Sub-1-ms-SLIPSTREAM WIRELESS, Bluetooth, CHERRY\u2026\"}]},{\"@type\":\"WebSite\",\"@id\":\"https:\\\/\\\/marktxxl.de\\\/markt\\\/#website\",\"url\":\"https:\\\/\\\/marktxxl.de\\\/markt\\\/\",\"name\":\"Markt-XXL\",\"description\":\"Ihr Markt Online\",\"publisher\":{\"@id\":\"https:\\\/\\\/marktxxl.de\\\/markt\\\/#organization\"},\"potentialAction\":[{\"@type\":\"SearchAction\",\"target\":{\"@type\":\"EntryPoint\",\"urlTemplate\":\"https:\\\/\\\/marktxxl.de\\\/markt\\\/?s={search_term_string}\"},\"query-input\":{\"@type\":\"PropertyValueSpecification\",\"valueRequired\":true,\"valueName\":\"search_term_string\"}}],\"inLanguage\":\"de\"},{\"@type\":\"Organization\",\"@id\":\"https:\\\/\\\/marktxxl.de\\\/markt\\\/#organization\",\"name\":\"Markt-XXL\",\"url\":\"https:\\\/\\\/marktxxl.de\\\/markt\\\/\",\"logo\":{\"@type\":\"ImageObject\",\"inLanguage\":\"de\",\"@id\":\"https:\\\/\\\/marktxxl.de\\\/markt\\\/#\\\/schema\\\/logo\\\/image\\\/\",\"url\":\"https:\\\/\\\/marktxxl.de\\\/markt\\\/wp-content\\\/uploads\\\/sites\\\/3\\\/2020\\\/12\\\/logo.png\",\"contentUrl\":\"https:\\\/\\\/marktxxl.de\\\/markt\\\/wp-content\\\/uploads\\\/sites\\\/3\\\/2020\\\/12\\\/logo.png\",\"width\":200,\"height\":70,\"caption\":\"Markt-XXL\"},\"image\":{\"@id\":\"https:\\\/\\\/marktxxl.de\\\/markt\\\/#\\\/schema\\\/logo\\\/image\\\/\"}}]}<\/script>\n<!-- \/ Yoast SEO plugin. -->","yoast_head_json":{"title":"Corsair K100 AIR WIRELESS RGB Ultrad\u00fcnne Mechanische Gaming-Tastatur - Sub-1-ms-SLIPSTREAM WIRELESS, Bluetooth, CHERRY\u2026 - Markt-XXL","description":"Markt-XXL Corsair K100 AIR WIRELESS RGB Ultrad\u00fcnne Mechanische Gaming-Tastatur - Sub-1-ms-SLIPSTREAM WIRELESS, Bluetooth, CHERRY\u2026","robots":{"index":"index","follow":"follow","max-snippet":"max-snippet:-1","max-image-preview":"max-image-preview:large","max-video-preview":"max-video-preview:-1"},"canonical":"https:\/\/marktxxl.de\/markt\/produkt\/corsair-k100-air-wireless-rgb-ultraduenne-mechanische-gaming-tastatur-sub-1-ms-slipstream-wireless-bluetooth-cherry-mx-ultra-low-profile-tastenschalter-de-layout-qwertz-schwarz\/","og_locale":"de_DE","og_type":"article","og_title":"Corsair K100 AIR WIRELESS RGB Ultrad\u00fcnne Mechanische Gaming-Tastatur - Sub-1-ms-SLIPSTREAM WIRELESS, Bluetooth, CHERRY\u2026 - Markt-XXL","og_description":"Markt-XXL Corsair K100 AIR WIRELESS RGB Ultrad\u00fcnne Mechanische Gaming-Tastatur - Sub-1-ms-SLIPSTREAM WIRELESS, Bluetooth, CHERRY\u2026","og_url":"https:\/\/marktxxl.de\/markt\/produkt\/corsair-k100-air-wireless-rgb-ultraduenne-mechanische-gaming-tastatur-sub-1-ms-slipstream-wireless-bluetooth-cherry-mx-ultra-low-profile-tastenschalter-de-layout-qwertz-schwarz\/","og_site_name":"Markt-XXL","article_modified_time":"2023-04-09T02:23:55+00:00","og_image":[{"width":500,"height":178,"url":"https:\/\/m.media-amazon.com\/images\/I\/41tHsWzfYDL._SL500_.jpg","type":"image\/jpeg"}],"twitter_card":"summary_large_image","twitter_misc":{"Gesch\u00e4tzte Lesezeit":"1\u00a0Minute"},"schema":{"@context":"https:\/\/schema.org","@graph":[{"@type":"WebPage","@id":"https:\/\/marktxxl.de\/markt\/produkt\/corsair-k100-air-wireless-rgb-ultraduenne-mechanische-gaming-tastatur-sub-1-ms-slipstream-wireless-bluetooth-cherry-mx-ultra-low-profile-tastenschalter-de-layout-qwertz-schwarz\/","url":"https:\/\/marktxxl.de\/markt\/produkt\/corsair-k100-air-wireless-rgb-ultraduenne-mechanische-gaming-tastatur-sub-1-ms-slipstream-wireless-bluetooth-cherry-mx-ultra-low-profile-tastenschalter-de-layout-qwertz-schwarz\/","name":"Corsair K100 AIR WIRELESS RGB Ultrad\u00fcnne Mechanische Gaming-Tastatur - Sub-1-ms-SLIPSTREAM WIRELESS, Bluetooth, CHERRY\u2026 - Markt-XXL","isPartOf":{"@id":"https:\/\/marktxxl.de\/markt\/#website"},"primaryImageOfPage":{"@id":"https:\/\/marktxxl.de\/markt\/produkt\/corsair-k100-air-wireless-rgb-ultraduenne-mechanische-gaming-tastatur-sub-1-ms-slipstream-wireless-bluetooth-cherry-mx-ultra-low-profile-tastenschalter-de-layout-qwertz-schwarz\/#primaryimage"},"image":{"@id":"https:\/\/marktxxl.de\/markt\/produkt\/corsair-k100-air-wireless-rgb-ultraduenne-mechanische-gaming-tastatur-sub-1-ms-slipstream-wireless-bluetooth-cherry-mx-ultra-low-profile-tastenschalter-de-layout-qwertz-schwarz\/#primaryimage"},"thumbnailUrl":"https:\/\/m.media-amazon.com\/images\/I\/41tHsWzfYDL._SL500_.jpg","datePublished":"2022-10-12T08:28:02+00:00","dateModified":"2023-04-09T02:23:55+00:00","description":"Markt-XXL Corsair K100 AIR WIRELESS RGB Ultrad\u00fcnne Mechanische Gaming-Tastatur - Sub-1-ms-SLIPSTREAM WIRELESS, Bluetooth, CHERRY\u2026","breadcrumb":{"@id":"https:\/\/marktxxl.de\/markt\/produkt\/corsair-k100-air-wireless-rgb-ultraduenne-mechanische-gaming-tastatur-sub-1-ms-slipstream-wireless-bluetooth-cherry-mx-ultra-low-profile-tastenschalter-de-layout-qwertz-schwarz\/#breadcrumb"},"inLanguage":"de","potentialAction":[{"@type":"ReadAction","target":["https:\/\/marktxxl.de\/markt\/produkt\/corsair-k100-air-wireless-rgb-ultraduenne-mechanische-gaming-tastatur-sub-1-ms-slipstream-wireless-bluetooth-cherry-mx-ultra-low-profile-tastenschalter-de-layout-qwertz-schwarz\/"]}]},{"@type":"ImageObject","inLanguage":"de","@id":"https:\/\/marktxxl.de\/markt\/produkt\/corsair-k100-air-wireless-rgb-ultraduenne-mechanische-gaming-tastatur-sub-1-ms-slipstream-wireless-bluetooth-cherry-mx-ultra-low-profile-tastenschalter-de-layout-qwertz-schwarz\/#primaryimage","url":"https:\/\/m.media-amazon.com\/images\/I\/41tHsWzfYDL._SL500_.jpg","contentUrl":"https:\/\/m.media-amazon.com\/images\/I\/41tHsWzfYDL._SL500_.jpg","width":500,"height":178},{"@type":"BreadcrumbList","@id":"https:\/\/marktxxl.de\/markt\/produkt\/corsair-k100-air-wireless-rgb-ultraduenne-mechanische-gaming-tastatur-sub-1-ms-slipstream-wireless-bluetooth-cherry-mx-ultra-low-profile-tastenschalter-de-layout-qwertz-schwarz\/#breadcrumb","itemListElement":[{"@type":"ListItem","position":1,"name":"Startseite","item":"https:\/\/marktxxl.de\/markt\/"},{"@type":"ListItem","position":2,"name":"Markt","item":"https:\/\/marktxxl.de\/markt\/"},{"@type":"ListItem","position":3,"name":"Corsair K100 AIR WIRELESS RGB Ultrad\u00fcnne Mechanische Gaming-Tastatur &#8211; Sub-1-ms-SLIPSTREAM WIRELESS, Bluetooth, CHERRY\u2026"}]},{"@type":"WebSite","@id":"https:\/\/marktxxl.de\/markt\/#website","url":"https:\/\/marktxxl.de\/markt\/","name":"Markt-XXL","description":"Ihr Markt Online","publisher":{"@id":"https:\/\/marktxxl.de\/markt\/#organization"},"potentialAction":[{"@type":"SearchAction","target":{"@type":"EntryPoint","urlTemplate":"https:\/\/marktxxl.de\/markt\/?s={search_term_string}"},"query-input":{"@type":"PropertyValueSpecification","valueRequired":true,"valueName":"search_term_string"}}],"inLanguage":"de"},{"@type":"Organization","@id":"https:\/\/marktxxl.de\/markt\/#organization","name":"Markt-XXL","url":"https:\/\/marktxxl.de\/markt\/","logo":{"@type":"ImageObject","inLanguage":"de","@id":"https:\/\/marktxxl.de\/markt\/#\/schema\/logo\/image\/","url":"https:\/\/marktxxl.de\/markt\/wp-content\/uploads\/sites\/3\/2020\/12\/logo.png","contentUrl":"https:\/\/marktxxl.de\/markt\/wp-content\/uploads\/sites\/3\/2020\/12\/logo.png","width":200,"height":70,"caption":"Markt-XXL"},"image":{"@id":"https:\/\/marktxxl.de\/markt\/#\/schema\/logo\/image\/"}}]}},"_links":{"self":[{"href":"https:\/\/marktxxl.de\/markt\/wp-json\/wp\/v2\/product\/160409","targetHints":{"allow":["GET"]}}],"collection":[{"href":"https:\/\/marktxxl.de\/markt\/wp-json\/wp\/v2\/product"}],"about":[{"href":"https:\/\/marktxxl.de\/markt\/wp-json\/wp\/v2\/types\/product"}],"replies":[{"embeddable":true,"href":"https:\/\/marktxxl.de\/markt\/wp-json\/wp\/v2\/comments?post=160409"}],"wp:featuredmedia":[{"embeddable":true,"href":"https:\/\/marktxxl.de\/markt\/wp-json\/wp\/v2\/media\/160410"}],"wp:attachment":[{"href":"https:\/\/marktxxl.de\/markt\/wp-json\/wp\/v2\/media?parent=160409"}],"wp:term":[{"taxonomy":"product_brand","embeddable":true,"href":"https:\/\/marktxxl.de\/markt\/wp-json\/wp\/v2\/product_brand?post=160409"},{"taxonomy":"product_cat","embeddable":true,"href":"https:\/\/marktxxl.de\/markt\/wp-json\/wp\/v2\/product_cat?post=160409"},{"taxonomy":"product_tag","embeddable":true,"href":"https:\/\/marktxxl.de\/markt\/wp-json\/wp\/v2\/product_tag?post=160409"}],"curies":[{"name":"wp","href":"https:\/\/api.w.org\/{rel}","templated":true}]}}