{"id":160350,"date":"2022-10-12T10:25:33","date_gmt":"2022-10-12T08:25:33","guid":{"rendered":"https:\/\/marktxxl.de\/markt\/produkt\/bysscvc-usb-bluetooth-5-1-adapter-dongle-bluetooth-stick-fuer-pc-desktop-laptop-drucker-headset-lautsprecher-kopfhoerer-unterstuetzt-windows-11-10-8-1-7\/"},"modified":"2023-04-09T04:23:55","modified_gmt":"2023-04-09T02:23:55","slug":"bysscvc-usb-bluetooth-5-1-adapter-dongle-bluetooth-stick-fuer-pc-desktop-laptop-drucker-headset-lautsprecher-kopfhoerer-unterstuetzt-windows-11-10-8-1-7","status":"publish","type":"product","link":"https:\/\/marktxxl.de\/markt\/produkt\/bysscvc-usb-bluetooth-5-1-adapter-dongle-bluetooth-stick-fuer-pc-desktop-laptop-drucker-headset-lautsprecher-kopfhoerer-unterstuetzt-windows-11-10-8-1-7\/","title":{"rendered":"BYSSCVC USB Bluetooth 5.1 Adapter Dongle Bluetooth Stick f\u00a8\u00b9r PC Desktop Laptop Drucker Headset Lautsprecher Kopfh_rer\u2026"},"content":{"rendered":"<p>[ Verbessertes Bluetooth 5.1 ] Dieser USB Bluetooth 5.1 f\u00fcgt Nicht Bluetooth Computern Bluetooth-Funktionalit\u00e4t hinzu und erm\u00f6glicht Ihnen die einfache Kommunikation Ihres Computers mit Bluetooth-Ger\u00e4ten.<br \/>\n[ Breite Kompatibilit\u00e4t ] Dieser Bluetooth Dongle ist mit Windows Systemen kompatibel, es muss kein Treiber f\u00fcr Windows 11\/10\/8.1 installiert werden, Windows 7 muss einen Treiber installieren. Und es ist abw\u00e4rtskompatibel mit V5.0\/4.0\/3\/2.1\/2.0\/1.1.<br \/>\n[ Long Distance ] Die aktualisierte Version des Bluetooth Dongle f\u00fcgt eine l\u00e4ngere \u00dcbertragungsentfernung hinzu, und die l\u00e4ngste barrierefreie Verbindung kann 20 m erreichen.<br \/>\n[ Mehrere Ger\u00e4teverbindung ] Der PC Bluetooth Adapter kann gleichzeitig eine Verbindung zu 7 Ger\u00e4ten herstellen, z. B. Bluetooth-Headsets, Lautsprecher, Tastaturen, M\u00e4use, Drucker, PS5\/PS4\/X Box One S-Controller usw Hinweis: Es kann immer nur ein Audioger\u00e4t angeschlossen werden.<br \/>\n[ Praktisch und Tragbar ] Mit dem kleinen USB Bluetooth Adapter k\u00f6nnen Sie ihn in Ihrem Laptop lassen, ohne den USB-Anschluss zu besch\u00e4digen, ohne ihn zerlegen zu m\u00fcssen. Sie k\u00f6nnen es auch einfach in eine Tasche stecken und mitnehmen.<br \/>\n<div class=\"main-cross-sell\" data-asin=\"B09WZ29NFD\">\n\n\t<div class=\"WooZone-cross-sell-loader\">\n\t\t<div>\n\t\t\t<div id=\"floatingBarsG\">\n\t\t\t\t<div class=\"blockG\" id=\"rotateG_01\"><\/div>\n\t\t\t\t<div class=\"blockG\" id=\"rotateG_02\"><\/div>\n\t\t\t\t<div class=\"blockG\" id=\"rotateG_03\"><\/div>\n\t\t\t\t<div class=\"blockG\" id=\"rotateG_04\"><\/div>\n\t\t\t\t<div class=\"blockG\" id=\"rotateG_05\"><\/div>\n\t\t\t\t<div class=\"blockG\" id=\"rotateG_06\"><\/div>\n\t\t\t\t<div class=\"blockG\" id=\"rotateG_07\"><\/div>\n\t\t\t\t<div class=\"blockG\" id=\"rotateG_08\"><\/div>\n\t\t\t<\/div>\n\t\t\t<div class=\"WooZone-cross-sell-loader-text\"><\/div>\n\t\t<\/div>\n\t<\/div>\n\n\t\t\n<\/div>\n<div style=\"clear:both;\"><\/div><\/p>\n","protected":false},"excerpt":{"rendered":"<p>[ Verbessertes Bluetooth 5.1 ] Dieser USB Bluetooth 5.1 f\u00fcgt Nicht Bluetooth Computern Bluetooth-Funktionalit\u00e4t hinzu und erm\u00f6glicht Ihnen die einfache Kommunikation Ihres Computers mit Bluetooth-Ger\u00e4ten.<br \/>\n[ Breite Kompatibilit\u00e4t ] Dieser Bluetooth Dongle ist mit Windows Systemen kompatibel, es muss kein Treiber f\u00fcr Windows 11\/10\/8.1 installiert werden, Windows 7 muss einen Treiber installieren. Und es ist abw\u00e4rtskompatibel mit V5.0\/4.0\/3\/2.1\/2.0\/1.1.<br \/>\n[ Long Distance ] Die aktualisierte Version des Bluetooth Dongle f\u00fcgt eine l\u00e4ngere \u00dcbertragungsentfernung hinzu, und die l\u00e4ngste barrierefreie Verbindung kann 20 m erreichen.<\/p>\n","protected":false},"featured_media":160351,"comment_status":"open","ping_status":"closed","template":"","meta":[],"product_brand":[],"product_cat":[863],"product_tag":[],"class_list":{"0":"post-160350","1":"product","2":"type-product","3":"status-publish","4":"has-post-thumbnail","6":"product_cat-computer-zubehoer","7":"pa_brand-bysscvc","8":"pa_manufacturer-bysscvc","9":"pa_warranty-24-mouth","11":"first","12":"instock","13":"shipping-taxable","14":"purchasable","15":"product-type-simple","16":"customify-col","17":"product-has-gallery"},"yoast_head":"<!-- This site is optimized with the Yoast SEO plugin v27.4 - https:\/\/yoast.com\/product\/yoast-seo-wordpress\/ -->\n<title>BYSSCVC USB Bluetooth 5.1 Adapter Dongle Bluetooth Stick f\u00a8\u00b9r PC Desktop Laptop Drucker Headset Lautsprecher Kopfh_rer\u2026 - Markt-XXL<\/title>\n<meta name=\"description\" content=\"Markt-XXL BYSSCVC USB Bluetooth 5.1 Adapter Dongle Bluetooth Stick f\u00a8\u00b9r PC Desktop Laptop Drucker Headset Lautsprecher Kopfh_rer\u2026\" \/>\n<meta name=\"robots\" content=\"index, follow, max-snippet:-1, max-image-preview:large, max-video-preview:-1\" \/>\n<link rel=\"canonical\" href=\"https:\/\/marktxxl.de\/markt\/produkt\/bysscvc-usb-bluetooth-5-1-adapter-dongle-bluetooth-stick-fuer-pc-desktop-laptop-drucker-headset-lautsprecher-kopfhoerer-unterstuetzt-windows-11-10-8-1-7\/\" \/>\n<meta property=\"og:locale\" content=\"de_DE\" \/>\n<meta property=\"og:type\" content=\"article\" \/>\n<meta property=\"og:title\" content=\"BYSSCVC USB Bluetooth 5.1 Adapter Dongle Bluetooth Stick f\u00a8\u00b9r PC Desktop Laptop Drucker Headset Lautsprecher Kopfh_rer\u2026 - Markt-XXL\" \/>\n<meta property=\"og:description\" content=\"Markt-XXL BYSSCVC USB Bluetooth 5.1 Adapter Dongle Bluetooth Stick f\u00a8\u00b9r PC Desktop Laptop Drucker Headset Lautsprecher Kopfh_rer\u2026\" \/>\n<meta property=\"og:url\" content=\"https:\/\/marktxxl.de\/markt\/produkt\/bysscvc-usb-bluetooth-5-1-adapter-dongle-bluetooth-stick-fuer-pc-desktop-laptop-drucker-headset-lautsprecher-kopfhoerer-unterstuetzt-windows-11-10-8-1-7\/\" \/>\n<meta property=\"og:site_name\" content=\"Markt-XXL\" \/>\n<meta property=\"article:modified_time\" content=\"2023-04-09T02:23:55+00:00\" \/>\n<meta property=\"og:image\" content=\"https:\/\/m.media-amazon.com\/images\/I\/31F-srTAcIL._SL500_.jpg\" \/>\n\t<meta property=\"og:image:width\" content=\"500\" \/>\n\t<meta property=\"og:image:height\" content=\"500\" \/>\n\t<meta property=\"og:image:type\" content=\"image\/jpeg\" \/>\n<meta name=\"twitter:card\" content=\"summary_large_image\" \/>\n<meta name=\"twitter:label1\" content=\"Gesch\u00e4tzte Lesezeit\" \/>\n\t<meta name=\"twitter:data1\" content=\"1\u00a0Minute\" \/>\n<script type=\"application\/ld+json\" class=\"yoast-schema-graph\">{\"@context\":\"https:\\\/\\\/schema.org\",\"@graph\":[{\"@type\":\"WebPage\",\"@id\":\"https:\\\/\\\/marktxxl.de\\\/markt\\\/produkt\\\/bysscvc-usb-bluetooth-5-1-adapter-dongle-bluetooth-stick-fuer-pc-desktop-laptop-drucker-headset-lautsprecher-kopfhoerer-unterstuetzt-windows-11-10-8-1-7\\\/\",\"url\":\"https:\\\/\\\/marktxxl.de\\\/markt\\\/produkt\\\/bysscvc-usb-bluetooth-5-1-adapter-dongle-bluetooth-stick-fuer-pc-desktop-laptop-drucker-headset-lautsprecher-kopfhoerer-unterstuetzt-windows-11-10-8-1-7\\\/\",\"name\":\"BYSSCVC USB Bluetooth 5.1 Adapter Dongle Bluetooth Stick f\u00a8\u00b9r PC Desktop Laptop Drucker Headset Lautsprecher Kopfh_rer\u2026 - Markt-XXL\",\"isPartOf\":{\"@id\":\"https:\\\/\\\/marktxxl.de\\\/markt\\\/#website\"},\"primaryImageOfPage\":{\"@id\":\"https:\\\/\\\/marktxxl.de\\\/markt\\\/produkt\\\/bysscvc-usb-bluetooth-5-1-adapter-dongle-bluetooth-stick-fuer-pc-desktop-laptop-drucker-headset-lautsprecher-kopfhoerer-unterstuetzt-windows-11-10-8-1-7\\\/#primaryimage\"},\"image\":{\"@id\":\"https:\\\/\\\/marktxxl.de\\\/markt\\\/produkt\\\/bysscvc-usb-bluetooth-5-1-adapter-dongle-bluetooth-stick-fuer-pc-desktop-laptop-drucker-headset-lautsprecher-kopfhoerer-unterstuetzt-windows-11-10-8-1-7\\\/#primaryimage\"},\"thumbnailUrl\":\"https:\\\/\\\/m.media-amazon.com\\\/images\\\/I\\\/31F-srTAcIL._SL500_.jpg\",\"datePublished\":\"2022-10-12T08:25:33+00:00\",\"dateModified\":\"2023-04-09T02:23:55+00:00\",\"description\":\"Markt-XXL BYSSCVC USB Bluetooth 5.1 Adapter Dongle Bluetooth Stick f\u00a8\u00b9r PC Desktop Laptop Drucker Headset Lautsprecher Kopfh_rer\u2026\",\"breadcrumb\":{\"@id\":\"https:\\\/\\\/marktxxl.de\\\/markt\\\/produkt\\\/bysscvc-usb-bluetooth-5-1-adapter-dongle-bluetooth-stick-fuer-pc-desktop-laptop-drucker-headset-lautsprecher-kopfhoerer-unterstuetzt-windows-11-10-8-1-7\\\/#breadcrumb\"},\"inLanguage\":\"de\",\"potentialAction\":[{\"@type\":\"ReadAction\",\"target\":[\"https:\\\/\\\/marktxxl.de\\\/markt\\\/produkt\\\/bysscvc-usb-bluetooth-5-1-adapter-dongle-bluetooth-stick-fuer-pc-desktop-laptop-drucker-headset-lautsprecher-kopfhoerer-unterstuetzt-windows-11-10-8-1-7\\\/\"]}]},{\"@type\":\"ImageObject\",\"inLanguage\":\"de\",\"@id\":\"https:\\\/\\\/marktxxl.de\\\/markt\\\/produkt\\\/bysscvc-usb-bluetooth-5-1-adapter-dongle-bluetooth-stick-fuer-pc-desktop-laptop-drucker-headset-lautsprecher-kopfhoerer-unterstuetzt-windows-11-10-8-1-7\\\/#primaryimage\",\"url\":\"https:\\\/\\\/m.media-amazon.com\\\/images\\\/I\\\/31F-srTAcIL._SL500_.jpg\",\"contentUrl\":\"https:\\\/\\\/m.media-amazon.com\\\/images\\\/I\\\/31F-srTAcIL._SL500_.jpg\",\"width\":500,\"height\":500},{\"@type\":\"BreadcrumbList\",\"@id\":\"https:\\\/\\\/marktxxl.de\\\/markt\\\/produkt\\\/bysscvc-usb-bluetooth-5-1-adapter-dongle-bluetooth-stick-fuer-pc-desktop-laptop-drucker-headset-lautsprecher-kopfhoerer-unterstuetzt-windows-11-10-8-1-7\\\/#breadcrumb\",\"itemListElement\":[{\"@type\":\"ListItem\",\"position\":1,\"name\":\"Startseite\",\"item\":\"https:\\\/\\\/marktxxl.de\\\/markt\\\/\"},{\"@type\":\"ListItem\",\"position\":2,\"name\":\"Markt\",\"item\":\"https:\\\/\\\/marktxxl.de\\\/markt\\\/\"},{\"@type\":\"ListItem\",\"position\":3,\"name\":\"BYSSCVC USB Bluetooth 5.1 Adapter Dongle Bluetooth Stick f\u00a8\u00b9r PC Desktop Laptop Drucker Headset Lautsprecher Kopfh_rer\u2026\"}]},{\"@type\":\"WebSite\",\"@id\":\"https:\\\/\\\/marktxxl.de\\\/markt\\\/#website\",\"url\":\"https:\\\/\\\/marktxxl.de\\\/markt\\\/\",\"name\":\"Markt-XXL\",\"description\":\"Ihr Markt Online\",\"publisher\":{\"@id\":\"https:\\\/\\\/marktxxl.de\\\/markt\\\/#organization\"},\"potentialAction\":[{\"@type\":\"SearchAction\",\"target\":{\"@type\":\"EntryPoint\",\"urlTemplate\":\"https:\\\/\\\/marktxxl.de\\\/markt\\\/?s={search_term_string}\"},\"query-input\":{\"@type\":\"PropertyValueSpecification\",\"valueRequired\":true,\"valueName\":\"search_term_string\"}}],\"inLanguage\":\"de\"},{\"@type\":\"Organization\",\"@id\":\"https:\\\/\\\/marktxxl.de\\\/markt\\\/#organization\",\"name\":\"Markt-XXL\",\"url\":\"https:\\\/\\\/marktxxl.de\\\/markt\\\/\",\"logo\":{\"@type\":\"ImageObject\",\"inLanguage\":\"de\",\"@id\":\"https:\\\/\\\/marktxxl.de\\\/markt\\\/#\\\/schema\\\/logo\\\/image\\\/\",\"url\":\"https:\\\/\\\/marktxxl.de\\\/markt\\\/wp-content\\\/uploads\\\/sites\\\/3\\\/2020\\\/12\\\/logo.png\",\"contentUrl\":\"https:\\\/\\\/marktxxl.de\\\/markt\\\/wp-content\\\/uploads\\\/sites\\\/3\\\/2020\\\/12\\\/logo.png\",\"width\":200,\"height\":70,\"caption\":\"Markt-XXL\"},\"image\":{\"@id\":\"https:\\\/\\\/marktxxl.de\\\/markt\\\/#\\\/schema\\\/logo\\\/image\\\/\"}}]}<\/script>\n<!-- \/ Yoast SEO plugin. -->","yoast_head_json":{"title":"BYSSCVC USB Bluetooth 5.1 Adapter Dongle Bluetooth Stick f\u00a8\u00b9r PC Desktop Laptop Drucker Headset Lautsprecher Kopfh_rer\u2026 - Markt-XXL","description":"Markt-XXL BYSSCVC USB Bluetooth 5.1 Adapter Dongle Bluetooth Stick f\u00a8\u00b9r PC Desktop Laptop Drucker Headset Lautsprecher Kopfh_rer\u2026","robots":{"index":"index","follow":"follow","max-snippet":"max-snippet:-1","max-image-preview":"max-image-preview:large","max-video-preview":"max-video-preview:-1"},"canonical":"https:\/\/marktxxl.de\/markt\/produkt\/bysscvc-usb-bluetooth-5-1-adapter-dongle-bluetooth-stick-fuer-pc-desktop-laptop-drucker-headset-lautsprecher-kopfhoerer-unterstuetzt-windows-11-10-8-1-7\/","og_locale":"de_DE","og_type":"article","og_title":"BYSSCVC USB Bluetooth 5.1 Adapter Dongle Bluetooth Stick f\u00a8\u00b9r PC Desktop Laptop Drucker Headset Lautsprecher Kopfh_rer\u2026 - Markt-XXL","og_description":"Markt-XXL BYSSCVC USB Bluetooth 5.1 Adapter Dongle Bluetooth Stick f\u00a8\u00b9r PC Desktop Laptop Drucker Headset Lautsprecher Kopfh_rer\u2026","og_url":"https:\/\/marktxxl.de\/markt\/produkt\/bysscvc-usb-bluetooth-5-1-adapter-dongle-bluetooth-stick-fuer-pc-desktop-laptop-drucker-headset-lautsprecher-kopfhoerer-unterstuetzt-windows-11-10-8-1-7\/","og_site_name":"Markt-XXL","article_modified_time":"2023-04-09T02:23:55+00:00","og_image":[{"width":500,"height":500,"url":"https:\/\/m.media-amazon.com\/images\/I\/31F-srTAcIL._SL500_.jpg","type":"image\/jpeg"}],"twitter_card":"summary_large_image","twitter_misc":{"Gesch\u00e4tzte Lesezeit":"1\u00a0Minute"},"schema":{"@context":"https:\/\/schema.org","@graph":[{"@type":"WebPage","@id":"https:\/\/marktxxl.de\/markt\/produkt\/bysscvc-usb-bluetooth-5-1-adapter-dongle-bluetooth-stick-fuer-pc-desktop-laptop-drucker-headset-lautsprecher-kopfhoerer-unterstuetzt-windows-11-10-8-1-7\/","url":"https:\/\/marktxxl.de\/markt\/produkt\/bysscvc-usb-bluetooth-5-1-adapter-dongle-bluetooth-stick-fuer-pc-desktop-laptop-drucker-headset-lautsprecher-kopfhoerer-unterstuetzt-windows-11-10-8-1-7\/","name":"BYSSCVC USB Bluetooth 5.1 Adapter Dongle Bluetooth Stick f\u00a8\u00b9r PC Desktop Laptop Drucker Headset Lautsprecher Kopfh_rer\u2026 - Markt-XXL","isPartOf":{"@id":"https:\/\/marktxxl.de\/markt\/#website"},"primaryImageOfPage":{"@id":"https:\/\/marktxxl.de\/markt\/produkt\/bysscvc-usb-bluetooth-5-1-adapter-dongle-bluetooth-stick-fuer-pc-desktop-laptop-drucker-headset-lautsprecher-kopfhoerer-unterstuetzt-windows-11-10-8-1-7\/#primaryimage"},"image":{"@id":"https:\/\/marktxxl.de\/markt\/produkt\/bysscvc-usb-bluetooth-5-1-adapter-dongle-bluetooth-stick-fuer-pc-desktop-laptop-drucker-headset-lautsprecher-kopfhoerer-unterstuetzt-windows-11-10-8-1-7\/#primaryimage"},"thumbnailUrl":"https:\/\/m.media-amazon.com\/images\/I\/31F-srTAcIL._SL500_.jpg","datePublished":"2022-10-12T08:25:33+00:00","dateModified":"2023-04-09T02:23:55+00:00","description":"Markt-XXL BYSSCVC USB Bluetooth 5.1 Adapter Dongle Bluetooth Stick f\u00a8\u00b9r PC Desktop Laptop Drucker Headset Lautsprecher Kopfh_rer\u2026","breadcrumb":{"@id":"https:\/\/marktxxl.de\/markt\/produkt\/bysscvc-usb-bluetooth-5-1-adapter-dongle-bluetooth-stick-fuer-pc-desktop-laptop-drucker-headset-lautsprecher-kopfhoerer-unterstuetzt-windows-11-10-8-1-7\/#breadcrumb"},"inLanguage":"de","potentialAction":[{"@type":"ReadAction","target":["https:\/\/marktxxl.de\/markt\/produkt\/bysscvc-usb-bluetooth-5-1-adapter-dongle-bluetooth-stick-fuer-pc-desktop-laptop-drucker-headset-lautsprecher-kopfhoerer-unterstuetzt-windows-11-10-8-1-7\/"]}]},{"@type":"ImageObject","inLanguage":"de","@id":"https:\/\/marktxxl.de\/markt\/produkt\/bysscvc-usb-bluetooth-5-1-adapter-dongle-bluetooth-stick-fuer-pc-desktop-laptop-drucker-headset-lautsprecher-kopfhoerer-unterstuetzt-windows-11-10-8-1-7\/#primaryimage","url":"https:\/\/m.media-amazon.com\/images\/I\/31F-srTAcIL._SL500_.jpg","contentUrl":"https:\/\/m.media-amazon.com\/images\/I\/31F-srTAcIL._SL500_.jpg","width":500,"height":500},{"@type":"BreadcrumbList","@id":"https:\/\/marktxxl.de\/markt\/produkt\/bysscvc-usb-bluetooth-5-1-adapter-dongle-bluetooth-stick-fuer-pc-desktop-laptop-drucker-headset-lautsprecher-kopfhoerer-unterstuetzt-windows-11-10-8-1-7\/#breadcrumb","itemListElement":[{"@type":"ListItem","position":1,"name":"Startseite","item":"https:\/\/marktxxl.de\/markt\/"},{"@type":"ListItem","position":2,"name":"Markt","item":"https:\/\/marktxxl.de\/markt\/"},{"@type":"ListItem","position":3,"name":"BYSSCVC USB Bluetooth 5.1 Adapter Dongle Bluetooth Stick f\u00a8\u00b9r PC Desktop Laptop Drucker Headset Lautsprecher Kopfh_rer\u2026"}]},{"@type":"WebSite","@id":"https:\/\/marktxxl.de\/markt\/#website","url":"https:\/\/marktxxl.de\/markt\/","name":"Markt-XXL","description":"Ihr Markt Online","publisher":{"@id":"https:\/\/marktxxl.de\/markt\/#organization"},"potentialAction":[{"@type":"SearchAction","target":{"@type":"EntryPoint","urlTemplate":"https:\/\/marktxxl.de\/markt\/?s={search_term_string}"},"query-input":{"@type":"PropertyValueSpecification","valueRequired":true,"valueName":"search_term_string"}}],"inLanguage":"de"},{"@type":"Organization","@id":"https:\/\/marktxxl.de\/markt\/#organization","name":"Markt-XXL","url":"https:\/\/marktxxl.de\/markt\/","logo":{"@type":"ImageObject","inLanguage":"de","@id":"https:\/\/marktxxl.de\/markt\/#\/schema\/logo\/image\/","url":"https:\/\/marktxxl.de\/markt\/wp-content\/uploads\/sites\/3\/2020\/12\/logo.png","contentUrl":"https:\/\/marktxxl.de\/markt\/wp-content\/uploads\/sites\/3\/2020\/12\/logo.png","width":200,"height":70,"caption":"Markt-XXL"},"image":{"@id":"https:\/\/marktxxl.de\/markt\/#\/schema\/logo\/image\/"}}]}},"_links":{"self":[{"href":"https:\/\/marktxxl.de\/markt\/wp-json\/wp\/v2\/product\/160350","targetHints":{"allow":["GET"]}}],"collection":[{"href":"https:\/\/marktxxl.de\/markt\/wp-json\/wp\/v2\/product"}],"about":[{"href":"https:\/\/marktxxl.de\/markt\/wp-json\/wp\/v2\/types\/product"}],"replies":[{"embeddable":true,"href":"https:\/\/marktxxl.de\/markt\/wp-json\/wp\/v2\/comments?post=160350"}],"wp:featuredmedia":[{"embeddable":true,"href":"https:\/\/marktxxl.de\/markt\/wp-json\/wp\/v2\/media\/160351"}],"wp:attachment":[{"href":"https:\/\/marktxxl.de\/markt\/wp-json\/wp\/v2\/media?parent=160350"}],"wp:term":[{"taxonomy":"product_brand","embeddable":true,"href":"https:\/\/marktxxl.de\/markt\/wp-json\/wp\/v2\/product_brand?post=160350"},{"taxonomy":"product_cat","embeddable":true,"href":"https:\/\/marktxxl.de\/markt\/wp-json\/wp\/v2\/product_cat?post=160350"},{"taxonomy":"product_tag","embeddable":true,"href":"https:\/\/marktxxl.de\/markt\/wp-json\/wp\/v2\/product_tag?post=160350"}],"curies":[{"name":"wp","href":"https:\/\/api.w.org\/{rel}","templated":true}]}}