{"id":160147,"date":"2022-10-12T10:02:53","date_gmt":"2022-10-12T08:02:53","guid":{"rendered":"https:\/\/marktxxl.de\/markt\/produkt\/procase-huelle-fuer-galaxy-tab-a8-10-5sm-x200-x205-2022-dreifach-falt-klapp-schutzhuelle-case-ultra-duenn-leicht-staender-schale-smart-cover-mit-translucent-frosted-rueckhuelle\/"},"modified":"2023-04-09T04:23:52","modified_gmt":"2023-04-09T02:23:52","slug":"procase-huelle-fuer-galaxy-tab-a8-10-5sm-x200-x205-2022-dreifach-falt-klapp-schutzhuelle-case-ultra-duenn-leicht-staender-schale-smart-cover-mit-translucent-frosted-rueckhuelle","status":"publish","type":"product","link":"https:\/\/marktxxl.de\/markt\/produkt\/procase-huelle-fuer-galaxy-tab-a8-10-5sm-x200-x205-2022-dreifach-falt-klapp-schutzhuelle-case-ultra-duenn-leicht-staender-schale-smart-cover-mit-translucent-frosted-rueckhuelle\/","title":{"rendered":"ProCase H\u00fclle f\u00fcr Galaxy Tab A8 10.5\u201d(SM-X200\/ X205) 2022 Dreifach Falt Klapp Schutzh\u00fclle Case Ultra D\u00fcnn Leicht St\u00e4nder\u2026"},"content":{"rendered":"<p>Exclusiv entworfen f\u00fcr Samsung Galaxy Tab A8 10.5 Zoll 2022 Release Tablet (Modellnummer: SM-X200 \/ X205). Funktioniert nicht f\u00fcr andere Modelle. Bitte best\u00e4tigen Sie die Modellnummer &#8220;Txxx&#8221; durch Klicken &#8220;Settings&#8221;- &#8220;About device&#8221; vorm Kauf<br \/>\nLeicht aber Sto\u00dffest: D\u00fcnne H\u00fclle mit harten R\u00fcckseite sorgt f\u00fcr minimalen Platzbedarf und sch\u00fctzt Ihr Tablet im t\u00e4glichen Gebrauch gut genug vor St\u00fcrzen und Kratzern<br \/>\nDie durchscheinend mattierte R\u00fcckseite zeigt das urspr\u00fcngliche Aussehen des Tablets und sch\u00fctzt Ihr Ger\u00e4t vor Fingerabdr\u00fccken und Kratzern<br \/>\nKlassisches und professionelles Design: pr\u00e4zise \u00d6ffnungen f\u00fcr vollen Zugriff auf alle Funktionen (Kamera, Lautsprecher, Anschl\u00fcsse und Tasten)<br \/>\nUnterst\u00fctzt die Auto- Schlaf \/ Wach-Funktion. Magnet sichert den Geh\u00e4useverschluss, einfaches Ein- und Ausklicken<br \/>\n<div class=\"main-cross-sell\" data-asin=\"B09S5Z2CG9\">\n\n\t<div class=\"WooZone-cross-sell-loader\">\n\t\t<div>\n\t\t\t<div id=\"floatingBarsG\">\n\t\t\t\t<div class=\"blockG\" id=\"rotateG_01\"><\/div>\n\t\t\t\t<div class=\"blockG\" id=\"rotateG_02\"><\/div>\n\t\t\t\t<div class=\"blockG\" id=\"rotateG_03\"><\/div>\n\t\t\t\t<div class=\"blockG\" id=\"rotateG_04\"><\/div>\n\t\t\t\t<div class=\"blockG\" id=\"rotateG_05\"><\/div>\n\t\t\t\t<div class=\"blockG\" id=\"rotateG_06\"><\/div>\n\t\t\t\t<div class=\"blockG\" id=\"rotateG_07\"><\/div>\n\t\t\t\t<div class=\"blockG\" id=\"rotateG_08\"><\/div>\n\t\t\t<\/div>\n\t\t\t<div class=\"WooZone-cross-sell-loader-text\"><\/div>\n\t\t<\/div>\n\t<\/div>\n\n\t\t\n<\/div>\n<div style=\"clear:both;\"><\/div><\/p>\n","protected":false},"excerpt":{"rendered":"<p>Exclusiv entworfen f\u00fcr Samsung Galaxy Tab A8 10.5 Zoll 2022 Release Tablet (Modellnummer: SM-X200 \/ X205). Funktioniert nicht f\u00fcr andere Modelle. Bitte best\u00e4tigen Sie die Modellnummer &#8220;Txxx&#8221; durch Klicken &#8220;Settings&#8221;- &#8220;About device&#8221; vorm Kauf<br \/>\nLeicht aber Sto\u00dffest: D\u00fcnne H\u00fclle mit harten R\u00fcckseite sorgt f\u00fcr minimalen Platzbedarf und sch\u00fctzt Ihr Tablet im t\u00e4glichen Gebrauch gut genug vor St\u00fcrzen und Kratzern<br \/>\nDie durchscheinend mattierte R\u00fcckseite zeigt das urspr\u00fcngliche Aussehen des Tablets und sch\u00fctzt Ihr Ger\u00e4t vor Fingerabdr\u00fccken und Kratzern<\/p>\n","protected":false},"featured_media":160148,"comment_status":"open","ping_status":"closed","template":"","meta":[],"product_brand":[],"product_cat":[863],"product_tag":[],"class_list":{"0":"post-160147","1":"product","2":"type-product","3":"status-publish","4":"has-post-thumbnail","6":"product_cat-computer-zubehoer","7":"pa_brand-procase","8":"pa_manufacturer-procase","10":"first","11":"instock","12":"shipping-taxable","13":"purchasable","14":"product-type-simple","15":"customify-col","16":"product-has-gallery"},"yoast_head":"<!-- This site is optimized with the Yoast SEO plugin v27.4 - https:\/\/yoast.com\/product\/yoast-seo-wordpress\/ -->\n<title>ProCase H\u00fclle f\u00fcr Galaxy Tab A8 10.5\u201d(SM-X200\/ X205) 2022 Dreifach Falt Klapp Schutzh\u00fclle Case Ultra D\u00fcnn Leicht St\u00e4nder\u2026 - Markt-XXL<\/title>\n<meta name=\"description\" content=\"Markt-XXL ProCase H\u00fclle f\u00fcr Galaxy Tab A8 10.5\u201d(SM-X200\/ X205) 2022 Dreifach Falt Klapp Schutzh\u00fclle Case Ultra D\u00fcnn Leicht St\u00e4nder\u2026\" \/>\n<meta name=\"robots\" content=\"index, follow, max-snippet:-1, max-image-preview:large, max-video-preview:-1\" \/>\n<link rel=\"canonical\" href=\"https:\/\/marktxxl.de\/markt\/produkt\/procase-huelle-fuer-galaxy-tab-a8-10-5sm-x200-x205-2022-dreifach-falt-klapp-schutzhuelle-case-ultra-duenn-leicht-staender-schale-smart-cover-mit-translucent-frosted-rueckhuelle\/\" \/>\n<meta property=\"og:locale\" content=\"de_DE\" \/>\n<meta property=\"og:type\" content=\"article\" \/>\n<meta property=\"og:title\" content=\"ProCase H\u00fclle f\u00fcr Galaxy Tab A8 10.5\u201d(SM-X200\/ X205) 2022 Dreifach Falt Klapp Schutzh\u00fclle Case Ultra D\u00fcnn Leicht St\u00e4nder\u2026 - Markt-XXL\" \/>\n<meta property=\"og:description\" content=\"Markt-XXL ProCase H\u00fclle f\u00fcr Galaxy Tab A8 10.5\u201d(SM-X200\/ X205) 2022 Dreifach Falt Klapp Schutzh\u00fclle Case Ultra D\u00fcnn Leicht St\u00e4nder\u2026\" \/>\n<meta property=\"og:url\" content=\"https:\/\/marktxxl.de\/markt\/produkt\/procase-huelle-fuer-galaxy-tab-a8-10-5sm-x200-x205-2022-dreifach-falt-klapp-schutzhuelle-case-ultra-duenn-leicht-staender-schale-smart-cover-mit-translucent-frosted-rueckhuelle\/\" \/>\n<meta property=\"og:site_name\" content=\"Markt-XXL\" \/>\n<meta property=\"article:modified_time\" content=\"2023-04-09T02:23:52+00:00\" \/>\n<meta property=\"og:image\" content=\"https:\/\/m.media-amazon.com\/images\/I\/41uFpgWmcBL._SL500_.jpg\" \/>\n\t<meta property=\"og:image:width\" content=\"500\" \/>\n\t<meta property=\"og:image:height\" content=\"500\" \/>\n\t<meta property=\"og:image:type\" content=\"image\/jpeg\" \/>\n<meta name=\"twitter:card\" content=\"summary_large_image\" \/>\n<meta name=\"twitter:label1\" content=\"Gesch\u00e4tzte Lesezeit\" \/>\n\t<meta name=\"twitter:data1\" content=\"1\u00a0Minute\" \/>\n<script type=\"application\/ld+json\" class=\"yoast-schema-graph\">{\"@context\":\"https:\\\/\\\/schema.org\",\"@graph\":[{\"@type\":\"WebPage\",\"@id\":\"https:\\\/\\\/marktxxl.de\\\/markt\\\/produkt\\\/procase-huelle-fuer-galaxy-tab-a8-10-5sm-x200-x205-2022-dreifach-falt-klapp-schutzhuelle-case-ultra-duenn-leicht-staender-schale-smart-cover-mit-translucent-frosted-rueckhuelle\\\/\",\"url\":\"https:\\\/\\\/marktxxl.de\\\/markt\\\/produkt\\\/procase-huelle-fuer-galaxy-tab-a8-10-5sm-x200-x205-2022-dreifach-falt-klapp-schutzhuelle-case-ultra-duenn-leicht-staender-schale-smart-cover-mit-translucent-frosted-rueckhuelle\\\/\",\"name\":\"ProCase H\u00fclle f\u00fcr Galaxy Tab A8 10.5\u201d(SM-X200\\\/ X205) 2022 Dreifach Falt Klapp Schutzh\u00fclle Case Ultra D\u00fcnn Leicht St\u00e4nder\u2026 - Markt-XXL\",\"isPartOf\":{\"@id\":\"https:\\\/\\\/marktxxl.de\\\/markt\\\/#website\"},\"primaryImageOfPage\":{\"@id\":\"https:\\\/\\\/marktxxl.de\\\/markt\\\/produkt\\\/procase-huelle-fuer-galaxy-tab-a8-10-5sm-x200-x205-2022-dreifach-falt-klapp-schutzhuelle-case-ultra-duenn-leicht-staender-schale-smart-cover-mit-translucent-frosted-rueckhuelle\\\/#primaryimage\"},\"image\":{\"@id\":\"https:\\\/\\\/marktxxl.de\\\/markt\\\/produkt\\\/procase-huelle-fuer-galaxy-tab-a8-10-5sm-x200-x205-2022-dreifach-falt-klapp-schutzhuelle-case-ultra-duenn-leicht-staender-schale-smart-cover-mit-translucent-frosted-rueckhuelle\\\/#primaryimage\"},\"thumbnailUrl\":\"https:\\\/\\\/m.media-amazon.com\\\/images\\\/I\\\/41uFpgWmcBL._SL500_.jpg\",\"datePublished\":\"2022-10-12T08:02:53+00:00\",\"dateModified\":\"2023-04-09T02:23:52+00:00\",\"description\":\"Markt-XXL ProCase H\u00fclle f\u00fcr Galaxy Tab A8 10.5\u201d(SM-X200\\\/ X205) 2022 Dreifach Falt Klapp Schutzh\u00fclle Case Ultra D\u00fcnn Leicht St\u00e4nder\u2026\",\"breadcrumb\":{\"@id\":\"https:\\\/\\\/marktxxl.de\\\/markt\\\/produkt\\\/procase-huelle-fuer-galaxy-tab-a8-10-5sm-x200-x205-2022-dreifach-falt-klapp-schutzhuelle-case-ultra-duenn-leicht-staender-schale-smart-cover-mit-translucent-frosted-rueckhuelle\\\/#breadcrumb\"},\"inLanguage\":\"de\",\"potentialAction\":[{\"@type\":\"ReadAction\",\"target\":[\"https:\\\/\\\/marktxxl.de\\\/markt\\\/produkt\\\/procase-huelle-fuer-galaxy-tab-a8-10-5sm-x200-x205-2022-dreifach-falt-klapp-schutzhuelle-case-ultra-duenn-leicht-staender-schale-smart-cover-mit-translucent-frosted-rueckhuelle\\\/\"]}]},{\"@type\":\"ImageObject\",\"inLanguage\":\"de\",\"@id\":\"https:\\\/\\\/marktxxl.de\\\/markt\\\/produkt\\\/procase-huelle-fuer-galaxy-tab-a8-10-5sm-x200-x205-2022-dreifach-falt-klapp-schutzhuelle-case-ultra-duenn-leicht-staender-schale-smart-cover-mit-translucent-frosted-rueckhuelle\\\/#primaryimage\",\"url\":\"https:\\\/\\\/m.media-amazon.com\\\/images\\\/I\\\/41uFpgWmcBL._SL500_.jpg\",\"contentUrl\":\"https:\\\/\\\/m.media-amazon.com\\\/images\\\/I\\\/41uFpgWmcBL._SL500_.jpg\",\"width\":500,\"height\":500},{\"@type\":\"BreadcrumbList\",\"@id\":\"https:\\\/\\\/marktxxl.de\\\/markt\\\/produkt\\\/procase-huelle-fuer-galaxy-tab-a8-10-5sm-x200-x205-2022-dreifach-falt-klapp-schutzhuelle-case-ultra-duenn-leicht-staender-schale-smart-cover-mit-translucent-frosted-rueckhuelle\\\/#breadcrumb\",\"itemListElement\":[{\"@type\":\"ListItem\",\"position\":1,\"name\":\"Startseite\",\"item\":\"https:\\\/\\\/marktxxl.de\\\/markt\\\/\"},{\"@type\":\"ListItem\",\"position\":2,\"name\":\"Markt\",\"item\":\"https:\\\/\\\/marktxxl.de\\\/markt\\\/\"},{\"@type\":\"ListItem\",\"position\":3,\"name\":\"ProCase H\u00fclle f\u00fcr Galaxy Tab A8 10.5\u201d(SM-X200\\\/ X205) 2022 Dreifach Falt Klapp Schutzh\u00fclle Case Ultra D\u00fcnn Leicht St\u00e4nder\u2026\"}]},{\"@type\":\"WebSite\",\"@id\":\"https:\\\/\\\/marktxxl.de\\\/markt\\\/#website\",\"url\":\"https:\\\/\\\/marktxxl.de\\\/markt\\\/\",\"name\":\"Markt-XXL\",\"description\":\"Ihr Markt Online\",\"publisher\":{\"@id\":\"https:\\\/\\\/marktxxl.de\\\/markt\\\/#organization\"},\"potentialAction\":[{\"@type\":\"SearchAction\",\"target\":{\"@type\":\"EntryPoint\",\"urlTemplate\":\"https:\\\/\\\/marktxxl.de\\\/markt\\\/?s={search_term_string}\"},\"query-input\":{\"@type\":\"PropertyValueSpecification\",\"valueRequired\":true,\"valueName\":\"search_term_string\"}}],\"inLanguage\":\"de\"},{\"@type\":\"Organization\",\"@id\":\"https:\\\/\\\/marktxxl.de\\\/markt\\\/#organization\",\"name\":\"Markt-XXL\",\"url\":\"https:\\\/\\\/marktxxl.de\\\/markt\\\/\",\"logo\":{\"@type\":\"ImageObject\",\"inLanguage\":\"de\",\"@id\":\"https:\\\/\\\/marktxxl.de\\\/markt\\\/#\\\/schema\\\/logo\\\/image\\\/\",\"url\":\"https:\\\/\\\/marktxxl.de\\\/markt\\\/wp-content\\\/uploads\\\/sites\\\/3\\\/2020\\\/12\\\/logo.png\",\"contentUrl\":\"https:\\\/\\\/marktxxl.de\\\/markt\\\/wp-content\\\/uploads\\\/sites\\\/3\\\/2020\\\/12\\\/logo.png\",\"width\":200,\"height\":70,\"caption\":\"Markt-XXL\"},\"image\":{\"@id\":\"https:\\\/\\\/marktxxl.de\\\/markt\\\/#\\\/schema\\\/logo\\\/image\\\/\"}}]}<\/script>\n<!-- \/ Yoast SEO plugin. -->","yoast_head_json":{"title":"ProCase H\u00fclle f\u00fcr Galaxy Tab A8 10.5\u201d(SM-X200\/ X205) 2022 Dreifach Falt Klapp Schutzh\u00fclle Case Ultra D\u00fcnn Leicht St\u00e4nder\u2026 - Markt-XXL","description":"Markt-XXL ProCase H\u00fclle f\u00fcr Galaxy Tab A8 10.5\u201d(SM-X200\/ X205) 2022 Dreifach Falt Klapp Schutzh\u00fclle Case Ultra D\u00fcnn Leicht St\u00e4nder\u2026","robots":{"index":"index","follow":"follow","max-snippet":"max-snippet:-1","max-image-preview":"max-image-preview:large","max-video-preview":"max-video-preview:-1"},"canonical":"https:\/\/marktxxl.de\/markt\/produkt\/procase-huelle-fuer-galaxy-tab-a8-10-5sm-x200-x205-2022-dreifach-falt-klapp-schutzhuelle-case-ultra-duenn-leicht-staender-schale-smart-cover-mit-translucent-frosted-rueckhuelle\/","og_locale":"de_DE","og_type":"article","og_title":"ProCase H\u00fclle f\u00fcr Galaxy Tab A8 10.5\u201d(SM-X200\/ X205) 2022 Dreifach Falt Klapp Schutzh\u00fclle Case Ultra D\u00fcnn Leicht St\u00e4nder\u2026 - Markt-XXL","og_description":"Markt-XXL ProCase H\u00fclle f\u00fcr Galaxy Tab A8 10.5\u201d(SM-X200\/ X205) 2022 Dreifach Falt Klapp Schutzh\u00fclle Case Ultra D\u00fcnn Leicht St\u00e4nder\u2026","og_url":"https:\/\/marktxxl.de\/markt\/produkt\/procase-huelle-fuer-galaxy-tab-a8-10-5sm-x200-x205-2022-dreifach-falt-klapp-schutzhuelle-case-ultra-duenn-leicht-staender-schale-smart-cover-mit-translucent-frosted-rueckhuelle\/","og_site_name":"Markt-XXL","article_modified_time":"2023-04-09T02:23:52+00:00","og_image":[{"width":500,"height":500,"url":"https:\/\/m.media-amazon.com\/images\/I\/41uFpgWmcBL._SL500_.jpg","type":"image\/jpeg"}],"twitter_card":"summary_large_image","twitter_misc":{"Gesch\u00e4tzte Lesezeit":"1\u00a0Minute"},"schema":{"@context":"https:\/\/schema.org","@graph":[{"@type":"WebPage","@id":"https:\/\/marktxxl.de\/markt\/produkt\/procase-huelle-fuer-galaxy-tab-a8-10-5sm-x200-x205-2022-dreifach-falt-klapp-schutzhuelle-case-ultra-duenn-leicht-staender-schale-smart-cover-mit-translucent-frosted-rueckhuelle\/","url":"https:\/\/marktxxl.de\/markt\/produkt\/procase-huelle-fuer-galaxy-tab-a8-10-5sm-x200-x205-2022-dreifach-falt-klapp-schutzhuelle-case-ultra-duenn-leicht-staender-schale-smart-cover-mit-translucent-frosted-rueckhuelle\/","name":"ProCase H\u00fclle f\u00fcr Galaxy Tab A8 10.5\u201d(SM-X200\/ X205) 2022 Dreifach Falt Klapp Schutzh\u00fclle Case Ultra D\u00fcnn Leicht St\u00e4nder\u2026 - Markt-XXL","isPartOf":{"@id":"https:\/\/marktxxl.de\/markt\/#website"},"primaryImageOfPage":{"@id":"https:\/\/marktxxl.de\/markt\/produkt\/procase-huelle-fuer-galaxy-tab-a8-10-5sm-x200-x205-2022-dreifach-falt-klapp-schutzhuelle-case-ultra-duenn-leicht-staender-schale-smart-cover-mit-translucent-frosted-rueckhuelle\/#primaryimage"},"image":{"@id":"https:\/\/marktxxl.de\/markt\/produkt\/procase-huelle-fuer-galaxy-tab-a8-10-5sm-x200-x205-2022-dreifach-falt-klapp-schutzhuelle-case-ultra-duenn-leicht-staender-schale-smart-cover-mit-translucent-frosted-rueckhuelle\/#primaryimage"},"thumbnailUrl":"https:\/\/m.media-amazon.com\/images\/I\/41uFpgWmcBL._SL500_.jpg","datePublished":"2022-10-12T08:02:53+00:00","dateModified":"2023-04-09T02:23:52+00:00","description":"Markt-XXL ProCase H\u00fclle f\u00fcr Galaxy Tab A8 10.5\u201d(SM-X200\/ X205) 2022 Dreifach Falt Klapp Schutzh\u00fclle Case Ultra D\u00fcnn Leicht St\u00e4nder\u2026","breadcrumb":{"@id":"https:\/\/marktxxl.de\/markt\/produkt\/procase-huelle-fuer-galaxy-tab-a8-10-5sm-x200-x205-2022-dreifach-falt-klapp-schutzhuelle-case-ultra-duenn-leicht-staender-schale-smart-cover-mit-translucent-frosted-rueckhuelle\/#breadcrumb"},"inLanguage":"de","potentialAction":[{"@type":"ReadAction","target":["https:\/\/marktxxl.de\/markt\/produkt\/procase-huelle-fuer-galaxy-tab-a8-10-5sm-x200-x205-2022-dreifach-falt-klapp-schutzhuelle-case-ultra-duenn-leicht-staender-schale-smart-cover-mit-translucent-frosted-rueckhuelle\/"]}]},{"@type":"ImageObject","inLanguage":"de","@id":"https:\/\/marktxxl.de\/markt\/produkt\/procase-huelle-fuer-galaxy-tab-a8-10-5sm-x200-x205-2022-dreifach-falt-klapp-schutzhuelle-case-ultra-duenn-leicht-staender-schale-smart-cover-mit-translucent-frosted-rueckhuelle\/#primaryimage","url":"https:\/\/m.media-amazon.com\/images\/I\/41uFpgWmcBL._SL500_.jpg","contentUrl":"https:\/\/m.media-amazon.com\/images\/I\/41uFpgWmcBL._SL500_.jpg","width":500,"height":500},{"@type":"BreadcrumbList","@id":"https:\/\/marktxxl.de\/markt\/produkt\/procase-huelle-fuer-galaxy-tab-a8-10-5sm-x200-x205-2022-dreifach-falt-klapp-schutzhuelle-case-ultra-duenn-leicht-staender-schale-smart-cover-mit-translucent-frosted-rueckhuelle\/#breadcrumb","itemListElement":[{"@type":"ListItem","position":1,"name":"Startseite","item":"https:\/\/marktxxl.de\/markt\/"},{"@type":"ListItem","position":2,"name":"Markt","item":"https:\/\/marktxxl.de\/markt\/"},{"@type":"ListItem","position":3,"name":"ProCase H\u00fclle f\u00fcr Galaxy Tab A8 10.5\u201d(SM-X200\/ X205) 2022 Dreifach Falt Klapp Schutzh\u00fclle Case Ultra D\u00fcnn Leicht St\u00e4nder\u2026"}]},{"@type":"WebSite","@id":"https:\/\/marktxxl.de\/markt\/#website","url":"https:\/\/marktxxl.de\/markt\/","name":"Markt-XXL","description":"Ihr Markt Online","publisher":{"@id":"https:\/\/marktxxl.de\/markt\/#organization"},"potentialAction":[{"@type":"SearchAction","target":{"@type":"EntryPoint","urlTemplate":"https:\/\/marktxxl.de\/markt\/?s={search_term_string}"},"query-input":{"@type":"PropertyValueSpecification","valueRequired":true,"valueName":"search_term_string"}}],"inLanguage":"de"},{"@type":"Organization","@id":"https:\/\/marktxxl.de\/markt\/#organization","name":"Markt-XXL","url":"https:\/\/marktxxl.de\/markt\/","logo":{"@type":"ImageObject","inLanguage":"de","@id":"https:\/\/marktxxl.de\/markt\/#\/schema\/logo\/image\/","url":"https:\/\/marktxxl.de\/markt\/wp-content\/uploads\/sites\/3\/2020\/12\/logo.png","contentUrl":"https:\/\/marktxxl.de\/markt\/wp-content\/uploads\/sites\/3\/2020\/12\/logo.png","width":200,"height":70,"caption":"Markt-XXL"},"image":{"@id":"https:\/\/marktxxl.de\/markt\/#\/schema\/logo\/image\/"}}]}},"_links":{"self":[{"href":"https:\/\/marktxxl.de\/markt\/wp-json\/wp\/v2\/product\/160147","targetHints":{"allow":["GET"]}}],"collection":[{"href":"https:\/\/marktxxl.de\/markt\/wp-json\/wp\/v2\/product"}],"about":[{"href":"https:\/\/marktxxl.de\/markt\/wp-json\/wp\/v2\/types\/product"}],"replies":[{"embeddable":true,"href":"https:\/\/marktxxl.de\/markt\/wp-json\/wp\/v2\/comments?post=160147"}],"wp:featuredmedia":[{"embeddable":true,"href":"https:\/\/marktxxl.de\/markt\/wp-json\/wp\/v2\/media\/160148"}],"wp:attachment":[{"href":"https:\/\/marktxxl.de\/markt\/wp-json\/wp\/v2\/media?parent=160147"}],"wp:term":[{"taxonomy":"product_brand","embeddable":true,"href":"https:\/\/marktxxl.de\/markt\/wp-json\/wp\/v2\/product_brand?post=160147"},{"taxonomy":"product_cat","embeddable":true,"href":"https:\/\/marktxxl.de\/markt\/wp-json\/wp\/v2\/product_cat?post=160147"},{"taxonomy":"product_tag","embeddable":true,"href":"https:\/\/marktxxl.de\/markt\/wp-json\/wp\/v2\/product_tag?post=160147"}],"curies":[{"name":"wp","href":"https:\/\/api.w.org\/{rel}","templated":true}]}}