{"id":160079,"date":"2022-10-12T09:59:42","date_gmt":"2022-10-12T07:59:42","guid":{"rendered":"https:\/\/marktxxl.de\/markt\/produkt\/jsaux-docking-station-fuer-steam-deck-5-in-1-steam-deck-dock-mit-hdmi-2-0-4k60hz-dual-usb-2-0-100-mbps-ethernet-100w-pd-schnellladung-kompatibel-mit-valve-steam-deck\/"},"modified":"2023-04-09T04:23:52","modified_gmt":"2023-04-09T02:23:52","slug":"jsaux-docking-station-fuer-steam-deck-5-in-1-steam-deck-dock-mit-hdmi-2-0-4k60hz-dual-usb-2-0-100-mbps-ethernet-100w-pd-schnellladung-kompatibel-mit-valve-steam-deck","status":"publish","type":"product","link":"https:\/\/marktxxl.de\/markt\/produkt\/jsaux-docking-station-fuer-steam-deck-5-in-1-steam-deck-dock-mit-hdmi-2-0-4k60hz-dual-usb-2-0-100-mbps-ethernet-100w-pd-schnellladung-kompatibel-mit-valve-steam-deck\/","title":{"rendered":"JSAUX Docking Station f\u00fcr Steam Deck, 5-in-1 Steam Deck Dock mit HDMI 2.0 4K@60Hz, Dual USB 2.0, 100 Mbps Ethernet, 100W\u2026"},"content":{"rendered":"<p>\ud83c\udfae5-in-1-Docking Station f\u00fcr Steam Deck\uff1aAusgestattet mit einem HDMI 4K@60Hz-Ausgang, einem RJ45\/100 Mbps Ethernet-Eingang, einem USB-C-Anschluss zum Aufladen und zwei USB-A 2.0-Anschl\u00fcssen, so dass Sie eine neue Art des Spielens mit Steam Deck entdecken k\u00f6nnen.\u2757Beachten Sie, dass es sich nicht um Gigabit-Ethernet und USB 3.0 handelt.<br \/>\n\ud83d\udc8e4K@60Hz HDMI-Ausgang: Das Steam Deck Dock verf\u00fcgt \u00fcber einen 4K@60Hz HDMI 2.0 Ausgang. Wenn Sie einen externen 4K-Monitor anschlie\u00dfen, kann es Ihnen sch\u00e4rfere und glattere visuelle Erfahrung bieten, so dass Sie das visuelle Fest auf Ihre Spiele genie\u00dfen k\u00f6nnen.<br \/>\n\u26a1Volle Ladegeschwindigkeit f\u00fcr Steam Deck: JSAUX Steam Deck Docking Station unterst\u00fctzt 100W Max Leistungsabgabe, die ausreicht, um Ihr Steam Deck mit voller Geschwindigkeit aufzuladen, wenn es mit dem Original-Ladeger\u00e4t gepaart ist. [Hinweis: Die maximale Ladegeschwindigkeit des Steam Decks betr\u00e4gt 45W.]<br \/>\n\ud83d\udc4dEine perfekte Kombination: Die All-in-1-Dockingstation von JSAUX f\u00fcr das Steam Deck vereint Hub und St\u00e4nder perfekt miteinander. Sie m\u00fcssen nicht einen normalen Hub und einen Standfu\u00df f\u00fcr Ihr Steam Deck kaufen, was nicht nur einfacher f\u00fcr Sie zu verwenden ist, sondern auch Ihren Schreibtisch ordentlich und organisiert h\u00e4lt.<br \/>\n\u2764Kompatibilit\u00e4t: Die Dockingstation ist f\u00fcr das Steam Deck konzipiert, aber auch mit iPads und Android-Telefonen mit USB-C-Anschluss kompatibel.<br \/>\n<div class=\"main-cross-sell\" data-asin=\"B0B8NJ2ZPS\">\n\n\t<div class=\"WooZone-cross-sell-loader\">\n\t\t<div>\n\t\t\t<div id=\"floatingBarsG\">\n\t\t\t\t<div class=\"blockG\" id=\"rotateG_01\"><\/div>\n\t\t\t\t<div class=\"blockG\" id=\"rotateG_02\"><\/div>\n\t\t\t\t<div class=\"blockG\" id=\"rotateG_03\"><\/div>\n\t\t\t\t<div class=\"blockG\" id=\"rotateG_04\"><\/div>\n\t\t\t\t<div class=\"blockG\" id=\"rotateG_05\"><\/div>\n\t\t\t\t<div class=\"blockG\" id=\"rotateG_06\"><\/div>\n\t\t\t\t<div class=\"blockG\" id=\"rotateG_07\"><\/div>\n\t\t\t\t<div class=\"blockG\" id=\"rotateG_08\"><\/div>\n\t\t\t<\/div>\n\t\t\t<div class=\"WooZone-cross-sell-loader-text\"><\/div>\n\t\t<\/div>\n\t<\/div>\n\n\t\t\n<\/div>\n<div style=\"clear:both;\"><\/div><\/p>\n","protected":false},"excerpt":{"rendered":"<p>\ud83c\udfae5-in-1-Docking Station f\u00fcr Steam Deck\uff1aAusgestattet mit einem HDMI 4K@60Hz-Ausgang, einem RJ45\/100 Mbps Ethernet-Eingang, einem USB-C-Anschluss zum Aufladen und zwei USB-A 2.0-Anschl\u00fcssen, so dass Sie eine neue Art des Spielens mit Steam Deck entdecken k\u00f6nnen.\u2757Beachten Sie, dass es sich nicht um Gigabit-Ethernet und USB 3.0 handelt.<br \/>\n\ud83d\udc8e4K@60Hz HDMI-Ausgang: Das Steam Deck Dock verf\u00fcgt \u00fcber einen 4K@60Hz HDMI 2.0 Ausgang. Wenn Sie einen externen 4K-Monitor anschlie\u00dfen, kann es Ihnen sch\u00e4rfere und glattere visuelle Erfahrung bieten, so dass Sie das visuelle Fest auf Ihre Spiele genie\u00dfen k\u00f6nnen.<br \/>\n\u26a1Volle Ladegeschwindigkeit f\u00fcr Steam Deck: JSAUX Steam Deck Docking Station unterst\u00fctzt 100W Max Leistungsabgabe, die ausreicht, um Ihr Steam Deck mit voller Geschwindigkeit aufzuladen, wenn es mit dem Original-Ladeger\u00e4t gepaart ist. [Hinweis: Die maximale Ladegeschwindigkeit des Steam Decks betr\u00e4gt 45W.]<\/p>\n","protected":false},"featured_media":160080,"comment_status":"open","ping_status":"closed","template":"","meta":[],"product_brand":[],"product_cat":[863],"product_tag":[],"class_list":{"0":"post-160079","1":"product","2":"type-product","3":"status-publish","4":"has-post-thumbnail","6":"product_cat-computer-zubehoer","7":"pa_brand-jsaux","8":"pa_manufacturer-jsaux","9":"pa_model-hb0602","11":"first","12":"instock","13":"shipping-taxable","14":"purchasable","15":"product-type-simple","16":"customify-col","17":"product-has-gallery"},"yoast_head":"<!-- This site is optimized with the Yoast SEO plugin v27.4 - https:\/\/yoast.com\/product\/yoast-seo-wordpress\/ -->\n<title>JSAUX Docking Station f\u00fcr Steam Deck, 5-in-1 Steam Deck Dock mit HDMI 2.0 4K@60Hz, Dual USB 2.0, 100 Mbps Ethernet, 100W\u2026 - Markt-XXL<\/title>\n<meta name=\"description\" content=\"Markt-XXL JSAUX Docking Station f\u00fcr Steam Deck, 5-in-1 Steam Deck Dock mit HDMI 2.0 4K@60Hz, Dual USB 2.0, 100 Mbps Ethernet, 100W\u2026\" \/>\n<meta name=\"robots\" content=\"index, follow, max-snippet:-1, max-image-preview:large, max-video-preview:-1\" \/>\n<link rel=\"canonical\" href=\"https:\/\/marktxxl.de\/markt\/produkt\/jsaux-docking-station-fuer-steam-deck-5-in-1-steam-deck-dock-mit-hdmi-2-0-4k60hz-dual-usb-2-0-100-mbps-ethernet-100w-pd-schnellladung-kompatibel-mit-valve-steam-deck\/\" \/>\n<meta property=\"og:locale\" content=\"de_DE\" \/>\n<meta property=\"og:type\" content=\"article\" \/>\n<meta property=\"og:title\" content=\"JSAUX Docking Station f\u00fcr Steam Deck, 5-in-1 Steam Deck Dock mit HDMI 2.0 4K@60Hz, Dual USB 2.0, 100 Mbps Ethernet, 100W\u2026 - Markt-XXL\" \/>\n<meta property=\"og:description\" content=\"Markt-XXL JSAUX Docking Station f\u00fcr Steam Deck, 5-in-1 Steam Deck Dock mit HDMI 2.0 4K@60Hz, Dual USB 2.0, 100 Mbps Ethernet, 100W\u2026\" \/>\n<meta property=\"og:url\" content=\"https:\/\/marktxxl.de\/markt\/produkt\/jsaux-docking-station-fuer-steam-deck-5-in-1-steam-deck-dock-mit-hdmi-2-0-4k60hz-dual-usb-2-0-100-mbps-ethernet-100w-pd-schnellladung-kompatibel-mit-valve-steam-deck\/\" \/>\n<meta property=\"og:site_name\" content=\"Markt-XXL\" \/>\n<meta property=\"article:modified_time\" content=\"2023-04-09T02:23:52+00:00\" \/>\n<meta property=\"og:image\" content=\"https:\/\/m.media-amazon.com\/images\/I\/41tfqytH3YL._SL500_.jpg\" \/>\n\t<meta property=\"og:image:width\" content=\"400\" \/>\n\t<meta property=\"og:image:height\" content=\"500\" \/>\n\t<meta property=\"og:image:type\" content=\"image\/jpeg\" \/>\n<meta name=\"twitter:card\" content=\"summary_large_image\" \/>\n<meta name=\"twitter:label1\" content=\"Gesch\u00e4tzte Lesezeit\" \/>\n\t<meta name=\"twitter:data1\" content=\"1\u00a0Minute\" \/>\n<script type=\"application\/ld+json\" class=\"yoast-schema-graph\">{\"@context\":\"https:\\\/\\\/schema.org\",\"@graph\":[{\"@type\":\"WebPage\",\"@id\":\"https:\\\/\\\/marktxxl.de\\\/markt\\\/produkt\\\/jsaux-docking-station-fuer-steam-deck-5-in-1-steam-deck-dock-mit-hdmi-2-0-4k60hz-dual-usb-2-0-100-mbps-ethernet-100w-pd-schnellladung-kompatibel-mit-valve-steam-deck\\\/\",\"url\":\"https:\\\/\\\/marktxxl.de\\\/markt\\\/produkt\\\/jsaux-docking-station-fuer-steam-deck-5-in-1-steam-deck-dock-mit-hdmi-2-0-4k60hz-dual-usb-2-0-100-mbps-ethernet-100w-pd-schnellladung-kompatibel-mit-valve-steam-deck\\\/\",\"name\":\"JSAUX Docking Station f\u00fcr Steam Deck, 5-in-1 Steam Deck Dock mit HDMI 2.0 4K@60Hz, Dual USB 2.0, 100 Mbps Ethernet, 100W\u2026 - Markt-XXL\",\"isPartOf\":{\"@id\":\"https:\\\/\\\/marktxxl.de\\\/markt\\\/#website\"},\"primaryImageOfPage\":{\"@id\":\"https:\\\/\\\/marktxxl.de\\\/markt\\\/produkt\\\/jsaux-docking-station-fuer-steam-deck-5-in-1-steam-deck-dock-mit-hdmi-2-0-4k60hz-dual-usb-2-0-100-mbps-ethernet-100w-pd-schnellladung-kompatibel-mit-valve-steam-deck\\\/#primaryimage\"},\"image\":{\"@id\":\"https:\\\/\\\/marktxxl.de\\\/markt\\\/produkt\\\/jsaux-docking-station-fuer-steam-deck-5-in-1-steam-deck-dock-mit-hdmi-2-0-4k60hz-dual-usb-2-0-100-mbps-ethernet-100w-pd-schnellladung-kompatibel-mit-valve-steam-deck\\\/#primaryimage\"},\"thumbnailUrl\":\"https:\\\/\\\/m.media-amazon.com\\\/images\\\/I\\\/41tfqytH3YL._SL500_.jpg\",\"datePublished\":\"2022-10-12T07:59:42+00:00\",\"dateModified\":\"2023-04-09T02:23:52+00:00\",\"description\":\"Markt-XXL JSAUX Docking Station f\u00fcr Steam Deck, 5-in-1 Steam Deck Dock mit HDMI 2.0 4K@60Hz, Dual USB 2.0, 100 Mbps Ethernet, 100W\u2026\",\"breadcrumb\":{\"@id\":\"https:\\\/\\\/marktxxl.de\\\/markt\\\/produkt\\\/jsaux-docking-station-fuer-steam-deck-5-in-1-steam-deck-dock-mit-hdmi-2-0-4k60hz-dual-usb-2-0-100-mbps-ethernet-100w-pd-schnellladung-kompatibel-mit-valve-steam-deck\\\/#breadcrumb\"},\"inLanguage\":\"de\",\"potentialAction\":[{\"@type\":\"ReadAction\",\"target\":[\"https:\\\/\\\/marktxxl.de\\\/markt\\\/produkt\\\/jsaux-docking-station-fuer-steam-deck-5-in-1-steam-deck-dock-mit-hdmi-2-0-4k60hz-dual-usb-2-0-100-mbps-ethernet-100w-pd-schnellladung-kompatibel-mit-valve-steam-deck\\\/\"]}]},{\"@type\":\"ImageObject\",\"inLanguage\":\"de\",\"@id\":\"https:\\\/\\\/marktxxl.de\\\/markt\\\/produkt\\\/jsaux-docking-station-fuer-steam-deck-5-in-1-steam-deck-dock-mit-hdmi-2-0-4k60hz-dual-usb-2-0-100-mbps-ethernet-100w-pd-schnellladung-kompatibel-mit-valve-steam-deck\\\/#primaryimage\",\"url\":\"https:\\\/\\\/m.media-amazon.com\\\/images\\\/I\\\/41tfqytH3YL._SL500_.jpg\",\"contentUrl\":\"https:\\\/\\\/m.media-amazon.com\\\/images\\\/I\\\/41tfqytH3YL._SL500_.jpg\",\"width\":400,\"height\":500},{\"@type\":\"BreadcrumbList\",\"@id\":\"https:\\\/\\\/marktxxl.de\\\/markt\\\/produkt\\\/jsaux-docking-station-fuer-steam-deck-5-in-1-steam-deck-dock-mit-hdmi-2-0-4k60hz-dual-usb-2-0-100-mbps-ethernet-100w-pd-schnellladung-kompatibel-mit-valve-steam-deck\\\/#breadcrumb\",\"itemListElement\":[{\"@type\":\"ListItem\",\"position\":1,\"name\":\"Startseite\",\"item\":\"https:\\\/\\\/marktxxl.de\\\/markt\\\/\"},{\"@type\":\"ListItem\",\"position\":2,\"name\":\"Markt\",\"item\":\"https:\\\/\\\/marktxxl.de\\\/markt\\\/\"},{\"@type\":\"ListItem\",\"position\":3,\"name\":\"JSAUX Docking Station f\u00fcr Steam Deck, 5-in-1 Steam Deck Dock mit HDMI 2.0 4K@60Hz, Dual USB 2.0, 100 Mbps Ethernet, 100W\u2026\"}]},{\"@type\":\"WebSite\",\"@id\":\"https:\\\/\\\/marktxxl.de\\\/markt\\\/#website\",\"url\":\"https:\\\/\\\/marktxxl.de\\\/markt\\\/\",\"name\":\"Markt-XXL\",\"description\":\"Ihr Markt Online\",\"publisher\":{\"@id\":\"https:\\\/\\\/marktxxl.de\\\/markt\\\/#organization\"},\"potentialAction\":[{\"@type\":\"SearchAction\",\"target\":{\"@type\":\"EntryPoint\",\"urlTemplate\":\"https:\\\/\\\/marktxxl.de\\\/markt\\\/?s={search_term_string}\"},\"query-input\":{\"@type\":\"PropertyValueSpecification\",\"valueRequired\":true,\"valueName\":\"search_term_string\"}}],\"inLanguage\":\"de\"},{\"@type\":\"Organization\",\"@id\":\"https:\\\/\\\/marktxxl.de\\\/markt\\\/#organization\",\"name\":\"Markt-XXL\",\"url\":\"https:\\\/\\\/marktxxl.de\\\/markt\\\/\",\"logo\":{\"@type\":\"ImageObject\",\"inLanguage\":\"de\",\"@id\":\"https:\\\/\\\/marktxxl.de\\\/markt\\\/#\\\/schema\\\/logo\\\/image\\\/\",\"url\":\"https:\\\/\\\/marktxxl.de\\\/markt\\\/wp-content\\\/uploads\\\/sites\\\/3\\\/2020\\\/12\\\/logo.png\",\"contentUrl\":\"https:\\\/\\\/marktxxl.de\\\/markt\\\/wp-content\\\/uploads\\\/sites\\\/3\\\/2020\\\/12\\\/logo.png\",\"width\":200,\"height\":70,\"caption\":\"Markt-XXL\"},\"image\":{\"@id\":\"https:\\\/\\\/marktxxl.de\\\/markt\\\/#\\\/schema\\\/logo\\\/image\\\/\"}}]}<\/script>\n<!-- \/ Yoast SEO plugin. -->","yoast_head_json":{"title":"JSAUX Docking Station f\u00fcr Steam Deck, 5-in-1 Steam Deck Dock mit HDMI 2.0 4K@60Hz, Dual USB 2.0, 100 Mbps Ethernet, 100W\u2026 - Markt-XXL","description":"Markt-XXL JSAUX Docking Station f\u00fcr Steam Deck, 5-in-1 Steam Deck Dock mit HDMI 2.0 4K@60Hz, Dual USB 2.0, 100 Mbps Ethernet, 100W\u2026","robots":{"index":"index","follow":"follow","max-snippet":"max-snippet:-1","max-image-preview":"max-image-preview:large","max-video-preview":"max-video-preview:-1"},"canonical":"https:\/\/marktxxl.de\/markt\/produkt\/jsaux-docking-station-fuer-steam-deck-5-in-1-steam-deck-dock-mit-hdmi-2-0-4k60hz-dual-usb-2-0-100-mbps-ethernet-100w-pd-schnellladung-kompatibel-mit-valve-steam-deck\/","og_locale":"de_DE","og_type":"article","og_title":"JSAUX Docking Station f\u00fcr Steam Deck, 5-in-1 Steam Deck Dock mit HDMI 2.0 4K@60Hz, Dual USB 2.0, 100 Mbps Ethernet, 100W\u2026 - Markt-XXL","og_description":"Markt-XXL JSAUX Docking Station f\u00fcr Steam Deck, 5-in-1 Steam Deck Dock mit HDMI 2.0 4K@60Hz, Dual USB 2.0, 100 Mbps Ethernet, 100W\u2026","og_url":"https:\/\/marktxxl.de\/markt\/produkt\/jsaux-docking-station-fuer-steam-deck-5-in-1-steam-deck-dock-mit-hdmi-2-0-4k60hz-dual-usb-2-0-100-mbps-ethernet-100w-pd-schnellladung-kompatibel-mit-valve-steam-deck\/","og_site_name":"Markt-XXL","article_modified_time":"2023-04-09T02:23:52+00:00","og_image":[{"width":400,"height":500,"url":"https:\/\/m.media-amazon.com\/images\/I\/41tfqytH3YL._SL500_.jpg","type":"image\/jpeg"}],"twitter_card":"summary_large_image","twitter_misc":{"Gesch\u00e4tzte Lesezeit":"1\u00a0Minute"},"schema":{"@context":"https:\/\/schema.org","@graph":[{"@type":"WebPage","@id":"https:\/\/marktxxl.de\/markt\/produkt\/jsaux-docking-station-fuer-steam-deck-5-in-1-steam-deck-dock-mit-hdmi-2-0-4k60hz-dual-usb-2-0-100-mbps-ethernet-100w-pd-schnellladung-kompatibel-mit-valve-steam-deck\/","url":"https:\/\/marktxxl.de\/markt\/produkt\/jsaux-docking-station-fuer-steam-deck-5-in-1-steam-deck-dock-mit-hdmi-2-0-4k60hz-dual-usb-2-0-100-mbps-ethernet-100w-pd-schnellladung-kompatibel-mit-valve-steam-deck\/","name":"JSAUX Docking Station f\u00fcr Steam Deck, 5-in-1 Steam Deck Dock mit HDMI 2.0 4K@60Hz, Dual USB 2.0, 100 Mbps Ethernet, 100W\u2026 - Markt-XXL","isPartOf":{"@id":"https:\/\/marktxxl.de\/markt\/#website"},"primaryImageOfPage":{"@id":"https:\/\/marktxxl.de\/markt\/produkt\/jsaux-docking-station-fuer-steam-deck-5-in-1-steam-deck-dock-mit-hdmi-2-0-4k60hz-dual-usb-2-0-100-mbps-ethernet-100w-pd-schnellladung-kompatibel-mit-valve-steam-deck\/#primaryimage"},"image":{"@id":"https:\/\/marktxxl.de\/markt\/produkt\/jsaux-docking-station-fuer-steam-deck-5-in-1-steam-deck-dock-mit-hdmi-2-0-4k60hz-dual-usb-2-0-100-mbps-ethernet-100w-pd-schnellladung-kompatibel-mit-valve-steam-deck\/#primaryimage"},"thumbnailUrl":"https:\/\/m.media-amazon.com\/images\/I\/41tfqytH3YL._SL500_.jpg","datePublished":"2022-10-12T07:59:42+00:00","dateModified":"2023-04-09T02:23:52+00:00","description":"Markt-XXL JSAUX Docking Station f\u00fcr Steam Deck, 5-in-1 Steam Deck Dock mit HDMI 2.0 4K@60Hz, Dual USB 2.0, 100 Mbps Ethernet, 100W\u2026","breadcrumb":{"@id":"https:\/\/marktxxl.de\/markt\/produkt\/jsaux-docking-station-fuer-steam-deck-5-in-1-steam-deck-dock-mit-hdmi-2-0-4k60hz-dual-usb-2-0-100-mbps-ethernet-100w-pd-schnellladung-kompatibel-mit-valve-steam-deck\/#breadcrumb"},"inLanguage":"de","potentialAction":[{"@type":"ReadAction","target":["https:\/\/marktxxl.de\/markt\/produkt\/jsaux-docking-station-fuer-steam-deck-5-in-1-steam-deck-dock-mit-hdmi-2-0-4k60hz-dual-usb-2-0-100-mbps-ethernet-100w-pd-schnellladung-kompatibel-mit-valve-steam-deck\/"]}]},{"@type":"ImageObject","inLanguage":"de","@id":"https:\/\/marktxxl.de\/markt\/produkt\/jsaux-docking-station-fuer-steam-deck-5-in-1-steam-deck-dock-mit-hdmi-2-0-4k60hz-dual-usb-2-0-100-mbps-ethernet-100w-pd-schnellladung-kompatibel-mit-valve-steam-deck\/#primaryimage","url":"https:\/\/m.media-amazon.com\/images\/I\/41tfqytH3YL._SL500_.jpg","contentUrl":"https:\/\/m.media-amazon.com\/images\/I\/41tfqytH3YL._SL500_.jpg","width":400,"height":500},{"@type":"BreadcrumbList","@id":"https:\/\/marktxxl.de\/markt\/produkt\/jsaux-docking-station-fuer-steam-deck-5-in-1-steam-deck-dock-mit-hdmi-2-0-4k60hz-dual-usb-2-0-100-mbps-ethernet-100w-pd-schnellladung-kompatibel-mit-valve-steam-deck\/#breadcrumb","itemListElement":[{"@type":"ListItem","position":1,"name":"Startseite","item":"https:\/\/marktxxl.de\/markt\/"},{"@type":"ListItem","position":2,"name":"Markt","item":"https:\/\/marktxxl.de\/markt\/"},{"@type":"ListItem","position":3,"name":"JSAUX Docking Station f\u00fcr Steam Deck, 5-in-1 Steam Deck Dock mit HDMI 2.0 4K@60Hz, Dual USB 2.0, 100 Mbps Ethernet, 100W\u2026"}]},{"@type":"WebSite","@id":"https:\/\/marktxxl.de\/markt\/#website","url":"https:\/\/marktxxl.de\/markt\/","name":"Markt-XXL","description":"Ihr Markt Online","publisher":{"@id":"https:\/\/marktxxl.de\/markt\/#organization"},"potentialAction":[{"@type":"SearchAction","target":{"@type":"EntryPoint","urlTemplate":"https:\/\/marktxxl.de\/markt\/?s={search_term_string}"},"query-input":{"@type":"PropertyValueSpecification","valueRequired":true,"valueName":"search_term_string"}}],"inLanguage":"de"},{"@type":"Organization","@id":"https:\/\/marktxxl.de\/markt\/#organization","name":"Markt-XXL","url":"https:\/\/marktxxl.de\/markt\/","logo":{"@type":"ImageObject","inLanguage":"de","@id":"https:\/\/marktxxl.de\/markt\/#\/schema\/logo\/image\/","url":"https:\/\/marktxxl.de\/markt\/wp-content\/uploads\/sites\/3\/2020\/12\/logo.png","contentUrl":"https:\/\/marktxxl.de\/markt\/wp-content\/uploads\/sites\/3\/2020\/12\/logo.png","width":200,"height":70,"caption":"Markt-XXL"},"image":{"@id":"https:\/\/marktxxl.de\/markt\/#\/schema\/logo\/image\/"}}]}},"_links":{"self":[{"href":"https:\/\/marktxxl.de\/markt\/wp-json\/wp\/v2\/product\/160079","targetHints":{"allow":["GET"]}}],"collection":[{"href":"https:\/\/marktxxl.de\/markt\/wp-json\/wp\/v2\/product"}],"about":[{"href":"https:\/\/marktxxl.de\/markt\/wp-json\/wp\/v2\/types\/product"}],"replies":[{"embeddable":true,"href":"https:\/\/marktxxl.de\/markt\/wp-json\/wp\/v2\/comments?post=160079"}],"wp:featuredmedia":[{"embeddable":true,"href":"https:\/\/marktxxl.de\/markt\/wp-json\/wp\/v2\/media\/160080"}],"wp:attachment":[{"href":"https:\/\/marktxxl.de\/markt\/wp-json\/wp\/v2\/media?parent=160079"}],"wp:term":[{"taxonomy":"product_brand","embeddable":true,"href":"https:\/\/marktxxl.de\/markt\/wp-json\/wp\/v2\/product_brand?post=160079"},{"taxonomy":"product_cat","embeddable":true,"href":"https:\/\/marktxxl.de\/markt\/wp-json\/wp\/v2\/product_cat?post=160079"},{"taxonomy":"product_tag","embeddable":true,"href":"https:\/\/marktxxl.de\/markt\/wp-json\/wp\/v2\/product_tag?post=160079"}],"curies":[{"name":"wp","href":"https:\/\/api.w.org\/{rel}","templated":true}]}}