{"id":160071,"date":"2022-10-12T09:59:32","date_gmt":"2022-10-12T07:59:32","guid":{"rendered":"https:\/\/marktxxl.de\/markt\/produkt\/klim-blaze-chroma-neu-2022-tastatur-maus-set-kabellos-qwertz-flach-langlebig-ergonomisch-maus-tastatur-set-kabellos-maustastatur-fuer-pc-mac-ps4-ps5-eingebauter-langlebiger-akku\/"},"modified":"2023-04-09T04:23:51","modified_gmt":"2023-04-09T02:23:51","slug":"klim-blaze-chroma-neu-2022-tastatur-maus-set-kabellos-qwertz-flach-langlebig-ergonomisch-maus-tastatur-set-kabellos-maustastatur-fuer-pc-mac-ps4-ps5-eingebauter-langlebiger-akku","status":"publish","type":"product","link":"https:\/\/marktxxl.de\/markt\/produkt\/klim-blaze-chroma-neu-2022-tastatur-maus-set-kabellos-qwertz-flach-langlebig-ergonomisch-maus-tastatur-set-kabellos-maustastatur-fuer-pc-mac-ps4-ps5-eingebauter-langlebiger-akku\/","title":{"rendered":"KLIM Blaze &amp; Chroma &#8211; NEU 2023 &#8211; Tastatur Maus Set Kabellos QWERTZ- Flach, Langlebig, Ergonomisch &#8211; Maus Tastatur Set\u2026"},"content":{"rendered":"<p>2 DONGLES F\u00dcR BESSERE LEISTUNG. Eine schnelle Reaktionszeit und Zuverl\u00e4ssigkeit sind beim Spielen unerl\u00e4sslich. Durch die Verwendung von 2 verschiedenen USB-Empf\u00e4ngern (einer f\u00fcr die Tastatur und einer f\u00fcr die Maus) kannst du sicher sein, dass du unter den besten Bedingungen spielen kannst, ohne dass es zu Einschr\u00e4nkungen kommt. Hinweis: Achte darauf, dass an deinem Laptop\/PC 2 freie USB-Steckpl\u00e4tze vorhanden sind, bevor du das KLIM Chroma + Blaze Bundle verwendest.<br \/>\nUNSERE BEIDEN BESTSELLER IN EINER KOMBINATION. Eine Viertelmillion verkaufte Einheiten zusammen! Jetzt hast du die Chance, dieses tolle Paket auf einen Schlag zu bekommen! Genie\u00dfe ein komfortables, farbenfrohes und m\u00fcheloses Tipperlebnis mit der KLIM Chroma Tastatur. Sp\u00fcre die au\u00dfergew\u00f6hnliche Leistung der KLIM Blaze dank ihres pr\u00e4zisen Sensors und ihrer ergonomischen Form.<br \/>\nEXKLUSIVE &amp; AKTUALISIERTE VERSION. Neue RGB-Effekte + 29 Anti-Ghosting-Tasten + Windows-Lock-Funktion + 2 neue LED-Anzeigen (Akku + Aufladen). Diese neue Version des KLIM Chroma Wireless enth\u00e4lt alles, was du brauchst, um dein Bestes zu geben!<br \/>\nLANGLEBIGER AKKU. Dank der integrierten wiederaufladbaren Akkus kannst du diese Maus und Tastatur viele Tage lang benutzen und sparst dir die Einwegbatterien. Au\u00dferdem tr\u00e4gst du zu einer ges\u00fcnderen Umwelt bei, indem du weniger Abfall und Energie verbrauchst.<br \/>\nUNSCHLAGBARE HALTBARKEIT + 5 JAHRE PRODUKTSUPPORT. Der Rahmen der KLIM Chroma besteht aus hochresistentem ABS-Kunststoff und die Tastenkappen sind mit einer speziellen Beschichtung versehen, die die Tastatur viele Jahre lang sch\u00fctzt. Die KLIM Blaze ist mit 20 Millionen klickresistenten Huano-Schaltern und einem zuverl\u00e4ssigen PixArt-Sensor ausgestattet. Wir bieten au\u00dferdem einen 24\/7-Kundenservice und 5-Jahre lang Support.<br \/>\n<div class=\"main-cross-sell\" data-asin=\"B09WYHWF4J\">\n\n\t<div class=\"WooZone-cross-sell-loader\">\n\t\t<div>\n\t\t\t<div id=\"floatingBarsG\">\n\t\t\t\t<div class=\"blockG\" id=\"rotateG_01\"><\/div>\n\t\t\t\t<div class=\"blockG\" id=\"rotateG_02\"><\/div>\n\t\t\t\t<div class=\"blockG\" id=\"rotateG_03\"><\/div>\n\t\t\t\t<div class=\"blockG\" id=\"rotateG_04\"><\/div>\n\t\t\t\t<div class=\"blockG\" id=\"rotateG_05\"><\/div>\n\t\t\t\t<div class=\"blockG\" id=\"rotateG_06\"><\/div>\n\t\t\t\t<div class=\"blockG\" id=\"rotateG_07\"><\/div>\n\t\t\t\t<div class=\"blockG\" id=\"rotateG_08\"><\/div>\n\t\t\t<\/div>\n\t\t\t<div class=\"WooZone-cross-sell-loader-text\"><\/div>\n\t\t<\/div>\n\t<\/div>\n\n\t\t\n<\/div>\n<div style=\"clear:both;\"><\/div><\/p>\n","protected":false},"excerpt":{"rendered":"<p>2 DONGLES F\u00dcR BESSERE LEISTUNG. Eine schnelle Reaktionszeit und Zuverl\u00e4ssigkeit sind beim Spielen unerl\u00e4sslich. Durch die Verwendung von 2 verschiedenen USB-Empf\u00e4ngern (einer f\u00fcr die Tastatur und einer f\u00fcr die Maus) kannst du sicher sein, dass du unter den besten Bedingungen spielen kannst, ohne dass es zu Einschr\u00e4nkungen kommt. Hinweis: Achte darauf, dass an deinem Laptop\/PC 2 freie USB-Steckpl\u00e4tze vorhanden sind, bevor du das KLIM Chroma + Blaze Bundle verwendest.<br \/>\nUNSERE BEIDEN BESTSELLER IN EINER KOMBINATION. Eine Viertelmillion verkaufte Einheiten zusammen! Jetzt hast du die Chance, dieses tolle Paket auf einen Schlag zu bekommen! Genie\u00dfe ein komfortables, farbenfrohes und m\u00fcheloses Tipperlebnis mit der KLIM Chroma Tastatur. Sp\u00fcre die au\u00dfergew\u00f6hnliche Leistung der KLIM Blaze dank ihres pr\u00e4zisen Sensors und ihrer ergonomischen Form.<br \/>\nEXKLUSIVE &amp; AKTUALISIERTE VERSION. Neue RGB-Effekte + 29 Anti-Ghosting-Tasten + Windows-Lock-Funktion + 2 neue LED-Anzeigen (Akku + Aufladen). Diese neue Version des KLIM Chroma Wireless enth\u00e4lt alles, was du brauchst, um dein Bestes zu geben!<\/p>\n","protected":false},"featured_media":160072,"comment_status":"open","ping_status":"closed","template":"","meta":[],"product_brand":[],"product_cat":[863],"product_tag":[],"class_list":{"0":"post-160071","1":"product","2":"type-product","3":"status-publish","4":"has-post-thumbnail","6":"product_cat-computer-zubehoer","7":"pa_brand-klim","8":"pa_color-black","9":"pa_height-1-1023622036-zoll","10":"pa_length-17-322834628-zoll","11":"pa_manufacturer-klim","12":"pa_warranty-5-jahre","13":"pa_weight-1-5652820602-pfund","14":"pa_width-5-8267716476-zoll","16":"first","17":"instock","18":"shipping-taxable","19":"purchasable","20":"product-type-simple","21":"customify-col","22":"product-has-gallery"},"yoast_head":"<!-- This site is optimized with the Yoast SEO plugin v27.4 - https:\/\/yoast.com\/product\/yoast-seo-wordpress\/ -->\n<title>KLIM Blaze &amp; Chroma - NEU 2023 - Tastatur Maus Set Kabellos QWERTZ- Flach, Langlebig, Ergonomisch - Maus Tastatur Set\u2026 - Markt-XXL<\/title>\n<meta name=\"description\" content=\"Markt-XXL KLIM Blaze &amp; Chroma - NEU 2023 - Tastatur Maus Set Kabellos QWERTZ- Flach, Langlebig, Ergonomisch - Maus Tastatur Set\u2026\" \/>\n<meta name=\"robots\" content=\"index, follow, max-snippet:-1, max-image-preview:large, max-video-preview:-1\" \/>\n<link rel=\"canonical\" href=\"https:\/\/marktxxl.de\/markt\/produkt\/klim-blaze-chroma-neu-2022-tastatur-maus-set-kabellos-qwertz-flach-langlebig-ergonomisch-maus-tastatur-set-kabellos-maustastatur-fuer-pc-mac-ps4-ps5-eingebauter-langlebiger-akku\/\" \/>\n<meta property=\"og:locale\" content=\"de_DE\" \/>\n<meta property=\"og:type\" content=\"article\" \/>\n<meta property=\"og:title\" content=\"KLIM Blaze &amp; Chroma - NEU 2023 - Tastatur Maus Set Kabellos QWERTZ- Flach, Langlebig, Ergonomisch - Maus Tastatur Set\u2026 - Markt-XXL\" \/>\n<meta property=\"og:description\" content=\"Markt-XXL KLIM Blaze &amp; Chroma - NEU 2023 - Tastatur Maus Set Kabellos QWERTZ- Flach, Langlebig, Ergonomisch - Maus Tastatur Set\u2026\" \/>\n<meta property=\"og:url\" content=\"https:\/\/marktxxl.de\/markt\/produkt\/klim-blaze-chroma-neu-2022-tastatur-maus-set-kabellos-qwertz-flach-langlebig-ergonomisch-maus-tastatur-set-kabellos-maustastatur-fuer-pc-mac-ps4-ps5-eingebauter-langlebiger-akku\/\" \/>\n<meta property=\"og:site_name\" content=\"Markt-XXL\" \/>\n<meta property=\"article:modified_time\" content=\"2023-04-09T02:23:51+00:00\" \/>\n<meta property=\"og:image\" content=\"https:\/\/m.media-amazon.com\/images\/I\/51qnir31LVL._SL500_.jpg\" \/>\n\t<meta property=\"og:image:width\" content=\"500\" \/>\n\t<meta property=\"og:image:height\" content=\"500\" \/>\n\t<meta property=\"og:image:type\" content=\"image\/jpeg\" \/>\n<meta name=\"twitter:card\" content=\"summary_large_image\" \/>\n<meta name=\"twitter:label1\" content=\"Gesch\u00e4tzte Lesezeit\" \/>\n\t<meta name=\"twitter:data1\" content=\"1\u00a0Minute\" \/>\n<script type=\"application\/ld+json\" class=\"yoast-schema-graph\">{\"@context\":\"https:\\\/\\\/schema.org\",\"@graph\":[{\"@type\":\"WebPage\",\"@id\":\"https:\\\/\\\/marktxxl.de\\\/markt\\\/produkt\\\/klim-blaze-chroma-neu-2022-tastatur-maus-set-kabellos-qwertz-flach-langlebig-ergonomisch-maus-tastatur-set-kabellos-maustastatur-fuer-pc-mac-ps4-ps5-eingebauter-langlebiger-akku\\\/\",\"url\":\"https:\\\/\\\/marktxxl.de\\\/markt\\\/produkt\\\/klim-blaze-chroma-neu-2022-tastatur-maus-set-kabellos-qwertz-flach-langlebig-ergonomisch-maus-tastatur-set-kabellos-maustastatur-fuer-pc-mac-ps4-ps5-eingebauter-langlebiger-akku\\\/\",\"name\":\"KLIM Blaze &amp; Chroma - NEU 2023 - Tastatur Maus Set Kabellos QWERTZ- Flach, Langlebig, Ergonomisch - Maus Tastatur Set\u2026 - Markt-XXL\",\"isPartOf\":{\"@id\":\"https:\\\/\\\/marktxxl.de\\\/markt\\\/#website\"},\"primaryImageOfPage\":{\"@id\":\"https:\\\/\\\/marktxxl.de\\\/markt\\\/produkt\\\/klim-blaze-chroma-neu-2022-tastatur-maus-set-kabellos-qwertz-flach-langlebig-ergonomisch-maus-tastatur-set-kabellos-maustastatur-fuer-pc-mac-ps4-ps5-eingebauter-langlebiger-akku\\\/#primaryimage\"},\"image\":{\"@id\":\"https:\\\/\\\/marktxxl.de\\\/markt\\\/produkt\\\/klim-blaze-chroma-neu-2022-tastatur-maus-set-kabellos-qwertz-flach-langlebig-ergonomisch-maus-tastatur-set-kabellos-maustastatur-fuer-pc-mac-ps4-ps5-eingebauter-langlebiger-akku\\\/#primaryimage\"},\"thumbnailUrl\":\"https:\\\/\\\/m.media-amazon.com\\\/images\\\/I\\\/51qnir31LVL._SL500_.jpg\",\"datePublished\":\"2022-10-12T07:59:32+00:00\",\"dateModified\":\"2023-04-09T02:23:51+00:00\",\"description\":\"Markt-XXL KLIM Blaze &amp; Chroma - NEU 2023 - Tastatur Maus Set Kabellos QWERTZ- Flach, Langlebig, Ergonomisch - Maus Tastatur Set\u2026\",\"breadcrumb\":{\"@id\":\"https:\\\/\\\/marktxxl.de\\\/markt\\\/produkt\\\/klim-blaze-chroma-neu-2022-tastatur-maus-set-kabellos-qwertz-flach-langlebig-ergonomisch-maus-tastatur-set-kabellos-maustastatur-fuer-pc-mac-ps4-ps5-eingebauter-langlebiger-akku\\\/#breadcrumb\"},\"inLanguage\":\"de\",\"potentialAction\":[{\"@type\":\"ReadAction\",\"target\":[\"https:\\\/\\\/marktxxl.de\\\/markt\\\/produkt\\\/klim-blaze-chroma-neu-2022-tastatur-maus-set-kabellos-qwertz-flach-langlebig-ergonomisch-maus-tastatur-set-kabellos-maustastatur-fuer-pc-mac-ps4-ps5-eingebauter-langlebiger-akku\\\/\"]}]},{\"@type\":\"ImageObject\",\"inLanguage\":\"de\",\"@id\":\"https:\\\/\\\/marktxxl.de\\\/markt\\\/produkt\\\/klim-blaze-chroma-neu-2022-tastatur-maus-set-kabellos-qwertz-flach-langlebig-ergonomisch-maus-tastatur-set-kabellos-maustastatur-fuer-pc-mac-ps4-ps5-eingebauter-langlebiger-akku\\\/#primaryimage\",\"url\":\"https:\\\/\\\/m.media-amazon.com\\\/images\\\/I\\\/51qnir31LVL._SL500_.jpg\",\"contentUrl\":\"https:\\\/\\\/m.media-amazon.com\\\/images\\\/I\\\/51qnir31LVL._SL500_.jpg\",\"width\":500,\"height\":500},{\"@type\":\"BreadcrumbList\",\"@id\":\"https:\\\/\\\/marktxxl.de\\\/markt\\\/produkt\\\/klim-blaze-chroma-neu-2022-tastatur-maus-set-kabellos-qwertz-flach-langlebig-ergonomisch-maus-tastatur-set-kabellos-maustastatur-fuer-pc-mac-ps4-ps5-eingebauter-langlebiger-akku\\\/#breadcrumb\",\"itemListElement\":[{\"@type\":\"ListItem\",\"position\":1,\"name\":\"Startseite\",\"item\":\"https:\\\/\\\/marktxxl.de\\\/markt\\\/\"},{\"@type\":\"ListItem\",\"position\":2,\"name\":\"Markt\",\"item\":\"https:\\\/\\\/marktxxl.de\\\/markt\\\/\"},{\"@type\":\"ListItem\",\"position\":3,\"name\":\"KLIM Blaze &amp; Chroma &#8211; NEU 2023 &#8211; Tastatur Maus Set Kabellos QWERTZ- Flach, Langlebig, Ergonomisch &#8211; Maus Tastatur Set\u2026\"}]},{\"@type\":\"WebSite\",\"@id\":\"https:\\\/\\\/marktxxl.de\\\/markt\\\/#website\",\"url\":\"https:\\\/\\\/marktxxl.de\\\/markt\\\/\",\"name\":\"Markt-XXL\",\"description\":\"Ihr Markt Online\",\"publisher\":{\"@id\":\"https:\\\/\\\/marktxxl.de\\\/markt\\\/#organization\"},\"potentialAction\":[{\"@type\":\"SearchAction\",\"target\":{\"@type\":\"EntryPoint\",\"urlTemplate\":\"https:\\\/\\\/marktxxl.de\\\/markt\\\/?s={search_term_string}\"},\"query-input\":{\"@type\":\"PropertyValueSpecification\",\"valueRequired\":true,\"valueName\":\"search_term_string\"}}],\"inLanguage\":\"de\"},{\"@type\":\"Organization\",\"@id\":\"https:\\\/\\\/marktxxl.de\\\/markt\\\/#organization\",\"name\":\"Markt-XXL\",\"url\":\"https:\\\/\\\/marktxxl.de\\\/markt\\\/\",\"logo\":{\"@type\":\"ImageObject\",\"inLanguage\":\"de\",\"@id\":\"https:\\\/\\\/marktxxl.de\\\/markt\\\/#\\\/schema\\\/logo\\\/image\\\/\",\"url\":\"https:\\\/\\\/marktxxl.de\\\/markt\\\/wp-content\\\/uploads\\\/sites\\\/3\\\/2020\\\/12\\\/logo.png\",\"contentUrl\":\"https:\\\/\\\/marktxxl.de\\\/markt\\\/wp-content\\\/uploads\\\/sites\\\/3\\\/2020\\\/12\\\/logo.png\",\"width\":200,\"height\":70,\"caption\":\"Markt-XXL\"},\"image\":{\"@id\":\"https:\\\/\\\/marktxxl.de\\\/markt\\\/#\\\/schema\\\/logo\\\/image\\\/\"}}]}<\/script>\n<!-- \/ Yoast SEO plugin. -->","yoast_head_json":{"title":"KLIM Blaze &amp; Chroma - NEU 2023 - Tastatur Maus Set Kabellos QWERTZ- Flach, Langlebig, Ergonomisch - Maus Tastatur Set\u2026 - Markt-XXL","description":"Markt-XXL KLIM Blaze &amp; Chroma - NEU 2023 - Tastatur Maus Set Kabellos QWERTZ- Flach, Langlebig, Ergonomisch - Maus Tastatur Set\u2026","robots":{"index":"index","follow":"follow","max-snippet":"max-snippet:-1","max-image-preview":"max-image-preview:large","max-video-preview":"max-video-preview:-1"},"canonical":"https:\/\/marktxxl.de\/markt\/produkt\/klim-blaze-chroma-neu-2022-tastatur-maus-set-kabellos-qwertz-flach-langlebig-ergonomisch-maus-tastatur-set-kabellos-maustastatur-fuer-pc-mac-ps4-ps5-eingebauter-langlebiger-akku\/","og_locale":"de_DE","og_type":"article","og_title":"KLIM Blaze &amp; Chroma - NEU 2023 - Tastatur Maus Set Kabellos QWERTZ- Flach, Langlebig, Ergonomisch - Maus Tastatur Set\u2026 - Markt-XXL","og_description":"Markt-XXL KLIM Blaze &amp; Chroma - NEU 2023 - Tastatur Maus Set Kabellos QWERTZ- Flach, Langlebig, Ergonomisch - Maus Tastatur Set\u2026","og_url":"https:\/\/marktxxl.de\/markt\/produkt\/klim-blaze-chroma-neu-2022-tastatur-maus-set-kabellos-qwertz-flach-langlebig-ergonomisch-maus-tastatur-set-kabellos-maustastatur-fuer-pc-mac-ps4-ps5-eingebauter-langlebiger-akku\/","og_site_name":"Markt-XXL","article_modified_time":"2023-04-09T02:23:51+00:00","og_image":[{"width":500,"height":500,"url":"https:\/\/m.media-amazon.com\/images\/I\/51qnir31LVL._SL500_.jpg","type":"image\/jpeg"}],"twitter_card":"summary_large_image","twitter_misc":{"Gesch\u00e4tzte Lesezeit":"1\u00a0Minute"},"schema":{"@context":"https:\/\/schema.org","@graph":[{"@type":"WebPage","@id":"https:\/\/marktxxl.de\/markt\/produkt\/klim-blaze-chroma-neu-2022-tastatur-maus-set-kabellos-qwertz-flach-langlebig-ergonomisch-maus-tastatur-set-kabellos-maustastatur-fuer-pc-mac-ps4-ps5-eingebauter-langlebiger-akku\/","url":"https:\/\/marktxxl.de\/markt\/produkt\/klim-blaze-chroma-neu-2022-tastatur-maus-set-kabellos-qwertz-flach-langlebig-ergonomisch-maus-tastatur-set-kabellos-maustastatur-fuer-pc-mac-ps4-ps5-eingebauter-langlebiger-akku\/","name":"KLIM Blaze &amp; Chroma - NEU 2023 - Tastatur Maus Set Kabellos QWERTZ- Flach, Langlebig, Ergonomisch - Maus Tastatur Set\u2026 - Markt-XXL","isPartOf":{"@id":"https:\/\/marktxxl.de\/markt\/#website"},"primaryImageOfPage":{"@id":"https:\/\/marktxxl.de\/markt\/produkt\/klim-blaze-chroma-neu-2022-tastatur-maus-set-kabellos-qwertz-flach-langlebig-ergonomisch-maus-tastatur-set-kabellos-maustastatur-fuer-pc-mac-ps4-ps5-eingebauter-langlebiger-akku\/#primaryimage"},"image":{"@id":"https:\/\/marktxxl.de\/markt\/produkt\/klim-blaze-chroma-neu-2022-tastatur-maus-set-kabellos-qwertz-flach-langlebig-ergonomisch-maus-tastatur-set-kabellos-maustastatur-fuer-pc-mac-ps4-ps5-eingebauter-langlebiger-akku\/#primaryimage"},"thumbnailUrl":"https:\/\/m.media-amazon.com\/images\/I\/51qnir31LVL._SL500_.jpg","datePublished":"2022-10-12T07:59:32+00:00","dateModified":"2023-04-09T02:23:51+00:00","description":"Markt-XXL KLIM Blaze &amp; Chroma - NEU 2023 - Tastatur Maus Set Kabellos QWERTZ- Flach, Langlebig, Ergonomisch - Maus Tastatur Set\u2026","breadcrumb":{"@id":"https:\/\/marktxxl.de\/markt\/produkt\/klim-blaze-chroma-neu-2022-tastatur-maus-set-kabellos-qwertz-flach-langlebig-ergonomisch-maus-tastatur-set-kabellos-maustastatur-fuer-pc-mac-ps4-ps5-eingebauter-langlebiger-akku\/#breadcrumb"},"inLanguage":"de","potentialAction":[{"@type":"ReadAction","target":["https:\/\/marktxxl.de\/markt\/produkt\/klim-blaze-chroma-neu-2022-tastatur-maus-set-kabellos-qwertz-flach-langlebig-ergonomisch-maus-tastatur-set-kabellos-maustastatur-fuer-pc-mac-ps4-ps5-eingebauter-langlebiger-akku\/"]}]},{"@type":"ImageObject","inLanguage":"de","@id":"https:\/\/marktxxl.de\/markt\/produkt\/klim-blaze-chroma-neu-2022-tastatur-maus-set-kabellos-qwertz-flach-langlebig-ergonomisch-maus-tastatur-set-kabellos-maustastatur-fuer-pc-mac-ps4-ps5-eingebauter-langlebiger-akku\/#primaryimage","url":"https:\/\/m.media-amazon.com\/images\/I\/51qnir31LVL._SL500_.jpg","contentUrl":"https:\/\/m.media-amazon.com\/images\/I\/51qnir31LVL._SL500_.jpg","width":500,"height":500},{"@type":"BreadcrumbList","@id":"https:\/\/marktxxl.de\/markt\/produkt\/klim-blaze-chroma-neu-2022-tastatur-maus-set-kabellos-qwertz-flach-langlebig-ergonomisch-maus-tastatur-set-kabellos-maustastatur-fuer-pc-mac-ps4-ps5-eingebauter-langlebiger-akku\/#breadcrumb","itemListElement":[{"@type":"ListItem","position":1,"name":"Startseite","item":"https:\/\/marktxxl.de\/markt\/"},{"@type":"ListItem","position":2,"name":"Markt","item":"https:\/\/marktxxl.de\/markt\/"},{"@type":"ListItem","position":3,"name":"KLIM Blaze &amp; Chroma &#8211; NEU 2023 &#8211; Tastatur Maus Set Kabellos QWERTZ- Flach, Langlebig, Ergonomisch &#8211; Maus Tastatur Set\u2026"}]},{"@type":"WebSite","@id":"https:\/\/marktxxl.de\/markt\/#website","url":"https:\/\/marktxxl.de\/markt\/","name":"Markt-XXL","description":"Ihr Markt Online","publisher":{"@id":"https:\/\/marktxxl.de\/markt\/#organization"},"potentialAction":[{"@type":"SearchAction","target":{"@type":"EntryPoint","urlTemplate":"https:\/\/marktxxl.de\/markt\/?s={search_term_string}"},"query-input":{"@type":"PropertyValueSpecification","valueRequired":true,"valueName":"search_term_string"}}],"inLanguage":"de"},{"@type":"Organization","@id":"https:\/\/marktxxl.de\/markt\/#organization","name":"Markt-XXL","url":"https:\/\/marktxxl.de\/markt\/","logo":{"@type":"ImageObject","inLanguage":"de","@id":"https:\/\/marktxxl.de\/markt\/#\/schema\/logo\/image\/","url":"https:\/\/marktxxl.de\/markt\/wp-content\/uploads\/sites\/3\/2020\/12\/logo.png","contentUrl":"https:\/\/marktxxl.de\/markt\/wp-content\/uploads\/sites\/3\/2020\/12\/logo.png","width":200,"height":70,"caption":"Markt-XXL"},"image":{"@id":"https:\/\/marktxxl.de\/markt\/#\/schema\/logo\/image\/"}}]}},"_links":{"self":[{"href":"https:\/\/marktxxl.de\/markt\/wp-json\/wp\/v2\/product\/160071","targetHints":{"allow":["GET"]}}],"collection":[{"href":"https:\/\/marktxxl.de\/markt\/wp-json\/wp\/v2\/product"}],"about":[{"href":"https:\/\/marktxxl.de\/markt\/wp-json\/wp\/v2\/types\/product"}],"replies":[{"embeddable":true,"href":"https:\/\/marktxxl.de\/markt\/wp-json\/wp\/v2\/comments?post=160071"}],"wp:featuredmedia":[{"embeddable":true,"href":"https:\/\/marktxxl.de\/markt\/wp-json\/wp\/v2\/media\/160072"}],"wp:attachment":[{"href":"https:\/\/marktxxl.de\/markt\/wp-json\/wp\/v2\/media?parent=160071"}],"wp:term":[{"taxonomy":"product_brand","embeddable":true,"href":"https:\/\/marktxxl.de\/markt\/wp-json\/wp\/v2\/product_brand?post=160071"},{"taxonomy":"product_cat","embeddable":true,"href":"https:\/\/marktxxl.de\/markt\/wp-json\/wp\/v2\/product_cat?post=160071"},{"taxonomy":"product_tag","embeddable":true,"href":"https:\/\/marktxxl.de\/markt\/wp-json\/wp\/v2\/product_tag?post=160071"}],"curies":[{"name":"wp","href":"https:\/\/api.w.org\/{rel}","templated":true}]}}