{"id":160056,"date":"2022-10-12T09:59:12","date_gmt":"2022-10-12T07:59:12","guid":{"rendered":"https:\/\/marktxxl.de\/markt\/produkt\/wlan-verstaerker-repeater300-mbit-s-24ghz-mini-wlan-signal-verstaerker-fuer-zu-hauselan-ethernet-port-wps-bdeckung-bis-zu-200-m%c2%b2-kompatibel-zu-allen-wlan-geraeten-kompaktes-weiss\/"},"modified":"2023-04-09T04:23:51","modified_gmt":"2023-04-09T02:23:51","slug":"wlan-verstaerker-repeater300-mbit-s-24ghz-mini-wlan-signal-verstaerker-fuer-zu-hauselan-ethernet-port-wps-bdeckung-bis-zu-200-m%c2%b2-kompatibel-zu-allen-wlan-geraeten-kompaktes-weiss","status":"publish","type":"product","link":"https:\/\/marktxxl.de\/markt\/produkt\/wlan-verstaerker-repeater300-mbit-s-24ghz-mini-wlan-signal-verstaerker-fuer-zu-hauselan-ethernet-port-wps-bdeckung-bis-zu-200-m%c2%b2-kompatibel-zu-allen-wlan-geraeten-kompaktes-weiss\/","title":{"rendered":"WLAN Verst\u00e4rker Repeater(300 Mbit\/s 2,4GHz, Mini WLAN Signal Verst\u00e4rker f\u00fcr zu Hause,LAN Ethernet-Port, WPS, bdeckung\u2026"},"content":{"rendered":"<p>\u3010Steigern Sie die WLAN-Abdeckung\u3011WLAN-Repeater, dass du im Handumdrehen die doppelte WLAN-Reichweite erreichen kannst. Lediglich eine freie Steckdose ben\u00f6tigt und absolut ger\u00e4uschlos ist. Du kannst auf mehreren Ger\u00e4ten und in mehreren Bereichen deines Haus blitzschnelles WLAN mit bis zu 300 MBit (das reicht locker aus, um HD-Videos ruckelfrei zu streamen) empfangen.<br \/>\n\u3010Genie\u00dfen Sie 300Mbit\/s WiFi\u3011Streamen und surfe, wie du willst, mit Geschwindigkeiten von bis zu 300 Mbit\/s, 2,4-GHz-Band, dieser WLAN-Verst\u00e4rker eine WLAN-Reichweite von bis zu 120 Quadratmetern und verbindet bis zu 25 Ger\u00e4te wie Smartphones, Tablets, PCs, Lautsprecher, IP-Kameras, Smart Plug Stecker und mehr.<br \/>\n\u3010Ultraschnelle Ethernet Ports\u3011Dieser Internet-Verst\u00e4rker verf\u00fcgt \u00fcber zwei Fast-Ethernet-Anschluss. Schlie\u00dfe deine Ger\u00e4te (Laptop, Spielekonsole usw.) an der ultraschnelle Ethernet-LAN-Ports an, um eine maximale LAN Verbindungsgeschwindigkeit zu erhalten.<br \/>\n\u3010Starke Kompatibilit\u00e4t\u3011Der Internet-Verst\u00e4rker ist universell kompatibel mit 99 % der WLAN-Router oder -Gateways auf dem Markt. Dieser wlan repeater entspricht den Sicherheitsstandards. perfekt f\u00fcr Videostreaming, Online-Gaming und Smart Home.<br \/>\n\u3010Einfache Einrichtung\u3011 Dr\u00fccken Sie die WPS-Taste an Ihrem Router und Ihrem U10, um eine einfache Verbindung zum Netzwerk herzustellen. Sobald Sie mit einem vorhandenen Router verbunden sind, k\u00f6nnen Sie den U10 einfach an einem Ort anschlie\u00dfen, um die beste Signalqualit\u00e4t und Abdeckung in Ihrem Haus zu erzielen, ohne den Extender erneut konfigurieren zu m\u00fcssen.<br \/>\nHierbei handelt es sich um einen Internet-Verst\u00e4rker, der sehr kompakt, schlank und unauff\u00e4llig gebaut ist, das diskrete Steckdosendesign f\u00fcgt sich unauff\u00e4llig in Ihre Wohnungseinrichtung ein.<br \/>\n<div class=\"main-cross-sell\" data-asin=\"B0BGKGFJ8M\">\n\n\t<div class=\"WooZone-cross-sell-loader\">\n\t\t<div>\n\t\t\t<div id=\"floatingBarsG\">\n\t\t\t\t<div class=\"blockG\" id=\"rotateG_01\"><\/div>\n\t\t\t\t<div class=\"blockG\" id=\"rotateG_02\"><\/div>\n\t\t\t\t<div class=\"blockG\" id=\"rotateG_03\"><\/div>\n\t\t\t\t<div class=\"blockG\" id=\"rotateG_04\"><\/div>\n\t\t\t\t<div class=\"blockG\" id=\"rotateG_05\"><\/div>\n\t\t\t\t<div class=\"blockG\" id=\"rotateG_06\"><\/div>\n\t\t\t\t<div class=\"blockG\" id=\"rotateG_07\"><\/div>\n\t\t\t\t<div class=\"blockG\" id=\"rotateG_08\"><\/div>\n\t\t\t<\/div>\n\t\t\t<div class=\"WooZone-cross-sell-loader-text\"><\/div>\n\t\t<\/div>\n\t<\/div>\n\n\t\t\n<\/div>\n<div style=\"clear:both;\"><\/div><\/p>\n","protected":false},"excerpt":{"rendered":"<p>\u3010Steigern Sie die WLAN-Abdeckung\u3011WLAN-Repeater, dass du im Handumdrehen die doppelte WLAN-Reichweite erreichen kannst. Lediglich eine freie Steckdose ben\u00f6tigt und absolut ger\u00e4uschlos ist. Du kannst auf mehreren Ger\u00e4ten und in mehreren Bereichen deines Haus blitzschnelles WLAN mit bis zu 300 MBit (das reicht locker aus, um HD-Videos ruckelfrei zu streamen) empfangen.<br \/>\n\u3010Genie\u00dfen Sie 300Mbit\/s WiFi\u3011Streamen und surfe, wie du willst, mit Geschwindigkeiten von bis zu 300 Mbit\/s, 2,4-GHz-Band, dieser WLAN-Verst\u00e4rker eine WLAN-Reichweite von bis zu 120 Quadratmetern und verbindet bis zu 25 Ger\u00e4te wie Smartphones, Tablets, PCs, Lautsprecher, IP-Kameras, Smart Plug Stecker und mehr.<br \/>\n\u3010Ultraschnelle Ethernet Ports\u3011Dieser Internet-Verst\u00e4rker verf\u00fcgt \u00fcber zwei Fast-Ethernet-Anschluss. Schlie\u00dfe deine Ger\u00e4te (Laptop, Spielekonsole usw.) an der ultraschnelle Ethernet-LAN-Ports an, um eine maximale LAN Verbindungsgeschwindigkeit zu erhalten.<\/p>\n","protected":false},"featured_media":160057,"comment_status":"open","ping_status":"closed","template":"","meta":[],"product_brand":[],"product_cat":[863],"product_tag":[],"class_list":{"0":"post-160056","1":"product","2":"type-product","3":"status-publish","4":"has-post-thumbnail","6":"product_cat-computer-zubehoer","7":"pa_brand-wodgreat","8":"pa_manufacturer-wodgreat","9":"pa_warranty-2-years","11":"first","12":"instock","13":"shipping-taxable","14":"purchasable","15":"product-type-simple","16":"customify-col","17":"product-has-gallery"},"yoast_head":"<!-- This site is optimized with the Yoast SEO plugin v27.4 - https:\/\/yoast.com\/product\/yoast-seo-wordpress\/ -->\n<title>WLAN Verst\u00e4rker Repeater(300 Mbit\/s 2,4GHz, Mini WLAN Signal Verst\u00e4rker f\u00fcr zu Hause,LAN Ethernet-Port, WPS, bdeckung\u2026 - Markt-XXL<\/title>\n<meta name=\"description\" content=\"Markt-XXL WLAN Verst\u00e4rker Repeater(300 Mbit\/s 2,4GHz, Mini WLAN Signal Verst\u00e4rker f\u00fcr zu Hause,LAN Ethernet-Port, WPS, bdeckung\u2026\" \/>\n<meta name=\"robots\" content=\"index, follow, max-snippet:-1, max-image-preview:large, max-video-preview:-1\" \/>\n<link rel=\"canonical\" href=\"https:\/\/marktxxl.de\/markt\/produkt\/wlan-verstaerker-repeater300-mbit-s-24ghz-mini-wlan-signal-verstaerker-fuer-zu-hauselan-ethernet-port-wps-bdeckung-bis-zu-200-m\u00b2-kompatibel-zu-allen-wlan-geraeten-kompaktes-weiss\/\" \/>\n<meta property=\"og:locale\" content=\"de_DE\" \/>\n<meta property=\"og:type\" content=\"article\" \/>\n<meta property=\"og:title\" content=\"WLAN Verst\u00e4rker Repeater(300 Mbit\/s 2,4GHz, Mini WLAN Signal Verst\u00e4rker f\u00fcr zu Hause,LAN Ethernet-Port, WPS, bdeckung\u2026 - Markt-XXL\" \/>\n<meta property=\"og:description\" content=\"Markt-XXL WLAN Verst\u00e4rker Repeater(300 Mbit\/s 2,4GHz, Mini WLAN Signal Verst\u00e4rker f\u00fcr zu Hause,LAN Ethernet-Port, WPS, bdeckung\u2026\" \/>\n<meta property=\"og:url\" content=\"https:\/\/marktxxl.de\/markt\/produkt\/wlan-verstaerker-repeater300-mbit-s-24ghz-mini-wlan-signal-verstaerker-fuer-zu-hauselan-ethernet-port-wps-bdeckung-bis-zu-200-m\u00b2-kompatibel-zu-allen-wlan-geraeten-kompaktes-weiss\/\" \/>\n<meta property=\"og:site_name\" content=\"Markt-XXL\" \/>\n<meta property=\"article:modified_time\" content=\"2023-04-09T02:23:51+00:00\" \/>\n<meta property=\"og:image\" content=\"https:\/\/m.media-amazon.com\/images\/I\/31mV70cjx-L._SL500_.jpg\" \/>\n\t<meta property=\"og:image:width\" content=\"500\" \/>\n\t<meta property=\"og:image:height\" content=\"500\" \/>\n\t<meta property=\"og:image:type\" content=\"image\/jpeg\" \/>\n<meta name=\"twitter:card\" content=\"summary_large_image\" \/>\n<meta name=\"twitter:label1\" content=\"Gesch\u00e4tzte Lesezeit\" \/>\n\t<meta name=\"twitter:data1\" content=\"1\u00a0Minute\" \/>\n<script type=\"application\/ld+json\" class=\"yoast-schema-graph\">{\"@context\":\"https:\\\/\\\/schema.org\",\"@graph\":[{\"@type\":\"WebPage\",\"@id\":\"https:\\\/\\\/marktxxl.de\\\/markt\\\/produkt\\\/wlan-verstaerker-repeater300-mbit-s-24ghz-mini-wlan-signal-verstaerker-fuer-zu-hauselan-ethernet-port-wps-bdeckung-bis-zu-200-m%c2%b2-kompatibel-zu-allen-wlan-geraeten-kompaktes-weiss\\\/\",\"url\":\"https:\\\/\\\/marktxxl.de\\\/markt\\\/produkt\\\/wlan-verstaerker-repeater300-mbit-s-24ghz-mini-wlan-signal-verstaerker-fuer-zu-hauselan-ethernet-port-wps-bdeckung-bis-zu-200-m%c2%b2-kompatibel-zu-allen-wlan-geraeten-kompaktes-weiss\\\/\",\"name\":\"WLAN Verst\u00e4rker Repeater(300 Mbit\\\/s 2,4GHz, Mini WLAN Signal Verst\u00e4rker f\u00fcr zu Hause,LAN Ethernet-Port, WPS, bdeckung\u2026 - Markt-XXL\",\"isPartOf\":{\"@id\":\"https:\\\/\\\/marktxxl.de\\\/markt\\\/#website\"},\"primaryImageOfPage\":{\"@id\":\"https:\\\/\\\/marktxxl.de\\\/markt\\\/produkt\\\/wlan-verstaerker-repeater300-mbit-s-24ghz-mini-wlan-signal-verstaerker-fuer-zu-hauselan-ethernet-port-wps-bdeckung-bis-zu-200-m%c2%b2-kompatibel-zu-allen-wlan-geraeten-kompaktes-weiss\\\/#primaryimage\"},\"image\":{\"@id\":\"https:\\\/\\\/marktxxl.de\\\/markt\\\/produkt\\\/wlan-verstaerker-repeater300-mbit-s-24ghz-mini-wlan-signal-verstaerker-fuer-zu-hauselan-ethernet-port-wps-bdeckung-bis-zu-200-m%c2%b2-kompatibel-zu-allen-wlan-geraeten-kompaktes-weiss\\\/#primaryimage\"},\"thumbnailUrl\":\"https:\\\/\\\/m.media-amazon.com\\\/images\\\/I\\\/31mV70cjx-L._SL500_.jpg\",\"datePublished\":\"2022-10-12T07:59:12+00:00\",\"dateModified\":\"2023-04-09T02:23:51+00:00\",\"description\":\"Markt-XXL WLAN Verst\u00e4rker Repeater(300 Mbit\\\/s 2,4GHz, Mini WLAN Signal Verst\u00e4rker f\u00fcr zu Hause,LAN Ethernet-Port, WPS, bdeckung\u2026\",\"breadcrumb\":{\"@id\":\"https:\\\/\\\/marktxxl.de\\\/markt\\\/produkt\\\/wlan-verstaerker-repeater300-mbit-s-24ghz-mini-wlan-signal-verstaerker-fuer-zu-hauselan-ethernet-port-wps-bdeckung-bis-zu-200-m%c2%b2-kompatibel-zu-allen-wlan-geraeten-kompaktes-weiss\\\/#breadcrumb\"},\"inLanguage\":\"de\",\"potentialAction\":[{\"@type\":\"ReadAction\",\"target\":[\"https:\\\/\\\/marktxxl.de\\\/markt\\\/produkt\\\/wlan-verstaerker-repeater300-mbit-s-24ghz-mini-wlan-signal-verstaerker-fuer-zu-hauselan-ethernet-port-wps-bdeckung-bis-zu-200-m%c2%b2-kompatibel-zu-allen-wlan-geraeten-kompaktes-weiss\\\/\"]}]},{\"@type\":\"ImageObject\",\"inLanguage\":\"de\",\"@id\":\"https:\\\/\\\/marktxxl.de\\\/markt\\\/produkt\\\/wlan-verstaerker-repeater300-mbit-s-24ghz-mini-wlan-signal-verstaerker-fuer-zu-hauselan-ethernet-port-wps-bdeckung-bis-zu-200-m%c2%b2-kompatibel-zu-allen-wlan-geraeten-kompaktes-weiss\\\/#primaryimage\",\"url\":\"https:\\\/\\\/m.media-amazon.com\\\/images\\\/I\\\/31mV70cjx-L._SL500_.jpg\",\"contentUrl\":\"https:\\\/\\\/m.media-amazon.com\\\/images\\\/I\\\/31mV70cjx-L._SL500_.jpg\",\"width\":500,\"height\":500},{\"@type\":\"BreadcrumbList\",\"@id\":\"https:\\\/\\\/marktxxl.de\\\/markt\\\/produkt\\\/wlan-verstaerker-repeater300-mbit-s-24ghz-mini-wlan-signal-verstaerker-fuer-zu-hauselan-ethernet-port-wps-bdeckung-bis-zu-200-m%c2%b2-kompatibel-zu-allen-wlan-geraeten-kompaktes-weiss\\\/#breadcrumb\",\"itemListElement\":[{\"@type\":\"ListItem\",\"position\":1,\"name\":\"Startseite\",\"item\":\"https:\\\/\\\/marktxxl.de\\\/markt\\\/\"},{\"@type\":\"ListItem\",\"position\":2,\"name\":\"Markt\",\"item\":\"https:\\\/\\\/marktxxl.de\\\/markt\\\/\"},{\"@type\":\"ListItem\",\"position\":3,\"name\":\"WLAN Verst\u00e4rker Repeater(300 Mbit\\\/s 2,4GHz, Mini WLAN Signal Verst\u00e4rker f\u00fcr zu Hause,LAN Ethernet-Port, WPS, bdeckung\u2026\"}]},{\"@type\":\"WebSite\",\"@id\":\"https:\\\/\\\/marktxxl.de\\\/markt\\\/#website\",\"url\":\"https:\\\/\\\/marktxxl.de\\\/markt\\\/\",\"name\":\"Markt-XXL\",\"description\":\"Ihr Markt Online\",\"publisher\":{\"@id\":\"https:\\\/\\\/marktxxl.de\\\/markt\\\/#organization\"},\"potentialAction\":[{\"@type\":\"SearchAction\",\"target\":{\"@type\":\"EntryPoint\",\"urlTemplate\":\"https:\\\/\\\/marktxxl.de\\\/markt\\\/?s={search_term_string}\"},\"query-input\":{\"@type\":\"PropertyValueSpecification\",\"valueRequired\":true,\"valueName\":\"search_term_string\"}}],\"inLanguage\":\"de\"},{\"@type\":\"Organization\",\"@id\":\"https:\\\/\\\/marktxxl.de\\\/markt\\\/#organization\",\"name\":\"Markt-XXL\",\"url\":\"https:\\\/\\\/marktxxl.de\\\/markt\\\/\",\"logo\":{\"@type\":\"ImageObject\",\"inLanguage\":\"de\",\"@id\":\"https:\\\/\\\/marktxxl.de\\\/markt\\\/#\\\/schema\\\/logo\\\/image\\\/\",\"url\":\"https:\\\/\\\/marktxxl.de\\\/markt\\\/wp-content\\\/uploads\\\/sites\\\/3\\\/2020\\\/12\\\/logo.png\",\"contentUrl\":\"https:\\\/\\\/marktxxl.de\\\/markt\\\/wp-content\\\/uploads\\\/sites\\\/3\\\/2020\\\/12\\\/logo.png\",\"width\":200,\"height\":70,\"caption\":\"Markt-XXL\"},\"image\":{\"@id\":\"https:\\\/\\\/marktxxl.de\\\/markt\\\/#\\\/schema\\\/logo\\\/image\\\/\"}}]}<\/script>\n<!-- \/ Yoast SEO plugin. -->","yoast_head_json":{"title":"WLAN Verst\u00e4rker Repeater(300 Mbit\/s 2,4GHz, Mini WLAN Signal Verst\u00e4rker f\u00fcr zu Hause,LAN Ethernet-Port, WPS, bdeckung\u2026 - Markt-XXL","description":"Markt-XXL WLAN Verst\u00e4rker Repeater(300 Mbit\/s 2,4GHz, Mini WLAN Signal Verst\u00e4rker f\u00fcr zu Hause,LAN Ethernet-Port, WPS, bdeckung\u2026","robots":{"index":"index","follow":"follow","max-snippet":"max-snippet:-1","max-image-preview":"max-image-preview:large","max-video-preview":"max-video-preview:-1"},"canonical":"https:\/\/marktxxl.de\/markt\/produkt\/wlan-verstaerker-repeater300-mbit-s-24ghz-mini-wlan-signal-verstaerker-fuer-zu-hauselan-ethernet-port-wps-bdeckung-bis-zu-200-m\u00b2-kompatibel-zu-allen-wlan-geraeten-kompaktes-weiss\/","og_locale":"de_DE","og_type":"article","og_title":"WLAN Verst\u00e4rker Repeater(300 Mbit\/s 2,4GHz, Mini WLAN Signal Verst\u00e4rker f\u00fcr zu Hause,LAN Ethernet-Port, WPS, bdeckung\u2026 - Markt-XXL","og_description":"Markt-XXL WLAN Verst\u00e4rker Repeater(300 Mbit\/s 2,4GHz, Mini WLAN Signal Verst\u00e4rker f\u00fcr zu Hause,LAN Ethernet-Port, WPS, bdeckung\u2026","og_url":"https:\/\/marktxxl.de\/markt\/produkt\/wlan-verstaerker-repeater300-mbit-s-24ghz-mini-wlan-signal-verstaerker-fuer-zu-hauselan-ethernet-port-wps-bdeckung-bis-zu-200-m\u00b2-kompatibel-zu-allen-wlan-geraeten-kompaktes-weiss\/","og_site_name":"Markt-XXL","article_modified_time":"2023-04-09T02:23:51+00:00","og_image":[{"width":500,"height":500,"url":"https:\/\/m.media-amazon.com\/images\/I\/31mV70cjx-L._SL500_.jpg","type":"image\/jpeg"}],"twitter_card":"summary_large_image","twitter_misc":{"Gesch\u00e4tzte Lesezeit":"1\u00a0Minute"},"schema":{"@context":"https:\/\/schema.org","@graph":[{"@type":"WebPage","@id":"https:\/\/marktxxl.de\/markt\/produkt\/wlan-verstaerker-repeater300-mbit-s-24ghz-mini-wlan-signal-verstaerker-fuer-zu-hauselan-ethernet-port-wps-bdeckung-bis-zu-200-m%c2%b2-kompatibel-zu-allen-wlan-geraeten-kompaktes-weiss\/","url":"https:\/\/marktxxl.de\/markt\/produkt\/wlan-verstaerker-repeater300-mbit-s-24ghz-mini-wlan-signal-verstaerker-fuer-zu-hauselan-ethernet-port-wps-bdeckung-bis-zu-200-m%c2%b2-kompatibel-zu-allen-wlan-geraeten-kompaktes-weiss\/","name":"WLAN Verst\u00e4rker Repeater(300 Mbit\/s 2,4GHz, Mini WLAN Signal Verst\u00e4rker f\u00fcr zu Hause,LAN Ethernet-Port, WPS, bdeckung\u2026 - Markt-XXL","isPartOf":{"@id":"https:\/\/marktxxl.de\/markt\/#website"},"primaryImageOfPage":{"@id":"https:\/\/marktxxl.de\/markt\/produkt\/wlan-verstaerker-repeater300-mbit-s-24ghz-mini-wlan-signal-verstaerker-fuer-zu-hauselan-ethernet-port-wps-bdeckung-bis-zu-200-m%c2%b2-kompatibel-zu-allen-wlan-geraeten-kompaktes-weiss\/#primaryimage"},"image":{"@id":"https:\/\/marktxxl.de\/markt\/produkt\/wlan-verstaerker-repeater300-mbit-s-24ghz-mini-wlan-signal-verstaerker-fuer-zu-hauselan-ethernet-port-wps-bdeckung-bis-zu-200-m%c2%b2-kompatibel-zu-allen-wlan-geraeten-kompaktes-weiss\/#primaryimage"},"thumbnailUrl":"https:\/\/m.media-amazon.com\/images\/I\/31mV70cjx-L._SL500_.jpg","datePublished":"2022-10-12T07:59:12+00:00","dateModified":"2023-04-09T02:23:51+00:00","description":"Markt-XXL WLAN Verst\u00e4rker Repeater(300 Mbit\/s 2,4GHz, Mini WLAN Signal Verst\u00e4rker f\u00fcr zu Hause,LAN Ethernet-Port, WPS, bdeckung\u2026","breadcrumb":{"@id":"https:\/\/marktxxl.de\/markt\/produkt\/wlan-verstaerker-repeater300-mbit-s-24ghz-mini-wlan-signal-verstaerker-fuer-zu-hauselan-ethernet-port-wps-bdeckung-bis-zu-200-m%c2%b2-kompatibel-zu-allen-wlan-geraeten-kompaktes-weiss\/#breadcrumb"},"inLanguage":"de","potentialAction":[{"@type":"ReadAction","target":["https:\/\/marktxxl.de\/markt\/produkt\/wlan-verstaerker-repeater300-mbit-s-24ghz-mini-wlan-signal-verstaerker-fuer-zu-hauselan-ethernet-port-wps-bdeckung-bis-zu-200-m%c2%b2-kompatibel-zu-allen-wlan-geraeten-kompaktes-weiss\/"]}]},{"@type":"ImageObject","inLanguage":"de","@id":"https:\/\/marktxxl.de\/markt\/produkt\/wlan-verstaerker-repeater300-mbit-s-24ghz-mini-wlan-signal-verstaerker-fuer-zu-hauselan-ethernet-port-wps-bdeckung-bis-zu-200-m%c2%b2-kompatibel-zu-allen-wlan-geraeten-kompaktes-weiss\/#primaryimage","url":"https:\/\/m.media-amazon.com\/images\/I\/31mV70cjx-L._SL500_.jpg","contentUrl":"https:\/\/m.media-amazon.com\/images\/I\/31mV70cjx-L._SL500_.jpg","width":500,"height":500},{"@type":"BreadcrumbList","@id":"https:\/\/marktxxl.de\/markt\/produkt\/wlan-verstaerker-repeater300-mbit-s-24ghz-mini-wlan-signal-verstaerker-fuer-zu-hauselan-ethernet-port-wps-bdeckung-bis-zu-200-m%c2%b2-kompatibel-zu-allen-wlan-geraeten-kompaktes-weiss\/#breadcrumb","itemListElement":[{"@type":"ListItem","position":1,"name":"Startseite","item":"https:\/\/marktxxl.de\/markt\/"},{"@type":"ListItem","position":2,"name":"Markt","item":"https:\/\/marktxxl.de\/markt\/"},{"@type":"ListItem","position":3,"name":"WLAN Verst\u00e4rker Repeater(300 Mbit\/s 2,4GHz, Mini WLAN Signal Verst\u00e4rker f\u00fcr zu Hause,LAN Ethernet-Port, WPS, bdeckung\u2026"}]},{"@type":"WebSite","@id":"https:\/\/marktxxl.de\/markt\/#website","url":"https:\/\/marktxxl.de\/markt\/","name":"Markt-XXL","description":"Ihr Markt Online","publisher":{"@id":"https:\/\/marktxxl.de\/markt\/#organization"},"potentialAction":[{"@type":"SearchAction","target":{"@type":"EntryPoint","urlTemplate":"https:\/\/marktxxl.de\/markt\/?s={search_term_string}"},"query-input":{"@type":"PropertyValueSpecification","valueRequired":true,"valueName":"search_term_string"}}],"inLanguage":"de"},{"@type":"Organization","@id":"https:\/\/marktxxl.de\/markt\/#organization","name":"Markt-XXL","url":"https:\/\/marktxxl.de\/markt\/","logo":{"@type":"ImageObject","inLanguage":"de","@id":"https:\/\/marktxxl.de\/markt\/#\/schema\/logo\/image\/","url":"https:\/\/marktxxl.de\/markt\/wp-content\/uploads\/sites\/3\/2020\/12\/logo.png","contentUrl":"https:\/\/marktxxl.de\/markt\/wp-content\/uploads\/sites\/3\/2020\/12\/logo.png","width":200,"height":70,"caption":"Markt-XXL"},"image":{"@id":"https:\/\/marktxxl.de\/markt\/#\/schema\/logo\/image\/"}}]}},"_links":{"self":[{"href":"https:\/\/marktxxl.de\/markt\/wp-json\/wp\/v2\/product\/160056","targetHints":{"allow":["GET"]}}],"collection":[{"href":"https:\/\/marktxxl.de\/markt\/wp-json\/wp\/v2\/product"}],"about":[{"href":"https:\/\/marktxxl.de\/markt\/wp-json\/wp\/v2\/types\/product"}],"replies":[{"embeddable":true,"href":"https:\/\/marktxxl.de\/markt\/wp-json\/wp\/v2\/comments?post=160056"}],"wp:featuredmedia":[{"embeddable":true,"href":"https:\/\/marktxxl.de\/markt\/wp-json\/wp\/v2\/media\/160057"}],"wp:attachment":[{"href":"https:\/\/marktxxl.de\/markt\/wp-json\/wp\/v2\/media?parent=160056"}],"wp:term":[{"taxonomy":"product_brand","embeddable":true,"href":"https:\/\/marktxxl.de\/markt\/wp-json\/wp\/v2\/product_brand?post=160056"},{"taxonomy":"product_cat","embeddable":true,"href":"https:\/\/marktxxl.de\/markt\/wp-json\/wp\/v2\/product_cat?post=160056"},{"taxonomy":"product_tag","embeddable":true,"href":"https:\/\/marktxxl.de\/markt\/wp-json\/wp\/v2\/product_tag?post=160056"}],"curies":[{"name":"wp","href":"https:\/\/api.w.org\/{rel}","templated":true}]}}