{"id":160033,"date":"2022-10-12T09:58:40","date_gmt":"2022-10-12T07:58:40","guid":{"rendered":"https:\/\/marktxxl.de\/markt\/produkt\/302xl-druckerpatronen-combo-pack-aroil-302-xl-tintenpatronen-remanufactured-fuer-hp-deskjet-3630-3636-envy-4527-4520-4524-4523-officejet-3835-4650-5230-3830-3831-4658-1-schwarz-1-farbe\/"},"modified":"2023-04-09T04:23:51","modified_gmt":"2023-04-09T02:23:51","slug":"302xl-druckerpatronen-combo-pack-aroil-302-xl-tintenpatronen-remanufactured-fuer-hp-deskjet-3630-3636-envy-4527-4520-4524-4523-officejet-3835-4650-5230-3830-3831-4658-1-schwarz-1-farbe","status":"publish","type":"product","link":"https:\/\/marktxxl.de\/markt\/produkt\/302xl-druckerpatronen-combo-pack-aroil-302-xl-tintenpatronen-remanufactured-fuer-hp-deskjet-3630-3636-envy-4527-4520-4524-4523-officejet-3835-4650-5230-3830-3831-4658-1-schwarz-1-farbe\/","title":{"rendered":"302XL 302 XL Patronen Combo Pack f\u00fcr Druckerpatronen HP 302 f\u00fcr 302 HP Druckerpatronen Remanufactured f\u00fcr HP OfficeJet\u2026"},"content":{"rendered":"<p>Was Sie bekommen: 1 Schwarz und 1 Tri-Color wiederaufbereitete druckerpatronen f\u00fcr 302XL, Zuverl\u00e4ssiger Kundenservice, um alle Ihre Probleme innerhalb von 24 Stunden zu l\u00f6sen.<br \/>\nHohe Kompatibilit\u00e4t mit HP Envy 4520 4522 4523 4524 4525 4527, Deskjet 1110 2130 2132 2134 3630 3634 3636 3639, OfficeJet 3830 3831 3832 3833 3834 3835 4650 4655 4658 5220 5230 5232 Serie Drucker<br \/>\nHigh Page Yeild: Unsere302 XL Tintenpatronen haben eine gr\u00f6\u00dfere Tintenkapazit\u00e4t, um eine l\u00e4ngere Lebensdauer zu gew\u00e4hrleisten. 480 Seiten pro schwarzer tinte patronen, 330 Seiten pro dreifarbige farbe tinte patronen.<br \/>\nBrillante Druckleistung: Liefern Sie nahtlos klaren und gestochen scharfen Text und konsistente und lebendige Farbgrafiken, bieten Sie Genauigkeit und professionelle Druckergebnisse, um alle Ihre Druckanforderungen zu erf\u00fcllen.<br \/>\nZuverl\u00e4ssige Qualit\u00e4t &amp; neuester Chip: Alle Tintenpatronen haben strenge Qualit\u00e4tstests auf Kompatibilit\u00e4t und Leistung bestanden. Dar\u00fcber hinaus sind unsere Tintenpatronen mit neuesten Pr\u00e4zisionschips ausgestattet, um eine effiziente Erkennung und R\u00fcckverfolgbarkeit des Tintenstands zu gew\u00e4hrleisten.<br \/>\n<div class=\"main-cross-sell\" data-asin=\"B0BFQKNHZM\">\n\n\t<div class=\"WooZone-cross-sell-loader\">\n\t\t<div>\n\t\t\t<div id=\"floatingBarsG\">\n\t\t\t\t<div class=\"blockG\" id=\"rotateG_01\"><\/div>\n\t\t\t\t<div class=\"blockG\" id=\"rotateG_02\"><\/div>\n\t\t\t\t<div class=\"blockG\" id=\"rotateG_03\"><\/div>\n\t\t\t\t<div class=\"blockG\" id=\"rotateG_04\"><\/div>\n\t\t\t\t<div class=\"blockG\" id=\"rotateG_05\"><\/div>\n\t\t\t\t<div class=\"blockG\" id=\"rotateG_06\"><\/div>\n\t\t\t\t<div class=\"blockG\" id=\"rotateG_07\"><\/div>\n\t\t\t\t<div class=\"blockG\" id=\"rotateG_08\"><\/div>\n\t\t\t<\/div>\n\t\t\t<div class=\"WooZone-cross-sell-loader-text\"><\/div>\n\t\t<\/div>\n\t<\/div>\n\n\t\t\n<\/div>\n<div style=\"clear:both;\"><\/div><\/p>\n","protected":false},"excerpt":{"rendered":"<p>Was Sie bekommen: 1 Schwarz und 1 Tri-Color wiederaufbereitete druckerpatronen f\u00fcr 302XL, Zuverl\u00e4ssiger Kundenservice, um alle Ihre Probleme innerhalb von 24 Stunden zu l\u00f6sen.<br \/>\nHohe Kompatibilit\u00e4t mit HP Envy 4520 4522 4523 4524 4525 4527, Deskjet 1110 2130 2132 2134 3630 3634 3636 3639, OfficeJet 3830 3831 3832 3833 3834 3835 4650 4655 4658 5220 5230 5232 Serie Drucker<br \/>\nHigh Page Yeild: Unsere302 XL Tintenpatronen haben eine gr\u00f6\u00dfere Tintenkapazit\u00e4t, um eine l\u00e4ngere Lebensdauer zu gew\u00e4hrleisten. 480 Seiten pro schwarzer tinte patronen, 330 Seiten pro dreifarbige farbe tinte patronen.<\/p>\n","protected":false},"featured_media":160034,"comment_status":"open","ping_status":"closed","template":"","meta":[],"product_brand":[],"product_cat":[863],"product_tag":[],"class_list":{"0":"post-160033","1":"product","2":"type-product","3":"status-publish","4":"has-post-thumbnail","6":"product_cat-computer-zubehoer","7":"pa_brand-aroil","8":"pa_color-302xl-druckerpatronen-combo-pack","9":"pa_manufacturer-aroil-patronen-fuer-hp-302xl-302-xl","10":"pa_model-302xl-302-xl","11":"pa_size-302xl-druckerpatronen-combo-pack","12":"pa_warranty-2-year-limited-warranty","14":"first","15":"instock","16":"shipping-taxable","17":"purchasable","18":"product-type-simple","19":"customify-col","20":"product-has-gallery"},"yoast_head":"<!-- This site is optimized with the Yoast SEO plugin v27.4 - https:\/\/yoast.com\/product\/yoast-seo-wordpress\/ -->\n<title>302XL 302 XL Patronen Combo Pack f\u00fcr Druckerpatronen HP 302 f\u00fcr 302 HP Druckerpatronen Remanufactured f\u00fcr HP OfficeJet\u2026 - Markt-XXL<\/title>\n<meta name=\"description\" content=\"Markt-XXL 302XL 302 XL Patronen Combo Pack f\u00fcr Druckerpatronen HP 302 f\u00fcr 302 HP Druckerpatronen Remanufactured f\u00fcr HP OfficeJet\u2026\" \/>\n<meta name=\"robots\" content=\"index, follow, max-snippet:-1, max-image-preview:large, max-video-preview:-1\" \/>\n<link rel=\"canonical\" href=\"https:\/\/marktxxl.de\/markt\/produkt\/302xl-druckerpatronen-combo-pack-aroil-302-xl-tintenpatronen-remanufactured-fuer-hp-deskjet-3630-3636-envy-4527-4520-4524-4523-officejet-3835-4650-5230-3830-3831-4658-1-schwarz-1-farbe\/\" \/>\n<meta property=\"og:locale\" content=\"de_DE\" \/>\n<meta property=\"og:type\" content=\"article\" \/>\n<meta property=\"og:title\" content=\"302XL 302 XL Patronen Combo Pack f\u00fcr Druckerpatronen HP 302 f\u00fcr 302 HP Druckerpatronen Remanufactured f\u00fcr HP OfficeJet\u2026 - Markt-XXL\" \/>\n<meta property=\"og:description\" content=\"Markt-XXL 302XL 302 XL Patronen Combo Pack f\u00fcr Druckerpatronen HP 302 f\u00fcr 302 HP Druckerpatronen Remanufactured f\u00fcr HP OfficeJet\u2026\" \/>\n<meta property=\"og:url\" content=\"https:\/\/marktxxl.de\/markt\/produkt\/302xl-druckerpatronen-combo-pack-aroil-302-xl-tintenpatronen-remanufactured-fuer-hp-deskjet-3630-3636-envy-4527-4520-4524-4523-officejet-3835-4650-5230-3830-3831-4658-1-schwarz-1-farbe\/\" \/>\n<meta property=\"og:site_name\" content=\"Markt-XXL\" \/>\n<meta property=\"article:modified_time\" content=\"2023-04-09T02:23:51+00:00\" \/>\n<meta property=\"og:image\" content=\"https:\/\/m.media-amazon.com\/images\/I\/41PAUcjMACL._SL500_.jpg\" \/>\n\t<meta property=\"og:image:width\" content=\"424\" \/>\n\t<meta property=\"og:image:height\" content=\"500\" \/>\n\t<meta property=\"og:image:type\" content=\"image\/jpeg\" \/>\n<meta name=\"twitter:card\" content=\"summary_large_image\" \/>\n<meta name=\"twitter:label1\" content=\"Gesch\u00e4tzte Lesezeit\" \/>\n\t<meta name=\"twitter:data1\" content=\"1\u00a0Minute\" \/>\n<script type=\"application\/ld+json\" class=\"yoast-schema-graph\">{\"@context\":\"https:\\\/\\\/schema.org\",\"@graph\":[{\"@type\":\"WebPage\",\"@id\":\"https:\\\/\\\/marktxxl.de\\\/markt\\\/produkt\\\/302xl-druckerpatronen-combo-pack-aroil-302-xl-tintenpatronen-remanufactured-fuer-hp-deskjet-3630-3636-envy-4527-4520-4524-4523-officejet-3835-4650-5230-3830-3831-4658-1-schwarz-1-farbe\\\/\",\"url\":\"https:\\\/\\\/marktxxl.de\\\/markt\\\/produkt\\\/302xl-druckerpatronen-combo-pack-aroil-302-xl-tintenpatronen-remanufactured-fuer-hp-deskjet-3630-3636-envy-4527-4520-4524-4523-officejet-3835-4650-5230-3830-3831-4658-1-schwarz-1-farbe\\\/\",\"name\":\"302XL 302 XL Patronen Combo Pack f\u00fcr Druckerpatronen HP 302 f\u00fcr 302 HP Druckerpatronen Remanufactured f\u00fcr HP OfficeJet\u2026 - Markt-XXL\",\"isPartOf\":{\"@id\":\"https:\\\/\\\/marktxxl.de\\\/markt\\\/#website\"},\"primaryImageOfPage\":{\"@id\":\"https:\\\/\\\/marktxxl.de\\\/markt\\\/produkt\\\/302xl-druckerpatronen-combo-pack-aroil-302-xl-tintenpatronen-remanufactured-fuer-hp-deskjet-3630-3636-envy-4527-4520-4524-4523-officejet-3835-4650-5230-3830-3831-4658-1-schwarz-1-farbe\\\/#primaryimage\"},\"image\":{\"@id\":\"https:\\\/\\\/marktxxl.de\\\/markt\\\/produkt\\\/302xl-druckerpatronen-combo-pack-aroil-302-xl-tintenpatronen-remanufactured-fuer-hp-deskjet-3630-3636-envy-4527-4520-4524-4523-officejet-3835-4650-5230-3830-3831-4658-1-schwarz-1-farbe\\\/#primaryimage\"},\"thumbnailUrl\":\"https:\\\/\\\/m.media-amazon.com\\\/images\\\/I\\\/41PAUcjMACL._SL500_.jpg\",\"datePublished\":\"2022-10-12T07:58:40+00:00\",\"dateModified\":\"2023-04-09T02:23:51+00:00\",\"description\":\"Markt-XXL 302XL 302 XL Patronen Combo Pack f\u00fcr Druckerpatronen HP 302 f\u00fcr 302 HP Druckerpatronen Remanufactured f\u00fcr HP OfficeJet\u2026\",\"breadcrumb\":{\"@id\":\"https:\\\/\\\/marktxxl.de\\\/markt\\\/produkt\\\/302xl-druckerpatronen-combo-pack-aroil-302-xl-tintenpatronen-remanufactured-fuer-hp-deskjet-3630-3636-envy-4527-4520-4524-4523-officejet-3835-4650-5230-3830-3831-4658-1-schwarz-1-farbe\\\/#breadcrumb\"},\"inLanguage\":\"de\",\"potentialAction\":[{\"@type\":\"ReadAction\",\"target\":[\"https:\\\/\\\/marktxxl.de\\\/markt\\\/produkt\\\/302xl-druckerpatronen-combo-pack-aroil-302-xl-tintenpatronen-remanufactured-fuer-hp-deskjet-3630-3636-envy-4527-4520-4524-4523-officejet-3835-4650-5230-3830-3831-4658-1-schwarz-1-farbe\\\/\"]}]},{\"@type\":\"ImageObject\",\"inLanguage\":\"de\",\"@id\":\"https:\\\/\\\/marktxxl.de\\\/markt\\\/produkt\\\/302xl-druckerpatronen-combo-pack-aroil-302-xl-tintenpatronen-remanufactured-fuer-hp-deskjet-3630-3636-envy-4527-4520-4524-4523-officejet-3835-4650-5230-3830-3831-4658-1-schwarz-1-farbe\\\/#primaryimage\",\"url\":\"https:\\\/\\\/m.media-amazon.com\\\/images\\\/I\\\/41PAUcjMACL._SL500_.jpg\",\"contentUrl\":\"https:\\\/\\\/m.media-amazon.com\\\/images\\\/I\\\/41PAUcjMACL._SL500_.jpg\",\"width\":424,\"height\":500},{\"@type\":\"BreadcrumbList\",\"@id\":\"https:\\\/\\\/marktxxl.de\\\/markt\\\/produkt\\\/302xl-druckerpatronen-combo-pack-aroil-302-xl-tintenpatronen-remanufactured-fuer-hp-deskjet-3630-3636-envy-4527-4520-4524-4523-officejet-3835-4650-5230-3830-3831-4658-1-schwarz-1-farbe\\\/#breadcrumb\",\"itemListElement\":[{\"@type\":\"ListItem\",\"position\":1,\"name\":\"Startseite\",\"item\":\"https:\\\/\\\/marktxxl.de\\\/markt\\\/\"},{\"@type\":\"ListItem\",\"position\":2,\"name\":\"Markt\",\"item\":\"https:\\\/\\\/marktxxl.de\\\/markt\\\/\"},{\"@type\":\"ListItem\",\"position\":3,\"name\":\"302XL 302 XL Patronen Combo Pack f\u00fcr Druckerpatronen HP 302 f\u00fcr 302 HP Druckerpatronen Remanufactured f\u00fcr HP OfficeJet\u2026\"}]},{\"@type\":\"WebSite\",\"@id\":\"https:\\\/\\\/marktxxl.de\\\/markt\\\/#website\",\"url\":\"https:\\\/\\\/marktxxl.de\\\/markt\\\/\",\"name\":\"Markt-XXL\",\"description\":\"Ihr Markt Online\",\"publisher\":{\"@id\":\"https:\\\/\\\/marktxxl.de\\\/markt\\\/#organization\"},\"potentialAction\":[{\"@type\":\"SearchAction\",\"target\":{\"@type\":\"EntryPoint\",\"urlTemplate\":\"https:\\\/\\\/marktxxl.de\\\/markt\\\/?s={search_term_string}\"},\"query-input\":{\"@type\":\"PropertyValueSpecification\",\"valueRequired\":true,\"valueName\":\"search_term_string\"}}],\"inLanguage\":\"de\"},{\"@type\":\"Organization\",\"@id\":\"https:\\\/\\\/marktxxl.de\\\/markt\\\/#organization\",\"name\":\"Markt-XXL\",\"url\":\"https:\\\/\\\/marktxxl.de\\\/markt\\\/\",\"logo\":{\"@type\":\"ImageObject\",\"inLanguage\":\"de\",\"@id\":\"https:\\\/\\\/marktxxl.de\\\/markt\\\/#\\\/schema\\\/logo\\\/image\\\/\",\"url\":\"https:\\\/\\\/marktxxl.de\\\/markt\\\/wp-content\\\/uploads\\\/sites\\\/3\\\/2020\\\/12\\\/logo.png\",\"contentUrl\":\"https:\\\/\\\/marktxxl.de\\\/markt\\\/wp-content\\\/uploads\\\/sites\\\/3\\\/2020\\\/12\\\/logo.png\",\"width\":200,\"height\":70,\"caption\":\"Markt-XXL\"},\"image\":{\"@id\":\"https:\\\/\\\/marktxxl.de\\\/markt\\\/#\\\/schema\\\/logo\\\/image\\\/\"}}]}<\/script>\n<!-- \/ Yoast SEO plugin. -->","yoast_head_json":{"title":"302XL 302 XL Patronen Combo Pack f\u00fcr Druckerpatronen HP 302 f\u00fcr 302 HP Druckerpatronen Remanufactured f\u00fcr HP OfficeJet\u2026 - Markt-XXL","description":"Markt-XXL 302XL 302 XL Patronen Combo Pack f\u00fcr Druckerpatronen HP 302 f\u00fcr 302 HP Druckerpatronen Remanufactured f\u00fcr HP OfficeJet\u2026","robots":{"index":"index","follow":"follow","max-snippet":"max-snippet:-1","max-image-preview":"max-image-preview:large","max-video-preview":"max-video-preview:-1"},"canonical":"https:\/\/marktxxl.de\/markt\/produkt\/302xl-druckerpatronen-combo-pack-aroil-302-xl-tintenpatronen-remanufactured-fuer-hp-deskjet-3630-3636-envy-4527-4520-4524-4523-officejet-3835-4650-5230-3830-3831-4658-1-schwarz-1-farbe\/","og_locale":"de_DE","og_type":"article","og_title":"302XL 302 XL Patronen Combo Pack f\u00fcr Druckerpatronen HP 302 f\u00fcr 302 HP Druckerpatronen Remanufactured f\u00fcr HP OfficeJet\u2026 - Markt-XXL","og_description":"Markt-XXL 302XL 302 XL Patronen Combo Pack f\u00fcr Druckerpatronen HP 302 f\u00fcr 302 HP Druckerpatronen Remanufactured f\u00fcr HP OfficeJet\u2026","og_url":"https:\/\/marktxxl.de\/markt\/produkt\/302xl-druckerpatronen-combo-pack-aroil-302-xl-tintenpatronen-remanufactured-fuer-hp-deskjet-3630-3636-envy-4527-4520-4524-4523-officejet-3835-4650-5230-3830-3831-4658-1-schwarz-1-farbe\/","og_site_name":"Markt-XXL","article_modified_time":"2023-04-09T02:23:51+00:00","og_image":[{"width":424,"height":500,"url":"https:\/\/m.media-amazon.com\/images\/I\/41PAUcjMACL._SL500_.jpg","type":"image\/jpeg"}],"twitter_card":"summary_large_image","twitter_misc":{"Gesch\u00e4tzte Lesezeit":"1\u00a0Minute"},"schema":{"@context":"https:\/\/schema.org","@graph":[{"@type":"WebPage","@id":"https:\/\/marktxxl.de\/markt\/produkt\/302xl-druckerpatronen-combo-pack-aroil-302-xl-tintenpatronen-remanufactured-fuer-hp-deskjet-3630-3636-envy-4527-4520-4524-4523-officejet-3835-4650-5230-3830-3831-4658-1-schwarz-1-farbe\/","url":"https:\/\/marktxxl.de\/markt\/produkt\/302xl-druckerpatronen-combo-pack-aroil-302-xl-tintenpatronen-remanufactured-fuer-hp-deskjet-3630-3636-envy-4527-4520-4524-4523-officejet-3835-4650-5230-3830-3831-4658-1-schwarz-1-farbe\/","name":"302XL 302 XL Patronen Combo Pack f\u00fcr Druckerpatronen HP 302 f\u00fcr 302 HP Druckerpatronen Remanufactured f\u00fcr HP OfficeJet\u2026 - Markt-XXL","isPartOf":{"@id":"https:\/\/marktxxl.de\/markt\/#website"},"primaryImageOfPage":{"@id":"https:\/\/marktxxl.de\/markt\/produkt\/302xl-druckerpatronen-combo-pack-aroil-302-xl-tintenpatronen-remanufactured-fuer-hp-deskjet-3630-3636-envy-4527-4520-4524-4523-officejet-3835-4650-5230-3830-3831-4658-1-schwarz-1-farbe\/#primaryimage"},"image":{"@id":"https:\/\/marktxxl.de\/markt\/produkt\/302xl-druckerpatronen-combo-pack-aroil-302-xl-tintenpatronen-remanufactured-fuer-hp-deskjet-3630-3636-envy-4527-4520-4524-4523-officejet-3835-4650-5230-3830-3831-4658-1-schwarz-1-farbe\/#primaryimage"},"thumbnailUrl":"https:\/\/m.media-amazon.com\/images\/I\/41PAUcjMACL._SL500_.jpg","datePublished":"2022-10-12T07:58:40+00:00","dateModified":"2023-04-09T02:23:51+00:00","description":"Markt-XXL 302XL 302 XL Patronen Combo Pack f\u00fcr Druckerpatronen HP 302 f\u00fcr 302 HP Druckerpatronen Remanufactured f\u00fcr HP OfficeJet\u2026","breadcrumb":{"@id":"https:\/\/marktxxl.de\/markt\/produkt\/302xl-druckerpatronen-combo-pack-aroil-302-xl-tintenpatronen-remanufactured-fuer-hp-deskjet-3630-3636-envy-4527-4520-4524-4523-officejet-3835-4650-5230-3830-3831-4658-1-schwarz-1-farbe\/#breadcrumb"},"inLanguage":"de","potentialAction":[{"@type":"ReadAction","target":["https:\/\/marktxxl.de\/markt\/produkt\/302xl-druckerpatronen-combo-pack-aroil-302-xl-tintenpatronen-remanufactured-fuer-hp-deskjet-3630-3636-envy-4527-4520-4524-4523-officejet-3835-4650-5230-3830-3831-4658-1-schwarz-1-farbe\/"]}]},{"@type":"ImageObject","inLanguage":"de","@id":"https:\/\/marktxxl.de\/markt\/produkt\/302xl-druckerpatronen-combo-pack-aroil-302-xl-tintenpatronen-remanufactured-fuer-hp-deskjet-3630-3636-envy-4527-4520-4524-4523-officejet-3835-4650-5230-3830-3831-4658-1-schwarz-1-farbe\/#primaryimage","url":"https:\/\/m.media-amazon.com\/images\/I\/41PAUcjMACL._SL500_.jpg","contentUrl":"https:\/\/m.media-amazon.com\/images\/I\/41PAUcjMACL._SL500_.jpg","width":424,"height":500},{"@type":"BreadcrumbList","@id":"https:\/\/marktxxl.de\/markt\/produkt\/302xl-druckerpatronen-combo-pack-aroil-302-xl-tintenpatronen-remanufactured-fuer-hp-deskjet-3630-3636-envy-4527-4520-4524-4523-officejet-3835-4650-5230-3830-3831-4658-1-schwarz-1-farbe\/#breadcrumb","itemListElement":[{"@type":"ListItem","position":1,"name":"Startseite","item":"https:\/\/marktxxl.de\/markt\/"},{"@type":"ListItem","position":2,"name":"Markt","item":"https:\/\/marktxxl.de\/markt\/"},{"@type":"ListItem","position":3,"name":"302XL 302 XL Patronen Combo Pack f\u00fcr Druckerpatronen HP 302 f\u00fcr 302 HP Druckerpatronen Remanufactured f\u00fcr HP OfficeJet\u2026"}]},{"@type":"WebSite","@id":"https:\/\/marktxxl.de\/markt\/#website","url":"https:\/\/marktxxl.de\/markt\/","name":"Markt-XXL","description":"Ihr Markt Online","publisher":{"@id":"https:\/\/marktxxl.de\/markt\/#organization"},"potentialAction":[{"@type":"SearchAction","target":{"@type":"EntryPoint","urlTemplate":"https:\/\/marktxxl.de\/markt\/?s={search_term_string}"},"query-input":{"@type":"PropertyValueSpecification","valueRequired":true,"valueName":"search_term_string"}}],"inLanguage":"de"},{"@type":"Organization","@id":"https:\/\/marktxxl.de\/markt\/#organization","name":"Markt-XXL","url":"https:\/\/marktxxl.de\/markt\/","logo":{"@type":"ImageObject","inLanguage":"de","@id":"https:\/\/marktxxl.de\/markt\/#\/schema\/logo\/image\/","url":"https:\/\/marktxxl.de\/markt\/wp-content\/uploads\/sites\/3\/2020\/12\/logo.png","contentUrl":"https:\/\/marktxxl.de\/markt\/wp-content\/uploads\/sites\/3\/2020\/12\/logo.png","width":200,"height":70,"caption":"Markt-XXL"},"image":{"@id":"https:\/\/marktxxl.de\/markt\/#\/schema\/logo\/image\/"}}]}},"_links":{"self":[{"href":"https:\/\/marktxxl.de\/markt\/wp-json\/wp\/v2\/product\/160033","targetHints":{"allow":["GET"]}}],"collection":[{"href":"https:\/\/marktxxl.de\/markt\/wp-json\/wp\/v2\/product"}],"about":[{"href":"https:\/\/marktxxl.de\/markt\/wp-json\/wp\/v2\/types\/product"}],"replies":[{"embeddable":true,"href":"https:\/\/marktxxl.de\/markt\/wp-json\/wp\/v2\/comments?post=160033"}],"wp:featuredmedia":[{"embeddable":true,"href":"https:\/\/marktxxl.de\/markt\/wp-json\/wp\/v2\/media\/160034"}],"wp:attachment":[{"href":"https:\/\/marktxxl.de\/markt\/wp-json\/wp\/v2\/media?parent=160033"}],"wp:term":[{"taxonomy":"product_brand","embeddable":true,"href":"https:\/\/marktxxl.de\/markt\/wp-json\/wp\/v2\/product_brand?post=160033"},{"taxonomy":"product_cat","embeddable":true,"href":"https:\/\/marktxxl.de\/markt\/wp-json\/wp\/v2\/product_cat?post=160033"},{"taxonomy":"product_tag","embeddable":true,"href":"https:\/\/marktxxl.de\/markt\/wp-json\/wp\/v2\/product_tag?post=160033"}],"curies":[{"name":"wp","href":"https:\/\/api.w.org\/{rel}","templated":true}]}}