{"id":159939,"date":"2022-10-12T09:38:24","date_gmt":"2022-10-12T07:38:24","guid":{"rendered":"https:\/\/marktxxl.de\/markt\/produkt\/schreibtisch-organizer-fuer-papiere-kunstleder-33-x-229-cm\/"},"modified":"2023-04-09T04:23:49","modified_gmt":"2023-04-09T02:23:49","slug":"schreibtisch-organizer-fuer-papiere-kunstleder-33-x-229-cm","status":"publish","type":"product","link":"https:\/\/marktxxl.de\/markt\/produkt\/schreibtisch-organizer-fuer-papiere-kunstleder-33-x-229-cm\/","title":{"rendered":"Schreibtisch-Organizer f\u00fcr Papiere, Kunstleder, 33 x 22,9 cm"},"content":{"rendered":"<p>Papier-Schreibtisch-Organizer: Verstauen Sie Ihre Papiere, Notizb\u00fccher und B\u00fcrobedarf mit diesem eleganten Papier-Organizer-Tablett<br \/>\nVielseitig einsetzbar: Diese Briefablage ist ideal f\u00fcr die Organisation von Briefen, Akten, Zeitschriften, Umschl\u00e4gen, Post, Dokumenten und Zeitschriften<br \/>\nZuverl\u00e4ssige Qualit\u00e4t: Der B\u00fcro-Papier-Organizer ist aus Kunstleder und einer rutschfesten Unterseite, die Ihren Arbeitsplatz sicher hervorhebt, w\u00e4hrend er ordentlich und organisiert h\u00e4lt<br \/>\nBriefgr\u00f6\u00dfe: Unser Schreibtischpapier-Organizer misst ca. 33 x 22,9 x 10,2 cm<br \/>\nLieferumfang: Sie erhalten 1 Briefablage aus schwarzem Kunstleder<br \/>\n<div class=\"main-cross-sell\" data-asin=\"B07K7GYQ9L\">\n\n\t<div class=\"WooZone-cross-sell-loader\">\n\t\t<div>\n\t\t\t<div id=\"floatingBarsG\">\n\t\t\t\t<div class=\"blockG\" id=\"rotateG_01\"><\/div>\n\t\t\t\t<div class=\"blockG\" id=\"rotateG_02\"><\/div>\n\t\t\t\t<div class=\"blockG\" id=\"rotateG_03\"><\/div>\n\t\t\t\t<div class=\"blockG\" id=\"rotateG_04\"><\/div>\n\t\t\t\t<div class=\"blockG\" id=\"rotateG_05\"><\/div>\n\t\t\t\t<div class=\"blockG\" id=\"rotateG_06\"><\/div>\n\t\t\t\t<div class=\"blockG\" id=\"rotateG_07\"><\/div>\n\t\t\t\t<div class=\"blockG\" id=\"rotateG_08\"><\/div>\n\t\t\t<\/div>\n\t\t\t<div class=\"WooZone-cross-sell-loader-text\"><\/div>\n\t\t<\/div>\n\t<\/div>\n\n\t\t\n<\/div>\n<div style=\"clear:both;\"><\/div><\/p>\n","protected":false},"excerpt":{"rendered":"<p>Papier-Schreibtisch-Organizer: Verstauen Sie Ihre Papiere, Notizb\u00fccher und B\u00fcrobedarf mit diesem eleganten Papier-Organizer-Tablett<br \/>\nVielseitig einsetzbar: Diese Briefablage ist ideal f\u00fcr die Organisation von Briefen, Akten, Zeitschriften, Umschl\u00e4gen, Post, Dokumenten und Zeitschriften<br \/>\nZuverl\u00e4ssige Qualit\u00e4t: Der B\u00fcro-Papier-Organizer ist aus Kunstleder und einer rutschfesten Unterseite, die Ihren Arbeitsplatz sicher hervorhebt, w\u00e4hrend er ordentlich und organisiert h\u00e4lt<\/p>\n","protected":false},"featured_media":159940,"comment_status":"open","ping_status":"closed","template":"","meta":[],"product_brand":[],"product_cat":[504,8703],"product_tag":[],"class_list":{"0":"post-159939","1":"product","2":"type-product","3":"status-publish","4":"has-post-thumbnail","6":"product_cat-buerobedarf-schreibwaren","7":"product_cat-umschlaege-versandzubehoer","8":"pa_binding-buerobedarf-schreibwaren","9":"pa_brand-paper-junkie","10":"pa_color-schwarz","11":"pa_height-3-99999999592-zoll","12":"pa_length-12-99999998674-zoll","13":"pa_manufacturer-juvale","14":"pa_width-8-99999999082-zoll","16":"first","17":"instock","18":"shipping-taxable","19":"purchasable","20":"product-type-simple","21":"customify-col","22":"product-has-gallery"},"yoast_head":"<!-- This site is optimized with the Yoast SEO plugin v27.3 - https:\/\/yoast.com\/product\/yoast-seo-wordpress\/ -->\n<title>Schreibtisch-Organizer f\u00fcr Papiere, Kunstleder, 33 x 22,9 cm - Markt-XXL<\/title>\n<meta name=\"description\" content=\"Markt-XXL Schreibtisch-Organizer f\u00fcr Papiere, Kunstleder, 33 x 22,9 cm\" \/>\n<meta name=\"robots\" content=\"index, follow, max-snippet:-1, max-image-preview:large, max-video-preview:-1\" \/>\n<link rel=\"canonical\" href=\"https:\/\/marktxxl.de\/markt\/produkt\/schreibtisch-organizer-fuer-papiere-kunstleder-33-x-229-cm\/\" \/>\n<meta property=\"og:locale\" content=\"de_DE\" \/>\n<meta property=\"og:type\" content=\"article\" \/>\n<meta property=\"og:title\" content=\"Schreibtisch-Organizer f\u00fcr Papiere, Kunstleder, 33 x 22,9 cm - Markt-XXL\" \/>\n<meta property=\"og:description\" content=\"Markt-XXL Schreibtisch-Organizer f\u00fcr Papiere, Kunstleder, 33 x 22,9 cm\" \/>\n<meta property=\"og:url\" content=\"https:\/\/marktxxl.de\/markt\/produkt\/schreibtisch-organizer-fuer-papiere-kunstleder-33-x-229-cm\/\" \/>\n<meta property=\"og:site_name\" content=\"Markt-XXL\" \/>\n<meta property=\"article:modified_time\" content=\"2023-04-09T02:23:49+00:00\" \/>\n<meta property=\"og:image\" content=\"https:\/\/m.media-amazon.com\/images\/I\/31+sxeXiw6S._SL500_.jpg\" \/>\n\t<meta property=\"og:image:width\" content=\"500\" \/>\n\t<meta property=\"og:image:height\" content=\"500\" \/>\n\t<meta property=\"og:image:type\" content=\"image\/jpeg\" \/>\n<meta name=\"twitter:card\" content=\"summary_large_image\" \/>\n<script type=\"application\/ld+json\" class=\"yoast-schema-graph\">{\"@context\":\"https:\\\/\\\/schema.org\",\"@graph\":[{\"@type\":\"WebPage\",\"@id\":\"https:\\\/\\\/marktxxl.de\\\/markt\\\/produkt\\\/schreibtisch-organizer-fuer-papiere-kunstleder-33-x-229-cm\\\/\",\"url\":\"https:\\\/\\\/marktxxl.de\\\/markt\\\/produkt\\\/schreibtisch-organizer-fuer-papiere-kunstleder-33-x-229-cm\\\/\",\"name\":\"Schreibtisch-Organizer f\u00fcr Papiere, Kunstleder, 33 x 22,9 cm - Markt-XXL\",\"isPartOf\":{\"@id\":\"https:\\\/\\\/marktxxl.de\\\/markt\\\/#website\"},\"primaryImageOfPage\":{\"@id\":\"https:\\\/\\\/marktxxl.de\\\/markt\\\/produkt\\\/schreibtisch-organizer-fuer-papiere-kunstleder-33-x-229-cm\\\/#primaryimage\"},\"image\":{\"@id\":\"https:\\\/\\\/marktxxl.de\\\/markt\\\/produkt\\\/schreibtisch-organizer-fuer-papiere-kunstleder-33-x-229-cm\\\/#primaryimage\"},\"thumbnailUrl\":\"https:\\\/\\\/m.media-amazon.com\\\/images\\\/I\\\/31+sxeXiw6S._SL500_.jpg\",\"datePublished\":\"2022-10-12T07:38:24+00:00\",\"dateModified\":\"2023-04-09T02:23:49+00:00\",\"description\":\"Markt-XXL Schreibtisch-Organizer f\u00fcr Papiere, Kunstleder, 33 x 22,9 cm\",\"breadcrumb\":{\"@id\":\"https:\\\/\\\/marktxxl.de\\\/markt\\\/produkt\\\/schreibtisch-organizer-fuer-papiere-kunstleder-33-x-229-cm\\\/#breadcrumb\"},\"inLanguage\":\"de\",\"potentialAction\":[{\"@type\":\"ReadAction\",\"target\":[\"https:\\\/\\\/marktxxl.de\\\/markt\\\/produkt\\\/schreibtisch-organizer-fuer-papiere-kunstleder-33-x-229-cm\\\/\"]}]},{\"@type\":\"ImageObject\",\"inLanguage\":\"de\",\"@id\":\"https:\\\/\\\/marktxxl.de\\\/markt\\\/produkt\\\/schreibtisch-organizer-fuer-papiere-kunstleder-33-x-229-cm\\\/#primaryimage\",\"url\":\"https:\\\/\\\/m.media-amazon.com\\\/images\\\/I\\\/31+sxeXiw6S._SL500_.jpg\",\"contentUrl\":\"https:\\\/\\\/m.media-amazon.com\\\/images\\\/I\\\/31+sxeXiw6S._SL500_.jpg\",\"width\":500,\"height\":500},{\"@type\":\"BreadcrumbList\",\"@id\":\"https:\\\/\\\/marktxxl.de\\\/markt\\\/produkt\\\/schreibtisch-organizer-fuer-papiere-kunstleder-33-x-229-cm\\\/#breadcrumb\",\"itemListElement\":[{\"@type\":\"ListItem\",\"position\":1,\"name\":\"Startseite\",\"item\":\"https:\\\/\\\/marktxxl.de\\\/markt\\\/\"},{\"@type\":\"ListItem\",\"position\":2,\"name\":\"Markt\",\"item\":\"https:\\\/\\\/marktxxl.de\\\/markt\\\/\"},{\"@type\":\"ListItem\",\"position\":3,\"name\":\"Schreibtisch-Organizer f\u00fcr Papiere, Kunstleder, 33 x 22,9 cm\"}]},{\"@type\":\"WebSite\",\"@id\":\"https:\\\/\\\/marktxxl.de\\\/markt\\\/#website\",\"url\":\"https:\\\/\\\/marktxxl.de\\\/markt\\\/\",\"name\":\"Markt-XXL\",\"description\":\"Ihr Markt Online\",\"publisher\":{\"@id\":\"https:\\\/\\\/marktxxl.de\\\/markt\\\/#organization\"},\"potentialAction\":[{\"@type\":\"SearchAction\",\"target\":{\"@type\":\"EntryPoint\",\"urlTemplate\":\"https:\\\/\\\/marktxxl.de\\\/markt\\\/?s={search_term_string}\"},\"query-input\":{\"@type\":\"PropertyValueSpecification\",\"valueRequired\":true,\"valueName\":\"search_term_string\"}}],\"inLanguage\":\"de\"},{\"@type\":\"Organization\",\"@id\":\"https:\\\/\\\/marktxxl.de\\\/markt\\\/#organization\",\"name\":\"Markt-XXL\",\"url\":\"https:\\\/\\\/marktxxl.de\\\/markt\\\/\",\"logo\":{\"@type\":\"ImageObject\",\"inLanguage\":\"de\",\"@id\":\"https:\\\/\\\/marktxxl.de\\\/markt\\\/#\\\/schema\\\/logo\\\/image\\\/\",\"url\":\"https:\\\/\\\/marktxxl.de\\\/markt\\\/wp-content\\\/uploads\\\/sites\\\/3\\\/2020\\\/12\\\/logo.png\",\"contentUrl\":\"https:\\\/\\\/marktxxl.de\\\/markt\\\/wp-content\\\/uploads\\\/sites\\\/3\\\/2020\\\/12\\\/logo.png\",\"width\":200,\"height\":70,\"caption\":\"Markt-XXL\"},\"image\":{\"@id\":\"https:\\\/\\\/marktxxl.de\\\/markt\\\/#\\\/schema\\\/logo\\\/image\\\/\"}}]}<\/script>\n<!-- \/ Yoast SEO plugin. -->","yoast_head_json":{"title":"Schreibtisch-Organizer f\u00fcr Papiere, Kunstleder, 33 x 22,9 cm - Markt-XXL","description":"Markt-XXL Schreibtisch-Organizer f\u00fcr Papiere, Kunstleder, 33 x 22,9 cm","robots":{"index":"index","follow":"follow","max-snippet":"max-snippet:-1","max-image-preview":"max-image-preview:large","max-video-preview":"max-video-preview:-1"},"canonical":"https:\/\/marktxxl.de\/markt\/produkt\/schreibtisch-organizer-fuer-papiere-kunstleder-33-x-229-cm\/","og_locale":"de_DE","og_type":"article","og_title":"Schreibtisch-Organizer f\u00fcr Papiere, Kunstleder, 33 x 22,9 cm - Markt-XXL","og_description":"Markt-XXL Schreibtisch-Organizer f\u00fcr Papiere, Kunstleder, 33 x 22,9 cm","og_url":"https:\/\/marktxxl.de\/markt\/produkt\/schreibtisch-organizer-fuer-papiere-kunstleder-33-x-229-cm\/","og_site_name":"Markt-XXL","article_modified_time":"2023-04-09T02:23:49+00:00","og_image":[{"width":500,"height":500,"url":"https:\/\/m.media-amazon.com\/images\/I\/31+sxeXiw6S._SL500_.jpg","type":"image\/jpeg"}],"twitter_card":"summary_large_image","schema":{"@context":"https:\/\/schema.org","@graph":[{"@type":"WebPage","@id":"https:\/\/marktxxl.de\/markt\/produkt\/schreibtisch-organizer-fuer-papiere-kunstleder-33-x-229-cm\/","url":"https:\/\/marktxxl.de\/markt\/produkt\/schreibtisch-organizer-fuer-papiere-kunstleder-33-x-229-cm\/","name":"Schreibtisch-Organizer f\u00fcr Papiere, Kunstleder, 33 x 22,9 cm - Markt-XXL","isPartOf":{"@id":"https:\/\/marktxxl.de\/markt\/#website"},"primaryImageOfPage":{"@id":"https:\/\/marktxxl.de\/markt\/produkt\/schreibtisch-organizer-fuer-papiere-kunstleder-33-x-229-cm\/#primaryimage"},"image":{"@id":"https:\/\/marktxxl.de\/markt\/produkt\/schreibtisch-organizer-fuer-papiere-kunstleder-33-x-229-cm\/#primaryimage"},"thumbnailUrl":"https:\/\/m.media-amazon.com\/images\/I\/31+sxeXiw6S._SL500_.jpg","datePublished":"2022-10-12T07:38:24+00:00","dateModified":"2023-04-09T02:23:49+00:00","description":"Markt-XXL Schreibtisch-Organizer f\u00fcr Papiere, Kunstleder, 33 x 22,9 cm","breadcrumb":{"@id":"https:\/\/marktxxl.de\/markt\/produkt\/schreibtisch-organizer-fuer-papiere-kunstleder-33-x-229-cm\/#breadcrumb"},"inLanguage":"de","potentialAction":[{"@type":"ReadAction","target":["https:\/\/marktxxl.de\/markt\/produkt\/schreibtisch-organizer-fuer-papiere-kunstleder-33-x-229-cm\/"]}]},{"@type":"ImageObject","inLanguage":"de","@id":"https:\/\/marktxxl.de\/markt\/produkt\/schreibtisch-organizer-fuer-papiere-kunstleder-33-x-229-cm\/#primaryimage","url":"https:\/\/m.media-amazon.com\/images\/I\/31+sxeXiw6S._SL500_.jpg","contentUrl":"https:\/\/m.media-amazon.com\/images\/I\/31+sxeXiw6S._SL500_.jpg","width":500,"height":500},{"@type":"BreadcrumbList","@id":"https:\/\/marktxxl.de\/markt\/produkt\/schreibtisch-organizer-fuer-papiere-kunstleder-33-x-229-cm\/#breadcrumb","itemListElement":[{"@type":"ListItem","position":1,"name":"Startseite","item":"https:\/\/marktxxl.de\/markt\/"},{"@type":"ListItem","position":2,"name":"Markt","item":"https:\/\/marktxxl.de\/markt\/"},{"@type":"ListItem","position":3,"name":"Schreibtisch-Organizer f\u00fcr Papiere, Kunstleder, 33 x 22,9 cm"}]},{"@type":"WebSite","@id":"https:\/\/marktxxl.de\/markt\/#website","url":"https:\/\/marktxxl.de\/markt\/","name":"Markt-XXL","description":"Ihr Markt Online","publisher":{"@id":"https:\/\/marktxxl.de\/markt\/#organization"},"potentialAction":[{"@type":"SearchAction","target":{"@type":"EntryPoint","urlTemplate":"https:\/\/marktxxl.de\/markt\/?s={search_term_string}"},"query-input":{"@type":"PropertyValueSpecification","valueRequired":true,"valueName":"search_term_string"}}],"inLanguage":"de"},{"@type":"Organization","@id":"https:\/\/marktxxl.de\/markt\/#organization","name":"Markt-XXL","url":"https:\/\/marktxxl.de\/markt\/","logo":{"@type":"ImageObject","inLanguage":"de","@id":"https:\/\/marktxxl.de\/markt\/#\/schema\/logo\/image\/","url":"https:\/\/marktxxl.de\/markt\/wp-content\/uploads\/sites\/3\/2020\/12\/logo.png","contentUrl":"https:\/\/marktxxl.de\/markt\/wp-content\/uploads\/sites\/3\/2020\/12\/logo.png","width":200,"height":70,"caption":"Markt-XXL"},"image":{"@id":"https:\/\/marktxxl.de\/markt\/#\/schema\/logo\/image\/"}}]}},"_links":{"self":[{"href":"https:\/\/marktxxl.de\/markt\/wp-json\/wp\/v2\/product\/159939","targetHints":{"allow":["GET"]}}],"collection":[{"href":"https:\/\/marktxxl.de\/markt\/wp-json\/wp\/v2\/product"}],"about":[{"href":"https:\/\/marktxxl.de\/markt\/wp-json\/wp\/v2\/types\/product"}],"replies":[{"embeddable":true,"href":"https:\/\/marktxxl.de\/markt\/wp-json\/wp\/v2\/comments?post=159939"}],"wp:featuredmedia":[{"embeddable":true,"href":"https:\/\/marktxxl.de\/markt\/wp-json\/wp\/v2\/media\/159940"}],"wp:attachment":[{"href":"https:\/\/marktxxl.de\/markt\/wp-json\/wp\/v2\/media?parent=159939"}],"wp:term":[{"taxonomy":"product_brand","embeddable":true,"href":"https:\/\/marktxxl.de\/markt\/wp-json\/wp\/v2\/product_brand?post=159939"},{"taxonomy":"product_cat","embeddable":true,"href":"https:\/\/marktxxl.de\/markt\/wp-json\/wp\/v2\/product_cat?post=159939"},{"taxonomy":"product_tag","embeddable":true,"href":"https:\/\/marktxxl.de\/markt\/wp-json\/wp\/v2\/product_tag?post=159939"}],"curies":[{"name":"wp","href":"https:\/\/api.w.org\/{rel}","templated":true}]}}