{"id":159901,"date":"2022-10-12T09:37:32","date_gmt":"2022-10-12T07:37:32","guid":{"rendered":"https:\/\/marktxxl.de\/markt\/produkt\/kinderrucksaecke-kindergarten-rucksack-in-perfekter-groesse-schulrucksack-fuer-maedchen-und-jungen-wasserabweisend-leicht-zu-reinigen-vorschulbuechertasche-fuer-kinder\/"},"modified":"2023-04-09T04:23:48","modified_gmt":"2023-04-09T02:23:48","slug":"kinderrucksaecke-kindergarten-rucksack-in-perfekter-groesse-schulrucksack-fuer-maedchen-und-jungen-wasserabweisend-leicht-zu-reinigen-vorschulbuechertasche-fuer-kinder","status":"publish","type":"product","link":"https:\/\/marktxxl.de\/markt\/produkt\/kinderrucksaecke-kindergarten-rucksack-in-perfekter-groesse-schulrucksack-fuer-maedchen-und-jungen-wasserabweisend-leicht-zu-reinigen-vorschulbuechertasche-fuer-kinder\/","title":{"rendered":"Kinderrucksack f\u00fcr Jungen, Grundschultasche, 40,6 cm, multifunktional, niedlich, gro\u00dfes Fassungsverm\u00f6gen, Dunkelblau"},"content":{"rendered":"<p>Gro\u00df genug f\u00fcr einen Kinderg\u00e4rtner: Wenn Sie ein f\u00fcnfj\u00e4hriges Kind haben und einen neuen Schulrucksack brauchen. Ich glaube, er braucht etwas Gr\u00f6\u00dferes als der (sehr s\u00fc\u00dfe, aber zu kleine) Skip Hop Rucksack, also geben Sie ihm dieses. Es kann sein Mittagessen, Handtuch und Wechselkleidung (f\u00fcr Camp) passen. Es kann auch einen Ordner und ein Notizbuch f\u00fcr die Schule passen. Der Rucksack ist langlebig, und die Rei\u00dfverschl\u00fcsse funktionieren perfekt. Das Design ist auch niedlich. Sie werden beide wirklich gl\u00fccklich damit sein.<br \/>\nGro\u00dfz\u00fcgig dimensioniert, bequem und wasserdicht: Der Stoff ist wasserdicht wie angegeben, wenn Ihr Sohn im Regen erwischt wird und alles innen trocken bleibt. Die Schultergurte sind bequem und das Design ist sch\u00f6n und hell.<br \/>\nSuper niedliches Design: Die Muster sind super lebendig und niedlich, gute Haltbarkeit, w\u00fcrden definitiv empfehlen. Die Gr\u00f6\u00dfe ist auch perfekt f\u00fcr einen Ordner in voller Gr\u00f6\u00dfe.<br \/>\nGut gemacht: Es ist robust und scheint gut verarbeitet zu sein. Es ist super s\u00fc\u00df und jeder wird auf diesem neuen Rucksack erg\u00e4nzt. Tolle Farbe und hochwertige Qualit\u00e4t. Gute Gr\u00f6\u00dfe f\u00fcr Kinder ab 4 Jahren. Bietet Platz f\u00fcr viele Dinge. Super s\u00fc\u00dfes Design. Mit Seitentaschen f\u00fcr Getr\u00e4nke, die ein Muss f\u00fcr hei\u00dfe Sommer sind.<br \/>\nPERFEKTE GR\u00d6SSE RUCKSACK F\u00dcR KLEINER &amp; VORSCHOOLLEN: Dieser Rucksack passt zu einem zus\u00e4tzlichen Wechsel von Kleidung, Feuchtt\u00fcchern, plus ein Paar Schuhe. Die Seitentaschen passen auf seine Trinkflasche genau richtig.<br \/>\n<div class=\"main-cross-sell\" data-asin=\"B08P2KJG7Q\">\n\n\t<div class=\"WooZone-cross-sell-loader\">\n\t\t<div>\n\t\t\t<div id=\"floatingBarsG\">\n\t\t\t\t<div class=\"blockG\" id=\"rotateG_01\"><\/div>\n\t\t\t\t<div class=\"blockG\" id=\"rotateG_02\"><\/div>\n\t\t\t\t<div class=\"blockG\" id=\"rotateG_03\"><\/div>\n\t\t\t\t<div class=\"blockG\" id=\"rotateG_04\"><\/div>\n\t\t\t\t<div class=\"blockG\" id=\"rotateG_05\"><\/div>\n\t\t\t\t<div class=\"blockG\" id=\"rotateG_06\"><\/div>\n\t\t\t\t<div class=\"blockG\" id=\"rotateG_07\"><\/div>\n\t\t\t\t<div class=\"blockG\" id=\"rotateG_08\"><\/div>\n\t\t\t<\/div>\n\t\t\t<div class=\"WooZone-cross-sell-loader-text\"><\/div>\n\t\t<\/div>\n\t<\/div>\n\n\t\t\n<\/div>\n<div style=\"clear:both;\"><\/div><\/p>\n","protected":false},"excerpt":{"rendered":"<p>Gro\u00df genug f\u00fcr einen Kinderg\u00e4rtner: Wenn Sie ein f\u00fcnfj\u00e4hriges Kind haben und einen neuen Schulrucksack brauchen. Ich glaube, er braucht etwas Gr\u00f6\u00dferes als der (sehr s\u00fc\u00dfe, aber zu kleine) Skip Hop Rucksack, also geben Sie ihm dieses. Es kann sein Mittagessen, Handtuch und Wechselkleidung (f\u00fcr Camp) passen. Es kann auch einen Ordner und ein Notizbuch f\u00fcr die Schule passen. Der Rucksack ist langlebig, und die Rei\u00dfverschl\u00fcsse funktionieren perfekt. Das Design ist auch niedlich. Sie werden beide wirklich gl\u00fccklich damit sein.<br \/>\nGro\u00dfz\u00fcgig dimensioniert, bequem und wasserdicht: Der Stoff ist wasserdicht wie angegeben, wenn Ihr Sohn im Regen erwischt wird und alles innen trocken bleibt. Die Schultergurte sind bequem und das Design ist sch\u00f6n und hell.<br \/>\nSuper niedliches Design: Die Muster sind super lebendig und niedlich, gute Haltbarkeit, w\u00fcrden definitiv empfehlen. Die Gr\u00f6\u00dfe ist auch perfekt f\u00fcr einen Ordner in voller Gr\u00f6\u00dfe.<\/p>\n","protected":false},"featured_media":159902,"comment_status":"open","ping_status":"closed","template":"","meta":[],"product_brand":[],"product_cat":[504,8631],"product_tag":[],"class_list":{"0":"post-159901","1":"product","2":"type-product","3":"status-publish","4":"has-post-thumbnail","6":"product_cat-buerobedarf-schreibwaren","7":"product_cat-schul-unibedarf","8":"pa_brand-tbrand","9":"pa_color-violett","11":"first","12":"instock","13":"shipping-taxable","14":"purchasable","15":"product-type-simple","16":"customify-col","17":"product-has-gallery"},"yoast_head":"<!-- This site is optimized with the Yoast SEO plugin v27.4 - https:\/\/yoast.com\/product\/yoast-seo-wordpress\/ -->\n<title>Kinderrucksack f\u00fcr Jungen, Grundschultasche, 40,6 cm, multifunktional, niedlich, gro\u00dfes Fassungsverm\u00f6gen, Dunkelblau - Markt-XXL<\/title>\n<meta name=\"description\" content=\"Markt-XXL Kinderrucksack f\u00fcr Jungen, Grundschultasche, 40,6 cm, multifunktional, niedlich, gro\u00dfes Fassungsverm\u00f6gen, Dunkelblau\" \/>\n<meta name=\"robots\" content=\"index, follow, max-snippet:-1, max-image-preview:large, max-video-preview:-1\" \/>\n<link rel=\"canonical\" href=\"https:\/\/marktxxl.de\/markt\/produkt\/kinderrucksaecke-kindergarten-rucksack-in-perfekter-groesse-schulrucksack-fuer-maedchen-und-jungen-wasserabweisend-leicht-zu-reinigen-vorschulbuechertasche-fuer-kinder\/\" \/>\n<meta property=\"og:locale\" content=\"de_DE\" \/>\n<meta property=\"og:type\" content=\"article\" \/>\n<meta property=\"og:title\" content=\"Kinderrucksack f\u00fcr Jungen, Grundschultasche, 40,6 cm, multifunktional, niedlich, gro\u00dfes Fassungsverm\u00f6gen, Dunkelblau - Markt-XXL\" \/>\n<meta property=\"og:description\" content=\"Markt-XXL Kinderrucksack f\u00fcr Jungen, Grundschultasche, 40,6 cm, multifunktional, niedlich, gro\u00dfes Fassungsverm\u00f6gen, Dunkelblau\" \/>\n<meta property=\"og:url\" content=\"https:\/\/marktxxl.de\/markt\/produkt\/kinderrucksaecke-kindergarten-rucksack-in-perfekter-groesse-schulrucksack-fuer-maedchen-und-jungen-wasserabweisend-leicht-zu-reinigen-vorschulbuechertasche-fuer-kinder\/\" \/>\n<meta property=\"og:site_name\" content=\"Markt-XXL\" \/>\n<meta property=\"article:modified_time\" content=\"2023-04-09T02:23:48+00:00\" \/>\n<meta property=\"og:image\" content=\"https:\/\/m.media-amazon.com\/images\/I\/5135HSnQyES._SL500_.jpg\" \/>\n\t<meta property=\"og:image:width\" content=\"496\" \/>\n\t<meta property=\"og:image:height\" content=\"500\" \/>\n\t<meta property=\"og:image:type\" content=\"image\/jpeg\" \/>\n<meta name=\"twitter:card\" content=\"summary_large_image\" \/>\n<meta name=\"twitter:label1\" content=\"Gesch\u00e4tzte Lesezeit\" \/>\n\t<meta name=\"twitter:data1\" content=\"1\u00a0Minute\" \/>\n<script type=\"application\/ld+json\" class=\"yoast-schema-graph\">{\"@context\":\"https:\\\/\\\/schema.org\",\"@graph\":[{\"@type\":\"WebPage\",\"@id\":\"https:\\\/\\\/marktxxl.de\\\/markt\\\/produkt\\\/kinderrucksaecke-kindergarten-rucksack-in-perfekter-groesse-schulrucksack-fuer-maedchen-und-jungen-wasserabweisend-leicht-zu-reinigen-vorschulbuechertasche-fuer-kinder\\\/\",\"url\":\"https:\\\/\\\/marktxxl.de\\\/markt\\\/produkt\\\/kinderrucksaecke-kindergarten-rucksack-in-perfekter-groesse-schulrucksack-fuer-maedchen-und-jungen-wasserabweisend-leicht-zu-reinigen-vorschulbuechertasche-fuer-kinder\\\/\",\"name\":\"Kinderrucksack f\u00fcr Jungen, Grundschultasche, 40,6 cm, multifunktional, niedlich, gro\u00dfes Fassungsverm\u00f6gen, Dunkelblau - Markt-XXL\",\"isPartOf\":{\"@id\":\"https:\\\/\\\/marktxxl.de\\\/markt\\\/#website\"},\"primaryImageOfPage\":{\"@id\":\"https:\\\/\\\/marktxxl.de\\\/markt\\\/produkt\\\/kinderrucksaecke-kindergarten-rucksack-in-perfekter-groesse-schulrucksack-fuer-maedchen-und-jungen-wasserabweisend-leicht-zu-reinigen-vorschulbuechertasche-fuer-kinder\\\/#primaryimage\"},\"image\":{\"@id\":\"https:\\\/\\\/marktxxl.de\\\/markt\\\/produkt\\\/kinderrucksaecke-kindergarten-rucksack-in-perfekter-groesse-schulrucksack-fuer-maedchen-und-jungen-wasserabweisend-leicht-zu-reinigen-vorschulbuechertasche-fuer-kinder\\\/#primaryimage\"},\"thumbnailUrl\":\"https:\\\/\\\/m.media-amazon.com\\\/images\\\/I\\\/5135HSnQyES._SL500_.jpg\",\"datePublished\":\"2022-10-12T07:37:32+00:00\",\"dateModified\":\"2023-04-09T02:23:48+00:00\",\"description\":\"Markt-XXL Kinderrucksack f\u00fcr Jungen, Grundschultasche, 40,6 cm, multifunktional, niedlich, gro\u00dfes Fassungsverm\u00f6gen, Dunkelblau\",\"breadcrumb\":{\"@id\":\"https:\\\/\\\/marktxxl.de\\\/markt\\\/produkt\\\/kinderrucksaecke-kindergarten-rucksack-in-perfekter-groesse-schulrucksack-fuer-maedchen-und-jungen-wasserabweisend-leicht-zu-reinigen-vorschulbuechertasche-fuer-kinder\\\/#breadcrumb\"},\"inLanguage\":\"de\",\"potentialAction\":[{\"@type\":\"ReadAction\",\"target\":[\"https:\\\/\\\/marktxxl.de\\\/markt\\\/produkt\\\/kinderrucksaecke-kindergarten-rucksack-in-perfekter-groesse-schulrucksack-fuer-maedchen-und-jungen-wasserabweisend-leicht-zu-reinigen-vorschulbuechertasche-fuer-kinder\\\/\"]}]},{\"@type\":\"ImageObject\",\"inLanguage\":\"de\",\"@id\":\"https:\\\/\\\/marktxxl.de\\\/markt\\\/produkt\\\/kinderrucksaecke-kindergarten-rucksack-in-perfekter-groesse-schulrucksack-fuer-maedchen-und-jungen-wasserabweisend-leicht-zu-reinigen-vorschulbuechertasche-fuer-kinder\\\/#primaryimage\",\"url\":\"https:\\\/\\\/m.media-amazon.com\\\/images\\\/I\\\/5135HSnQyES._SL500_.jpg\",\"contentUrl\":\"https:\\\/\\\/m.media-amazon.com\\\/images\\\/I\\\/5135HSnQyES._SL500_.jpg\",\"width\":496,\"height\":500},{\"@type\":\"BreadcrumbList\",\"@id\":\"https:\\\/\\\/marktxxl.de\\\/markt\\\/produkt\\\/kinderrucksaecke-kindergarten-rucksack-in-perfekter-groesse-schulrucksack-fuer-maedchen-und-jungen-wasserabweisend-leicht-zu-reinigen-vorschulbuechertasche-fuer-kinder\\\/#breadcrumb\",\"itemListElement\":[{\"@type\":\"ListItem\",\"position\":1,\"name\":\"Startseite\",\"item\":\"https:\\\/\\\/marktxxl.de\\\/markt\\\/\"},{\"@type\":\"ListItem\",\"position\":2,\"name\":\"Markt\",\"item\":\"https:\\\/\\\/marktxxl.de\\\/markt\\\/\"},{\"@type\":\"ListItem\",\"position\":3,\"name\":\"Kinderrucksack f\u00fcr Jungen, Grundschultasche, 40,6 cm, multifunktional, niedlich, gro\u00dfes Fassungsverm\u00f6gen, Dunkelblau\"}]},{\"@type\":\"WebSite\",\"@id\":\"https:\\\/\\\/marktxxl.de\\\/markt\\\/#website\",\"url\":\"https:\\\/\\\/marktxxl.de\\\/markt\\\/\",\"name\":\"Markt-XXL\",\"description\":\"Ihr Markt Online\",\"publisher\":{\"@id\":\"https:\\\/\\\/marktxxl.de\\\/markt\\\/#organization\"},\"potentialAction\":[{\"@type\":\"SearchAction\",\"target\":{\"@type\":\"EntryPoint\",\"urlTemplate\":\"https:\\\/\\\/marktxxl.de\\\/markt\\\/?s={search_term_string}\"},\"query-input\":{\"@type\":\"PropertyValueSpecification\",\"valueRequired\":true,\"valueName\":\"search_term_string\"}}],\"inLanguage\":\"de\"},{\"@type\":\"Organization\",\"@id\":\"https:\\\/\\\/marktxxl.de\\\/markt\\\/#organization\",\"name\":\"Markt-XXL\",\"url\":\"https:\\\/\\\/marktxxl.de\\\/markt\\\/\",\"logo\":{\"@type\":\"ImageObject\",\"inLanguage\":\"de\",\"@id\":\"https:\\\/\\\/marktxxl.de\\\/markt\\\/#\\\/schema\\\/logo\\\/image\\\/\",\"url\":\"https:\\\/\\\/marktxxl.de\\\/markt\\\/wp-content\\\/uploads\\\/sites\\\/3\\\/2020\\\/12\\\/logo.png\",\"contentUrl\":\"https:\\\/\\\/marktxxl.de\\\/markt\\\/wp-content\\\/uploads\\\/sites\\\/3\\\/2020\\\/12\\\/logo.png\",\"width\":200,\"height\":70,\"caption\":\"Markt-XXL\"},\"image\":{\"@id\":\"https:\\\/\\\/marktxxl.de\\\/markt\\\/#\\\/schema\\\/logo\\\/image\\\/\"}}]}<\/script>\n<!-- \/ Yoast SEO plugin. -->","yoast_head_json":{"title":"Kinderrucksack f\u00fcr Jungen, Grundschultasche, 40,6 cm, multifunktional, niedlich, gro\u00dfes Fassungsverm\u00f6gen, Dunkelblau - Markt-XXL","description":"Markt-XXL Kinderrucksack f\u00fcr Jungen, Grundschultasche, 40,6 cm, multifunktional, niedlich, gro\u00dfes Fassungsverm\u00f6gen, Dunkelblau","robots":{"index":"index","follow":"follow","max-snippet":"max-snippet:-1","max-image-preview":"max-image-preview:large","max-video-preview":"max-video-preview:-1"},"canonical":"https:\/\/marktxxl.de\/markt\/produkt\/kinderrucksaecke-kindergarten-rucksack-in-perfekter-groesse-schulrucksack-fuer-maedchen-und-jungen-wasserabweisend-leicht-zu-reinigen-vorschulbuechertasche-fuer-kinder\/","og_locale":"de_DE","og_type":"article","og_title":"Kinderrucksack f\u00fcr Jungen, Grundschultasche, 40,6 cm, multifunktional, niedlich, gro\u00dfes Fassungsverm\u00f6gen, Dunkelblau - Markt-XXL","og_description":"Markt-XXL Kinderrucksack f\u00fcr Jungen, Grundschultasche, 40,6 cm, multifunktional, niedlich, gro\u00dfes Fassungsverm\u00f6gen, Dunkelblau","og_url":"https:\/\/marktxxl.de\/markt\/produkt\/kinderrucksaecke-kindergarten-rucksack-in-perfekter-groesse-schulrucksack-fuer-maedchen-und-jungen-wasserabweisend-leicht-zu-reinigen-vorschulbuechertasche-fuer-kinder\/","og_site_name":"Markt-XXL","article_modified_time":"2023-04-09T02:23:48+00:00","og_image":[{"width":496,"height":500,"url":"https:\/\/m.media-amazon.com\/images\/I\/5135HSnQyES._SL500_.jpg","type":"image\/jpeg"}],"twitter_card":"summary_large_image","twitter_misc":{"Gesch\u00e4tzte Lesezeit":"1\u00a0Minute"},"schema":{"@context":"https:\/\/schema.org","@graph":[{"@type":"WebPage","@id":"https:\/\/marktxxl.de\/markt\/produkt\/kinderrucksaecke-kindergarten-rucksack-in-perfekter-groesse-schulrucksack-fuer-maedchen-und-jungen-wasserabweisend-leicht-zu-reinigen-vorschulbuechertasche-fuer-kinder\/","url":"https:\/\/marktxxl.de\/markt\/produkt\/kinderrucksaecke-kindergarten-rucksack-in-perfekter-groesse-schulrucksack-fuer-maedchen-und-jungen-wasserabweisend-leicht-zu-reinigen-vorschulbuechertasche-fuer-kinder\/","name":"Kinderrucksack f\u00fcr Jungen, Grundschultasche, 40,6 cm, multifunktional, niedlich, gro\u00dfes Fassungsverm\u00f6gen, Dunkelblau - Markt-XXL","isPartOf":{"@id":"https:\/\/marktxxl.de\/markt\/#website"},"primaryImageOfPage":{"@id":"https:\/\/marktxxl.de\/markt\/produkt\/kinderrucksaecke-kindergarten-rucksack-in-perfekter-groesse-schulrucksack-fuer-maedchen-und-jungen-wasserabweisend-leicht-zu-reinigen-vorschulbuechertasche-fuer-kinder\/#primaryimage"},"image":{"@id":"https:\/\/marktxxl.de\/markt\/produkt\/kinderrucksaecke-kindergarten-rucksack-in-perfekter-groesse-schulrucksack-fuer-maedchen-und-jungen-wasserabweisend-leicht-zu-reinigen-vorschulbuechertasche-fuer-kinder\/#primaryimage"},"thumbnailUrl":"https:\/\/m.media-amazon.com\/images\/I\/5135HSnQyES._SL500_.jpg","datePublished":"2022-10-12T07:37:32+00:00","dateModified":"2023-04-09T02:23:48+00:00","description":"Markt-XXL Kinderrucksack f\u00fcr Jungen, Grundschultasche, 40,6 cm, multifunktional, niedlich, gro\u00dfes Fassungsverm\u00f6gen, Dunkelblau","breadcrumb":{"@id":"https:\/\/marktxxl.de\/markt\/produkt\/kinderrucksaecke-kindergarten-rucksack-in-perfekter-groesse-schulrucksack-fuer-maedchen-und-jungen-wasserabweisend-leicht-zu-reinigen-vorschulbuechertasche-fuer-kinder\/#breadcrumb"},"inLanguage":"de","potentialAction":[{"@type":"ReadAction","target":["https:\/\/marktxxl.de\/markt\/produkt\/kinderrucksaecke-kindergarten-rucksack-in-perfekter-groesse-schulrucksack-fuer-maedchen-und-jungen-wasserabweisend-leicht-zu-reinigen-vorschulbuechertasche-fuer-kinder\/"]}]},{"@type":"ImageObject","inLanguage":"de","@id":"https:\/\/marktxxl.de\/markt\/produkt\/kinderrucksaecke-kindergarten-rucksack-in-perfekter-groesse-schulrucksack-fuer-maedchen-und-jungen-wasserabweisend-leicht-zu-reinigen-vorschulbuechertasche-fuer-kinder\/#primaryimage","url":"https:\/\/m.media-amazon.com\/images\/I\/5135HSnQyES._SL500_.jpg","contentUrl":"https:\/\/m.media-amazon.com\/images\/I\/5135HSnQyES._SL500_.jpg","width":496,"height":500},{"@type":"BreadcrumbList","@id":"https:\/\/marktxxl.de\/markt\/produkt\/kinderrucksaecke-kindergarten-rucksack-in-perfekter-groesse-schulrucksack-fuer-maedchen-und-jungen-wasserabweisend-leicht-zu-reinigen-vorschulbuechertasche-fuer-kinder\/#breadcrumb","itemListElement":[{"@type":"ListItem","position":1,"name":"Startseite","item":"https:\/\/marktxxl.de\/markt\/"},{"@type":"ListItem","position":2,"name":"Markt","item":"https:\/\/marktxxl.de\/markt\/"},{"@type":"ListItem","position":3,"name":"Kinderrucksack f\u00fcr Jungen, Grundschultasche, 40,6 cm, multifunktional, niedlich, gro\u00dfes Fassungsverm\u00f6gen, Dunkelblau"}]},{"@type":"WebSite","@id":"https:\/\/marktxxl.de\/markt\/#website","url":"https:\/\/marktxxl.de\/markt\/","name":"Markt-XXL","description":"Ihr Markt Online","publisher":{"@id":"https:\/\/marktxxl.de\/markt\/#organization"},"potentialAction":[{"@type":"SearchAction","target":{"@type":"EntryPoint","urlTemplate":"https:\/\/marktxxl.de\/markt\/?s={search_term_string}"},"query-input":{"@type":"PropertyValueSpecification","valueRequired":true,"valueName":"search_term_string"}}],"inLanguage":"de"},{"@type":"Organization","@id":"https:\/\/marktxxl.de\/markt\/#organization","name":"Markt-XXL","url":"https:\/\/marktxxl.de\/markt\/","logo":{"@type":"ImageObject","inLanguage":"de","@id":"https:\/\/marktxxl.de\/markt\/#\/schema\/logo\/image\/","url":"https:\/\/marktxxl.de\/markt\/wp-content\/uploads\/sites\/3\/2020\/12\/logo.png","contentUrl":"https:\/\/marktxxl.de\/markt\/wp-content\/uploads\/sites\/3\/2020\/12\/logo.png","width":200,"height":70,"caption":"Markt-XXL"},"image":{"@id":"https:\/\/marktxxl.de\/markt\/#\/schema\/logo\/image\/"}}]}},"_links":{"self":[{"href":"https:\/\/marktxxl.de\/markt\/wp-json\/wp\/v2\/product\/159901","targetHints":{"allow":["GET"]}}],"collection":[{"href":"https:\/\/marktxxl.de\/markt\/wp-json\/wp\/v2\/product"}],"about":[{"href":"https:\/\/marktxxl.de\/markt\/wp-json\/wp\/v2\/types\/product"}],"replies":[{"embeddable":true,"href":"https:\/\/marktxxl.de\/markt\/wp-json\/wp\/v2\/comments?post=159901"}],"wp:featuredmedia":[{"embeddable":true,"href":"https:\/\/marktxxl.de\/markt\/wp-json\/wp\/v2\/media\/159902"}],"wp:attachment":[{"href":"https:\/\/marktxxl.de\/markt\/wp-json\/wp\/v2\/media?parent=159901"}],"wp:term":[{"taxonomy":"product_brand","embeddable":true,"href":"https:\/\/marktxxl.de\/markt\/wp-json\/wp\/v2\/product_brand?post=159901"},{"taxonomy":"product_cat","embeddable":true,"href":"https:\/\/marktxxl.de\/markt\/wp-json\/wp\/v2\/product_cat?post=159901"},{"taxonomy":"product_tag","embeddable":true,"href":"https:\/\/marktxxl.de\/markt\/wp-json\/wp\/v2\/product_tag?post=159901"}],"curies":[{"name":"wp","href":"https:\/\/api.w.org\/{rel}","templated":true}]}}