{"id":159844,"date":"2022-10-12T09:35:19","date_gmt":"2022-10-12T07:35:19","guid":{"rendered":"https:\/\/marktxxl.de\/markt\/produkt\/wildkin-rucksack-fuer-kleinkinder-pferde\/"},"modified":"2023-04-09T04:23:47","modified_gmt":"2023-04-09T02:23:47","slug":"wildkin-rucksack-fuer-kleinkinder-pferde","status":"publish","type":"product","link":"https:\/\/marktxxl.de\/markt\/produkt\/wildkin-rucksack-fuer-kleinkinder-pferde\/","title":{"rendered":"Wildkin Rucksack f\u00fcr Kleinkinder, Pferde"},"content":{"rendered":"<p>DIE PERFEKTE GR\u00d6SSE &#8211; Bef\u00fcllen! Der 30,5 cm gro\u00dfe Rucksack hat die richtige Gr\u00f6\u00dfe f\u00fcr die Schule und einen Snack nach der Schule. Mit den Ma\u00dfen 30,5 x 25,4 x 11,4 cm ist dieser Rucksack perfekt f\u00fcr Vorschule, Kita und Tagesausfl\u00fcge. Die zwei Rei\u00dfverschlussf\u00e4cher machen die Organisation zu einem Kinderspiel, so dass Ihr Kleines im Handumdrehen finden kann, was Sie brauchen.<br \/>\nAlles um die Eigenschaften &#8211; bleisicher, BPA-frei und phthalatfrei. Authentisches olivfarbenes Kinder-Design, robuster Rei\u00dfverschluss, Riemen und Schnallen. Der 30,5 cm gro\u00dfe Rucksack von Wildkin verf\u00fcgt \u00fcber eine gro\u00dfe und reflektierende Paspeln auf der Vordertasche, um Licht zu reflektieren. Zus\u00e4tzlich zu seinem lebensmittelechten Frontfach hat der 30,5 cm Rucksack eine seitliche Netztasche f\u00fcr einfachen Zugang zu Getr\u00e4nken und Wasserflaschen. Dar\u00fcber hinaus verf\u00fcgt die Au\u00dfenseite der Fronttasche mit Rei\u00dfverschluss \u00fcber reflektierendes Band, um Ihr Kind sicher und sichtbar zu halten, wenn es drau\u00dfen dunkel ist.<br \/>\nRucksack und Lunchbox in einem &#8211; Bringen Sie die Snacks mit! Mit dem 30,5 cm gro\u00dfen Rucksack von Wildkin m\u00fcssen Sie sich keine Sorgen machen, Ihr Kind mit einer sperrigen Lunchbox zu wiegen. Halten Sie Snacks oder Mittagessen k\u00fchl in der isolierten, lebensmittelechten Vordertasche, leicht zu reinigen und lebensmittelecht, so dass es auch als Lunch- und Snackfach dient. Wenn die Mittagszeit ein wenig schmutzig wird, einfach nach Bedarf reinigen und die F\u00e4cher offen lassen, bis sie vollst\u00e4ndig getrocknet ist.<br \/>\nSpielplatz genehmigt \u2013 Ihr kleiner Liebling wird mit dem Wildkin 30,5 cm Rucksack das Gespr\u00e4chsthema auf dem Spielplatz sein. Auff\u00e4llige Muster und ein funktionelles Design machen diesen Rucksack zu einer lustigen Erg\u00e4nzung f\u00fcr die Schule und Reise. Zwei gepolsterte, verstellbare Schultergurte sorgen f\u00fcr ein angenehmes Tragegef\u00fchl, w\u00e4hrend der strapazierf\u00e4hige obere Griff perfekt zum Aufh\u00e4ngen im Cubby ist, bevor Sie in die Aussparung gehen.<br \/>\nVielseitiges Design \u2013 wie viele andere Wildkin-Produkte wurde der 30,5 cm Rucksack so konzipiert, dass er vielseitig und multifunktional ist, weshalb viele unserer Kunden ihn als Wickeltasche verwenden sollten. Die richtige Gr\u00f6\u00dfe ist perfekt zum Verpacken von Windeln, Feuchtt\u00fcchern, Wechselkleidung und mehr. Das isolierte, lebensmittelechte Frontfach ist ideal zum Mitnehmen von Flaschen, Snacks und Mahlzeiten unterwegs. Eltern werden diese Erg\u00e4nzung zu ihrer Reiseausr\u00fcstung genauso lieben, wie ihre Kleinen.<br \/>\nSTYLE REISEN &#8211; Bei Wildkin wissen wir, dass Details f\u00fcr Sie und Ihr Kind wichtig sind, und wir haben daf\u00fcr gesorgt, dass unser 30,5 cm Rucksack mit dem Gedanken entwickelt wurde. Mit lebhaften, verspielten Mustern wird Ihr Kind diese lustige Erg\u00e4nzung zu seiner Schul- und Reiseausr\u00fcstung lieben.<br \/>\nMUSTER KOORDINATEN MIT WEITEREN WILDKINDER UND OLIVE KIDS ARTIKEL &#8211; Machen Sie ein Thema heraus. Jeder 30,5 cm gro\u00dfe Rucksack wurde entworfen, um mit anderen Artikeln von Wildkin und Oliv zu koordinieren. Von Matten bis hin zu Lunch-Taschen, Ihr Kind wird es lieben, seine Lieblings-Designs mit ihnen unterwegs zu haben.<br \/>\n<div class=\"main-cross-sell\" data-asin=\"B00KAZHTN6\">\n\n\t<div class=\"WooZone-cross-sell-loader\">\n\t\t<div>\n\t\t\t<div id=\"floatingBarsG\">\n\t\t\t\t<div class=\"blockG\" id=\"rotateG_01\"><\/div>\n\t\t\t\t<div class=\"blockG\" id=\"rotateG_02\"><\/div>\n\t\t\t\t<div class=\"blockG\" id=\"rotateG_03\"><\/div>\n\t\t\t\t<div class=\"blockG\" id=\"rotateG_04\"><\/div>\n\t\t\t\t<div class=\"blockG\" id=\"rotateG_05\"><\/div>\n\t\t\t\t<div class=\"blockG\" id=\"rotateG_06\"><\/div>\n\t\t\t\t<div class=\"blockG\" id=\"rotateG_07\"><\/div>\n\t\t\t\t<div class=\"blockG\" id=\"rotateG_08\"><\/div>\n\t\t\t<\/div>\n\t\t\t<div class=\"WooZone-cross-sell-loader-text\"><\/div>\n\t\t<\/div>\n\t<\/div>\n\n\t\t\n<\/div>\n<div style=\"clear:both;\"><\/div><\/p>\n","protected":false},"excerpt":{"rendered":"<p>DIE PERFEKTE GR\u00d6SSE &#8211; Bef\u00fcllen! Der 30,5 cm gro\u00dfe Rucksack hat die richtige Gr\u00f6\u00dfe f\u00fcr die Schule und einen Snack nach der Schule. Mit den Ma\u00dfen 30,5 x 25,4 x 11,4 cm ist dieser Rucksack perfekt f\u00fcr Vorschule, Kita und Tagesausfl\u00fcge. Die zwei Rei\u00dfverschlussf\u00e4cher machen die Organisation zu einem Kinderspiel, so dass Ihr Kleines im Handumdrehen finden kann, was Sie brauchen.<br \/>\nAlles um die Eigenschaften &#8211; bleisicher, BPA-frei und phthalatfrei. Authentisches olivfarbenes Kinder-Design, robuster Rei\u00dfverschluss, Riemen und Schnallen. Der 30,5 cm gro\u00dfe Rucksack von Wildkin verf\u00fcgt \u00fcber eine gro\u00dfe und reflektierende Paspeln auf der Vordertasche, um Licht zu reflektieren. Zus\u00e4tzlich zu seinem lebensmittelechten Frontfach hat der 30,5 cm Rucksack eine seitliche Netztasche f\u00fcr einfachen Zugang zu Getr\u00e4nken und Wasserflaschen. Dar\u00fcber hinaus verf\u00fcgt die Au\u00dfenseite der Fronttasche mit Rei\u00dfverschluss \u00fcber reflektierendes Band, um Ihr Kind sicher und sichtbar zu halten, wenn es drau\u00dfen dunkel ist.<br \/>\nRucksack und Lunchbox in einem &#8211; Bringen Sie die Snacks mit! Mit dem 30,5 cm gro\u00dfen Rucksack von Wildkin m\u00fcssen Sie sich keine Sorgen machen, Ihr Kind mit einer sperrigen Lunchbox zu wiegen. Halten Sie Snacks oder Mittagessen k\u00fchl in der isolierten, lebensmittelechten Vordertasche, leicht zu reinigen und lebensmittelecht, so dass es auch als Lunch- und Snackfach dient. Wenn die Mittagszeit ein wenig schmutzig wird, einfach nach Bedarf reinigen und die F\u00e4cher offen lassen, bis sie vollst\u00e4ndig getrocknet ist.<\/p>\n","protected":false},"featured_media":159845,"comment_status":"open","ping_status":"closed","template":"","meta":[],"product_brand":[],"product_cat":[504,8631],"product_tag":[],"class_list":{"0":"post-159844","1":"product","2":"type-product","3":"status-publish","4":"has-post-thumbnail","6":"product_cat-buerobedarf-schreibwaren","7":"product_cat-schul-unibedarf","8":"pa_binding-textilien","9":"pa_brand-wildkin","10":"pa_color-rot","11":"pa_height-12-zoll","12":"pa_length-10-zoll","13":"pa_manufacturer-wildkin","14":"pa_model-40110-parent","15":"pa_weight-0-75-pfund","16":"pa_width-6-5-zoll","18":"first","19":"instock","20":"shipping-taxable","21":"purchasable","22":"product-type-simple","23":"customify-col","24":"product-has-gallery"},"yoast_head":"<!-- This site is optimized with the Yoast SEO plugin v27.4 - https:\/\/yoast.com\/product\/yoast-seo-wordpress\/ -->\n<title>Wildkin Rucksack f\u00fcr Kleinkinder, Pferde - Markt-XXL<\/title>\n<meta name=\"description\" content=\"Markt-XXL Wildkin Rucksack f\u00fcr Kleinkinder, Pferde\" \/>\n<meta name=\"robots\" content=\"index, follow, max-snippet:-1, max-image-preview:large, max-video-preview:-1\" \/>\n<link rel=\"canonical\" href=\"https:\/\/marktxxl.de\/markt\/produkt\/wildkin-rucksack-fuer-kleinkinder-pferde\/\" \/>\n<meta property=\"og:locale\" content=\"de_DE\" \/>\n<meta property=\"og:type\" content=\"article\" \/>\n<meta property=\"og:title\" content=\"Wildkin Rucksack f\u00fcr Kleinkinder, Pferde - Markt-XXL\" \/>\n<meta property=\"og:description\" content=\"Markt-XXL Wildkin Rucksack f\u00fcr Kleinkinder, Pferde\" \/>\n<meta property=\"og:url\" content=\"https:\/\/marktxxl.de\/markt\/produkt\/wildkin-rucksack-fuer-kleinkinder-pferde\/\" \/>\n<meta property=\"og:site_name\" content=\"Markt-XXL\" \/>\n<meta property=\"article:modified_time\" content=\"2023-04-09T02:23:47+00:00\" \/>\n<meta property=\"og:image\" content=\"https:\/\/m.media-amazon.com\/images\/I\/51IE920MYWS._SL500_.jpg\" \/>\n\t<meta property=\"og:image:width\" content=\"500\" \/>\n\t<meta property=\"og:image:height\" content=\"500\" \/>\n\t<meta property=\"og:image:type\" content=\"image\/jpeg\" \/>\n<meta name=\"twitter:card\" content=\"summary_large_image\" \/>\n<meta name=\"twitter:label1\" content=\"Gesch\u00e4tzte Lesezeit\" \/>\n\t<meta name=\"twitter:data1\" content=\"2\u00a0Minuten\" \/>\n<script type=\"application\/ld+json\" class=\"yoast-schema-graph\">{\"@context\":\"https:\\\/\\\/schema.org\",\"@graph\":[{\"@type\":\"WebPage\",\"@id\":\"https:\\\/\\\/marktxxl.de\\\/markt\\\/produkt\\\/wildkin-rucksack-fuer-kleinkinder-pferde\\\/\",\"url\":\"https:\\\/\\\/marktxxl.de\\\/markt\\\/produkt\\\/wildkin-rucksack-fuer-kleinkinder-pferde\\\/\",\"name\":\"Wildkin Rucksack f\u00fcr Kleinkinder, Pferde - Markt-XXL\",\"isPartOf\":{\"@id\":\"https:\\\/\\\/marktxxl.de\\\/markt\\\/#website\"},\"primaryImageOfPage\":{\"@id\":\"https:\\\/\\\/marktxxl.de\\\/markt\\\/produkt\\\/wildkin-rucksack-fuer-kleinkinder-pferde\\\/#primaryimage\"},\"image\":{\"@id\":\"https:\\\/\\\/marktxxl.de\\\/markt\\\/produkt\\\/wildkin-rucksack-fuer-kleinkinder-pferde\\\/#primaryimage\"},\"thumbnailUrl\":\"https:\\\/\\\/m.media-amazon.com\\\/images\\\/I\\\/51IE920MYWS._SL500_.jpg\",\"datePublished\":\"2022-10-12T07:35:19+00:00\",\"dateModified\":\"2023-04-09T02:23:47+00:00\",\"description\":\"Markt-XXL Wildkin Rucksack f\u00fcr Kleinkinder, Pferde\",\"breadcrumb\":{\"@id\":\"https:\\\/\\\/marktxxl.de\\\/markt\\\/produkt\\\/wildkin-rucksack-fuer-kleinkinder-pferde\\\/#breadcrumb\"},\"inLanguage\":\"de\",\"potentialAction\":[{\"@type\":\"ReadAction\",\"target\":[\"https:\\\/\\\/marktxxl.de\\\/markt\\\/produkt\\\/wildkin-rucksack-fuer-kleinkinder-pferde\\\/\"]}]},{\"@type\":\"ImageObject\",\"inLanguage\":\"de\",\"@id\":\"https:\\\/\\\/marktxxl.de\\\/markt\\\/produkt\\\/wildkin-rucksack-fuer-kleinkinder-pferde\\\/#primaryimage\",\"url\":\"https:\\\/\\\/m.media-amazon.com\\\/images\\\/I\\\/51IE920MYWS._SL500_.jpg\",\"contentUrl\":\"https:\\\/\\\/m.media-amazon.com\\\/images\\\/I\\\/51IE920MYWS._SL500_.jpg\",\"width\":500,\"height\":500},{\"@type\":\"BreadcrumbList\",\"@id\":\"https:\\\/\\\/marktxxl.de\\\/markt\\\/produkt\\\/wildkin-rucksack-fuer-kleinkinder-pferde\\\/#breadcrumb\",\"itemListElement\":[{\"@type\":\"ListItem\",\"position\":1,\"name\":\"Startseite\",\"item\":\"https:\\\/\\\/marktxxl.de\\\/markt\\\/\"},{\"@type\":\"ListItem\",\"position\":2,\"name\":\"Markt\",\"item\":\"https:\\\/\\\/marktxxl.de\\\/markt\\\/\"},{\"@type\":\"ListItem\",\"position\":3,\"name\":\"Wildkin Rucksack f\u00fcr Kleinkinder, Pferde\"}]},{\"@type\":\"WebSite\",\"@id\":\"https:\\\/\\\/marktxxl.de\\\/markt\\\/#website\",\"url\":\"https:\\\/\\\/marktxxl.de\\\/markt\\\/\",\"name\":\"Markt-XXL\",\"description\":\"Ihr Markt Online\",\"publisher\":{\"@id\":\"https:\\\/\\\/marktxxl.de\\\/markt\\\/#organization\"},\"potentialAction\":[{\"@type\":\"SearchAction\",\"target\":{\"@type\":\"EntryPoint\",\"urlTemplate\":\"https:\\\/\\\/marktxxl.de\\\/markt\\\/?s={search_term_string}\"},\"query-input\":{\"@type\":\"PropertyValueSpecification\",\"valueRequired\":true,\"valueName\":\"search_term_string\"}}],\"inLanguage\":\"de\"},{\"@type\":\"Organization\",\"@id\":\"https:\\\/\\\/marktxxl.de\\\/markt\\\/#organization\",\"name\":\"Markt-XXL\",\"url\":\"https:\\\/\\\/marktxxl.de\\\/markt\\\/\",\"logo\":{\"@type\":\"ImageObject\",\"inLanguage\":\"de\",\"@id\":\"https:\\\/\\\/marktxxl.de\\\/markt\\\/#\\\/schema\\\/logo\\\/image\\\/\",\"url\":\"https:\\\/\\\/marktxxl.de\\\/markt\\\/wp-content\\\/uploads\\\/sites\\\/3\\\/2020\\\/12\\\/logo.png\",\"contentUrl\":\"https:\\\/\\\/marktxxl.de\\\/markt\\\/wp-content\\\/uploads\\\/sites\\\/3\\\/2020\\\/12\\\/logo.png\",\"width\":200,\"height\":70,\"caption\":\"Markt-XXL\"},\"image\":{\"@id\":\"https:\\\/\\\/marktxxl.de\\\/markt\\\/#\\\/schema\\\/logo\\\/image\\\/\"}}]}<\/script>\n<!-- \/ Yoast SEO plugin. -->","yoast_head_json":{"title":"Wildkin Rucksack f\u00fcr Kleinkinder, Pferde - Markt-XXL","description":"Markt-XXL Wildkin Rucksack f\u00fcr Kleinkinder, Pferde","robots":{"index":"index","follow":"follow","max-snippet":"max-snippet:-1","max-image-preview":"max-image-preview:large","max-video-preview":"max-video-preview:-1"},"canonical":"https:\/\/marktxxl.de\/markt\/produkt\/wildkin-rucksack-fuer-kleinkinder-pferde\/","og_locale":"de_DE","og_type":"article","og_title":"Wildkin Rucksack f\u00fcr Kleinkinder, Pferde - Markt-XXL","og_description":"Markt-XXL Wildkin Rucksack f\u00fcr Kleinkinder, Pferde","og_url":"https:\/\/marktxxl.de\/markt\/produkt\/wildkin-rucksack-fuer-kleinkinder-pferde\/","og_site_name":"Markt-XXL","article_modified_time":"2023-04-09T02:23:47+00:00","og_image":[{"width":500,"height":500,"url":"https:\/\/m.media-amazon.com\/images\/I\/51IE920MYWS._SL500_.jpg","type":"image\/jpeg"}],"twitter_card":"summary_large_image","twitter_misc":{"Gesch\u00e4tzte Lesezeit":"2\u00a0Minuten"},"schema":{"@context":"https:\/\/schema.org","@graph":[{"@type":"WebPage","@id":"https:\/\/marktxxl.de\/markt\/produkt\/wildkin-rucksack-fuer-kleinkinder-pferde\/","url":"https:\/\/marktxxl.de\/markt\/produkt\/wildkin-rucksack-fuer-kleinkinder-pferde\/","name":"Wildkin Rucksack f\u00fcr Kleinkinder, Pferde - Markt-XXL","isPartOf":{"@id":"https:\/\/marktxxl.de\/markt\/#website"},"primaryImageOfPage":{"@id":"https:\/\/marktxxl.de\/markt\/produkt\/wildkin-rucksack-fuer-kleinkinder-pferde\/#primaryimage"},"image":{"@id":"https:\/\/marktxxl.de\/markt\/produkt\/wildkin-rucksack-fuer-kleinkinder-pferde\/#primaryimage"},"thumbnailUrl":"https:\/\/m.media-amazon.com\/images\/I\/51IE920MYWS._SL500_.jpg","datePublished":"2022-10-12T07:35:19+00:00","dateModified":"2023-04-09T02:23:47+00:00","description":"Markt-XXL Wildkin Rucksack f\u00fcr Kleinkinder, Pferde","breadcrumb":{"@id":"https:\/\/marktxxl.de\/markt\/produkt\/wildkin-rucksack-fuer-kleinkinder-pferde\/#breadcrumb"},"inLanguage":"de","potentialAction":[{"@type":"ReadAction","target":["https:\/\/marktxxl.de\/markt\/produkt\/wildkin-rucksack-fuer-kleinkinder-pferde\/"]}]},{"@type":"ImageObject","inLanguage":"de","@id":"https:\/\/marktxxl.de\/markt\/produkt\/wildkin-rucksack-fuer-kleinkinder-pferde\/#primaryimage","url":"https:\/\/m.media-amazon.com\/images\/I\/51IE920MYWS._SL500_.jpg","contentUrl":"https:\/\/m.media-amazon.com\/images\/I\/51IE920MYWS._SL500_.jpg","width":500,"height":500},{"@type":"BreadcrumbList","@id":"https:\/\/marktxxl.de\/markt\/produkt\/wildkin-rucksack-fuer-kleinkinder-pferde\/#breadcrumb","itemListElement":[{"@type":"ListItem","position":1,"name":"Startseite","item":"https:\/\/marktxxl.de\/markt\/"},{"@type":"ListItem","position":2,"name":"Markt","item":"https:\/\/marktxxl.de\/markt\/"},{"@type":"ListItem","position":3,"name":"Wildkin Rucksack f\u00fcr Kleinkinder, Pferde"}]},{"@type":"WebSite","@id":"https:\/\/marktxxl.de\/markt\/#website","url":"https:\/\/marktxxl.de\/markt\/","name":"Markt-XXL","description":"Ihr Markt Online","publisher":{"@id":"https:\/\/marktxxl.de\/markt\/#organization"},"potentialAction":[{"@type":"SearchAction","target":{"@type":"EntryPoint","urlTemplate":"https:\/\/marktxxl.de\/markt\/?s={search_term_string}"},"query-input":{"@type":"PropertyValueSpecification","valueRequired":true,"valueName":"search_term_string"}}],"inLanguage":"de"},{"@type":"Organization","@id":"https:\/\/marktxxl.de\/markt\/#organization","name":"Markt-XXL","url":"https:\/\/marktxxl.de\/markt\/","logo":{"@type":"ImageObject","inLanguage":"de","@id":"https:\/\/marktxxl.de\/markt\/#\/schema\/logo\/image\/","url":"https:\/\/marktxxl.de\/markt\/wp-content\/uploads\/sites\/3\/2020\/12\/logo.png","contentUrl":"https:\/\/marktxxl.de\/markt\/wp-content\/uploads\/sites\/3\/2020\/12\/logo.png","width":200,"height":70,"caption":"Markt-XXL"},"image":{"@id":"https:\/\/marktxxl.de\/markt\/#\/schema\/logo\/image\/"}}]}},"_links":{"self":[{"href":"https:\/\/marktxxl.de\/markt\/wp-json\/wp\/v2\/product\/159844","targetHints":{"allow":["GET"]}}],"collection":[{"href":"https:\/\/marktxxl.de\/markt\/wp-json\/wp\/v2\/product"}],"about":[{"href":"https:\/\/marktxxl.de\/markt\/wp-json\/wp\/v2\/types\/product"}],"replies":[{"embeddable":true,"href":"https:\/\/marktxxl.de\/markt\/wp-json\/wp\/v2\/comments?post=159844"}],"wp:featuredmedia":[{"embeddable":true,"href":"https:\/\/marktxxl.de\/markt\/wp-json\/wp\/v2\/media\/159845"}],"wp:attachment":[{"href":"https:\/\/marktxxl.de\/markt\/wp-json\/wp\/v2\/media?parent=159844"}],"wp:term":[{"taxonomy":"product_brand","embeddable":true,"href":"https:\/\/marktxxl.de\/markt\/wp-json\/wp\/v2\/product_brand?post=159844"},{"taxonomy":"product_cat","embeddable":true,"href":"https:\/\/marktxxl.de\/markt\/wp-json\/wp\/v2\/product_cat?post=159844"},{"taxonomy":"product_tag","embeddable":true,"href":"https:\/\/marktxxl.de\/markt\/wp-json\/wp\/v2\/product_tag?post=159844"}],"curies":[{"name":"wp","href":"https:\/\/api.w.org\/{rel}","templated":true}]}}