{"id":159687,"date":"2022-10-12T09:22:13","date_gmt":"2022-10-12T07:22:13","guid":{"rendered":"https:\/\/marktxxl.de\/markt\/produkt\/relaxdays-schreibtischorganizer-aus-bambus-4-faecher-henkel-zum-tragen-stiftehalter-hxbxt-20-x-25-x-115-cm-natur\/"},"modified":"2023-04-09T04:23:45","modified_gmt":"2023-04-09T02:23:45","slug":"relaxdays-schreibtischorganizer-aus-bambus-4-faecher-henkel-zum-tragen-stiftehalter-hxbxt-20-x-25-x-115-cm-natur","status":"publish","type":"product","link":"https:\/\/marktxxl.de\/markt\/produkt\/relaxdays-schreibtischorganizer-aus-bambus-4-faecher-henkel-zum-tragen-stiftehalter-hxbxt-20-x-25-x-115-cm-natur\/","title":{"rendered":"Relaxdays Schreibtischorganizer, aus Bambus, 4 F\u00e4cher, Henkel zum Tragen, Stiftehalter, HxBxT: 20 x 25 x 11,5 cm, natur"},"content":{"rendered":"<p>Dieser praktische Schreibtisch-Organizer in schlichtem Design r\u00e4umt endg\u00fcltig mit dem l\u00e4stigen Chaos auf Ihrem Schreibtisch auf &#8211; In den 4 F\u00e4chern k\u00f6nnen Sie alles verstauen, was sonst herumliegt<br \/>\nBietet viel Stauraum auf kleiner Fl\u00e4che &#8211; Die 3 kleinen F\u00e4cher eignen sich vor allem f\u00fcr Stifte, Schreren, Lineal und anderen Kleinkram &#8211; Ins gr\u00f6\u00dfere Fach passen Briefe und A5-Bl\u00e4tter problemlos rein<br \/>\nWie alle Produkte aus strahlt auch der Schreibtisch-Organizer eine gewisse W\u00e4rme aus &#8211; Machen Sie Ihren Arbeitsplatz zu einem Ort, an dem Sie sich gerne aufhalten und Arbeit zum Vergn\u00fcgen wird<br \/>\nStiftehalter in zeitlosem Design in Naturt\u00f6nen passt sich an verschiedene R\u00e4ume an &#8211; Auch im Bad f\u00fcr Kosmetika und andere Utensilien oder in der K\u00fcche als T\u00fctensuppen- und Gew\u00fcrzst\u00e4nder<br \/>\nKompakt und platzsparend &#8211; Ma\u00dfe Gesamt H x B x T: ca. 20 x 25 x 11, 5 cm &#8211; Ma\u00dfe kleine F\u00e4cher H x B x T: ca. 9 x 6, 5 x 4, 5 cm &#8211; Ma\u00dfe gro\u00dfes Fach H x B x T: ca. 9 x 21, 5 x 4, 5 cm<br \/>\n<div class=\"main-cross-sell\" data-asin=\"B00P7S164O\">\n\n\t<div class=\"WooZone-cross-sell-loader\">\n\t\t<div>\n\t\t\t<div id=\"floatingBarsG\">\n\t\t\t\t<div class=\"blockG\" id=\"rotateG_01\"><\/div>\n\t\t\t\t<div class=\"blockG\" id=\"rotateG_02\"><\/div>\n\t\t\t\t<div class=\"blockG\" id=\"rotateG_03\"><\/div>\n\t\t\t\t<div class=\"blockG\" id=\"rotateG_04\"><\/div>\n\t\t\t\t<div class=\"blockG\" id=\"rotateG_05\"><\/div>\n\t\t\t\t<div class=\"blockG\" id=\"rotateG_06\"><\/div>\n\t\t\t\t<div class=\"blockG\" id=\"rotateG_07\"><\/div>\n\t\t\t\t<div class=\"blockG\" id=\"rotateG_08\"><\/div>\n\t\t\t<\/div>\n\t\t\t<div class=\"WooZone-cross-sell-loader-text\"><\/div>\n\t\t<\/div>\n\t<\/div>\n\n\t\t\n<\/div>\n<div style=\"clear:both;\"><\/div><\/p>\n","protected":false},"excerpt":{"rendered":"<p>Dieser praktische Schreibtisch-Organizer in schlichtem Design r\u00e4umt endg\u00fcltig mit dem l\u00e4stigen Chaos auf Ihrem Schreibtisch auf &#8211; In den 4 F\u00e4chern k\u00f6nnen Sie alles verstauen, was sonst herumliegt<br \/>\nBietet viel Stauraum auf kleiner Fl\u00e4che &#8211; Die 3 kleinen F\u00e4cher eignen sich vor allem f\u00fcr Stifte, Schreren, Lineal und anderen Kleinkram &#8211; Ins gr\u00f6\u00dfere Fach passen Briefe und A5-Bl\u00e4tter problemlos rein<br \/>\nWie alle Produkte aus strahlt auch der Schreibtisch-Organizer eine gewisse W\u00e4rme aus &#8211; Machen Sie Ihren Arbeitsplatz zu einem Ort, an dem Sie sich gerne aufhalten und Arbeit zum Vergn\u00fcgen wird<\/p>\n","protected":false},"featured_media":159688,"comment_status":"open","ping_status":"closed","template":"","meta":[],"product_brand":[],"product_cat":[504,8381],"product_tag":[],"class_list":{"0":"post-159687","1":"product","2":"type-product","3":"status-publish","4":"has-post-thumbnail","6":"product_cat-buerobedarf-schreibwaren","7":"product_cat-kalender-planer-und-organizer","8":"pa_binding-haushaltswaren","9":"pa_brand-relaxdays","10":"pa_color-braun","11":"pa_height-7-87401574-zoll","12":"pa_length-4-5669291292-zoll","13":"pa_manufacturer-relaxdays","14":"pa_model-43297","15":"pa_size-20-x-25-x-115-cm","16":"pa_weight-1-32056894938-pfund","17":"pa_width-9-842519675-zoll","19":"first","20":"instock","21":"shipping-taxable","22":"purchasable","23":"product-type-simple","24":"customify-col","25":"product-has-gallery"},"yoast_head":"<!-- This site is optimized with the Yoast SEO plugin v27.4 - https:\/\/yoast.com\/product\/yoast-seo-wordpress\/ -->\n<title>Relaxdays Schreibtischorganizer, aus Bambus, 4 F\u00e4cher, Henkel zum Tragen, Stiftehalter, HxBxT: 20 x 25 x 11,5 cm, natur - Markt-XXL<\/title>\n<meta name=\"description\" content=\"Markt-XXL Relaxdays Schreibtischorganizer, aus Bambus, 4 F\u00e4cher, Henkel zum Tragen, Stiftehalter, HxBxT: 20 x 25 x 11,5 cm, natur\" \/>\n<meta name=\"robots\" content=\"index, follow, max-snippet:-1, max-image-preview:large, max-video-preview:-1\" \/>\n<link rel=\"canonical\" href=\"https:\/\/marktxxl.de\/markt\/produkt\/relaxdays-schreibtischorganizer-aus-bambus-4-faecher-henkel-zum-tragen-stiftehalter-hxbxt-20-x-25-x-115-cm-natur\/\" \/>\n<meta property=\"og:locale\" content=\"de_DE\" \/>\n<meta property=\"og:type\" content=\"article\" \/>\n<meta property=\"og:title\" content=\"Relaxdays Schreibtischorganizer, aus Bambus, 4 F\u00e4cher, Henkel zum Tragen, Stiftehalter, HxBxT: 20 x 25 x 11,5 cm, natur - Markt-XXL\" \/>\n<meta property=\"og:description\" content=\"Markt-XXL Relaxdays Schreibtischorganizer, aus Bambus, 4 F\u00e4cher, Henkel zum Tragen, Stiftehalter, HxBxT: 20 x 25 x 11,5 cm, natur\" \/>\n<meta property=\"og:url\" content=\"https:\/\/marktxxl.de\/markt\/produkt\/relaxdays-schreibtischorganizer-aus-bambus-4-faecher-henkel-zum-tragen-stiftehalter-hxbxt-20-x-25-x-115-cm-natur\/\" \/>\n<meta property=\"og:site_name\" content=\"Markt-XXL\" \/>\n<meta property=\"article:modified_time\" content=\"2023-04-09T02:23:45+00:00\" \/>\n<meta property=\"og:image\" content=\"https:\/\/m.media-amazon.com\/images\/I\/414-95rHmWL._SL500_.jpg\" \/>\n\t<meta property=\"og:image:width\" content=\"500\" \/>\n\t<meta property=\"og:image:height\" content=\"500\" \/>\n\t<meta property=\"og:image:type\" content=\"image\/jpeg\" \/>\n<meta name=\"twitter:card\" content=\"summary_large_image\" \/>\n<meta name=\"twitter:label1\" content=\"Gesch\u00e4tzte Lesezeit\" \/>\n\t<meta name=\"twitter:data1\" content=\"1\u00a0Minute\" \/>\n<script type=\"application\/ld+json\" class=\"yoast-schema-graph\">{\"@context\":\"https:\\\/\\\/schema.org\",\"@graph\":[{\"@type\":\"WebPage\",\"@id\":\"https:\\\/\\\/marktxxl.de\\\/markt\\\/produkt\\\/relaxdays-schreibtischorganizer-aus-bambus-4-faecher-henkel-zum-tragen-stiftehalter-hxbxt-20-x-25-x-115-cm-natur\\\/\",\"url\":\"https:\\\/\\\/marktxxl.de\\\/markt\\\/produkt\\\/relaxdays-schreibtischorganizer-aus-bambus-4-faecher-henkel-zum-tragen-stiftehalter-hxbxt-20-x-25-x-115-cm-natur\\\/\",\"name\":\"Relaxdays Schreibtischorganizer, aus Bambus, 4 F\u00e4cher, Henkel zum Tragen, Stiftehalter, HxBxT: 20 x 25 x 11,5 cm, natur - Markt-XXL\",\"isPartOf\":{\"@id\":\"https:\\\/\\\/marktxxl.de\\\/markt\\\/#website\"},\"primaryImageOfPage\":{\"@id\":\"https:\\\/\\\/marktxxl.de\\\/markt\\\/produkt\\\/relaxdays-schreibtischorganizer-aus-bambus-4-faecher-henkel-zum-tragen-stiftehalter-hxbxt-20-x-25-x-115-cm-natur\\\/#primaryimage\"},\"image\":{\"@id\":\"https:\\\/\\\/marktxxl.de\\\/markt\\\/produkt\\\/relaxdays-schreibtischorganizer-aus-bambus-4-faecher-henkel-zum-tragen-stiftehalter-hxbxt-20-x-25-x-115-cm-natur\\\/#primaryimage\"},\"thumbnailUrl\":\"https:\\\/\\\/m.media-amazon.com\\\/images\\\/I\\\/414-95rHmWL._SL500_.jpg\",\"datePublished\":\"2022-10-12T07:22:13+00:00\",\"dateModified\":\"2023-04-09T02:23:45+00:00\",\"description\":\"Markt-XXL Relaxdays Schreibtischorganizer, aus Bambus, 4 F\u00e4cher, Henkel zum Tragen, Stiftehalter, HxBxT: 20 x 25 x 11,5 cm, natur\",\"breadcrumb\":{\"@id\":\"https:\\\/\\\/marktxxl.de\\\/markt\\\/produkt\\\/relaxdays-schreibtischorganizer-aus-bambus-4-faecher-henkel-zum-tragen-stiftehalter-hxbxt-20-x-25-x-115-cm-natur\\\/#breadcrumb\"},\"inLanguage\":\"de\",\"potentialAction\":[{\"@type\":\"ReadAction\",\"target\":[\"https:\\\/\\\/marktxxl.de\\\/markt\\\/produkt\\\/relaxdays-schreibtischorganizer-aus-bambus-4-faecher-henkel-zum-tragen-stiftehalter-hxbxt-20-x-25-x-115-cm-natur\\\/\"]}]},{\"@type\":\"ImageObject\",\"inLanguage\":\"de\",\"@id\":\"https:\\\/\\\/marktxxl.de\\\/markt\\\/produkt\\\/relaxdays-schreibtischorganizer-aus-bambus-4-faecher-henkel-zum-tragen-stiftehalter-hxbxt-20-x-25-x-115-cm-natur\\\/#primaryimage\",\"url\":\"https:\\\/\\\/m.media-amazon.com\\\/images\\\/I\\\/414-95rHmWL._SL500_.jpg\",\"contentUrl\":\"https:\\\/\\\/m.media-amazon.com\\\/images\\\/I\\\/414-95rHmWL._SL500_.jpg\",\"width\":500,\"height\":500},{\"@type\":\"BreadcrumbList\",\"@id\":\"https:\\\/\\\/marktxxl.de\\\/markt\\\/produkt\\\/relaxdays-schreibtischorganizer-aus-bambus-4-faecher-henkel-zum-tragen-stiftehalter-hxbxt-20-x-25-x-115-cm-natur\\\/#breadcrumb\",\"itemListElement\":[{\"@type\":\"ListItem\",\"position\":1,\"name\":\"Startseite\",\"item\":\"https:\\\/\\\/marktxxl.de\\\/markt\\\/\"},{\"@type\":\"ListItem\",\"position\":2,\"name\":\"Markt\",\"item\":\"https:\\\/\\\/marktxxl.de\\\/markt\\\/\"},{\"@type\":\"ListItem\",\"position\":3,\"name\":\"Relaxdays Schreibtischorganizer, aus Bambus, 4 F\u00e4cher, Henkel zum Tragen, Stiftehalter, HxBxT: 20 x 25 x 11,5 cm, natur\"}]},{\"@type\":\"WebSite\",\"@id\":\"https:\\\/\\\/marktxxl.de\\\/markt\\\/#website\",\"url\":\"https:\\\/\\\/marktxxl.de\\\/markt\\\/\",\"name\":\"Markt-XXL\",\"description\":\"Ihr Markt Online\",\"publisher\":{\"@id\":\"https:\\\/\\\/marktxxl.de\\\/markt\\\/#organization\"},\"potentialAction\":[{\"@type\":\"SearchAction\",\"target\":{\"@type\":\"EntryPoint\",\"urlTemplate\":\"https:\\\/\\\/marktxxl.de\\\/markt\\\/?s={search_term_string}\"},\"query-input\":{\"@type\":\"PropertyValueSpecification\",\"valueRequired\":true,\"valueName\":\"search_term_string\"}}],\"inLanguage\":\"de\"},{\"@type\":\"Organization\",\"@id\":\"https:\\\/\\\/marktxxl.de\\\/markt\\\/#organization\",\"name\":\"Markt-XXL\",\"url\":\"https:\\\/\\\/marktxxl.de\\\/markt\\\/\",\"logo\":{\"@type\":\"ImageObject\",\"inLanguage\":\"de\",\"@id\":\"https:\\\/\\\/marktxxl.de\\\/markt\\\/#\\\/schema\\\/logo\\\/image\\\/\",\"url\":\"https:\\\/\\\/marktxxl.de\\\/markt\\\/wp-content\\\/uploads\\\/sites\\\/3\\\/2020\\\/12\\\/logo.png\",\"contentUrl\":\"https:\\\/\\\/marktxxl.de\\\/markt\\\/wp-content\\\/uploads\\\/sites\\\/3\\\/2020\\\/12\\\/logo.png\",\"width\":200,\"height\":70,\"caption\":\"Markt-XXL\"},\"image\":{\"@id\":\"https:\\\/\\\/marktxxl.de\\\/markt\\\/#\\\/schema\\\/logo\\\/image\\\/\"}}]}<\/script>\n<!-- \/ Yoast SEO plugin. -->","yoast_head_json":{"title":"Relaxdays Schreibtischorganizer, aus Bambus, 4 F\u00e4cher, Henkel zum Tragen, Stiftehalter, HxBxT: 20 x 25 x 11,5 cm, natur - Markt-XXL","description":"Markt-XXL Relaxdays Schreibtischorganizer, aus Bambus, 4 F\u00e4cher, Henkel zum Tragen, Stiftehalter, HxBxT: 20 x 25 x 11,5 cm, natur","robots":{"index":"index","follow":"follow","max-snippet":"max-snippet:-1","max-image-preview":"max-image-preview:large","max-video-preview":"max-video-preview:-1"},"canonical":"https:\/\/marktxxl.de\/markt\/produkt\/relaxdays-schreibtischorganizer-aus-bambus-4-faecher-henkel-zum-tragen-stiftehalter-hxbxt-20-x-25-x-115-cm-natur\/","og_locale":"de_DE","og_type":"article","og_title":"Relaxdays Schreibtischorganizer, aus Bambus, 4 F\u00e4cher, Henkel zum Tragen, Stiftehalter, HxBxT: 20 x 25 x 11,5 cm, natur - Markt-XXL","og_description":"Markt-XXL Relaxdays Schreibtischorganizer, aus Bambus, 4 F\u00e4cher, Henkel zum Tragen, Stiftehalter, HxBxT: 20 x 25 x 11,5 cm, natur","og_url":"https:\/\/marktxxl.de\/markt\/produkt\/relaxdays-schreibtischorganizer-aus-bambus-4-faecher-henkel-zum-tragen-stiftehalter-hxbxt-20-x-25-x-115-cm-natur\/","og_site_name":"Markt-XXL","article_modified_time":"2023-04-09T02:23:45+00:00","og_image":[{"width":500,"height":500,"url":"https:\/\/m.media-amazon.com\/images\/I\/414-95rHmWL._SL500_.jpg","type":"image\/jpeg"}],"twitter_card":"summary_large_image","twitter_misc":{"Gesch\u00e4tzte Lesezeit":"1\u00a0Minute"},"schema":{"@context":"https:\/\/schema.org","@graph":[{"@type":"WebPage","@id":"https:\/\/marktxxl.de\/markt\/produkt\/relaxdays-schreibtischorganizer-aus-bambus-4-faecher-henkel-zum-tragen-stiftehalter-hxbxt-20-x-25-x-115-cm-natur\/","url":"https:\/\/marktxxl.de\/markt\/produkt\/relaxdays-schreibtischorganizer-aus-bambus-4-faecher-henkel-zum-tragen-stiftehalter-hxbxt-20-x-25-x-115-cm-natur\/","name":"Relaxdays Schreibtischorganizer, aus Bambus, 4 F\u00e4cher, Henkel zum Tragen, Stiftehalter, HxBxT: 20 x 25 x 11,5 cm, natur - Markt-XXL","isPartOf":{"@id":"https:\/\/marktxxl.de\/markt\/#website"},"primaryImageOfPage":{"@id":"https:\/\/marktxxl.de\/markt\/produkt\/relaxdays-schreibtischorganizer-aus-bambus-4-faecher-henkel-zum-tragen-stiftehalter-hxbxt-20-x-25-x-115-cm-natur\/#primaryimage"},"image":{"@id":"https:\/\/marktxxl.de\/markt\/produkt\/relaxdays-schreibtischorganizer-aus-bambus-4-faecher-henkel-zum-tragen-stiftehalter-hxbxt-20-x-25-x-115-cm-natur\/#primaryimage"},"thumbnailUrl":"https:\/\/m.media-amazon.com\/images\/I\/414-95rHmWL._SL500_.jpg","datePublished":"2022-10-12T07:22:13+00:00","dateModified":"2023-04-09T02:23:45+00:00","description":"Markt-XXL Relaxdays Schreibtischorganizer, aus Bambus, 4 F\u00e4cher, Henkel zum Tragen, Stiftehalter, HxBxT: 20 x 25 x 11,5 cm, natur","breadcrumb":{"@id":"https:\/\/marktxxl.de\/markt\/produkt\/relaxdays-schreibtischorganizer-aus-bambus-4-faecher-henkel-zum-tragen-stiftehalter-hxbxt-20-x-25-x-115-cm-natur\/#breadcrumb"},"inLanguage":"de","potentialAction":[{"@type":"ReadAction","target":["https:\/\/marktxxl.de\/markt\/produkt\/relaxdays-schreibtischorganizer-aus-bambus-4-faecher-henkel-zum-tragen-stiftehalter-hxbxt-20-x-25-x-115-cm-natur\/"]}]},{"@type":"ImageObject","inLanguage":"de","@id":"https:\/\/marktxxl.de\/markt\/produkt\/relaxdays-schreibtischorganizer-aus-bambus-4-faecher-henkel-zum-tragen-stiftehalter-hxbxt-20-x-25-x-115-cm-natur\/#primaryimage","url":"https:\/\/m.media-amazon.com\/images\/I\/414-95rHmWL._SL500_.jpg","contentUrl":"https:\/\/m.media-amazon.com\/images\/I\/414-95rHmWL._SL500_.jpg","width":500,"height":500},{"@type":"BreadcrumbList","@id":"https:\/\/marktxxl.de\/markt\/produkt\/relaxdays-schreibtischorganizer-aus-bambus-4-faecher-henkel-zum-tragen-stiftehalter-hxbxt-20-x-25-x-115-cm-natur\/#breadcrumb","itemListElement":[{"@type":"ListItem","position":1,"name":"Startseite","item":"https:\/\/marktxxl.de\/markt\/"},{"@type":"ListItem","position":2,"name":"Markt","item":"https:\/\/marktxxl.de\/markt\/"},{"@type":"ListItem","position":3,"name":"Relaxdays Schreibtischorganizer, aus Bambus, 4 F\u00e4cher, Henkel zum Tragen, Stiftehalter, HxBxT: 20 x 25 x 11,5 cm, natur"}]},{"@type":"WebSite","@id":"https:\/\/marktxxl.de\/markt\/#website","url":"https:\/\/marktxxl.de\/markt\/","name":"Markt-XXL","description":"Ihr Markt Online","publisher":{"@id":"https:\/\/marktxxl.de\/markt\/#organization"},"potentialAction":[{"@type":"SearchAction","target":{"@type":"EntryPoint","urlTemplate":"https:\/\/marktxxl.de\/markt\/?s={search_term_string}"},"query-input":{"@type":"PropertyValueSpecification","valueRequired":true,"valueName":"search_term_string"}}],"inLanguage":"de"},{"@type":"Organization","@id":"https:\/\/marktxxl.de\/markt\/#organization","name":"Markt-XXL","url":"https:\/\/marktxxl.de\/markt\/","logo":{"@type":"ImageObject","inLanguage":"de","@id":"https:\/\/marktxxl.de\/markt\/#\/schema\/logo\/image\/","url":"https:\/\/marktxxl.de\/markt\/wp-content\/uploads\/sites\/3\/2020\/12\/logo.png","contentUrl":"https:\/\/marktxxl.de\/markt\/wp-content\/uploads\/sites\/3\/2020\/12\/logo.png","width":200,"height":70,"caption":"Markt-XXL"},"image":{"@id":"https:\/\/marktxxl.de\/markt\/#\/schema\/logo\/image\/"}}]}},"_links":{"self":[{"href":"https:\/\/marktxxl.de\/markt\/wp-json\/wp\/v2\/product\/159687","targetHints":{"allow":["GET"]}}],"collection":[{"href":"https:\/\/marktxxl.de\/markt\/wp-json\/wp\/v2\/product"}],"about":[{"href":"https:\/\/marktxxl.de\/markt\/wp-json\/wp\/v2\/types\/product"}],"replies":[{"embeddable":true,"href":"https:\/\/marktxxl.de\/markt\/wp-json\/wp\/v2\/comments?post=159687"}],"wp:featuredmedia":[{"embeddable":true,"href":"https:\/\/marktxxl.de\/markt\/wp-json\/wp\/v2\/media\/159688"}],"wp:attachment":[{"href":"https:\/\/marktxxl.de\/markt\/wp-json\/wp\/v2\/media?parent=159687"}],"wp:term":[{"taxonomy":"product_brand","embeddable":true,"href":"https:\/\/marktxxl.de\/markt\/wp-json\/wp\/v2\/product_brand?post=159687"},{"taxonomy":"product_cat","embeddable":true,"href":"https:\/\/marktxxl.de\/markt\/wp-json\/wp\/v2\/product_cat?post=159687"},{"taxonomy":"product_tag","embeddable":true,"href":"https:\/\/marktxxl.de\/markt\/wp-json\/wp\/v2\/product_tag?post=159687"}],"curies":[{"name":"wp","href":"https:\/\/api.w.org\/{rel}","templated":true}]}}