{"id":159563,"date":"2022-10-12T09:16:45","date_gmt":"2022-10-12T07:16:45","guid":{"rendered":"https:\/\/marktxxl.de\/markt\/produkt\/voter-postkarten-102-x-152-cm-motiv-one-vote-can-rock-the-boot-rot-weiss-und-blau-mit-leerer-rueckseite-fuer-nachrichten-an-votierer-ermutigen-sie-die-abstimmung-in-ihrem-staat\/"},"modified":"2023-04-10T04:49:44","modified_gmt":"2023-04-10T02:49:44","slug":"voter-postkarten-102-x-152-cm-motiv-one-vote-can-rock-the-boot-rot-weiss-und-blau-mit-leerer-rueckseite-fuer-nachrichten-an-votierer-ermutigen-sie-die-abstimmung-in-ihrem-staat","status":"publish","type":"product","link":"https:\/\/marktxxl.de\/markt\/produkt\/voter-postkarten-102-x-152-cm-motiv-one-vote-can-rock-the-boot-rot-weiss-und-blau-mit-leerer-rueckseite-fuer-nachrichten-an-votierer-ermutigen-sie-die-abstimmung-in-ihrem-staat\/","title":{"rendered":"Voter Postkarten, 10,2 x 15,2 cm, Motiv One Vote Can Rock the Boot, Rot, Wei\u00df und Blau, mit leerer R\u00fcckseite f\u00fcr\u2026"},"content":{"rendered":"<p>Hergestellt in den USA \u00e2\u20ac\u201c unsere Voter-Postkarten werden mit Stolz in den USA gedruckt. Erinnern Sie Menschen daran, dass jede Stimme z\u00e4hlt und dass ihre Stimme z\u00e4hlt<br \/>\nMehr Platz zum Schreiben \u00e2\u20ac\u201c mit einer komplett leeren R\u00fcckseite bieten Ihnen unsere Postkarten viel Platz, um Ihre Nachricht zu teilen, ohne dabei genug Platz zu haben.<br \/>\nBeeindrucken Sie Rezepte \u00e2\u20ac\u201c Jeder wird das blaue Wellen-Design dieser stilvollen patriotischen Postkarten lieben. Sie werden auffallen und auf die K\u00fchlschr\u00e4nke und Pinnw\u00e4nde der Menschen auffallen!<br \/>\nInspirieren Sie Aktion \u00e2\u20ac\u201c Danke, dass Sie Ihre Zeit freiwillig haben, um Demokratie zu machen. Wir sind begeistert, Ihnen dabei zu helfen, die Stimme in Ihrem Stadtkret zu inspirieren, eine Stimme f\u00fcr die andere<br \/>\nInternational products have separate terms, are sold from abroad and may differ from local products, including fit, age ratings, and language of product, labeling or instructions.<br \/>\n<div class=\"main-cross-sell\" data-asin=\"B085T6LHQJ\">\n\n\t<div class=\"WooZone-cross-sell-loader\">\n\t\t<div>\n\t\t\t<div id=\"floatingBarsG\">\n\t\t\t\t<div class=\"blockG\" id=\"rotateG_01\"><\/div>\n\t\t\t\t<div class=\"blockG\" id=\"rotateG_02\"><\/div>\n\t\t\t\t<div class=\"blockG\" id=\"rotateG_03\"><\/div>\n\t\t\t\t<div class=\"blockG\" id=\"rotateG_04\"><\/div>\n\t\t\t\t<div class=\"blockG\" id=\"rotateG_05\"><\/div>\n\t\t\t\t<div class=\"blockG\" id=\"rotateG_06\"><\/div>\n\t\t\t\t<div class=\"blockG\" id=\"rotateG_07\"><\/div>\n\t\t\t\t<div class=\"blockG\" id=\"rotateG_08\"><\/div>\n\t\t\t<\/div>\n\t\t\t<div class=\"WooZone-cross-sell-loader-text\"><\/div>\n\t\t<\/div>\n\t<\/div>\n\n\t\t\n<\/div>\n<div style=\"clear:both;\"><\/div><\/p>\n","protected":false},"excerpt":{"rendered":"<p>Hergestellt in den USA \u00e2\u20ac\u201c unsere Voter-Postkarten werden mit Stolz in den USA gedruckt. Erinnern Sie Menschen daran, dass jede Stimme z\u00e4hlt und dass ihre Stimme z\u00e4hlt<br \/>\nMehr Platz zum Schreiben \u00e2\u20ac\u201c mit einer komplett leeren R\u00fcckseite bieten Ihnen unsere Postkarten viel Platz, um Ihre Nachricht zu teilen, ohne dabei genug Platz zu haben.<br \/>\nBeeindrucken Sie Rezepte \u00e2\u20ac\u201c Jeder wird das blaue Wellen-Design dieser stilvollen patriotischen Postkarten lieben. Sie werden auffallen und auf die K\u00fchlschr\u00e4nke und Pinnw\u00e4nde der Menschen auffallen!<\/p>\n","protected":false},"featured_media":159564,"comment_status":"open","ping_status":"closed","template":"","meta":[],"product_brand":[],"product_cat":[504,8527],"product_tag":[],"class_list":{"0":"post-159563","1":"product","2":"type-product","3":"status-publish","4":"has-post-thumbnail","6":"product_cat-buerobedarf-schreibwaren","7":"product_cat-papierprodukte","8":"pa_brand-t-marie","9":"pa_height-0-7-zoll","10":"pa_length-6-zoll","11":"pa_manufacturer-t-marie","12":"pa_width-4-zoll","14":"first","15":"instock","16":"shipping-taxable","17":"purchasable","18":"product-type-simple","19":"customify-col","20":"product-has-gallery"},"yoast_head":"<!-- This site is optimized with the Yoast SEO plugin v27.4 - https:\/\/yoast.com\/product\/yoast-seo-wordpress\/ -->\n<title>Voter Postkarten, 10,2 x 15,2 cm, Motiv One Vote Can Rock the Boot, Rot, Wei\u00df und Blau, mit leerer R\u00fcckseite f\u00fcr\u2026 - Markt-XXL<\/title>\n<meta name=\"description\" content=\"Markt-XXL Voter Postkarten, 10,2 x 15,2 cm, Motiv One Vote Can Rock the Boot, Rot, Wei\u00df und Blau, mit leerer R\u00fcckseite f\u00fcr\u2026\" \/>\n<meta name=\"robots\" content=\"index, follow, max-snippet:-1, max-image-preview:large, max-video-preview:-1\" \/>\n<link rel=\"canonical\" href=\"https:\/\/marktxxl.de\/markt\/produkt\/voter-postkarten-102-x-152-cm-motiv-one-vote-can-rock-the-boot-rot-weiss-und-blau-mit-leerer-rueckseite-fuer-nachrichten-an-votierer-ermutigen-sie-die-abstimmung-in-ihrem-staat\/\" \/>\n<meta property=\"og:locale\" content=\"de_DE\" \/>\n<meta property=\"og:type\" content=\"article\" \/>\n<meta property=\"og:title\" content=\"Voter Postkarten, 10,2 x 15,2 cm, Motiv One Vote Can Rock the Boot, Rot, Wei\u00df und Blau, mit leerer R\u00fcckseite f\u00fcr\u2026 - Markt-XXL\" \/>\n<meta property=\"og:description\" content=\"Markt-XXL Voter Postkarten, 10,2 x 15,2 cm, Motiv One Vote Can Rock the Boot, Rot, Wei\u00df und Blau, mit leerer R\u00fcckseite f\u00fcr\u2026\" \/>\n<meta property=\"og:url\" content=\"https:\/\/marktxxl.de\/markt\/produkt\/voter-postkarten-102-x-152-cm-motiv-one-vote-can-rock-the-boot-rot-weiss-und-blau-mit-leerer-rueckseite-fuer-nachrichten-an-votierer-ermutigen-sie-die-abstimmung-in-ihrem-staat\/\" \/>\n<meta property=\"og:site_name\" content=\"Markt-XXL\" \/>\n<meta property=\"article:modified_time\" content=\"2023-04-10T02:49:44+00:00\" \/>\n<meta property=\"og:image\" content=\"https:\/\/m.media-amazon.com\/images\/I\/51bhpJoNnjL._SL500_.jpg\" \/>\n\t<meta property=\"og:image:width\" content=\"500\" \/>\n\t<meta property=\"og:image:height\" content=\"500\" \/>\n\t<meta property=\"og:image:type\" content=\"image\/jpeg\" \/>\n<meta name=\"twitter:card\" content=\"summary_large_image\" \/>\n<meta name=\"twitter:label1\" content=\"Gesch\u00e4tzte Lesezeit\" \/>\n\t<meta name=\"twitter:data1\" content=\"1\u00a0Minute\" \/>\n<script type=\"application\/ld+json\" class=\"yoast-schema-graph\">{\"@context\":\"https:\\\/\\\/schema.org\",\"@graph\":[{\"@type\":\"WebPage\",\"@id\":\"https:\\\/\\\/marktxxl.de\\\/markt\\\/produkt\\\/voter-postkarten-102-x-152-cm-motiv-one-vote-can-rock-the-boot-rot-weiss-und-blau-mit-leerer-rueckseite-fuer-nachrichten-an-votierer-ermutigen-sie-die-abstimmung-in-ihrem-staat\\\/\",\"url\":\"https:\\\/\\\/marktxxl.de\\\/markt\\\/produkt\\\/voter-postkarten-102-x-152-cm-motiv-one-vote-can-rock-the-boot-rot-weiss-und-blau-mit-leerer-rueckseite-fuer-nachrichten-an-votierer-ermutigen-sie-die-abstimmung-in-ihrem-staat\\\/\",\"name\":\"Voter Postkarten, 10,2 x 15,2 cm, Motiv One Vote Can Rock the Boot, Rot, Wei\u00df und Blau, mit leerer R\u00fcckseite f\u00fcr\u2026 - Markt-XXL\",\"isPartOf\":{\"@id\":\"https:\\\/\\\/marktxxl.de\\\/markt\\\/#website\"},\"primaryImageOfPage\":{\"@id\":\"https:\\\/\\\/marktxxl.de\\\/markt\\\/produkt\\\/voter-postkarten-102-x-152-cm-motiv-one-vote-can-rock-the-boot-rot-weiss-und-blau-mit-leerer-rueckseite-fuer-nachrichten-an-votierer-ermutigen-sie-die-abstimmung-in-ihrem-staat\\\/#primaryimage\"},\"image\":{\"@id\":\"https:\\\/\\\/marktxxl.de\\\/markt\\\/produkt\\\/voter-postkarten-102-x-152-cm-motiv-one-vote-can-rock-the-boot-rot-weiss-und-blau-mit-leerer-rueckseite-fuer-nachrichten-an-votierer-ermutigen-sie-die-abstimmung-in-ihrem-staat\\\/#primaryimage\"},\"thumbnailUrl\":\"https:\\\/\\\/m.media-amazon.com\\\/images\\\/I\\\/51bhpJoNnjL._SL500_.jpg\",\"datePublished\":\"2022-10-12T07:16:45+00:00\",\"dateModified\":\"2023-04-10T02:49:44+00:00\",\"description\":\"Markt-XXL Voter Postkarten, 10,2 x 15,2 cm, Motiv One Vote Can Rock the Boot, Rot, Wei\u00df und Blau, mit leerer R\u00fcckseite f\u00fcr\u2026\",\"breadcrumb\":{\"@id\":\"https:\\\/\\\/marktxxl.de\\\/markt\\\/produkt\\\/voter-postkarten-102-x-152-cm-motiv-one-vote-can-rock-the-boot-rot-weiss-und-blau-mit-leerer-rueckseite-fuer-nachrichten-an-votierer-ermutigen-sie-die-abstimmung-in-ihrem-staat\\\/#breadcrumb\"},\"inLanguage\":\"de\",\"potentialAction\":[{\"@type\":\"ReadAction\",\"target\":[\"https:\\\/\\\/marktxxl.de\\\/markt\\\/produkt\\\/voter-postkarten-102-x-152-cm-motiv-one-vote-can-rock-the-boot-rot-weiss-und-blau-mit-leerer-rueckseite-fuer-nachrichten-an-votierer-ermutigen-sie-die-abstimmung-in-ihrem-staat\\\/\"]}]},{\"@type\":\"ImageObject\",\"inLanguage\":\"de\",\"@id\":\"https:\\\/\\\/marktxxl.de\\\/markt\\\/produkt\\\/voter-postkarten-102-x-152-cm-motiv-one-vote-can-rock-the-boot-rot-weiss-und-blau-mit-leerer-rueckseite-fuer-nachrichten-an-votierer-ermutigen-sie-die-abstimmung-in-ihrem-staat\\\/#primaryimage\",\"url\":\"https:\\\/\\\/m.media-amazon.com\\\/images\\\/I\\\/51bhpJoNnjL._SL500_.jpg\",\"contentUrl\":\"https:\\\/\\\/m.media-amazon.com\\\/images\\\/I\\\/51bhpJoNnjL._SL500_.jpg\",\"width\":500,\"height\":500},{\"@type\":\"BreadcrumbList\",\"@id\":\"https:\\\/\\\/marktxxl.de\\\/markt\\\/produkt\\\/voter-postkarten-102-x-152-cm-motiv-one-vote-can-rock-the-boot-rot-weiss-und-blau-mit-leerer-rueckseite-fuer-nachrichten-an-votierer-ermutigen-sie-die-abstimmung-in-ihrem-staat\\\/#breadcrumb\",\"itemListElement\":[{\"@type\":\"ListItem\",\"position\":1,\"name\":\"Startseite\",\"item\":\"https:\\\/\\\/marktxxl.de\\\/markt\\\/\"},{\"@type\":\"ListItem\",\"position\":2,\"name\":\"Markt\",\"item\":\"https:\\\/\\\/marktxxl.de\\\/markt\\\/\"},{\"@type\":\"ListItem\",\"position\":3,\"name\":\"Voter Postkarten, 10,2 x 15,2 cm, Motiv One Vote Can Rock the Boot, Rot, Wei\u00df und Blau, mit leerer R\u00fcckseite f\u00fcr\u2026\"}]},{\"@type\":\"WebSite\",\"@id\":\"https:\\\/\\\/marktxxl.de\\\/markt\\\/#website\",\"url\":\"https:\\\/\\\/marktxxl.de\\\/markt\\\/\",\"name\":\"Markt-XXL\",\"description\":\"Ihr Markt Online\",\"publisher\":{\"@id\":\"https:\\\/\\\/marktxxl.de\\\/markt\\\/#organization\"},\"potentialAction\":[{\"@type\":\"SearchAction\",\"target\":{\"@type\":\"EntryPoint\",\"urlTemplate\":\"https:\\\/\\\/marktxxl.de\\\/markt\\\/?s={search_term_string}\"},\"query-input\":{\"@type\":\"PropertyValueSpecification\",\"valueRequired\":true,\"valueName\":\"search_term_string\"}}],\"inLanguage\":\"de\"},{\"@type\":\"Organization\",\"@id\":\"https:\\\/\\\/marktxxl.de\\\/markt\\\/#organization\",\"name\":\"Markt-XXL\",\"url\":\"https:\\\/\\\/marktxxl.de\\\/markt\\\/\",\"logo\":{\"@type\":\"ImageObject\",\"inLanguage\":\"de\",\"@id\":\"https:\\\/\\\/marktxxl.de\\\/markt\\\/#\\\/schema\\\/logo\\\/image\\\/\",\"url\":\"https:\\\/\\\/marktxxl.de\\\/markt\\\/wp-content\\\/uploads\\\/sites\\\/3\\\/2020\\\/12\\\/logo.png\",\"contentUrl\":\"https:\\\/\\\/marktxxl.de\\\/markt\\\/wp-content\\\/uploads\\\/sites\\\/3\\\/2020\\\/12\\\/logo.png\",\"width\":200,\"height\":70,\"caption\":\"Markt-XXL\"},\"image\":{\"@id\":\"https:\\\/\\\/marktxxl.de\\\/markt\\\/#\\\/schema\\\/logo\\\/image\\\/\"}}]}<\/script>\n<!-- \/ Yoast SEO plugin. -->","yoast_head_json":{"title":"Voter Postkarten, 10,2 x 15,2 cm, Motiv One Vote Can Rock the Boot, Rot, Wei\u00df und Blau, mit leerer R\u00fcckseite f\u00fcr\u2026 - Markt-XXL","description":"Markt-XXL Voter Postkarten, 10,2 x 15,2 cm, Motiv One Vote Can Rock the Boot, Rot, Wei\u00df und Blau, mit leerer R\u00fcckseite f\u00fcr\u2026","robots":{"index":"index","follow":"follow","max-snippet":"max-snippet:-1","max-image-preview":"max-image-preview:large","max-video-preview":"max-video-preview:-1"},"canonical":"https:\/\/marktxxl.de\/markt\/produkt\/voter-postkarten-102-x-152-cm-motiv-one-vote-can-rock-the-boot-rot-weiss-und-blau-mit-leerer-rueckseite-fuer-nachrichten-an-votierer-ermutigen-sie-die-abstimmung-in-ihrem-staat\/","og_locale":"de_DE","og_type":"article","og_title":"Voter Postkarten, 10,2 x 15,2 cm, Motiv One Vote Can Rock the Boot, Rot, Wei\u00df und Blau, mit leerer R\u00fcckseite f\u00fcr\u2026 - Markt-XXL","og_description":"Markt-XXL Voter Postkarten, 10,2 x 15,2 cm, Motiv One Vote Can Rock the Boot, Rot, Wei\u00df und Blau, mit leerer R\u00fcckseite f\u00fcr\u2026","og_url":"https:\/\/marktxxl.de\/markt\/produkt\/voter-postkarten-102-x-152-cm-motiv-one-vote-can-rock-the-boot-rot-weiss-und-blau-mit-leerer-rueckseite-fuer-nachrichten-an-votierer-ermutigen-sie-die-abstimmung-in-ihrem-staat\/","og_site_name":"Markt-XXL","article_modified_time":"2023-04-10T02:49:44+00:00","og_image":[{"width":500,"height":500,"url":"https:\/\/m.media-amazon.com\/images\/I\/51bhpJoNnjL._SL500_.jpg","type":"image\/jpeg"}],"twitter_card":"summary_large_image","twitter_misc":{"Gesch\u00e4tzte Lesezeit":"1\u00a0Minute"},"schema":{"@context":"https:\/\/schema.org","@graph":[{"@type":"WebPage","@id":"https:\/\/marktxxl.de\/markt\/produkt\/voter-postkarten-102-x-152-cm-motiv-one-vote-can-rock-the-boot-rot-weiss-und-blau-mit-leerer-rueckseite-fuer-nachrichten-an-votierer-ermutigen-sie-die-abstimmung-in-ihrem-staat\/","url":"https:\/\/marktxxl.de\/markt\/produkt\/voter-postkarten-102-x-152-cm-motiv-one-vote-can-rock-the-boot-rot-weiss-und-blau-mit-leerer-rueckseite-fuer-nachrichten-an-votierer-ermutigen-sie-die-abstimmung-in-ihrem-staat\/","name":"Voter Postkarten, 10,2 x 15,2 cm, Motiv One Vote Can Rock the Boot, Rot, Wei\u00df und Blau, mit leerer R\u00fcckseite f\u00fcr\u2026 - Markt-XXL","isPartOf":{"@id":"https:\/\/marktxxl.de\/markt\/#website"},"primaryImageOfPage":{"@id":"https:\/\/marktxxl.de\/markt\/produkt\/voter-postkarten-102-x-152-cm-motiv-one-vote-can-rock-the-boot-rot-weiss-und-blau-mit-leerer-rueckseite-fuer-nachrichten-an-votierer-ermutigen-sie-die-abstimmung-in-ihrem-staat\/#primaryimage"},"image":{"@id":"https:\/\/marktxxl.de\/markt\/produkt\/voter-postkarten-102-x-152-cm-motiv-one-vote-can-rock-the-boot-rot-weiss-und-blau-mit-leerer-rueckseite-fuer-nachrichten-an-votierer-ermutigen-sie-die-abstimmung-in-ihrem-staat\/#primaryimage"},"thumbnailUrl":"https:\/\/m.media-amazon.com\/images\/I\/51bhpJoNnjL._SL500_.jpg","datePublished":"2022-10-12T07:16:45+00:00","dateModified":"2023-04-10T02:49:44+00:00","description":"Markt-XXL Voter Postkarten, 10,2 x 15,2 cm, Motiv One Vote Can Rock the Boot, Rot, Wei\u00df und Blau, mit leerer R\u00fcckseite f\u00fcr\u2026","breadcrumb":{"@id":"https:\/\/marktxxl.de\/markt\/produkt\/voter-postkarten-102-x-152-cm-motiv-one-vote-can-rock-the-boot-rot-weiss-und-blau-mit-leerer-rueckseite-fuer-nachrichten-an-votierer-ermutigen-sie-die-abstimmung-in-ihrem-staat\/#breadcrumb"},"inLanguage":"de","potentialAction":[{"@type":"ReadAction","target":["https:\/\/marktxxl.de\/markt\/produkt\/voter-postkarten-102-x-152-cm-motiv-one-vote-can-rock-the-boot-rot-weiss-und-blau-mit-leerer-rueckseite-fuer-nachrichten-an-votierer-ermutigen-sie-die-abstimmung-in-ihrem-staat\/"]}]},{"@type":"ImageObject","inLanguage":"de","@id":"https:\/\/marktxxl.de\/markt\/produkt\/voter-postkarten-102-x-152-cm-motiv-one-vote-can-rock-the-boot-rot-weiss-und-blau-mit-leerer-rueckseite-fuer-nachrichten-an-votierer-ermutigen-sie-die-abstimmung-in-ihrem-staat\/#primaryimage","url":"https:\/\/m.media-amazon.com\/images\/I\/51bhpJoNnjL._SL500_.jpg","contentUrl":"https:\/\/m.media-amazon.com\/images\/I\/51bhpJoNnjL._SL500_.jpg","width":500,"height":500},{"@type":"BreadcrumbList","@id":"https:\/\/marktxxl.de\/markt\/produkt\/voter-postkarten-102-x-152-cm-motiv-one-vote-can-rock-the-boot-rot-weiss-und-blau-mit-leerer-rueckseite-fuer-nachrichten-an-votierer-ermutigen-sie-die-abstimmung-in-ihrem-staat\/#breadcrumb","itemListElement":[{"@type":"ListItem","position":1,"name":"Startseite","item":"https:\/\/marktxxl.de\/markt\/"},{"@type":"ListItem","position":2,"name":"Markt","item":"https:\/\/marktxxl.de\/markt\/"},{"@type":"ListItem","position":3,"name":"Voter Postkarten, 10,2 x 15,2 cm, Motiv One Vote Can Rock the Boot, Rot, Wei\u00df und Blau, mit leerer R\u00fcckseite f\u00fcr\u2026"}]},{"@type":"WebSite","@id":"https:\/\/marktxxl.de\/markt\/#website","url":"https:\/\/marktxxl.de\/markt\/","name":"Markt-XXL","description":"Ihr Markt Online","publisher":{"@id":"https:\/\/marktxxl.de\/markt\/#organization"},"potentialAction":[{"@type":"SearchAction","target":{"@type":"EntryPoint","urlTemplate":"https:\/\/marktxxl.de\/markt\/?s={search_term_string}"},"query-input":{"@type":"PropertyValueSpecification","valueRequired":true,"valueName":"search_term_string"}}],"inLanguage":"de"},{"@type":"Organization","@id":"https:\/\/marktxxl.de\/markt\/#organization","name":"Markt-XXL","url":"https:\/\/marktxxl.de\/markt\/","logo":{"@type":"ImageObject","inLanguage":"de","@id":"https:\/\/marktxxl.de\/markt\/#\/schema\/logo\/image\/","url":"https:\/\/marktxxl.de\/markt\/wp-content\/uploads\/sites\/3\/2020\/12\/logo.png","contentUrl":"https:\/\/marktxxl.de\/markt\/wp-content\/uploads\/sites\/3\/2020\/12\/logo.png","width":200,"height":70,"caption":"Markt-XXL"},"image":{"@id":"https:\/\/marktxxl.de\/markt\/#\/schema\/logo\/image\/"}}]}},"_links":{"self":[{"href":"https:\/\/marktxxl.de\/markt\/wp-json\/wp\/v2\/product\/159563","targetHints":{"allow":["GET"]}}],"collection":[{"href":"https:\/\/marktxxl.de\/markt\/wp-json\/wp\/v2\/product"}],"about":[{"href":"https:\/\/marktxxl.de\/markt\/wp-json\/wp\/v2\/types\/product"}],"replies":[{"embeddable":true,"href":"https:\/\/marktxxl.de\/markt\/wp-json\/wp\/v2\/comments?post=159563"}],"wp:featuredmedia":[{"embeddable":true,"href":"https:\/\/marktxxl.de\/markt\/wp-json\/wp\/v2\/media\/159564"}],"wp:attachment":[{"href":"https:\/\/marktxxl.de\/markt\/wp-json\/wp\/v2\/media?parent=159563"}],"wp:term":[{"taxonomy":"product_brand","embeddable":true,"href":"https:\/\/marktxxl.de\/markt\/wp-json\/wp\/v2\/product_brand?post=159563"},{"taxonomy":"product_cat","embeddable":true,"href":"https:\/\/marktxxl.de\/markt\/wp-json\/wp\/v2\/product_cat?post=159563"},{"taxonomy":"product_tag","embeddable":true,"href":"https:\/\/marktxxl.de\/markt\/wp-json\/wp\/v2\/product_tag?post=159563"}],"curies":[{"name":"wp","href":"https:\/\/api.w.org\/{rel}","templated":true}]}}