{"id":159545,"date":"2022-10-12T09:16:04","date_gmt":"2022-10-12T07:16:04","guid":{"rendered":"https:\/\/marktxxl.de\/markt\/produkt\/sizzix-thinlits-stanzformen-set-12pk-kamin\/"},"modified":"2023-04-10T04:49:44","modified_gmt":"2023-04-10T02:49:44","slug":"sizzix-thinlits-stanzformen-set-12pk-kamin","status":"publish","type":"product","link":"https:\/\/marktxxl.de\/markt\/produkt\/sizzix-thinlits-stanzformen-set-12pk-kamin\/","title":{"rendered":"Sizzix Thinlits Stanzformen Set 12Pk Kamin"},"content":{"rendered":"<p>Nichts w\u00e4rmt das Herz zu Weihnachten wie eine gem\u00fctliche Kaminszene. Mit dem Thinlits Set von Tim Holtz k\u00f6nnen Sie Ihren Projekten eine unverwechselbare architektonische Besonderheit verleihen, indem Sie eine Vielzahl von Elementen f\u00fcr einen personalisierten Look verwenden. Es gibt sogar Girlanden und Str\u00fcmpfe, damit Sie den Kamin weihnachtlich schm\u00fccken k\u00f6nnen!<br \/>\nMit Thinlits Stanzformen k\u00f6nnen Sie komplexe Designs aus einem Bogen Papier, einer Karte, aus Metallfolie, Pergament, Schrumpf- oder Schablonenfolie ausschneiden.<br \/>\nThinlits Stanzformen gibt es in zahlreichen sch\u00f6nen Formen und Gr\u00f6\u00dfen, um Ihren Bastelarbeiten mit Papier und Schablonen das gewisse Etwas zu verleihen.<br \/>\nKompatibel mit Sizzix Big Shot, Sizzix Big Shot Express, Sizzix Big Shot Foldaway, Sizzix Big Shot Plus und Sizzix Big Shot Pro.<br \/>\n10.2cm x 9.2cm<br \/>\n<div class=\"main-cross-sell\" data-asin=\"B07RQM6V4H\">\n\n\t<div class=\"WooZone-cross-sell-loader\">\n\t\t<div>\n\t\t\t<div id=\"floatingBarsG\">\n\t\t\t\t<div class=\"blockG\" id=\"rotateG_01\"><\/div>\n\t\t\t\t<div class=\"blockG\" id=\"rotateG_02\"><\/div>\n\t\t\t\t<div class=\"blockG\" id=\"rotateG_03\"><\/div>\n\t\t\t\t<div class=\"blockG\" id=\"rotateG_04\"><\/div>\n\t\t\t\t<div class=\"blockG\" id=\"rotateG_05\"><\/div>\n\t\t\t\t<div class=\"blockG\" id=\"rotateG_06\"><\/div>\n\t\t\t\t<div class=\"blockG\" id=\"rotateG_07\"><\/div>\n\t\t\t\t<div class=\"blockG\" id=\"rotateG_08\"><\/div>\n\t\t\t<\/div>\n\t\t\t<div class=\"WooZone-cross-sell-loader-text\"><\/div>\n\t\t<\/div>\n\t<\/div>\n\n\t\t\n<\/div>\n<div style=\"clear:both;\"><\/div><\/p>\n","protected":false},"excerpt":{"rendered":"<p>Nichts w\u00e4rmt das Herz zu Weihnachten wie eine gem\u00fctliche Kaminszene. Mit dem Thinlits Set von Tim Holtz k\u00f6nnen Sie Ihren Projekten eine unverwechselbare architektonische Besonderheit verleihen, indem Sie eine Vielzahl von Elementen f\u00fcr einen personalisierten Look verwenden. Es gibt sogar Girlanden und Str\u00fcmpfe, damit Sie den Kamin weihnachtlich schm\u00fccken k\u00f6nnen!<br \/>\nMit Thinlits Stanzformen k\u00f6nnen Sie komplexe Designs aus einem Bogen Papier, einer Karte, aus Metallfolie, Pergament, Schrumpf- oder Schablonenfolie ausschneiden.<br \/>\nThinlits Stanzformen gibt es in zahlreichen sch\u00f6nen Formen und Gr\u00f6\u00dfen, um Ihren Bastelarbeiten mit Papier und Schablonen das gewisse Etwas zu verleihen.<\/p>\n","protected":false},"featured_media":159546,"comment_status":"open","ping_status":"closed","template":"","meta":[],"product_brand":[],"product_cat":[504,8482],"product_tag":[],"class_list":{"0":"post-159545","1":"product","2":"type-product","3":"status-publish","4":"has-post-thumbnail","6":"product_cat-buerobedarf-schreibwaren","7":"product_cat-kuenstler-bastelbedarf","8":"pa_binding-haushaltswaren","9":"pa_brand-sizzix","10":"pa_color-mehrfarben","11":"pa_height-0-25-zoll","12":"pa_length-7-5-zoll","13":"pa_manufacturer-ellison","14":"pa_model-43274","15":"pa_size-einheitsgroesse","16":"pa_weight-0-0881849048-pfund","17":"pa_width-5-7-zoll","19":"first","20":"instock","21":"shipping-taxable","22":"purchasable","23":"product-type-simple","24":"customify-col","25":"product-has-gallery"},"yoast_head":"<!-- This site is optimized with the Yoast SEO plugin v27.3 - https:\/\/yoast.com\/product\/yoast-seo-wordpress\/ -->\n<title>Sizzix Thinlits Stanzformen Set 12Pk Kamin - Markt-XXL<\/title>\n<meta name=\"description\" content=\"Markt-XXL Sizzix Thinlits Stanzformen Set 12Pk Kamin\" \/>\n<meta name=\"robots\" content=\"index, follow, max-snippet:-1, max-image-preview:large, max-video-preview:-1\" \/>\n<link rel=\"canonical\" href=\"https:\/\/marktxxl.de\/markt\/produkt\/sizzix-thinlits-stanzformen-set-12pk-kamin\/\" \/>\n<meta property=\"og:locale\" content=\"de_DE\" \/>\n<meta property=\"og:type\" content=\"article\" \/>\n<meta property=\"og:title\" content=\"Sizzix Thinlits Stanzformen Set 12Pk Kamin - Markt-XXL\" \/>\n<meta property=\"og:description\" content=\"Markt-XXL Sizzix Thinlits Stanzformen Set 12Pk Kamin\" \/>\n<meta property=\"og:url\" content=\"https:\/\/marktxxl.de\/markt\/produkt\/sizzix-thinlits-stanzformen-set-12pk-kamin\/\" \/>\n<meta property=\"og:site_name\" content=\"Markt-XXL\" \/>\n<meta property=\"article:modified_time\" content=\"2023-04-10T02:49:44+00:00\" \/>\n<meta property=\"og:image\" content=\"https:\/\/m.media-amazon.com\/images\/I\/41ezdNSgv4L._SL500_.jpg\" \/>\n\t<meta property=\"og:image:width\" content=\"500\" \/>\n\t<meta property=\"og:image:height\" content=\"388\" \/>\n\t<meta property=\"og:image:type\" content=\"image\/jpeg\" \/>\n<meta name=\"twitter:card\" content=\"summary_large_image\" \/>\n<meta name=\"twitter:label1\" content=\"Gesch\u00e4tzte Lesezeit\" \/>\n\t<meta name=\"twitter:data1\" content=\"1\u00a0Minute\" \/>\n<script type=\"application\/ld+json\" class=\"yoast-schema-graph\">{\"@context\":\"https:\\\/\\\/schema.org\",\"@graph\":[{\"@type\":\"WebPage\",\"@id\":\"https:\\\/\\\/marktxxl.de\\\/markt\\\/produkt\\\/sizzix-thinlits-stanzformen-set-12pk-kamin\\\/\",\"url\":\"https:\\\/\\\/marktxxl.de\\\/markt\\\/produkt\\\/sizzix-thinlits-stanzformen-set-12pk-kamin\\\/\",\"name\":\"Sizzix Thinlits Stanzformen Set 12Pk Kamin - Markt-XXL\",\"isPartOf\":{\"@id\":\"https:\\\/\\\/marktxxl.de\\\/markt\\\/#website\"},\"primaryImageOfPage\":{\"@id\":\"https:\\\/\\\/marktxxl.de\\\/markt\\\/produkt\\\/sizzix-thinlits-stanzformen-set-12pk-kamin\\\/#primaryimage\"},\"image\":{\"@id\":\"https:\\\/\\\/marktxxl.de\\\/markt\\\/produkt\\\/sizzix-thinlits-stanzformen-set-12pk-kamin\\\/#primaryimage\"},\"thumbnailUrl\":\"https:\\\/\\\/m.media-amazon.com\\\/images\\\/I\\\/41ezdNSgv4L._SL500_.jpg\",\"datePublished\":\"2022-10-12T07:16:04+00:00\",\"dateModified\":\"2023-04-10T02:49:44+00:00\",\"description\":\"Markt-XXL Sizzix Thinlits Stanzformen Set 12Pk Kamin\",\"breadcrumb\":{\"@id\":\"https:\\\/\\\/marktxxl.de\\\/markt\\\/produkt\\\/sizzix-thinlits-stanzformen-set-12pk-kamin\\\/#breadcrumb\"},\"inLanguage\":\"de\",\"potentialAction\":[{\"@type\":\"ReadAction\",\"target\":[\"https:\\\/\\\/marktxxl.de\\\/markt\\\/produkt\\\/sizzix-thinlits-stanzformen-set-12pk-kamin\\\/\"]}]},{\"@type\":\"ImageObject\",\"inLanguage\":\"de\",\"@id\":\"https:\\\/\\\/marktxxl.de\\\/markt\\\/produkt\\\/sizzix-thinlits-stanzformen-set-12pk-kamin\\\/#primaryimage\",\"url\":\"https:\\\/\\\/m.media-amazon.com\\\/images\\\/I\\\/41ezdNSgv4L._SL500_.jpg\",\"contentUrl\":\"https:\\\/\\\/m.media-amazon.com\\\/images\\\/I\\\/41ezdNSgv4L._SL500_.jpg\",\"width\":500,\"height\":388},{\"@type\":\"BreadcrumbList\",\"@id\":\"https:\\\/\\\/marktxxl.de\\\/markt\\\/produkt\\\/sizzix-thinlits-stanzformen-set-12pk-kamin\\\/#breadcrumb\",\"itemListElement\":[{\"@type\":\"ListItem\",\"position\":1,\"name\":\"Startseite\",\"item\":\"https:\\\/\\\/marktxxl.de\\\/markt\\\/\"},{\"@type\":\"ListItem\",\"position\":2,\"name\":\"Markt\",\"item\":\"https:\\\/\\\/marktxxl.de\\\/markt\\\/\"},{\"@type\":\"ListItem\",\"position\":3,\"name\":\"Sizzix Thinlits Stanzformen Set 12Pk Kamin\"}]},{\"@type\":\"WebSite\",\"@id\":\"https:\\\/\\\/marktxxl.de\\\/markt\\\/#website\",\"url\":\"https:\\\/\\\/marktxxl.de\\\/markt\\\/\",\"name\":\"Markt-XXL\",\"description\":\"Ihr Markt Online\",\"publisher\":{\"@id\":\"https:\\\/\\\/marktxxl.de\\\/markt\\\/#organization\"},\"potentialAction\":[{\"@type\":\"SearchAction\",\"target\":{\"@type\":\"EntryPoint\",\"urlTemplate\":\"https:\\\/\\\/marktxxl.de\\\/markt\\\/?s={search_term_string}\"},\"query-input\":{\"@type\":\"PropertyValueSpecification\",\"valueRequired\":true,\"valueName\":\"search_term_string\"}}],\"inLanguage\":\"de\"},{\"@type\":\"Organization\",\"@id\":\"https:\\\/\\\/marktxxl.de\\\/markt\\\/#organization\",\"name\":\"Markt-XXL\",\"url\":\"https:\\\/\\\/marktxxl.de\\\/markt\\\/\",\"logo\":{\"@type\":\"ImageObject\",\"inLanguage\":\"de\",\"@id\":\"https:\\\/\\\/marktxxl.de\\\/markt\\\/#\\\/schema\\\/logo\\\/image\\\/\",\"url\":\"https:\\\/\\\/marktxxl.de\\\/markt\\\/wp-content\\\/uploads\\\/sites\\\/3\\\/2020\\\/12\\\/logo.png\",\"contentUrl\":\"https:\\\/\\\/marktxxl.de\\\/markt\\\/wp-content\\\/uploads\\\/sites\\\/3\\\/2020\\\/12\\\/logo.png\",\"width\":200,\"height\":70,\"caption\":\"Markt-XXL\"},\"image\":{\"@id\":\"https:\\\/\\\/marktxxl.de\\\/markt\\\/#\\\/schema\\\/logo\\\/image\\\/\"}}]}<\/script>\n<!-- \/ Yoast SEO plugin. -->","yoast_head_json":{"title":"Sizzix Thinlits Stanzformen Set 12Pk Kamin - Markt-XXL","description":"Markt-XXL Sizzix Thinlits Stanzformen Set 12Pk Kamin","robots":{"index":"index","follow":"follow","max-snippet":"max-snippet:-1","max-image-preview":"max-image-preview:large","max-video-preview":"max-video-preview:-1"},"canonical":"https:\/\/marktxxl.de\/markt\/produkt\/sizzix-thinlits-stanzformen-set-12pk-kamin\/","og_locale":"de_DE","og_type":"article","og_title":"Sizzix Thinlits Stanzformen Set 12Pk Kamin - Markt-XXL","og_description":"Markt-XXL Sizzix Thinlits Stanzformen Set 12Pk Kamin","og_url":"https:\/\/marktxxl.de\/markt\/produkt\/sizzix-thinlits-stanzformen-set-12pk-kamin\/","og_site_name":"Markt-XXL","article_modified_time":"2023-04-10T02:49:44+00:00","og_image":[{"width":500,"height":388,"url":"https:\/\/m.media-amazon.com\/images\/I\/41ezdNSgv4L._SL500_.jpg","type":"image\/jpeg"}],"twitter_card":"summary_large_image","twitter_misc":{"Gesch\u00e4tzte Lesezeit":"1\u00a0Minute"},"schema":{"@context":"https:\/\/schema.org","@graph":[{"@type":"WebPage","@id":"https:\/\/marktxxl.de\/markt\/produkt\/sizzix-thinlits-stanzformen-set-12pk-kamin\/","url":"https:\/\/marktxxl.de\/markt\/produkt\/sizzix-thinlits-stanzformen-set-12pk-kamin\/","name":"Sizzix Thinlits Stanzformen Set 12Pk Kamin - Markt-XXL","isPartOf":{"@id":"https:\/\/marktxxl.de\/markt\/#website"},"primaryImageOfPage":{"@id":"https:\/\/marktxxl.de\/markt\/produkt\/sizzix-thinlits-stanzformen-set-12pk-kamin\/#primaryimage"},"image":{"@id":"https:\/\/marktxxl.de\/markt\/produkt\/sizzix-thinlits-stanzformen-set-12pk-kamin\/#primaryimage"},"thumbnailUrl":"https:\/\/m.media-amazon.com\/images\/I\/41ezdNSgv4L._SL500_.jpg","datePublished":"2022-10-12T07:16:04+00:00","dateModified":"2023-04-10T02:49:44+00:00","description":"Markt-XXL Sizzix Thinlits Stanzformen Set 12Pk Kamin","breadcrumb":{"@id":"https:\/\/marktxxl.de\/markt\/produkt\/sizzix-thinlits-stanzformen-set-12pk-kamin\/#breadcrumb"},"inLanguage":"de","potentialAction":[{"@type":"ReadAction","target":["https:\/\/marktxxl.de\/markt\/produkt\/sizzix-thinlits-stanzformen-set-12pk-kamin\/"]}]},{"@type":"ImageObject","inLanguage":"de","@id":"https:\/\/marktxxl.de\/markt\/produkt\/sizzix-thinlits-stanzformen-set-12pk-kamin\/#primaryimage","url":"https:\/\/m.media-amazon.com\/images\/I\/41ezdNSgv4L._SL500_.jpg","contentUrl":"https:\/\/m.media-amazon.com\/images\/I\/41ezdNSgv4L._SL500_.jpg","width":500,"height":388},{"@type":"BreadcrumbList","@id":"https:\/\/marktxxl.de\/markt\/produkt\/sizzix-thinlits-stanzformen-set-12pk-kamin\/#breadcrumb","itemListElement":[{"@type":"ListItem","position":1,"name":"Startseite","item":"https:\/\/marktxxl.de\/markt\/"},{"@type":"ListItem","position":2,"name":"Markt","item":"https:\/\/marktxxl.de\/markt\/"},{"@type":"ListItem","position":3,"name":"Sizzix Thinlits Stanzformen Set 12Pk Kamin"}]},{"@type":"WebSite","@id":"https:\/\/marktxxl.de\/markt\/#website","url":"https:\/\/marktxxl.de\/markt\/","name":"Markt-XXL","description":"Ihr Markt Online","publisher":{"@id":"https:\/\/marktxxl.de\/markt\/#organization"},"potentialAction":[{"@type":"SearchAction","target":{"@type":"EntryPoint","urlTemplate":"https:\/\/marktxxl.de\/markt\/?s={search_term_string}"},"query-input":{"@type":"PropertyValueSpecification","valueRequired":true,"valueName":"search_term_string"}}],"inLanguage":"de"},{"@type":"Organization","@id":"https:\/\/marktxxl.de\/markt\/#organization","name":"Markt-XXL","url":"https:\/\/marktxxl.de\/markt\/","logo":{"@type":"ImageObject","inLanguage":"de","@id":"https:\/\/marktxxl.de\/markt\/#\/schema\/logo\/image\/","url":"https:\/\/marktxxl.de\/markt\/wp-content\/uploads\/sites\/3\/2020\/12\/logo.png","contentUrl":"https:\/\/marktxxl.de\/markt\/wp-content\/uploads\/sites\/3\/2020\/12\/logo.png","width":200,"height":70,"caption":"Markt-XXL"},"image":{"@id":"https:\/\/marktxxl.de\/markt\/#\/schema\/logo\/image\/"}}]}},"_links":{"self":[{"href":"https:\/\/marktxxl.de\/markt\/wp-json\/wp\/v2\/product\/159545","targetHints":{"allow":["GET"]}}],"collection":[{"href":"https:\/\/marktxxl.de\/markt\/wp-json\/wp\/v2\/product"}],"about":[{"href":"https:\/\/marktxxl.de\/markt\/wp-json\/wp\/v2\/types\/product"}],"replies":[{"embeddable":true,"href":"https:\/\/marktxxl.de\/markt\/wp-json\/wp\/v2\/comments?post=159545"}],"wp:featuredmedia":[{"embeddable":true,"href":"https:\/\/marktxxl.de\/markt\/wp-json\/wp\/v2\/media\/159546"}],"wp:attachment":[{"href":"https:\/\/marktxxl.de\/markt\/wp-json\/wp\/v2\/media?parent=159545"}],"wp:term":[{"taxonomy":"product_brand","embeddable":true,"href":"https:\/\/marktxxl.de\/markt\/wp-json\/wp\/v2\/product_brand?post=159545"},{"taxonomy":"product_cat","embeddable":true,"href":"https:\/\/marktxxl.de\/markt\/wp-json\/wp\/v2\/product_cat?post=159545"},{"taxonomy":"product_tag","embeddable":true,"href":"https:\/\/marktxxl.de\/markt\/wp-json\/wp\/v2\/product_tag?post=159545"}],"curies":[{"name":"wp","href":"https:\/\/api.w.org\/{rel}","templated":true}]}}