{"id":159490,"date":"2022-10-12T08:52:11","date_gmt":"2022-10-12T06:52:11","guid":{"rendered":"https:\/\/marktxxl.de\/markt\/produkt\/at-a-glance-wochen-und-monatsplaner-2023-dayminder-viertelstuendliches-terminbuch-216-x-279-cm-grosse-monatliche-tabs-grau-gc52007\/"},"modified":"2023-04-10T04:49:43","modified_gmt":"2023-04-10T02:49:43","slug":"at-a-glance-wochen-und-monatsplaner-2023-dayminder-viertelstuendliches-terminbuch-216-x-279-cm-grosse-monatliche-tabs-grau-gc52007","status":"publish","type":"product","link":"https:\/\/marktxxl.de\/markt\/produkt\/at-a-glance-wochen-und-monatsplaner-2023-dayminder-viertelstuendliches-terminbuch-216-x-279-cm-grosse-monatliche-tabs-grau-gc52007\/","title":{"rendered":"AT-A-GLANCE Wochen- und Monatsplaner 2023, DayMinder, Viertelst\u00fcndchen-Terminbuch, 21,6 x 27,9 cm, gro\u00df, monatliche\u2026"},"content":{"rendered":"<p>Jahresplanung \u2013 h\u00e4lt das ganze Jahr. Gro\u00dfer Planer umfasst 12 Monate von Januar 2023 bis Dezember 2023 mit Julianischen Daten. Behalten Sie den \u00dcberblick \u00fcber wichtige Termine und mehr mit \u00fcbersichtlicher Organisation.<br \/>\nTintenstrahlwiderstand \u2013 Planen Sie Ihren Zeitplan ohne Angst vor st\u00f6renden Tintenblutungen. Unser verbessertes, hochwertiges Papier ist f\u00fcr eine \u00fcberlegene Tintendurchlauffestigkeit ausgelegt, wodurch die Pl\u00e4ne sauber und gut lesbar bleiben.<br \/>\nWochen\u00fcbersichten und monatliche \u00dcbersichten \u2013 Halten Sie Meetings, Veranstaltungen und mehr in den w\u00f6chentlichen und monatlichen Sprechzeiten aufgezeichnet. Inklusive Monaten. Vergangene und zuk\u00fcnftige Kalenderreferenzen sind auf jeder Tages\u00fcbersicht enthalten. Ma\u00dfe der Seiten: 21,5 x 27,9 cm.<br \/>\nTerminzeiten: Wochentage haben 15 Minuten Terminpl\u00e4tze von 8:00 Uhr &#8211; 9:45 Uhr Samstag haben 30 Minuten Schlitze von 7:00 Uhr &#8211; 7:30 Uhr und 15 Minuten von 8:00 Uhr &#8211; 6:45 Uhr Seiten-Ma\u00dfe: 21 x 27,9 cm<br \/>\nProfessionelles Design \u2013 \u00dcbernehmen Sie die Verantwortung f\u00fcr Ihren Zeitplan mit klassischem Stil. Der Planer hat einen grauen Einband und eine Doppeldrahtbindung, um Seiten f\u00fcr eine l\u00e4ngere Nutzung sicher zu halten.<br \/>\n<div class=\"main-cross-sell\" data-asin=\"B09WYWWW96\">\n\n\t<div class=\"WooZone-cross-sell-loader\">\n\t\t<div>\n\t\t\t<div id=\"floatingBarsG\">\n\t\t\t\t<div class=\"blockG\" id=\"rotateG_01\"><\/div>\n\t\t\t\t<div class=\"blockG\" id=\"rotateG_02\"><\/div>\n\t\t\t\t<div class=\"blockG\" id=\"rotateG_03\"><\/div>\n\t\t\t\t<div class=\"blockG\" id=\"rotateG_04\"><\/div>\n\t\t\t\t<div class=\"blockG\" id=\"rotateG_05\"><\/div>\n\t\t\t\t<div class=\"blockG\" id=\"rotateG_06\"><\/div>\n\t\t\t\t<div class=\"blockG\" id=\"rotateG_07\"><\/div>\n\t\t\t\t<div class=\"blockG\" id=\"rotateG_08\"><\/div>\n\t\t\t<\/div>\n\t\t\t<div class=\"WooZone-cross-sell-loader-text\"><\/div>\n\t\t<\/div>\n\t<\/div>\n\n\t\t\n<\/div>\n<div style=\"clear:both;\"><\/div><\/p>\n","protected":false},"excerpt":{"rendered":"<p>Jahresplanung \u2013 h\u00e4lt das ganze Jahr. Gro\u00dfer Planer umfasst 12 Monate von Januar 2023 bis Dezember 2023 mit Julianischen Daten. Behalten Sie den \u00dcberblick \u00fcber wichtige Termine und mehr mit \u00fcbersichtlicher Organisation.<br \/>\nTintenstrahlwiderstand \u2013 Planen Sie Ihren Zeitplan ohne Angst vor st\u00f6renden Tintenblutungen. Unser verbessertes, hochwertiges Papier ist f\u00fcr eine \u00fcberlegene Tintendurchlauffestigkeit ausgelegt, wodurch die Pl\u00e4ne sauber und gut lesbar bleiben.<br \/>\nWochen\u00fcbersichten und monatliche \u00dcbersichten \u2013 Halten Sie Meetings, Veranstaltungen und mehr in den w\u00f6chentlichen und monatlichen Sprechzeiten aufgezeichnet. Inklusive Monaten. Vergangene und zuk\u00fcnftige Kalenderreferenzen sind auf jeder Tages\u00fcbersicht enthalten. Ma\u00dfe der Seiten: 21,5 x 27,9 cm.<\/p>\n","protected":false},"featured_media":159491,"comment_status":"open","ping_status":"closed","template":"","meta":[],"product_brand":[],"product_cat":[504,8381],"product_tag":[],"class_list":{"0":"post-159490","1":"product","2":"type-product","3":"status-publish","4":"has-post-thumbnail","6":"product_cat-buerobedarf-schreibwaren","7":"product_cat-kalender-planer-und-organizer","8":"pa_binding-spiralbindung","9":"pa_brand-at-a-glance","10":"pa_color-grau","11":"pa_manufacturer-acco-brands","12":"pa_model-gc5200723","13":"pa_size-8-5-inches-x-11-inches","15":"first","16":"instock","17":"shipping-taxable","18":"purchasable","19":"product-type-simple","20":"customify-col","21":"product-has-gallery"},"yoast_head":"<!-- This site is optimized with the Yoast SEO plugin v27.3 - https:\/\/yoast.com\/product\/yoast-seo-wordpress\/ -->\n<title>AT-A-GLANCE Wochen- und Monatsplaner 2023, DayMinder, Viertelst\u00fcndchen-Terminbuch, 21,6 x 27,9 cm, gro\u00df, monatliche\u2026 - Markt-XXL<\/title>\n<meta name=\"description\" content=\"Markt-XXL AT-A-GLANCE Wochen- und Monatsplaner 2023, DayMinder, Viertelst\u00fcndchen-Terminbuch, 21,6 x 27,9 cm, gro\u00df, monatliche\u2026\" \/>\n<meta name=\"robots\" content=\"index, follow, max-snippet:-1, max-image-preview:large, max-video-preview:-1\" \/>\n<link rel=\"canonical\" href=\"https:\/\/marktxxl.de\/markt\/produkt\/at-a-glance-wochen-und-monatsplaner-2023-dayminder-viertelstuendliches-terminbuch-216-x-279-cm-grosse-monatliche-tabs-grau-gc52007\/\" \/>\n<meta property=\"og:locale\" content=\"de_DE\" \/>\n<meta property=\"og:type\" content=\"article\" \/>\n<meta property=\"og:title\" content=\"AT-A-GLANCE Wochen- und Monatsplaner 2023, DayMinder, Viertelst\u00fcndchen-Terminbuch, 21,6 x 27,9 cm, gro\u00df, monatliche\u2026 - Markt-XXL\" \/>\n<meta property=\"og:description\" content=\"Markt-XXL AT-A-GLANCE Wochen- und Monatsplaner 2023, DayMinder, Viertelst\u00fcndchen-Terminbuch, 21,6 x 27,9 cm, gro\u00df, monatliche\u2026\" \/>\n<meta property=\"og:url\" content=\"https:\/\/marktxxl.de\/markt\/produkt\/at-a-glance-wochen-und-monatsplaner-2023-dayminder-viertelstuendliches-terminbuch-216-x-279-cm-grosse-monatliche-tabs-grau-gc52007\/\" \/>\n<meta property=\"og:site_name\" content=\"Markt-XXL\" \/>\n<meta property=\"article:modified_time\" content=\"2023-04-10T02:49:43+00:00\" \/>\n<meta property=\"og:image\" content=\"https:\/\/m.media-amazon.com\/images\/I\/31sQ-6zd-UL._SL500_.jpg\" \/>\n\t<meta property=\"og:image:width\" content=\"500\" \/>\n\t<meta property=\"og:image:height\" content=\"500\" \/>\n\t<meta property=\"og:image:type\" content=\"image\/jpeg\" \/>\n<meta name=\"twitter:card\" content=\"summary_large_image\" \/>\n<meta name=\"twitter:label1\" content=\"Gesch\u00e4tzte Lesezeit\" \/>\n\t<meta name=\"twitter:data1\" content=\"1\u00a0Minute\" \/>\n<script type=\"application\/ld+json\" class=\"yoast-schema-graph\">{\"@context\":\"https:\\\/\\\/schema.org\",\"@graph\":[{\"@type\":\"WebPage\",\"@id\":\"https:\\\/\\\/marktxxl.de\\\/markt\\\/produkt\\\/at-a-glance-wochen-und-monatsplaner-2023-dayminder-viertelstuendliches-terminbuch-216-x-279-cm-grosse-monatliche-tabs-grau-gc52007\\\/\",\"url\":\"https:\\\/\\\/marktxxl.de\\\/markt\\\/produkt\\\/at-a-glance-wochen-und-monatsplaner-2023-dayminder-viertelstuendliches-terminbuch-216-x-279-cm-grosse-monatliche-tabs-grau-gc52007\\\/\",\"name\":\"AT-A-GLANCE Wochen- und Monatsplaner 2023, DayMinder, Viertelst\u00fcndchen-Terminbuch, 21,6 x 27,9 cm, gro\u00df, monatliche\u2026 - Markt-XXL\",\"isPartOf\":{\"@id\":\"https:\\\/\\\/marktxxl.de\\\/markt\\\/#website\"},\"primaryImageOfPage\":{\"@id\":\"https:\\\/\\\/marktxxl.de\\\/markt\\\/produkt\\\/at-a-glance-wochen-und-monatsplaner-2023-dayminder-viertelstuendliches-terminbuch-216-x-279-cm-grosse-monatliche-tabs-grau-gc52007\\\/#primaryimage\"},\"image\":{\"@id\":\"https:\\\/\\\/marktxxl.de\\\/markt\\\/produkt\\\/at-a-glance-wochen-und-monatsplaner-2023-dayminder-viertelstuendliches-terminbuch-216-x-279-cm-grosse-monatliche-tabs-grau-gc52007\\\/#primaryimage\"},\"thumbnailUrl\":\"https:\\\/\\\/m.media-amazon.com\\\/images\\\/I\\\/31sQ-6zd-UL._SL500_.jpg\",\"datePublished\":\"2022-10-12T06:52:11+00:00\",\"dateModified\":\"2023-04-10T02:49:43+00:00\",\"description\":\"Markt-XXL AT-A-GLANCE Wochen- und Monatsplaner 2023, DayMinder, Viertelst\u00fcndchen-Terminbuch, 21,6 x 27,9 cm, gro\u00df, monatliche\u2026\",\"breadcrumb\":{\"@id\":\"https:\\\/\\\/marktxxl.de\\\/markt\\\/produkt\\\/at-a-glance-wochen-und-monatsplaner-2023-dayminder-viertelstuendliches-terminbuch-216-x-279-cm-grosse-monatliche-tabs-grau-gc52007\\\/#breadcrumb\"},\"inLanguage\":\"de\",\"potentialAction\":[{\"@type\":\"ReadAction\",\"target\":[\"https:\\\/\\\/marktxxl.de\\\/markt\\\/produkt\\\/at-a-glance-wochen-und-monatsplaner-2023-dayminder-viertelstuendliches-terminbuch-216-x-279-cm-grosse-monatliche-tabs-grau-gc52007\\\/\"]}]},{\"@type\":\"ImageObject\",\"inLanguage\":\"de\",\"@id\":\"https:\\\/\\\/marktxxl.de\\\/markt\\\/produkt\\\/at-a-glance-wochen-und-monatsplaner-2023-dayminder-viertelstuendliches-terminbuch-216-x-279-cm-grosse-monatliche-tabs-grau-gc52007\\\/#primaryimage\",\"url\":\"https:\\\/\\\/m.media-amazon.com\\\/images\\\/I\\\/31sQ-6zd-UL._SL500_.jpg\",\"contentUrl\":\"https:\\\/\\\/m.media-amazon.com\\\/images\\\/I\\\/31sQ-6zd-UL._SL500_.jpg\",\"width\":500,\"height\":500},{\"@type\":\"BreadcrumbList\",\"@id\":\"https:\\\/\\\/marktxxl.de\\\/markt\\\/produkt\\\/at-a-glance-wochen-und-monatsplaner-2023-dayminder-viertelstuendliches-terminbuch-216-x-279-cm-grosse-monatliche-tabs-grau-gc52007\\\/#breadcrumb\",\"itemListElement\":[{\"@type\":\"ListItem\",\"position\":1,\"name\":\"Startseite\",\"item\":\"https:\\\/\\\/marktxxl.de\\\/markt\\\/\"},{\"@type\":\"ListItem\",\"position\":2,\"name\":\"Markt\",\"item\":\"https:\\\/\\\/marktxxl.de\\\/markt\\\/\"},{\"@type\":\"ListItem\",\"position\":3,\"name\":\"AT-A-GLANCE Wochen- und Monatsplaner 2023, DayMinder, Viertelst\u00fcndchen-Terminbuch, 21,6 x 27,9 cm, gro\u00df, monatliche\u2026\"}]},{\"@type\":\"WebSite\",\"@id\":\"https:\\\/\\\/marktxxl.de\\\/markt\\\/#website\",\"url\":\"https:\\\/\\\/marktxxl.de\\\/markt\\\/\",\"name\":\"Markt-XXL\",\"description\":\"Ihr Markt Online\",\"publisher\":{\"@id\":\"https:\\\/\\\/marktxxl.de\\\/markt\\\/#organization\"},\"potentialAction\":[{\"@type\":\"SearchAction\",\"target\":{\"@type\":\"EntryPoint\",\"urlTemplate\":\"https:\\\/\\\/marktxxl.de\\\/markt\\\/?s={search_term_string}\"},\"query-input\":{\"@type\":\"PropertyValueSpecification\",\"valueRequired\":true,\"valueName\":\"search_term_string\"}}],\"inLanguage\":\"de\"},{\"@type\":\"Organization\",\"@id\":\"https:\\\/\\\/marktxxl.de\\\/markt\\\/#organization\",\"name\":\"Markt-XXL\",\"url\":\"https:\\\/\\\/marktxxl.de\\\/markt\\\/\",\"logo\":{\"@type\":\"ImageObject\",\"inLanguage\":\"de\",\"@id\":\"https:\\\/\\\/marktxxl.de\\\/markt\\\/#\\\/schema\\\/logo\\\/image\\\/\",\"url\":\"https:\\\/\\\/marktxxl.de\\\/markt\\\/wp-content\\\/uploads\\\/sites\\\/3\\\/2020\\\/12\\\/logo.png\",\"contentUrl\":\"https:\\\/\\\/marktxxl.de\\\/markt\\\/wp-content\\\/uploads\\\/sites\\\/3\\\/2020\\\/12\\\/logo.png\",\"width\":200,\"height\":70,\"caption\":\"Markt-XXL\"},\"image\":{\"@id\":\"https:\\\/\\\/marktxxl.de\\\/markt\\\/#\\\/schema\\\/logo\\\/image\\\/\"}}]}<\/script>\n<!-- \/ Yoast SEO plugin. -->","yoast_head_json":{"title":"AT-A-GLANCE Wochen- und Monatsplaner 2023, DayMinder, Viertelst\u00fcndchen-Terminbuch, 21,6 x 27,9 cm, gro\u00df, monatliche\u2026 - Markt-XXL","description":"Markt-XXL AT-A-GLANCE Wochen- und Monatsplaner 2023, DayMinder, Viertelst\u00fcndchen-Terminbuch, 21,6 x 27,9 cm, gro\u00df, monatliche\u2026","robots":{"index":"index","follow":"follow","max-snippet":"max-snippet:-1","max-image-preview":"max-image-preview:large","max-video-preview":"max-video-preview:-1"},"canonical":"https:\/\/marktxxl.de\/markt\/produkt\/at-a-glance-wochen-und-monatsplaner-2023-dayminder-viertelstuendliches-terminbuch-216-x-279-cm-grosse-monatliche-tabs-grau-gc52007\/","og_locale":"de_DE","og_type":"article","og_title":"AT-A-GLANCE Wochen- und Monatsplaner 2023, DayMinder, Viertelst\u00fcndchen-Terminbuch, 21,6 x 27,9 cm, gro\u00df, monatliche\u2026 - Markt-XXL","og_description":"Markt-XXL AT-A-GLANCE Wochen- und Monatsplaner 2023, DayMinder, Viertelst\u00fcndchen-Terminbuch, 21,6 x 27,9 cm, gro\u00df, monatliche\u2026","og_url":"https:\/\/marktxxl.de\/markt\/produkt\/at-a-glance-wochen-und-monatsplaner-2023-dayminder-viertelstuendliches-terminbuch-216-x-279-cm-grosse-monatliche-tabs-grau-gc52007\/","og_site_name":"Markt-XXL","article_modified_time":"2023-04-10T02:49:43+00:00","og_image":[{"width":500,"height":500,"url":"https:\/\/m.media-amazon.com\/images\/I\/31sQ-6zd-UL._SL500_.jpg","type":"image\/jpeg"}],"twitter_card":"summary_large_image","twitter_misc":{"Gesch\u00e4tzte Lesezeit":"1\u00a0Minute"},"schema":{"@context":"https:\/\/schema.org","@graph":[{"@type":"WebPage","@id":"https:\/\/marktxxl.de\/markt\/produkt\/at-a-glance-wochen-und-monatsplaner-2023-dayminder-viertelstuendliches-terminbuch-216-x-279-cm-grosse-monatliche-tabs-grau-gc52007\/","url":"https:\/\/marktxxl.de\/markt\/produkt\/at-a-glance-wochen-und-monatsplaner-2023-dayminder-viertelstuendliches-terminbuch-216-x-279-cm-grosse-monatliche-tabs-grau-gc52007\/","name":"AT-A-GLANCE Wochen- und Monatsplaner 2023, DayMinder, Viertelst\u00fcndchen-Terminbuch, 21,6 x 27,9 cm, gro\u00df, monatliche\u2026 - Markt-XXL","isPartOf":{"@id":"https:\/\/marktxxl.de\/markt\/#website"},"primaryImageOfPage":{"@id":"https:\/\/marktxxl.de\/markt\/produkt\/at-a-glance-wochen-und-monatsplaner-2023-dayminder-viertelstuendliches-terminbuch-216-x-279-cm-grosse-monatliche-tabs-grau-gc52007\/#primaryimage"},"image":{"@id":"https:\/\/marktxxl.de\/markt\/produkt\/at-a-glance-wochen-und-monatsplaner-2023-dayminder-viertelstuendliches-terminbuch-216-x-279-cm-grosse-monatliche-tabs-grau-gc52007\/#primaryimage"},"thumbnailUrl":"https:\/\/m.media-amazon.com\/images\/I\/31sQ-6zd-UL._SL500_.jpg","datePublished":"2022-10-12T06:52:11+00:00","dateModified":"2023-04-10T02:49:43+00:00","description":"Markt-XXL AT-A-GLANCE Wochen- und Monatsplaner 2023, DayMinder, Viertelst\u00fcndchen-Terminbuch, 21,6 x 27,9 cm, gro\u00df, monatliche\u2026","breadcrumb":{"@id":"https:\/\/marktxxl.de\/markt\/produkt\/at-a-glance-wochen-und-monatsplaner-2023-dayminder-viertelstuendliches-terminbuch-216-x-279-cm-grosse-monatliche-tabs-grau-gc52007\/#breadcrumb"},"inLanguage":"de","potentialAction":[{"@type":"ReadAction","target":["https:\/\/marktxxl.de\/markt\/produkt\/at-a-glance-wochen-und-monatsplaner-2023-dayminder-viertelstuendliches-terminbuch-216-x-279-cm-grosse-monatliche-tabs-grau-gc52007\/"]}]},{"@type":"ImageObject","inLanguage":"de","@id":"https:\/\/marktxxl.de\/markt\/produkt\/at-a-glance-wochen-und-monatsplaner-2023-dayminder-viertelstuendliches-terminbuch-216-x-279-cm-grosse-monatliche-tabs-grau-gc52007\/#primaryimage","url":"https:\/\/m.media-amazon.com\/images\/I\/31sQ-6zd-UL._SL500_.jpg","contentUrl":"https:\/\/m.media-amazon.com\/images\/I\/31sQ-6zd-UL._SL500_.jpg","width":500,"height":500},{"@type":"BreadcrumbList","@id":"https:\/\/marktxxl.de\/markt\/produkt\/at-a-glance-wochen-und-monatsplaner-2023-dayminder-viertelstuendliches-terminbuch-216-x-279-cm-grosse-monatliche-tabs-grau-gc52007\/#breadcrumb","itemListElement":[{"@type":"ListItem","position":1,"name":"Startseite","item":"https:\/\/marktxxl.de\/markt\/"},{"@type":"ListItem","position":2,"name":"Markt","item":"https:\/\/marktxxl.de\/markt\/"},{"@type":"ListItem","position":3,"name":"AT-A-GLANCE Wochen- und Monatsplaner 2023, DayMinder, Viertelst\u00fcndchen-Terminbuch, 21,6 x 27,9 cm, gro\u00df, monatliche\u2026"}]},{"@type":"WebSite","@id":"https:\/\/marktxxl.de\/markt\/#website","url":"https:\/\/marktxxl.de\/markt\/","name":"Markt-XXL","description":"Ihr Markt Online","publisher":{"@id":"https:\/\/marktxxl.de\/markt\/#organization"},"potentialAction":[{"@type":"SearchAction","target":{"@type":"EntryPoint","urlTemplate":"https:\/\/marktxxl.de\/markt\/?s={search_term_string}"},"query-input":{"@type":"PropertyValueSpecification","valueRequired":true,"valueName":"search_term_string"}}],"inLanguage":"de"},{"@type":"Organization","@id":"https:\/\/marktxxl.de\/markt\/#organization","name":"Markt-XXL","url":"https:\/\/marktxxl.de\/markt\/","logo":{"@type":"ImageObject","inLanguage":"de","@id":"https:\/\/marktxxl.de\/markt\/#\/schema\/logo\/image\/","url":"https:\/\/marktxxl.de\/markt\/wp-content\/uploads\/sites\/3\/2020\/12\/logo.png","contentUrl":"https:\/\/marktxxl.de\/markt\/wp-content\/uploads\/sites\/3\/2020\/12\/logo.png","width":200,"height":70,"caption":"Markt-XXL"},"image":{"@id":"https:\/\/marktxxl.de\/markt\/#\/schema\/logo\/image\/"}}]}},"_links":{"self":[{"href":"https:\/\/marktxxl.de\/markt\/wp-json\/wp\/v2\/product\/159490","targetHints":{"allow":["GET"]}}],"collection":[{"href":"https:\/\/marktxxl.de\/markt\/wp-json\/wp\/v2\/product"}],"about":[{"href":"https:\/\/marktxxl.de\/markt\/wp-json\/wp\/v2\/types\/product"}],"replies":[{"embeddable":true,"href":"https:\/\/marktxxl.de\/markt\/wp-json\/wp\/v2\/comments?post=159490"}],"wp:featuredmedia":[{"embeddable":true,"href":"https:\/\/marktxxl.de\/markt\/wp-json\/wp\/v2\/media\/159491"}],"wp:attachment":[{"href":"https:\/\/marktxxl.de\/markt\/wp-json\/wp\/v2\/media?parent=159490"}],"wp:term":[{"taxonomy":"product_brand","embeddable":true,"href":"https:\/\/marktxxl.de\/markt\/wp-json\/wp\/v2\/product_brand?post=159490"},{"taxonomy":"product_cat","embeddable":true,"href":"https:\/\/marktxxl.de\/markt\/wp-json\/wp\/v2\/product_cat?post=159490"},{"taxonomy":"product_tag","embeddable":true,"href":"https:\/\/marktxxl.de\/markt\/wp-json\/wp\/v2\/product_tag?post=159490"}],"curies":[{"name":"wp","href":"https:\/\/api.w.org\/{rel}","templated":true}]}}