{"id":159414,"date":"2022-10-12T08:49:13","date_gmt":"2022-10-12T06:49:13","guid":{"rendered":"https:\/\/marktxxl.de\/markt\/produkt\/babytrage-neugeborene-ab-geburt-baby-trage-baby-trage-ab-geburt-baby-tragesystem-trage-baby-hueftsitz-baby-fuer-babys-bis-20-kilogramm-verschiedene-tragepositionen\/"},"modified":"2023-04-10T04:49:42","modified_gmt":"2023-04-10T02:49:42","slug":"babytrage-neugeborene-ab-geburt-baby-trage-baby-trage-ab-geburt-baby-tragesystem-trage-baby-hueftsitz-baby-fuer-babys-bis-20-kilogramm-verschiedene-tragepositionen","status":"publish","type":"product","link":"https:\/\/marktxxl.de\/markt\/produkt\/babytrage-neugeborene-ab-geburt-baby-trage-baby-trage-ab-geburt-baby-tragesystem-trage-baby-hueftsitz-baby-fuer-babys-bis-20-kilogramm-verschiedene-tragepositionen\/","title":{"rendered":"Babytrage Neugeborene ab Geburt, Baby Trage, Baby Trage ab Geburt, Baby Tragesystem, Trage Baby, H\u00fcftsitz Baby, f\u00fcr\u2026"},"content":{"rendered":"<p>Die Babytrage von Mammacita erm\u00f6glicht es dir, dein Neugeborenes nah am K\u00f6rper zu tragen und eine stabile Eltern-Kind-Bindung aufzubauen. Die Babytrage f\u00fcr dein Neugeborenes \u00fcberzeugt durch eine hochwertige Verarbeitung, angenehme Materialien und eine ansprechende Optik.<br \/>\nDas speziell f\u00fcr die Bed\u00fcrfnisse von Neugeborenen konzipierte Baby Tragesystem geh\u00f6rt zu jeder Baby Erstausstattung f\u00fcr Neugeborene. Es ist kinderleicht zu nutzen und erleichtert dir den Alltag mit deinem Baby.<br \/>\nDie Mammacita Baby Trage ist f\u00fcr Neugeborene und als Babytrage ab 6 Monaten geeignet. Verwenden kannst du die Baby Trage bis zu einem Gewicht von 20 kg. Ein Baby Tragesystem, das allen Bed\u00fcrfnissen gerecht wird!<br \/>\nDas Baby Tragesystem ist so konzipiert, dass du die Babytrage vorw\u00e4rts tragen oder dein Baby r\u00fcckw\u00e4rts in den Baby Tragegurt setzen kannst. Es kann also sowohl nach innen als auch nach au\u00dfen gucken und dabei entweder auf deinem Bauch oder deinem R\u00fccken festgeschnallt werden.<br \/>\nDie Babytrage ist sowohl f\u00fcr das k\u00f6rpernahe Herumtragen deines Babys zuhause als auch f\u00fcr ausgedehnte Spazierg\u00e4nge gedacht \u2013 so ist dein Baby immer nah bei dir und f\u00fchlt sich sicher und geborgen. \u00dcberzeuge dich selbst von den Vorteilen einer Mammacita Babytrage!<br \/>\n<div class=\"main-cross-sell\" data-asin=\"B09RZZRQ43\">\n\n\t<div class=\"WooZone-cross-sell-loader\">\n\t\t<div>\n\t\t\t<div id=\"floatingBarsG\">\n\t\t\t\t<div class=\"blockG\" id=\"rotateG_01\"><\/div>\n\t\t\t\t<div class=\"blockG\" id=\"rotateG_02\"><\/div>\n\t\t\t\t<div class=\"blockG\" id=\"rotateG_03\"><\/div>\n\t\t\t\t<div class=\"blockG\" id=\"rotateG_04\"><\/div>\n\t\t\t\t<div class=\"blockG\" id=\"rotateG_05\"><\/div>\n\t\t\t\t<div class=\"blockG\" id=\"rotateG_06\"><\/div>\n\t\t\t\t<div class=\"blockG\" id=\"rotateG_07\"><\/div>\n\t\t\t\t<div class=\"blockG\" id=\"rotateG_08\"><\/div>\n\t\t\t<\/div>\n\t\t\t<div class=\"WooZone-cross-sell-loader-text\"><\/div>\n\t\t<\/div>\n\t<\/div>\n\n\t\t\n<\/div>\n<div style=\"clear:both;\"><\/div><\/p>\n","protected":false},"excerpt":{"rendered":"<p>Die Babytrage von Mammacita erm\u00f6glicht es dir, dein Neugeborenes nah am K\u00f6rper zu tragen und eine stabile Eltern-Kind-Bindung aufzubauen. Die Babytrage f\u00fcr dein Neugeborenes \u00fcberzeugt durch eine hochwertige Verarbeitung, angenehme Materialien und eine ansprechende Optik.<br \/>\nDas speziell f\u00fcr die Bed\u00fcrfnisse von Neugeborenen konzipierte Baby Tragesystem geh\u00f6rt zu jeder Baby Erstausstattung f\u00fcr Neugeborene. Es ist kinderleicht zu nutzen und erleichtert dir den Alltag mit deinem Baby.<br \/>\nDie Mammacita Baby Trage ist f\u00fcr Neugeborene und als Babytrage ab 6 Monaten geeignet. Verwenden kannst du die Baby Trage bis zu einem Gewicht von 20 kg. Ein Baby Tragesystem, das allen Bed\u00fcrfnissen gerecht wird!<\/p>\n","protected":false},"featured_media":159415,"comment_status":"open","ping_status":"closed","template":"","meta":[],"product_brand":[],"product_cat":[21,9074],"product_tag":[],"class_list":{"0":"post-159414","1":"product","2":"type-product","3":"status-publish","4":"has-post-thumbnail","6":"product_cat-baby","7":"product_cat-babytragen-baby","8":"pa_brand-mammacita","9":"pa_manufacturer-mammacita","10":"pa_size-large","12":"first","13":"instock","14":"shipping-taxable","15":"purchasable","16":"product-type-simple","17":"customify-col","18":"product-has-gallery"},"yoast_head":"<!-- This site is optimized with the Yoast SEO plugin v27.4 - https:\/\/yoast.com\/product\/yoast-seo-wordpress\/ -->\n<title>Babytrage Neugeborene ab Geburt, Baby Trage, Baby Trage ab Geburt, Baby Tragesystem, Trage Baby, H\u00fcftsitz Baby, f\u00fcr\u2026 - Markt-XXL<\/title>\n<meta name=\"description\" content=\"Markt-XXL Babytrage Neugeborene ab Geburt, Baby Trage, Baby Trage ab Geburt, Baby Tragesystem, Trage Baby, H\u00fcftsitz Baby, f\u00fcr\u2026\" \/>\n<meta name=\"robots\" content=\"index, follow, max-snippet:-1, max-image-preview:large, max-video-preview:-1\" \/>\n<link rel=\"canonical\" href=\"https:\/\/marktxxl.de\/markt\/produkt\/babytrage-neugeborene-ab-geburt-baby-trage-baby-trage-ab-geburt-baby-tragesystem-trage-baby-hueftsitz-baby-fuer-babys-bis-20-kilogramm-verschiedene-tragepositionen\/\" \/>\n<meta property=\"og:locale\" content=\"de_DE\" \/>\n<meta property=\"og:type\" content=\"article\" \/>\n<meta property=\"og:title\" content=\"Babytrage Neugeborene ab Geburt, Baby Trage, Baby Trage ab Geburt, Baby Tragesystem, Trage Baby, H\u00fcftsitz Baby, f\u00fcr\u2026 - Markt-XXL\" \/>\n<meta property=\"og:description\" content=\"Markt-XXL Babytrage Neugeborene ab Geburt, Baby Trage, Baby Trage ab Geburt, Baby Tragesystem, Trage Baby, H\u00fcftsitz Baby, f\u00fcr\u2026\" \/>\n<meta property=\"og:url\" content=\"https:\/\/marktxxl.de\/markt\/produkt\/babytrage-neugeborene-ab-geburt-baby-trage-baby-trage-ab-geburt-baby-tragesystem-trage-baby-hueftsitz-baby-fuer-babys-bis-20-kilogramm-verschiedene-tragepositionen\/\" \/>\n<meta property=\"og:site_name\" content=\"Markt-XXL\" \/>\n<meta property=\"article:modified_time\" content=\"2023-04-10T02:49:42+00:00\" \/>\n<meta property=\"og:image\" content=\"https:\/\/m.media-amazon.com\/images\/I\/41XbBolWSoL._SL500_.jpg\" \/>\n\t<meta property=\"og:image:width\" content=\"500\" \/>\n\t<meta property=\"og:image:height\" content=\"500\" \/>\n\t<meta property=\"og:image:type\" content=\"image\/jpeg\" \/>\n<meta name=\"twitter:card\" content=\"summary_large_image\" \/>\n<meta name=\"twitter:label1\" content=\"Gesch\u00e4tzte Lesezeit\" \/>\n\t<meta name=\"twitter:data1\" content=\"1\u00a0Minute\" \/>\n<script type=\"application\/ld+json\" class=\"yoast-schema-graph\">{\"@context\":\"https:\\\/\\\/schema.org\",\"@graph\":[{\"@type\":\"WebPage\",\"@id\":\"https:\\\/\\\/marktxxl.de\\\/markt\\\/produkt\\\/babytrage-neugeborene-ab-geburt-baby-trage-baby-trage-ab-geburt-baby-tragesystem-trage-baby-hueftsitz-baby-fuer-babys-bis-20-kilogramm-verschiedene-tragepositionen\\\/\",\"url\":\"https:\\\/\\\/marktxxl.de\\\/markt\\\/produkt\\\/babytrage-neugeborene-ab-geburt-baby-trage-baby-trage-ab-geburt-baby-tragesystem-trage-baby-hueftsitz-baby-fuer-babys-bis-20-kilogramm-verschiedene-tragepositionen\\\/\",\"name\":\"Babytrage Neugeborene ab Geburt, Baby Trage, Baby Trage ab Geburt, Baby Tragesystem, Trage Baby, H\u00fcftsitz Baby, f\u00fcr\u2026 - Markt-XXL\",\"isPartOf\":{\"@id\":\"https:\\\/\\\/marktxxl.de\\\/markt\\\/#website\"},\"primaryImageOfPage\":{\"@id\":\"https:\\\/\\\/marktxxl.de\\\/markt\\\/produkt\\\/babytrage-neugeborene-ab-geburt-baby-trage-baby-trage-ab-geburt-baby-tragesystem-trage-baby-hueftsitz-baby-fuer-babys-bis-20-kilogramm-verschiedene-tragepositionen\\\/#primaryimage\"},\"image\":{\"@id\":\"https:\\\/\\\/marktxxl.de\\\/markt\\\/produkt\\\/babytrage-neugeborene-ab-geburt-baby-trage-baby-trage-ab-geburt-baby-tragesystem-trage-baby-hueftsitz-baby-fuer-babys-bis-20-kilogramm-verschiedene-tragepositionen\\\/#primaryimage\"},\"thumbnailUrl\":\"https:\\\/\\\/m.media-amazon.com\\\/images\\\/I\\\/41XbBolWSoL._SL500_.jpg\",\"datePublished\":\"2022-10-12T06:49:13+00:00\",\"dateModified\":\"2023-04-10T02:49:42+00:00\",\"description\":\"Markt-XXL Babytrage Neugeborene ab Geburt, Baby Trage, Baby Trage ab Geburt, Baby Tragesystem, Trage Baby, H\u00fcftsitz Baby, f\u00fcr\u2026\",\"breadcrumb\":{\"@id\":\"https:\\\/\\\/marktxxl.de\\\/markt\\\/produkt\\\/babytrage-neugeborene-ab-geburt-baby-trage-baby-trage-ab-geburt-baby-tragesystem-trage-baby-hueftsitz-baby-fuer-babys-bis-20-kilogramm-verschiedene-tragepositionen\\\/#breadcrumb\"},\"inLanguage\":\"de\",\"potentialAction\":[{\"@type\":\"ReadAction\",\"target\":[\"https:\\\/\\\/marktxxl.de\\\/markt\\\/produkt\\\/babytrage-neugeborene-ab-geburt-baby-trage-baby-trage-ab-geburt-baby-tragesystem-trage-baby-hueftsitz-baby-fuer-babys-bis-20-kilogramm-verschiedene-tragepositionen\\\/\"]}]},{\"@type\":\"ImageObject\",\"inLanguage\":\"de\",\"@id\":\"https:\\\/\\\/marktxxl.de\\\/markt\\\/produkt\\\/babytrage-neugeborene-ab-geburt-baby-trage-baby-trage-ab-geburt-baby-tragesystem-trage-baby-hueftsitz-baby-fuer-babys-bis-20-kilogramm-verschiedene-tragepositionen\\\/#primaryimage\",\"url\":\"https:\\\/\\\/m.media-amazon.com\\\/images\\\/I\\\/41XbBolWSoL._SL500_.jpg\",\"contentUrl\":\"https:\\\/\\\/m.media-amazon.com\\\/images\\\/I\\\/41XbBolWSoL._SL500_.jpg\",\"width\":500,\"height\":500},{\"@type\":\"BreadcrumbList\",\"@id\":\"https:\\\/\\\/marktxxl.de\\\/markt\\\/produkt\\\/babytrage-neugeborene-ab-geburt-baby-trage-baby-trage-ab-geburt-baby-tragesystem-trage-baby-hueftsitz-baby-fuer-babys-bis-20-kilogramm-verschiedene-tragepositionen\\\/#breadcrumb\",\"itemListElement\":[{\"@type\":\"ListItem\",\"position\":1,\"name\":\"Startseite\",\"item\":\"https:\\\/\\\/marktxxl.de\\\/markt\\\/\"},{\"@type\":\"ListItem\",\"position\":2,\"name\":\"Markt\",\"item\":\"https:\\\/\\\/marktxxl.de\\\/markt\\\/\"},{\"@type\":\"ListItem\",\"position\":3,\"name\":\"Babytrage Neugeborene ab Geburt, Baby Trage, Baby Trage ab Geburt, Baby Tragesystem, Trage Baby, H\u00fcftsitz Baby, f\u00fcr\u2026\"}]},{\"@type\":\"WebSite\",\"@id\":\"https:\\\/\\\/marktxxl.de\\\/markt\\\/#website\",\"url\":\"https:\\\/\\\/marktxxl.de\\\/markt\\\/\",\"name\":\"Markt-XXL\",\"description\":\"Ihr Markt Online\",\"publisher\":{\"@id\":\"https:\\\/\\\/marktxxl.de\\\/markt\\\/#organization\"},\"potentialAction\":[{\"@type\":\"SearchAction\",\"target\":{\"@type\":\"EntryPoint\",\"urlTemplate\":\"https:\\\/\\\/marktxxl.de\\\/markt\\\/?s={search_term_string}\"},\"query-input\":{\"@type\":\"PropertyValueSpecification\",\"valueRequired\":true,\"valueName\":\"search_term_string\"}}],\"inLanguage\":\"de\"},{\"@type\":\"Organization\",\"@id\":\"https:\\\/\\\/marktxxl.de\\\/markt\\\/#organization\",\"name\":\"Markt-XXL\",\"url\":\"https:\\\/\\\/marktxxl.de\\\/markt\\\/\",\"logo\":{\"@type\":\"ImageObject\",\"inLanguage\":\"de\",\"@id\":\"https:\\\/\\\/marktxxl.de\\\/markt\\\/#\\\/schema\\\/logo\\\/image\\\/\",\"url\":\"https:\\\/\\\/marktxxl.de\\\/markt\\\/wp-content\\\/uploads\\\/sites\\\/3\\\/2020\\\/12\\\/logo.png\",\"contentUrl\":\"https:\\\/\\\/marktxxl.de\\\/markt\\\/wp-content\\\/uploads\\\/sites\\\/3\\\/2020\\\/12\\\/logo.png\",\"width\":200,\"height\":70,\"caption\":\"Markt-XXL\"},\"image\":{\"@id\":\"https:\\\/\\\/marktxxl.de\\\/markt\\\/#\\\/schema\\\/logo\\\/image\\\/\"}}]}<\/script>\n<!-- \/ Yoast SEO plugin. -->","yoast_head_json":{"title":"Babytrage Neugeborene ab Geburt, Baby Trage, Baby Trage ab Geburt, Baby Tragesystem, Trage Baby, H\u00fcftsitz Baby, f\u00fcr\u2026 - Markt-XXL","description":"Markt-XXL Babytrage Neugeborene ab Geburt, Baby Trage, Baby Trage ab Geburt, Baby Tragesystem, Trage Baby, H\u00fcftsitz Baby, f\u00fcr\u2026","robots":{"index":"index","follow":"follow","max-snippet":"max-snippet:-1","max-image-preview":"max-image-preview:large","max-video-preview":"max-video-preview:-1"},"canonical":"https:\/\/marktxxl.de\/markt\/produkt\/babytrage-neugeborene-ab-geburt-baby-trage-baby-trage-ab-geburt-baby-tragesystem-trage-baby-hueftsitz-baby-fuer-babys-bis-20-kilogramm-verschiedene-tragepositionen\/","og_locale":"de_DE","og_type":"article","og_title":"Babytrage Neugeborene ab Geburt, Baby Trage, Baby Trage ab Geburt, Baby Tragesystem, Trage Baby, H\u00fcftsitz Baby, f\u00fcr\u2026 - Markt-XXL","og_description":"Markt-XXL Babytrage Neugeborene ab Geburt, Baby Trage, Baby Trage ab Geburt, Baby Tragesystem, Trage Baby, H\u00fcftsitz Baby, f\u00fcr\u2026","og_url":"https:\/\/marktxxl.de\/markt\/produkt\/babytrage-neugeborene-ab-geburt-baby-trage-baby-trage-ab-geburt-baby-tragesystem-trage-baby-hueftsitz-baby-fuer-babys-bis-20-kilogramm-verschiedene-tragepositionen\/","og_site_name":"Markt-XXL","article_modified_time":"2023-04-10T02:49:42+00:00","og_image":[{"width":500,"height":500,"url":"https:\/\/m.media-amazon.com\/images\/I\/41XbBolWSoL._SL500_.jpg","type":"image\/jpeg"}],"twitter_card":"summary_large_image","twitter_misc":{"Gesch\u00e4tzte Lesezeit":"1\u00a0Minute"},"schema":{"@context":"https:\/\/schema.org","@graph":[{"@type":"WebPage","@id":"https:\/\/marktxxl.de\/markt\/produkt\/babytrage-neugeborene-ab-geburt-baby-trage-baby-trage-ab-geburt-baby-tragesystem-trage-baby-hueftsitz-baby-fuer-babys-bis-20-kilogramm-verschiedene-tragepositionen\/","url":"https:\/\/marktxxl.de\/markt\/produkt\/babytrage-neugeborene-ab-geburt-baby-trage-baby-trage-ab-geburt-baby-tragesystem-trage-baby-hueftsitz-baby-fuer-babys-bis-20-kilogramm-verschiedene-tragepositionen\/","name":"Babytrage Neugeborene ab Geburt, Baby Trage, Baby Trage ab Geburt, Baby Tragesystem, Trage Baby, H\u00fcftsitz Baby, f\u00fcr\u2026 - Markt-XXL","isPartOf":{"@id":"https:\/\/marktxxl.de\/markt\/#website"},"primaryImageOfPage":{"@id":"https:\/\/marktxxl.de\/markt\/produkt\/babytrage-neugeborene-ab-geburt-baby-trage-baby-trage-ab-geburt-baby-tragesystem-trage-baby-hueftsitz-baby-fuer-babys-bis-20-kilogramm-verschiedene-tragepositionen\/#primaryimage"},"image":{"@id":"https:\/\/marktxxl.de\/markt\/produkt\/babytrage-neugeborene-ab-geburt-baby-trage-baby-trage-ab-geburt-baby-tragesystem-trage-baby-hueftsitz-baby-fuer-babys-bis-20-kilogramm-verschiedene-tragepositionen\/#primaryimage"},"thumbnailUrl":"https:\/\/m.media-amazon.com\/images\/I\/41XbBolWSoL._SL500_.jpg","datePublished":"2022-10-12T06:49:13+00:00","dateModified":"2023-04-10T02:49:42+00:00","description":"Markt-XXL Babytrage Neugeborene ab Geburt, Baby Trage, Baby Trage ab Geburt, Baby Tragesystem, Trage Baby, H\u00fcftsitz Baby, f\u00fcr\u2026","breadcrumb":{"@id":"https:\/\/marktxxl.de\/markt\/produkt\/babytrage-neugeborene-ab-geburt-baby-trage-baby-trage-ab-geburt-baby-tragesystem-trage-baby-hueftsitz-baby-fuer-babys-bis-20-kilogramm-verschiedene-tragepositionen\/#breadcrumb"},"inLanguage":"de","potentialAction":[{"@type":"ReadAction","target":["https:\/\/marktxxl.de\/markt\/produkt\/babytrage-neugeborene-ab-geburt-baby-trage-baby-trage-ab-geburt-baby-tragesystem-trage-baby-hueftsitz-baby-fuer-babys-bis-20-kilogramm-verschiedene-tragepositionen\/"]}]},{"@type":"ImageObject","inLanguage":"de","@id":"https:\/\/marktxxl.de\/markt\/produkt\/babytrage-neugeborene-ab-geburt-baby-trage-baby-trage-ab-geburt-baby-tragesystem-trage-baby-hueftsitz-baby-fuer-babys-bis-20-kilogramm-verschiedene-tragepositionen\/#primaryimage","url":"https:\/\/m.media-amazon.com\/images\/I\/41XbBolWSoL._SL500_.jpg","contentUrl":"https:\/\/m.media-amazon.com\/images\/I\/41XbBolWSoL._SL500_.jpg","width":500,"height":500},{"@type":"BreadcrumbList","@id":"https:\/\/marktxxl.de\/markt\/produkt\/babytrage-neugeborene-ab-geburt-baby-trage-baby-trage-ab-geburt-baby-tragesystem-trage-baby-hueftsitz-baby-fuer-babys-bis-20-kilogramm-verschiedene-tragepositionen\/#breadcrumb","itemListElement":[{"@type":"ListItem","position":1,"name":"Startseite","item":"https:\/\/marktxxl.de\/markt\/"},{"@type":"ListItem","position":2,"name":"Markt","item":"https:\/\/marktxxl.de\/markt\/"},{"@type":"ListItem","position":3,"name":"Babytrage Neugeborene ab Geburt, Baby Trage, Baby Trage ab Geburt, Baby Tragesystem, Trage Baby, H\u00fcftsitz Baby, f\u00fcr\u2026"}]},{"@type":"WebSite","@id":"https:\/\/marktxxl.de\/markt\/#website","url":"https:\/\/marktxxl.de\/markt\/","name":"Markt-XXL","description":"Ihr Markt Online","publisher":{"@id":"https:\/\/marktxxl.de\/markt\/#organization"},"potentialAction":[{"@type":"SearchAction","target":{"@type":"EntryPoint","urlTemplate":"https:\/\/marktxxl.de\/markt\/?s={search_term_string}"},"query-input":{"@type":"PropertyValueSpecification","valueRequired":true,"valueName":"search_term_string"}}],"inLanguage":"de"},{"@type":"Organization","@id":"https:\/\/marktxxl.de\/markt\/#organization","name":"Markt-XXL","url":"https:\/\/marktxxl.de\/markt\/","logo":{"@type":"ImageObject","inLanguage":"de","@id":"https:\/\/marktxxl.de\/markt\/#\/schema\/logo\/image\/","url":"https:\/\/marktxxl.de\/markt\/wp-content\/uploads\/sites\/3\/2020\/12\/logo.png","contentUrl":"https:\/\/marktxxl.de\/markt\/wp-content\/uploads\/sites\/3\/2020\/12\/logo.png","width":200,"height":70,"caption":"Markt-XXL"},"image":{"@id":"https:\/\/marktxxl.de\/markt\/#\/schema\/logo\/image\/"}}]}},"_links":{"self":[{"href":"https:\/\/marktxxl.de\/markt\/wp-json\/wp\/v2\/product\/159414","targetHints":{"allow":["GET"]}}],"collection":[{"href":"https:\/\/marktxxl.de\/markt\/wp-json\/wp\/v2\/product"}],"about":[{"href":"https:\/\/marktxxl.de\/markt\/wp-json\/wp\/v2\/types\/product"}],"replies":[{"embeddable":true,"href":"https:\/\/marktxxl.de\/markt\/wp-json\/wp\/v2\/comments?post=159414"}],"wp:featuredmedia":[{"embeddable":true,"href":"https:\/\/marktxxl.de\/markt\/wp-json\/wp\/v2\/media\/159415"}],"wp:attachment":[{"href":"https:\/\/marktxxl.de\/markt\/wp-json\/wp\/v2\/media?parent=159414"}],"wp:term":[{"taxonomy":"product_brand","embeddable":true,"href":"https:\/\/marktxxl.de\/markt\/wp-json\/wp\/v2\/product_brand?post=159414"},{"taxonomy":"product_cat","embeddable":true,"href":"https:\/\/marktxxl.de\/markt\/wp-json\/wp\/v2\/product_cat?post=159414"},{"taxonomy":"product_tag","embeddable":true,"href":"https:\/\/marktxxl.de\/markt\/wp-json\/wp\/v2\/product_tag?post=159414"}],"curies":[{"name":"wp","href":"https:\/\/api.w.org\/{rel}","templated":true}]}}