{"id":159386,"date":"2022-10-12T08:47:14","date_gmt":"2022-10-12T06:47:14","guid":{"rendered":"https:\/\/marktxxl.de\/markt\/produkt\/ergobaby-babytrage-fuer-neugeborene-ab-geburt-baby-tragesystem-omni-360-cool-air-mesh-baby-tragetasche-bauchtrage-rueckentrage-midnight-blau\/"},"modified":"2023-04-10T04:49:41","modified_gmt":"2023-04-10T02:49:41","slug":"ergobaby-babytrage-fuer-neugeborene-ab-geburt-baby-tragesystem-omni-360-cool-air-mesh-baby-tragetasche-bauchtrage-rueckentrage-midnight-blau","status":"publish","type":"product","link":"https:\/\/marktxxl.de\/markt\/produkt\/ergobaby-babytrage-fuer-neugeborene-ab-geburt-baby-tragesystem-omni-360-cool-air-mesh-baby-tragetasche-bauchtrage-rueckentrage-midnight-blau\/","title":{"rendered":"Ergobaby Babytrage f\u00fcr Neugeborene ab Geburt, Baby Tragesystem Omni 360 Cool Air Mesh, Baby-Tragetasche Bauchtrage\u2026"},"content":{"rendered":"<p>Babytrage ergonomisch mit 4 Positionen: Bauchtrage, R\u00fcckentrage, auf der H\u00fcfte und in Blickrichtung nach vorne. Unterst\u00fctzt die ergonomische Anhock-Spreiz-Haltung und eine bequeme Haltung f\u00fcr das Kind.<br \/>\nNEU &#8211; H\u00fcftgurt mit Lordosenst\u00fctze und gepolsterte Schultergurte, die \u00fcber Kreuz tragbar sind f\u00fcr extra langen Tragekomfort. Die Trage ist f\u00fcr M\u00e4nner und Frauen geeignet.<br \/>\nMaximaler Baby Comfort &#8211; Baby Tragehilfe vom Neugeborenen bis zum Kleinkind (3,2 bis 20 kg) ohne Neugeborenen-Einsatz verwendbar. Ergonomische und bequeme Haltung f\u00fcr das Kind in jeder Einstellung.<br \/>\nGepolsterte, faltbare Nacken- und Kopfst\u00fctze, verstaubare Kapuze f\u00fcr Sonnenschutz (SPF 50+) und Sichtschutz zum Stillen. Babytragetasche inklusive abnehmbarer Tasche am G\u00fcrtel.<br \/>\nDas 3D Air Mesh Material der Baby Tragetasche ist atmungsaktiv und sorgt f\u00fcr die optimale Temperatur des Babys. Ideal f\u00fcr den Sommer und einen aktiven Lifestyle.<br \/>\n<div class=\"main-cross-sell\" data-asin=\"B07B41952V\">\n\n\t<div class=\"WooZone-cross-sell-loader\">\n\t\t<div>\n\t\t\t<div id=\"floatingBarsG\">\n\t\t\t\t<div class=\"blockG\" id=\"rotateG_01\"><\/div>\n\t\t\t\t<div class=\"blockG\" id=\"rotateG_02\"><\/div>\n\t\t\t\t<div class=\"blockG\" id=\"rotateG_03\"><\/div>\n\t\t\t\t<div class=\"blockG\" id=\"rotateG_04\"><\/div>\n\t\t\t\t<div class=\"blockG\" id=\"rotateG_05\"><\/div>\n\t\t\t\t<div class=\"blockG\" id=\"rotateG_06\"><\/div>\n\t\t\t\t<div class=\"blockG\" id=\"rotateG_07\"><\/div>\n\t\t\t\t<div class=\"blockG\" id=\"rotateG_08\"><\/div>\n\t\t\t<\/div>\n\t\t\t<div class=\"WooZone-cross-sell-loader-text\"><\/div>\n\t\t<\/div>\n\t<\/div>\n\n\t\t\n<\/div>\n<div style=\"clear:both;\"><\/div><\/p>\n","protected":false},"excerpt":{"rendered":"<p>Babytrage ergonomisch mit 4 Positionen: Bauchtrage, R\u00fcckentrage, auf der H\u00fcfte und in Blickrichtung nach vorne. Unterst\u00fctzt die ergonomische Anhock-Spreiz-Haltung und eine bequeme Haltung f\u00fcr das Kind.<br \/>\nNEU &#8211; H\u00fcftgurt mit Lordosenst\u00fctze und gepolsterte Schultergurte, die \u00fcber Kreuz tragbar sind f\u00fcr extra langen Tragekomfort. Die Trage ist f\u00fcr M\u00e4nner und Frauen geeignet.<br \/>\nMaximaler Baby Comfort &#8211; Baby Tragehilfe vom Neugeborenen bis zum Kleinkind (3,2 bis 20 kg) ohne Neugeborenen-Einsatz verwendbar. Ergonomische und bequeme Haltung f\u00fcr das Kind in jeder Einstellung.<\/p>\n","protected":false},"featured_media":159387,"comment_status":"open","ping_status":"closed","template":"","meta":[],"product_brand":[],"product_cat":[21,9074],"product_tag":[],"class_list":{"0":"post-159386","1":"product","2":"type-product","3":"status-publish","4":"has-post-thumbnail","6":"product_cat-baby","7":"product_cat-babytragen-baby","8":"pa_binding-babyartikel","9":"pa_brand-ergobaby","10":"pa_color-midnight-blue","11":"pa_height-10-43-zoll","12":"pa_length-9-13-zoll","13":"pa_manufacturer-ergobaby-carrier-gmbh","14":"pa_model-bcs360pmidblu","15":"pa_size-1-stueck-1er-pack","16":"pa_warranty-24-monate","17":"pa_weight-1-7-pfund","18":"pa_width-6-18-zoll","20":"first","21":"instock","22":"shipping-taxable","23":"purchasable","24":"product-type-simple","25":"customify-col","26":"product-has-gallery"},"yoast_head":"<!-- This site is optimized with the Yoast SEO plugin v27.4 - https:\/\/yoast.com\/product\/yoast-seo-wordpress\/ -->\n<title>Ergobaby Babytrage f\u00fcr Neugeborene ab Geburt, Baby Tragesystem Omni 360 Cool Air Mesh, Baby-Tragetasche Bauchtrage\u2026 - Markt-XXL<\/title>\n<meta name=\"description\" content=\"Markt-XXL Ergobaby Babytrage f\u00fcr Neugeborene ab Geburt, Baby Tragesystem Omni 360 Cool Air Mesh, Baby-Tragetasche Bauchtrage\u2026\" \/>\n<meta name=\"robots\" content=\"index, follow, max-snippet:-1, max-image-preview:large, max-video-preview:-1\" \/>\n<link rel=\"canonical\" href=\"https:\/\/marktxxl.de\/markt\/produkt\/ergobaby-babytrage-fuer-neugeborene-ab-geburt-baby-tragesystem-omni-360-cool-air-mesh-baby-tragetasche-bauchtrage-rueckentrage-midnight-blau\/\" \/>\n<meta property=\"og:locale\" content=\"de_DE\" \/>\n<meta property=\"og:type\" content=\"article\" \/>\n<meta property=\"og:title\" content=\"Ergobaby Babytrage f\u00fcr Neugeborene ab Geburt, Baby Tragesystem Omni 360 Cool Air Mesh, Baby-Tragetasche Bauchtrage\u2026 - Markt-XXL\" \/>\n<meta property=\"og:description\" content=\"Markt-XXL Ergobaby Babytrage f\u00fcr Neugeborene ab Geburt, Baby Tragesystem Omni 360 Cool Air Mesh, Baby-Tragetasche Bauchtrage\u2026\" \/>\n<meta property=\"og:url\" content=\"https:\/\/marktxxl.de\/markt\/produkt\/ergobaby-babytrage-fuer-neugeborene-ab-geburt-baby-tragesystem-omni-360-cool-air-mesh-baby-tragetasche-bauchtrage-rueckentrage-midnight-blau\/\" \/>\n<meta property=\"og:site_name\" content=\"Markt-XXL\" \/>\n<meta property=\"article:modified_time\" content=\"2023-04-10T02:49:41+00:00\" \/>\n<meta property=\"og:image\" content=\"https:\/\/m.media-amazon.com\/images\/I\/41wklf+lUtL._SL500_.jpg\" \/>\n\t<meta property=\"og:image:width\" content=\"478\" \/>\n\t<meta property=\"og:image:height\" content=\"500\" \/>\n\t<meta property=\"og:image:type\" content=\"image\/jpeg\" \/>\n<meta name=\"twitter:card\" content=\"summary_large_image\" \/>\n<meta name=\"twitter:label1\" content=\"Gesch\u00e4tzte Lesezeit\" \/>\n\t<meta name=\"twitter:data1\" content=\"1\u00a0Minute\" \/>\n<script type=\"application\/ld+json\" class=\"yoast-schema-graph\">{\"@context\":\"https:\\\/\\\/schema.org\",\"@graph\":[{\"@type\":\"WebPage\",\"@id\":\"https:\\\/\\\/marktxxl.de\\\/markt\\\/produkt\\\/ergobaby-babytrage-fuer-neugeborene-ab-geburt-baby-tragesystem-omni-360-cool-air-mesh-baby-tragetasche-bauchtrage-rueckentrage-midnight-blau\\\/\",\"url\":\"https:\\\/\\\/marktxxl.de\\\/markt\\\/produkt\\\/ergobaby-babytrage-fuer-neugeborene-ab-geburt-baby-tragesystem-omni-360-cool-air-mesh-baby-tragetasche-bauchtrage-rueckentrage-midnight-blau\\\/\",\"name\":\"Ergobaby Babytrage f\u00fcr Neugeborene ab Geburt, Baby Tragesystem Omni 360 Cool Air Mesh, Baby-Tragetasche Bauchtrage\u2026 - Markt-XXL\",\"isPartOf\":{\"@id\":\"https:\\\/\\\/marktxxl.de\\\/markt\\\/#website\"},\"primaryImageOfPage\":{\"@id\":\"https:\\\/\\\/marktxxl.de\\\/markt\\\/produkt\\\/ergobaby-babytrage-fuer-neugeborene-ab-geburt-baby-tragesystem-omni-360-cool-air-mesh-baby-tragetasche-bauchtrage-rueckentrage-midnight-blau\\\/#primaryimage\"},\"image\":{\"@id\":\"https:\\\/\\\/marktxxl.de\\\/markt\\\/produkt\\\/ergobaby-babytrage-fuer-neugeborene-ab-geburt-baby-tragesystem-omni-360-cool-air-mesh-baby-tragetasche-bauchtrage-rueckentrage-midnight-blau\\\/#primaryimage\"},\"thumbnailUrl\":\"https:\\\/\\\/m.media-amazon.com\\\/images\\\/I\\\/41wklf+lUtL._SL500_.jpg\",\"datePublished\":\"2022-10-12T06:47:14+00:00\",\"dateModified\":\"2023-04-10T02:49:41+00:00\",\"description\":\"Markt-XXL Ergobaby Babytrage f\u00fcr Neugeborene ab Geburt, Baby Tragesystem Omni 360 Cool Air Mesh, Baby-Tragetasche Bauchtrage\u2026\",\"breadcrumb\":{\"@id\":\"https:\\\/\\\/marktxxl.de\\\/markt\\\/produkt\\\/ergobaby-babytrage-fuer-neugeborene-ab-geburt-baby-tragesystem-omni-360-cool-air-mesh-baby-tragetasche-bauchtrage-rueckentrage-midnight-blau\\\/#breadcrumb\"},\"inLanguage\":\"de\",\"potentialAction\":[{\"@type\":\"ReadAction\",\"target\":[\"https:\\\/\\\/marktxxl.de\\\/markt\\\/produkt\\\/ergobaby-babytrage-fuer-neugeborene-ab-geburt-baby-tragesystem-omni-360-cool-air-mesh-baby-tragetasche-bauchtrage-rueckentrage-midnight-blau\\\/\"]}]},{\"@type\":\"ImageObject\",\"inLanguage\":\"de\",\"@id\":\"https:\\\/\\\/marktxxl.de\\\/markt\\\/produkt\\\/ergobaby-babytrage-fuer-neugeborene-ab-geburt-baby-tragesystem-omni-360-cool-air-mesh-baby-tragetasche-bauchtrage-rueckentrage-midnight-blau\\\/#primaryimage\",\"url\":\"https:\\\/\\\/m.media-amazon.com\\\/images\\\/I\\\/41wklf+lUtL._SL500_.jpg\",\"contentUrl\":\"https:\\\/\\\/m.media-amazon.com\\\/images\\\/I\\\/41wklf+lUtL._SL500_.jpg\",\"width\":478,\"height\":500},{\"@type\":\"BreadcrumbList\",\"@id\":\"https:\\\/\\\/marktxxl.de\\\/markt\\\/produkt\\\/ergobaby-babytrage-fuer-neugeborene-ab-geburt-baby-tragesystem-omni-360-cool-air-mesh-baby-tragetasche-bauchtrage-rueckentrage-midnight-blau\\\/#breadcrumb\",\"itemListElement\":[{\"@type\":\"ListItem\",\"position\":1,\"name\":\"Startseite\",\"item\":\"https:\\\/\\\/marktxxl.de\\\/markt\\\/\"},{\"@type\":\"ListItem\",\"position\":2,\"name\":\"Markt\",\"item\":\"https:\\\/\\\/marktxxl.de\\\/markt\\\/\"},{\"@type\":\"ListItem\",\"position\":3,\"name\":\"Ergobaby Babytrage f\u00fcr Neugeborene ab Geburt, Baby Tragesystem Omni 360 Cool Air Mesh, Baby-Tragetasche Bauchtrage\u2026\"}]},{\"@type\":\"WebSite\",\"@id\":\"https:\\\/\\\/marktxxl.de\\\/markt\\\/#website\",\"url\":\"https:\\\/\\\/marktxxl.de\\\/markt\\\/\",\"name\":\"Markt-XXL\",\"description\":\"Ihr Markt Online\",\"publisher\":{\"@id\":\"https:\\\/\\\/marktxxl.de\\\/markt\\\/#organization\"},\"potentialAction\":[{\"@type\":\"SearchAction\",\"target\":{\"@type\":\"EntryPoint\",\"urlTemplate\":\"https:\\\/\\\/marktxxl.de\\\/markt\\\/?s={search_term_string}\"},\"query-input\":{\"@type\":\"PropertyValueSpecification\",\"valueRequired\":true,\"valueName\":\"search_term_string\"}}],\"inLanguage\":\"de\"},{\"@type\":\"Organization\",\"@id\":\"https:\\\/\\\/marktxxl.de\\\/markt\\\/#organization\",\"name\":\"Markt-XXL\",\"url\":\"https:\\\/\\\/marktxxl.de\\\/markt\\\/\",\"logo\":{\"@type\":\"ImageObject\",\"inLanguage\":\"de\",\"@id\":\"https:\\\/\\\/marktxxl.de\\\/markt\\\/#\\\/schema\\\/logo\\\/image\\\/\",\"url\":\"https:\\\/\\\/marktxxl.de\\\/markt\\\/wp-content\\\/uploads\\\/sites\\\/3\\\/2020\\\/12\\\/logo.png\",\"contentUrl\":\"https:\\\/\\\/marktxxl.de\\\/markt\\\/wp-content\\\/uploads\\\/sites\\\/3\\\/2020\\\/12\\\/logo.png\",\"width\":200,\"height\":70,\"caption\":\"Markt-XXL\"},\"image\":{\"@id\":\"https:\\\/\\\/marktxxl.de\\\/markt\\\/#\\\/schema\\\/logo\\\/image\\\/\"}}]}<\/script>\n<!-- \/ Yoast SEO plugin. -->","yoast_head_json":{"title":"Ergobaby Babytrage f\u00fcr Neugeborene ab Geburt, Baby Tragesystem Omni 360 Cool Air Mesh, Baby-Tragetasche Bauchtrage\u2026 - Markt-XXL","description":"Markt-XXL Ergobaby Babytrage f\u00fcr Neugeborene ab Geburt, Baby Tragesystem Omni 360 Cool Air Mesh, Baby-Tragetasche Bauchtrage\u2026","robots":{"index":"index","follow":"follow","max-snippet":"max-snippet:-1","max-image-preview":"max-image-preview:large","max-video-preview":"max-video-preview:-1"},"canonical":"https:\/\/marktxxl.de\/markt\/produkt\/ergobaby-babytrage-fuer-neugeborene-ab-geburt-baby-tragesystem-omni-360-cool-air-mesh-baby-tragetasche-bauchtrage-rueckentrage-midnight-blau\/","og_locale":"de_DE","og_type":"article","og_title":"Ergobaby Babytrage f\u00fcr Neugeborene ab Geburt, Baby Tragesystem Omni 360 Cool Air Mesh, Baby-Tragetasche Bauchtrage\u2026 - Markt-XXL","og_description":"Markt-XXL Ergobaby Babytrage f\u00fcr Neugeborene ab Geburt, Baby Tragesystem Omni 360 Cool Air Mesh, Baby-Tragetasche Bauchtrage\u2026","og_url":"https:\/\/marktxxl.de\/markt\/produkt\/ergobaby-babytrage-fuer-neugeborene-ab-geburt-baby-tragesystem-omni-360-cool-air-mesh-baby-tragetasche-bauchtrage-rueckentrage-midnight-blau\/","og_site_name":"Markt-XXL","article_modified_time":"2023-04-10T02:49:41+00:00","og_image":[{"width":478,"height":500,"url":"https:\/\/m.media-amazon.com\/images\/I\/41wklf+lUtL._SL500_.jpg","type":"image\/jpeg"}],"twitter_card":"summary_large_image","twitter_misc":{"Gesch\u00e4tzte Lesezeit":"1\u00a0Minute"},"schema":{"@context":"https:\/\/schema.org","@graph":[{"@type":"WebPage","@id":"https:\/\/marktxxl.de\/markt\/produkt\/ergobaby-babytrage-fuer-neugeborene-ab-geburt-baby-tragesystem-omni-360-cool-air-mesh-baby-tragetasche-bauchtrage-rueckentrage-midnight-blau\/","url":"https:\/\/marktxxl.de\/markt\/produkt\/ergobaby-babytrage-fuer-neugeborene-ab-geburt-baby-tragesystem-omni-360-cool-air-mesh-baby-tragetasche-bauchtrage-rueckentrage-midnight-blau\/","name":"Ergobaby Babytrage f\u00fcr Neugeborene ab Geburt, Baby Tragesystem Omni 360 Cool Air Mesh, Baby-Tragetasche Bauchtrage\u2026 - Markt-XXL","isPartOf":{"@id":"https:\/\/marktxxl.de\/markt\/#website"},"primaryImageOfPage":{"@id":"https:\/\/marktxxl.de\/markt\/produkt\/ergobaby-babytrage-fuer-neugeborene-ab-geburt-baby-tragesystem-omni-360-cool-air-mesh-baby-tragetasche-bauchtrage-rueckentrage-midnight-blau\/#primaryimage"},"image":{"@id":"https:\/\/marktxxl.de\/markt\/produkt\/ergobaby-babytrage-fuer-neugeborene-ab-geburt-baby-tragesystem-omni-360-cool-air-mesh-baby-tragetasche-bauchtrage-rueckentrage-midnight-blau\/#primaryimage"},"thumbnailUrl":"https:\/\/m.media-amazon.com\/images\/I\/41wklf+lUtL._SL500_.jpg","datePublished":"2022-10-12T06:47:14+00:00","dateModified":"2023-04-10T02:49:41+00:00","description":"Markt-XXL Ergobaby Babytrage f\u00fcr Neugeborene ab Geburt, Baby Tragesystem Omni 360 Cool Air Mesh, Baby-Tragetasche Bauchtrage\u2026","breadcrumb":{"@id":"https:\/\/marktxxl.de\/markt\/produkt\/ergobaby-babytrage-fuer-neugeborene-ab-geburt-baby-tragesystem-omni-360-cool-air-mesh-baby-tragetasche-bauchtrage-rueckentrage-midnight-blau\/#breadcrumb"},"inLanguage":"de","potentialAction":[{"@type":"ReadAction","target":["https:\/\/marktxxl.de\/markt\/produkt\/ergobaby-babytrage-fuer-neugeborene-ab-geburt-baby-tragesystem-omni-360-cool-air-mesh-baby-tragetasche-bauchtrage-rueckentrage-midnight-blau\/"]}]},{"@type":"ImageObject","inLanguage":"de","@id":"https:\/\/marktxxl.de\/markt\/produkt\/ergobaby-babytrage-fuer-neugeborene-ab-geburt-baby-tragesystem-omni-360-cool-air-mesh-baby-tragetasche-bauchtrage-rueckentrage-midnight-blau\/#primaryimage","url":"https:\/\/m.media-amazon.com\/images\/I\/41wklf+lUtL._SL500_.jpg","contentUrl":"https:\/\/m.media-amazon.com\/images\/I\/41wklf+lUtL._SL500_.jpg","width":478,"height":500},{"@type":"BreadcrumbList","@id":"https:\/\/marktxxl.de\/markt\/produkt\/ergobaby-babytrage-fuer-neugeborene-ab-geburt-baby-tragesystem-omni-360-cool-air-mesh-baby-tragetasche-bauchtrage-rueckentrage-midnight-blau\/#breadcrumb","itemListElement":[{"@type":"ListItem","position":1,"name":"Startseite","item":"https:\/\/marktxxl.de\/markt\/"},{"@type":"ListItem","position":2,"name":"Markt","item":"https:\/\/marktxxl.de\/markt\/"},{"@type":"ListItem","position":3,"name":"Ergobaby Babytrage f\u00fcr Neugeborene ab Geburt, Baby Tragesystem Omni 360 Cool Air Mesh, Baby-Tragetasche Bauchtrage\u2026"}]},{"@type":"WebSite","@id":"https:\/\/marktxxl.de\/markt\/#website","url":"https:\/\/marktxxl.de\/markt\/","name":"Markt-XXL","description":"Ihr Markt Online","publisher":{"@id":"https:\/\/marktxxl.de\/markt\/#organization"},"potentialAction":[{"@type":"SearchAction","target":{"@type":"EntryPoint","urlTemplate":"https:\/\/marktxxl.de\/markt\/?s={search_term_string}"},"query-input":{"@type":"PropertyValueSpecification","valueRequired":true,"valueName":"search_term_string"}}],"inLanguage":"de"},{"@type":"Organization","@id":"https:\/\/marktxxl.de\/markt\/#organization","name":"Markt-XXL","url":"https:\/\/marktxxl.de\/markt\/","logo":{"@type":"ImageObject","inLanguage":"de","@id":"https:\/\/marktxxl.de\/markt\/#\/schema\/logo\/image\/","url":"https:\/\/marktxxl.de\/markt\/wp-content\/uploads\/sites\/3\/2020\/12\/logo.png","contentUrl":"https:\/\/marktxxl.de\/markt\/wp-content\/uploads\/sites\/3\/2020\/12\/logo.png","width":200,"height":70,"caption":"Markt-XXL"},"image":{"@id":"https:\/\/marktxxl.de\/markt\/#\/schema\/logo\/image\/"}}]}},"_links":{"self":[{"href":"https:\/\/marktxxl.de\/markt\/wp-json\/wp\/v2\/product\/159386","targetHints":{"allow":["GET"]}}],"collection":[{"href":"https:\/\/marktxxl.de\/markt\/wp-json\/wp\/v2\/product"}],"about":[{"href":"https:\/\/marktxxl.de\/markt\/wp-json\/wp\/v2\/types\/product"}],"replies":[{"embeddable":true,"href":"https:\/\/marktxxl.de\/markt\/wp-json\/wp\/v2\/comments?post=159386"}],"wp:featuredmedia":[{"embeddable":true,"href":"https:\/\/marktxxl.de\/markt\/wp-json\/wp\/v2\/media\/159387"}],"wp:attachment":[{"href":"https:\/\/marktxxl.de\/markt\/wp-json\/wp\/v2\/media?parent=159386"}],"wp:term":[{"taxonomy":"product_brand","embeddable":true,"href":"https:\/\/marktxxl.de\/markt\/wp-json\/wp\/v2\/product_brand?post=159386"},{"taxonomy":"product_cat","embeddable":true,"href":"https:\/\/marktxxl.de\/markt\/wp-json\/wp\/v2\/product_cat?post=159386"},{"taxonomy":"product_tag","embeddable":true,"href":"https:\/\/marktxxl.de\/markt\/wp-json\/wp\/v2\/product_tag?post=159386"}],"curies":[{"name":"wp","href":"https:\/\/api.w.org\/{rel}","templated":true}]}}