{"id":159305,"date":"2022-10-12T08:37:02","date_gmt":"2022-10-12T06:37:02","guid":{"rendered":"https:\/\/marktxxl.de\/markt\/produkt\/pulseroll-4-geschwindigkeiten-percussion-massage-therapie-fitness-pistole-tragetasche-schwarz\/"},"modified":"2023-04-10T04:49:39","modified_gmt":"2023-04-10T02:49:39","slug":"pulseroll-4-geschwindigkeiten-percussion-massage-therapie-fitness-pistole-tragetasche-schwarz","status":"publish","type":"product","link":"https:\/\/marktxxl.de\/markt\/produkt\/pulseroll-4-geschwindigkeiten-percussion-massage-therapie-fitness-pistole-tragetasche-schwarz\/","title":{"rendered":"Pulseroll Percussion Massage Gun Unisex Erwachsene Sport Therapie"},"content":{"rendered":"<p>Leistungsstarke Profi-Massagepistole: Diese Muskel-Massagepistole ist wissenschaftlich erwiesen, um Muskelregeneration zu helfen und den n\u00e4chsten Tag Muskelkater und Muskelschmerzen nach dem Training zu reduzieren, indem sie die Durchblutung verbessert und den Aufbau von Milchs\u00e4ure wegsp\u00fclt.<br \/>\nZugelassen und verwendet von Physios und Sportlern: Die Pulseroll Massagepistole wird weit verbreitet von professionellen Athleten und Physios \u2013 diese Pistole bietet eine kosteng\u00fcnstige und effektive Alternative zu teuren und unbequemen Physiobesuchen.<br \/>\n4 Geschwindigkeitseinstellungen und 6 verschiedene Kopfaufs\u00e4tze: Die Muskelmassagepistole verf\u00fcgt \u00fcber 4 Leistungsstufen, die verschiedene Einstellungen bieten, die Menschen mit unterschiedlichen Muskelerholungsbed\u00fcrfnissen erf\u00fcllen. 6 verschiedene K\u00f6pfe bieten Behandlung f\u00fcr separate Muskelgruppen.<br \/>\nEingebauter leistungsstarker, wiederaufladbarer Akku: Diese Muskelmassagepistole wird mit einem leistungsstarken 12-V-Akku mit voller Aufladung von nur 3 Stunden geliefert. Wenn es vollst\u00e4ndig aufgeladen ist, kann es bis zu 3 Stunden halten \u2013 abh\u00e4ngig von der Leistungsstufeneinstellung.<br \/>\nEinfach zu bedienen: W\u00e4hlen Sie einen der 6 Aufsteckk\u00f6pfe, der sich am angenehmsten anf\u00fchlt, dann platzieren Sie die Massagepistole auf den gew\u00fcnschten Muskelbereich und lassen Sie die Pulse die Arbeit erledigen. Bewegen Sie es langsam um den Muskelbereich in einer kreisf\u00f6rmigen Bewegung, \u00e4ndern Sie die Geschwindigkeitseinstellung f\u00fcr bis zu 3300 U\/min.<br \/>\n<div class=\"main-cross-sell\" data-asin=\"B08D6WTHNC\">\n\n\t<div class=\"WooZone-cross-sell-loader\">\n\t\t<div>\n\t\t\t<div id=\"floatingBarsG\">\n\t\t\t\t<div class=\"blockG\" id=\"rotateG_01\"><\/div>\n\t\t\t\t<div class=\"blockG\" id=\"rotateG_02\"><\/div>\n\t\t\t\t<div class=\"blockG\" id=\"rotateG_03\"><\/div>\n\t\t\t\t<div class=\"blockG\" id=\"rotateG_04\"><\/div>\n\t\t\t\t<div class=\"blockG\" id=\"rotateG_05\"><\/div>\n\t\t\t\t<div class=\"blockG\" id=\"rotateG_06\"><\/div>\n\t\t\t\t<div class=\"blockG\" id=\"rotateG_07\"><\/div>\n\t\t\t\t<div class=\"blockG\" id=\"rotateG_08\"><\/div>\n\t\t\t<\/div>\n\t\t\t<div class=\"WooZone-cross-sell-loader-text\"><\/div>\n\t\t<\/div>\n\t<\/div>\n\n\t\t\n<\/div>\n<div style=\"clear:both;\"><\/div><\/p>\n","protected":false},"excerpt":{"rendered":"<p>Leistungsstarke Profi-Massagepistole: Diese Muskel-Massagepistole ist wissenschaftlich erwiesen, um Muskelregeneration zu helfen und den n\u00e4chsten Tag Muskelkater und Muskelschmerzen nach dem Training zu reduzieren, indem sie die Durchblutung verbessert und den Aufbau von Milchs\u00e4ure wegsp\u00fclt.<br \/>\nZugelassen und verwendet von Physios und Sportlern: Die Pulseroll Massagepistole wird weit verbreitet von professionellen Athleten und Physios \u2013 diese Pistole bietet eine kosteng\u00fcnstige und effektive Alternative zu teuren und unbequemen Physiobesuchen.<br \/>\n4 Geschwindigkeitseinstellungen und 6 verschiedene Kopfaufs\u00e4tze: Die Muskelmassagepistole verf\u00fcgt \u00fcber 4 Leistungsstufen, die verschiedene Einstellungen bieten, die Menschen mit unterschiedlichen Muskelerholungsbed\u00fcrfnissen erf\u00fcllen. 6 verschiedene K\u00f6pfe bieten Behandlung f\u00fcr separate Muskelgruppen.<\/p>\n","protected":false},"featured_media":159306,"comment_status":"open","ping_status":"closed","template":"","meta":[],"product_brand":[],"product_cat":[566,6496],"product_tag":[],"class_list":{"0":"post-159305","1":"product","2":"type-product","3":"status-publish","4":"has-post-thumbnail","6":"product_cat-drogerie-koerperpflege","7":"product_cat-wellness","8":"pa_binding-badartikel","9":"pa_brand-pulseroll","10":"pa_color-schwarz","11":"pa_height-10-236220462-zoll","12":"pa_length-6-299212592-zoll","13":"pa_manufacturer-pulseroll","14":"pa_model-mg001","15":"pa_size-einheitsgroesse","16":"pa_weight-2-20462262-pfund","17":"pa_width-2-362204722-zoll","19":"first","20":"instock","21":"shipping-taxable","22":"purchasable","23":"product-type-simple","24":"customify-col","25":"product-has-gallery"},"yoast_head":"<!-- This site is optimized with the Yoast SEO plugin v27.4 - https:\/\/yoast.com\/product\/yoast-seo-wordpress\/ -->\n<title>Pulseroll Percussion Massage Gun Unisex Erwachsene Sport Therapie - Markt-XXL<\/title>\n<meta name=\"description\" content=\"Markt-XXL Pulseroll Percussion Massage Gun Unisex Erwachsene Sport Therapie\" \/>\n<meta name=\"robots\" content=\"index, follow, max-snippet:-1, max-image-preview:large, max-video-preview:-1\" \/>\n<link rel=\"canonical\" href=\"https:\/\/marktxxl.de\/markt\/produkt\/pulseroll-4-geschwindigkeiten-percussion-massage-therapie-fitness-pistole-tragetasche-schwarz\/\" \/>\n<meta property=\"og:locale\" content=\"de_DE\" \/>\n<meta property=\"og:type\" content=\"article\" \/>\n<meta property=\"og:title\" content=\"Pulseroll Percussion Massage Gun Unisex Erwachsene Sport Therapie - Markt-XXL\" \/>\n<meta property=\"og:description\" content=\"Markt-XXL Pulseroll Percussion Massage Gun Unisex Erwachsene Sport Therapie\" \/>\n<meta property=\"og:url\" content=\"https:\/\/marktxxl.de\/markt\/produkt\/pulseroll-4-geschwindigkeiten-percussion-massage-therapie-fitness-pistole-tragetasche-schwarz\/\" \/>\n<meta property=\"og:site_name\" content=\"Markt-XXL\" \/>\n<meta property=\"article:modified_time\" content=\"2023-04-10T02:49:39+00:00\" \/>\n<meta property=\"og:image\" content=\"https:\/\/m.media-amazon.com\/images\/I\/518af-sH2+L._SL500_.jpg\" \/>\n\t<meta property=\"og:image:width\" content=\"500\" \/>\n\t<meta property=\"og:image:height\" content=\"500\" \/>\n\t<meta property=\"og:image:type\" content=\"image\/jpeg\" \/>\n<meta name=\"twitter:card\" content=\"summary_large_image\" \/>\n<meta name=\"twitter:label1\" content=\"Gesch\u00e4tzte Lesezeit\" \/>\n\t<meta name=\"twitter:data1\" content=\"1\u00a0Minute\" \/>\n<script type=\"application\/ld+json\" class=\"yoast-schema-graph\">{\"@context\":\"https:\\\/\\\/schema.org\",\"@graph\":[{\"@type\":\"WebPage\",\"@id\":\"https:\\\/\\\/marktxxl.de\\\/markt\\\/produkt\\\/pulseroll-4-geschwindigkeiten-percussion-massage-therapie-fitness-pistole-tragetasche-schwarz\\\/\",\"url\":\"https:\\\/\\\/marktxxl.de\\\/markt\\\/produkt\\\/pulseroll-4-geschwindigkeiten-percussion-massage-therapie-fitness-pistole-tragetasche-schwarz\\\/\",\"name\":\"Pulseroll Percussion Massage Gun Unisex Erwachsene Sport Therapie - Markt-XXL\",\"isPartOf\":{\"@id\":\"https:\\\/\\\/marktxxl.de\\\/markt\\\/#website\"},\"primaryImageOfPage\":{\"@id\":\"https:\\\/\\\/marktxxl.de\\\/markt\\\/produkt\\\/pulseroll-4-geschwindigkeiten-percussion-massage-therapie-fitness-pistole-tragetasche-schwarz\\\/#primaryimage\"},\"image\":{\"@id\":\"https:\\\/\\\/marktxxl.de\\\/markt\\\/produkt\\\/pulseroll-4-geschwindigkeiten-percussion-massage-therapie-fitness-pistole-tragetasche-schwarz\\\/#primaryimage\"},\"thumbnailUrl\":\"https:\\\/\\\/m.media-amazon.com\\\/images\\\/I\\\/518af-sH2+L._SL500_.jpg\",\"datePublished\":\"2022-10-12T06:37:02+00:00\",\"dateModified\":\"2023-04-10T02:49:39+00:00\",\"description\":\"Markt-XXL Pulseroll Percussion Massage Gun Unisex Erwachsene Sport Therapie\",\"breadcrumb\":{\"@id\":\"https:\\\/\\\/marktxxl.de\\\/markt\\\/produkt\\\/pulseroll-4-geschwindigkeiten-percussion-massage-therapie-fitness-pistole-tragetasche-schwarz\\\/#breadcrumb\"},\"inLanguage\":\"de\",\"potentialAction\":[{\"@type\":\"ReadAction\",\"target\":[\"https:\\\/\\\/marktxxl.de\\\/markt\\\/produkt\\\/pulseroll-4-geschwindigkeiten-percussion-massage-therapie-fitness-pistole-tragetasche-schwarz\\\/\"]}]},{\"@type\":\"ImageObject\",\"inLanguage\":\"de\",\"@id\":\"https:\\\/\\\/marktxxl.de\\\/markt\\\/produkt\\\/pulseroll-4-geschwindigkeiten-percussion-massage-therapie-fitness-pistole-tragetasche-schwarz\\\/#primaryimage\",\"url\":\"https:\\\/\\\/m.media-amazon.com\\\/images\\\/I\\\/518af-sH2+L._SL500_.jpg\",\"contentUrl\":\"https:\\\/\\\/m.media-amazon.com\\\/images\\\/I\\\/518af-sH2+L._SL500_.jpg\",\"width\":500,\"height\":500},{\"@type\":\"BreadcrumbList\",\"@id\":\"https:\\\/\\\/marktxxl.de\\\/markt\\\/produkt\\\/pulseroll-4-geschwindigkeiten-percussion-massage-therapie-fitness-pistole-tragetasche-schwarz\\\/#breadcrumb\",\"itemListElement\":[{\"@type\":\"ListItem\",\"position\":1,\"name\":\"Startseite\",\"item\":\"https:\\\/\\\/marktxxl.de\\\/markt\\\/\"},{\"@type\":\"ListItem\",\"position\":2,\"name\":\"Markt\",\"item\":\"https:\\\/\\\/marktxxl.de\\\/markt\\\/\"},{\"@type\":\"ListItem\",\"position\":3,\"name\":\"Pulseroll Percussion Massage Gun Unisex Erwachsene Sport Therapie\"}]},{\"@type\":\"WebSite\",\"@id\":\"https:\\\/\\\/marktxxl.de\\\/markt\\\/#website\",\"url\":\"https:\\\/\\\/marktxxl.de\\\/markt\\\/\",\"name\":\"Markt-XXL\",\"description\":\"Ihr Markt Online\",\"publisher\":{\"@id\":\"https:\\\/\\\/marktxxl.de\\\/markt\\\/#organization\"},\"potentialAction\":[{\"@type\":\"SearchAction\",\"target\":{\"@type\":\"EntryPoint\",\"urlTemplate\":\"https:\\\/\\\/marktxxl.de\\\/markt\\\/?s={search_term_string}\"},\"query-input\":{\"@type\":\"PropertyValueSpecification\",\"valueRequired\":true,\"valueName\":\"search_term_string\"}}],\"inLanguage\":\"de\"},{\"@type\":\"Organization\",\"@id\":\"https:\\\/\\\/marktxxl.de\\\/markt\\\/#organization\",\"name\":\"Markt-XXL\",\"url\":\"https:\\\/\\\/marktxxl.de\\\/markt\\\/\",\"logo\":{\"@type\":\"ImageObject\",\"inLanguage\":\"de\",\"@id\":\"https:\\\/\\\/marktxxl.de\\\/markt\\\/#\\\/schema\\\/logo\\\/image\\\/\",\"url\":\"https:\\\/\\\/marktxxl.de\\\/markt\\\/wp-content\\\/uploads\\\/sites\\\/3\\\/2020\\\/12\\\/logo.png\",\"contentUrl\":\"https:\\\/\\\/marktxxl.de\\\/markt\\\/wp-content\\\/uploads\\\/sites\\\/3\\\/2020\\\/12\\\/logo.png\",\"width\":200,\"height\":70,\"caption\":\"Markt-XXL\"},\"image\":{\"@id\":\"https:\\\/\\\/marktxxl.de\\\/markt\\\/#\\\/schema\\\/logo\\\/image\\\/\"}}]}<\/script>\n<!-- \/ Yoast SEO plugin. -->","yoast_head_json":{"title":"Pulseroll Percussion Massage Gun Unisex Erwachsene Sport Therapie - Markt-XXL","description":"Markt-XXL Pulseroll Percussion Massage Gun Unisex Erwachsene Sport Therapie","robots":{"index":"index","follow":"follow","max-snippet":"max-snippet:-1","max-image-preview":"max-image-preview:large","max-video-preview":"max-video-preview:-1"},"canonical":"https:\/\/marktxxl.de\/markt\/produkt\/pulseroll-4-geschwindigkeiten-percussion-massage-therapie-fitness-pistole-tragetasche-schwarz\/","og_locale":"de_DE","og_type":"article","og_title":"Pulseroll Percussion Massage Gun Unisex Erwachsene Sport Therapie - Markt-XXL","og_description":"Markt-XXL Pulseroll Percussion Massage Gun Unisex Erwachsene Sport Therapie","og_url":"https:\/\/marktxxl.de\/markt\/produkt\/pulseroll-4-geschwindigkeiten-percussion-massage-therapie-fitness-pistole-tragetasche-schwarz\/","og_site_name":"Markt-XXL","article_modified_time":"2023-04-10T02:49:39+00:00","og_image":[{"width":500,"height":500,"url":"https:\/\/m.media-amazon.com\/images\/I\/518af-sH2+L._SL500_.jpg","type":"image\/jpeg"}],"twitter_card":"summary_large_image","twitter_misc":{"Gesch\u00e4tzte Lesezeit":"1\u00a0Minute"},"schema":{"@context":"https:\/\/schema.org","@graph":[{"@type":"WebPage","@id":"https:\/\/marktxxl.de\/markt\/produkt\/pulseroll-4-geschwindigkeiten-percussion-massage-therapie-fitness-pistole-tragetasche-schwarz\/","url":"https:\/\/marktxxl.de\/markt\/produkt\/pulseroll-4-geschwindigkeiten-percussion-massage-therapie-fitness-pistole-tragetasche-schwarz\/","name":"Pulseroll Percussion Massage Gun Unisex Erwachsene Sport Therapie - Markt-XXL","isPartOf":{"@id":"https:\/\/marktxxl.de\/markt\/#website"},"primaryImageOfPage":{"@id":"https:\/\/marktxxl.de\/markt\/produkt\/pulseroll-4-geschwindigkeiten-percussion-massage-therapie-fitness-pistole-tragetasche-schwarz\/#primaryimage"},"image":{"@id":"https:\/\/marktxxl.de\/markt\/produkt\/pulseroll-4-geschwindigkeiten-percussion-massage-therapie-fitness-pistole-tragetasche-schwarz\/#primaryimage"},"thumbnailUrl":"https:\/\/m.media-amazon.com\/images\/I\/518af-sH2+L._SL500_.jpg","datePublished":"2022-10-12T06:37:02+00:00","dateModified":"2023-04-10T02:49:39+00:00","description":"Markt-XXL Pulseroll Percussion Massage Gun Unisex Erwachsene Sport Therapie","breadcrumb":{"@id":"https:\/\/marktxxl.de\/markt\/produkt\/pulseroll-4-geschwindigkeiten-percussion-massage-therapie-fitness-pistole-tragetasche-schwarz\/#breadcrumb"},"inLanguage":"de","potentialAction":[{"@type":"ReadAction","target":["https:\/\/marktxxl.de\/markt\/produkt\/pulseroll-4-geschwindigkeiten-percussion-massage-therapie-fitness-pistole-tragetasche-schwarz\/"]}]},{"@type":"ImageObject","inLanguage":"de","@id":"https:\/\/marktxxl.de\/markt\/produkt\/pulseroll-4-geschwindigkeiten-percussion-massage-therapie-fitness-pistole-tragetasche-schwarz\/#primaryimage","url":"https:\/\/m.media-amazon.com\/images\/I\/518af-sH2+L._SL500_.jpg","contentUrl":"https:\/\/m.media-amazon.com\/images\/I\/518af-sH2+L._SL500_.jpg","width":500,"height":500},{"@type":"BreadcrumbList","@id":"https:\/\/marktxxl.de\/markt\/produkt\/pulseroll-4-geschwindigkeiten-percussion-massage-therapie-fitness-pistole-tragetasche-schwarz\/#breadcrumb","itemListElement":[{"@type":"ListItem","position":1,"name":"Startseite","item":"https:\/\/marktxxl.de\/markt\/"},{"@type":"ListItem","position":2,"name":"Markt","item":"https:\/\/marktxxl.de\/markt\/"},{"@type":"ListItem","position":3,"name":"Pulseroll Percussion Massage Gun Unisex Erwachsene Sport Therapie"}]},{"@type":"WebSite","@id":"https:\/\/marktxxl.de\/markt\/#website","url":"https:\/\/marktxxl.de\/markt\/","name":"Markt-XXL","description":"Ihr Markt Online","publisher":{"@id":"https:\/\/marktxxl.de\/markt\/#organization"},"potentialAction":[{"@type":"SearchAction","target":{"@type":"EntryPoint","urlTemplate":"https:\/\/marktxxl.de\/markt\/?s={search_term_string}"},"query-input":{"@type":"PropertyValueSpecification","valueRequired":true,"valueName":"search_term_string"}}],"inLanguage":"de"},{"@type":"Organization","@id":"https:\/\/marktxxl.de\/markt\/#organization","name":"Markt-XXL","url":"https:\/\/marktxxl.de\/markt\/","logo":{"@type":"ImageObject","inLanguage":"de","@id":"https:\/\/marktxxl.de\/markt\/#\/schema\/logo\/image\/","url":"https:\/\/marktxxl.de\/markt\/wp-content\/uploads\/sites\/3\/2020\/12\/logo.png","contentUrl":"https:\/\/marktxxl.de\/markt\/wp-content\/uploads\/sites\/3\/2020\/12\/logo.png","width":200,"height":70,"caption":"Markt-XXL"},"image":{"@id":"https:\/\/marktxxl.de\/markt\/#\/schema\/logo\/image\/"}}]}},"_links":{"self":[{"href":"https:\/\/marktxxl.de\/markt\/wp-json\/wp\/v2\/product\/159305","targetHints":{"allow":["GET"]}}],"collection":[{"href":"https:\/\/marktxxl.de\/markt\/wp-json\/wp\/v2\/product"}],"about":[{"href":"https:\/\/marktxxl.de\/markt\/wp-json\/wp\/v2\/types\/product"}],"replies":[{"embeddable":true,"href":"https:\/\/marktxxl.de\/markt\/wp-json\/wp\/v2\/comments?post=159305"}],"wp:featuredmedia":[{"embeddable":true,"href":"https:\/\/marktxxl.de\/markt\/wp-json\/wp\/v2\/media\/159306"}],"wp:attachment":[{"href":"https:\/\/marktxxl.de\/markt\/wp-json\/wp\/v2\/media?parent=159305"}],"wp:term":[{"taxonomy":"product_brand","embeddable":true,"href":"https:\/\/marktxxl.de\/markt\/wp-json\/wp\/v2\/product_brand?post=159305"},{"taxonomy":"product_cat","embeddable":true,"href":"https:\/\/marktxxl.de\/markt\/wp-json\/wp\/v2\/product_cat?post=159305"},{"taxonomy":"product_tag","embeddable":true,"href":"https:\/\/marktxxl.de\/markt\/wp-json\/wp\/v2\/product_tag?post=159305"}],"curies":[{"name":"wp","href":"https:\/\/api.w.org\/{rel}","templated":true}]}}