{"id":159239,"date":"2022-10-12T08:34:25","date_gmt":"2022-10-12T06:34:25","guid":{"rendered":"https:\/\/marktxxl.de\/markt\/produkt\/heizkissen-mit-abschaltautomatik-84-x-43-cm-elektrisches-waermekissen-mit-schneller-heiztechnik-und-timer-sicheres-waermepads-aus-weiches-flanell-fuer-ruecken-nacken-schulter-grau\/"},"modified":"2023-04-10T04:49:39","modified_gmt":"2023-04-10T02:49:39","slug":"heizkissen-mit-abschaltautomatik-84-x-43-cm-elektrisches-waermekissen-mit-schneller-heiztechnik-und-timer-sicheres-waermepads-aus-weiches-flanell-fuer-ruecken-nacken-schulter-grau","status":"publish","type":"product","link":"https:\/\/marktxxl.de\/markt\/produkt\/heizkissen-mit-abschaltautomatik-84-x-43-cm-elektrisches-waermekissen-mit-schneller-heiztechnik-und-timer-sicheres-waermepads-aus-weiches-flanell-fuer-ruecken-nacken-schulter-grau\/","title":{"rendered":"Heizkissen mit Abschaltautomatik, 84 x 43 cm Elektrisches W\u00e4rmekissen mit Schneller Heiztechnik und Timer, Sicheres\u2026"},"content":{"rendered":"<p>\u3010Automatische Abschaltung &amp; \u00dcberhitzungsschutz\u3011Unseres Heizkissen verwenden PTC Heizdrahtschutzsystem f\u00fcr Sicherheitsheizung, Wenn die Temperatur des Heizkissens \u00fcber den H\u00f6chstwert (60\u00b0C\/140\u00b0F) steigt, schaltet sich die Heizdecke automatisch aus. Daher ist dieses W\u00e4rmepads absolut sicher.<br \/>\n\u3010Schnelle und gleichm\u00e4\u00dfige Erw\u00e4rmung\u3011Elektrisches W\u00e4rmekissen mit schneller Heiztechnik: Der einzigartige Kupferdraht bedeckt das gesamte W\u00e4rmepad, macht die Erw\u00e4rmung gleichm\u00e4\u00dfiger und schneller. Dar\u00fcber hinaus steht das Heizkissen 6 Temperaturstufen von 40 bis 60 \u00b0C und 4 Zeitschaltuhren (30\/60\/90\/120 Minuten) zur Auswahl.<br \/>\n\u3010Maschine Waschbar\u3011Das pflegeleichte, sanfte, maschinenwaschbare W\u00e4rmekissen aus 100% weichen Mikrofaser Flanell bietet maximalen Komfort im t\u00e4glichen Gebrauch. Nach dem Abnehmen des Controllers ist das Flanell-Pad maschinenwaschbar in Wasser \u2264 40 \u00b0C, hygienisch und komfortabel.<br \/>\n\u3010Gr\u00f6\u00dfe &amp; Kabelgebunden\u3011Dieses Heizkissen mit der Gr\u00f6\u00dfe 84 x 43 cm kann K\u00f6rperentspannung, schnelle Erw\u00e4rmung und eine weiche Struktur bieten, um verschiedene K\u00f6rperteile wie Nacken, R\u00fccken, Bauch oder Beine bequem zu umarmen. Au\u00dferdem machen 2,2-Meter-Netzkabel die Raumnutzung grenzenlos.<br \/>\n\u3010 Garantie\u3011Bei Qualit\u00e4tsproblemen bieten wir w\u00e4hrend der Garantiezeit(ein Jahr) gerne Ersatz oder R\u00fcckerstattung an, keine Sorge fuer die Service. Es ist auch ein tolles Geschenk f\u00fcr Freunde oder Familie im Winter.<br \/>\n<div class=\"main-cross-sell\" data-asin=\"B0B1ZZB6LS\">\n\n\t<div class=\"WooZone-cross-sell-loader\">\n\t\t<div>\n\t\t\t<div id=\"floatingBarsG\">\n\t\t\t\t<div class=\"blockG\" id=\"rotateG_01\"><\/div>\n\t\t\t\t<div class=\"blockG\" id=\"rotateG_02\"><\/div>\n\t\t\t\t<div class=\"blockG\" id=\"rotateG_03\"><\/div>\n\t\t\t\t<div class=\"blockG\" id=\"rotateG_04\"><\/div>\n\t\t\t\t<div class=\"blockG\" id=\"rotateG_05\"><\/div>\n\t\t\t\t<div class=\"blockG\" id=\"rotateG_06\"><\/div>\n\t\t\t\t<div class=\"blockG\" id=\"rotateG_07\"><\/div>\n\t\t\t\t<div class=\"blockG\" id=\"rotateG_08\"><\/div>\n\t\t\t<\/div>\n\t\t\t<div class=\"WooZone-cross-sell-loader-text\"><\/div>\n\t\t<\/div>\n\t<\/div>\n\n\t\t\n<\/div>\n<div style=\"clear:both;\"><\/div><\/p>\n","protected":false},"excerpt":{"rendered":"<p>\u3010Automatische Abschaltung &amp; \u00dcberhitzungsschutz\u3011Unseres Heizkissen verwenden PTC Heizdrahtschutzsystem f\u00fcr Sicherheitsheizung, Wenn die Temperatur des Heizkissens \u00fcber den H\u00f6chstwert (60\u00b0C\/140\u00b0F) steigt, schaltet sich die Heizdecke automatisch aus. Daher ist dieses W\u00e4rmepads absolut sicher.<br \/>\n\u3010Schnelle und gleichm\u00e4\u00dfige Erw\u00e4rmung\u3011Elektrisches W\u00e4rmekissen mit schneller Heiztechnik: Der einzigartige Kupferdraht bedeckt das gesamte W\u00e4rmepad, macht die Erw\u00e4rmung gleichm\u00e4\u00dfiger und schneller. Dar\u00fcber hinaus steht das Heizkissen 6 Temperaturstufen von 40 bis 60 \u00b0C und 4 Zeitschaltuhren (30\/60\/90\/120 Minuten) zur Auswahl.<br \/>\n\u3010Maschine Waschbar\u3011Das pflegeleichte, sanfte, maschinenwaschbare W\u00e4rmekissen aus 100% weichen Mikrofaser Flanell bietet maximalen Komfort im t\u00e4glichen Gebrauch. Nach dem Abnehmen des Controllers ist das Flanell-Pad maschinenwaschbar in Wasser \u2264 40 \u00b0C, hygienisch und komfortabel.<\/p>\n","protected":false},"featured_media":159240,"comment_status":"open","ping_status":"closed","template":"","meta":[],"product_brand":[],"product_cat":[566,6496],"product_tag":[],"class_list":{"0":"post-159239","1":"product","2":"type-product","3":"status-publish","4":"has-post-thumbnail","6":"product_cat-drogerie-koerperpflege","7":"product_cat-wellness","8":"pa_brand-fuqiduo","9":"pa_color-grau","10":"pa_height-0-1181102361-zoll","11":"pa_length-33-070866108-zoll","12":"pa_manufacturer-fuqiduo","13":"pa_size-8443-cm","14":"pa_warranty-wenn-das-produkt-kaputt-ist-schicke-ich-sofort-ein-neues-oder-erstatte-es-zurueck","15":"pa_width-16-929133841-zoll","17":"first","18":"instock","19":"shipping-taxable","20":"purchasable","21":"product-type-simple","22":"customify-col","23":"product-has-gallery"},"yoast_head":"<!-- This site is optimized with the Yoast SEO plugin v27.3 - https:\/\/yoast.com\/product\/yoast-seo-wordpress\/ -->\n<title>Heizkissen mit Abschaltautomatik, 84 x 43 cm Elektrisches W\u00e4rmekissen mit Schneller Heiztechnik und Timer, Sicheres\u2026 - Markt-XXL<\/title>\n<meta name=\"description\" content=\"Markt-XXL Heizkissen mit Abschaltautomatik, 84 x 43 cm Elektrisches W\u00e4rmekissen mit Schneller Heiztechnik und Timer, Sicheres\u2026\" \/>\n<meta name=\"robots\" content=\"index, follow, max-snippet:-1, max-image-preview:large, max-video-preview:-1\" \/>\n<link rel=\"canonical\" href=\"https:\/\/marktxxl.de\/markt\/produkt\/heizkissen-mit-abschaltautomatik-84-x-43-cm-elektrisches-waermekissen-mit-schneller-heiztechnik-und-timer-sicheres-waermepads-aus-weiches-flanell-fuer-ruecken-nacken-schulter-grau\/\" \/>\n<meta property=\"og:locale\" content=\"de_DE\" \/>\n<meta property=\"og:type\" content=\"article\" \/>\n<meta property=\"og:title\" content=\"Heizkissen mit Abschaltautomatik, 84 x 43 cm Elektrisches W\u00e4rmekissen mit Schneller Heiztechnik und Timer, Sicheres\u2026 - Markt-XXL\" \/>\n<meta property=\"og:description\" content=\"Markt-XXL Heizkissen mit Abschaltautomatik, 84 x 43 cm Elektrisches W\u00e4rmekissen mit Schneller Heiztechnik und Timer, Sicheres\u2026\" \/>\n<meta property=\"og:url\" content=\"https:\/\/marktxxl.de\/markt\/produkt\/heizkissen-mit-abschaltautomatik-84-x-43-cm-elektrisches-waermekissen-mit-schneller-heiztechnik-und-timer-sicheres-waermepads-aus-weiches-flanell-fuer-ruecken-nacken-schulter-grau\/\" \/>\n<meta property=\"og:site_name\" content=\"Markt-XXL\" \/>\n<meta property=\"article:modified_time\" content=\"2023-04-10T02:49:39+00:00\" \/>\n<meta property=\"og:image\" content=\"https:\/\/m.media-amazon.com\/images\/I\/41AC7-VfZgL._SL500_.jpg\" \/>\n\t<meta property=\"og:image:width\" content=\"500\" \/>\n\t<meta property=\"og:image:height\" content=\"500\" \/>\n\t<meta property=\"og:image:type\" content=\"image\/jpeg\" \/>\n<meta name=\"twitter:card\" content=\"summary_large_image\" \/>\n<meta name=\"twitter:label1\" content=\"Gesch\u00e4tzte Lesezeit\" \/>\n\t<meta name=\"twitter:data1\" content=\"1\u00a0Minute\" \/>\n<script type=\"application\/ld+json\" class=\"yoast-schema-graph\">{\"@context\":\"https:\\\/\\\/schema.org\",\"@graph\":[{\"@type\":\"WebPage\",\"@id\":\"https:\\\/\\\/marktxxl.de\\\/markt\\\/produkt\\\/heizkissen-mit-abschaltautomatik-84-x-43-cm-elektrisches-waermekissen-mit-schneller-heiztechnik-und-timer-sicheres-waermepads-aus-weiches-flanell-fuer-ruecken-nacken-schulter-grau\\\/\",\"url\":\"https:\\\/\\\/marktxxl.de\\\/markt\\\/produkt\\\/heizkissen-mit-abschaltautomatik-84-x-43-cm-elektrisches-waermekissen-mit-schneller-heiztechnik-und-timer-sicheres-waermepads-aus-weiches-flanell-fuer-ruecken-nacken-schulter-grau\\\/\",\"name\":\"Heizkissen mit Abschaltautomatik, 84 x 43 cm Elektrisches W\u00e4rmekissen mit Schneller Heiztechnik und Timer, Sicheres\u2026 - Markt-XXL\",\"isPartOf\":{\"@id\":\"https:\\\/\\\/marktxxl.de\\\/markt\\\/#website\"},\"primaryImageOfPage\":{\"@id\":\"https:\\\/\\\/marktxxl.de\\\/markt\\\/produkt\\\/heizkissen-mit-abschaltautomatik-84-x-43-cm-elektrisches-waermekissen-mit-schneller-heiztechnik-und-timer-sicheres-waermepads-aus-weiches-flanell-fuer-ruecken-nacken-schulter-grau\\\/#primaryimage\"},\"image\":{\"@id\":\"https:\\\/\\\/marktxxl.de\\\/markt\\\/produkt\\\/heizkissen-mit-abschaltautomatik-84-x-43-cm-elektrisches-waermekissen-mit-schneller-heiztechnik-und-timer-sicheres-waermepads-aus-weiches-flanell-fuer-ruecken-nacken-schulter-grau\\\/#primaryimage\"},\"thumbnailUrl\":\"https:\\\/\\\/m.media-amazon.com\\\/images\\\/I\\\/41AC7-VfZgL._SL500_.jpg\",\"datePublished\":\"2022-10-12T06:34:25+00:00\",\"dateModified\":\"2023-04-10T02:49:39+00:00\",\"description\":\"Markt-XXL Heizkissen mit Abschaltautomatik, 84 x 43 cm Elektrisches W\u00e4rmekissen mit Schneller Heiztechnik und Timer, Sicheres\u2026\",\"breadcrumb\":{\"@id\":\"https:\\\/\\\/marktxxl.de\\\/markt\\\/produkt\\\/heizkissen-mit-abschaltautomatik-84-x-43-cm-elektrisches-waermekissen-mit-schneller-heiztechnik-und-timer-sicheres-waermepads-aus-weiches-flanell-fuer-ruecken-nacken-schulter-grau\\\/#breadcrumb\"},\"inLanguage\":\"de\",\"potentialAction\":[{\"@type\":\"ReadAction\",\"target\":[\"https:\\\/\\\/marktxxl.de\\\/markt\\\/produkt\\\/heizkissen-mit-abschaltautomatik-84-x-43-cm-elektrisches-waermekissen-mit-schneller-heiztechnik-und-timer-sicheres-waermepads-aus-weiches-flanell-fuer-ruecken-nacken-schulter-grau\\\/\"]}]},{\"@type\":\"ImageObject\",\"inLanguage\":\"de\",\"@id\":\"https:\\\/\\\/marktxxl.de\\\/markt\\\/produkt\\\/heizkissen-mit-abschaltautomatik-84-x-43-cm-elektrisches-waermekissen-mit-schneller-heiztechnik-und-timer-sicheres-waermepads-aus-weiches-flanell-fuer-ruecken-nacken-schulter-grau\\\/#primaryimage\",\"url\":\"https:\\\/\\\/m.media-amazon.com\\\/images\\\/I\\\/41AC7-VfZgL._SL500_.jpg\",\"contentUrl\":\"https:\\\/\\\/m.media-amazon.com\\\/images\\\/I\\\/41AC7-VfZgL._SL500_.jpg\",\"width\":500,\"height\":500},{\"@type\":\"BreadcrumbList\",\"@id\":\"https:\\\/\\\/marktxxl.de\\\/markt\\\/produkt\\\/heizkissen-mit-abschaltautomatik-84-x-43-cm-elektrisches-waermekissen-mit-schneller-heiztechnik-und-timer-sicheres-waermepads-aus-weiches-flanell-fuer-ruecken-nacken-schulter-grau\\\/#breadcrumb\",\"itemListElement\":[{\"@type\":\"ListItem\",\"position\":1,\"name\":\"Startseite\",\"item\":\"https:\\\/\\\/marktxxl.de\\\/markt\\\/\"},{\"@type\":\"ListItem\",\"position\":2,\"name\":\"Markt\",\"item\":\"https:\\\/\\\/marktxxl.de\\\/markt\\\/\"},{\"@type\":\"ListItem\",\"position\":3,\"name\":\"Heizkissen mit Abschaltautomatik, 84 x 43 cm Elektrisches W\u00e4rmekissen mit Schneller Heiztechnik und Timer, Sicheres\u2026\"}]},{\"@type\":\"WebSite\",\"@id\":\"https:\\\/\\\/marktxxl.de\\\/markt\\\/#website\",\"url\":\"https:\\\/\\\/marktxxl.de\\\/markt\\\/\",\"name\":\"Markt-XXL\",\"description\":\"Ihr Markt Online\",\"publisher\":{\"@id\":\"https:\\\/\\\/marktxxl.de\\\/markt\\\/#organization\"},\"potentialAction\":[{\"@type\":\"SearchAction\",\"target\":{\"@type\":\"EntryPoint\",\"urlTemplate\":\"https:\\\/\\\/marktxxl.de\\\/markt\\\/?s={search_term_string}\"},\"query-input\":{\"@type\":\"PropertyValueSpecification\",\"valueRequired\":true,\"valueName\":\"search_term_string\"}}],\"inLanguage\":\"de\"},{\"@type\":\"Organization\",\"@id\":\"https:\\\/\\\/marktxxl.de\\\/markt\\\/#organization\",\"name\":\"Markt-XXL\",\"url\":\"https:\\\/\\\/marktxxl.de\\\/markt\\\/\",\"logo\":{\"@type\":\"ImageObject\",\"inLanguage\":\"de\",\"@id\":\"https:\\\/\\\/marktxxl.de\\\/markt\\\/#\\\/schema\\\/logo\\\/image\\\/\",\"url\":\"https:\\\/\\\/marktxxl.de\\\/markt\\\/wp-content\\\/uploads\\\/sites\\\/3\\\/2020\\\/12\\\/logo.png\",\"contentUrl\":\"https:\\\/\\\/marktxxl.de\\\/markt\\\/wp-content\\\/uploads\\\/sites\\\/3\\\/2020\\\/12\\\/logo.png\",\"width\":200,\"height\":70,\"caption\":\"Markt-XXL\"},\"image\":{\"@id\":\"https:\\\/\\\/marktxxl.de\\\/markt\\\/#\\\/schema\\\/logo\\\/image\\\/\"}}]}<\/script>\n<!-- \/ Yoast SEO plugin. -->","yoast_head_json":{"title":"Heizkissen mit Abschaltautomatik, 84 x 43 cm Elektrisches W\u00e4rmekissen mit Schneller Heiztechnik und Timer, Sicheres\u2026 - Markt-XXL","description":"Markt-XXL Heizkissen mit Abschaltautomatik, 84 x 43 cm Elektrisches W\u00e4rmekissen mit Schneller Heiztechnik und Timer, Sicheres\u2026","robots":{"index":"index","follow":"follow","max-snippet":"max-snippet:-1","max-image-preview":"max-image-preview:large","max-video-preview":"max-video-preview:-1"},"canonical":"https:\/\/marktxxl.de\/markt\/produkt\/heizkissen-mit-abschaltautomatik-84-x-43-cm-elektrisches-waermekissen-mit-schneller-heiztechnik-und-timer-sicheres-waermepads-aus-weiches-flanell-fuer-ruecken-nacken-schulter-grau\/","og_locale":"de_DE","og_type":"article","og_title":"Heizkissen mit Abschaltautomatik, 84 x 43 cm Elektrisches W\u00e4rmekissen mit Schneller Heiztechnik und Timer, Sicheres\u2026 - Markt-XXL","og_description":"Markt-XXL Heizkissen mit Abschaltautomatik, 84 x 43 cm Elektrisches W\u00e4rmekissen mit Schneller Heiztechnik und Timer, Sicheres\u2026","og_url":"https:\/\/marktxxl.de\/markt\/produkt\/heizkissen-mit-abschaltautomatik-84-x-43-cm-elektrisches-waermekissen-mit-schneller-heiztechnik-und-timer-sicheres-waermepads-aus-weiches-flanell-fuer-ruecken-nacken-schulter-grau\/","og_site_name":"Markt-XXL","article_modified_time":"2023-04-10T02:49:39+00:00","og_image":[{"width":500,"height":500,"url":"https:\/\/m.media-amazon.com\/images\/I\/41AC7-VfZgL._SL500_.jpg","type":"image\/jpeg"}],"twitter_card":"summary_large_image","twitter_misc":{"Gesch\u00e4tzte Lesezeit":"1\u00a0Minute"},"schema":{"@context":"https:\/\/schema.org","@graph":[{"@type":"WebPage","@id":"https:\/\/marktxxl.de\/markt\/produkt\/heizkissen-mit-abschaltautomatik-84-x-43-cm-elektrisches-waermekissen-mit-schneller-heiztechnik-und-timer-sicheres-waermepads-aus-weiches-flanell-fuer-ruecken-nacken-schulter-grau\/","url":"https:\/\/marktxxl.de\/markt\/produkt\/heizkissen-mit-abschaltautomatik-84-x-43-cm-elektrisches-waermekissen-mit-schneller-heiztechnik-und-timer-sicheres-waermepads-aus-weiches-flanell-fuer-ruecken-nacken-schulter-grau\/","name":"Heizkissen mit Abschaltautomatik, 84 x 43 cm Elektrisches W\u00e4rmekissen mit Schneller Heiztechnik und Timer, Sicheres\u2026 - Markt-XXL","isPartOf":{"@id":"https:\/\/marktxxl.de\/markt\/#website"},"primaryImageOfPage":{"@id":"https:\/\/marktxxl.de\/markt\/produkt\/heizkissen-mit-abschaltautomatik-84-x-43-cm-elektrisches-waermekissen-mit-schneller-heiztechnik-und-timer-sicheres-waermepads-aus-weiches-flanell-fuer-ruecken-nacken-schulter-grau\/#primaryimage"},"image":{"@id":"https:\/\/marktxxl.de\/markt\/produkt\/heizkissen-mit-abschaltautomatik-84-x-43-cm-elektrisches-waermekissen-mit-schneller-heiztechnik-und-timer-sicheres-waermepads-aus-weiches-flanell-fuer-ruecken-nacken-schulter-grau\/#primaryimage"},"thumbnailUrl":"https:\/\/m.media-amazon.com\/images\/I\/41AC7-VfZgL._SL500_.jpg","datePublished":"2022-10-12T06:34:25+00:00","dateModified":"2023-04-10T02:49:39+00:00","description":"Markt-XXL Heizkissen mit Abschaltautomatik, 84 x 43 cm Elektrisches W\u00e4rmekissen mit Schneller Heiztechnik und Timer, Sicheres\u2026","breadcrumb":{"@id":"https:\/\/marktxxl.de\/markt\/produkt\/heizkissen-mit-abschaltautomatik-84-x-43-cm-elektrisches-waermekissen-mit-schneller-heiztechnik-und-timer-sicheres-waermepads-aus-weiches-flanell-fuer-ruecken-nacken-schulter-grau\/#breadcrumb"},"inLanguage":"de","potentialAction":[{"@type":"ReadAction","target":["https:\/\/marktxxl.de\/markt\/produkt\/heizkissen-mit-abschaltautomatik-84-x-43-cm-elektrisches-waermekissen-mit-schneller-heiztechnik-und-timer-sicheres-waermepads-aus-weiches-flanell-fuer-ruecken-nacken-schulter-grau\/"]}]},{"@type":"ImageObject","inLanguage":"de","@id":"https:\/\/marktxxl.de\/markt\/produkt\/heizkissen-mit-abschaltautomatik-84-x-43-cm-elektrisches-waermekissen-mit-schneller-heiztechnik-und-timer-sicheres-waermepads-aus-weiches-flanell-fuer-ruecken-nacken-schulter-grau\/#primaryimage","url":"https:\/\/m.media-amazon.com\/images\/I\/41AC7-VfZgL._SL500_.jpg","contentUrl":"https:\/\/m.media-amazon.com\/images\/I\/41AC7-VfZgL._SL500_.jpg","width":500,"height":500},{"@type":"BreadcrumbList","@id":"https:\/\/marktxxl.de\/markt\/produkt\/heizkissen-mit-abschaltautomatik-84-x-43-cm-elektrisches-waermekissen-mit-schneller-heiztechnik-und-timer-sicheres-waermepads-aus-weiches-flanell-fuer-ruecken-nacken-schulter-grau\/#breadcrumb","itemListElement":[{"@type":"ListItem","position":1,"name":"Startseite","item":"https:\/\/marktxxl.de\/markt\/"},{"@type":"ListItem","position":2,"name":"Markt","item":"https:\/\/marktxxl.de\/markt\/"},{"@type":"ListItem","position":3,"name":"Heizkissen mit Abschaltautomatik, 84 x 43 cm Elektrisches W\u00e4rmekissen mit Schneller Heiztechnik und Timer, Sicheres\u2026"}]},{"@type":"WebSite","@id":"https:\/\/marktxxl.de\/markt\/#website","url":"https:\/\/marktxxl.de\/markt\/","name":"Markt-XXL","description":"Ihr Markt Online","publisher":{"@id":"https:\/\/marktxxl.de\/markt\/#organization"},"potentialAction":[{"@type":"SearchAction","target":{"@type":"EntryPoint","urlTemplate":"https:\/\/marktxxl.de\/markt\/?s={search_term_string}"},"query-input":{"@type":"PropertyValueSpecification","valueRequired":true,"valueName":"search_term_string"}}],"inLanguage":"de"},{"@type":"Organization","@id":"https:\/\/marktxxl.de\/markt\/#organization","name":"Markt-XXL","url":"https:\/\/marktxxl.de\/markt\/","logo":{"@type":"ImageObject","inLanguage":"de","@id":"https:\/\/marktxxl.de\/markt\/#\/schema\/logo\/image\/","url":"https:\/\/marktxxl.de\/markt\/wp-content\/uploads\/sites\/3\/2020\/12\/logo.png","contentUrl":"https:\/\/marktxxl.de\/markt\/wp-content\/uploads\/sites\/3\/2020\/12\/logo.png","width":200,"height":70,"caption":"Markt-XXL"},"image":{"@id":"https:\/\/marktxxl.de\/markt\/#\/schema\/logo\/image\/"}}]}},"_links":{"self":[{"href":"https:\/\/marktxxl.de\/markt\/wp-json\/wp\/v2\/product\/159239","targetHints":{"allow":["GET"]}}],"collection":[{"href":"https:\/\/marktxxl.de\/markt\/wp-json\/wp\/v2\/product"}],"about":[{"href":"https:\/\/marktxxl.de\/markt\/wp-json\/wp\/v2\/types\/product"}],"replies":[{"embeddable":true,"href":"https:\/\/marktxxl.de\/markt\/wp-json\/wp\/v2\/comments?post=159239"}],"wp:featuredmedia":[{"embeddable":true,"href":"https:\/\/marktxxl.de\/markt\/wp-json\/wp\/v2\/media\/159240"}],"wp:attachment":[{"href":"https:\/\/marktxxl.de\/markt\/wp-json\/wp\/v2\/media?parent=159239"}],"wp:term":[{"taxonomy":"product_brand","embeddable":true,"href":"https:\/\/marktxxl.de\/markt\/wp-json\/wp\/v2\/product_brand?post=159239"},{"taxonomy":"product_cat","embeddable":true,"href":"https:\/\/marktxxl.de\/markt\/wp-json\/wp\/v2\/product_cat?post=159239"},{"taxonomy":"product_tag","embeddable":true,"href":"https:\/\/marktxxl.de\/markt\/wp-json\/wp\/v2\/product_tag?post=159239"}],"curies":[{"name":"wp","href":"https:\/\/api.w.org\/{rel}","templated":true}]}}