{"id":159070,"date":"2022-10-12T07:19:45","date_gmt":"2022-10-12T05:19:45","guid":{"rendered":"https:\/\/marktxxl.de\/markt\/produkt\/mossime-grosser-monatlicher-pillendose-4-wochen-grosser-tablettenbox-mit-staubdichte-etui-grosse-tablettenbox-fuer-die-familie-taegliche-tabletten-box-medikamenten-organizer\/"},"modified":"2023-04-10T04:49:36","modified_gmt":"2023-04-10T02:49:36","slug":"mossime-grosser-monatlicher-pillendose-4-wochen-grosser-tablettenbox-mit-staubdichte-etui-grosse-tablettenbox-fuer-die-familie-taegliche-tabletten-box-medikamenten-organizer","status":"publish","type":"product","link":"https:\/\/marktxxl.de\/markt\/produkt\/mossime-grosser-monatlicher-pillendose-4-wochen-grosser-tablettenbox-mit-staubdichte-etui-grosse-tablettenbox-fuer-die-familie-taegliche-tabletten-box-medikamenten-organizer\/","title":{"rendered":"Tablettenbox Monat 28 Tage Pillendose, Gro\u00dfe Tablettenbox Monat Medikamentenbox mit 7 F\u00e4cher f\u00fcr 4 Wochen f\u00fcr Die\u2026"},"content":{"rendered":"<p>Extra gro\u00dfe F\u00e4cher pro Tag: Diese Pillendose f\u00fcr 28 Tage wird mit einem gro\u00dfen Fach geliefert, um Ihre t\u00e4glichen Tablettenorganizer zu erf\u00fcllen (7 Tage in einer Reihe). Jedes Innenfach bietet Platz f\u00fcr 8 Fisch\u00f6le oder 10 gro\u00dfe Vitamine. Die Gr\u00f6\u00dfe des gesamten Tablettenbeh\u00e4lters betr\u00e4gt 24,6 x 15,9 x 4,6 cm fast so gro\u00df wie ein iPad mit 9,7 Zoll. <\/p>\n<p>Wochenablagen k\u00f6nnen separat getragen werden: Die Pillendose enth\u00e4lt 4 einzelne Tabletts f\u00fcr Ihren w\u00f6chentlichen Pillen-Organizer auf einmal. Das ist ideal, wenn Sie unterwegs oder unterwegs sind, da Sie genau die Tage abnehmen k\u00f6nnen, die Sie brauchen. Alle Tabletts werden in einer gro\u00dfen Box aufbewahrt, das doppelte Etui sch\u00fctzt Pillen vor Versch\u00fctten. <\/p>\n<p>\u30101 Wochen-Pillenspender\u3011 Speichern Sie die Medikamente einer Woche. Sie k\u00f6nnen einfach Ihren w\u00f6chentlichen Medikamentendosierer zu Beginn der Woche organisieren und den Organizer auf die Theke stellen, um leicht den \u00dcberblick zu behalten und Ihr AM\/PM Medikamenten-Regime zu erhalten. <\/p>\n<p>\u30105.000 Mal der Verwendung nie abwischen\u3011 Der w\u00f6chentliche Pillendosierer ist aus 100% lebensmittelechten BPA-freien Materialien, sicher f\u00fcr den medizinischen Gebrauch. 3D-Drucktechnologie, wird nie f\u00fcr mehr als 5.000 Mal verwendet werden. <\/p>\n<p>\u3010100% Zufriedenheitsgarantie\u3011 Wir glauben, dass Sie unsere gro\u00dfe 7-Tage-Pillendose lieben werden und feststellen, dass sie Ihre t\u00e4gliche Pillenroutine einfach und sicher macht. Wenn Sie jedoch nicht vollst\u00e4ndig zufrieden sind oder feststellen, dass Ihr Produkt bei der Ankunft besch\u00e4digt ist, ersetzen oder erstatten wir Ihren Kauf zur\u00fcck, das ist unser Versprechen. <\/p>\n<div class=\"main-cross-sell\" data-asin=\"B08C4SWWXS\">\n\n\t<div class=\"WooZone-cross-sell-loader\">\n\t\t<div>\n\t\t\t<div id=\"floatingBarsG\">\n\t\t\t\t<div class=\"blockG\" id=\"rotateG_01\"><\/div>\n\t\t\t\t<div class=\"blockG\" id=\"rotateG_02\"><\/div>\n\t\t\t\t<div class=\"blockG\" id=\"rotateG_03\"><\/div>\n\t\t\t\t<div class=\"blockG\" id=\"rotateG_04\"><\/div>\n\t\t\t\t<div class=\"blockG\" id=\"rotateG_05\"><\/div>\n\t\t\t\t<div class=\"blockG\" id=\"rotateG_06\"><\/div>\n\t\t\t\t<div class=\"blockG\" id=\"rotateG_07\"><\/div>\n\t\t\t\t<div class=\"blockG\" id=\"rotateG_08\"><\/div>\n\t\t\t<\/div>\n\t\t\t<div class=\"WooZone-cross-sell-loader-text\"><\/div>\n\t\t<\/div>\n\t<\/div>\n\n\t\t\n<\/div>\n<div style=\"clear:both;\"><\/div>\n","protected":false},"excerpt":{"rendered":"<p>Extra gro\u00dfe F\u00e4cher pro Tag: Diese Pillendose f\u00fcr 28 Tage wird mit einem gro\u00dfen Fach geliefert, um Ihre t\u00e4glichen Tablettenorganizer zu erf\u00fcllen (7 Tage in einer Reihe). Jedes Innenfach bietet Platz f\u00fcr 8 Fisch\u00f6le oder 10 gro\u00dfe Vitamine. Die Gr\u00f6\u00dfe des gesamten Tablettenbeh\u00e4lters betr\u00e4gt 24,6 x 15,9 x 4,6 cm fast so gro\u00df wie ein iPad mit 9,7 Zoll.<br \/>\nWochenablagen k\u00f6nnen separat getragen werden: Die Pillendose enth\u00e4lt 4 einzelne Tabletts f\u00fcr Ihren w\u00f6chentlichen Pillen-Organizer auf einmal. Das ist ideal, wenn Sie unterwegs oder unterwegs sind, da Sie genau die Tage abnehmen k\u00f6nnen, die Sie brauchen. Alle Tabletts werden in einer gro\u00dfen Box aufbewahrt, das doppelte Etui sch\u00fctzt Pillen vor Versch\u00fctten.<br \/>\n\u30101 Wochen-Pillenspender\u3011 Speichern Sie die Medikamente einer Woche. Sie k\u00f6nnen einfach Ihren w\u00f6chentlichen Medikamentendosierer zu Beginn der Woche organisieren und den Organizer auf die Theke stellen, um leicht den \u00dcberblick zu behalten und Ihr AM\/PM Medikamenten-Regime zu erhalten. <\/p>\n","protected":false},"featured_media":159071,"comment_status":"open","ping_status":"closed","template":"","meta":[],"product_brand":[],"product_cat":[566,5932],"product_tag":[],"class_list":{"0":"post-159070","1":"product","2":"type-product","3":"status-publish","4":"has-post-thumbnail","6":"product_cat-drogerie-koerperpflege","7":"product_cat-mobilitaetshilfen-zubehoer","8":"pa_binding-unbekannter-einband","9":"pa_brand-mossime","10":"pa_color-grau","11":"pa_height-1-5-zoll","12":"pa_length-9-5-zoll","13":"pa_manufacturer-newayflash","14":"pa_model-yh-074l","15":"pa_size-4-8x-4-8x-3-5","16":"pa_width-5-9-zoll","18":"first","19":"instock","20":"shipping-taxable","21":"purchasable","22":"product-type-simple","23":"customify-col","24":"product-has-gallery"},"yoast_head":"<!-- This site is optimized with the Yoast SEO plugin v27.3 - https:\/\/yoast.com\/product\/yoast-seo-wordpress\/ -->\n<title>Tablettenbox Monat 28 Tage Pillendose, Gro\u00dfe Tablettenbox Monat Medikamentenbox mit 7 F\u00e4cher f\u00fcr 4 Wochen f\u00fcr Die\u2026 - Markt-XXL<\/title>\n<meta name=\"description\" content=\"Markt-XXL Tablettenbox Monat 28 Tage Pillendose, Gro\u00dfe Tablettenbox Monat Medikamentenbox mit 7 F\u00e4cher f\u00fcr 4 Wochen f\u00fcr Die\u2026\" \/>\n<meta name=\"robots\" content=\"index, follow, max-snippet:-1, max-image-preview:large, max-video-preview:-1\" \/>\n<link rel=\"canonical\" href=\"https:\/\/marktxxl.de\/markt\/produkt\/mossime-grosser-monatlicher-pillendose-4-wochen-grosser-tablettenbox-mit-staubdichte-etui-grosse-tablettenbox-fuer-die-familie-taegliche-tabletten-box-medikamenten-organizer\/\" \/>\n<meta property=\"og:locale\" content=\"de_DE\" \/>\n<meta property=\"og:type\" content=\"article\" \/>\n<meta property=\"og:title\" content=\"Tablettenbox Monat 28 Tage Pillendose, Gro\u00dfe Tablettenbox Monat Medikamentenbox mit 7 F\u00e4cher f\u00fcr 4 Wochen f\u00fcr Die\u2026 - Markt-XXL\" \/>\n<meta property=\"og:description\" content=\"Markt-XXL Tablettenbox Monat 28 Tage Pillendose, Gro\u00dfe Tablettenbox Monat Medikamentenbox mit 7 F\u00e4cher f\u00fcr 4 Wochen f\u00fcr Die\u2026\" \/>\n<meta property=\"og:url\" content=\"https:\/\/marktxxl.de\/markt\/produkt\/mossime-grosser-monatlicher-pillendose-4-wochen-grosser-tablettenbox-mit-staubdichte-etui-grosse-tablettenbox-fuer-die-familie-taegliche-tabletten-box-medikamenten-organizer\/\" \/>\n<meta property=\"og:site_name\" content=\"Markt-XXL\" \/>\n<meta property=\"article:modified_time\" content=\"2023-04-10T02:49:36+00:00\" \/>\n<meta property=\"og:image\" content=\"https:\/\/m.media-amazon.com\/images\/I\/51c8DQp4RUS._SL500_.jpg\" \/>\n\t<meta property=\"og:image:width\" content=\"500\" \/>\n\t<meta property=\"og:image:height\" content=\"500\" \/>\n\t<meta property=\"og:image:type\" content=\"image\/jpeg\" \/>\n<meta name=\"twitter:card\" content=\"summary_large_image\" \/>\n<meta name=\"twitter:label1\" content=\"Gesch\u00e4tzte Lesezeit\" \/>\n\t<meta name=\"twitter:data1\" content=\"1\u00a0Minute\" \/>\n<script type=\"application\/ld+json\" class=\"yoast-schema-graph\">{\"@context\":\"https:\\\/\\\/schema.org\",\"@graph\":[{\"@type\":\"WebPage\",\"@id\":\"https:\\\/\\\/marktxxl.de\\\/markt\\\/produkt\\\/mossime-grosser-monatlicher-pillendose-4-wochen-grosser-tablettenbox-mit-staubdichte-etui-grosse-tablettenbox-fuer-die-familie-taegliche-tabletten-box-medikamenten-organizer\\\/\",\"url\":\"https:\\\/\\\/marktxxl.de\\\/markt\\\/produkt\\\/mossime-grosser-monatlicher-pillendose-4-wochen-grosser-tablettenbox-mit-staubdichte-etui-grosse-tablettenbox-fuer-die-familie-taegliche-tabletten-box-medikamenten-organizer\\\/\",\"name\":\"Tablettenbox Monat 28 Tage Pillendose, Gro\u00dfe Tablettenbox Monat Medikamentenbox mit 7 F\u00e4cher f\u00fcr 4 Wochen f\u00fcr Die\u2026 - Markt-XXL\",\"isPartOf\":{\"@id\":\"https:\\\/\\\/marktxxl.de\\\/markt\\\/#website\"},\"primaryImageOfPage\":{\"@id\":\"https:\\\/\\\/marktxxl.de\\\/markt\\\/produkt\\\/mossime-grosser-monatlicher-pillendose-4-wochen-grosser-tablettenbox-mit-staubdichte-etui-grosse-tablettenbox-fuer-die-familie-taegliche-tabletten-box-medikamenten-organizer\\\/#primaryimage\"},\"image\":{\"@id\":\"https:\\\/\\\/marktxxl.de\\\/markt\\\/produkt\\\/mossime-grosser-monatlicher-pillendose-4-wochen-grosser-tablettenbox-mit-staubdichte-etui-grosse-tablettenbox-fuer-die-familie-taegliche-tabletten-box-medikamenten-organizer\\\/#primaryimage\"},\"thumbnailUrl\":\"https:\\\/\\\/m.media-amazon.com\\\/images\\\/I\\\/51c8DQp4RUS._SL500_.jpg\",\"datePublished\":\"2022-10-12T05:19:45+00:00\",\"dateModified\":\"2023-04-10T02:49:36+00:00\",\"description\":\"Markt-XXL Tablettenbox Monat 28 Tage Pillendose, Gro\u00dfe Tablettenbox Monat Medikamentenbox mit 7 F\u00e4cher f\u00fcr 4 Wochen f\u00fcr Die\u2026\",\"breadcrumb\":{\"@id\":\"https:\\\/\\\/marktxxl.de\\\/markt\\\/produkt\\\/mossime-grosser-monatlicher-pillendose-4-wochen-grosser-tablettenbox-mit-staubdichte-etui-grosse-tablettenbox-fuer-die-familie-taegliche-tabletten-box-medikamenten-organizer\\\/#breadcrumb\"},\"inLanguage\":\"de\",\"potentialAction\":[{\"@type\":\"ReadAction\",\"target\":[\"https:\\\/\\\/marktxxl.de\\\/markt\\\/produkt\\\/mossime-grosser-monatlicher-pillendose-4-wochen-grosser-tablettenbox-mit-staubdichte-etui-grosse-tablettenbox-fuer-die-familie-taegliche-tabletten-box-medikamenten-organizer\\\/\"]}]},{\"@type\":\"ImageObject\",\"inLanguage\":\"de\",\"@id\":\"https:\\\/\\\/marktxxl.de\\\/markt\\\/produkt\\\/mossime-grosser-monatlicher-pillendose-4-wochen-grosser-tablettenbox-mit-staubdichte-etui-grosse-tablettenbox-fuer-die-familie-taegliche-tabletten-box-medikamenten-organizer\\\/#primaryimage\",\"url\":\"https:\\\/\\\/m.media-amazon.com\\\/images\\\/I\\\/51c8DQp4RUS._SL500_.jpg\",\"contentUrl\":\"https:\\\/\\\/m.media-amazon.com\\\/images\\\/I\\\/51c8DQp4RUS._SL500_.jpg\",\"width\":500,\"height\":500},{\"@type\":\"BreadcrumbList\",\"@id\":\"https:\\\/\\\/marktxxl.de\\\/markt\\\/produkt\\\/mossime-grosser-monatlicher-pillendose-4-wochen-grosser-tablettenbox-mit-staubdichte-etui-grosse-tablettenbox-fuer-die-familie-taegliche-tabletten-box-medikamenten-organizer\\\/#breadcrumb\",\"itemListElement\":[{\"@type\":\"ListItem\",\"position\":1,\"name\":\"Startseite\",\"item\":\"https:\\\/\\\/marktxxl.de\\\/markt\\\/\"},{\"@type\":\"ListItem\",\"position\":2,\"name\":\"Markt\",\"item\":\"https:\\\/\\\/marktxxl.de\\\/markt\\\/\"},{\"@type\":\"ListItem\",\"position\":3,\"name\":\"Tablettenbox Monat 28 Tage Pillendose, Gro\u00dfe Tablettenbox Monat Medikamentenbox mit 7 F\u00e4cher f\u00fcr 4 Wochen f\u00fcr Die\u2026\"}]},{\"@type\":\"WebSite\",\"@id\":\"https:\\\/\\\/marktxxl.de\\\/markt\\\/#website\",\"url\":\"https:\\\/\\\/marktxxl.de\\\/markt\\\/\",\"name\":\"Markt-XXL\",\"description\":\"Ihr Markt Online\",\"publisher\":{\"@id\":\"https:\\\/\\\/marktxxl.de\\\/markt\\\/#organization\"},\"potentialAction\":[{\"@type\":\"SearchAction\",\"target\":{\"@type\":\"EntryPoint\",\"urlTemplate\":\"https:\\\/\\\/marktxxl.de\\\/markt\\\/?s={search_term_string}\"},\"query-input\":{\"@type\":\"PropertyValueSpecification\",\"valueRequired\":true,\"valueName\":\"search_term_string\"}}],\"inLanguage\":\"de\"},{\"@type\":\"Organization\",\"@id\":\"https:\\\/\\\/marktxxl.de\\\/markt\\\/#organization\",\"name\":\"Markt-XXL\",\"url\":\"https:\\\/\\\/marktxxl.de\\\/markt\\\/\",\"logo\":{\"@type\":\"ImageObject\",\"inLanguage\":\"de\",\"@id\":\"https:\\\/\\\/marktxxl.de\\\/markt\\\/#\\\/schema\\\/logo\\\/image\\\/\",\"url\":\"https:\\\/\\\/marktxxl.de\\\/markt\\\/wp-content\\\/uploads\\\/sites\\\/3\\\/2020\\\/12\\\/logo.png\",\"contentUrl\":\"https:\\\/\\\/marktxxl.de\\\/markt\\\/wp-content\\\/uploads\\\/sites\\\/3\\\/2020\\\/12\\\/logo.png\",\"width\":200,\"height\":70,\"caption\":\"Markt-XXL\"},\"image\":{\"@id\":\"https:\\\/\\\/marktxxl.de\\\/markt\\\/#\\\/schema\\\/logo\\\/image\\\/\"}}]}<\/script>\n<!-- \/ Yoast SEO plugin. -->","yoast_head_json":{"title":"Tablettenbox Monat 28 Tage Pillendose, Gro\u00dfe Tablettenbox Monat Medikamentenbox mit 7 F\u00e4cher f\u00fcr 4 Wochen f\u00fcr Die\u2026 - Markt-XXL","description":"Markt-XXL Tablettenbox Monat 28 Tage Pillendose, Gro\u00dfe Tablettenbox Monat Medikamentenbox mit 7 F\u00e4cher f\u00fcr 4 Wochen f\u00fcr Die\u2026","robots":{"index":"index","follow":"follow","max-snippet":"max-snippet:-1","max-image-preview":"max-image-preview:large","max-video-preview":"max-video-preview:-1"},"canonical":"https:\/\/marktxxl.de\/markt\/produkt\/mossime-grosser-monatlicher-pillendose-4-wochen-grosser-tablettenbox-mit-staubdichte-etui-grosse-tablettenbox-fuer-die-familie-taegliche-tabletten-box-medikamenten-organizer\/","og_locale":"de_DE","og_type":"article","og_title":"Tablettenbox Monat 28 Tage Pillendose, Gro\u00dfe Tablettenbox Monat Medikamentenbox mit 7 F\u00e4cher f\u00fcr 4 Wochen f\u00fcr Die\u2026 - Markt-XXL","og_description":"Markt-XXL Tablettenbox Monat 28 Tage Pillendose, Gro\u00dfe Tablettenbox Monat Medikamentenbox mit 7 F\u00e4cher f\u00fcr 4 Wochen f\u00fcr Die\u2026","og_url":"https:\/\/marktxxl.de\/markt\/produkt\/mossime-grosser-monatlicher-pillendose-4-wochen-grosser-tablettenbox-mit-staubdichte-etui-grosse-tablettenbox-fuer-die-familie-taegliche-tabletten-box-medikamenten-organizer\/","og_site_name":"Markt-XXL","article_modified_time":"2023-04-10T02:49:36+00:00","og_image":[{"width":500,"height":500,"url":"https:\/\/m.media-amazon.com\/images\/I\/51c8DQp4RUS._SL500_.jpg","type":"image\/jpeg"}],"twitter_card":"summary_large_image","twitter_misc":{"Gesch\u00e4tzte Lesezeit":"1\u00a0Minute"},"schema":{"@context":"https:\/\/schema.org","@graph":[{"@type":"WebPage","@id":"https:\/\/marktxxl.de\/markt\/produkt\/mossime-grosser-monatlicher-pillendose-4-wochen-grosser-tablettenbox-mit-staubdichte-etui-grosse-tablettenbox-fuer-die-familie-taegliche-tabletten-box-medikamenten-organizer\/","url":"https:\/\/marktxxl.de\/markt\/produkt\/mossime-grosser-monatlicher-pillendose-4-wochen-grosser-tablettenbox-mit-staubdichte-etui-grosse-tablettenbox-fuer-die-familie-taegliche-tabletten-box-medikamenten-organizer\/","name":"Tablettenbox Monat 28 Tage Pillendose, Gro\u00dfe Tablettenbox Monat Medikamentenbox mit 7 F\u00e4cher f\u00fcr 4 Wochen f\u00fcr Die\u2026 - Markt-XXL","isPartOf":{"@id":"https:\/\/marktxxl.de\/markt\/#website"},"primaryImageOfPage":{"@id":"https:\/\/marktxxl.de\/markt\/produkt\/mossime-grosser-monatlicher-pillendose-4-wochen-grosser-tablettenbox-mit-staubdichte-etui-grosse-tablettenbox-fuer-die-familie-taegliche-tabletten-box-medikamenten-organizer\/#primaryimage"},"image":{"@id":"https:\/\/marktxxl.de\/markt\/produkt\/mossime-grosser-monatlicher-pillendose-4-wochen-grosser-tablettenbox-mit-staubdichte-etui-grosse-tablettenbox-fuer-die-familie-taegliche-tabletten-box-medikamenten-organizer\/#primaryimage"},"thumbnailUrl":"https:\/\/m.media-amazon.com\/images\/I\/51c8DQp4RUS._SL500_.jpg","datePublished":"2022-10-12T05:19:45+00:00","dateModified":"2023-04-10T02:49:36+00:00","description":"Markt-XXL Tablettenbox Monat 28 Tage Pillendose, Gro\u00dfe Tablettenbox Monat Medikamentenbox mit 7 F\u00e4cher f\u00fcr 4 Wochen f\u00fcr Die\u2026","breadcrumb":{"@id":"https:\/\/marktxxl.de\/markt\/produkt\/mossime-grosser-monatlicher-pillendose-4-wochen-grosser-tablettenbox-mit-staubdichte-etui-grosse-tablettenbox-fuer-die-familie-taegliche-tabletten-box-medikamenten-organizer\/#breadcrumb"},"inLanguage":"de","potentialAction":[{"@type":"ReadAction","target":["https:\/\/marktxxl.de\/markt\/produkt\/mossime-grosser-monatlicher-pillendose-4-wochen-grosser-tablettenbox-mit-staubdichte-etui-grosse-tablettenbox-fuer-die-familie-taegliche-tabletten-box-medikamenten-organizer\/"]}]},{"@type":"ImageObject","inLanguage":"de","@id":"https:\/\/marktxxl.de\/markt\/produkt\/mossime-grosser-monatlicher-pillendose-4-wochen-grosser-tablettenbox-mit-staubdichte-etui-grosse-tablettenbox-fuer-die-familie-taegliche-tabletten-box-medikamenten-organizer\/#primaryimage","url":"https:\/\/m.media-amazon.com\/images\/I\/51c8DQp4RUS._SL500_.jpg","contentUrl":"https:\/\/m.media-amazon.com\/images\/I\/51c8DQp4RUS._SL500_.jpg","width":500,"height":500},{"@type":"BreadcrumbList","@id":"https:\/\/marktxxl.de\/markt\/produkt\/mossime-grosser-monatlicher-pillendose-4-wochen-grosser-tablettenbox-mit-staubdichte-etui-grosse-tablettenbox-fuer-die-familie-taegliche-tabletten-box-medikamenten-organizer\/#breadcrumb","itemListElement":[{"@type":"ListItem","position":1,"name":"Startseite","item":"https:\/\/marktxxl.de\/markt\/"},{"@type":"ListItem","position":2,"name":"Markt","item":"https:\/\/marktxxl.de\/markt\/"},{"@type":"ListItem","position":3,"name":"Tablettenbox Monat 28 Tage Pillendose, Gro\u00dfe Tablettenbox Monat Medikamentenbox mit 7 F\u00e4cher f\u00fcr 4 Wochen f\u00fcr Die\u2026"}]},{"@type":"WebSite","@id":"https:\/\/marktxxl.de\/markt\/#website","url":"https:\/\/marktxxl.de\/markt\/","name":"Markt-XXL","description":"Ihr Markt Online","publisher":{"@id":"https:\/\/marktxxl.de\/markt\/#organization"},"potentialAction":[{"@type":"SearchAction","target":{"@type":"EntryPoint","urlTemplate":"https:\/\/marktxxl.de\/markt\/?s={search_term_string}"},"query-input":{"@type":"PropertyValueSpecification","valueRequired":true,"valueName":"search_term_string"}}],"inLanguage":"de"},{"@type":"Organization","@id":"https:\/\/marktxxl.de\/markt\/#organization","name":"Markt-XXL","url":"https:\/\/marktxxl.de\/markt\/","logo":{"@type":"ImageObject","inLanguage":"de","@id":"https:\/\/marktxxl.de\/markt\/#\/schema\/logo\/image\/","url":"https:\/\/marktxxl.de\/markt\/wp-content\/uploads\/sites\/3\/2020\/12\/logo.png","contentUrl":"https:\/\/marktxxl.de\/markt\/wp-content\/uploads\/sites\/3\/2020\/12\/logo.png","width":200,"height":70,"caption":"Markt-XXL"},"image":{"@id":"https:\/\/marktxxl.de\/markt\/#\/schema\/logo\/image\/"}}]}},"_links":{"self":[{"href":"https:\/\/marktxxl.de\/markt\/wp-json\/wp\/v2\/product\/159070","targetHints":{"allow":["GET"]}}],"collection":[{"href":"https:\/\/marktxxl.de\/markt\/wp-json\/wp\/v2\/product"}],"about":[{"href":"https:\/\/marktxxl.de\/markt\/wp-json\/wp\/v2\/types\/product"}],"replies":[{"embeddable":true,"href":"https:\/\/marktxxl.de\/markt\/wp-json\/wp\/v2\/comments?post=159070"}],"wp:featuredmedia":[{"embeddable":true,"href":"https:\/\/marktxxl.de\/markt\/wp-json\/wp\/v2\/media\/159071"}],"wp:attachment":[{"href":"https:\/\/marktxxl.de\/markt\/wp-json\/wp\/v2\/media?parent=159070"}],"wp:term":[{"taxonomy":"product_brand","embeddable":true,"href":"https:\/\/marktxxl.de\/markt\/wp-json\/wp\/v2\/product_brand?post=159070"},{"taxonomy":"product_cat","embeddable":true,"href":"https:\/\/marktxxl.de\/markt\/wp-json\/wp\/v2\/product_cat?post=159070"},{"taxonomy":"product_tag","embeddable":true,"href":"https:\/\/marktxxl.de\/markt\/wp-json\/wp\/v2\/product_tag?post=159070"}],"curies":[{"name":"wp","href":"https:\/\/api.w.org\/{rel}","templated":true}]}}