{"id":158984,"date":"2022-10-12T06:46:46","date_gmt":"2022-10-12T04:46:46","guid":{"rendered":"https:\/\/marktxxl.de\/markt\/produkt\/kitosun-rano-shisha-komplett-set-tisch-hookah-enthalten-alle-shisha-zubehoer-mit-stielen-und-diffusor-aus-edelstahl-einfaches-ziehen-und-spuelen\/"},"modified":"2023-04-10T04:49:34","modified_gmt":"2023-04-10T02:49:34","slug":"kitosun-rano-shisha-komplett-set-tisch-hookah-enthalten-alle-shisha-zubehoer-mit-stielen-und-diffusor-aus-edelstahl-einfaches-ziehen-und-spuelen","status":"publish","type":"product","link":"https:\/\/marktxxl.de\/markt\/produkt\/kitosun-rano-shisha-komplett-set-tisch-hookah-enthalten-alle-shisha-zubehoer-mit-stielen-und-diffusor-aus-edelstahl-einfaches-ziehen-und-spuelen\/","title":{"rendered":"Kitosun Rano Shisha Komplett Set &#8211; Tisch Hookah Enthalten Alle Shisha Zubeh\u00f6r mit Stielen und Diffusor aus Edelstahl\u2026"},"content":{"rendered":"<p>\u3010Wasserpfeife der Superlative\u3011: Modernes und elegantes Design. Der Mittelschaft aus 304 Edelstahl ist hell wie ein Spiegel, er ist sehr einzigartig. Dar\u00fcber hinaus bieten wir eine zus\u00e4tzliche Luxus-Kohlefaserh\u00fclle an. Also vielseitig. Super einfaches Ziehen und Blasen, sehr gro\u00dfe Wolke, aber leiser Rauch<br \/>\n\u3010Tragbare Shisha\u3011: Es ist kompakt. Beim Camping, Reisen oder einfach nur eine Shisha-Session mit Freunden. Dies ist auch eine gute pers\u00f6nliche Wasserpfeife. Sie werden das Rauchen damit genie\u00dfen<br \/>\n\u3010Cool Hidden Vertical Purge\u3011: Sehr einfach, aber effizient, Sie k\u00f6nnen den alten Rauch leicht ausblasen. Der Rauch tritt aus den L\u00fccken zwischen Stiel und Basis aus. 100% ein Hingucker<br \/>\n\u3010Wasserpfeifen im russischen Stil\u3011: Dies ist die einfachste Art, das Wasserpfeifenzubeh\u00f6r zusammenzubauen. F\u00fcgen Sie nur die Silikont\u00fclle hinzu, um die Basis im Glastank abzudichten. Es macht alle Teile au\u00dfer dem Glas langlebig. Dank der geschlossenen Kammer k\u00f6nnen Sie das klare Rauchen genie\u00dfen<br \/>\n\u3010Shisha-Set mit allem\u3011: Alle Shisha-Zubeh\u00f6rteile enthalten. Wasserpfeifenschlauch aus 100 % waschbarem Silikon mit Aluminiumgriff, Wasserpfeifenkopf aus Ton mit Chminey-Holzkohleschale, Unterrohr aus Edelstahl 304 mit Diffusor, ein verstecktes Sp\u00fclventil. Sogar eine Kohlezange. Sie m\u00fcssen nur Shisha-Aromen und Kohlen besorgen.<br \/>\n<div class=\"main-cross-sell\" data-asin=\"B0B8W2HCZG\">\n\n\t<div class=\"WooZone-cross-sell-loader\">\n\t\t<div>\n\t\t\t<div id=\"floatingBarsG\">\n\t\t\t\t<div class=\"blockG\" id=\"rotateG_01\"><\/div>\n\t\t\t\t<div class=\"blockG\" id=\"rotateG_02\"><\/div>\n\t\t\t\t<div class=\"blockG\" id=\"rotateG_03\"><\/div>\n\t\t\t\t<div class=\"blockG\" id=\"rotateG_04\"><\/div>\n\t\t\t\t<div class=\"blockG\" id=\"rotateG_05\"><\/div>\n\t\t\t\t<div class=\"blockG\" id=\"rotateG_06\"><\/div>\n\t\t\t\t<div class=\"blockG\" id=\"rotateG_07\"><\/div>\n\t\t\t\t<div class=\"blockG\" id=\"rotateG_08\"><\/div>\n\t\t\t<\/div>\n\t\t\t<div class=\"WooZone-cross-sell-loader-text\"><\/div>\n\t\t<\/div>\n\t<\/div>\n\n\t\t\n<\/div>\n<div style=\"clear:both;\"><\/div><\/p>\n","protected":false},"excerpt":{"rendered":"<p>\u3010Wasserpfeife der Superlative\u3011: Modernes und elegantes Design. Der Mittelschaft aus 304 Edelstahl ist hell wie ein Spiegel, er ist sehr einzigartig. Dar\u00fcber hinaus bieten wir eine zus\u00e4tzliche Luxus-Kohlefaserh\u00fclle an. Also vielseitig. Super einfaches Ziehen und Blasen, sehr gro\u00dfe Wolke, aber leiser Rauch<br \/>\n\u3010Tragbare Shisha\u3011: Es ist kompakt. Beim Camping, Reisen oder einfach nur eine Shisha-Session mit Freunden. Dies ist auch eine gute pers\u00f6nliche Wasserpfeife. Sie werden das Rauchen damit genie\u00dfen<br \/>\n\u3010Cool Hidden Vertical Purge\u3011: Sehr einfach, aber effizient, Sie k\u00f6nnen den alten Rauch leicht ausblasen. Der Rauch tritt aus den L\u00fccken zwischen Stiel und Basis aus. 100% ein Hingucker<\/p>\n","protected":false},"featured_media":158985,"comment_status":"open","ping_status":"closed","template":"","meta":[],"product_brand":[],"product_cat":[566,5626],"product_tag":[],"class_list":{"0":"post-158984","1":"product","2":"type-product","3":"status-publish","4":"has-post-thumbnail","6":"product_cat-drogerie-koerperpflege","7":"product_cat-elektronische-zigaretten-shishas-zubehoer","8":"pa_brand-kitosun","9":"pa_color-schwarz","10":"pa_height-25-590551155-zoll","11":"pa_length-7-086614166-zoll","12":"pa_manufacturer-kitosun","13":"pa_size-tisch-shisha","14":"pa_width-7-086614166-zoll","16":"first","17":"instock","18":"shipping-taxable","19":"purchasable","20":"product-type-simple","21":"customify-col","22":"product-has-gallery"},"yoast_head":"<!-- This site is optimized with the Yoast SEO plugin v27.3 - https:\/\/yoast.com\/product\/yoast-seo-wordpress\/ -->\n<title>Kitosun Rano Shisha Komplett Set - Tisch Hookah Enthalten Alle Shisha Zubeh\u00f6r mit Stielen und Diffusor aus Edelstahl\u2026 - Markt-XXL<\/title>\n<meta name=\"description\" content=\"Markt-XXL Kitosun Rano Shisha Komplett Set - Tisch Hookah Enthalten Alle Shisha Zubeh\u00f6r mit Stielen und Diffusor aus Edelstahl\u2026\" \/>\n<meta name=\"robots\" content=\"index, follow, max-snippet:-1, max-image-preview:large, max-video-preview:-1\" \/>\n<link rel=\"canonical\" href=\"https:\/\/marktxxl.de\/markt\/produkt\/kitosun-rano-shisha-komplett-set-tisch-hookah-enthalten-alle-shisha-zubehoer-mit-stielen-und-diffusor-aus-edelstahl-einfaches-ziehen-und-spuelen\/\" \/>\n<meta property=\"og:locale\" content=\"de_DE\" \/>\n<meta property=\"og:type\" content=\"article\" \/>\n<meta property=\"og:title\" content=\"Kitosun Rano Shisha Komplett Set - Tisch Hookah Enthalten Alle Shisha Zubeh\u00f6r mit Stielen und Diffusor aus Edelstahl\u2026 - Markt-XXL\" \/>\n<meta property=\"og:description\" content=\"Markt-XXL Kitosun Rano Shisha Komplett Set - Tisch Hookah Enthalten Alle Shisha Zubeh\u00f6r mit Stielen und Diffusor aus Edelstahl\u2026\" \/>\n<meta property=\"og:url\" content=\"https:\/\/marktxxl.de\/markt\/produkt\/kitosun-rano-shisha-komplett-set-tisch-hookah-enthalten-alle-shisha-zubehoer-mit-stielen-und-diffusor-aus-edelstahl-einfaches-ziehen-und-spuelen\/\" \/>\n<meta property=\"og:site_name\" content=\"Markt-XXL\" \/>\n<meta property=\"article:modified_time\" content=\"2023-04-10T02:49:34+00:00\" \/>\n<meta property=\"og:image\" content=\"https:\/\/m.media-amazon.com\/images\/I\/418siYe4JFL._SL500_.jpg\" \/>\n\t<meta property=\"og:image:width\" content=\"500\" \/>\n\t<meta property=\"og:image:height\" content=\"500\" \/>\n\t<meta property=\"og:image:type\" content=\"image\/jpeg\" \/>\n<meta name=\"twitter:card\" content=\"summary_large_image\" \/>\n<meta name=\"twitter:label1\" content=\"Gesch\u00e4tzte Lesezeit\" \/>\n\t<meta name=\"twitter:data1\" content=\"1\u00a0Minute\" \/>\n<script type=\"application\/ld+json\" class=\"yoast-schema-graph\">{\"@context\":\"https:\\\/\\\/schema.org\",\"@graph\":[{\"@type\":\"WebPage\",\"@id\":\"https:\\\/\\\/marktxxl.de\\\/markt\\\/produkt\\\/kitosun-rano-shisha-komplett-set-tisch-hookah-enthalten-alle-shisha-zubehoer-mit-stielen-und-diffusor-aus-edelstahl-einfaches-ziehen-und-spuelen\\\/\",\"url\":\"https:\\\/\\\/marktxxl.de\\\/markt\\\/produkt\\\/kitosun-rano-shisha-komplett-set-tisch-hookah-enthalten-alle-shisha-zubehoer-mit-stielen-und-diffusor-aus-edelstahl-einfaches-ziehen-und-spuelen\\\/\",\"name\":\"Kitosun Rano Shisha Komplett Set - Tisch Hookah Enthalten Alle Shisha Zubeh\u00f6r mit Stielen und Diffusor aus Edelstahl\u2026 - Markt-XXL\",\"isPartOf\":{\"@id\":\"https:\\\/\\\/marktxxl.de\\\/markt\\\/#website\"},\"primaryImageOfPage\":{\"@id\":\"https:\\\/\\\/marktxxl.de\\\/markt\\\/produkt\\\/kitosun-rano-shisha-komplett-set-tisch-hookah-enthalten-alle-shisha-zubehoer-mit-stielen-und-diffusor-aus-edelstahl-einfaches-ziehen-und-spuelen\\\/#primaryimage\"},\"image\":{\"@id\":\"https:\\\/\\\/marktxxl.de\\\/markt\\\/produkt\\\/kitosun-rano-shisha-komplett-set-tisch-hookah-enthalten-alle-shisha-zubehoer-mit-stielen-und-diffusor-aus-edelstahl-einfaches-ziehen-und-spuelen\\\/#primaryimage\"},\"thumbnailUrl\":\"https:\\\/\\\/m.media-amazon.com\\\/images\\\/I\\\/418siYe4JFL._SL500_.jpg\",\"datePublished\":\"2022-10-12T04:46:46+00:00\",\"dateModified\":\"2023-04-10T02:49:34+00:00\",\"description\":\"Markt-XXL Kitosun Rano Shisha Komplett Set - Tisch Hookah Enthalten Alle Shisha Zubeh\u00f6r mit Stielen und Diffusor aus Edelstahl\u2026\",\"breadcrumb\":{\"@id\":\"https:\\\/\\\/marktxxl.de\\\/markt\\\/produkt\\\/kitosun-rano-shisha-komplett-set-tisch-hookah-enthalten-alle-shisha-zubehoer-mit-stielen-und-diffusor-aus-edelstahl-einfaches-ziehen-und-spuelen\\\/#breadcrumb\"},\"inLanguage\":\"de\",\"potentialAction\":[{\"@type\":\"ReadAction\",\"target\":[\"https:\\\/\\\/marktxxl.de\\\/markt\\\/produkt\\\/kitosun-rano-shisha-komplett-set-tisch-hookah-enthalten-alle-shisha-zubehoer-mit-stielen-und-diffusor-aus-edelstahl-einfaches-ziehen-und-spuelen\\\/\"]}]},{\"@type\":\"ImageObject\",\"inLanguage\":\"de\",\"@id\":\"https:\\\/\\\/marktxxl.de\\\/markt\\\/produkt\\\/kitosun-rano-shisha-komplett-set-tisch-hookah-enthalten-alle-shisha-zubehoer-mit-stielen-und-diffusor-aus-edelstahl-einfaches-ziehen-und-spuelen\\\/#primaryimage\",\"url\":\"https:\\\/\\\/m.media-amazon.com\\\/images\\\/I\\\/418siYe4JFL._SL500_.jpg\",\"contentUrl\":\"https:\\\/\\\/m.media-amazon.com\\\/images\\\/I\\\/418siYe4JFL._SL500_.jpg\",\"width\":500,\"height\":500},{\"@type\":\"BreadcrumbList\",\"@id\":\"https:\\\/\\\/marktxxl.de\\\/markt\\\/produkt\\\/kitosun-rano-shisha-komplett-set-tisch-hookah-enthalten-alle-shisha-zubehoer-mit-stielen-und-diffusor-aus-edelstahl-einfaches-ziehen-und-spuelen\\\/#breadcrumb\",\"itemListElement\":[{\"@type\":\"ListItem\",\"position\":1,\"name\":\"Startseite\",\"item\":\"https:\\\/\\\/marktxxl.de\\\/markt\\\/\"},{\"@type\":\"ListItem\",\"position\":2,\"name\":\"Markt\",\"item\":\"https:\\\/\\\/marktxxl.de\\\/markt\\\/\"},{\"@type\":\"ListItem\",\"position\":3,\"name\":\"Kitosun Rano Shisha Komplett Set &#8211; Tisch Hookah Enthalten Alle Shisha Zubeh\u00f6r mit Stielen und Diffusor aus Edelstahl\u2026\"}]},{\"@type\":\"WebSite\",\"@id\":\"https:\\\/\\\/marktxxl.de\\\/markt\\\/#website\",\"url\":\"https:\\\/\\\/marktxxl.de\\\/markt\\\/\",\"name\":\"Markt-XXL\",\"description\":\"Ihr Markt Online\",\"publisher\":{\"@id\":\"https:\\\/\\\/marktxxl.de\\\/markt\\\/#organization\"},\"potentialAction\":[{\"@type\":\"SearchAction\",\"target\":{\"@type\":\"EntryPoint\",\"urlTemplate\":\"https:\\\/\\\/marktxxl.de\\\/markt\\\/?s={search_term_string}\"},\"query-input\":{\"@type\":\"PropertyValueSpecification\",\"valueRequired\":true,\"valueName\":\"search_term_string\"}}],\"inLanguage\":\"de\"},{\"@type\":\"Organization\",\"@id\":\"https:\\\/\\\/marktxxl.de\\\/markt\\\/#organization\",\"name\":\"Markt-XXL\",\"url\":\"https:\\\/\\\/marktxxl.de\\\/markt\\\/\",\"logo\":{\"@type\":\"ImageObject\",\"inLanguage\":\"de\",\"@id\":\"https:\\\/\\\/marktxxl.de\\\/markt\\\/#\\\/schema\\\/logo\\\/image\\\/\",\"url\":\"https:\\\/\\\/marktxxl.de\\\/markt\\\/wp-content\\\/uploads\\\/sites\\\/3\\\/2020\\\/12\\\/logo.png\",\"contentUrl\":\"https:\\\/\\\/marktxxl.de\\\/markt\\\/wp-content\\\/uploads\\\/sites\\\/3\\\/2020\\\/12\\\/logo.png\",\"width\":200,\"height\":70,\"caption\":\"Markt-XXL\"},\"image\":{\"@id\":\"https:\\\/\\\/marktxxl.de\\\/markt\\\/#\\\/schema\\\/logo\\\/image\\\/\"}}]}<\/script>\n<!-- \/ Yoast SEO plugin. -->","yoast_head_json":{"title":"Kitosun Rano Shisha Komplett Set - Tisch Hookah Enthalten Alle Shisha Zubeh\u00f6r mit Stielen und Diffusor aus Edelstahl\u2026 - Markt-XXL","description":"Markt-XXL Kitosun Rano Shisha Komplett Set - Tisch Hookah Enthalten Alle Shisha Zubeh\u00f6r mit Stielen und Diffusor aus Edelstahl\u2026","robots":{"index":"index","follow":"follow","max-snippet":"max-snippet:-1","max-image-preview":"max-image-preview:large","max-video-preview":"max-video-preview:-1"},"canonical":"https:\/\/marktxxl.de\/markt\/produkt\/kitosun-rano-shisha-komplett-set-tisch-hookah-enthalten-alle-shisha-zubehoer-mit-stielen-und-diffusor-aus-edelstahl-einfaches-ziehen-und-spuelen\/","og_locale":"de_DE","og_type":"article","og_title":"Kitosun Rano Shisha Komplett Set - Tisch Hookah Enthalten Alle Shisha Zubeh\u00f6r mit Stielen und Diffusor aus Edelstahl\u2026 - Markt-XXL","og_description":"Markt-XXL Kitosun Rano Shisha Komplett Set - Tisch Hookah Enthalten Alle Shisha Zubeh\u00f6r mit Stielen und Diffusor aus Edelstahl\u2026","og_url":"https:\/\/marktxxl.de\/markt\/produkt\/kitosun-rano-shisha-komplett-set-tisch-hookah-enthalten-alle-shisha-zubehoer-mit-stielen-und-diffusor-aus-edelstahl-einfaches-ziehen-und-spuelen\/","og_site_name":"Markt-XXL","article_modified_time":"2023-04-10T02:49:34+00:00","og_image":[{"width":500,"height":500,"url":"https:\/\/m.media-amazon.com\/images\/I\/418siYe4JFL._SL500_.jpg","type":"image\/jpeg"}],"twitter_card":"summary_large_image","twitter_misc":{"Gesch\u00e4tzte Lesezeit":"1\u00a0Minute"},"schema":{"@context":"https:\/\/schema.org","@graph":[{"@type":"WebPage","@id":"https:\/\/marktxxl.de\/markt\/produkt\/kitosun-rano-shisha-komplett-set-tisch-hookah-enthalten-alle-shisha-zubehoer-mit-stielen-und-diffusor-aus-edelstahl-einfaches-ziehen-und-spuelen\/","url":"https:\/\/marktxxl.de\/markt\/produkt\/kitosun-rano-shisha-komplett-set-tisch-hookah-enthalten-alle-shisha-zubehoer-mit-stielen-und-diffusor-aus-edelstahl-einfaches-ziehen-und-spuelen\/","name":"Kitosun Rano Shisha Komplett Set - Tisch Hookah Enthalten Alle Shisha Zubeh\u00f6r mit Stielen und Diffusor aus Edelstahl\u2026 - Markt-XXL","isPartOf":{"@id":"https:\/\/marktxxl.de\/markt\/#website"},"primaryImageOfPage":{"@id":"https:\/\/marktxxl.de\/markt\/produkt\/kitosun-rano-shisha-komplett-set-tisch-hookah-enthalten-alle-shisha-zubehoer-mit-stielen-und-diffusor-aus-edelstahl-einfaches-ziehen-und-spuelen\/#primaryimage"},"image":{"@id":"https:\/\/marktxxl.de\/markt\/produkt\/kitosun-rano-shisha-komplett-set-tisch-hookah-enthalten-alle-shisha-zubehoer-mit-stielen-und-diffusor-aus-edelstahl-einfaches-ziehen-und-spuelen\/#primaryimage"},"thumbnailUrl":"https:\/\/m.media-amazon.com\/images\/I\/418siYe4JFL._SL500_.jpg","datePublished":"2022-10-12T04:46:46+00:00","dateModified":"2023-04-10T02:49:34+00:00","description":"Markt-XXL Kitosun Rano Shisha Komplett Set - Tisch Hookah Enthalten Alle Shisha Zubeh\u00f6r mit Stielen und Diffusor aus Edelstahl\u2026","breadcrumb":{"@id":"https:\/\/marktxxl.de\/markt\/produkt\/kitosun-rano-shisha-komplett-set-tisch-hookah-enthalten-alle-shisha-zubehoer-mit-stielen-und-diffusor-aus-edelstahl-einfaches-ziehen-und-spuelen\/#breadcrumb"},"inLanguage":"de","potentialAction":[{"@type":"ReadAction","target":["https:\/\/marktxxl.de\/markt\/produkt\/kitosun-rano-shisha-komplett-set-tisch-hookah-enthalten-alle-shisha-zubehoer-mit-stielen-und-diffusor-aus-edelstahl-einfaches-ziehen-und-spuelen\/"]}]},{"@type":"ImageObject","inLanguage":"de","@id":"https:\/\/marktxxl.de\/markt\/produkt\/kitosun-rano-shisha-komplett-set-tisch-hookah-enthalten-alle-shisha-zubehoer-mit-stielen-und-diffusor-aus-edelstahl-einfaches-ziehen-und-spuelen\/#primaryimage","url":"https:\/\/m.media-amazon.com\/images\/I\/418siYe4JFL._SL500_.jpg","contentUrl":"https:\/\/m.media-amazon.com\/images\/I\/418siYe4JFL._SL500_.jpg","width":500,"height":500},{"@type":"BreadcrumbList","@id":"https:\/\/marktxxl.de\/markt\/produkt\/kitosun-rano-shisha-komplett-set-tisch-hookah-enthalten-alle-shisha-zubehoer-mit-stielen-und-diffusor-aus-edelstahl-einfaches-ziehen-und-spuelen\/#breadcrumb","itemListElement":[{"@type":"ListItem","position":1,"name":"Startseite","item":"https:\/\/marktxxl.de\/markt\/"},{"@type":"ListItem","position":2,"name":"Markt","item":"https:\/\/marktxxl.de\/markt\/"},{"@type":"ListItem","position":3,"name":"Kitosun Rano Shisha Komplett Set &#8211; Tisch Hookah Enthalten Alle Shisha Zubeh\u00f6r mit Stielen und Diffusor aus Edelstahl\u2026"}]},{"@type":"WebSite","@id":"https:\/\/marktxxl.de\/markt\/#website","url":"https:\/\/marktxxl.de\/markt\/","name":"Markt-XXL","description":"Ihr Markt Online","publisher":{"@id":"https:\/\/marktxxl.de\/markt\/#organization"},"potentialAction":[{"@type":"SearchAction","target":{"@type":"EntryPoint","urlTemplate":"https:\/\/marktxxl.de\/markt\/?s={search_term_string}"},"query-input":{"@type":"PropertyValueSpecification","valueRequired":true,"valueName":"search_term_string"}}],"inLanguage":"de"},{"@type":"Organization","@id":"https:\/\/marktxxl.de\/markt\/#organization","name":"Markt-XXL","url":"https:\/\/marktxxl.de\/markt\/","logo":{"@type":"ImageObject","inLanguage":"de","@id":"https:\/\/marktxxl.de\/markt\/#\/schema\/logo\/image\/","url":"https:\/\/marktxxl.de\/markt\/wp-content\/uploads\/sites\/3\/2020\/12\/logo.png","contentUrl":"https:\/\/marktxxl.de\/markt\/wp-content\/uploads\/sites\/3\/2020\/12\/logo.png","width":200,"height":70,"caption":"Markt-XXL"},"image":{"@id":"https:\/\/marktxxl.de\/markt\/#\/schema\/logo\/image\/"}}]}},"_links":{"self":[{"href":"https:\/\/marktxxl.de\/markt\/wp-json\/wp\/v2\/product\/158984","targetHints":{"allow":["GET"]}}],"collection":[{"href":"https:\/\/marktxxl.de\/markt\/wp-json\/wp\/v2\/product"}],"about":[{"href":"https:\/\/marktxxl.de\/markt\/wp-json\/wp\/v2\/types\/product"}],"replies":[{"embeddable":true,"href":"https:\/\/marktxxl.de\/markt\/wp-json\/wp\/v2\/comments?post=158984"}],"wp:featuredmedia":[{"embeddable":true,"href":"https:\/\/marktxxl.de\/markt\/wp-json\/wp\/v2\/media\/158985"}],"wp:attachment":[{"href":"https:\/\/marktxxl.de\/markt\/wp-json\/wp\/v2\/media?parent=158984"}],"wp:term":[{"taxonomy":"product_brand","embeddable":true,"href":"https:\/\/marktxxl.de\/markt\/wp-json\/wp\/v2\/product_brand?post=158984"},{"taxonomy":"product_cat","embeddable":true,"href":"https:\/\/marktxxl.de\/markt\/wp-json\/wp\/v2\/product_cat?post=158984"},{"taxonomy":"product_tag","embeddable":true,"href":"https:\/\/marktxxl.de\/markt\/wp-json\/wp\/v2\/product_tag?post=158984"}],"curies":[{"name":"wp","href":"https:\/\/api.w.org\/{rel}","templated":true}]}}