{"id":158953,"date":"2022-10-12T06:20:23","date_gmt":"2022-10-12T04:20:23","guid":{"rendered":"https:\/\/marktxxl.de\/markt\/produkt\/travelite-kick-off-kulturtasche-reisegepaeck-5-liter\/"},"modified":"2023-04-10T04:49:33","modified_gmt":"2023-04-10T02:49:33","slug":"travelite-kick-off-kulturtasche-reisegepaeck-5-liter","status":"publish","type":"product","link":"https:\/\/marktxxl.de\/markt\/produkt\/travelite-kick-off-kulturtasche-reisegepaeck-5-liter\/","title":{"rendered":"Travelite Handgep\u00e4ck Kosmetiktasche, Gep\u00e4ck Serie KICK OFF: Praktische Kulturtasche f\u00fcr Urlaub und Sport, 006920-04, 26\u2026"},"content":{"rendered":"<p>LIEFERUMFANG: 1 x Kulturtasche Handgep\u00e4ck; Ma\u00dfe 16 x 26 x 12 cm erf\u00fcllt IATA-Bordgep\u00e4ck Ma\u00df; Volumen 5 Liter; Gewicht 0,2 kg; Material: Polyester; Farbe: D\u2019anthrazit (Grau)<br \/>\nKICK OFF: Die f\u00fcr Sport und Freizeit entwickelte G\u00fcrteltasche aus robustem Polyester hat einen Tragegriff an der Seite<br \/>\nINNENLEBEN: Die Kosmetiktasche verf\u00fcgt Innen \u00fcber zwei F\u00e4cher und hat Au\u00dfen ein zus\u00e4tzliches Rei\u00dfverschlussfach<br \/>\nPRAKTISCH: Das Material der Kulturtasche ist nicht nur leicht, \u00e4u\u00dferst robust und widerstandsf\u00e4hig, sondern l\u00e4sst sich auch einfach s\u00e4ubern<br \/>\nTRAVELITE: Das Familienunternehmen mit Sitz in Hamburg versorgt schon seit 1949 Reisende mit leichtem, robustem und funktionalem Reise- und Freizeitgep\u00e4ck<br \/>\n<div class=\"main-cross-sell\" data-asin=\"B0B3DSDFZ8\">\n\n\t<div class=\"WooZone-cross-sell-loader\">\n\t\t<div>\n\t\t\t<div id=\"floatingBarsG\">\n\t\t\t\t<div class=\"blockG\" id=\"rotateG_01\"><\/div>\n\t\t\t\t<div class=\"blockG\" id=\"rotateG_02\"><\/div>\n\t\t\t\t<div class=\"blockG\" id=\"rotateG_03\"><\/div>\n\t\t\t\t<div class=\"blockG\" id=\"rotateG_04\"><\/div>\n\t\t\t\t<div class=\"blockG\" id=\"rotateG_05\"><\/div>\n\t\t\t\t<div class=\"blockG\" id=\"rotateG_06\"><\/div>\n\t\t\t\t<div class=\"blockG\" id=\"rotateG_07\"><\/div>\n\t\t\t\t<div class=\"blockG\" id=\"rotateG_08\"><\/div>\n\t\t\t<\/div>\n\t\t\t<div class=\"WooZone-cross-sell-loader-text\"><\/div>\n\t\t<\/div>\n\t<\/div>\n\n\t\t\n<\/div>\n<div style=\"clear:both;\"><\/div><\/p>\n","protected":false},"excerpt":{"rendered":"<p>LIEFERUMFANG: 1 x Kulturtasche Handgep\u00e4ck; Ma\u00dfe 16 x 26 x 12 cm erf\u00fcllt IATA-Bordgep\u00e4ck Ma\u00df; Volumen 5 Liter; Gewicht 0,2 kg; Material: Polyester; Farbe: D\u2019anthrazit (Grau)<br \/>\nKICK OFF: Die f\u00fcr Sport und Freizeit entwickelte G\u00fcrteltasche aus robustem Polyester hat einen Tragegriff an der Seite<br \/>\nINNENLEBEN: Die Kosmetiktasche verf\u00fcgt Innen \u00fcber zwei F\u00e4cher und hat Au\u00dfen ein zus\u00e4tzliches Rei\u00dfverschlussfach<\/p>\n","protected":false},"featured_media":158954,"comment_status":"open","ping_status":"closed","template":"","meta":[],"product_brand":[],"product_cat":[2858,7726],"product_tag":[],"class_list":{"0":"post-158953","1":"product","2":"type-product","3":"status-publish","4":"has-post-thumbnail","6":"product_cat-beauty","7":"product_cat-zubehoer-beauty","8":"pa_binding-luggage","9":"pa_brand-travelite","10":"pa_model-006920-04","12":"first","13":"instock","14":"shipping-taxable","15":"purchasable","16":"product-type-simple","17":"customify-col","18":"product-has-gallery"},"yoast_head":"<!-- This site is optimized with the Yoast SEO plugin v27.3 - https:\/\/yoast.com\/product\/yoast-seo-wordpress\/ -->\n<title>Travelite Handgep\u00e4ck Kosmetiktasche, Gep\u00e4ck Serie KICK OFF: Praktische Kulturtasche f\u00fcr Urlaub und Sport, 006920-04, 26\u2026 - Markt-XXL<\/title>\n<meta name=\"description\" content=\"Markt-XXL Travelite Handgep\u00e4ck Kosmetiktasche, Gep\u00e4ck Serie KICK OFF: Praktische Kulturtasche f\u00fcr Urlaub und Sport, 006920-04, 26\u2026\" \/>\n<meta name=\"robots\" content=\"index, follow, max-snippet:-1, max-image-preview:large, max-video-preview:-1\" \/>\n<link rel=\"canonical\" href=\"https:\/\/marktxxl.de\/markt\/produkt\/travelite-kick-off-kulturtasche-reisegepaeck-5-liter\/\" \/>\n<meta property=\"og:locale\" content=\"de_DE\" \/>\n<meta property=\"og:type\" content=\"article\" \/>\n<meta property=\"og:title\" content=\"Travelite Handgep\u00e4ck Kosmetiktasche, Gep\u00e4ck Serie KICK OFF: Praktische Kulturtasche f\u00fcr Urlaub und Sport, 006920-04, 26\u2026 - Markt-XXL\" \/>\n<meta property=\"og:description\" content=\"Markt-XXL Travelite Handgep\u00e4ck Kosmetiktasche, Gep\u00e4ck Serie KICK OFF: Praktische Kulturtasche f\u00fcr Urlaub und Sport, 006920-04, 26\u2026\" \/>\n<meta property=\"og:url\" content=\"https:\/\/marktxxl.de\/markt\/produkt\/travelite-kick-off-kulturtasche-reisegepaeck-5-liter\/\" \/>\n<meta property=\"og:site_name\" content=\"Markt-XXL\" \/>\n<meta property=\"article:modified_time\" content=\"2023-04-10T02:49:33+00:00\" \/>\n<meta property=\"og:image\" content=\"https:\/\/m.media-amazon.com\/images\/I\/21PS3xgkJRL._SL500_.jpg\" \/>\n\t<meta property=\"og:image:width\" content=\"333\" \/>\n\t<meta property=\"og:image:height\" content=\"500\" \/>\n\t<meta property=\"og:image:type\" content=\"image\/jpeg\" \/>\n<meta name=\"twitter:card\" content=\"summary_large_image\" \/>\n<meta name=\"twitter:label1\" content=\"Gesch\u00e4tzte Lesezeit\" \/>\n\t<meta name=\"twitter:data1\" content=\"1\u00a0Minute\" \/>\n<script type=\"application\/ld+json\" class=\"yoast-schema-graph\">{\"@context\":\"https:\\\/\\\/schema.org\",\"@graph\":[{\"@type\":\"WebPage\",\"@id\":\"https:\\\/\\\/marktxxl.de\\\/markt\\\/produkt\\\/travelite-kick-off-kulturtasche-reisegepaeck-5-liter\\\/\",\"url\":\"https:\\\/\\\/marktxxl.de\\\/markt\\\/produkt\\\/travelite-kick-off-kulturtasche-reisegepaeck-5-liter\\\/\",\"name\":\"Travelite Handgep\u00e4ck Kosmetiktasche, Gep\u00e4ck Serie KICK OFF: Praktische Kulturtasche f\u00fcr Urlaub und Sport, 006920-04, 26\u2026 - Markt-XXL\",\"isPartOf\":{\"@id\":\"https:\\\/\\\/marktxxl.de\\\/markt\\\/#website\"},\"primaryImageOfPage\":{\"@id\":\"https:\\\/\\\/marktxxl.de\\\/markt\\\/produkt\\\/travelite-kick-off-kulturtasche-reisegepaeck-5-liter\\\/#primaryimage\"},\"image\":{\"@id\":\"https:\\\/\\\/marktxxl.de\\\/markt\\\/produkt\\\/travelite-kick-off-kulturtasche-reisegepaeck-5-liter\\\/#primaryimage\"},\"thumbnailUrl\":\"https:\\\/\\\/m.media-amazon.com\\\/images\\\/I\\\/21PS3xgkJRL._SL500_.jpg\",\"datePublished\":\"2022-10-12T04:20:23+00:00\",\"dateModified\":\"2023-04-10T02:49:33+00:00\",\"description\":\"Markt-XXL Travelite Handgep\u00e4ck Kosmetiktasche, Gep\u00e4ck Serie KICK OFF: Praktische Kulturtasche f\u00fcr Urlaub und Sport, 006920-04, 26\u2026\",\"breadcrumb\":{\"@id\":\"https:\\\/\\\/marktxxl.de\\\/markt\\\/produkt\\\/travelite-kick-off-kulturtasche-reisegepaeck-5-liter\\\/#breadcrumb\"},\"inLanguage\":\"de\",\"potentialAction\":[{\"@type\":\"ReadAction\",\"target\":[\"https:\\\/\\\/marktxxl.de\\\/markt\\\/produkt\\\/travelite-kick-off-kulturtasche-reisegepaeck-5-liter\\\/\"]}]},{\"@type\":\"ImageObject\",\"inLanguage\":\"de\",\"@id\":\"https:\\\/\\\/marktxxl.de\\\/markt\\\/produkt\\\/travelite-kick-off-kulturtasche-reisegepaeck-5-liter\\\/#primaryimage\",\"url\":\"https:\\\/\\\/m.media-amazon.com\\\/images\\\/I\\\/21PS3xgkJRL._SL500_.jpg\",\"contentUrl\":\"https:\\\/\\\/m.media-amazon.com\\\/images\\\/I\\\/21PS3xgkJRL._SL500_.jpg\",\"width\":333,\"height\":500},{\"@type\":\"BreadcrumbList\",\"@id\":\"https:\\\/\\\/marktxxl.de\\\/markt\\\/produkt\\\/travelite-kick-off-kulturtasche-reisegepaeck-5-liter\\\/#breadcrumb\",\"itemListElement\":[{\"@type\":\"ListItem\",\"position\":1,\"name\":\"Startseite\",\"item\":\"https:\\\/\\\/marktxxl.de\\\/markt\\\/\"},{\"@type\":\"ListItem\",\"position\":2,\"name\":\"Markt\",\"item\":\"https:\\\/\\\/marktxxl.de\\\/markt\\\/\"},{\"@type\":\"ListItem\",\"position\":3,\"name\":\"Travelite Handgep\u00e4ck Kosmetiktasche, Gep\u00e4ck Serie KICK OFF: Praktische Kulturtasche f\u00fcr Urlaub und Sport, 006920-04, 26\u2026\"}]},{\"@type\":\"WebSite\",\"@id\":\"https:\\\/\\\/marktxxl.de\\\/markt\\\/#website\",\"url\":\"https:\\\/\\\/marktxxl.de\\\/markt\\\/\",\"name\":\"Markt-XXL\",\"description\":\"Ihr Markt Online\",\"publisher\":{\"@id\":\"https:\\\/\\\/marktxxl.de\\\/markt\\\/#organization\"},\"potentialAction\":[{\"@type\":\"SearchAction\",\"target\":{\"@type\":\"EntryPoint\",\"urlTemplate\":\"https:\\\/\\\/marktxxl.de\\\/markt\\\/?s={search_term_string}\"},\"query-input\":{\"@type\":\"PropertyValueSpecification\",\"valueRequired\":true,\"valueName\":\"search_term_string\"}}],\"inLanguage\":\"de\"},{\"@type\":\"Organization\",\"@id\":\"https:\\\/\\\/marktxxl.de\\\/markt\\\/#organization\",\"name\":\"Markt-XXL\",\"url\":\"https:\\\/\\\/marktxxl.de\\\/markt\\\/\",\"logo\":{\"@type\":\"ImageObject\",\"inLanguage\":\"de\",\"@id\":\"https:\\\/\\\/marktxxl.de\\\/markt\\\/#\\\/schema\\\/logo\\\/image\\\/\",\"url\":\"https:\\\/\\\/marktxxl.de\\\/markt\\\/wp-content\\\/uploads\\\/sites\\\/3\\\/2020\\\/12\\\/logo.png\",\"contentUrl\":\"https:\\\/\\\/marktxxl.de\\\/markt\\\/wp-content\\\/uploads\\\/sites\\\/3\\\/2020\\\/12\\\/logo.png\",\"width\":200,\"height\":70,\"caption\":\"Markt-XXL\"},\"image\":{\"@id\":\"https:\\\/\\\/marktxxl.de\\\/markt\\\/#\\\/schema\\\/logo\\\/image\\\/\"}}]}<\/script>\n<!-- \/ Yoast SEO plugin. -->","yoast_head_json":{"title":"Travelite Handgep\u00e4ck Kosmetiktasche, Gep\u00e4ck Serie KICK OFF: Praktische Kulturtasche f\u00fcr Urlaub und Sport, 006920-04, 26\u2026 - Markt-XXL","description":"Markt-XXL Travelite Handgep\u00e4ck Kosmetiktasche, Gep\u00e4ck Serie KICK OFF: Praktische Kulturtasche f\u00fcr Urlaub und Sport, 006920-04, 26\u2026","robots":{"index":"index","follow":"follow","max-snippet":"max-snippet:-1","max-image-preview":"max-image-preview:large","max-video-preview":"max-video-preview:-1"},"canonical":"https:\/\/marktxxl.de\/markt\/produkt\/travelite-kick-off-kulturtasche-reisegepaeck-5-liter\/","og_locale":"de_DE","og_type":"article","og_title":"Travelite Handgep\u00e4ck Kosmetiktasche, Gep\u00e4ck Serie KICK OFF: Praktische Kulturtasche f\u00fcr Urlaub und Sport, 006920-04, 26\u2026 - Markt-XXL","og_description":"Markt-XXL Travelite Handgep\u00e4ck Kosmetiktasche, Gep\u00e4ck Serie KICK OFF: Praktische Kulturtasche f\u00fcr Urlaub und Sport, 006920-04, 26\u2026","og_url":"https:\/\/marktxxl.de\/markt\/produkt\/travelite-kick-off-kulturtasche-reisegepaeck-5-liter\/","og_site_name":"Markt-XXL","article_modified_time":"2023-04-10T02:49:33+00:00","og_image":[{"width":333,"height":500,"url":"https:\/\/m.media-amazon.com\/images\/I\/21PS3xgkJRL._SL500_.jpg","type":"image\/jpeg"}],"twitter_card":"summary_large_image","twitter_misc":{"Gesch\u00e4tzte Lesezeit":"1\u00a0Minute"},"schema":{"@context":"https:\/\/schema.org","@graph":[{"@type":"WebPage","@id":"https:\/\/marktxxl.de\/markt\/produkt\/travelite-kick-off-kulturtasche-reisegepaeck-5-liter\/","url":"https:\/\/marktxxl.de\/markt\/produkt\/travelite-kick-off-kulturtasche-reisegepaeck-5-liter\/","name":"Travelite Handgep\u00e4ck Kosmetiktasche, Gep\u00e4ck Serie KICK OFF: Praktische Kulturtasche f\u00fcr Urlaub und Sport, 006920-04, 26\u2026 - Markt-XXL","isPartOf":{"@id":"https:\/\/marktxxl.de\/markt\/#website"},"primaryImageOfPage":{"@id":"https:\/\/marktxxl.de\/markt\/produkt\/travelite-kick-off-kulturtasche-reisegepaeck-5-liter\/#primaryimage"},"image":{"@id":"https:\/\/marktxxl.de\/markt\/produkt\/travelite-kick-off-kulturtasche-reisegepaeck-5-liter\/#primaryimage"},"thumbnailUrl":"https:\/\/m.media-amazon.com\/images\/I\/21PS3xgkJRL._SL500_.jpg","datePublished":"2022-10-12T04:20:23+00:00","dateModified":"2023-04-10T02:49:33+00:00","description":"Markt-XXL Travelite Handgep\u00e4ck Kosmetiktasche, Gep\u00e4ck Serie KICK OFF: Praktische Kulturtasche f\u00fcr Urlaub und Sport, 006920-04, 26\u2026","breadcrumb":{"@id":"https:\/\/marktxxl.de\/markt\/produkt\/travelite-kick-off-kulturtasche-reisegepaeck-5-liter\/#breadcrumb"},"inLanguage":"de","potentialAction":[{"@type":"ReadAction","target":["https:\/\/marktxxl.de\/markt\/produkt\/travelite-kick-off-kulturtasche-reisegepaeck-5-liter\/"]}]},{"@type":"ImageObject","inLanguage":"de","@id":"https:\/\/marktxxl.de\/markt\/produkt\/travelite-kick-off-kulturtasche-reisegepaeck-5-liter\/#primaryimage","url":"https:\/\/m.media-amazon.com\/images\/I\/21PS3xgkJRL._SL500_.jpg","contentUrl":"https:\/\/m.media-amazon.com\/images\/I\/21PS3xgkJRL._SL500_.jpg","width":333,"height":500},{"@type":"BreadcrumbList","@id":"https:\/\/marktxxl.de\/markt\/produkt\/travelite-kick-off-kulturtasche-reisegepaeck-5-liter\/#breadcrumb","itemListElement":[{"@type":"ListItem","position":1,"name":"Startseite","item":"https:\/\/marktxxl.de\/markt\/"},{"@type":"ListItem","position":2,"name":"Markt","item":"https:\/\/marktxxl.de\/markt\/"},{"@type":"ListItem","position":3,"name":"Travelite Handgep\u00e4ck Kosmetiktasche, Gep\u00e4ck Serie KICK OFF: Praktische Kulturtasche f\u00fcr Urlaub und Sport, 006920-04, 26\u2026"}]},{"@type":"WebSite","@id":"https:\/\/marktxxl.de\/markt\/#website","url":"https:\/\/marktxxl.de\/markt\/","name":"Markt-XXL","description":"Ihr Markt Online","publisher":{"@id":"https:\/\/marktxxl.de\/markt\/#organization"},"potentialAction":[{"@type":"SearchAction","target":{"@type":"EntryPoint","urlTemplate":"https:\/\/marktxxl.de\/markt\/?s={search_term_string}"},"query-input":{"@type":"PropertyValueSpecification","valueRequired":true,"valueName":"search_term_string"}}],"inLanguage":"de"},{"@type":"Organization","@id":"https:\/\/marktxxl.de\/markt\/#organization","name":"Markt-XXL","url":"https:\/\/marktxxl.de\/markt\/","logo":{"@type":"ImageObject","inLanguage":"de","@id":"https:\/\/marktxxl.de\/markt\/#\/schema\/logo\/image\/","url":"https:\/\/marktxxl.de\/markt\/wp-content\/uploads\/sites\/3\/2020\/12\/logo.png","contentUrl":"https:\/\/marktxxl.de\/markt\/wp-content\/uploads\/sites\/3\/2020\/12\/logo.png","width":200,"height":70,"caption":"Markt-XXL"},"image":{"@id":"https:\/\/marktxxl.de\/markt\/#\/schema\/logo\/image\/"}}]}},"_links":{"self":[{"href":"https:\/\/marktxxl.de\/markt\/wp-json\/wp\/v2\/product\/158953","targetHints":{"allow":["GET"]}}],"collection":[{"href":"https:\/\/marktxxl.de\/markt\/wp-json\/wp\/v2\/product"}],"about":[{"href":"https:\/\/marktxxl.de\/markt\/wp-json\/wp\/v2\/types\/product"}],"replies":[{"embeddable":true,"href":"https:\/\/marktxxl.de\/markt\/wp-json\/wp\/v2\/comments?post=158953"}],"wp:featuredmedia":[{"embeddable":true,"href":"https:\/\/marktxxl.de\/markt\/wp-json\/wp\/v2\/media\/158954"}],"wp:attachment":[{"href":"https:\/\/marktxxl.de\/markt\/wp-json\/wp\/v2\/media?parent=158953"}],"wp:term":[{"taxonomy":"product_brand","embeddable":true,"href":"https:\/\/marktxxl.de\/markt\/wp-json\/wp\/v2\/product_brand?post=158953"},{"taxonomy":"product_cat","embeddable":true,"href":"https:\/\/marktxxl.de\/markt\/wp-json\/wp\/v2\/product_cat?post=158953"},{"taxonomy":"product_tag","embeddable":true,"href":"https:\/\/marktxxl.de\/markt\/wp-json\/wp\/v2\/product_tag?post=158953"}],"curies":[{"name":"wp","href":"https:\/\/api.w.org\/{rel}","templated":true}]}}