{"id":158910,"date":"2022-10-12T06:19:33","date_gmt":"2022-10-12T04:19:33","guid":{"rendered":"https:\/\/marktxxl.de\/markt\/produkt\/redamancy-parfuemzerstaeuber-4-stueck-portable-taschenzerstaeuber-mini-nachfuellbar-parfuem-flaschen-5ml-spruehflasche-mit-fenster-fuer-flug-reise\/"},"modified":"2023-04-11T04:41:22","modified_gmt":"2023-04-11T02:41:22","slug":"redamancy-parfuemzerstaeuber-4-stueck-portable-taschenzerstaeuber-mini-nachfuellbar-parfuem-flaschen-5ml-spruehflasche-mit-fenster-fuer-flug-reise","status":"publish","type":"product","link":"https:\/\/marktxxl.de\/markt\/produkt\/redamancy-parfuemzerstaeuber-4-stueck-portable-taschenzerstaeuber-mini-nachfuellbar-parfuem-flaschen-5ml-spruehflasche-mit-fenster-fuer-flug-reise\/","title":{"rendered":"Redamancy Parf\u00fcmzerst\u00e4uber, 4 St\u00fcck Portable Taschenzerst\u00e4uber, Mini Nachf\u00fcllbar Parf\u00fcm Flaschen 5ml, Spr\u00fchflasche mit\u2026"},"content":{"rendered":"<p>Material: Es besteht aus einem inneren Glasbeh\u00e4lter und einer Metallh\u00fclle, die nicht leicht zu brechen und zu lecken ist. Das transparente innere Glasrohr erm\u00f6glicht es Ihnen, die Menge des verbleibenden Parf\u00fcms leicht zu sehen.<br \/>\nLeicht und Bequem: Zerst\u00e4uber haben 4 Farben, Gold, Silber, Blau, Rosa\uff0c jede Kapazit\u00e4t betr\u00e4gt 5 ml. Leicht, leicht zu transportieren. Es ist klein und kann zum einfachen Tragen einfach in der Tasche verstaut werden.<br \/>\nIntimere Details: Das Parf\u00fcm wird sehr fein zerst\u00e4ubt, wodurch viel Parf\u00fcm eingespart wird. Das hochpr\u00e4zise Metall-Druckventil schlie\u00dft nach dem Bef\u00fcllen automatisch, verhindert effektiv ein Auslaufen und h\u00e4lt sogar dem Druck w\u00e4hrend des Fluges stand.<br \/>\nTrichterlose F\u00fclltechnologie: Am Boden befindet sich eine F\u00fcll\u00f6ffnung, die auf das R\u00f6hrchen der Parf\u00fcmflasche zielt und dann zum Bef\u00fcllen dr\u00fcckt. Auf der Flasche befindet sich ein Fenster, in dem die Parf\u00fcmmenge einfach \u00fcberwacht werden kann.<br \/>\nWeit Verbreitet: Reise-Parf\u00fcm-Spr\u00fchflasche ist ideal zum Aufbewahren von Parfums, Tonern, Lotionen, Make-up-Entfernern usw. Perfekt f\u00fcr handtaschen, Brieftaschen, Tragetaschen, Koffer und Reisen.<br \/>\n<div class=\"main-cross-sell\" data-asin=\"B0B7HFR6WT\">\n\n\t<div class=\"WooZone-cross-sell-loader\">\n\t\t<div>\n\t\t\t<div id=\"floatingBarsG\">\n\t\t\t\t<div class=\"blockG\" id=\"rotateG_01\"><\/div>\n\t\t\t\t<div class=\"blockG\" id=\"rotateG_02\"><\/div>\n\t\t\t\t<div class=\"blockG\" id=\"rotateG_03\"><\/div>\n\t\t\t\t<div class=\"blockG\" id=\"rotateG_04\"><\/div>\n\t\t\t\t<div class=\"blockG\" id=\"rotateG_05\"><\/div>\n\t\t\t\t<div class=\"blockG\" id=\"rotateG_06\"><\/div>\n\t\t\t\t<div class=\"blockG\" id=\"rotateG_07\"><\/div>\n\t\t\t\t<div class=\"blockG\" id=\"rotateG_08\"><\/div>\n\t\t\t<\/div>\n\t\t\t<div class=\"WooZone-cross-sell-loader-text\"><\/div>\n\t\t<\/div>\n\t<\/div>\n\n\t\t\n<\/div>\n<div style=\"clear:both;\"><\/div><\/p>\n","protected":false},"excerpt":{"rendered":"<p>Material: Es besteht aus einem inneren Glasbeh\u00e4lter und einer Metallh\u00fclle, die nicht leicht zu brechen und zu lecken ist. Das transparente innere Glasrohr erm\u00f6glicht es Ihnen, die Menge des verbleibenden Parf\u00fcms leicht zu sehen.<br \/>\nLeicht und Bequem: Zerst\u00e4uber haben 4 Farben, Gold, Silber, Blau, Rosa\uff0c jede Kapazit\u00e4t betr\u00e4gt 5 ml. Leicht, leicht zu transportieren. Es ist klein und kann zum einfachen Tragen einfach in der Tasche verstaut werden.<br \/>\nIntimere Details: Das Parf\u00fcm wird sehr fein zerst\u00e4ubt, wodurch viel Parf\u00fcm eingespart wird. Das hochpr\u00e4zise Metall-Druckventil schlie\u00dft nach dem Bef\u00fcllen automatisch, verhindert effektiv ein Auslaufen und h\u00e4lt sogar dem Druck w\u00e4hrend des Fluges stand.<\/p>\n","protected":false},"featured_media":158911,"comment_status":"open","ping_status":"closed","template":"","meta":[],"product_brand":[],"product_cat":[2858,7726],"product_tag":[],"class_list":{"0":"post-158910","1":"product","2":"type-product","3":"status-publish","4":"has-post-thumbnail","6":"product_cat-beauty","7":"product_cat-zubehoer-beauty","8":"pa_brand-redamancy","9":"pa_height-0-6299212592-zoll","10":"pa_length-3-149606296-zoll","11":"pa_manufacturer-redamancy","12":"pa_model-4gxsp","13":"pa_width-0-6299212592-zoll","15":"first","16":"instock","17":"shipping-taxable","18":"purchasable","19":"product-type-simple","20":"customify-col","21":"product-has-gallery"},"yoast_head":"<!-- This site is optimized with the Yoast SEO plugin v27.4 - https:\/\/yoast.com\/product\/yoast-seo-wordpress\/ -->\n<title>Redamancy Parf\u00fcmzerst\u00e4uber, 4 St\u00fcck Portable Taschenzerst\u00e4uber, Mini Nachf\u00fcllbar Parf\u00fcm Flaschen 5ml, Spr\u00fchflasche mit\u2026 - Markt-XXL<\/title>\n<meta name=\"description\" content=\"Markt-XXL Redamancy Parf\u00fcmzerst\u00e4uber, 4 St\u00fcck Portable Taschenzerst\u00e4uber, Mini Nachf\u00fcllbar Parf\u00fcm Flaschen 5ml, Spr\u00fchflasche mit\u2026\" \/>\n<meta name=\"robots\" content=\"index, follow, max-snippet:-1, max-image-preview:large, max-video-preview:-1\" \/>\n<link rel=\"canonical\" href=\"https:\/\/marktxxl.de\/markt\/produkt\/redamancy-parfuemzerstaeuber-4-stueck-portable-taschenzerstaeuber-mini-nachfuellbar-parfuem-flaschen-5ml-spruehflasche-mit-fenster-fuer-flug-reise\/\" \/>\n<meta property=\"og:locale\" content=\"de_DE\" \/>\n<meta property=\"og:type\" content=\"article\" \/>\n<meta property=\"og:title\" content=\"Redamancy Parf\u00fcmzerst\u00e4uber, 4 St\u00fcck Portable Taschenzerst\u00e4uber, Mini Nachf\u00fcllbar Parf\u00fcm Flaschen 5ml, Spr\u00fchflasche mit\u2026 - Markt-XXL\" \/>\n<meta property=\"og:description\" content=\"Markt-XXL Redamancy Parf\u00fcmzerst\u00e4uber, 4 St\u00fcck Portable Taschenzerst\u00e4uber, Mini Nachf\u00fcllbar Parf\u00fcm Flaschen 5ml, Spr\u00fchflasche mit\u2026\" \/>\n<meta property=\"og:url\" content=\"https:\/\/marktxxl.de\/markt\/produkt\/redamancy-parfuemzerstaeuber-4-stueck-portable-taschenzerstaeuber-mini-nachfuellbar-parfuem-flaschen-5ml-spruehflasche-mit-fenster-fuer-flug-reise\/\" \/>\n<meta property=\"og:site_name\" content=\"Markt-XXL\" \/>\n<meta property=\"article:modified_time\" content=\"2023-04-11T02:41:22+00:00\" \/>\n<meta property=\"og:image\" content=\"https:\/\/m.media-amazon.com\/images\/I\/41xd0w8rx7L._SL500_.jpg\" \/>\n\t<meta property=\"og:image:width\" content=\"500\" \/>\n\t<meta property=\"og:image:height\" content=\"500\" \/>\n\t<meta property=\"og:image:type\" content=\"image\/jpeg\" \/>\n<meta name=\"twitter:card\" content=\"summary_large_image\" \/>\n<meta name=\"twitter:label1\" content=\"Gesch\u00e4tzte Lesezeit\" \/>\n\t<meta name=\"twitter:data1\" content=\"1\u00a0Minute\" \/>\n<script type=\"application\/ld+json\" class=\"yoast-schema-graph\">{\"@context\":\"https:\\\/\\\/schema.org\",\"@graph\":[{\"@type\":\"WebPage\",\"@id\":\"https:\\\/\\\/marktxxl.de\\\/markt\\\/produkt\\\/redamancy-parfuemzerstaeuber-4-stueck-portable-taschenzerstaeuber-mini-nachfuellbar-parfuem-flaschen-5ml-spruehflasche-mit-fenster-fuer-flug-reise\\\/\",\"url\":\"https:\\\/\\\/marktxxl.de\\\/markt\\\/produkt\\\/redamancy-parfuemzerstaeuber-4-stueck-portable-taschenzerstaeuber-mini-nachfuellbar-parfuem-flaschen-5ml-spruehflasche-mit-fenster-fuer-flug-reise\\\/\",\"name\":\"Redamancy Parf\u00fcmzerst\u00e4uber, 4 St\u00fcck Portable Taschenzerst\u00e4uber, Mini Nachf\u00fcllbar Parf\u00fcm Flaschen 5ml, Spr\u00fchflasche mit\u2026 - Markt-XXL\",\"isPartOf\":{\"@id\":\"https:\\\/\\\/marktxxl.de\\\/markt\\\/#website\"},\"primaryImageOfPage\":{\"@id\":\"https:\\\/\\\/marktxxl.de\\\/markt\\\/produkt\\\/redamancy-parfuemzerstaeuber-4-stueck-portable-taschenzerstaeuber-mini-nachfuellbar-parfuem-flaschen-5ml-spruehflasche-mit-fenster-fuer-flug-reise\\\/#primaryimage\"},\"image\":{\"@id\":\"https:\\\/\\\/marktxxl.de\\\/markt\\\/produkt\\\/redamancy-parfuemzerstaeuber-4-stueck-portable-taschenzerstaeuber-mini-nachfuellbar-parfuem-flaschen-5ml-spruehflasche-mit-fenster-fuer-flug-reise\\\/#primaryimage\"},\"thumbnailUrl\":\"https:\\\/\\\/m.media-amazon.com\\\/images\\\/I\\\/41xd0w8rx7L._SL500_.jpg\",\"datePublished\":\"2022-10-12T04:19:33+00:00\",\"dateModified\":\"2023-04-11T02:41:22+00:00\",\"description\":\"Markt-XXL Redamancy Parf\u00fcmzerst\u00e4uber, 4 St\u00fcck Portable Taschenzerst\u00e4uber, Mini Nachf\u00fcllbar Parf\u00fcm Flaschen 5ml, Spr\u00fchflasche mit\u2026\",\"breadcrumb\":{\"@id\":\"https:\\\/\\\/marktxxl.de\\\/markt\\\/produkt\\\/redamancy-parfuemzerstaeuber-4-stueck-portable-taschenzerstaeuber-mini-nachfuellbar-parfuem-flaschen-5ml-spruehflasche-mit-fenster-fuer-flug-reise\\\/#breadcrumb\"},\"inLanguage\":\"de\",\"potentialAction\":[{\"@type\":\"ReadAction\",\"target\":[\"https:\\\/\\\/marktxxl.de\\\/markt\\\/produkt\\\/redamancy-parfuemzerstaeuber-4-stueck-portable-taschenzerstaeuber-mini-nachfuellbar-parfuem-flaschen-5ml-spruehflasche-mit-fenster-fuer-flug-reise\\\/\"]}]},{\"@type\":\"ImageObject\",\"inLanguage\":\"de\",\"@id\":\"https:\\\/\\\/marktxxl.de\\\/markt\\\/produkt\\\/redamancy-parfuemzerstaeuber-4-stueck-portable-taschenzerstaeuber-mini-nachfuellbar-parfuem-flaschen-5ml-spruehflasche-mit-fenster-fuer-flug-reise\\\/#primaryimage\",\"url\":\"https:\\\/\\\/m.media-amazon.com\\\/images\\\/I\\\/41xd0w8rx7L._SL500_.jpg\",\"contentUrl\":\"https:\\\/\\\/m.media-amazon.com\\\/images\\\/I\\\/41xd0w8rx7L._SL500_.jpg\",\"width\":500,\"height\":500},{\"@type\":\"BreadcrumbList\",\"@id\":\"https:\\\/\\\/marktxxl.de\\\/markt\\\/produkt\\\/redamancy-parfuemzerstaeuber-4-stueck-portable-taschenzerstaeuber-mini-nachfuellbar-parfuem-flaschen-5ml-spruehflasche-mit-fenster-fuer-flug-reise\\\/#breadcrumb\",\"itemListElement\":[{\"@type\":\"ListItem\",\"position\":1,\"name\":\"Startseite\",\"item\":\"https:\\\/\\\/marktxxl.de\\\/markt\\\/\"},{\"@type\":\"ListItem\",\"position\":2,\"name\":\"Markt\",\"item\":\"https:\\\/\\\/marktxxl.de\\\/markt\\\/\"},{\"@type\":\"ListItem\",\"position\":3,\"name\":\"Redamancy Parf\u00fcmzerst\u00e4uber, 4 St\u00fcck Portable Taschenzerst\u00e4uber, Mini Nachf\u00fcllbar Parf\u00fcm Flaschen 5ml, Spr\u00fchflasche mit\u2026\"}]},{\"@type\":\"WebSite\",\"@id\":\"https:\\\/\\\/marktxxl.de\\\/markt\\\/#website\",\"url\":\"https:\\\/\\\/marktxxl.de\\\/markt\\\/\",\"name\":\"Markt-XXL\",\"description\":\"Ihr Markt Online\",\"publisher\":{\"@id\":\"https:\\\/\\\/marktxxl.de\\\/markt\\\/#organization\"},\"potentialAction\":[{\"@type\":\"SearchAction\",\"target\":{\"@type\":\"EntryPoint\",\"urlTemplate\":\"https:\\\/\\\/marktxxl.de\\\/markt\\\/?s={search_term_string}\"},\"query-input\":{\"@type\":\"PropertyValueSpecification\",\"valueRequired\":true,\"valueName\":\"search_term_string\"}}],\"inLanguage\":\"de\"},{\"@type\":\"Organization\",\"@id\":\"https:\\\/\\\/marktxxl.de\\\/markt\\\/#organization\",\"name\":\"Markt-XXL\",\"url\":\"https:\\\/\\\/marktxxl.de\\\/markt\\\/\",\"logo\":{\"@type\":\"ImageObject\",\"inLanguage\":\"de\",\"@id\":\"https:\\\/\\\/marktxxl.de\\\/markt\\\/#\\\/schema\\\/logo\\\/image\\\/\",\"url\":\"https:\\\/\\\/marktxxl.de\\\/markt\\\/wp-content\\\/uploads\\\/sites\\\/3\\\/2020\\\/12\\\/logo.png\",\"contentUrl\":\"https:\\\/\\\/marktxxl.de\\\/markt\\\/wp-content\\\/uploads\\\/sites\\\/3\\\/2020\\\/12\\\/logo.png\",\"width\":200,\"height\":70,\"caption\":\"Markt-XXL\"},\"image\":{\"@id\":\"https:\\\/\\\/marktxxl.de\\\/markt\\\/#\\\/schema\\\/logo\\\/image\\\/\"}}]}<\/script>\n<!-- \/ Yoast SEO plugin. -->","yoast_head_json":{"title":"Redamancy Parf\u00fcmzerst\u00e4uber, 4 St\u00fcck Portable Taschenzerst\u00e4uber, Mini Nachf\u00fcllbar Parf\u00fcm Flaschen 5ml, Spr\u00fchflasche mit\u2026 - Markt-XXL","description":"Markt-XXL Redamancy Parf\u00fcmzerst\u00e4uber, 4 St\u00fcck Portable Taschenzerst\u00e4uber, Mini Nachf\u00fcllbar Parf\u00fcm Flaschen 5ml, Spr\u00fchflasche mit\u2026","robots":{"index":"index","follow":"follow","max-snippet":"max-snippet:-1","max-image-preview":"max-image-preview:large","max-video-preview":"max-video-preview:-1"},"canonical":"https:\/\/marktxxl.de\/markt\/produkt\/redamancy-parfuemzerstaeuber-4-stueck-portable-taschenzerstaeuber-mini-nachfuellbar-parfuem-flaschen-5ml-spruehflasche-mit-fenster-fuer-flug-reise\/","og_locale":"de_DE","og_type":"article","og_title":"Redamancy Parf\u00fcmzerst\u00e4uber, 4 St\u00fcck Portable Taschenzerst\u00e4uber, Mini Nachf\u00fcllbar Parf\u00fcm Flaschen 5ml, Spr\u00fchflasche mit\u2026 - Markt-XXL","og_description":"Markt-XXL Redamancy Parf\u00fcmzerst\u00e4uber, 4 St\u00fcck Portable Taschenzerst\u00e4uber, Mini Nachf\u00fcllbar Parf\u00fcm Flaschen 5ml, Spr\u00fchflasche mit\u2026","og_url":"https:\/\/marktxxl.de\/markt\/produkt\/redamancy-parfuemzerstaeuber-4-stueck-portable-taschenzerstaeuber-mini-nachfuellbar-parfuem-flaschen-5ml-spruehflasche-mit-fenster-fuer-flug-reise\/","og_site_name":"Markt-XXL","article_modified_time":"2023-04-11T02:41:22+00:00","og_image":[{"width":500,"height":500,"url":"https:\/\/m.media-amazon.com\/images\/I\/41xd0w8rx7L._SL500_.jpg","type":"image\/jpeg"}],"twitter_card":"summary_large_image","twitter_misc":{"Gesch\u00e4tzte Lesezeit":"1\u00a0Minute"},"schema":{"@context":"https:\/\/schema.org","@graph":[{"@type":"WebPage","@id":"https:\/\/marktxxl.de\/markt\/produkt\/redamancy-parfuemzerstaeuber-4-stueck-portable-taschenzerstaeuber-mini-nachfuellbar-parfuem-flaschen-5ml-spruehflasche-mit-fenster-fuer-flug-reise\/","url":"https:\/\/marktxxl.de\/markt\/produkt\/redamancy-parfuemzerstaeuber-4-stueck-portable-taschenzerstaeuber-mini-nachfuellbar-parfuem-flaschen-5ml-spruehflasche-mit-fenster-fuer-flug-reise\/","name":"Redamancy Parf\u00fcmzerst\u00e4uber, 4 St\u00fcck Portable Taschenzerst\u00e4uber, Mini Nachf\u00fcllbar Parf\u00fcm Flaschen 5ml, Spr\u00fchflasche mit\u2026 - Markt-XXL","isPartOf":{"@id":"https:\/\/marktxxl.de\/markt\/#website"},"primaryImageOfPage":{"@id":"https:\/\/marktxxl.de\/markt\/produkt\/redamancy-parfuemzerstaeuber-4-stueck-portable-taschenzerstaeuber-mini-nachfuellbar-parfuem-flaschen-5ml-spruehflasche-mit-fenster-fuer-flug-reise\/#primaryimage"},"image":{"@id":"https:\/\/marktxxl.de\/markt\/produkt\/redamancy-parfuemzerstaeuber-4-stueck-portable-taschenzerstaeuber-mini-nachfuellbar-parfuem-flaschen-5ml-spruehflasche-mit-fenster-fuer-flug-reise\/#primaryimage"},"thumbnailUrl":"https:\/\/m.media-amazon.com\/images\/I\/41xd0w8rx7L._SL500_.jpg","datePublished":"2022-10-12T04:19:33+00:00","dateModified":"2023-04-11T02:41:22+00:00","description":"Markt-XXL Redamancy Parf\u00fcmzerst\u00e4uber, 4 St\u00fcck Portable Taschenzerst\u00e4uber, Mini Nachf\u00fcllbar Parf\u00fcm Flaschen 5ml, Spr\u00fchflasche mit\u2026","breadcrumb":{"@id":"https:\/\/marktxxl.de\/markt\/produkt\/redamancy-parfuemzerstaeuber-4-stueck-portable-taschenzerstaeuber-mini-nachfuellbar-parfuem-flaschen-5ml-spruehflasche-mit-fenster-fuer-flug-reise\/#breadcrumb"},"inLanguage":"de","potentialAction":[{"@type":"ReadAction","target":["https:\/\/marktxxl.de\/markt\/produkt\/redamancy-parfuemzerstaeuber-4-stueck-portable-taschenzerstaeuber-mini-nachfuellbar-parfuem-flaschen-5ml-spruehflasche-mit-fenster-fuer-flug-reise\/"]}]},{"@type":"ImageObject","inLanguage":"de","@id":"https:\/\/marktxxl.de\/markt\/produkt\/redamancy-parfuemzerstaeuber-4-stueck-portable-taschenzerstaeuber-mini-nachfuellbar-parfuem-flaschen-5ml-spruehflasche-mit-fenster-fuer-flug-reise\/#primaryimage","url":"https:\/\/m.media-amazon.com\/images\/I\/41xd0w8rx7L._SL500_.jpg","contentUrl":"https:\/\/m.media-amazon.com\/images\/I\/41xd0w8rx7L._SL500_.jpg","width":500,"height":500},{"@type":"BreadcrumbList","@id":"https:\/\/marktxxl.de\/markt\/produkt\/redamancy-parfuemzerstaeuber-4-stueck-portable-taschenzerstaeuber-mini-nachfuellbar-parfuem-flaschen-5ml-spruehflasche-mit-fenster-fuer-flug-reise\/#breadcrumb","itemListElement":[{"@type":"ListItem","position":1,"name":"Startseite","item":"https:\/\/marktxxl.de\/markt\/"},{"@type":"ListItem","position":2,"name":"Markt","item":"https:\/\/marktxxl.de\/markt\/"},{"@type":"ListItem","position":3,"name":"Redamancy Parf\u00fcmzerst\u00e4uber, 4 St\u00fcck Portable Taschenzerst\u00e4uber, Mini Nachf\u00fcllbar Parf\u00fcm Flaschen 5ml, Spr\u00fchflasche mit\u2026"}]},{"@type":"WebSite","@id":"https:\/\/marktxxl.de\/markt\/#website","url":"https:\/\/marktxxl.de\/markt\/","name":"Markt-XXL","description":"Ihr Markt Online","publisher":{"@id":"https:\/\/marktxxl.de\/markt\/#organization"},"potentialAction":[{"@type":"SearchAction","target":{"@type":"EntryPoint","urlTemplate":"https:\/\/marktxxl.de\/markt\/?s={search_term_string}"},"query-input":{"@type":"PropertyValueSpecification","valueRequired":true,"valueName":"search_term_string"}}],"inLanguage":"de"},{"@type":"Organization","@id":"https:\/\/marktxxl.de\/markt\/#organization","name":"Markt-XXL","url":"https:\/\/marktxxl.de\/markt\/","logo":{"@type":"ImageObject","inLanguage":"de","@id":"https:\/\/marktxxl.de\/markt\/#\/schema\/logo\/image\/","url":"https:\/\/marktxxl.de\/markt\/wp-content\/uploads\/sites\/3\/2020\/12\/logo.png","contentUrl":"https:\/\/marktxxl.de\/markt\/wp-content\/uploads\/sites\/3\/2020\/12\/logo.png","width":200,"height":70,"caption":"Markt-XXL"},"image":{"@id":"https:\/\/marktxxl.de\/markt\/#\/schema\/logo\/image\/"}}]}},"_links":{"self":[{"href":"https:\/\/marktxxl.de\/markt\/wp-json\/wp\/v2\/product\/158910","targetHints":{"allow":["GET"]}}],"collection":[{"href":"https:\/\/marktxxl.de\/markt\/wp-json\/wp\/v2\/product"}],"about":[{"href":"https:\/\/marktxxl.de\/markt\/wp-json\/wp\/v2\/types\/product"}],"replies":[{"embeddable":true,"href":"https:\/\/marktxxl.de\/markt\/wp-json\/wp\/v2\/comments?post=158910"}],"wp:featuredmedia":[{"embeddable":true,"href":"https:\/\/marktxxl.de\/markt\/wp-json\/wp\/v2\/media\/158911"}],"wp:attachment":[{"href":"https:\/\/marktxxl.de\/markt\/wp-json\/wp\/v2\/media?parent=158910"}],"wp:term":[{"taxonomy":"product_brand","embeddable":true,"href":"https:\/\/marktxxl.de\/markt\/wp-json\/wp\/v2\/product_brand?post=158910"},{"taxonomy":"product_cat","embeddable":true,"href":"https:\/\/marktxxl.de\/markt\/wp-json\/wp\/v2\/product_cat?post=158910"},{"taxonomy":"product_tag","embeddable":true,"href":"https:\/\/marktxxl.de\/markt\/wp-json\/wp\/v2\/product_tag?post=158910"}],"curies":[{"name":"wp","href":"https:\/\/api.w.org\/{rel}","templated":true}]}}