{"id":158789,"date":"2022-10-12T05:37:21","date_gmt":"2022-10-12T03:37:21","guid":{"rendered":"https:\/\/marktxxl.de\/markt\/produkt\/dankeskarten-und-aufklebe-100-stueck-5x9cm-goldfolie-thank-you-for-supporting-my-small-business-karte-500-stueck-1-5-danke-etiketten-stickers-fuer-e-commerce-online-retail-verpackung-inserts\/"},"modified":"2023-04-11T04:41:20","modified_gmt":"2023-04-11T02:41:20","slug":"dankeskarten-und-aufklebe-100-stueck-5x9cm-goldfolie-thank-you-for-supporting-my-small-business-karte-500-stueck-1-5-danke-etiketten-stickers-fuer-e-commerce-online-retail-verpackung-inserts","status":"publish","type":"product","link":"https:\/\/marktxxl.de\/markt\/produkt\/dankeskarten-und-aufklebe-100-stueck-5x9cm-goldfolie-thank-you-for-supporting-my-small-business-karte-500-stueck-1-5-danke-etiketten-stickers-fuer-e-commerce-online-retail-verpackung-inserts\/","title":{"rendered":"Dankeskarten und Aufklebe, 100 St\u00fcck 5X9CM Goldfolie Thank You for Supporting My Small Business Karte 500 St\u00fcck 1.5\u2026"},"content":{"rendered":"<p>\ud83c\udf38\u3010Ausreichende Menge\u3011Sie erhalten 100 St\u00fcck 9x5CM ros\u00e9 goldene Schrift Vielen Dank f\u00fcr die Unterst\u00fctzung meiner kleinen Visitenkarten, 1 Rolle 1,5-Zoll-Ros\u00e9goldfolie Vielen Dank, dass Sie Aufkleber in 4 Mustern, 500 St\u00fcck \/ Rolle, perfektes Set f\u00fcr Ihren gesch\u00e4ftlichen Gebrauch<br \/>\n\ud83c\udf38\u3010Zuverl\u00e4ssiges Material\u3011Karte bestehen aus 300GSM-Karton mit leerer R\u00fcckseite, sind langlebig und umweltfreundlich, und die selbstklebenden Aufkleber bestehen aus beschichtetem Papier mit Laminierung, wasserdicht und stark klebend<br \/>\n\ud83c\udf38\u3010Goldfolie und rosa Hintergrund\u3011Unsere Dankeskarten und Siegeletiketten sind mit edlen Goldfolienbuchstaben gestaltet, sehr auff\u00e4llig und werden nie aus der Mode kommen. und der rosa Hintergrund kann uns ein warmes und elegantes Gef\u00fchl bringen<br \/>\n\ud83c\udf38\u3010Leer zum Anpassen\u3011Die Dankeskarte ist auf der R\u00fcckseite leer, sodass Sie nicht nur etwas f\u00fcr Ihre Kunden schreiben, sondern auch Ihre Gesch\u00e4ftsadresse stempeln oder Ihre Unterschrift drucken k\u00f6nnen. Es ist eine gute M\u00f6glichkeit, sich bei den G\u00e4sten zu bedanken<br \/>\n\ud83c\udf38\u3010Breite Anwendungen\u3011Weit verbreitet f\u00fcr Online-H\u00e4ndler, Boutiquen, kleine Gesch\u00e4fte, handgefertigte Waren und mehr; Es ist perfekt, um Ihren Kunden Ihren Dank auszudr\u00fccken und einen tiefen Eindruck bei Ihren Kunden zu hinterlassen<br \/>\n<div class=\"main-cross-sell\" data-asin=\"B08XJSP2HS\">\n\n\t<div class=\"WooZone-cross-sell-loader\">\n\t\t<div>\n\t\t\t<div id=\"floatingBarsG\">\n\t\t\t\t<div class=\"blockG\" id=\"rotateG_01\"><\/div>\n\t\t\t\t<div class=\"blockG\" id=\"rotateG_02\"><\/div>\n\t\t\t\t<div class=\"blockG\" id=\"rotateG_03\"><\/div>\n\t\t\t\t<div class=\"blockG\" id=\"rotateG_04\"><\/div>\n\t\t\t\t<div class=\"blockG\" id=\"rotateG_05\"><\/div>\n\t\t\t\t<div class=\"blockG\" id=\"rotateG_06\"><\/div>\n\t\t\t\t<div class=\"blockG\" id=\"rotateG_07\"><\/div>\n\t\t\t\t<div class=\"blockG\" id=\"rotateG_08\"><\/div>\n\t\t\t<\/div>\n\t\t\t<div class=\"WooZone-cross-sell-loader-text\"><\/div>\n\t\t<\/div>\n\t<\/div>\n\n\t\t\n<\/div>\n<div style=\"clear:both;\"><\/div><\/p>\n","protected":false},"excerpt":{"rendered":"<p>\ud83c\udf38\u3010Ausreichende Menge\u3011Sie erhalten 100 St\u00fcck 9x5CM ros\u00e9 goldene Schrift Vielen Dank f\u00fcr die Unterst\u00fctzung meiner kleinen Visitenkarten, 1 Rolle 1,5-Zoll-Ros\u00e9goldfolie Vielen Dank, dass Sie Aufkleber in 4 Mustern, 500 St\u00fcck \/ Rolle, perfektes Set f\u00fcr Ihren gesch\u00e4ftlichen Gebrauch<br \/>\n\ud83c\udf38\u3010Zuverl\u00e4ssiges Material\u3011Karte bestehen aus 300GSM-Karton mit leerer R\u00fcckseite, sind langlebig und umweltfreundlich, und die selbstklebenden Aufkleber bestehen aus beschichtetem Papier mit Laminierung, wasserdicht und stark klebend<br \/>\n\ud83c\udf38\u3010Goldfolie und rosa Hintergrund\u3011Unsere Dankeskarten und Siegeletiketten sind mit edlen Goldfolienbuchstaben gestaltet, sehr auff\u00e4llig und werden nie aus der Mode kommen. und der rosa Hintergrund kann uns ein warmes und elegantes Gef\u00fchl bringen<\/p>\n","protected":false},"featured_media":158790,"comment_status":"open","ping_status":"closed","template":"","meta":[],"product_brand":[],"product_cat":[504],"product_tag":[],"class_list":{"0":"post-158789","1":"product","2":"type-product","3":"status-publish","4":"has-post-thumbnail","6":"product_cat-buerobedarf-schreibwaren","7":"pa_binding-unbekannter-einband","8":"pa_brand-awmgirl","9":"pa_model-lw265","11":"first","12":"instock","13":"shipping-taxable","14":"purchasable","15":"product-type-simple","16":"customify-col","17":"product-has-gallery"},"yoast_head":"<!-- This site is optimized with the Yoast SEO plugin v27.4 - https:\/\/yoast.com\/product\/yoast-seo-wordpress\/ -->\n<title>Dankeskarten und Aufklebe, 100 St\u00fcck 5X9CM Goldfolie Thank You for Supporting My Small Business Karte 500 St\u00fcck 1.5\u2026 - Markt-XXL<\/title>\n<meta name=\"description\" content=\"Markt-XXL Dankeskarten und Aufklebe, 100 St\u00fcck 5X9CM Goldfolie Thank You for Supporting My Small Business Karte 500 St\u00fcck 1.5\u2026\" \/>\n<meta name=\"robots\" content=\"index, follow, max-snippet:-1, max-image-preview:large, max-video-preview:-1\" \/>\n<link rel=\"canonical\" href=\"https:\/\/marktxxl.de\/markt\/produkt\/dankeskarten-und-aufklebe-100-stueck-5x9cm-goldfolie-thank-you-for-supporting-my-small-business-karte-500-stueck-1-5-danke-etiketten-stickers-fuer-e-commerce-online-retail-verpackung-inserts\/\" \/>\n<meta property=\"og:locale\" content=\"de_DE\" \/>\n<meta property=\"og:type\" content=\"article\" \/>\n<meta property=\"og:title\" content=\"Dankeskarten und Aufklebe, 100 St\u00fcck 5X9CM Goldfolie Thank You for Supporting My Small Business Karte 500 St\u00fcck 1.5\u2026 - Markt-XXL\" \/>\n<meta property=\"og:description\" content=\"Markt-XXL Dankeskarten und Aufklebe, 100 St\u00fcck 5X9CM Goldfolie Thank You for Supporting My Small Business Karte 500 St\u00fcck 1.5\u2026\" \/>\n<meta property=\"og:url\" content=\"https:\/\/marktxxl.de\/markt\/produkt\/dankeskarten-und-aufklebe-100-stueck-5x9cm-goldfolie-thank-you-for-supporting-my-small-business-karte-500-stueck-1-5-danke-etiketten-stickers-fuer-e-commerce-online-retail-verpackung-inserts\/\" \/>\n<meta property=\"og:site_name\" content=\"Markt-XXL\" \/>\n<meta property=\"article:modified_time\" content=\"2023-04-11T02:41:20+00:00\" \/>\n<meta property=\"og:image\" content=\"https:\/\/m.media-amazon.com\/images\/I\/51Zd9hFwdlL._SL500_.jpg\" \/>\n\t<meta property=\"og:image:width\" content=\"500\" \/>\n\t<meta property=\"og:image:height\" content=\"500\" \/>\n\t<meta property=\"og:image:type\" content=\"image\/jpeg\" \/>\n<meta name=\"twitter:card\" content=\"summary_large_image\" \/>\n<meta name=\"twitter:label1\" content=\"Gesch\u00e4tzte Lesezeit\" \/>\n\t<meta name=\"twitter:data1\" content=\"1\u00a0Minute\" \/>\n<script type=\"application\/ld+json\" class=\"yoast-schema-graph\">{\"@context\":\"https:\\\/\\\/schema.org\",\"@graph\":[{\"@type\":\"WebPage\",\"@id\":\"https:\\\/\\\/marktxxl.de\\\/markt\\\/produkt\\\/dankeskarten-und-aufklebe-100-stueck-5x9cm-goldfolie-thank-you-for-supporting-my-small-business-karte-500-stueck-1-5-danke-etiketten-stickers-fuer-e-commerce-online-retail-verpackung-inserts\\\/\",\"url\":\"https:\\\/\\\/marktxxl.de\\\/markt\\\/produkt\\\/dankeskarten-und-aufklebe-100-stueck-5x9cm-goldfolie-thank-you-for-supporting-my-small-business-karte-500-stueck-1-5-danke-etiketten-stickers-fuer-e-commerce-online-retail-verpackung-inserts\\\/\",\"name\":\"Dankeskarten und Aufklebe, 100 St\u00fcck 5X9CM Goldfolie Thank You for Supporting My Small Business Karte 500 St\u00fcck 1.5\u2026 - Markt-XXL\",\"isPartOf\":{\"@id\":\"https:\\\/\\\/marktxxl.de\\\/markt\\\/#website\"},\"primaryImageOfPage\":{\"@id\":\"https:\\\/\\\/marktxxl.de\\\/markt\\\/produkt\\\/dankeskarten-und-aufklebe-100-stueck-5x9cm-goldfolie-thank-you-for-supporting-my-small-business-karte-500-stueck-1-5-danke-etiketten-stickers-fuer-e-commerce-online-retail-verpackung-inserts\\\/#primaryimage\"},\"image\":{\"@id\":\"https:\\\/\\\/marktxxl.de\\\/markt\\\/produkt\\\/dankeskarten-und-aufklebe-100-stueck-5x9cm-goldfolie-thank-you-for-supporting-my-small-business-karte-500-stueck-1-5-danke-etiketten-stickers-fuer-e-commerce-online-retail-verpackung-inserts\\\/#primaryimage\"},\"thumbnailUrl\":\"https:\\\/\\\/m.media-amazon.com\\\/images\\\/I\\\/51Zd9hFwdlL._SL500_.jpg\",\"datePublished\":\"2022-10-12T03:37:21+00:00\",\"dateModified\":\"2023-04-11T02:41:20+00:00\",\"description\":\"Markt-XXL Dankeskarten und Aufklebe, 100 St\u00fcck 5X9CM Goldfolie Thank You for Supporting My Small Business Karte 500 St\u00fcck 1.5\u2026\",\"breadcrumb\":{\"@id\":\"https:\\\/\\\/marktxxl.de\\\/markt\\\/produkt\\\/dankeskarten-und-aufklebe-100-stueck-5x9cm-goldfolie-thank-you-for-supporting-my-small-business-karte-500-stueck-1-5-danke-etiketten-stickers-fuer-e-commerce-online-retail-verpackung-inserts\\\/#breadcrumb\"},\"inLanguage\":\"de\",\"potentialAction\":[{\"@type\":\"ReadAction\",\"target\":[\"https:\\\/\\\/marktxxl.de\\\/markt\\\/produkt\\\/dankeskarten-und-aufklebe-100-stueck-5x9cm-goldfolie-thank-you-for-supporting-my-small-business-karte-500-stueck-1-5-danke-etiketten-stickers-fuer-e-commerce-online-retail-verpackung-inserts\\\/\"]}]},{\"@type\":\"ImageObject\",\"inLanguage\":\"de\",\"@id\":\"https:\\\/\\\/marktxxl.de\\\/markt\\\/produkt\\\/dankeskarten-und-aufklebe-100-stueck-5x9cm-goldfolie-thank-you-for-supporting-my-small-business-karte-500-stueck-1-5-danke-etiketten-stickers-fuer-e-commerce-online-retail-verpackung-inserts\\\/#primaryimage\",\"url\":\"https:\\\/\\\/m.media-amazon.com\\\/images\\\/I\\\/51Zd9hFwdlL._SL500_.jpg\",\"contentUrl\":\"https:\\\/\\\/m.media-amazon.com\\\/images\\\/I\\\/51Zd9hFwdlL._SL500_.jpg\",\"width\":500,\"height\":500},{\"@type\":\"BreadcrumbList\",\"@id\":\"https:\\\/\\\/marktxxl.de\\\/markt\\\/produkt\\\/dankeskarten-und-aufklebe-100-stueck-5x9cm-goldfolie-thank-you-for-supporting-my-small-business-karte-500-stueck-1-5-danke-etiketten-stickers-fuer-e-commerce-online-retail-verpackung-inserts\\\/#breadcrumb\",\"itemListElement\":[{\"@type\":\"ListItem\",\"position\":1,\"name\":\"Startseite\",\"item\":\"https:\\\/\\\/marktxxl.de\\\/markt\\\/\"},{\"@type\":\"ListItem\",\"position\":2,\"name\":\"Markt\",\"item\":\"https:\\\/\\\/marktxxl.de\\\/markt\\\/\"},{\"@type\":\"ListItem\",\"position\":3,\"name\":\"Dankeskarten und Aufklebe, 100 St\u00fcck 5X9CM Goldfolie Thank You for Supporting My Small Business Karte 500 St\u00fcck 1.5\u2026\"}]},{\"@type\":\"WebSite\",\"@id\":\"https:\\\/\\\/marktxxl.de\\\/markt\\\/#website\",\"url\":\"https:\\\/\\\/marktxxl.de\\\/markt\\\/\",\"name\":\"Markt-XXL\",\"description\":\"Ihr Markt Online\",\"publisher\":{\"@id\":\"https:\\\/\\\/marktxxl.de\\\/markt\\\/#organization\"},\"potentialAction\":[{\"@type\":\"SearchAction\",\"target\":{\"@type\":\"EntryPoint\",\"urlTemplate\":\"https:\\\/\\\/marktxxl.de\\\/markt\\\/?s={search_term_string}\"},\"query-input\":{\"@type\":\"PropertyValueSpecification\",\"valueRequired\":true,\"valueName\":\"search_term_string\"}}],\"inLanguage\":\"de\"},{\"@type\":\"Organization\",\"@id\":\"https:\\\/\\\/marktxxl.de\\\/markt\\\/#organization\",\"name\":\"Markt-XXL\",\"url\":\"https:\\\/\\\/marktxxl.de\\\/markt\\\/\",\"logo\":{\"@type\":\"ImageObject\",\"inLanguage\":\"de\",\"@id\":\"https:\\\/\\\/marktxxl.de\\\/markt\\\/#\\\/schema\\\/logo\\\/image\\\/\",\"url\":\"https:\\\/\\\/marktxxl.de\\\/markt\\\/wp-content\\\/uploads\\\/sites\\\/3\\\/2020\\\/12\\\/logo.png\",\"contentUrl\":\"https:\\\/\\\/marktxxl.de\\\/markt\\\/wp-content\\\/uploads\\\/sites\\\/3\\\/2020\\\/12\\\/logo.png\",\"width\":200,\"height\":70,\"caption\":\"Markt-XXL\"},\"image\":{\"@id\":\"https:\\\/\\\/marktxxl.de\\\/markt\\\/#\\\/schema\\\/logo\\\/image\\\/\"}}]}<\/script>\n<!-- \/ Yoast SEO plugin. -->","yoast_head_json":{"title":"Dankeskarten und Aufklebe, 100 St\u00fcck 5X9CM Goldfolie Thank You for Supporting My Small Business Karte 500 St\u00fcck 1.5\u2026 - Markt-XXL","description":"Markt-XXL Dankeskarten und Aufklebe, 100 St\u00fcck 5X9CM Goldfolie Thank You for Supporting My Small Business Karte 500 St\u00fcck 1.5\u2026","robots":{"index":"index","follow":"follow","max-snippet":"max-snippet:-1","max-image-preview":"max-image-preview:large","max-video-preview":"max-video-preview:-1"},"canonical":"https:\/\/marktxxl.de\/markt\/produkt\/dankeskarten-und-aufklebe-100-stueck-5x9cm-goldfolie-thank-you-for-supporting-my-small-business-karte-500-stueck-1-5-danke-etiketten-stickers-fuer-e-commerce-online-retail-verpackung-inserts\/","og_locale":"de_DE","og_type":"article","og_title":"Dankeskarten und Aufklebe, 100 St\u00fcck 5X9CM Goldfolie Thank You for Supporting My Small Business Karte 500 St\u00fcck 1.5\u2026 - Markt-XXL","og_description":"Markt-XXL Dankeskarten und Aufklebe, 100 St\u00fcck 5X9CM Goldfolie Thank You for Supporting My Small Business Karte 500 St\u00fcck 1.5\u2026","og_url":"https:\/\/marktxxl.de\/markt\/produkt\/dankeskarten-und-aufklebe-100-stueck-5x9cm-goldfolie-thank-you-for-supporting-my-small-business-karte-500-stueck-1-5-danke-etiketten-stickers-fuer-e-commerce-online-retail-verpackung-inserts\/","og_site_name":"Markt-XXL","article_modified_time":"2023-04-11T02:41:20+00:00","og_image":[{"width":500,"height":500,"url":"https:\/\/m.media-amazon.com\/images\/I\/51Zd9hFwdlL._SL500_.jpg","type":"image\/jpeg"}],"twitter_card":"summary_large_image","twitter_misc":{"Gesch\u00e4tzte Lesezeit":"1\u00a0Minute"},"schema":{"@context":"https:\/\/schema.org","@graph":[{"@type":"WebPage","@id":"https:\/\/marktxxl.de\/markt\/produkt\/dankeskarten-und-aufklebe-100-stueck-5x9cm-goldfolie-thank-you-for-supporting-my-small-business-karte-500-stueck-1-5-danke-etiketten-stickers-fuer-e-commerce-online-retail-verpackung-inserts\/","url":"https:\/\/marktxxl.de\/markt\/produkt\/dankeskarten-und-aufklebe-100-stueck-5x9cm-goldfolie-thank-you-for-supporting-my-small-business-karte-500-stueck-1-5-danke-etiketten-stickers-fuer-e-commerce-online-retail-verpackung-inserts\/","name":"Dankeskarten und Aufklebe, 100 St\u00fcck 5X9CM Goldfolie Thank You for Supporting My Small Business Karte 500 St\u00fcck 1.5\u2026 - Markt-XXL","isPartOf":{"@id":"https:\/\/marktxxl.de\/markt\/#website"},"primaryImageOfPage":{"@id":"https:\/\/marktxxl.de\/markt\/produkt\/dankeskarten-und-aufklebe-100-stueck-5x9cm-goldfolie-thank-you-for-supporting-my-small-business-karte-500-stueck-1-5-danke-etiketten-stickers-fuer-e-commerce-online-retail-verpackung-inserts\/#primaryimage"},"image":{"@id":"https:\/\/marktxxl.de\/markt\/produkt\/dankeskarten-und-aufklebe-100-stueck-5x9cm-goldfolie-thank-you-for-supporting-my-small-business-karte-500-stueck-1-5-danke-etiketten-stickers-fuer-e-commerce-online-retail-verpackung-inserts\/#primaryimage"},"thumbnailUrl":"https:\/\/m.media-amazon.com\/images\/I\/51Zd9hFwdlL._SL500_.jpg","datePublished":"2022-10-12T03:37:21+00:00","dateModified":"2023-04-11T02:41:20+00:00","description":"Markt-XXL Dankeskarten und Aufklebe, 100 St\u00fcck 5X9CM Goldfolie Thank You for Supporting My Small Business Karte 500 St\u00fcck 1.5\u2026","breadcrumb":{"@id":"https:\/\/marktxxl.de\/markt\/produkt\/dankeskarten-und-aufklebe-100-stueck-5x9cm-goldfolie-thank-you-for-supporting-my-small-business-karte-500-stueck-1-5-danke-etiketten-stickers-fuer-e-commerce-online-retail-verpackung-inserts\/#breadcrumb"},"inLanguage":"de","potentialAction":[{"@type":"ReadAction","target":["https:\/\/marktxxl.de\/markt\/produkt\/dankeskarten-und-aufklebe-100-stueck-5x9cm-goldfolie-thank-you-for-supporting-my-small-business-karte-500-stueck-1-5-danke-etiketten-stickers-fuer-e-commerce-online-retail-verpackung-inserts\/"]}]},{"@type":"ImageObject","inLanguage":"de","@id":"https:\/\/marktxxl.de\/markt\/produkt\/dankeskarten-und-aufklebe-100-stueck-5x9cm-goldfolie-thank-you-for-supporting-my-small-business-karte-500-stueck-1-5-danke-etiketten-stickers-fuer-e-commerce-online-retail-verpackung-inserts\/#primaryimage","url":"https:\/\/m.media-amazon.com\/images\/I\/51Zd9hFwdlL._SL500_.jpg","contentUrl":"https:\/\/m.media-amazon.com\/images\/I\/51Zd9hFwdlL._SL500_.jpg","width":500,"height":500},{"@type":"BreadcrumbList","@id":"https:\/\/marktxxl.de\/markt\/produkt\/dankeskarten-und-aufklebe-100-stueck-5x9cm-goldfolie-thank-you-for-supporting-my-small-business-karte-500-stueck-1-5-danke-etiketten-stickers-fuer-e-commerce-online-retail-verpackung-inserts\/#breadcrumb","itemListElement":[{"@type":"ListItem","position":1,"name":"Startseite","item":"https:\/\/marktxxl.de\/markt\/"},{"@type":"ListItem","position":2,"name":"Markt","item":"https:\/\/marktxxl.de\/markt\/"},{"@type":"ListItem","position":3,"name":"Dankeskarten und Aufklebe, 100 St\u00fcck 5X9CM Goldfolie Thank You for Supporting My Small Business Karte 500 St\u00fcck 1.5\u2026"}]},{"@type":"WebSite","@id":"https:\/\/marktxxl.de\/markt\/#website","url":"https:\/\/marktxxl.de\/markt\/","name":"Markt-XXL","description":"Ihr Markt Online","publisher":{"@id":"https:\/\/marktxxl.de\/markt\/#organization"},"potentialAction":[{"@type":"SearchAction","target":{"@type":"EntryPoint","urlTemplate":"https:\/\/marktxxl.de\/markt\/?s={search_term_string}"},"query-input":{"@type":"PropertyValueSpecification","valueRequired":true,"valueName":"search_term_string"}}],"inLanguage":"de"},{"@type":"Organization","@id":"https:\/\/marktxxl.de\/markt\/#organization","name":"Markt-XXL","url":"https:\/\/marktxxl.de\/markt\/","logo":{"@type":"ImageObject","inLanguage":"de","@id":"https:\/\/marktxxl.de\/markt\/#\/schema\/logo\/image\/","url":"https:\/\/marktxxl.de\/markt\/wp-content\/uploads\/sites\/3\/2020\/12\/logo.png","contentUrl":"https:\/\/marktxxl.de\/markt\/wp-content\/uploads\/sites\/3\/2020\/12\/logo.png","width":200,"height":70,"caption":"Markt-XXL"},"image":{"@id":"https:\/\/marktxxl.de\/markt\/#\/schema\/logo\/image\/"}}]}},"_links":{"self":[{"href":"https:\/\/marktxxl.de\/markt\/wp-json\/wp\/v2\/product\/158789","targetHints":{"allow":["GET"]}}],"collection":[{"href":"https:\/\/marktxxl.de\/markt\/wp-json\/wp\/v2\/product"}],"about":[{"href":"https:\/\/marktxxl.de\/markt\/wp-json\/wp\/v2\/types\/product"}],"replies":[{"embeddable":true,"href":"https:\/\/marktxxl.de\/markt\/wp-json\/wp\/v2\/comments?post=158789"}],"wp:featuredmedia":[{"embeddable":true,"href":"https:\/\/marktxxl.de\/markt\/wp-json\/wp\/v2\/media\/158790"}],"wp:attachment":[{"href":"https:\/\/marktxxl.de\/markt\/wp-json\/wp\/v2\/media?parent=158789"}],"wp:term":[{"taxonomy":"product_brand","embeddable":true,"href":"https:\/\/marktxxl.de\/markt\/wp-json\/wp\/v2\/product_brand?post=158789"},{"taxonomy":"product_cat","embeddable":true,"href":"https:\/\/marktxxl.de\/markt\/wp-json\/wp\/v2\/product_cat?post=158789"},{"taxonomy":"product_tag","embeddable":true,"href":"https:\/\/marktxxl.de\/markt\/wp-json\/wp\/v2\/product_tag?post=158789"}],"curies":[{"name":"wp","href":"https:\/\/api.w.org\/{rel}","templated":true}]}}