{"id":158671,"date":"2022-10-12T05:32:06","date_gmt":"2022-10-12T03:32:06","guid":{"rendered":"https:\/\/marktxxl.de\/markt\/produkt\/24-stueck-halloween-schachteln-aus-karton-14-x-81-x-14-cm-fuer-suessigkeiten-oder-leckereien-halloween-geschenkboxen-mit-griff-fuer-gebaeck-kuchen-cupcakes-kekse\/"},"modified":"2023-04-11T04:41:18","modified_gmt":"2023-04-11T02:41:18","slug":"24-stueck-halloween-schachteln-aus-karton-14-x-81-x-14-cm-fuer-suessigkeiten-oder-leckereien-halloween-geschenkboxen-mit-griff-fuer-gebaeck-kuchen-cupcakes-kekse","status":"publish","type":"product","link":"https:\/\/marktxxl.de\/markt\/produkt\/24-stueck-halloween-schachteln-aus-karton-14-x-81-x-14-cm-fuer-suessigkeiten-oder-leckereien-halloween-geschenkboxen-mit-griff-fuer-gebaeck-kuchen-cupcakes-kekse\/","title":{"rendered":"JOYIN 24 St\u00fcck Halloween-Schachteln aus Karton (14 x 8,1 x 14 cm) f\u00fcr S\u00fc\u00dfigkeiten oder Leckereien, Halloween\u2026"},"content":{"rendered":"<p>SUPER-WERTPAKET. Unser Set von Halloween-Keksschachteln umfasst 24 St\u00fcck Schachteln mit Griffen in 8 verschiedenen Designs mit mehreren Zeichen. Gr\u00f6\u00dfe: (15 x 9 x 15 cm).<br \/>\nEINFACH ZU VERWENDEN. Diese Boxen sind super farbenfroh mit lebhaften Charakteren, die aus der Box zu springen scheinen. Diese machen Ihre Leckereien noch spezieller und pr\u00e4sentieren Ihren G\u00e4sten stolz Ihre k\u00f6stlichen Cupcakes, Kekse, Torten, Schokoladenbrownies, Donuts, Tr\u00fcffel, Kekse oder S\u00fc\u00dfigkeiten!<br \/>\nEINZIGARTIG UND FESTLICH. Unser Set aus Halloween-Keksschachteln f\u00fcr S\u00fc\u00dfes oder Saures ist ideal zum Verpacken von Geschenken, Gastgeschenken, zum Austauschen von Geschenken, Dekorieren und mehr! Ihre Freunde und Nachbarn werden die Geste des Schenkens aufgrund dieser farbenfrohen Schachteln sicherlich zu sch\u00e4tzen wissen. Besonders f\u00fcr die Kinder wird es ein unvergesslicher Urlaub.<br \/>\nPREMIUMQUALIT\u00c4T. Kindersicher, ungiftig, BPA-frei. Erf\u00fcllt die EU-Spielzeugnormen. Sicherheitstest genehmigt.<br \/>\nKUNDENZUFRIEDENHEIT. Unseren Kunden ein gro\u00dfartiges Einkaufserlebnis zu bieten, ist unsere oberste Priorit\u00e4t. F\u00fchlen Sie sich frei, uns \u00fcber \u201eVerk\u00e4ufer kontaktieren\u201c zu benachrichtigen, wenn Produkte nicht Ihren Erwartungen entsprechen. Die Feierlichkeiten beginnen bei JOYIN!<br \/>\n<div class=\"main-cross-sell\" data-asin=\"B09899HSNW\">\n\n\t<div class=\"WooZone-cross-sell-loader\">\n\t\t<div>\n\t\t\t<div id=\"floatingBarsG\">\n\t\t\t\t<div class=\"blockG\" id=\"rotateG_01\"><\/div>\n\t\t\t\t<div class=\"blockG\" id=\"rotateG_02\"><\/div>\n\t\t\t\t<div class=\"blockG\" id=\"rotateG_03\"><\/div>\n\t\t\t\t<div class=\"blockG\" id=\"rotateG_04\"><\/div>\n\t\t\t\t<div class=\"blockG\" id=\"rotateG_05\"><\/div>\n\t\t\t\t<div class=\"blockG\" id=\"rotateG_06\"><\/div>\n\t\t\t\t<div class=\"blockG\" id=\"rotateG_07\"><\/div>\n\t\t\t\t<div class=\"blockG\" id=\"rotateG_08\"><\/div>\n\t\t\t<\/div>\n\t\t\t<div class=\"WooZone-cross-sell-loader-text\"><\/div>\n\t\t<\/div>\n\t<\/div>\n\n\t\t\n<\/div>\n<div style=\"clear:both;\"><\/div><\/p>\n","protected":false},"excerpt":{"rendered":"<p>SUPER-WERTPAKET. Unser Set von Halloween-Keksschachteln umfasst 24 St\u00fcck Schachteln mit Griffen in 8 verschiedenen Designs mit mehreren Zeichen. Gr\u00f6\u00dfe: (15 x 9 x 15 cm).<br \/>\nEINFACH ZU VERWENDEN. Diese Boxen sind super farbenfroh mit lebhaften Charakteren, die aus der Box zu springen scheinen. Diese machen Ihre Leckereien noch spezieller und pr\u00e4sentieren Ihren G\u00e4sten stolz Ihre k\u00f6stlichen Cupcakes, Kekse, Torten, Schokoladenbrownies, Donuts, Tr\u00fcffel, Kekse oder S\u00fc\u00dfigkeiten!<br \/>\nEINZIGARTIG UND FESTLICH. Unser Set aus Halloween-Keksschachteln f\u00fcr S\u00fc\u00dfes oder Saures ist ideal zum Verpacken von Geschenken, Gastgeschenken, zum Austauschen von Geschenken, Dekorieren und mehr! Ihre Freunde und Nachbarn werden die Geste des Schenkens aufgrund dieser farbenfrohen Schachteln sicherlich zu sch\u00e4tzen wissen. Besonders f\u00fcr die Kinder wird es ein unvergesslicher Urlaub.<\/p>\n","protected":false},"featured_media":158672,"comment_status":"open","ping_status":"closed","template":"","meta":[],"product_brand":[],"product_cat":[504],"product_tag":[],"class_list":{"0":"post-158671","1":"product","2":"type-product","3":"status-publish","4":"has-post-thumbnail","6":"product_cat-buerobedarf-schreibwaren","7":"pa_brand-joyin","8":"pa_height-1-97-zoll","9":"pa_length-9-29-zoll","10":"pa_manufacturer-joyin-inc","11":"pa_model-43126","12":"pa_width-9-21-zoll","14":"first","15":"instock","16":"shipping-taxable","17":"purchasable","18":"product-type-simple","19":"customify-col","20":"product-has-gallery"},"yoast_head":"<!-- This site is optimized with the Yoast SEO plugin v27.4 - https:\/\/yoast.com\/product\/yoast-seo-wordpress\/ -->\n<title>JOYIN 24 St\u00fcck Halloween-Schachteln aus Karton (14 x 8,1 x 14 cm) f\u00fcr S\u00fc\u00dfigkeiten oder Leckereien, Halloween\u2026 - Markt-XXL<\/title>\n<meta name=\"description\" content=\"Markt-XXL JOYIN 24 St\u00fcck Halloween-Schachteln aus Karton (14 x 8,1 x 14 cm) f\u00fcr S\u00fc\u00dfigkeiten oder Leckereien, Halloween\u2026\" \/>\n<meta name=\"robots\" content=\"index, follow, max-snippet:-1, max-image-preview:large, max-video-preview:-1\" \/>\n<link rel=\"canonical\" href=\"https:\/\/marktxxl.de\/markt\/produkt\/24-stueck-halloween-schachteln-aus-karton-14-x-81-x-14-cm-fuer-suessigkeiten-oder-leckereien-halloween-geschenkboxen-mit-griff-fuer-gebaeck-kuchen-cupcakes-kekse\/\" \/>\n<meta property=\"og:locale\" content=\"de_DE\" \/>\n<meta property=\"og:type\" content=\"article\" \/>\n<meta property=\"og:title\" content=\"JOYIN 24 St\u00fcck Halloween-Schachteln aus Karton (14 x 8,1 x 14 cm) f\u00fcr S\u00fc\u00dfigkeiten oder Leckereien, Halloween\u2026 - Markt-XXL\" \/>\n<meta property=\"og:description\" content=\"Markt-XXL JOYIN 24 St\u00fcck Halloween-Schachteln aus Karton (14 x 8,1 x 14 cm) f\u00fcr S\u00fc\u00dfigkeiten oder Leckereien, Halloween\u2026\" \/>\n<meta property=\"og:url\" content=\"https:\/\/marktxxl.de\/markt\/produkt\/24-stueck-halloween-schachteln-aus-karton-14-x-81-x-14-cm-fuer-suessigkeiten-oder-leckereien-halloween-geschenkboxen-mit-griff-fuer-gebaeck-kuchen-cupcakes-kekse\/\" \/>\n<meta property=\"og:site_name\" content=\"Markt-XXL\" \/>\n<meta property=\"article:modified_time\" content=\"2023-04-11T02:41:18+00:00\" \/>\n<meta property=\"og:image\" content=\"https:\/\/m.media-amazon.com\/images\/I\/51jtulYRMVL._SL500_.jpg\" \/>\n\t<meta property=\"og:image:width\" content=\"500\" \/>\n\t<meta property=\"og:image:height\" content=\"500\" \/>\n\t<meta property=\"og:image:type\" content=\"image\/jpeg\" \/>\n<meta name=\"twitter:card\" content=\"summary_large_image\" \/>\n<meta name=\"twitter:label1\" content=\"Gesch\u00e4tzte Lesezeit\" \/>\n\t<meta name=\"twitter:data1\" content=\"1\u00a0Minute\" \/>\n<script type=\"application\/ld+json\" class=\"yoast-schema-graph\">{\"@context\":\"https:\\\/\\\/schema.org\",\"@graph\":[{\"@type\":\"WebPage\",\"@id\":\"https:\\\/\\\/marktxxl.de\\\/markt\\\/produkt\\\/24-stueck-halloween-schachteln-aus-karton-14-x-81-x-14-cm-fuer-suessigkeiten-oder-leckereien-halloween-geschenkboxen-mit-griff-fuer-gebaeck-kuchen-cupcakes-kekse\\\/\",\"url\":\"https:\\\/\\\/marktxxl.de\\\/markt\\\/produkt\\\/24-stueck-halloween-schachteln-aus-karton-14-x-81-x-14-cm-fuer-suessigkeiten-oder-leckereien-halloween-geschenkboxen-mit-griff-fuer-gebaeck-kuchen-cupcakes-kekse\\\/\",\"name\":\"JOYIN 24 St\u00fcck Halloween-Schachteln aus Karton (14 x 8,1 x 14 cm) f\u00fcr S\u00fc\u00dfigkeiten oder Leckereien, Halloween\u2026 - Markt-XXL\",\"isPartOf\":{\"@id\":\"https:\\\/\\\/marktxxl.de\\\/markt\\\/#website\"},\"primaryImageOfPage\":{\"@id\":\"https:\\\/\\\/marktxxl.de\\\/markt\\\/produkt\\\/24-stueck-halloween-schachteln-aus-karton-14-x-81-x-14-cm-fuer-suessigkeiten-oder-leckereien-halloween-geschenkboxen-mit-griff-fuer-gebaeck-kuchen-cupcakes-kekse\\\/#primaryimage\"},\"image\":{\"@id\":\"https:\\\/\\\/marktxxl.de\\\/markt\\\/produkt\\\/24-stueck-halloween-schachteln-aus-karton-14-x-81-x-14-cm-fuer-suessigkeiten-oder-leckereien-halloween-geschenkboxen-mit-griff-fuer-gebaeck-kuchen-cupcakes-kekse\\\/#primaryimage\"},\"thumbnailUrl\":\"https:\\\/\\\/m.media-amazon.com\\\/images\\\/I\\\/51jtulYRMVL._SL500_.jpg\",\"datePublished\":\"2022-10-12T03:32:06+00:00\",\"dateModified\":\"2023-04-11T02:41:18+00:00\",\"description\":\"Markt-XXL JOYIN 24 St\u00fcck Halloween-Schachteln aus Karton (14 x 8,1 x 14 cm) f\u00fcr S\u00fc\u00dfigkeiten oder Leckereien, Halloween\u2026\",\"breadcrumb\":{\"@id\":\"https:\\\/\\\/marktxxl.de\\\/markt\\\/produkt\\\/24-stueck-halloween-schachteln-aus-karton-14-x-81-x-14-cm-fuer-suessigkeiten-oder-leckereien-halloween-geschenkboxen-mit-griff-fuer-gebaeck-kuchen-cupcakes-kekse\\\/#breadcrumb\"},\"inLanguage\":\"de\",\"potentialAction\":[{\"@type\":\"ReadAction\",\"target\":[\"https:\\\/\\\/marktxxl.de\\\/markt\\\/produkt\\\/24-stueck-halloween-schachteln-aus-karton-14-x-81-x-14-cm-fuer-suessigkeiten-oder-leckereien-halloween-geschenkboxen-mit-griff-fuer-gebaeck-kuchen-cupcakes-kekse\\\/\"]}]},{\"@type\":\"ImageObject\",\"inLanguage\":\"de\",\"@id\":\"https:\\\/\\\/marktxxl.de\\\/markt\\\/produkt\\\/24-stueck-halloween-schachteln-aus-karton-14-x-81-x-14-cm-fuer-suessigkeiten-oder-leckereien-halloween-geschenkboxen-mit-griff-fuer-gebaeck-kuchen-cupcakes-kekse\\\/#primaryimage\",\"url\":\"https:\\\/\\\/m.media-amazon.com\\\/images\\\/I\\\/51jtulYRMVL._SL500_.jpg\",\"contentUrl\":\"https:\\\/\\\/m.media-amazon.com\\\/images\\\/I\\\/51jtulYRMVL._SL500_.jpg\",\"width\":500,\"height\":500},{\"@type\":\"BreadcrumbList\",\"@id\":\"https:\\\/\\\/marktxxl.de\\\/markt\\\/produkt\\\/24-stueck-halloween-schachteln-aus-karton-14-x-81-x-14-cm-fuer-suessigkeiten-oder-leckereien-halloween-geschenkboxen-mit-griff-fuer-gebaeck-kuchen-cupcakes-kekse\\\/#breadcrumb\",\"itemListElement\":[{\"@type\":\"ListItem\",\"position\":1,\"name\":\"Startseite\",\"item\":\"https:\\\/\\\/marktxxl.de\\\/markt\\\/\"},{\"@type\":\"ListItem\",\"position\":2,\"name\":\"Markt\",\"item\":\"https:\\\/\\\/marktxxl.de\\\/markt\\\/\"},{\"@type\":\"ListItem\",\"position\":3,\"name\":\"JOYIN 24 St\u00fcck Halloween-Schachteln aus Karton (14 x 8,1 x 14 cm) f\u00fcr S\u00fc\u00dfigkeiten oder Leckereien, Halloween\u2026\"}]},{\"@type\":\"WebSite\",\"@id\":\"https:\\\/\\\/marktxxl.de\\\/markt\\\/#website\",\"url\":\"https:\\\/\\\/marktxxl.de\\\/markt\\\/\",\"name\":\"Markt-XXL\",\"description\":\"Ihr Markt Online\",\"publisher\":{\"@id\":\"https:\\\/\\\/marktxxl.de\\\/markt\\\/#organization\"},\"potentialAction\":[{\"@type\":\"SearchAction\",\"target\":{\"@type\":\"EntryPoint\",\"urlTemplate\":\"https:\\\/\\\/marktxxl.de\\\/markt\\\/?s={search_term_string}\"},\"query-input\":{\"@type\":\"PropertyValueSpecification\",\"valueRequired\":true,\"valueName\":\"search_term_string\"}}],\"inLanguage\":\"de\"},{\"@type\":\"Organization\",\"@id\":\"https:\\\/\\\/marktxxl.de\\\/markt\\\/#organization\",\"name\":\"Markt-XXL\",\"url\":\"https:\\\/\\\/marktxxl.de\\\/markt\\\/\",\"logo\":{\"@type\":\"ImageObject\",\"inLanguage\":\"de\",\"@id\":\"https:\\\/\\\/marktxxl.de\\\/markt\\\/#\\\/schema\\\/logo\\\/image\\\/\",\"url\":\"https:\\\/\\\/marktxxl.de\\\/markt\\\/wp-content\\\/uploads\\\/sites\\\/3\\\/2020\\\/12\\\/logo.png\",\"contentUrl\":\"https:\\\/\\\/marktxxl.de\\\/markt\\\/wp-content\\\/uploads\\\/sites\\\/3\\\/2020\\\/12\\\/logo.png\",\"width\":200,\"height\":70,\"caption\":\"Markt-XXL\"},\"image\":{\"@id\":\"https:\\\/\\\/marktxxl.de\\\/markt\\\/#\\\/schema\\\/logo\\\/image\\\/\"}}]}<\/script>\n<!-- \/ Yoast SEO plugin. -->","yoast_head_json":{"title":"JOYIN 24 St\u00fcck Halloween-Schachteln aus Karton (14 x 8,1 x 14 cm) f\u00fcr S\u00fc\u00dfigkeiten oder Leckereien, Halloween\u2026 - Markt-XXL","description":"Markt-XXL JOYIN 24 St\u00fcck Halloween-Schachteln aus Karton (14 x 8,1 x 14 cm) f\u00fcr S\u00fc\u00dfigkeiten oder Leckereien, Halloween\u2026","robots":{"index":"index","follow":"follow","max-snippet":"max-snippet:-1","max-image-preview":"max-image-preview:large","max-video-preview":"max-video-preview:-1"},"canonical":"https:\/\/marktxxl.de\/markt\/produkt\/24-stueck-halloween-schachteln-aus-karton-14-x-81-x-14-cm-fuer-suessigkeiten-oder-leckereien-halloween-geschenkboxen-mit-griff-fuer-gebaeck-kuchen-cupcakes-kekse\/","og_locale":"de_DE","og_type":"article","og_title":"JOYIN 24 St\u00fcck Halloween-Schachteln aus Karton (14 x 8,1 x 14 cm) f\u00fcr S\u00fc\u00dfigkeiten oder Leckereien, Halloween\u2026 - Markt-XXL","og_description":"Markt-XXL JOYIN 24 St\u00fcck Halloween-Schachteln aus Karton (14 x 8,1 x 14 cm) f\u00fcr S\u00fc\u00dfigkeiten oder Leckereien, Halloween\u2026","og_url":"https:\/\/marktxxl.de\/markt\/produkt\/24-stueck-halloween-schachteln-aus-karton-14-x-81-x-14-cm-fuer-suessigkeiten-oder-leckereien-halloween-geschenkboxen-mit-griff-fuer-gebaeck-kuchen-cupcakes-kekse\/","og_site_name":"Markt-XXL","article_modified_time":"2023-04-11T02:41:18+00:00","og_image":[{"width":500,"height":500,"url":"https:\/\/m.media-amazon.com\/images\/I\/51jtulYRMVL._SL500_.jpg","type":"image\/jpeg"}],"twitter_card":"summary_large_image","twitter_misc":{"Gesch\u00e4tzte Lesezeit":"1\u00a0Minute"},"schema":{"@context":"https:\/\/schema.org","@graph":[{"@type":"WebPage","@id":"https:\/\/marktxxl.de\/markt\/produkt\/24-stueck-halloween-schachteln-aus-karton-14-x-81-x-14-cm-fuer-suessigkeiten-oder-leckereien-halloween-geschenkboxen-mit-griff-fuer-gebaeck-kuchen-cupcakes-kekse\/","url":"https:\/\/marktxxl.de\/markt\/produkt\/24-stueck-halloween-schachteln-aus-karton-14-x-81-x-14-cm-fuer-suessigkeiten-oder-leckereien-halloween-geschenkboxen-mit-griff-fuer-gebaeck-kuchen-cupcakes-kekse\/","name":"JOYIN 24 St\u00fcck Halloween-Schachteln aus Karton (14 x 8,1 x 14 cm) f\u00fcr S\u00fc\u00dfigkeiten oder Leckereien, Halloween\u2026 - Markt-XXL","isPartOf":{"@id":"https:\/\/marktxxl.de\/markt\/#website"},"primaryImageOfPage":{"@id":"https:\/\/marktxxl.de\/markt\/produkt\/24-stueck-halloween-schachteln-aus-karton-14-x-81-x-14-cm-fuer-suessigkeiten-oder-leckereien-halloween-geschenkboxen-mit-griff-fuer-gebaeck-kuchen-cupcakes-kekse\/#primaryimage"},"image":{"@id":"https:\/\/marktxxl.de\/markt\/produkt\/24-stueck-halloween-schachteln-aus-karton-14-x-81-x-14-cm-fuer-suessigkeiten-oder-leckereien-halloween-geschenkboxen-mit-griff-fuer-gebaeck-kuchen-cupcakes-kekse\/#primaryimage"},"thumbnailUrl":"https:\/\/m.media-amazon.com\/images\/I\/51jtulYRMVL._SL500_.jpg","datePublished":"2022-10-12T03:32:06+00:00","dateModified":"2023-04-11T02:41:18+00:00","description":"Markt-XXL JOYIN 24 St\u00fcck Halloween-Schachteln aus Karton (14 x 8,1 x 14 cm) f\u00fcr S\u00fc\u00dfigkeiten oder Leckereien, Halloween\u2026","breadcrumb":{"@id":"https:\/\/marktxxl.de\/markt\/produkt\/24-stueck-halloween-schachteln-aus-karton-14-x-81-x-14-cm-fuer-suessigkeiten-oder-leckereien-halloween-geschenkboxen-mit-griff-fuer-gebaeck-kuchen-cupcakes-kekse\/#breadcrumb"},"inLanguage":"de","potentialAction":[{"@type":"ReadAction","target":["https:\/\/marktxxl.de\/markt\/produkt\/24-stueck-halloween-schachteln-aus-karton-14-x-81-x-14-cm-fuer-suessigkeiten-oder-leckereien-halloween-geschenkboxen-mit-griff-fuer-gebaeck-kuchen-cupcakes-kekse\/"]}]},{"@type":"ImageObject","inLanguage":"de","@id":"https:\/\/marktxxl.de\/markt\/produkt\/24-stueck-halloween-schachteln-aus-karton-14-x-81-x-14-cm-fuer-suessigkeiten-oder-leckereien-halloween-geschenkboxen-mit-griff-fuer-gebaeck-kuchen-cupcakes-kekse\/#primaryimage","url":"https:\/\/m.media-amazon.com\/images\/I\/51jtulYRMVL._SL500_.jpg","contentUrl":"https:\/\/m.media-amazon.com\/images\/I\/51jtulYRMVL._SL500_.jpg","width":500,"height":500},{"@type":"BreadcrumbList","@id":"https:\/\/marktxxl.de\/markt\/produkt\/24-stueck-halloween-schachteln-aus-karton-14-x-81-x-14-cm-fuer-suessigkeiten-oder-leckereien-halloween-geschenkboxen-mit-griff-fuer-gebaeck-kuchen-cupcakes-kekse\/#breadcrumb","itemListElement":[{"@type":"ListItem","position":1,"name":"Startseite","item":"https:\/\/marktxxl.de\/markt\/"},{"@type":"ListItem","position":2,"name":"Markt","item":"https:\/\/marktxxl.de\/markt\/"},{"@type":"ListItem","position":3,"name":"JOYIN 24 St\u00fcck Halloween-Schachteln aus Karton (14 x 8,1 x 14 cm) f\u00fcr S\u00fc\u00dfigkeiten oder Leckereien, Halloween\u2026"}]},{"@type":"WebSite","@id":"https:\/\/marktxxl.de\/markt\/#website","url":"https:\/\/marktxxl.de\/markt\/","name":"Markt-XXL","description":"Ihr Markt Online","publisher":{"@id":"https:\/\/marktxxl.de\/markt\/#organization"},"potentialAction":[{"@type":"SearchAction","target":{"@type":"EntryPoint","urlTemplate":"https:\/\/marktxxl.de\/markt\/?s={search_term_string}"},"query-input":{"@type":"PropertyValueSpecification","valueRequired":true,"valueName":"search_term_string"}}],"inLanguage":"de"},{"@type":"Organization","@id":"https:\/\/marktxxl.de\/markt\/#organization","name":"Markt-XXL","url":"https:\/\/marktxxl.de\/markt\/","logo":{"@type":"ImageObject","inLanguage":"de","@id":"https:\/\/marktxxl.de\/markt\/#\/schema\/logo\/image\/","url":"https:\/\/marktxxl.de\/markt\/wp-content\/uploads\/sites\/3\/2020\/12\/logo.png","contentUrl":"https:\/\/marktxxl.de\/markt\/wp-content\/uploads\/sites\/3\/2020\/12\/logo.png","width":200,"height":70,"caption":"Markt-XXL"},"image":{"@id":"https:\/\/marktxxl.de\/markt\/#\/schema\/logo\/image\/"}}]}},"_links":{"self":[{"href":"https:\/\/marktxxl.de\/markt\/wp-json\/wp\/v2\/product\/158671","targetHints":{"allow":["GET"]}}],"collection":[{"href":"https:\/\/marktxxl.de\/markt\/wp-json\/wp\/v2\/product"}],"about":[{"href":"https:\/\/marktxxl.de\/markt\/wp-json\/wp\/v2\/types\/product"}],"replies":[{"embeddable":true,"href":"https:\/\/marktxxl.de\/markt\/wp-json\/wp\/v2\/comments?post=158671"}],"wp:featuredmedia":[{"embeddable":true,"href":"https:\/\/marktxxl.de\/markt\/wp-json\/wp\/v2\/media\/158672"}],"wp:attachment":[{"href":"https:\/\/marktxxl.de\/markt\/wp-json\/wp\/v2\/media?parent=158671"}],"wp:term":[{"taxonomy":"product_brand","embeddable":true,"href":"https:\/\/marktxxl.de\/markt\/wp-json\/wp\/v2\/product_brand?post=158671"},{"taxonomy":"product_cat","embeddable":true,"href":"https:\/\/marktxxl.de\/markt\/wp-json\/wp\/v2\/product_cat?post=158671"},{"taxonomy":"product_tag","embeddable":true,"href":"https:\/\/marktxxl.de\/markt\/wp-json\/wp\/v2\/product_tag?post=158671"}],"curies":[{"name":"wp","href":"https:\/\/api.w.org\/{rel}","templated":true}]}}