{"id":158607,"date":"2022-10-12T05:29:14","date_gmt":"2022-10-12T03:29:14","guid":{"rendered":"https:\/\/marktxxl.de\/markt\/produkt\/lichterkette-aussen-20m-200led-voolex-weihnachten-lichterkette-innen-warmweiss-und-bunt-dimmbar-16-modi-beleuchtung-mit-fernbedienung-timer-strom-fuer-weihnachtsbeleuchtung-haus-party-garten\/"},"modified":"2023-04-11T04:41:17","modified_gmt":"2023-04-11T02:41:17","slug":"lichterkette-aussen-20m-200led-voolex-weihnachten-lichterkette-innen-warmweiss-und-bunt-dimmbar-16-modi-beleuchtung-mit-fernbedienung-timer-strom-fuer-weihnachtsbeleuchtung-haus-party-garten","status":"publish","type":"product","link":"https:\/\/marktxxl.de\/markt\/produkt\/lichterkette-aussen-20m-200led-voolex-weihnachten-lichterkette-innen-warmweiss-und-bunt-dimmbar-16-modi-beleuchtung-mit-fernbedienung-timer-strom-fuer-weihnachtsbeleuchtung-haus-party-garten\/","title":{"rendered":"Voolex Lichterkette Au\u00dfen 20M 200Led, Weihnachten Lichterkette Innen Warmwei\u00df und Bunt Dimmbar, 16 Modi Beleuchtung mit\u2026"},"content":{"rendered":"<p>\ud83d\udca1\u3010Led Lichterkette Au\u00dfen 20M mit musikalischem Rhythmusmodus\u3011Die Voolex-Lichterketten verf\u00fcgt \u00fcber einen innovativen neuen Lichtmodus &#8211; den Musik-Rhythmus-Modus. Wenn Sie den Musik-Rhythmus-Modus einschalten, blinkt das Lichterketten im Rhythmus der Musik in der N\u00e4he, was die Atmosph\u00e4re auf einer Party oder die Romantik beim Musikh\u00f6ren zu Hause erheblich verbessert. Derzeit gibt es 3 verschiedene Rhythmus-Modi, so dass Sie je nach Stimmung und Anlass den richtigen ausw\u00e4hlen k\u00f6nnen.<br \/>\n\ud83d\udca1\u301016 Beleuchtungsmodi &amp; 4 Helligkeitsstufen\u3011 Im Gegensatz zu anderen Lichterkette 20m bunt innen verf\u00fcgt die Voolex-Lichterketten Aussen 20M \u00fcber 16 verschiedene Betriebsmodi (4 Konstantlichtmodi + 12 Blinkmodi), Um Ihren Bed\u00fcrfnissen f\u00fcr verschiedene Anl\u00e4sse und Stimmungen wie Familienessen, Partys, Hochzeit, G\u00e4rten und Weihnachten dekorationen gerecht zu werden. 4 Helligkeitsstufen sind f\u00fcr die individuelle Anpassung verf\u00fcgbar\uff1a 100%, 75%, 50%, 25%.<br \/>\n\ud83d\udca1\u3010Lichterkette party Au\u00dfen 20m mit Fernbedienung &amp; Timer-Funktion &amp; Memory-Funktion\u3011Die Lichterkette Au\u00dfen Weihnachten hat 3 Timer-Tasten: &#8220;6H&#8221; (6 Stunden an &#8211; 18 Stunden aus); &#8220;8H&#8221; (8 Stunden an &#8211; 16 Stunden aus); &#8220;6639H&#8221; (6 Stunden an &#8211; 6 Stunden aus &#8211; 3 Stunden an &#8211; 9 Stunden aus). Wenn Sie das Ger\u00e4t ausschalten, speichert der eingebaute Speicherchip automatisch die letzte Moduseinstellung. Dr\u00fccken Sie &#8220;Timer aus&#8221;, um diese Funktion zu deaktivieren.<br \/>\n\ud83d\udca1\u3010Warmwei\u00dfes &amp; Farbiges Wasserdichtes Lichterketten f\u00fcr Aussen IP44\u3011Dank der hochwertigen Materialien und der guten Verarbeitung funktioniert diese Outdoor Lichterkette auch bei leichtem Regen im Freien (bitte beachten Sie, dass der Stecker nicht wasserdicht ist) , so dass sie sowohl f\u00fcr den Innen- als auch f\u00fcr den Au\u00dfenbereich geeignet ist. So k\u00f6nnen Sie es an vielen Orten oder Feiertagen wie Terrasse, Balkon, Garten, Party, Hochzeit, Familie, Weihnachten, Valentinstag, Halloween, etc.<br \/>\n\ud83d\udca1\u3010Ausgezeichneter Service und 12 Monate Garantie\u3011 Unser Team ist hier, um Sie besser zu bedienen. Wenn Sie Fragen zu Ihrer Lichterkette haben, k\u00f6nnen Sie uns gerne kontaktieren. Wir bieten einen 24-Stunden-Online-Zufriedenheitsservice mit voller R\u00fcckerstattung und Ersatz.<br \/>\n<div class=\"main-cross-sell\" data-asin=\"B09WZXVCY1\">\n\n\t<div class=\"WooZone-cross-sell-loader\">\n\t\t<div>\n\t\t\t<div id=\"floatingBarsG\">\n\t\t\t\t<div class=\"blockG\" id=\"rotateG_01\"><\/div>\n\t\t\t\t<div class=\"blockG\" id=\"rotateG_02\"><\/div>\n\t\t\t\t<div class=\"blockG\" id=\"rotateG_03\"><\/div>\n\t\t\t\t<div class=\"blockG\" id=\"rotateG_04\"><\/div>\n\t\t\t\t<div class=\"blockG\" id=\"rotateG_05\"><\/div>\n\t\t\t\t<div class=\"blockG\" id=\"rotateG_06\"><\/div>\n\t\t\t\t<div class=\"blockG\" id=\"rotateG_07\"><\/div>\n\t\t\t\t<div class=\"blockG\" id=\"rotateG_08\"><\/div>\n\t\t\t<\/div>\n\t\t\t<div class=\"WooZone-cross-sell-loader-text\"><\/div>\n\t\t<\/div>\n\t<\/div>\n\n\t\t\n<\/div>\n<div style=\"clear:both;\"><\/div><\/p>\n","protected":false},"excerpt":{"rendered":"<p>\ud83d\udca1\u3010Led Lichterkette Au\u00dfen 20M mit musikalischem Rhythmusmodus\u3011Die Voolex-Lichterketten verf\u00fcgt \u00fcber einen innovativen neuen Lichtmodus &#8211; den Musik-Rhythmus-Modus. Wenn Sie den Musik-Rhythmus-Modus einschalten, blinkt das Lichterketten im Rhythmus der Musik in der N\u00e4he, was die Atmosph\u00e4re auf einer Party oder die Romantik beim Musikh\u00f6ren zu Hause erheblich verbessert. Derzeit gibt es 3 verschiedene Rhythmus-Modi, so dass Sie je nach Stimmung und Anlass den richtigen ausw\u00e4hlen k\u00f6nnen.<br \/>\n\ud83d\udca1\u301016 Beleuchtungsmodi &amp; 4 Helligkeitsstufen\u3011 Im Gegensatz zu anderen Lichterkette 20m bunt innen verf\u00fcgt die Voolex-Lichterketten Aussen 20M \u00fcber 16 verschiedene Betriebsmodi (4 Konstantlichtmodi + 12 Blinkmodi), Um Ihren Bed\u00fcrfnissen f\u00fcr verschiedene Anl\u00e4sse und Stimmungen wie Familienessen, Partys, Hochzeit, G\u00e4rten und Weihnachten dekorationen gerecht zu werden. 4 Helligkeitsstufen sind f\u00fcr die individuelle Anpassung verf\u00fcgbar\uff1a 100%, 75%, 50%, 25%.<br \/>\n\ud83d\udca1\u3010Lichterkette party Au\u00dfen 20m mit Fernbedienung &amp; Timer-Funktion &amp; Memory-Funktion\u3011Die Lichterkette Au\u00dfen Weihnachten hat 3 Timer-Tasten: &#8220;6H&#8221; (6 Stunden an &#8211; 18 Stunden aus); &#8220;8H&#8221; (8 Stunden an &#8211; 16 Stunden aus); &#8220;6639H&#8221; (6 Stunden an &#8211; 6 Stunden aus &#8211; 3 Stunden an &#8211; 9 Stunden aus). Wenn Sie das Ger\u00e4t ausschalten, speichert der eingebaute Speicherchip automatisch die letzte Moduseinstellung. Dr\u00fccken Sie &#8220;Timer aus&#8221;, um diese Funktion zu deaktivieren.<\/p>\n","protected":false},"featured_media":158608,"comment_status":"open","ping_status":"closed","template":"","meta":[],"product_brand":[],"product_cat":[2108,15624],"product_tag":[],"class_list":{"0":"post-158607","1":"product","2":"type-product","3":"status-publish","4":"has-post-thumbnail","6":"product_cat-beleuchtung","7":"product_cat-weihnachtsbeleuchtung","8":"pa_brand-voolex","9":"pa_height-0-11811-zoll","10":"pa_languages-unbekannt-maharati","11":"pa_length-984-25-zoll","12":"pa_manufacturer-voolex","13":"pa_model-ledy-200","14":"pa_size-20m200ledsstimmenkontrolle","15":"pa_width-0-11811-zoll","17":"first","18":"instock","19":"shipping-taxable","20":"purchasable","21":"product-type-simple","22":"customify-col","23":"product-has-gallery"},"yoast_head":"<!-- This site is optimized with the Yoast SEO plugin v27.4 - https:\/\/yoast.com\/product\/yoast-seo-wordpress\/ -->\n<title>Voolex Lichterkette Au\u00dfen 20M 200Led, Weihnachten Lichterkette Innen Warmwei\u00df und Bunt Dimmbar, 16 Modi Beleuchtung mit\u2026 - Markt-XXL<\/title>\n<meta name=\"description\" content=\"Markt-XXL Voolex Lichterkette Au\u00dfen 20M 200Led, Weihnachten Lichterkette Innen Warmwei\u00df und Bunt Dimmbar, 16 Modi Beleuchtung mit\u2026\" \/>\n<meta name=\"robots\" content=\"index, follow, max-snippet:-1, max-image-preview:large, max-video-preview:-1\" \/>\n<link rel=\"canonical\" href=\"https:\/\/marktxxl.de\/markt\/produkt\/lichterkette-aussen-20m-200led-voolex-weihnachten-lichterkette-innen-warmweiss-und-bunt-dimmbar-16-modi-beleuchtung-mit-fernbedienung-timer-strom-fuer-weihnachtsbeleuchtung-haus-party-garten\/\" \/>\n<meta property=\"og:locale\" content=\"de_DE\" \/>\n<meta property=\"og:type\" content=\"article\" \/>\n<meta property=\"og:title\" content=\"Voolex Lichterkette Au\u00dfen 20M 200Led, Weihnachten Lichterkette Innen Warmwei\u00df und Bunt Dimmbar, 16 Modi Beleuchtung mit\u2026 - Markt-XXL\" \/>\n<meta property=\"og:description\" content=\"Markt-XXL Voolex Lichterkette Au\u00dfen 20M 200Led, Weihnachten Lichterkette Innen Warmwei\u00df und Bunt Dimmbar, 16 Modi Beleuchtung mit\u2026\" \/>\n<meta property=\"og:url\" content=\"https:\/\/marktxxl.de\/markt\/produkt\/lichterkette-aussen-20m-200led-voolex-weihnachten-lichterkette-innen-warmweiss-und-bunt-dimmbar-16-modi-beleuchtung-mit-fernbedienung-timer-strom-fuer-weihnachtsbeleuchtung-haus-party-garten\/\" \/>\n<meta property=\"og:site_name\" content=\"Markt-XXL\" \/>\n<meta property=\"article:modified_time\" content=\"2023-04-11T02:41:17+00:00\" \/>\n<meta property=\"og:image\" content=\"https:\/\/m.media-amazon.com\/images\/I\/51dmgB+G3BL._SL500_.jpg\" \/>\n\t<meta property=\"og:image:width\" content=\"500\" \/>\n\t<meta property=\"og:image:height\" content=\"500\" \/>\n\t<meta property=\"og:image:type\" content=\"image\/jpeg\" \/>\n<meta name=\"twitter:card\" content=\"summary_large_image\" \/>\n<meta name=\"twitter:label1\" content=\"Gesch\u00e4tzte Lesezeit\" \/>\n\t<meta name=\"twitter:data1\" content=\"2\u00a0Minuten\" \/>\n<script type=\"application\/ld+json\" class=\"yoast-schema-graph\">{\"@context\":\"https:\\\/\\\/schema.org\",\"@graph\":[{\"@type\":\"WebPage\",\"@id\":\"https:\\\/\\\/marktxxl.de\\\/markt\\\/produkt\\\/lichterkette-aussen-20m-200led-voolex-weihnachten-lichterkette-innen-warmweiss-und-bunt-dimmbar-16-modi-beleuchtung-mit-fernbedienung-timer-strom-fuer-weihnachtsbeleuchtung-haus-party-garten\\\/\",\"url\":\"https:\\\/\\\/marktxxl.de\\\/markt\\\/produkt\\\/lichterkette-aussen-20m-200led-voolex-weihnachten-lichterkette-innen-warmweiss-und-bunt-dimmbar-16-modi-beleuchtung-mit-fernbedienung-timer-strom-fuer-weihnachtsbeleuchtung-haus-party-garten\\\/\",\"name\":\"Voolex Lichterkette Au\u00dfen 20M 200Led, Weihnachten Lichterkette Innen Warmwei\u00df und Bunt Dimmbar, 16 Modi Beleuchtung mit\u2026 - Markt-XXL\",\"isPartOf\":{\"@id\":\"https:\\\/\\\/marktxxl.de\\\/markt\\\/#website\"},\"primaryImageOfPage\":{\"@id\":\"https:\\\/\\\/marktxxl.de\\\/markt\\\/produkt\\\/lichterkette-aussen-20m-200led-voolex-weihnachten-lichterkette-innen-warmweiss-und-bunt-dimmbar-16-modi-beleuchtung-mit-fernbedienung-timer-strom-fuer-weihnachtsbeleuchtung-haus-party-garten\\\/#primaryimage\"},\"image\":{\"@id\":\"https:\\\/\\\/marktxxl.de\\\/markt\\\/produkt\\\/lichterkette-aussen-20m-200led-voolex-weihnachten-lichterkette-innen-warmweiss-und-bunt-dimmbar-16-modi-beleuchtung-mit-fernbedienung-timer-strom-fuer-weihnachtsbeleuchtung-haus-party-garten\\\/#primaryimage\"},\"thumbnailUrl\":\"https:\\\/\\\/m.media-amazon.com\\\/images\\\/I\\\/51dmgB+G3BL._SL500_.jpg\",\"datePublished\":\"2022-10-12T03:29:14+00:00\",\"dateModified\":\"2023-04-11T02:41:17+00:00\",\"description\":\"Markt-XXL Voolex Lichterkette Au\u00dfen 20M 200Led, Weihnachten Lichterkette Innen Warmwei\u00df und Bunt Dimmbar, 16 Modi Beleuchtung mit\u2026\",\"breadcrumb\":{\"@id\":\"https:\\\/\\\/marktxxl.de\\\/markt\\\/produkt\\\/lichterkette-aussen-20m-200led-voolex-weihnachten-lichterkette-innen-warmweiss-und-bunt-dimmbar-16-modi-beleuchtung-mit-fernbedienung-timer-strom-fuer-weihnachtsbeleuchtung-haus-party-garten\\\/#breadcrumb\"},\"inLanguage\":\"de\",\"potentialAction\":[{\"@type\":\"ReadAction\",\"target\":[\"https:\\\/\\\/marktxxl.de\\\/markt\\\/produkt\\\/lichterkette-aussen-20m-200led-voolex-weihnachten-lichterkette-innen-warmweiss-und-bunt-dimmbar-16-modi-beleuchtung-mit-fernbedienung-timer-strom-fuer-weihnachtsbeleuchtung-haus-party-garten\\\/\"]}]},{\"@type\":\"ImageObject\",\"inLanguage\":\"de\",\"@id\":\"https:\\\/\\\/marktxxl.de\\\/markt\\\/produkt\\\/lichterkette-aussen-20m-200led-voolex-weihnachten-lichterkette-innen-warmweiss-und-bunt-dimmbar-16-modi-beleuchtung-mit-fernbedienung-timer-strom-fuer-weihnachtsbeleuchtung-haus-party-garten\\\/#primaryimage\",\"url\":\"https:\\\/\\\/m.media-amazon.com\\\/images\\\/I\\\/51dmgB+G3BL._SL500_.jpg\",\"contentUrl\":\"https:\\\/\\\/m.media-amazon.com\\\/images\\\/I\\\/51dmgB+G3BL._SL500_.jpg\",\"width\":500,\"height\":500},{\"@type\":\"BreadcrumbList\",\"@id\":\"https:\\\/\\\/marktxxl.de\\\/markt\\\/produkt\\\/lichterkette-aussen-20m-200led-voolex-weihnachten-lichterkette-innen-warmweiss-und-bunt-dimmbar-16-modi-beleuchtung-mit-fernbedienung-timer-strom-fuer-weihnachtsbeleuchtung-haus-party-garten\\\/#breadcrumb\",\"itemListElement\":[{\"@type\":\"ListItem\",\"position\":1,\"name\":\"Startseite\",\"item\":\"https:\\\/\\\/marktxxl.de\\\/markt\\\/\"},{\"@type\":\"ListItem\",\"position\":2,\"name\":\"Markt\",\"item\":\"https:\\\/\\\/marktxxl.de\\\/markt\\\/\"},{\"@type\":\"ListItem\",\"position\":3,\"name\":\"Voolex Lichterkette Au\u00dfen 20M 200Led, Weihnachten Lichterkette Innen Warmwei\u00df und Bunt Dimmbar, 16 Modi Beleuchtung mit\u2026\"}]},{\"@type\":\"WebSite\",\"@id\":\"https:\\\/\\\/marktxxl.de\\\/markt\\\/#website\",\"url\":\"https:\\\/\\\/marktxxl.de\\\/markt\\\/\",\"name\":\"Markt-XXL\",\"description\":\"Ihr Markt Online\",\"publisher\":{\"@id\":\"https:\\\/\\\/marktxxl.de\\\/markt\\\/#organization\"},\"potentialAction\":[{\"@type\":\"SearchAction\",\"target\":{\"@type\":\"EntryPoint\",\"urlTemplate\":\"https:\\\/\\\/marktxxl.de\\\/markt\\\/?s={search_term_string}\"},\"query-input\":{\"@type\":\"PropertyValueSpecification\",\"valueRequired\":true,\"valueName\":\"search_term_string\"}}],\"inLanguage\":\"de\"},{\"@type\":\"Organization\",\"@id\":\"https:\\\/\\\/marktxxl.de\\\/markt\\\/#organization\",\"name\":\"Markt-XXL\",\"url\":\"https:\\\/\\\/marktxxl.de\\\/markt\\\/\",\"logo\":{\"@type\":\"ImageObject\",\"inLanguage\":\"de\",\"@id\":\"https:\\\/\\\/marktxxl.de\\\/markt\\\/#\\\/schema\\\/logo\\\/image\\\/\",\"url\":\"https:\\\/\\\/marktxxl.de\\\/markt\\\/wp-content\\\/uploads\\\/sites\\\/3\\\/2020\\\/12\\\/logo.png\",\"contentUrl\":\"https:\\\/\\\/marktxxl.de\\\/markt\\\/wp-content\\\/uploads\\\/sites\\\/3\\\/2020\\\/12\\\/logo.png\",\"width\":200,\"height\":70,\"caption\":\"Markt-XXL\"},\"image\":{\"@id\":\"https:\\\/\\\/marktxxl.de\\\/markt\\\/#\\\/schema\\\/logo\\\/image\\\/\"}}]}<\/script>\n<!-- \/ Yoast SEO plugin. -->","yoast_head_json":{"title":"Voolex Lichterkette Au\u00dfen 20M 200Led, Weihnachten Lichterkette Innen Warmwei\u00df und Bunt Dimmbar, 16 Modi Beleuchtung mit\u2026 - Markt-XXL","description":"Markt-XXL Voolex Lichterkette Au\u00dfen 20M 200Led, Weihnachten Lichterkette Innen Warmwei\u00df und Bunt Dimmbar, 16 Modi Beleuchtung mit\u2026","robots":{"index":"index","follow":"follow","max-snippet":"max-snippet:-1","max-image-preview":"max-image-preview:large","max-video-preview":"max-video-preview:-1"},"canonical":"https:\/\/marktxxl.de\/markt\/produkt\/lichterkette-aussen-20m-200led-voolex-weihnachten-lichterkette-innen-warmweiss-und-bunt-dimmbar-16-modi-beleuchtung-mit-fernbedienung-timer-strom-fuer-weihnachtsbeleuchtung-haus-party-garten\/","og_locale":"de_DE","og_type":"article","og_title":"Voolex Lichterkette Au\u00dfen 20M 200Led, Weihnachten Lichterkette Innen Warmwei\u00df und Bunt Dimmbar, 16 Modi Beleuchtung mit\u2026 - Markt-XXL","og_description":"Markt-XXL Voolex Lichterkette Au\u00dfen 20M 200Led, Weihnachten Lichterkette Innen Warmwei\u00df und Bunt Dimmbar, 16 Modi Beleuchtung mit\u2026","og_url":"https:\/\/marktxxl.de\/markt\/produkt\/lichterkette-aussen-20m-200led-voolex-weihnachten-lichterkette-innen-warmweiss-und-bunt-dimmbar-16-modi-beleuchtung-mit-fernbedienung-timer-strom-fuer-weihnachtsbeleuchtung-haus-party-garten\/","og_site_name":"Markt-XXL","article_modified_time":"2023-04-11T02:41:17+00:00","og_image":[{"width":500,"height":500,"url":"https:\/\/m.media-amazon.com\/images\/I\/51dmgB+G3BL._SL500_.jpg","type":"image\/jpeg"}],"twitter_card":"summary_large_image","twitter_misc":{"Gesch\u00e4tzte Lesezeit":"2\u00a0Minuten"},"schema":{"@context":"https:\/\/schema.org","@graph":[{"@type":"WebPage","@id":"https:\/\/marktxxl.de\/markt\/produkt\/lichterkette-aussen-20m-200led-voolex-weihnachten-lichterkette-innen-warmweiss-und-bunt-dimmbar-16-modi-beleuchtung-mit-fernbedienung-timer-strom-fuer-weihnachtsbeleuchtung-haus-party-garten\/","url":"https:\/\/marktxxl.de\/markt\/produkt\/lichterkette-aussen-20m-200led-voolex-weihnachten-lichterkette-innen-warmweiss-und-bunt-dimmbar-16-modi-beleuchtung-mit-fernbedienung-timer-strom-fuer-weihnachtsbeleuchtung-haus-party-garten\/","name":"Voolex Lichterkette Au\u00dfen 20M 200Led, Weihnachten Lichterkette Innen Warmwei\u00df und Bunt Dimmbar, 16 Modi Beleuchtung mit\u2026 - Markt-XXL","isPartOf":{"@id":"https:\/\/marktxxl.de\/markt\/#website"},"primaryImageOfPage":{"@id":"https:\/\/marktxxl.de\/markt\/produkt\/lichterkette-aussen-20m-200led-voolex-weihnachten-lichterkette-innen-warmweiss-und-bunt-dimmbar-16-modi-beleuchtung-mit-fernbedienung-timer-strom-fuer-weihnachtsbeleuchtung-haus-party-garten\/#primaryimage"},"image":{"@id":"https:\/\/marktxxl.de\/markt\/produkt\/lichterkette-aussen-20m-200led-voolex-weihnachten-lichterkette-innen-warmweiss-und-bunt-dimmbar-16-modi-beleuchtung-mit-fernbedienung-timer-strom-fuer-weihnachtsbeleuchtung-haus-party-garten\/#primaryimage"},"thumbnailUrl":"https:\/\/m.media-amazon.com\/images\/I\/51dmgB+G3BL._SL500_.jpg","datePublished":"2022-10-12T03:29:14+00:00","dateModified":"2023-04-11T02:41:17+00:00","description":"Markt-XXL Voolex Lichterkette Au\u00dfen 20M 200Led, Weihnachten Lichterkette Innen Warmwei\u00df und Bunt Dimmbar, 16 Modi Beleuchtung mit\u2026","breadcrumb":{"@id":"https:\/\/marktxxl.de\/markt\/produkt\/lichterkette-aussen-20m-200led-voolex-weihnachten-lichterkette-innen-warmweiss-und-bunt-dimmbar-16-modi-beleuchtung-mit-fernbedienung-timer-strom-fuer-weihnachtsbeleuchtung-haus-party-garten\/#breadcrumb"},"inLanguage":"de","potentialAction":[{"@type":"ReadAction","target":["https:\/\/marktxxl.de\/markt\/produkt\/lichterkette-aussen-20m-200led-voolex-weihnachten-lichterkette-innen-warmweiss-und-bunt-dimmbar-16-modi-beleuchtung-mit-fernbedienung-timer-strom-fuer-weihnachtsbeleuchtung-haus-party-garten\/"]}]},{"@type":"ImageObject","inLanguage":"de","@id":"https:\/\/marktxxl.de\/markt\/produkt\/lichterkette-aussen-20m-200led-voolex-weihnachten-lichterkette-innen-warmweiss-und-bunt-dimmbar-16-modi-beleuchtung-mit-fernbedienung-timer-strom-fuer-weihnachtsbeleuchtung-haus-party-garten\/#primaryimage","url":"https:\/\/m.media-amazon.com\/images\/I\/51dmgB+G3BL._SL500_.jpg","contentUrl":"https:\/\/m.media-amazon.com\/images\/I\/51dmgB+G3BL._SL500_.jpg","width":500,"height":500},{"@type":"BreadcrumbList","@id":"https:\/\/marktxxl.de\/markt\/produkt\/lichterkette-aussen-20m-200led-voolex-weihnachten-lichterkette-innen-warmweiss-und-bunt-dimmbar-16-modi-beleuchtung-mit-fernbedienung-timer-strom-fuer-weihnachtsbeleuchtung-haus-party-garten\/#breadcrumb","itemListElement":[{"@type":"ListItem","position":1,"name":"Startseite","item":"https:\/\/marktxxl.de\/markt\/"},{"@type":"ListItem","position":2,"name":"Markt","item":"https:\/\/marktxxl.de\/markt\/"},{"@type":"ListItem","position":3,"name":"Voolex Lichterkette Au\u00dfen 20M 200Led, Weihnachten Lichterkette Innen Warmwei\u00df und Bunt Dimmbar, 16 Modi Beleuchtung mit\u2026"}]},{"@type":"WebSite","@id":"https:\/\/marktxxl.de\/markt\/#website","url":"https:\/\/marktxxl.de\/markt\/","name":"Markt-XXL","description":"Ihr Markt Online","publisher":{"@id":"https:\/\/marktxxl.de\/markt\/#organization"},"potentialAction":[{"@type":"SearchAction","target":{"@type":"EntryPoint","urlTemplate":"https:\/\/marktxxl.de\/markt\/?s={search_term_string}"},"query-input":{"@type":"PropertyValueSpecification","valueRequired":true,"valueName":"search_term_string"}}],"inLanguage":"de"},{"@type":"Organization","@id":"https:\/\/marktxxl.de\/markt\/#organization","name":"Markt-XXL","url":"https:\/\/marktxxl.de\/markt\/","logo":{"@type":"ImageObject","inLanguage":"de","@id":"https:\/\/marktxxl.de\/markt\/#\/schema\/logo\/image\/","url":"https:\/\/marktxxl.de\/markt\/wp-content\/uploads\/sites\/3\/2020\/12\/logo.png","contentUrl":"https:\/\/marktxxl.de\/markt\/wp-content\/uploads\/sites\/3\/2020\/12\/logo.png","width":200,"height":70,"caption":"Markt-XXL"},"image":{"@id":"https:\/\/marktxxl.de\/markt\/#\/schema\/logo\/image\/"}}]}},"_links":{"self":[{"href":"https:\/\/marktxxl.de\/markt\/wp-json\/wp\/v2\/product\/158607","targetHints":{"allow":["GET"]}}],"collection":[{"href":"https:\/\/marktxxl.de\/markt\/wp-json\/wp\/v2\/product"}],"about":[{"href":"https:\/\/marktxxl.de\/markt\/wp-json\/wp\/v2\/types\/product"}],"replies":[{"embeddable":true,"href":"https:\/\/marktxxl.de\/markt\/wp-json\/wp\/v2\/comments?post=158607"}],"wp:featuredmedia":[{"embeddable":true,"href":"https:\/\/marktxxl.de\/markt\/wp-json\/wp\/v2\/media\/158608"}],"wp:attachment":[{"href":"https:\/\/marktxxl.de\/markt\/wp-json\/wp\/v2\/media?parent=158607"}],"wp:term":[{"taxonomy":"product_brand","embeddable":true,"href":"https:\/\/marktxxl.de\/markt\/wp-json\/wp\/v2\/product_brand?post=158607"},{"taxonomy":"product_cat","embeddable":true,"href":"https:\/\/marktxxl.de\/markt\/wp-json\/wp\/v2\/product_cat?post=158607"},{"taxonomy":"product_tag","embeddable":true,"href":"https:\/\/marktxxl.de\/markt\/wp-json\/wp\/v2\/product_tag?post=158607"}],"curies":[{"name":"wp","href":"https:\/\/api.w.org\/{rel}","templated":true}]}}