{"id":158202,"date":"2022-10-12T04:52:33","date_gmt":"2022-10-12T02:52:33","guid":{"rendered":"https:\/\/marktxxl.de\/markt\/produkt\/stehlampe-dimmbar-18w-mit-10-helligkeiten-10-farben-hoehenverstellbare-stehleuchte-mit-fernbedienung-und-touch-steuerung-1h-timer-led-stehlampe-schwarz-fuer-wohnzimmer-schlafzimmer-buero\/"},"modified":"2023-04-11T04:40:20","modified_gmt":"2023-04-11T02:40:20","slug":"stehlampe-dimmbar-18w-mit-10-helligkeiten-10-farben-hoehenverstellbare-stehleuchte-mit-fernbedienung-und-touch-steuerung-1h-timer-led-stehlampe-schwarz-fuer-wohnzimmer-schlafzimmer-buero","status":"publish","type":"product","link":"https:\/\/marktxxl.de\/markt\/produkt\/stehlampe-dimmbar-18w-mit-10-helligkeiten-10-farben-hoehenverstellbare-stehleuchte-mit-fernbedienung-und-touch-steuerung-1h-timer-led-stehlampe-schwarz-fuer-wohnzimmer-schlafzimmer-buero\/","title":{"rendered":"Stehlampe Dimmbar 18W mit 10 Helligkeiten &amp; 10 Farben, H\u00f6henverstellbare Stehleuchte mit Fernbedienung und Touch\u2026"},"content":{"rendered":"<p>\u3010Super hell\u3011 Die Stehlampe wird mit 18W LED-Leuchten betrieben. Mit kreisf\u00f6rmigem Design bringt die Lampe eine gr\u00f6\u00dfere Leuchtfl\u00e4che und kann bis zu 2000 Lumen zum Lesen im Wohn- oder Schlafzimmer reichen. Das Licht ist blendfrei und gleichm\u00e4\u00dfig, sorgt f\u00fcr ein angenehmes Leseerlebnis, ohne die Augen zu erm\u00fcden<br \/>\n\u301010 Helligkeitsstufen &amp; 10 Farbmodi\u3011 Die verstellbare Stehlampe verf\u00fcgt \u00fcber 10 Helligkeitsstufen und 10 Farbmodi. Das Licht kann von sehr hell bis sehr weich gedimmt werden und kann auch von kaltem Leselicht auf warmes Umgebungslicht umgestellt werden, um Ihren t\u00e4glichen Bed\u00fcrfnissen gerecht zu werden<br \/>\n\u3010Fernbedienung &amp; Touch-Steuerung\u3011 Mit der Fernbedienung (mit einer Reichweite von 10 m) k\u00f6nnen Sie die LED Stehlampe problemlos steuern, ohne das Sofa und das warme Bett zu verlassen. Sie k\u00f6nnen das Licht auch im Touchpanel am Mast der Standlampe einstellen, wenn Sie die Fernbedienung nicht finden<br \/>\n\u3010Einfach zu installieren\u3011 Es ben\u00f6tigt keine zus\u00e4tzlichen Werkzeuge oder Teile, die LED Standleuchte musste blo\u00df mit wenigen Handgriffen zusammengeschraubt werden und die Aufbau ist abgeschlossen. Und je nachdem wieviele Rohre man zusammendreht, kann die H\u00f6he zwischen 166cm\/ 126cm\/ 86cm variiert werden<br \/>\n\u3010Stabilit\u00e4t und Flexibilit\u00e4t\u3011 Die dickeren Aluminiumrohre und der gewichtete Basis sorgen f\u00fcr Stabilit\u00e4t, damit die Stehlampe LED nicht wackelt, wenn er von Kindern oder Haustieren getroffen wird. Und mit dem 360\u00b0 flexiblen Schwanenhals l\u00e4sst sich die Stehleuchte dimmbar leicht biegen und an der gew\u00fcnschten Stelle aufleuchten<br \/>\n<div class=\"main-cross-sell\" data-asin=\"B0B48G1WDW\">\n\n\t<div class=\"WooZone-cross-sell-loader\">\n\t\t<div>\n\t\t\t<div id=\"floatingBarsG\">\n\t\t\t\t<div class=\"blockG\" id=\"rotateG_01\"><\/div>\n\t\t\t\t<div class=\"blockG\" id=\"rotateG_02\"><\/div>\n\t\t\t\t<div class=\"blockG\" id=\"rotateG_03\"><\/div>\n\t\t\t\t<div class=\"blockG\" id=\"rotateG_04\"><\/div>\n\t\t\t\t<div class=\"blockG\" id=\"rotateG_05\"><\/div>\n\t\t\t\t<div class=\"blockG\" id=\"rotateG_06\"><\/div>\n\t\t\t\t<div class=\"blockG\" id=\"rotateG_07\"><\/div>\n\t\t\t\t<div class=\"blockG\" id=\"rotateG_08\"><\/div>\n\t\t\t<\/div>\n\t\t\t<div class=\"WooZone-cross-sell-loader-text\"><\/div>\n\t\t<\/div>\n\t<\/div>\n\n\t\t\n<\/div>\n<div style=\"clear:both;\"><\/div><\/p>\n","protected":false},"excerpt":{"rendered":"<p>\u3010Super hell\u3011 Die Stehlampe wird mit 18W LED-Leuchten betrieben. Mit kreisf\u00f6rmigem Design bringt die Lampe eine gr\u00f6\u00dfere Leuchtfl\u00e4che und kann bis zu 2000 Lumen zum Lesen im Wohn- oder Schlafzimmer reichen. Das Licht ist blendfrei und gleichm\u00e4\u00dfig, sorgt f\u00fcr ein angenehmes Leseerlebnis, ohne die Augen zu erm\u00fcden<br \/>\n\u301010 Helligkeitsstufen &amp; 10 Farbmodi\u3011 Die verstellbare Stehlampe verf\u00fcgt \u00fcber 10 Helligkeitsstufen und 10 Farbmodi. Das Licht kann von sehr hell bis sehr weich gedimmt werden und kann auch von kaltem Leselicht auf warmes Umgebungslicht umgestellt werden, um Ihren t\u00e4glichen Bed\u00fcrfnissen gerecht zu werden<br \/>\n\u3010Fernbedienung &amp; Touch-Steuerung\u3011 Mit der Fernbedienung (mit einer Reichweite von 10 m) k\u00f6nnen Sie die LED Stehlampe problemlos steuern, ohne das Sofa und das warme Bett zu verlassen. Sie k\u00f6nnen das Licht auch im Touchpanel am Mast der Standlampe einstellen, wenn Sie die Fernbedienung nicht finden<\/p>\n","protected":false},"featured_media":158203,"comment_status":"open","ping_status":"closed","template":"","meta":[],"product_brand":[],"product_cat":[2108,11509],"product_tag":[],"class_list":{"0":"post-158202","1":"product","2":"type-product","3":"status-publish","4":"has-post-thumbnail","6":"product_cat-beleuchtung","7":"product_cat-innenbeleuchtung","8":"pa_brand-snoilite","9":"pa_color-schwarz","10":"pa_height-65-354330642-zoll","11":"pa_length-7-87401574-zoll","12":"pa_manufacturer-snoilite","13":"pa_width-7-87401574-zoll","15":"first","16":"instock","17":"shipping-taxable","18":"purchasable","19":"product-type-simple","20":"customify-col","21":"product-has-gallery"},"yoast_head":"<!-- This site is optimized with the Yoast SEO plugin v27.4 - https:\/\/yoast.com\/product\/yoast-seo-wordpress\/ -->\n<title>Stehlampe Dimmbar 18W mit 10 Helligkeiten &amp; 10 Farben, H\u00f6henverstellbare Stehleuchte mit Fernbedienung und Touch\u2026 - Markt-XXL<\/title>\n<meta name=\"description\" content=\"Markt-XXL Stehlampe Dimmbar 18W mit 10 Helligkeiten &amp; 10 Farben, H\u00f6henverstellbare Stehleuchte mit Fernbedienung und Touch\u2026\" \/>\n<meta name=\"robots\" content=\"index, follow, max-snippet:-1, max-image-preview:large, max-video-preview:-1\" \/>\n<link rel=\"canonical\" href=\"https:\/\/marktxxl.de\/markt\/produkt\/stehlampe-dimmbar-18w-mit-10-helligkeiten-10-farben-hoehenverstellbare-stehleuchte-mit-fernbedienung-und-touch-steuerung-1h-timer-led-stehlampe-schwarz-fuer-wohnzimmer-schlafzimmer-buero\/\" \/>\n<meta property=\"og:locale\" content=\"de_DE\" \/>\n<meta property=\"og:type\" content=\"article\" \/>\n<meta property=\"og:title\" content=\"Stehlampe Dimmbar 18W mit 10 Helligkeiten &amp; 10 Farben, H\u00f6henverstellbare Stehleuchte mit Fernbedienung und Touch\u2026 - Markt-XXL\" \/>\n<meta property=\"og:description\" content=\"Markt-XXL Stehlampe Dimmbar 18W mit 10 Helligkeiten &amp; 10 Farben, H\u00f6henverstellbare Stehleuchte mit Fernbedienung und Touch\u2026\" \/>\n<meta property=\"og:url\" content=\"https:\/\/marktxxl.de\/markt\/produkt\/stehlampe-dimmbar-18w-mit-10-helligkeiten-10-farben-hoehenverstellbare-stehleuchte-mit-fernbedienung-und-touch-steuerung-1h-timer-led-stehlampe-schwarz-fuer-wohnzimmer-schlafzimmer-buero\/\" \/>\n<meta property=\"og:site_name\" content=\"Markt-XXL\" \/>\n<meta property=\"article:modified_time\" content=\"2023-04-11T02:40:20+00:00\" \/>\n<meta property=\"og:image\" content=\"https:\/\/m.media-amazon.com\/images\/I\/415JHp0+4rL._SL500_.jpg\" \/>\n\t<meta property=\"og:image:width\" content=\"500\" \/>\n\t<meta property=\"og:image:height\" content=\"500\" \/>\n\t<meta property=\"og:image:type\" content=\"image\/jpeg\" \/>\n<meta name=\"twitter:card\" content=\"summary_large_image\" \/>\n<meta name=\"twitter:label1\" content=\"Gesch\u00e4tzte Lesezeit\" \/>\n\t<meta name=\"twitter:data1\" content=\"1\u00a0Minute\" \/>\n<script type=\"application\/ld+json\" class=\"yoast-schema-graph\">{\"@context\":\"https:\\\/\\\/schema.org\",\"@graph\":[{\"@type\":\"WebPage\",\"@id\":\"https:\\\/\\\/marktxxl.de\\\/markt\\\/produkt\\\/stehlampe-dimmbar-18w-mit-10-helligkeiten-10-farben-hoehenverstellbare-stehleuchte-mit-fernbedienung-und-touch-steuerung-1h-timer-led-stehlampe-schwarz-fuer-wohnzimmer-schlafzimmer-buero\\\/\",\"url\":\"https:\\\/\\\/marktxxl.de\\\/markt\\\/produkt\\\/stehlampe-dimmbar-18w-mit-10-helligkeiten-10-farben-hoehenverstellbare-stehleuchte-mit-fernbedienung-und-touch-steuerung-1h-timer-led-stehlampe-schwarz-fuer-wohnzimmer-schlafzimmer-buero\\\/\",\"name\":\"Stehlampe Dimmbar 18W mit 10 Helligkeiten &amp; 10 Farben, H\u00f6henverstellbare Stehleuchte mit Fernbedienung und Touch\u2026 - Markt-XXL\",\"isPartOf\":{\"@id\":\"https:\\\/\\\/marktxxl.de\\\/markt\\\/#website\"},\"primaryImageOfPage\":{\"@id\":\"https:\\\/\\\/marktxxl.de\\\/markt\\\/produkt\\\/stehlampe-dimmbar-18w-mit-10-helligkeiten-10-farben-hoehenverstellbare-stehleuchte-mit-fernbedienung-und-touch-steuerung-1h-timer-led-stehlampe-schwarz-fuer-wohnzimmer-schlafzimmer-buero\\\/#primaryimage\"},\"image\":{\"@id\":\"https:\\\/\\\/marktxxl.de\\\/markt\\\/produkt\\\/stehlampe-dimmbar-18w-mit-10-helligkeiten-10-farben-hoehenverstellbare-stehleuchte-mit-fernbedienung-und-touch-steuerung-1h-timer-led-stehlampe-schwarz-fuer-wohnzimmer-schlafzimmer-buero\\\/#primaryimage\"},\"thumbnailUrl\":\"https:\\\/\\\/m.media-amazon.com\\\/images\\\/I\\\/415JHp0+4rL._SL500_.jpg\",\"datePublished\":\"2022-10-12T02:52:33+00:00\",\"dateModified\":\"2023-04-11T02:40:20+00:00\",\"description\":\"Markt-XXL Stehlampe Dimmbar 18W mit 10 Helligkeiten &amp; 10 Farben, H\u00f6henverstellbare Stehleuchte mit Fernbedienung und Touch\u2026\",\"breadcrumb\":{\"@id\":\"https:\\\/\\\/marktxxl.de\\\/markt\\\/produkt\\\/stehlampe-dimmbar-18w-mit-10-helligkeiten-10-farben-hoehenverstellbare-stehleuchte-mit-fernbedienung-und-touch-steuerung-1h-timer-led-stehlampe-schwarz-fuer-wohnzimmer-schlafzimmer-buero\\\/#breadcrumb\"},\"inLanguage\":\"de\",\"potentialAction\":[{\"@type\":\"ReadAction\",\"target\":[\"https:\\\/\\\/marktxxl.de\\\/markt\\\/produkt\\\/stehlampe-dimmbar-18w-mit-10-helligkeiten-10-farben-hoehenverstellbare-stehleuchte-mit-fernbedienung-und-touch-steuerung-1h-timer-led-stehlampe-schwarz-fuer-wohnzimmer-schlafzimmer-buero\\\/\"]}]},{\"@type\":\"ImageObject\",\"inLanguage\":\"de\",\"@id\":\"https:\\\/\\\/marktxxl.de\\\/markt\\\/produkt\\\/stehlampe-dimmbar-18w-mit-10-helligkeiten-10-farben-hoehenverstellbare-stehleuchte-mit-fernbedienung-und-touch-steuerung-1h-timer-led-stehlampe-schwarz-fuer-wohnzimmer-schlafzimmer-buero\\\/#primaryimage\",\"url\":\"https:\\\/\\\/m.media-amazon.com\\\/images\\\/I\\\/415JHp0+4rL._SL500_.jpg\",\"contentUrl\":\"https:\\\/\\\/m.media-amazon.com\\\/images\\\/I\\\/415JHp0+4rL._SL500_.jpg\",\"width\":500,\"height\":500},{\"@type\":\"BreadcrumbList\",\"@id\":\"https:\\\/\\\/marktxxl.de\\\/markt\\\/produkt\\\/stehlampe-dimmbar-18w-mit-10-helligkeiten-10-farben-hoehenverstellbare-stehleuchte-mit-fernbedienung-und-touch-steuerung-1h-timer-led-stehlampe-schwarz-fuer-wohnzimmer-schlafzimmer-buero\\\/#breadcrumb\",\"itemListElement\":[{\"@type\":\"ListItem\",\"position\":1,\"name\":\"Startseite\",\"item\":\"https:\\\/\\\/marktxxl.de\\\/markt\\\/\"},{\"@type\":\"ListItem\",\"position\":2,\"name\":\"Markt\",\"item\":\"https:\\\/\\\/marktxxl.de\\\/markt\\\/\"},{\"@type\":\"ListItem\",\"position\":3,\"name\":\"Stehlampe Dimmbar 18W mit 10 Helligkeiten &amp; 10 Farben, H\u00f6henverstellbare Stehleuchte mit Fernbedienung und Touch\u2026\"}]},{\"@type\":\"WebSite\",\"@id\":\"https:\\\/\\\/marktxxl.de\\\/markt\\\/#website\",\"url\":\"https:\\\/\\\/marktxxl.de\\\/markt\\\/\",\"name\":\"Markt-XXL\",\"description\":\"Ihr Markt Online\",\"publisher\":{\"@id\":\"https:\\\/\\\/marktxxl.de\\\/markt\\\/#organization\"},\"potentialAction\":[{\"@type\":\"SearchAction\",\"target\":{\"@type\":\"EntryPoint\",\"urlTemplate\":\"https:\\\/\\\/marktxxl.de\\\/markt\\\/?s={search_term_string}\"},\"query-input\":{\"@type\":\"PropertyValueSpecification\",\"valueRequired\":true,\"valueName\":\"search_term_string\"}}],\"inLanguage\":\"de\"},{\"@type\":\"Organization\",\"@id\":\"https:\\\/\\\/marktxxl.de\\\/markt\\\/#organization\",\"name\":\"Markt-XXL\",\"url\":\"https:\\\/\\\/marktxxl.de\\\/markt\\\/\",\"logo\":{\"@type\":\"ImageObject\",\"inLanguage\":\"de\",\"@id\":\"https:\\\/\\\/marktxxl.de\\\/markt\\\/#\\\/schema\\\/logo\\\/image\\\/\",\"url\":\"https:\\\/\\\/marktxxl.de\\\/markt\\\/wp-content\\\/uploads\\\/sites\\\/3\\\/2020\\\/12\\\/logo.png\",\"contentUrl\":\"https:\\\/\\\/marktxxl.de\\\/markt\\\/wp-content\\\/uploads\\\/sites\\\/3\\\/2020\\\/12\\\/logo.png\",\"width\":200,\"height\":70,\"caption\":\"Markt-XXL\"},\"image\":{\"@id\":\"https:\\\/\\\/marktxxl.de\\\/markt\\\/#\\\/schema\\\/logo\\\/image\\\/\"}}]}<\/script>\n<!-- \/ Yoast SEO plugin. -->","yoast_head_json":{"title":"Stehlampe Dimmbar 18W mit 10 Helligkeiten &amp; 10 Farben, H\u00f6henverstellbare Stehleuchte mit Fernbedienung und Touch\u2026 - Markt-XXL","description":"Markt-XXL Stehlampe Dimmbar 18W mit 10 Helligkeiten &amp; 10 Farben, H\u00f6henverstellbare Stehleuchte mit Fernbedienung und Touch\u2026","robots":{"index":"index","follow":"follow","max-snippet":"max-snippet:-1","max-image-preview":"max-image-preview:large","max-video-preview":"max-video-preview:-1"},"canonical":"https:\/\/marktxxl.de\/markt\/produkt\/stehlampe-dimmbar-18w-mit-10-helligkeiten-10-farben-hoehenverstellbare-stehleuchte-mit-fernbedienung-und-touch-steuerung-1h-timer-led-stehlampe-schwarz-fuer-wohnzimmer-schlafzimmer-buero\/","og_locale":"de_DE","og_type":"article","og_title":"Stehlampe Dimmbar 18W mit 10 Helligkeiten &amp; 10 Farben, H\u00f6henverstellbare Stehleuchte mit Fernbedienung und Touch\u2026 - Markt-XXL","og_description":"Markt-XXL Stehlampe Dimmbar 18W mit 10 Helligkeiten &amp; 10 Farben, H\u00f6henverstellbare Stehleuchte mit Fernbedienung und Touch\u2026","og_url":"https:\/\/marktxxl.de\/markt\/produkt\/stehlampe-dimmbar-18w-mit-10-helligkeiten-10-farben-hoehenverstellbare-stehleuchte-mit-fernbedienung-und-touch-steuerung-1h-timer-led-stehlampe-schwarz-fuer-wohnzimmer-schlafzimmer-buero\/","og_site_name":"Markt-XXL","article_modified_time":"2023-04-11T02:40:20+00:00","og_image":[{"width":500,"height":500,"url":"https:\/\/m.media-amazon.com\/images\/I\/415JHp0+4rL._SL500_.jpg","type":"image\/jpeg"}],"twitter_card":"summary_large_image","twitter_misc":{"Gesch\u00e4tzte Lesezeit":"1\u00a0Minute"},"schema":{"@context":"https:\/\/schema.org","@graph":[{"@type":"WebPage","@id":"https:\/\/marktxxl.de\/markt\/produkt\/stehlampe-dimmbar-18w-mit-10-helligkeiten-10-farben-hoehenverstellbare-stehleuchte-mit-fernbedienung-und-touch-steuerung-1h-timer-led-stehlampe-schwarz-fuer-wohnzimmer-schlafzimmer-buero\/","url":"https:\/\/marktxxl.de\/markt\/produkt\/stehlampe-dimmbar-18w-mit-10-helligkeiten-10-farben-hoehenverstellbare-stehleuchte-mit-fernbedienung-und-touch-steuerung-1h-timer-led-stehlampe-schwarz-fuer-wohnzimmer-schlafzimmer-buero\/","name":"Stehlampe Dimmbar 18W mit 10 Helligkeiten &amp; 10 Farben, H\u00f6henverstellbare Stehleuchte mit Fernbedienung und Touch\u2026 - Markt-XXL","isPartOf":{"@id":"https:\/\/marktxxl.de\/markt\/#website"},"primaryImageOfPage":{"@id":"https:\/\/marktxxl.de\/markt\/produkt\/stehlampe-dimmbar-18w-mit-10-helligkeiten-10-farben-hoehenverstellbare-stehleuchte-mit-fernbedienung-und-touch-steuerung-1h-timer-led-stehlampe-schwarz-fuer-wohnzimmer-schlafzimmer-buero\/#primaryimage"},"image":{"@id":"https:\/\/marktxxl.de\/markt\/produkt\/stehlampe-dimmbar-18w-mit-10-helligkeiten-10-farben-hoehenverstellbare-stehleuchte-mit-fernbedienung-und-touch-steuerung-1h-timer-led-stehlampe-schwarz-fuer-wohnzimmer-schlafzimmer-buero\/#primaryimage"},"thumbnailUrl":"https:\/\/m.media-amazon.com\/images\/I\/415JHp0+4rL._SL500_.jpg","datePublished":"2022-10-12T02:52:33+00:00","dateModified":"2023-04-11T02:40:20+00:00","description":"Markt-XXL Stehlampe Dimmbar 18W mit 10 Helligkeiten &amp; 10 Farben, H\u00f6henverstellbare Stehleuchte mit Fernbedienung und Touch\u2026","breadcrumb":{"@id":"https:\/\/marktxxl.de\/markt\/produkt\/stehlampe-dimmbar-18w-mit-10-helligkeiten-10-farben-hoehenverstellbare-stehleuchte-mit-fernbedienung-und-touch-steuerung-1h-timer-led-stehlampe-schwarz-fuer-wohnzimmer-schlafzimmer-buero\/#breadcrumb"},"inLanguage":"de","potentialAction":[{"@type":"ReadAction","target":["https:\/\/marktxxl.de\/markt\/produkt\/stehlampe-dimmbar-18w-mit-10-helligkeiten-10-farben-hoehenverstellbare-stehleuchte-mit-fernbedienung-und-touch-steuerung-1h-timer-led-stehlampe-schwarz-fuer-wohnzimmer-schlafzimmer-buero\/"]}]},{"@type":"ImageObject","inLanguage":"de","@id":"https:\/\/marktxxl.de\/markt\/produkt\/stehlampe-dimmbar-18w-mit-10-helligkeiten-10-farben-hoehenverstellbare-stehleuchte-mit-fernbedienung-und-touch-steuerung-1h-timer-led-stehlampe-schwarz-fuer-wohnzimmer-schlafzimmer-buero\/#primaryimage","url":"https:\/\/m.media-amazon.com\/images\/I\/415JHp0+4rL._SL500_.jpg","contentUrl":"https:\/\/m.media-amazon.com\/images\/I\/415JHp0+4rL._SL500_.jpg","width":500,"height":500},{"@type":"BreadcrumbList","@id":"https:\/\/marktxxl.de\/markt\/produkt\/stehlampe-dimmbar-18w-mit-10-helligkeiten-10-farben-hoehenverstellbare-stehleuchte-mit-fernbedienung-und-touch-steuerung-1h-timer-led-stehlampe-schwarz-fuer-wohnzimmer-schlafzimmer-buero\/#breadcrumb","itemListElement":[{"@type":"ListItem","position":1,"name":"Startseite","item":"https:\/\/marktxxl.de\/markt\/"},{"@type":"ListItem","position":2,"name":"Markt","item":"https:\/\/marktxxl.de\/markt\/"},{"@type":"ListItem","position":3,"name":"Stehlampe Dimmbar 18W mit 10 Helligkeiten &amp; 10 Farben, H\u00f6henverstellbare Stehleuchte mit Fernbedienung und Touch\u2026"}]},{"@type":"WebSite","@id":"https:\/\/marktxxl.de\/markt\/#website","url":"https:\/\/marktxxl.de\/markt\/","name":"Markt-XXL","description":"Ihr Markt Online","publisher":{"@id":"https:\/\/marktxxl.de\/markt\/#organization"},"potentialAction":[{"@type":"SearchAction","target":{"@type":"EntryPoint","urlTemplate":"https:\/\/marktxxl.de\/markt\/?s={search_term_string}"},"query-input":{"@type":"PropertyValueSpecification","valueRequired":true,"valueName":"search_term_string"}}],"inLanguage":"de"},{"@type":"Organization","@id":"https:\/\/marktxxl.de\/markt\/#organization","name":"Markt-XXL","url":"https:\/\/marktxxl.de\/markt\/","logo":{"@type":"ImageObject","inLanguage":"de","@id":"https:\/\/marktxxl.de\/markt\/#\/schema\/logo\/image\/","url":"https:\/\/marktxxl.de\/markt\/wp-content\/uploads\/sites\/3\/2020\/12\/logo.png","contentUrl":"https:\/\/marktxxl.de\/markt\/wp-content\/uploads\/sites\/3\/2020\/12\/logo.png","width":200,"height":70,"caption":"Markt-XXL"},"image":{"@id":"https:\/\/marktxxl.de\/markt\/#\/schema\/logo\/image\/"}}]}},"_links":{"self":[{"href":"https:\/\/marktxxl.de\/markt\/wp-json\/wp\/v2\/product\/158202","targetHints":{"allow":["GET"]}}],"collection":[{"href":"https:\/\/marktxxl.de\/markt\/wp-json\/wp\/v2\/product"}],"about":[{"href":"https:\/\/marktxxl.de\/markt\/wp-json\/wp\/v2\/types\/product"}],"replies":[{"embeddable":true,"href":"https:\/\/marktxxl.de\/markt\/wp-json\/wp\/v2\/comments?post=158202"}],"wp:featuredmedia":[{"embeddable":true,"href":"https:\/\/marktxxl.de\/markt\/wp-json\/wp\/v2\/media\/158203"}],"wp:attachment":[{"href":"https:\/\/marktxxl.de\/markt\/wp-json\/wp\/v2\/media?parent=158202"}],"wp:term":[{"taxonomy":"product_brand","embeddable":true,"href":"https:\/\/marktxxl.de\/markt\/wp-json\/wp\/v2\/product_brand?post=158202"},{"taxonomy":"product_cat","embeddable":true,"href":"https:\/\/marktxxl.de\/markt\/wp-json\/wp\/v2\/product_cat?post=158202"},{"taxonomy":"product_tag","embeddable":true,"href":"https:\/\/marktxxl.de\/markt\/wp-json\/wp\/v2\/product_tag?post=158202"}],"curies":[{"name":"wp","href":"https:\/\/api.w.org\/{rel}","templated":true}]}}