{"id":158167,"date":"2022-10-12T04:50:23","date_gmt":"2022-10-12T02:50:23","guid":{"rendered":"https:\/\/marktxxl.de\/markt\/produkt\/engelbert-strauss-arbeitshose-short-e-s-motion-2020-dunkelblau-atoll\/"},"modified":"2023-04-11T04:40:20","modified_gmt":"2023-04-11T02:40:20","slug":"engelbert-strauss-arbeitshose-short-e-s-motion-2020-dunkelblau-atoll","status":"publish","type":"product","link":"https:\/\/marktxxl.de\/markt\/produkt\/engelbert-strauss-arbeitshose-short-e-s-motion-2020-dunkelblau-atoll\/","title":{"rendered":"Engelbert Strauss Arbeitshose Short e.s.Motion 2020 dunkelblau\/Atoll"},"content":{"rendered":"<p>ergonomische Schnittf\u00fchrung mit sportlich moderner Silhouette &#8211; seitlich dehnbarer Flexbelt-Bund, innen soft aufgeraut<br \/>\nextra stabile, 3-fach Naht am Innenbein &#8211; breite G\u00fcrtelschlaufen mit Klett f\u00fcr Workertasche<br \/>\n2 Schub- und 2 mit CORDURA* verst\u00e4rkte Ges\u00e4\u00dftaschen &#8211; verst\u00e4rkte, funktionelle Zollstocktasche und vielteilige Schenkeltasche<br \/>\nMaterial: 65 % Polyester \/ 35 % Baumwolle (ca. 245 g\/m\u00b2) Waschbar bei 60 \u00b0C.<br \/>\nDie FLEXBELT comfort technology steht f\u00fcr ein bequemes Bundsystem, bei dem der integrierte Bund der Bekleidung besonders dehnbar ist und zu einem angenehmen Tragegef\u00fchl beitr\u00e4gt.<br \/>\n<div class=\"main-cross-sell\" data-asin=\"B07GQ4ZK55\">\n\n\t<div class=\"WooZone-cross-sell-loader\">\n\t\t<div>\n\t\t\t<div id=\"floatingBarsG\">\n\t\t\t\t<div class=\"blockG\" id=\"rotateG_01\"><\/div>\n\t\t\t\t<div class=\"blockG\" id=\"rotateG_02\"><\/div>\n\t\t\t\t<div class=\"blockG\" id=\"rotateG_03\"><\/div>\n\t\t\t\t<div class=\"blockG\" id=\"rotateG_04\"><\/div>\n\t\t\t\t<div class=\"blockG\" id=\"rotateG_05\"><\/div>\n\t\t\t\t<div class=\"blockG\" id=\"rotateG_06\"><\/div>\n\t\t\t\t<div class=\"blockG\" id=\"rotateG_07\"><\/div>\n\t\t\t\t<div class=\"blockG\" id=\"rotateG_08\"><\/div>\n\t\t\t<\/div>\n\t\t\t<div class=\"WooZone-cross-sell-loader-text\"><\/div>\n\t\t<\/div>\n\t<\/div>\n\n\t\t\n<\/div>\n<div style=\"clear:both;\"><\/div><\/p>\n","protected":false},"excerpt":{"rendered":"<p>ergonomische Schnittf\u00fchrung mit sportlich moderner Silhouette &#8211; seitlich dehnbarer Flexbelt-Bund, innen soft aufgeraut<br \/>\nextra stabile, 3-fach Naht am Innenbein &#8211; breite G\u00fcrtelschlaufen mit Klett f\u00fcr Workertasche<br \/>\n2 Schub- und 2 mit CORDURA* verst\u00e4rkte Ges\u00e4\u00dftaschen &#8211; verst\u00e4rkte, funktionelle Zollstocktasche und vielteilige Schenkeltasche<\/p>\n","protected":false},"featured_media":158168,"comment_status":"open","ping_status":"closed","template":"","meta":[],"product_brand":[],"product_cat":[4143,1186],"product_tag":[],"class_list":{"0":"post-158167","1":"product","2":"type-product","3":"status-publish","4":"has-post-thumbnail","6":"product_cat-arbeitskleidung-uniformen","7":"product_cat-bekleidung","8":"pa_binding-textilien","9":"pa_brand-engelbert-strauss","10":"pa_color-dunkelblau-atoll","11":"pa_manufacturer-strauss","12":"pa_model-43048","14":"first","15":"instock","16":"shipping-taxable","17":"purchasable","18":"product-type-simple","19":"customify-col","20":"product-has-gallery"},"yoast_head":"<!-- This site is optimized with the Yoast SEO plugin v27.4 - https:\/\/yoast.com\/product\/yoast-seo-wordpress\/ -->\n<title>Engelbert Strauss Arbeitshose Short e.s.Motion 2020 dunkelblau\/Atoll - Markt-XXL<\/title>\n<meta name=\"description\" content=\"Markt-XXL Engelbert Strauss Arbeitshose Short e.s.Motion 2020 dunkelblau\/Atoll\" \/>\n<meta name=\"robots\" content=\"index, follow, max-snippet:-1, max-image-preview:large, max-video-preview:-1\" \/>\n<link rel=\"canonical\" href=\"https:\/\/marktxxl.de\/markt\/produkt\/engelbert-strauss-arbeitshose-short-e-s-motion-2020-dunkelblau-atoll\/\" \/>\n<meta property=\"og:locale\" content=\"de_DE\" \/>\n<meta property=\"og:type\" content=\"article\" \/>\n<meta property=\"og:title\" content=\"Engelbert Strauss Arbeitshose Short e.s.Motion 2020 dunkelblau\/Atoll - Markt-XXL\" \/>\n<meta property=\"og:description\" content=\"Markt-XXL Engelbert Strauss Arbeitshose Short e.s.Motion 2020 dunkelblau\/Atoll\" \/>\n<meta property=\"og:url\" content=\"https:\/\/marktxxl.de\/markt\/produkt\/engelbert-strauss-arbeitshose-short-e-s-motion-2020-dunkelblau-atoll\/\" \/>\n<meta property=\"og:site_name\" content=\"Markt-XXL\" \/>\n<meta property=\"article:modified_time\" content=\"2023-04-11T02:40:20+00:00\" \/>\n<meta property=\"og:image\" content=\"https:\/\/m.media-amazon.com\/images\/I\/310tw+4h4nL._SL500_.jpg\" \/>\n\t<meta property=\"og:image:width\" content=\"371\" \/>\n\t<meta property=\"og:image:height\" content=\"500\" \/>\n\t<meta property=\"og:image:type\" content=\"image\/jpeg\" \/>\n<meta name=\"twitter:card\" content=\"summary_large_image\" \/>\n<script type=\"application\/ld+json\" class=\"yoast-schema-graph\">{\"@context\":\"https:\\\/\\\/schema.org\",\"@graph\":[{\"@type\":\"WebPage\",\"@id\":\"https:\\\/\\\/marktxxl.de\\\/markt\\\/produkt\\\/engelbert-strauss-arbeitshose-short-e-s-motion-2020-dunkelblau-atoll\\\/\",\"url\":\"https:\\\/\\\/marktxxl.de\\\/markt\\\/produkt\\\/engelbert-strauss-arbeitshose-short-e-s-motion-2020-dunkelblau-atoll\\\/\",\"name\":\"Engelbert Strauss Arbeitshose Short e.s.Motion 2020 dunkelblau\\\/Atoll - Markt-XXL\",\"isPartOf\":{\"@id\":\"https:\\\/\\\/marktxxl.de\\\/markt\\\/#website\"},\"primaryImageOfPage\":{\"@id\":\"https:\\\/\\\/marktxxl.de\\\/markt\\\/produkt\\\/engelbert-strauss-arbeitshose-short-e-s-motion-2020-dunkelblau-atoll\\\/#primaryimage\"},\"image\":{\"@id\":\"https:\\\/\\\/marktxxl.de\\\/markt\\\/produkt\\\/engelbert-strauss-arbeitshose-short-e-s-motion-2020-dunkelblau-atoll\\\/#primaryimage\"},\"thumbnailUrl\":\"https:\\\/\\\/m.media-amazon.com\\\/images\\\/I\\\/310tw+4h4nL._SL500_.jpg\",\"datePublished\":\"2022-10-12T02:50:23+00:00\",\"dateModified\":\"2023-04-11T02:40:20+00:00\",\"description\":\"Markt-XXL Engelbert Strauss Arbeitshose Short e.s.Motion 2020 dunkelblau\\\/Atoll\",\"breadcrumb\":{\"@id\":\"https:\\\/\\\/marktxxl.de\\\/markt\\\/produkt\\\/engelbert-strauss-arbeitshose-short-e-s-motion-2020-dunkelblau-atoll\\\/#breadcrumb\"},\"inLanguage\":\"de\",\"potentialAction\":[{\"@type\":\"ReadAction\",\"target\":[\"https:\\\/\\\/marktxxl.de\\\/markt\\\/produkt\\\/engelbert-strauss-arbeitshose-short-e-s-motion-2020-dunkelblau-atoll\\\/\"]}]},{\"@type\":\"ImageObject\",\"inLanguage\":\"de\",\"@id\":\"https:\\\/\\\/marktxxl.de\\\/markt\\\/produkt\\\/engelbert-strauss-arbeitshose-short-e-s-motion-2020-dunkelblau-atoll\\\/#primaryimage\",\"url\":\"https:\\\/\\\/m.media-amazon.com\\\/images\\\/I\\\/310tw+4h4nL._SL500_.jpg\",\"contentUrl\":\"https:\\\/\\\/m.media-amazon.com\\\/images\\\/I\\\/310tw+4h4nL._SL500_.jpg\",\"width\":371,\"height\":500},{\"@type\":\"BreadcrumbList\",\"@id\":\"https:\\\/\\\/marktxxl.de\\\/markt\\\/produkt\\\/engelbert-strauss-arbeitshose-short-e-s-motion-2020-dunkelblau-atoll\\\/#breadcrumb\",\"itemListElement\":[{\"@type\":\"ListItem\",\"position\":1,\"name\":\"Startseite\",\"item\":\"https:\\\/\\\/marktxxl.de\\\/markt\\\/\"},{\"@type\":\"ListItem\",\"position\":2,\"name\":\"Markt\",\"item\":\"https:\\\/\\\/marktxxl.de\\\/markt\\\/\"},{\"@type\":\"ListItem\",\"position\":3,\"name\":\"Engelbert Strauss Arbeitshose Short e.s.Motion 2020 dunkelblau\\\/Atoll\"}]},{\"@type\":\"WebSite\",\"@id\":\"https:\\\/\\\/marktxxl.de\\\/markt\\\/#website\",\"url\":\"https:\\\/\\\/marktxxl.de\\\/markt\\\/\",\"name\":\"Markt-XXL\",\"description\":\"Ihr Markt Online\",\"publisher\":{\"@id\":\"https:\\\/\\\/marktxxl.de\\\/markt\\\/#organization\"},\"potentialAction\":[{\"@type\":\"SearchAction\",\"target\":{\"@type\":\"EntryPoint\",\"urlTemplate\":\"https:\\\/\\\/marktxxl.de\\\/markt\\\/?s={search_term_string}\"},\"query-input\":{\"@type\":\"PropertyValueSpecification\",\"valueRequired\":true,\"valueName\":\"search_term_string\"}}],\"inLanguage\":\"de\"},{\"@type\":\"Organization\",\"@id\":\"https:\\\/\\\/marktxxl.de\\\/markt\\\/#organization\",\"name\":\"Markt-XXL\",\"url\":\"https:\\\/\\\/marktxxl.de\\\/markt\\\/\",\"logo\":{\"@type\":\"ImageObject\",\"inLanguage\":\"de\",\"@id\":\"https:\\\/\\\/marktxxl.de\\\/markt\\\/#\\\/schema\\\/logo\\\/image\\\/\",\"url\":\"https:\\\/\\\/marktxxl.de\\\/markt\\\/wp-content\\\/uploads\\\/sites\\\/3\\\/2020\\\/12\\\/logo.png\",\"contentUrl\":\"https:\\\/\\\/marktxxl.de\\\/markt\\\/wp-content\\\/uploads\\\/sites\\\/3\\\/2020\\\/12\\\/logo.png\",\"width\":200,\"height\":70,\"caption\":\"Markt-XXL\"},\"image\":{\"@id\":\"https:\\\/\\\/marktxxl.de\\\/markt\\\/#\\\/schema\\\/logo\\\/image\\\/\"}}]}<\/script>\n<!-- \/ Yoast SEO plugin. -->","yoast_head_json":{"title":"Engelbert Strauss Arbeitshose Short e.s.Motion 2020 dunkelblau\/Atoll - Markt-XXL","description":"Markt-XXL Engelbert Strauss Arbeitshose Short e.s.Motion 2020 dunkelblau\/Atoll","robots":{"index":"index","follow":"follow","max-snippet":"max-snippet:-1","max-image-preview":"max-image-preview:large","max-video-preview":"max-video-preview:-1"},"canonical":"https:\/\/marktxxl.de\/markt\/produkt\/engelbert-strauss-arbeitshose-short-e-s-motion-2020-dunkelblau-atoll\/","og_locale":"de_DE","og_type":"article","og_title":"Engelbert Strauss Arbeitshose Short e.s.Motion 2020 dunkelblau\/Atoll - Markt-XXL","og_description":"Markt-XXL Engelbert Strauss Arbeitshose Short e.s.Motion 2020 dunkelblau\/Atoll","og_url":"https:\/\/marktxxl.de\/markt\/produkt\/engelbert-strauss-arbeitshose-short-e-s-motion-2020-dunkelblau-atoll\/","og_site_name":"Markt-XXL","article_modified_time":"2023-04-11T02:40:20+00:00","og_image":[{"width":371,"height":500,"url":"https:\/\/m.media-amazon.com\/images\/I\/310tw+4h4nL._SL500_.jpg","type":"image\/jpeg"}],"twitter_card":"summary_large_image","schema":{"@context":"https:\/\/schema.org","@graph":[{"@type":"WebPage","@id":"https:\/\/marktxxl.de\/markt\/produkt\/engelbert-strauss-arbeitshose-short-e-s-motion-2020-dunkelblau-atoll\/","url":"https:\/\/marktxxl.de\/markt\/produkt\/engelbert-strauss-arbeitshose-short-e-s-motion-2020-dunkelblau-atoll\/","name":"Engelbert Strauss Arbeitshose Short e.s.Motion 2020 dunkelblau\/Atoll - Markt-XXL","isPartOf":{"@id":"https:\/\/marktxxl.de\/markt\/#website"},"primaryImageOfPage":{"@id":"https:\/\/marktxxl.de\/markt\/produkt\/engelbert-strauss-arbeitshose-short-e-s-motion-2020-dunkelblau-atoll\/#primaryimage"},"image":{"@id":"https:\/\/marktxxl.de\/markt\/produkt\/engelbert-strauss-arbeitshose-short-e-s-motion-2020-dunkelblau-atoll\/#primaryimage"},"thumbnailUrl":"https:\/\/m.media-amazon.com\/images\/I\/310tw+4h4nL._SL500_.jpg","datePublished":"2022-10-12T02:50:23+00:00","dateModified":"2023-04-11T02:40:20+00:00","description":"Markt-XXL Engelbert Strauss Arbeitshose Short e.s.Motion 2020 dunkelblau\/Atoll","breadcrumb":{"@id":"https:\/\/marktxxl.de\/markt\/produkt\/engelbert-strauss-arbeitshose-short-e-s-motion-2020-dunkelblau-atoll\/#breadcrumb"},"inLanguage":"de","potentialAction":[{"@type":"ReadAction","target":["https:\/\/marktxxl.de\/markt\/produkt\/engelbert-strauss-arbeitshose-short-e-s-motion-2020-dunkelblau-atoll\/"]}]},{"@type":"ImageObject","inLanguage":"de","@id":"https:\/\/marktxxl.de\/markt\/produkt\/engelbert-strauss-arbeitshose-short-e-s-motion-2020-dunkelblau-atoll\/#primaryimage","url":"https:\/\/m.media-amazon.com\/images\/I\/310tw+4h4nL._SL500_.jpg","contentUrl":"https:\/\/m.media-amazon.com\/images\/I\/310tw+4h4nL._SL500_.jpg","width":371,"height":500},{"@type":"BreadcrumbList","@id":"https:\/\/marktxxl.de\/markt\/produkt\/engelbert-strauss-arbeitshose-short-e-s-motion-2020-dunkelblau-atoll\/#breadcrumb","itemListElement":[{"@type":"ListItem","position":1,"name":"Startseite","item":"https:\/\/marktxxl.de\/markt\/"},{"@type":"ListItem","position":2,"name":"Markt","item":"https:\/\/marktxxl.de\/markt\/"},{"@type":"ListItem","position":3,"name":"Engelbert Strauss Arbeitshose Short e.s.Motion 2020 dunkelblau\/Atoll"}]},{"@type":"WebSite","@id":"https:\/\/marktxxl.de\/markt\/#website","url":"https:\/\/marktxxl.de\/markt\/","name":"Markt-XXL","description":"Ihr Markt Online","publisher":{"@id":"https:\/\/marktxxl.de\/markt\/#organization"},"potentialAction":[{"@type":"SearchAction","target":{"@type":"EntryPoint","urlTemplate":"https:\/\/marktxxl.de\/markt\/?s={search_term_string}"},"query-input":{"@type":"PropertyValueSpecification","valueRequired":true,"valueName":"search_term_string"}}],"inLanguage":"de"},{"@type":"Organization","@id":"https:\/\/marktxxl.de\/markt\/#organization","name":"Markt-XXL","url":"https:\/\/marktxxl.de\/markt\/","logo":{"@type":"ImageObject","inLanguage":"de","@id":"https:\/\/marktxxl.de\/markt\/#\/schema\/logo\/image\/","url":"https:\/\/marktxxl.de\/markt\/wp-content\/uploads\/sites\/3\/2020\/12\/logo.png","contentUrl":"https:\/\/marktxxl.de\/markt\/wp-content\/uploads\/sites\/3\/2020\/12\/logo.png","width":200,"height":70,"caption":"Markt-XXL"},"image":{"@id":"https:\/\/marktxxl.de\/markt\/#\/schema\/logo\/image\/"}}]}},"_links":{"self":[{"href":"https:\/\/marktxxl.de\/markt\/wp-json\/wp\/v2\/product\/158167","targetHints":{"allow":["GET"]}}],"collection":[{"href":"https:\/\/marktxxl.de\/markt\/wp-json\/wp\/v2\/product"}],"about":[{"href":"https:\/\/marktxxl.de\/markt\/wp-json\/wp\/v2\/types\/product"}],"replies":[{"embeddable":true,"href":"https:\/\/marktxxl.de\/markt\/wp-json\/wp\/v2\/comments?post=158167"}],"wp:featuredmedia":[{"embeddable":true,"href":"https:\/\/marktxxl.de\/markt\/wp-json\/wp\/v2\/media\/158168"}],"wp:attachment":[{"href":"https:\/\/marktxxl.de\/markt\/wp-json\/wp\/v2\/media?parent=158167"}],"wp:term":[{"taxonomy":"product_brand","embeddable":true,"href":"https:\/\/marktxxl.de\/markt\/wp-json\/wp\/v2\/product_brand?post=158167"},{"taxonomy":"product_cat","embeddable":true,"href":"https:\/\/marktxxl.de\/markt\/wp-json\/wp\/v2\/product_cat?post=158167"},{"taxonomy":"product_tag","embeddable":true,"href":"https:\/\/marktxxl.de\/markt\/wp-json\/wp\/v2\/product_tag?post=158167"}],"curies":[{"name":"wp","href":"https:\/\/api.w.org\/{rel}","templated":true}]}}