{"id":157973,"date":"2022-10-12T04:25:33","date_gmt":"2022-10-12T02:25:33","guid":{"rendered":"https:\/\/marktxxl.de\/markt\/produkt\/viva-la-mama-trageweste-aus-fleece-winter-zusatzweste-fuer-tragejacken-rerik\/"},"modified":"2023-04-11T04:40:16","modified_gmt":"2023-04-11T02:40:16","slug":"viva-la-mama-trageweste-aus-fleece-winter-zusatzweste-fuer-tragejacken-rerik","status":"publish","type":"product","link":"https:\/\/marktxxl.de\/markt\/produkt\/viva-la-mama-trageweste-aus-fleece-winter-zusatzweste-fuer-tragejacken-rerik\/","title":{"rendered":"Viva la Mama &#8211; Trageweste aus Fleece, Winter Zusatzweste f\u00fcr Tragejacken &#8211; RERIK"},"content":{"rendered":"<p>Kuschelige 3in1 Trageweste f\u00fcr Mama und Baby. Ziehe sie solo an oder unter deine (Trage)Jacke und r\u00fcste dich f\u00fcr die kalten Tage.<br \/>\nDie Weste passt perfekt unter alle Viva la Mama &#8211; Tragejacken (und andere Jacken). Damit hast du auch f\u00fcr eisige Winter eine perfekte L\u00f6sung f\u00fcr den Spaziergang mit Baby.<br \/>\nLang geschnitten, warmer Kragen, mit versteckten Rei\u00dfverschl\u00fcssen an der Seite. \u00d6ffnest du diese, hast du im Nu eine Umstandsweste f\u00fcr die Schwangerschaft.<br \/>\nMitgelieferter Babytrageeinsatz mit extra Windschutz im Nacken. Ohne Einsatz hast du eine schicke Fleeceweste, die du solo tragen kannst.<br \/>\nBleib flexibel mit unsere Trageweste. Solo im Sommer\/milden \u00dcbergangstagen, superwarm im Winter. So ben\u00f6tigst du keine extra Winterjacke, sondern kannst deine alte aufr\u00fcsten.<br \/>\n<div class=\"main-cross-sell\" data-asin=\"B08FMKBPRM\">\n\n\t<div class=\"WooZone-cross-sell-loader\">\n\t\t<div>\n\t\t\t<div id=\"floatingBarsG\">\n\t\t\t\t<div class=\"blockG\" id=\"rotateG_01\"><\/div>\n\t\t\t\t<div class=\"blockG\" id=\"rotateG_02\"><\/div>\n\t\t\t\t<div class=\"blockG\" id=\"rotateG_03\"><\/div>\n\t\t\t\t<div class=\"blockG\" id=\"rotateG_04\"><\/div>\n\t\t\t\t<div class=\"blockG\" id=\"rotateG_05\"><\/div>\n\t\t\t\t<div class=\"blockG\" id=\"rotateG_06\"><\/div>\n\t\t\t\t<div class=\"blockG\" id=\"rotateG_07\"><\/div>\n\t\t\t\t<div class=\"blockG\" id=\"rotateG_08\"><\/div>\n\t\t\t<\/div>\n\t\t\t<div class=\"WooZone-cross-sell-loader-text\"><\/div>\n\t\t<\/div>\n\t<\/div>\n\n\t\t\n<\/div>\n<div style=\"clear:both;\"><\/div><\/p>\n","protected":false},"excerpt":{"rendered":"<p>Kuschelige 3in1 Trageweste f\u00fcr Mama und Baby. Ziehe sie solo an oder unter deine (Trage)Jacke und r\u00fcste dich f\u00fcr die kalten Tage.<br \/>\nDie Weste passt perfekt unter alle Viva la Mama &#8211; Tragejacken (und andere Jacken). Damit hast du auch f\u00fcr eisige Winter eine perfekte L\u00f6sung f\u00fcr den Spaziergang mit Baby.<br \/>\nLang geschnitten, warmer Kragen, mit versteckten Rei\u00dfverschl\u00fcssen an der Seite. \u00d6ffnest du diese, hast du im Nu eine Umstandsweste f\u00fcr die Schwangerschaft.<\/p>\n","protected":false},"featured_media":157974,"comment_status":"open","ping_status":"closed","template":"","meta":[],"product_brand":[],"product_cat":[21,9478],"product_tag":[],"class_list":{"0":"post-157973","1":"product","2":"type-product","3":"status-publish","4":"has-post-thumbnail","6":"product_cat-baby","7":"product_cat-umstandskleidung-baby","8":"pa_brand-viva-la-mama","9":"pa_model-tj-fl-m15","11":"first","12":"instock","13":"shipping-taxable","14":"purchasable","15":"product-type-simple","16":"customify-col","17":"product-has-gallery"},"yoast_head":"<!-- This site is optimized with the Yoast SEO plugin v27.4 - https:\/\/yoast.com\/product\/yoast-seo-wordpress\/ -->\n<title>Viva la Mama - Trageweste aus Fleece, Winter Zusatzweste f\u00fcr Tragejacken - RERIK - Markt-XXL<\/title>\n<meta name=\"description\" content=\"Markt-XXL Viva la Mama - Trageweste aus Fleece, Winter Zusatzweste f\u00fcr Tragejacken - RERIK\" \/>\n<meta name=\"robots\" content=\"index, follow, max-snippet:-1, max-image-preview:large, max-video-preview:-1\" \/>\n<link rel=\"canonical\" href=\"https:\/\/marktxxl.de\/markt\/produkt\/viva-la-mama-trageweste-aus-fleece-winter-zusatzweste-fuer-tragejacken-rerik\/\" \/>\n<meta property=\"og:locale\" content=\"de_DE\" \/>\n<meta property=\"og:type\" content=\"article\" \/>\n<meta property=\"og:title\" content=\"Viva la Mama - Trageweste aus Fleece, Winter Zusatzweste f\u00fcr Tragejacken - RERIK - Markt-XXL\" \/>\n<meta property=\"og:description\" content=\"Markt-XXL Viva la Mama - Trageweste aus Fleece, Winter Zusatzweste f\u00fcr Tragejacken - RERIK\" \/>\n<meta property=\"og:url\" content=\"https:\/\/marktxxl.de\/markt\/produkt\/viva-la-mama-trageweste-aus-fleece-winter-zusatzweste-fuer-tragejacken-rerik\/\" \/>\n<meta property=\"og:site_name\" content=\"Markt-XXL\" \/>\n<meta property=\"article:modified_time\" content=\"2023-04-11T02:40:16+00:00\" \/>\n<meta property=\"og:image\" content=\"https:\/\/m.media-amazon.com\/images\/I\/318czz+vQFL._SL500_.jpg\" \/>\n\t<meta property=\"og:image:width\" content=\"348\" \/>\n\t<meta property=\"og:image:height\" content=\"500\" \/>\n\t<meta property=\"og:image:type\" content=\"image\/jpeg\" \/>\n<meta name=\"twitter:card\" content=\"summary_large_image\" \/>\n<meta name=\"twitter:label1\" content=\"Gesch\u00e4tzte Lesezeit\" \/>\n\t<meta name=\"twitter:data1\" content=\"1\u00a0Minute\" \/>\n<script type=\"application\/ld+json\" class=\"yoast-schema-graph\">{\"@context\":\"https:\\\/\\\/schema.org\",\"@graph\":[{\"@type\":\"WebPage\",\"@id\":\"https:\\\/\\\/marktxxl.de\\\/markt\\\/produkt\\\/viva-la-mama-trageweste-aus-fleece-winter-zusatzweste-fuer-tragejacken-rerik\\\/\",\"url\":\"https:\\\/\\\/marktxxl.de\\\/markt\\\/produkt\\\/viva-la-mama-trageweste-aus-fleece-winter-zusatzweste-fuer-tragejacken-rerik\\\/\",\"name\":\"Viva la Mama - Trageweste aus Fleece, Winter Zusatzweste f\u00fcr Tragejacken - RERIK - Markt-XXL\",\"isPartOf\":{\"@id\":\"https:\\\/\\\/marktxxl.de\\\/markt\\\/#website\"},\"primaryImageOfPage\":{\"@id\":\"https:\\\/\\\/marktxxl.de\\\/markt\\\/produkt\\\/viva-la-mama-trageweste-aus-fleece-winter-zusatzweste-fuer-tragejacken-rerik\\\/#primaryimage\"},\"image\":{\"@id\":\"https:\\\/\\\/marktxxl.de\\\/markt\\\/produkt\\\/viva-la-mama-trageweste-aus-fleece-winter-zusatzweste-fuer-tragejacken-rerik\\\/#primaryimage\"},\"thumbnailUrl\":\"https:\\\/\\\/m.media-amazon.com\\\/images\\\/I\\\/318czz+vQFL._SL500_.jpg\",\"datePublished\":\"2022-10-12T02:25:33+00:00\",\"dateModified\":\"2023-04-11T02:40:16+00:00\",\"description\":\"Markt-XXL Viva la Mama - Trageweste aus Fleece, Winter Zusatzweste f\u00fcr Tragejacken - RERIK\",\"breadcrumb\":{\"@id\":\"https:\\\/\\\/marktxxl.de\\\/markt\\\/produkt\\\/viva-la-mama-trageweste-aus-fleece-winter-zusatzweste-fuer-tragejacken-rerik\\\/#breadcrumb\"},\"inLanguage\":\"de\",\"potentialAction\":[{\"@type\":\"ReadAction\",\"target\":[\"https:\\\/\\\/marktxxl.de\\\/markt\\\/produkt\\\/viva-la-mama-trageweste-aus-fleece-winter-zusatzweste-fuer-tragejacken-rerik\\\/\"]}]},{\"@type\":\"ImageObject\",\"inLanguage\":\"de\",\"@id\":\"https:\\\/\\\/marktxxl.de\\\/markt\\\/produkt\\\/viva-la-mama-trageweste-aus-fleece-winter-zusatzweste-fuer-tragejacken-rerik\\\/#primaryimage\",\"url\":\"https:\\\/\\\/m.media-amazon.com\\\/images\\\/I\\\/318czz+vQFL._SL500_.jpg\",\"contentUrl\":\"https:\\\/\\\/m.media-amazon.com\\\/images\\\/I\\\/318czz+vQFL._SL500_.jpg\",\"width\":348,\"height\":500},{\"@type\":\"BreadcrumbList\",\"@id\":\"https:\\\/\\\/marktxxl.de\\\/markt\\\/produkt\\\/viva-la-mama-trageweste-aus-fleece-winter-zusatzweste-fuer-tragejacken-rerik\\\/#breadcrumb\",\"itemListElement\":[{\"@type\":\"ListItem\",\"position\":1,\"name\":\"Startseite\",\"item\":\"https:\\\/\\\/marktxxl.de\\\/markt\\\/\"},{\"@type\":\"ListItem\",\"position\":2,\"name\":\"Markt\",\"item\":\"https:\\\/\\\/marktxxl.de\\\/markt\\\/\"},{\"@type\":\"ListItem\",\"position\":3,\"name\":\"Viva la Mama &#8211; Trageweste aus Fleece, Winter Zusatzweste f\u00fcr Tragejacken &#8211; RERIK\"}]},{\"@type\":\"WebSite\",\"@id\":\"https:\\\/\\\/marktxxl.de\\\/markt\\\/#website\",\"url\":\"https:\\\/\\\/marktxxl.de\\\/markt\\\/\",\"name\":\"Markt-XXL\",\"description\":\"Ihr Markt Online\",\"publisher\":{\"@id\":\"https:\\\/\\\/marktxxl.de\\\/markt\\\/#organization\"},\"potentialAction\":[{\"@type\":\"SearchAction\",\"target\":{\"@type\":\"EntryPoint\",\"urlTemplate\":\"https:\\\/\\\/marktxxl.de\\\/markt\\\/?s={search_term_string}\"},\"query-input\":{\"@type\":\"PropertyValueSpecification\",\"valueRequired\":true,\"valueName\":\"search_term_string\"}}],\"inLanguage\":\"de\"},{\"@type\":\"Organization\",\"@id\":\"https:\\\/\\\/marktxxl.de\\\/markt\\\/#organization\",\"name\":\"Markt-XXL\",\"url\":\"https:\\\/\\\/marktxxl.de\\\/markt\\\/\",\"logo\":{\"@type\":\"ImageObject\",\"inLanguage\":\"de\",\"@id\":\"https:\\\/\\\/marktxxl.de\\\/markt\\\/#\\\/schema\\\/logo\\\/image\\\/\",\"url\":\"https:\\\/\\\/marktxxl.de\\\/markt\\\/wp-content\\\/uploads\\\/sites\\\/3\\\/2020\\\/12\\\/logo.png\",\"contentUrl\":\"https:\\\/\\\/marktxxl.de\\\/markt\\\/wp-content\\\/uploads\\\/sites\\\/3\\\/2020\\\/12\\\/logo.png\",\"width\":200,\"height\":70,\"caption\":\"Markt-XXL\"},\"image\":{\"@id\":\"https:\\\/\\\/marktxxl.de\\\/markt\\\/#\\\/schema\\\/logo\\\/image\\\/\"}}]}<\/script>\n<!-- \/ Yoast SEO plugin. -->","yoast_head_json":{"title":"Viva la Mama - Trageweste aus Fleece, Winter Zusatzweste f\u00fcr Tragejacken - RERIK - Markt-XXL","description":"Markt-XXL Viva la Mama - Trageweste aus Fleece, Winter Zusatzweste f\u00fcr Tragejacken - RERIK","robots":{"index":"index","follow":"follow","max-snippet":"max-snippet:-1","max-image-preview":"max-image-preview:large","max-video-preview":"max-video-preview:-1"},"canonical":"https:\/\/marktxxl.de\/markt\/produkt\/viva-la-mama-trageweste-aus-fleece-winter-zusatzweste-fuer-tragejacken-rerik\/","og_locale":"de_DE","og_type":"article","og_title":"Viva la Mama - Trageweste aus Fleece, Winter Zusatzweste f\u00fcr Tragejacken - RERIK - Markt-XXL","og_description":"Markt-XXL Viva la Mama - Trageweste aus Fleece, Winter Zusatzweste f\u00fcr Tragejacken - RERIK","og_url":"https:\/\/marktxxl.de\/markt\/produkt\/viva-la-mama-trageweste-aus-fleece-winter-zusatzweste-fuer-tragejacken-rerik\/","og_site_name":"Markt-XXL","article_modified_time":"2023-04-11T02:40:16+00:00","og_image":[{"width":348,"height":500,"url":"https:\/\/m.media-amazon.com\/images\/I\/318czz+vQFL._SL500_.jpg","type":"image\/jpeg"}],"twitter_card":"summary_large_image","twitter_misc":{"Gesch\u00e4tzte Lesezeit":"1\u00a0Minute"},"schema":{"@context":"https:\/\/schema.org","@graph":[{"@type":"WebPage","@id":"https:\/\/marktxxl.de\/markt\/produkt\/viva-la-mama-trageweste-aus-fleece-winter-zusatzweste-fuer-tragejacken-rerik\/","url":"https:\/\/marktxxl.de\/markt\/produkt\/viva-la-mama-trageweste-aus-fleece-winter-zusatzweste-fuer-tragejacken-rerik\/","name":"Viva la Mama - Trageweste aus Fleece, Winter Zusatzweste f\u00fcr Tragejacken - RERIK - Markt-XXL","isPartOf":{"@id":"https:\/\/marktxxl.de\/markt\/#website"},"primaryImageOfPage":{"@id":"https:\/\/marktxxl.de\/markt\/produkt\/viva-la-mama-trageweste-aus-fleece-winter-zusatzweste-fuer-tragejacken-rerik\/#primaryimage"},"image":{"@id":"https:\/\/marktxxl.de\/markt\/produkt\/viva-la-mama-trageweste-aus-fleece-winter-zusatzweste-fuer-tragejacken-rerik\/#primaryimage"},"thumbnailUrl":"https:\/\/m.media-amazon.com\/images\/I\/318czz+vQFL._SL500_.jpg","datePublished":"2022-10-12T02:25:33+00:00","dateModified":"2023-04-11T02:40:16+00:00","description":"Markt-XXL Viva la Mama - Trageweste aus Fleece, Winter Zusatzweste f\u00fcr Tragejacken - RERIK","breadcrumb":{"@id":"https:\/\/marktxxl.de\/markt\/produkt\/viva-la-mama-trageweste-aus-fleece-winter-zusatzweste-fuer-tragejacken-rerik\/#breadcrumb"},"inLanguage":"de","potentialAction":[{"@type":"ReadAction","target":["https:\/\/marktxxl.de\/markt\/produkt\/viva-la-mama-trageweste-aus-fleece-winter-zusatzweste-fuer-tragejacken-rerik\/"]}]},{"@type":"ImageObject","inLanguage":"de","@id":"https:\/\/marktxxl.de\/markt\/produkt\/viva-la-mama-trageweste-aus-fleece-winter-zusatzweste-fuer-tragejacken-rerik\/#primaryimage","url":"https:\/\/m.media-amazon.com\/images\/I\/318czz+vQFL._SL500_.jpg","contentUrl":"https:\/\/m.media-amazon.com\/images\/I\/318czz+vQFL._SL500_.jpg","width":348,"height":500},{"@type":"BreadcrumbList","@id":"https:\/\/marktxxl.de\/markt\/produkt\/viva-la-mama-trageweste-aus-fleece-winter-zusatzweste-fuer-tragejacken-rerik\/#breadcrumb","itemListElement":[{"@type":"ListItem","position":1,"name":"Startseite","item":"https:\/\/marktxxl.de\/markt\/"},{"@type":"ListItem","position":2,"name":"Markt","item":"https:\/\/marktxxl.de\/markt\/"},{"@type":"ListItem","position":3,"name":"Viva la Mama &#8211; Trageweste aus Fleece, Winter Zusatzweste f\u00fcr Tragejacken &#8211; RERIK"}]},{"@type":"WebSite","@id":"https:\/\/marktxxl.de\/markt\/#website","url":"https:\/\/marktxxl.de\/markt\/","name":"Markt-XXL","description":"Ihr Markt Online","publisher":{"@id":"https:\/\/marktxxl.de\/markt\/#organization"},"potentialAction":[{"@type":"SearchAction","target":{"@type":"EntryPoint","urlTemplate":"https:\/\/marktxxl.de\/markt\/?s={search_term_string}"},"query-input":{"@type":"PropertyValueSpecification","valueRequired":true,"valueName":"search_term_string"}}],"inLanguage":"de"},{"@type":"Organization","@id":"https:\/\/marktxxl.de\/markt\/#organization","name":"Markt-XXL","url":"https:\/\/marktxxl.de\/markt\/","logo":{"@type":"ImageObject","inLanguage":"de","@id":"https:\/\/marktxxl.de\/markt\/#\/schema\/logo\/image\/","url":"https:\/\/marktxxl.de\/markt\/wp-content\/uploads\/sites\/3\/2020\/12\/logo.png","contentUrl":"https:\/\/marktxxl.de\/markt\/wp-content\/uploads\/sites\/3\/2020\/12\/logo.png","width":200,"height":70,"caption":"Markt-XXL"},"image":{"@id":"https:\/\/marktxxl.de\/markt\/#\/schema\/logo\/image\/"}}]}},"_links":{"self":[{"href":"https:\/\/marktxxl.de\/markt\/wp-json\/wp\/v2\/product\/157973","targetHints":{"allow":["GET"]}}],"collection":[{"href":"https:\/\/marktxxl.de\/markt\/wp-json\/wp\/v2\/product"}],"about":[{"href":"https:\/\/marktxxl.de\/markt\/wp-json\/wp\/v2\/types\/product"}],"replies":[{"embeddable":true,"href":"https:\/\/marktxxl.de\/markt\/wp-json\/wp\/v2\/comments?post=157973"}],"wp:featuredmedia":[{"embeddable":true,"href":"https:\/\/marktxxl.de\/markt\/wp-json\/wp\/v2\/media\/157974"}],"wp:attachment":[{"href":"https:\/\/marktxxl.de\/markt\/wp-json\/wp\/v2\/media?parent=157973"}],"wp:term":[{"taxonomy":"product_brand","embeddable":true,"href":"https:\/\/marktxxl.de\/markt\/wp-json\/wp\/v2\/product_brand?post=157973"},{"taxonomy":"product_cat","embeddable":true,"href":"https:\/\/marktxxl.de\/markt\/wp-json\/wp\/v2\/product_cat?post=157973"},{"taxonomy":"product_tag","embeddable":true,"href":"https:\/\/marktxxl.de\/markt\/wp-json\/wp\/v2\/product_tag?post=157973"}],"curies":[{"name":"wp","href":"https:\/\/api.w.org\/{rel}","templated":true}]}}