{"id":157955,"date":"2022-10-12T04:25:04","date_gmt":"2022-10-12T02:25:04","guid":{"rendered":"https:\/\/marktxxl.de\/markt\/produkt\/ekouaer-womens-nursing-delivery-labor-hospital-nightdress-short-sleeve-maternity-nightgown-with-button-s-xxl\/"},"modified":"2023-04-11T04:40:15","modified_gmt":"2023-04-11T02:40:15","slug":"ekouaer-womens-nursing-delivery-labor-hospital-nightdress-short-sleeve-maternity-nightgown-with-button-s-xxl","status":"publish","type":"product","link":"https:\/\/marktxxl.de\/markt\/produkt\/ekouaer-womens-nursing-delivery-labor-hospital-nightdress-short-sleeve-maternity-nightgown-with-button-s-xxl\/","title":{"rendered":"Ekouaer Women\u2019s Nursing\/Delivery\/Labor\/Hospital Nightdress Short Sleeve Maternity Nightgown with Button S-XXL"},"content":{"rendered":"<p>\u2764 Hautfreundliches Material: Ekouaer Stillnachthemd besteht aus 95 % Viskose, 5 % Elastan. Der Stillmantel mit Rei\u00dfverschluss ist aus weichem Modalgewebe und nat\u00fcrlicher Blumenextraktion gef\u00e4rbt. Hautfreundlich, atmungsaktiv, leicht, l\u00e4sst Ihre Haut frei atmen und bietet Ihnen Komfort beim Schlafen. Es kann perfekt als Nachtw\u00e4sche w\u00e4hrend der Schwangerschaft, Arbeit und nach der Geburt verwendet werden.<br \/>\n\u2764 Eigenschaften: Umstandsstill-Nachthemd mit Rundhalsausschnitt, Raglan\/solide, kurze \u00c4rmel, beide seitliche Rei\u00dfverschl\u00fcsse auf der Brust, A-Linien-Split\/asymmetrisches Saum-Design, knielanges Stillnachthemd. Aus Baumwolle nach der Geburt, weiches, leichtes, dehnbares und bequemes Gewebe ist eine gute Wahl zum Schlafen und Ausgehen. Asymmetrisches Saum-Design verleiht der Mutter mehr Mode.<br \/>\n\u2764 Beide Seiten versteckte Rei\u00dfverschl\u00fcsse: Der weiche Stillmantel hat Zugang zum F\u00fcttern durch \u00d6ffnen eines Rei\u00dfverschlusses auf einer oder beiden Seiten. Seitliche \u00d6ffnungen sind f\u00fcr einfaches Stillen konzipiert und sind auch sicher, wenn Sie nicht f\u00fcttern. Das Still-Pyjama-Kleid bietet Ihnen eine bequemere und funktionale Arbeitszeit und nach dem Patum.<br \/>\n\u2764 Ergonomisches Design: Die locker sitzende, elastische Passform erm\u00f6glicht Komfort f\u00fcr Ihren sch\u00f6nen, sich ausdehnenden Bauch. Extra Raum um den Bauch kommt mit einer angenehm ger\u00e4umigen Passform f\u00fcr zus\u00e4tzlichen Komfort w\u00e4hrend und nach der Schwangerschaft. Geeignet f\u00fcr Fr\u00fchling, Sommer, Herbst.<br \/>\n\u2764 3-in-1-Funktionen: Das 3-in-1-Arbeits- und Lieferungskleid ist geeignet zum Stillen von Nachthemden, Mutterschaftskrankenhaus-Nachthemd, nach der Geburt, zum Stillen von Schlafanzugkleid, zur Geburt. Tolles Geschenk f\u00fcr Schwangere \u2013 perfektes Geschenk f\u00fcr Ihre schwangere Frau, Schwestern oder Freunde \u2013 Sie werden dieses Still-Nachthemd lieben, das sie in allen Phasen begleiten k\u00f6nnen: Schwangerschaft, Arbeit, Lieferung, nach der Geburt und Stillen.<br \/>\n<div class=\"main-cross-sell\" data-asin=\"B07RBNLP3C\">\n\n\t<div class=\"WooZone-cross-sell-loader\">\n\t\t<div>\n\t\t\t<div id=\"floatingBarsG\">\n\t\t\t\t<div class=\"blockG\" id=\"rotateG_01\"><\/div>\n\t\t\t\t<div class=\"blockG\" id=\"rotateG_02\"><\/div>\n\t\t\t\t<div class=\"blockG\" id=\"rotateG_03\"><\/div>\n\t\t\t\t<div class=\"blockG\" id=\"rotateG_04\"><\/div>\n\t\t\t\t<div class=\"blockG\" id=\"rotateG_05\"><\/div>\n\t\t\t\t<div class=\"blockG\" id=\"rotateG_06\"><\/div>\n\t\t\t\t<div class=\"blockG\" id=\"rotateG_07\"><\/div>\n\t\t\t\t<div class=\"blockG\" id=\"rotateG_08\"><\/div>\n\t\t\t<\/div>\n\t\t\t<div class=\"WooZone-cross-sell-loader-text\"><\/div>\n\t\t<\/div>\n\t<\/div>\n\n\t\t\n<\/div>\n<div style=\"clear:both;\"><\/div><\/p>\n","protected":false},"excerpt":{"rendered":"<p>\u2764 Hautfreundliches Material: Ekouaer Stillnachthemd besteht aus 95 % Viskose, 5 % Elastan. Der Stillmantel mit Rei\u00dfverschluss ist aus weichem Modalgewebe und nat\u00fcrlicher Blumenextraktion gef\u00e4rbt. Hautfreundlich, atmungsaktiv, leicht, l\u00e4sst Ihre Haut frei atmen und bietet Ihnen Komfort beim Schlafen. Es kann perfekt als Nachtw\u00e4sche w\u00e4hrend der Schwangerschaft, Arbeit und nach der Geburt verwendet werden.<br \/>\n\u2764 Eigenschaften: Umstandsstill-Nachthemd mit Rundhalsausschnitt, Raglan\/solide, kurze \u00c4rmel, beide seitliche Rei\u00dfverschl\u00fcsse auf der Brust, A-Linien-Split\/asymmetrisches Saum-Design, knielanges Stillnachthemd. Aus Baumwolle nach der Geburt, weiches, leichtes, dehnbares und bequemes Gewebe ist eine gute Wahl zum Schlafen und Ausgehen. Asymmetrisches Saum-Design verleiht der Mutter mehr Mode.<br \/>\n\u2764 Beide Seiten versteckte Rei\u00dfverschl\u00fcsse: Der weiche Stillmantel hat Zugang zum F\u00fcttern durch \u00d6ffnen eines Rei\u00dfverschlusses auf einer oder beiden Seiten. Seitliche \u00d6ffnungen sind f\u00fcr einfaches Stillen konzipiert und sind auch sicher, wenn Sie nicht f\u00fcttern. Das Still-Pyjama-Kleid bietet Ihnen eine bequemere und funktionale Arbeitszeit und nach dem Patum.<\/p>\n","protected":false},"featured_media":157956,"comment_status":"open","ping_status":"closed","template":"","meta":[],"product_brand":[],"product_cat":[21,9478],"product_tag":[],"class_list":{"0":"post-157955","1":"product","2":"type-product","3":"status-publish","4":"has-post-thumbnail","6":"product_cat-baby","7":"product_cat-umstandskleidung-baby","8":"pa_binding-textilien","9":"pa_brand-ekouaer","10":"pa_color-extraktion","11":"pa_manufacturer-ekouaer","12":"pa_model-ekk009799","14":"first","15":"instock","16":"shipping-taxable","17":"purchasable","18":"product-type-simple","19":"customify-col","20":"product-has-gallery"},"yoast_head":"<!-- This site is optimized with the Yoast SEO plugin v27.4 - https:\/\/yoast.com\/product\/yoast-seo-wordpress\/ -->\n<title>Ekouaer Women\u2019s Nursing\/Delivery\/Labor\/Hospital Nightdress Short Sleeve Maternity Nightgown with Button S-XXL - Markt-XXL<\/title>\n<meta name=\"description\" content=\"Markt-XXL Ekouaer Women\u2019s Nursing\/Delivery\/Labor\/Hospital Nightdress Short Sleeve Maternity Nightgown with Button S-XXL\" \/>\n<meta name=\"robots\" content=\"index, follow, max-snippet:-1, max-image-preview:large, max-video-preview:-1\" \/>\n<link rel=\"canonical\" href=\"https:\/\/marktxxl.de\/markt\/produkt\/ekouaer-womens-nursing-delivery-labor-hospital-nightdress-short-sleeve-maternity-nightgown-with-button-s-xxl\/\" \/>\n<meta property=\"og:locale\" content=\"de_DE\" \/>\n<meta property=\"og:type\" content=\"article\" \/>\n<meta property=\"og:title\" content=\"Ekouaer Women\u2019s Nursing\/Delivery\/Labor\/Hospital Nightdress Short Sleeve Maternity Nightgown with Button S-XXL - Markt-XXL\" \/>\n<meta property=\"og:description\" content=\"Markt-XXL Ekouaer Women\u2019s Nursing\/Delivery\/Labor\/Hospital Nightdress Short Sleeve Maternity Nightgown with Button S-XXL\" \/>\n<meta property=\"og:url\" content=\"https:\/\/marktxxl.de\/markt\/produkt\/ekouaer-womens-nursing-delivery-labor-hospital-nightdress-short-sleeve-maternity-nightgown-with-button-s-xxl\/\" \/>\n<meta property=\"og:site_name\" content=\"Markt-XXL\" \/>\n<meta property=\"article:modified_time\" content=\"2023-04-11T02:40:15+00:00\" \/>\n<meta property=\"og:image\" content=\"https:\/\/m.media-amazon.com\/images\/I\/41ZCSkZfIcL._SL500_.jpg\" \/>\n\t<meta property=\"og:image:width\" content=\"386\" \/>\n\t<meta property=\"og:image:height\" content=\"500\" \/>\n\t<meta property=\"og:image:type\" content=\"image\/jpeg\" \/>\n<meta name=\"twitter:card\" content=\"summary_large_image\" \/>\n<meta name=\"twitter:label1\" content=\"Gesch\u00e4tzte Lesezeit\" \/>\n\t<meta name=\"twitter:data1\" content=\"1\u00a0Minute\" \/>\n<script type=\"application\/ld+json\" class=\"yoast-schema-graph\">{\"@context\":\"https:\\\/\\\/schema.org\",\"@graph\":[{\"@type\":\"WebPage\",\"@id\":\"https:\\\/\\\/marktxxl.de\\\/markt\\\/produkt\\\/ekouaer-womens-nursing-delivery-labor-hospital-nightdress-short-sleeve-maternity-nightgown-with-button-s-xxl\\\/\",\"url\":\"https:\\\/\\\/marktxxl.de\\\/markt\\\/produkt\\\/ekouaer-womens-nursing-delivery-labor-hospital-nightdress-short-sleeve-maternity-nightgown-with-button-s-xxl\\\/\",\"name\":\"Ekouaer Women\u2019s Nursing\\\/Delivery\\\/Labor\\\/Hospital Nightdress Short Sleeve Maternity Nightgown with Button S-XXL - Markt-XXL\",\"isPartOf\":{\"@id\":\"https:\\\/\\\/marktxxl.de\\\/markt\\\/#website\"},\"primaryImageOfPage\":{\"@id\":\"https:\\\/\\\/marktxxl.de\\\/markt\\\/produkt\\\/ekouaer-womens-nursing-delivery-labor-hospital-nightdress-short-sleeve-maternity-nightgown-with-button-s-xxl\\\/#primaryimage\"},\"image\":{\"@id\":\"https:\\\/\\\/marktxxl.de\\\/markt\\\/produkt\\\/ekouaer-womens-nursing-delivery-labor-hospital-nightdress-short-sleeve-maternity-nightgown-with-button-s-xxl\\\/#primaryimage\"},\"thumbnailUrl\":\"https:\\\/\\\/m.media-amazon.com\\\/images\\\/I\\\/41ZCSkZfIcL._SL500_.jpg\",\"datePublished\":\"2022-10-12T02:25:04+00:00\",\"dateModified\":\"2023-04-11T02:40:15+00:00\",\"description\":\"Markt-XXL Ekouaer Women\u2019s Nursing\\\/Delivery\\\/Labor\\\/Hospital Nightdress Short Sleeve Maternity Nightgown with Button S-XXL\",\"breadcrumb\":{\"@id\":\"https:\\\/\\\/marktxxl.de\\\/markt\\\/produkt\\\/ekouaer-womens-nursing-delivery-labor-hospital-nightdress-short-sleeve-maternity-nightgown-with-button-s-xxl\\\/#breadcrumb\"},\"inLanguage\":\"de\",\"potentialAction\":[{\"@type\":\"ReadAction\",\"target\":[\"https:\\\/\\\/marktxxl.de\\\/markt\\\/produkt\\\/ekouaer-womens-nursing-delivery-labor-hospital-nightdress-short-sleeve-maternity-nightgown-with-button-s-xxl\\\/\"]}]},{\"@type\":\"ImageObject\",\"inLanguage\":\"de\",\"@id\":\"https:\\\/\\\/marktxxl.de\\\/markt\\\/produkt\\\/ekouaer-womens-nursing-delivery-labor-hospital-nightdress-short-sleeve-maternity-nightgown-with-button-s-xxl\\\/#primaryimage\",\"url\":\"https:\\\/\\\/m.media-amazon.com\\\/images\\\/I\\\/41ZCSkZfIcL._SL500_.jpg\",\"contentUrl\":\"https:\\\/\\\/m.media-amazon.com\\\/images\\\/I\\\/41ZCSkZfIcL._SL500_.jpg\",\"width\":386,\"height\":500},{\"@type\":\"BreadcrumbList\",\"@id\":\"https:\\\/\\\/marktxxl.de\\\/markt\\\/produkt\\\/ekouaer-womens-nursing-delivery-labor-hospital-nightdress-short-sleeve-maternity-nightgown-with-button-s-xxl\\\/#breadcrumb\",\"itemListElement\":[{\"@type\":\"ListItem\",\"position\":1,\"name\":\"Startseite\",\"item\":\"https:\\\/\\\/marktxxl.de\\\/markt\\\/\"},{\"@type\":\"ListItem\",\"position\":2,\"name\":\"Markt\",\"item\":\"https:\\\/\\\/marktxxl.de\\\/markt\\\/\"},{\"@type\":\"ListItem\",\"position\":3,\"name\":\"Ekouaer Women\u2019s Nursing\\\/Delivery\\\/Labor\\\/Hospital Nightdress Short Sleeve Maternity Nightgown with Button S-XXL\"}]},{\"@type\":\"WebSite\",\"@id\":\"https:\\\/\\\/marktxxl.de\\\/markt\\\/#website\",\"url\":\"https:\\\/\\\/marktxxl.de\\\/markt\\\/\",\"name\":\"Markt-XXL\",\"description\":\"Ihr Markt Online\",\"publisher\":{\"@id\":\"https:\\\/\\\/marktxxl.de\\\/markt\\\/#organization\"},\"potentialAction\":[{\"@type\":\"SearchAction\",\"target\":{\"@type\":\"EntryPoint\",\"urlTemplate\":\"https:\\\/\\\/marktxxl.de\\\/markt\\\/?s={search_term_string}\"},\"query-input\":{\"@type\":\"PropertyValueSpecification\",\"valueRequired\":true,\"valueName\":\"search_term_string\"}}],\"inLanguage\":\"de\"},{\"@type\":\"Organization\",\"@id\":\"https:\\\/\\\/marktxxl.de\\\/markt\\\/#organization\",\"name\":\"Markt-XXL\",\"url\":\"https:\\\/\\\/marktxxl.de\\\/markt\\\/\",\"logo\":{\"@type\":\"ImageObject\",\"inLanguage\":\"de\",\"@id\":\"https:\\\/\\\/marktxxl.de\\\/markt\\\/#\\\/schema\\\/logo\\\/image\\\/\",\"url\":\"https:\\\/\\\/marktxxl.de\\\/markt\\\/wp-content\\\/uploads\\\/sites\\\/3\\\/2020\\\/12\\\/logo.png\",\"contentUrl\":\"https:\\\/\\\/marktxxl.de\\\/markt\\\/wp-content\\\/uploads\\\/sites\\\/3\\\/2020\\\/12\\\/logo.png\",\"width\":200,\"height\":70,\"caption\":\"Markt-XXL\"},\"image\":{\"@id\":\"https:\\\/\\\/marktxxl.de\\\/markt\\\/#\\\/schema\\\/logo\\\/image\\\/\"}}]}<\/script>\n<!-- \/ Yoast SEO plugin. -->","yoast_head_json":{"title":"Ekouaer Women\u2019s Nursing\/Delivery\/Labor\/Hospital Nightdress Short Sleeve Maternity Nightgown with Button S-XXL - Markt-XXL","description":"Markt-XXL Ekouaer Women\u2019s Nursing\/Delivery\/Labor\/Hospital Nightdress Short Sleeve Maternity Nightgown with Button S-XXL","robots":{"index":"index","follow":"follow","max-snippet":"max-snippet:-1","max-image-preview":"max-image-preview:large","max-video-preview":"max-video-preview:-1"},"canonical":"https:\/\/marktxxl.de\/markt\/produkt\/ekouaer-womens-nursing-delivery-labor-hospital-nightdress-short-sleeve-maternity-nightgown-with-button-s-xxl\/","og_locale":"de_DE","og_type":"article","og_title":"Ekouaer Women\u2019s Nursing\/Delivery\/Labor\/Hospital Nightdress Short Sleeve Maternity Nightgown with Button S-XXL - Markt-XXL","og_description":"Markt-XXL Ekouaer Women\u2019s Nursing\/Delivery\/Labor\/Hospital Nightdress Short Sleeve Maternity Nightgown with Button S-XXL","og_url":"https:\/\/marktxxl.de\/markt\/produkt\/ekouaer-womens-nursing-delivery-labor-hospital-nightdress-short-sleeve-maternity-nightgown-with-button-s-xxl\/","og_site_name":"Markt-XXL","article_modified_time":"2023-04-11T02:40:15+00:00","og_image":[{"width":386,"height":500,"url":"https:\/\/m.media-amazon.com\/images\/I\/41ZCSkZfIcL._SL500_.jpg","type":"image\/jpeg"}],"twitter_card":"summary_large_image","twitter_misc":{"Gesch\u00e4tzte Lesezeit":"1\u00a0Minute"},"schema":{"@context":"https:\/\/schema.org","@graph":[{"@type":"WebPage","@id":"https:\/\/marktxxl.de\/markt\/produkt\/ekouaer-womens-nursing-delivery-labor-hospital-nightdress-short-sleeve-maternity-nightgown-with-button-s-xxl\/","url":"https:\/\/marktxxl.de\/markt\/produkt\/ekouaer-womens-nursing-delivery-labor-hospital-nightdress-short-sleeve-maternity-nightgown-with-button-s-xxl\/","name":"Ekouaer Women\u2019s Nursing\/Delivery\/Labor\/Hospital Nightdress Short Sleeve Maternity Nightgown with Button S-XXL - Markt-XXL","isPartOf":{"@id":"https:\/\/marktxxl.de\/markt\/#website"},"primaryImageOfPage":{"@id":"https:\/\/marktxxl.de\/markt\/produkt\/ekouaer-womens-nursing-delivery-labor-hospital-nightdress-short-sleeve-maternity-nightgown-with-button-s-xxl\/#primaryimage"},"image":{"@id":"https:\/\/marktxxl.de\/markt\/produkt\/ekouaer-womens-nursing-delivery-labor-hospital-nightdress-short-sleeve-maternity-nightgown-with-button-s-xxl\/#primaryimage"},"thumbnailUrl":"https:\/\/m.media-amazon.com\/images\/I\/41ZCSkZfIcL._SL500_.jpg","datePublished":"2022-10-12T02:25:04+00:00","dateModified":"2023-04-11T02:40:15+00:00","description":"Markt-XXL Ekouaer Women\u2019s Nursing\/Delivery\/Labor\/Hospital Nightdress Short Sleeve Maternity Nightgown with Button S-XXL","breadcrumb":{"@id":"https:\/\/marktxxl.de\/markt\/produkt\/ekouaer-womens-nursing-delivery-labor-hospital-nightdress-short-sleeve-maternity-nightgown-with-button-s-xxl\/#breadcrumb"},"inLanguage":"de","potentialAction":[{"@type":"ReadAction","target":["https:\/\/marktxxl.de\/markt\/produkt\/ekouaer-womens-nursing-delivery-labor-hospital-nightdress-short-sleeve-maternity-nightgown-with-button-s-xxl\/"]}]},{"@type":"ImageObject","inLanguage":"de","@id":"https:\/\/marktxxl.de\/markt\/produkt\/ekouaer-womens-nursing-delivery-labor-hospital-nightdress-short-sleeve-maternity-nightgown-with-button-s-xxl\/#primaryimage","url":"https:\/\/m.media-amazon.com\/images\/I\/41ZCSkZfIcL._SL500_.jpg","contentUrl":"https:\/\/m.media-amazon.com\/images\/I\/41ZCSkZfIcL._SL500_.jpg","width":386,"height":500},{"@type":"BreadcrumbList","@id":"https:\/\/marktxxl.de\/markt\/produkt\/ekouaer-womens-nursing-delivery-labor-hospital-nightdress-short-sleeve-maternity-nightgown-with-button-s-xxl\/#breadcrumb","itemListElement":[{"@type":"ListItem","position":1,"name":"Startseite","item":"https:\/\/marktxxl.de\/markt\/"},{"@type":"ListItem","position":2,"name":"Markt","item":"https:\/\/marktxxl.de\/markt\/"},{"@type":"ListItem","position":3,"name":"Ekouaer Women\u2019s Nursing\/Delivery\/Labor\/Hospital Nightdress Short Sleeve Maternity Nightgown with Button S-XXL"}]},{"@type":"WebSite","@id":"https:\/\/marktxxl.de\/markt\/#website","url":"https:\/\/marktxxl.de\/markt\/","name":"Markt-XXL","description":"Ihr Markt Online","publisher":{"@id":"https:\/\/marktxxl.de\/markt\/#organization"},"potentialAction":[{"@type":"SearchAction","target":{"@type":"EntryPoint","urlTemplate":"https:\/\/marktxxl.de\/markt\/?s={search_term_string}"},"query-input":{"@type":"PropertyValueSpecification","valueRequired":true,"valueName":"search_term_string"}}],"inLanguage":"de"},{"@type":"Organization","@id":"https:\/\/marktxxl.de\/markt\/#organization","name":"Markt-XXL","url":"https:\/\/marktxxl.de\/markt\/","logo":{"@type":"ImageObject","inLanguage":"de","@id":"https:\/\/marktxxl.de\/markt\/#\/schema\/logo\/image\/","url":"https:\/\/marktxxl.de\/markt\/wp-content\/uploads\/sites\/3\/2020\/12\/logo.png","contentUrl":"https:\/\/marktxxl.de\/markt\/wp-content\/uploads\/sites\/3\/2020\/12\/logo.png","width":200,"height":70,"caption":"Markt-XXL"},"image":{"@id":"https:\/\/marktxxl.de\/markt\/#\/schema\/logo\/image\/"}}]}},"_links":{"self":[{"href":"https:\/\/marktxxl.de\/markt\/wp-json\/wp\/v2\/product\/157955","targetHints":{"allow":["GET"]}}],"collection":[{"href":"https:\/\/marktxxl.de\/markt\/wp-json\/wp\/v2\/product"}],"about":[{"href":"https:\/\/marktxxl.de\/markt\/wp-json\/wp\/v2\/types\/product"}],"replies":[{"embeddable":true,"href":"https:\/\/marktxxl.de\/markt\/wp-json\/wp\/v2\/comments?post=157955"}],"wp:featuredmedia":[{"embeddable":true,"href":"https:\/\/marktxxl.de\/markt\/wp-json\/wp\/v2\/media\/157956"}],"wp:attachment":[{"href":"https:\/\/marktxxl.de\/markt\/wp-json\/wp\/v2\/media?parent=157955"}],"wp:term":[{"taxonomy":"product_brand","embeddable":true,"href":"https:\/\/marktxxl.de\/markt\/wp-json\/wp\/v2\/product_brand?post=157955"},{"taxonomy":"product_cat","embeddable":true,"href":"https:\/\/marktxxl.de\/markt\/wp-json\/wp\/v2\/product_cat?post=157955"},{"taxonomy":"product_tag","embeddable":true,"href":"https:\/\/marktxxl.de\/markt\/wp-json\/wp\/v2\/product_tag?post=157955"}],"curies":[{"name":"wp","href":"https:\/\/api.w.org\/{rel}","templated":true}]}}