{"id":157848,"date":"2022-10-12T03:58:13","date_gmt":"2022-10-12T01:58:13","guid":{"rendered":"https:\/\/marktxxl.de\/markt\/produkt\/sonic-the-igele-pyjamas-maedchen-pink-gamer-t-shirt-langlange-pjs-set\/"},"modified":"2023-04-11T04:40:13","modified_gmt":"2023-04-11T02:40:13","slug":"sonic-the-igele-pyjamas-maedchen-pink-gamer-t-shirt-langlange-pjs-set","status":"publish","type":"product","link":"https:\/\/marktxxl.de\/markt\/produkt\/sonic-the-igele-pyjamas-maedchen-pink-gamer-t-shirt-langlange-pjs-set\/","title":{"rendered":"Sonic The Igele Pyjamas M\u00e4dchen Pink Gamer T-Shirt &amp; Langlange PJS Set"},"content":{"rendered":"<p>Sonic the Hedgehog Pyjamas f\u00fcr M\u00e4dchen &#8211; Unsere Sonic PJS sind ideal f\u00fcr Kinder, die es lieben, ihr Lieblings-Sega-Spiel und Film zu spielen und zu sehen. Die rosa Pyjamas sind eine gro\u00dfartige Idee als Geburtstagsgeschenk oder f\u00fcr jeden besonderen Anlass und eignen sich f\u00fcr Kinder aus den Gr\u00f6\u00dfen 4-5 bis 11-12 Jahre.<br \/>\nErh\u00e4ltlich in verschiedenen Gr\u00f6\u00dfen Sonic Merchandise &#8211; The Sonic Kids Sleepwear Set in Gr\u00f6\u00dfen; 4-5 Jahre, 5-6 Jahre, 6-7 Jahre, 7-8 Jahre, 8-9 Jahre, 9-10 Jahre bis 11-12 Jahre. Sie kommen in regelm\u00e4\u00dfiger Passform und sind f\u00fcr den ultimativen Komfort f\u00fcr Sonic The Igel Treams mit Charakter Friends Knuckle, Tails, Amy Rose, Doktor Eggman &amp; More!<br \/>\nBaumwoll- &amp; Polyester-Sonic-Oberteil und langen B\u00f6den &#8211; Das Sonic-Top besteht aus Baumwolle, w\u00e4hrend die B\u00f6den aus 98% Baumwolle \/ 2% Polyester f\u00fcr gem\u00fctlich, leicht und sehr weich bestehen. Mit einem strapazierf\u00e4higen, elastischen Bund um Sonic-Hose, der sie f\u00fcr alle K\u00f6rpergr\u00f6\u00dfen dehnbar macht.<br \/>\nRosa u. Blaues Glitter Top mit Sonic &amp; Amy Rose Design &#8211; Entz\u00fcckende rosa und graue Sleepwear-Set bietet die beiden geliebten Zeichen, die von Glitzertext umgeben sind, um das perfekte Sonic-Outfit f\u00fcr das Liegen und das Spielen zu machen.<br \/>\nOffiziell lizenzierte Sonic The Igel-Merchandise &#8211; Dieser Sonic-Pyjama-Set f\u00fcr Kinder ist 100% offizielles Sonic The Igel-Merchandise, um das Beste aus diesem Produkt herauszuholen<br \/>\n<div class=\"main-cross-sell\" data-asin=\"B097KNLW2J\">\n\n\t<div class=\"WooZone-cross-sell-loader\">\n\t\t<div>\n\t\t\t<div id=\"floatingBarsG\">\n\t\t\t\t<div class=\"blockG\" id=\"rotateG_01\"><\/div>\n\t\t\t\t<div class=\"blockG\" id=\"rotateG_02\"><\/div>\n\t\t\t\t<div class=\"blockG\" id=\"rotateG_03\"><\/div>\n\t\t\t\t<div class=\"blockG\" id=\"rotateG_04\"><\/div>\n\t\t\t\t<div class=\"blockG\" id=\"rotateG_05\"><\/div>\n\t\t\t\t<div class=\"blockG\" id=\"rotateG_06\"><\/div>\n\t\t\t\t<div class=\"blockG\" id=\"rotateG_07\"><\/div>\n\t\t\t\t<div class=\"blockG\" id=\"rotateG_08\"><\/div>\n\t\t\t<\/div>\n\t\t\t<div class=\"WooZone-cross-sell-loader-text\"><\/div>\n\t\t<\/div>\n\t<\/div>\n\n\t\t\n<\/div>\n<div style=\"clear:both;\"><\/div><\/p>\n","protected":false},"excerpt":{"rendered":"<p>Sonic the Hedgehog Pyjamas f\u00fcr M\u00e4dchen &#8211; Unsere Sonic PJS sind ideal f\u00fcr Kinder, die es lieben, ihr Lieblings-Sega-Spiel und Film zu spielen und zu sehen. Die rosa Pyjamas sind eine gro\u00dfartige Idee als Geburtstagsgeschenk oder f\u00fcr jeden besonderen Anlass und eignen sich f\u00fcr Kinder aus den Gr\u00f6\u00dfen 4-5 bis 11-12 Jahre.<br \/>\nErh\u00e4ltlich in verschiedenen Gr\u00f6\u00dfen Sonic Merchandise &#8211; The Sonic Kids Sleepwear Set in Gr\u00f6\u00dfen; 4-5 Jahre, 5-6 Jahre, 6-7 Jahre, 7-8 Jahre, 8-9 Jahre, 9-10 Jahre bis 11-12 Jahre. Sie kommen in regelm\u00e4\u00dfiger Passform und sind f\u00fcr den ultimativen Komfort f\u00fcr Sonic The Igel Treams mit Charakter Friends Knuckle, Tails, Amy Rose, Doktor Eggman &amp; More!<br \/>\nBaumwoll- &amp; Polyester-Sonic-Oberteil und langen B\u00f6den &#8211; Das Sonic-Top besteht aus Baumwolle, w\u00e4hrend die B\u00f6den aus 98% Baumwolle \/ 2% Polyester f\u00fcr gem\u00fctlich, leicht und sehr weich bestehen. Mit einem strapazierf\u00e4higen, elastischen Bund um Sonic-Hose, der sie f\u00fcr alle K\u00f6rpergr\u00f6\u00dfen dehnbar macht.<\/p>\n","protected":false},"featured_media":157849,"comment_status":"open","ping_status":"closed","template":"","meta":[],"product_brand":[],"product_cat":[1186,3990],"product_tag":[],"class_list":{"0":"post-157848","1":"product","2":"type-product","3":"status-publish","4":"has-post-thumbnail","6":"product_cat-bekleidung","7":"product_cat-maedchen","8":"pa_brand-sonic-the-hedgehog","9":"pa_color-rosa","10":"pa_manufacturer-vanilla-underground","12":"first","13":"instock","14":"shipping-taxable","15":"purchasable","16":"product-type-simple","17":"customify-col","18":"product-has-gallery"},"yoast_head":"<!-- This site is optimized with the Yoast SEO plugin v27.3 - https:\/\/yoast.com\/product\/yoast-seo-wordpress\/ -->\n<title>Sonic The Igele Pyjamas M\u00e4dchen Pink Gamer T-Shirt &amp; Langlange PJS Set - Markt-XXL<\/title>\n<meta name=\"description\" content=\"Markt-XXL Sonic The Igele Pyjamas M\u00e4dchen Pink Gamer T-Shirt &amp; Langlange PJS Set\" \/>\n<meta name=\"robots\" content=\"index, follow, max-snippet:-1, max-image-preview:large, max-video-preview:-1\" \/>\n<link rel=\"canonical\" href=\"https:\/\/marktxxl.de\/markt\/produkt\/sonic-the-igele-pyjamas-maedchen-pink-gamer-t-shirt-langlange-pjs-set\/\" \/>\n<meta property=\"og:locale\" content=\"de_DE\" \/>\n<meta property=\"og:type\" content=\"article\" \/>\n<meta property=\"og:title\" content=\"Sonic The Igele Pyjamas M\u00e4dchen Pink Gamer T-Shirt &amp; Langlange PJS Set - Markt-XXL\" \/>\n<meta property=\"og:description\" content=\"Markt-XXL Sonic The Igele Pyjamas M\u00e4dchen Pink Gamer T-Shirt &amp; Langlange PJS Set\" \/>\n<meta property=\"og:url\" content=\"https:\/\/marktxxl.de\/markt\/produkt\/sonic-the-igele-pyjamas-maedchen-pink-gamer-t-shirt-langlange-pjs-set\/\" \/>\n<meta property=\"og:site_name\" content=\"Markt-XXL\" \/>\n<meta property=\"article:modified_time\" content=\"2023-04-11T02:40:13+00:00\" \/>\n<meta property=\"og:image\" content=\"https:\/\/m.media-amazon.com\/images\/I\/41oGUkuVT9S._SL500_.jpg\" \/>\n\t<meta property=\"og:image:width\" content=\"393\" \/>\n\t<meta property=\"og:image:height\" content=\"500\" \/>\n\t<meta property=\"og:image:type\" content=\"image\/jpeg\" \/>\n<meta name=\"twitter:card\" content=\"summary_large_image\" \/>\n<meta name=\"twitter:label1\" content=\"Gesch\u00e4tzte Lesezeit\" \/>\n\t<meta name=\"twitter:data1\" content=\"1\u00a0Minute\" \/>\n<script type=\"application\/ld+json\" class=\"yoast-schema-graph\">{\"@context\":\"https:\\\/\\\/schema.org\",\"@graph\":[{\"@type\":\"WebPage\",\"@id\":\"https:\\\/\\\/marktxxl.de\\\/markt\\\/produkt\\\/sonic-the-igele-pyjamas-maedchen-pink-gamer-t-shirt-langlange-pjs-set\\\/\",\"url\":\"https:\\\/\\\/marktxxl.de\\\/markt\\\/produkt\\\/sonic-the-igele-pyjamas-maedchen-pink-gamer-t-shirt-langlange-pjs-set\\\/\",\"name\":\"Sonic The Igele Pyjamas M\u00e4dchen Pink Gamer T-Shirt &amp; Langlange PJS Set - Markt-XXL\",\"isPartOf\":{\"@id\":\"https:\\\/\\\/marktxxl.de\\\/markt\\\/#website\"},\"primaryImageOfPage\":{\"@id\":\"https:\\\/\\\/marktxxl.de\\\/markt\\\/produkt\\\/sonic-the-igele-pyjamas-maedchen-pink-gamer-t-shirt-langlange-pjs-set\\\/#primaryimage\"},\"image\":{\"@id\":\"https:\\\/\\\/marktxxl.de\\\/markt\\\/produkt\\\/sonic-the-igele-pyjamas-maedchen-pink-gamer-t-shirt-langlange-pjs-set\\\/#primaryimage\"},\"thumbnailUrl\":\"https:\\\/\\\/m.media-amazon.com\\\/images\\\/I\\\/41oGUkuVT9S._SL500_.jpg\",\"datePublished\":\"2022-10-12T01:58:13+00:00\",\"dateModified\":\"2023-04-11T02:40:13+00:00\",\"description\":\"Markt-XXL Sonic The Igele Pyjamas M\u00e4dchen Pink Gamer T-Shirt &amp; Langlange PJS Set\",\"breadcrumb\":{\"@id\":\"https:\\\/\\\/marktxxl.de\\\/markt\\\/produkt\\\/sonic-the-igele-pyjamas-maedchen-pink-gamer-t-shirt-langlange-pjs-set\\\/#breadcrumb\"},\"inLanguage\":\"de\",\"potentialAction\":[{\"@type\":\"ReadAction\",\"target\":[\"https:\\\/\\\/marktxxl.de\\\/markt\\\/produkt\\\/sonic-the-igele-pyjamas-maedchen-pink-gamer-t-shirt-langlange-pjs-set\\\/\"]}]},{\"@type\":\"ImageObject\",\"inLanguage\":\"de\",\"@id\":\"https:\\\/\\\/marktxxl.de\\\/markt\\\/produkt\\\/sonic-the-igele-pyjamas-maedchen-pink-gamer-t-shirt-langlange-pjs-set\\\/#primaryimage\",\"url\":\"https:\\\/\\\/m.media-amazon.com\\\/images\\\/I\\\/41oGUkuVT9S._SL500_.jpg\",\"contentUrl\":\"https:\\\/\\\/m.media-amazon.com\\\/images\\\/I\\\/41oGUkuVT9S._SL500_.jpg\",\"width\":393,\"height\":500},{\"@type\":\"BreadcrumbList\",\"@id\":\"https:\\\/\\\/marktxxl.de\\\/markt\\\/produkt\\\/sonic-the-igele-pyjamas-maedchen-pink-gamer-t-shirt-langlange-pjs-set\\\/#breadcrumb\",\"itemListElement\":[{\"@type\":\"ListItem\",\"position\":1,\"name\":\"Startseite\",\"item\":\"https:\\\/\\\/marktxxl.de\\\/markt\\\/\"},{\"@type\":\"ListItem\",\"position\":2,\"name\":\"Markt\",\"item\":\"https:\\\/\\\/marktxxl.de\\\/markt\\\/\"},{\"@type\":\"ListItem\",\"position\":3,\"name\":\"Sonic The Igele Pyjamas M\u00e4dchen Pink Gamer T-Shirt &amp; Langlange PJS Set\"}]},{\"@type\":\"WebSite\",\"@id\":\"https:\\\/\\\/marktxxl.de\\\/markt\\\/#website\",\"url\":\"https:\\\/\\\/marktxxl.de\\\/markt\\\/\",\"name\":\"Markt-XXL\",\"description\":\"Ihr Markt Online\",\"publisher\":{\"@id\":\"https:\\\/\\\/marktxxl.de\\\/markt\\\/#organization\"},\"potentialAction\":[{\"@type\":\"SearchAction\",\"target\":{\"@type\":\"EntryPoint\",\"urlTemplate\":\"https:\\\/\\\/marktxxl.de\\\/markt\\\/?s={search_term_string}\"},\"query-input\":{\"@type\":\"PropertyValueSpecification\",\"valueRequired\":true,\"valueName\":\"search_term_string\"}}],\"inLanguage\":\"de\"},{\"@type\":\"Organization\",\"@id\":\"https:\\\/\\\/marktxxl.de\\\/markt\\\/#organization\",\"name\":\"Markt-XXL\",\"url\":\"https:\\\/\\\/marktxxl.de\\\/markt\\\/\",\"logo\":{\"@type\":\"ImageObject\",\"inLanguage\":\"de\",\"@id\":\"https:\\\/\\\/marktxxl.de\\\/markt\\\/#\\\/schema\\\/logo\\\/image\\\/\",\"url\":\"https:\\\/\\\/marktxxl.de\\\/markt\\\/wp-content\\\/uploads\\\/sites\\\/3\\\/2020\\\/12\\\/logo.png\",\"contentUrl\":\"https:\\\/\\\/marktxxl.de\\\/markt\\\/wp-content\\\/uploads\\\/sites\\\/3\\\/2020\\\/12\\\/logo.png\",\"width\":200,\"height\":70,\"caption\":\"Markt-XXL\"},\"image\":{\"@id\":\"https:\\\/\\\/marktxxl.de\\\/markt\\\/#\\\/schema\\\/logo\\\/image\\\/\"}}]}<\/script>\n<!-- \/ Yoast SEO plugin. -->","yoast_head_json":{"title":"Sonic The Igele Pyjamas M\u00e4dchen Pink Gamer T-Shirt &amp; Langlange PJS Set - Markt-XXL","description":"Markt-XXL Sonic The Igele Pyjamas M\u00e4dchen Pink Gamer T-Shirt &amp; Langlange PJS Set","robots":{"index":"index","follow":"follow","max-snippet":"max-snippet:-1","max-image-preview":"max-image-preview:large","max-video-preview":"max-video-preview:-1"},"canonical":"https:\/\/marktxxl.de\/markt\/produkt\/sonic-the-igele-pyjamas-maedchen-pink-gamer-t-shirt-langlange-pjs-set\/","og_locale":"de_DE","og_type":"article","og_title":"Sonic The Igele Pyjamas M\u00e4dchen Pink Gamer T-Shirt &amp; Langlange PJS Set - Markt-XXL","og_description":"Markt-XXL Sonic The Igele Pyjamas M\u00e4dchen Pink Gamer T-Shirt &amp; Langlange PJS Set","og_url":"https:\/\/marktxxl.de\/markt\/produkt\/sonic-the-igele-pyjamas-maedchen-pink-gamer-t-shirt-langlange-pjs-set\/","og_site_name":"Markt-XXL","article_modified_time":"2023-04-11T02:40:13+00:00","og_image":[{"width":393,"height":500,"url":"https:\/\/m.media-amazon.com\/images\/I\/41oGUkuVT9S._SL500_.jpg","type":"image\/jpeg"}],"twitter_card":"summary_large_image","twitter_misc":{"Gesch\u00e4tzte Lesezeit":"1\u00a0Minute"},"schema":{"@context":"https:\/\/schema.org","@graph":[{"@type":"WebPage","@id":"https:\/\/marktxxl.de\/markt\/produkt\/sonic-the-igele-pyjamas-maedchen-pink-gamer-t-shirt-langlange-pjs-set\/","url":"https:\/\/marktxxl.de\/markt\/produkt\/sonic-the-igele-pyjamas-maedchen-pink-gamer-t-shirt-langlange-pjs-set\/","name":"Sonic The Igele Pyjamas M\u00e4dchen Pink Gamer T-Shirt &amp; Langlange PJS Set - Markt-XXL","isPartOf":{"@id":"https:\/\/marktxxl.de\/markt\/#website"},"primaryImageOfPage":{"@id":"https:\/\/marktxxl.de\/markt\/produkt\/sonic-the-igele-pyjamas-maedchen-pink-gamer-t-shirt-langlange-pjs-set\/#primaryimage"},"image":{"@id":"https:\/\/marktxxl.de\/markt\/produkt\/sonic-the-igele-pyjamas-maedchen-pink-gamer-t-shirt-langlange-pjs-set\/#primaryimage"},"thumbnailUrl":"https:\/\/m.media-amazon.com\/images\/I\/41oGUkuVT9S._SL500_.jpg","datePublished":"2022-10-12T01:58:13+00:00","dateModified":"2023-04-11T02:40:13+00:00","description":"Markt-XXL Sonic The Igele Pyjamas M\u00e4dchen Pink Gamer T-Shirt &amp; Langlange PJS Set","breadcrumb":{"@id":"https:\/\/marktxxl.de\/markt\/produkt\/sonic-the-igele-pyjamas-maedchen-pink-gamer-t-shirt-langlange-pjs-set\/#breadcrumb"},"inLanguage":"de","potentialAction":[{"@type":"ReadAction","target":["https:\/\/marktxxl.de\/markt\/produkt\/sonic-the-igele-pyjamas-maedchen-pink-gamer-t-shirt-langlange-pjs-set\/"]}]},{"@type":"ImageObject","inLanguage":"de","@id":"https:\/\/marktxxl.de\/markt\/produkt\/sonic-the-igele-pyjamas-maedchen-pink-gamer-t-shirt-langlange-pjs-set\/#primaryimage","url":"https:\/\/m.media-amazon.com\/images\/I\/41oGUkuVT9S._SL500_.jpg","contentUrl":"https:\/\/m.media-amazon.com\/images\/I\/41oGUkuVT9S._SL500_.jpg","width":393,"height":500},{"@type":"BreadcrumbList","@id":"https:\/\/marktxxl.de\/markt\/produkt\/sonic-the-igele-pyjamas-maedchen-pink-gamer-t-shirt-langlange-pjs-set\/#breadcrumb","itemListElement":[{"@type":"ListItem","position":1,"name":"Startseite","item":"https:\/\/marktxxl.de\/markt\/"},{"@type":"ListItem","position":2,"name":"Markt","item":"https:\/\/marktxxl.de\/markt\/"},{"@type":"ListItem","position":3,"name":"Sonic The Igele Pyjamas M\u00e4dchen Pink Gamer T-Shirt &amp; Langlange PJS Set"}]},{"@type":"WebSite","@id":"https:\/\/marktxxl.de\/markt\/#website","url":"https:\/\/marktxxl.de\/markt\/","name":"Markt-XXL","description":"Ihr Markt Online","publisher":{"@id":"https:\/\/marktxxl.de\/markt\/#organization"},"potentialAction":[{"@type":"SearchAction","target":{"@type":"EntryPoint","urlTemplate":"https:\/\/marktxxl.de\/markt\/?s={search_term_string}"},"query-input":{"@type":"PropertyValueSpecification","valueRequired":true,"valueName":"search_term_string"}}],"inLanguage":"de"},{"@type":"Organization","@id":"https:\/\/marktxxl.de\/markt\/#organization","name":"Markt-XXL","url":"https:\/\/marktxxl.de\/markt\/","logo":{"@type":"ImageObject","inLanguage":"de","@id":"https:\/\/marktxxl.de\/markt\/#\/schema\/logo\/image\/","url":"https:\/\/marktxxl.de\/markt\/wp-content\/uploads\/sites\/3\/2020\/12\/logo.png","contentUrl":"https:\/\/marktxxl.de\/markt\/wp-content\/uploads\/sites\/3\/2020\/12\/logo.png","width":200,"height":70,"caption":"Markt-XXL"},"image":{"@id":"https:\/\/marktxxl.de\/markt\/#\/schema\/logo\/image\/"}}]}},"_links":{"self":[{"href":"https:\/\/marktxxl.de\/markt\/wp-json\/wp\/v2\/product\/157848","targetHints":{"allow":["GET"]}}],"collection":[{"href":"https:\/\/marktxxl.de\/markt\/wp-json\/wp\/v2\/product"}],"about":[{"href":"https:\/\/marktxxl.de\/markt\/wp-json\/wp\/v2\/types\/product"}],"replies":[{"embeddable":true,"href":"https:\/\/marktxxl.de\/markt\/wp-json\/wp\/v2\/comments?post=157848"}],"wp:featuredmedia":[{"embeddable":true,"href":"https:\/\/marktxxl.de\/markt\/wp-json\/wp\/v2\/media\/157849"}],"wp:attachment":[{"href":"https:\/\/marktxxl.de\/markt\/wp-json\/wp\/v2\/media?parent=157848"}],"wp:term":[{"taxonomy":"product_brand","embeddable":true,"href":"https:\/\/marktxxl.de\/markt\/wp-json\/wp\/v2\/product_brand?post=157848"},{"taxonomy":"product_cat","embeddable":true,"href":"https:\/\/marktxxl.de\/markt\/wp-json\/wp\/v2\/product_cat?post=157848"},{"taxonomy":"product_tag","embeddable":true,"href":"https:\/\/marktxxl.de\/markt\/wp-json\/wp\/v2\/product_tag?post=157848"}],"curies":[{"name":"wp","href":"https:\/\/api.w.org\/{rel}","templated":true}]}}