{"id":157818,"date":"2022-10-12T03:55:56","date_gmt":"2022-10-12T01:55:56","guid":{"rendered":"https:\/\/marktxxl.de\/markt\/produkt\/glampunch-damen-schulterfreies-umstandskleid-rueschen-elegant-slim-kleider-fit-maxi-fotografie-kleid\/"},"modified":"2023-04-11T04:40:12","modified_gmt":"2023-04-11T02:40:12","slug":"glampunch-damen-schulterfreies-umstandskleid-rueschen-elegant-slim-kleider-fit-maxi-fotografie-kleid","status":"publish","type":"product","link":"https:\/\/marktxxl.de\/markt\/produkt\/glampunch-damen-schulterfreies-umstandskleid-rueschen-elegant-slim-kleider-fit-maxi-fotografie-kleid\/","title":{"rendered":"Glampunch Damen Schulterfreies Umstandskleid R\u00fcschen Elegant Slim Kleider Fit Maxi Fotografie Kleid"},"content":{"rendered":"<p>\u2665 Material: 95 % Viskose, 5 % Elastan. Aus bequemem und dehnbarem Stoff, entworfen f\u00fcr Komfort in allen Phasen der Schwangerschaft.<br \/>\n\u2665 Gr\u00f6\u00dfe: Brustumfang (S) 83,8\u201388,9 cm, (M) 88,9\u201394 cm, (L) 96,5\u2013101,6 cm, (XL) 101,6\u2013106,7 cm, L\u00e4nge (Schulter bis Saum) (S) 152,4 cm, (M) 154,9 cm, (L) 157,5 cm. XL)1600 0,04 cm<br \/>\n\u2665 Stilvolles Design: Schulterfrei, R\u00fcschen und Bodenl\u00e4nge machen Sie sexy und elegant. Slim Fit Umstandskleid umrei\u00dft Ihre perfekte Form.<br \/>\n\u2665 Anlass: Perfekt f\u00fcr Fotoshooting, Fotostudio, Verlobung, Jahrestag, Geburtstag, Hochzeit, Party, Strand, Club und bald Es ist auch ein sch\u00f6nes Kleid f\u00fcr ein Date, das Sie charmant macht.<br \/>\n\u2665 Pflegehinweis: Handw\u00e4sche im Schonwaschgang empfohlen \/ Maschinenw\u00e4sche im W\u00e4schesack \/ B\u00fcgeln Sie die Falten vor dem Fotografieren \/ Nicht bleichen<br \/>\n<div class=\"main-cross-sell\" data-asin=\"B07NDPZF2F\">\n\n\t<div class=\"WooZone-cross-sell-loader\">\n\t\t<div>\n\t\t\t<div id=\"floatingBarsG\">\n\t\t\t\t<div class=\"blockG\" id=\"rotateG_01\"><\/div>\n\t\t\t\t<div class=\"blockG\" id=\"rotateG_02\"><\/div>\n\t\t\t\t<div class=\"blockG\" id=\"rotateG_03\"><\/div>\n\t\t\t\t<div class=\"blockG\" id=\"rotateG_04\"><\/div>\n\t\t\t\t<div class=\"blockG\" id=\"rotateG_05\"><\/div>\n\t\t\t\t<div class=\"blockG\" id=\"rotateG_06\"><\/div>\n\t\t\t\t<div class=\"blockG\" id=\"rotateG_07\"><\/div>\n\t\t\t\t<div class=\"blockG\" id=\"rotateG_08\"><\/div>\n\t\t\t<\/div>\n\t\t\t<div class=\"WooZone-cross-sell-loader-text\"><\/div>\n\t\t<\/div>\n\t<\/div>\n\n\t\t\n<\/div>\n<div style=\"clear:both;\"><\/div><\/p>\n","protected":false},"excerpt":{"rendered":"<p>\u2665 Material: 95 % Viskose, 5 % Elastan. Aus bequemem und dehnbarem Stoff, entworfen f\u00fcr Komfort in allen Phasen der Schwangerschaft.<br \/>\n\u2665 Gr\u00f6\u00dfe: Brustumfang (S) 83,8\u201388,9 cm, (M) 88,9\u201394 cm, (L) 96,5\u2013101,6 cm, (XL) 101,6\u2013106,7 cm, L\u00e4nge (Schulter bis Saum) (S) 152,4 cm, (M) 154,9 cm, (L) 157,5 cm. XL)1600 0,04 cm<br \/>\n\u2665 Stilvolles Design: Schulterfrei, R\u00fcschen und Bodenl\u00e4nge machen Sie sexy und elegant. Slim Fit Umstandskleid umrei\u00dft Ihre perfekte Form.<\/p>\n","protected":false},"featured_media":157819,"comment_status":"open","ping_status":"closed","template":"","meta":[],"product_brand":[],"product_cat":[21,9478],"product_tag":[],"class_list":{"0":"post-157818","1":"product","2":"type-product","3":"status-publish","4":"has-post-thumbnail","6":"product_cat-baby","7":"product_cat-umstandskleidung-baby","8":"pa_binding-textilien","9":"pa_brand-glampunch","10":"pa_height-0-393700787-zoll","11":"pa_length-11-81102361-zoll","12":"pa_weight-0-44-pfund","13":"pa_width-7-87401574-zoll","15":"first","16":"instock","17":"shipping-taxable","18":"purchasable","19":"product-type-simple","20":"customify-col","21":"product-has-gallery"},"yoast_head":"<!-- This site is optimized with the Yoast SEO plugin v27.3 - https:\/\/yoast.com\/product\/yoast-seo-wordpress\/ -->\n<title>Glampunch Damen Schulterfreies Umstandskleid R\u00fcschen Elegant Slim Kleider Fit Maxi Fotografie Kleid - Markt-XXL<\/title>\n<meta name=\"description\" content=\"Markt-XXL Glampunch Damen Schulterfreies Umstandskleid R\u00fcschen Elegant Slim Kleider Fit Maxi Fotografie Kleid\" \/>\n<meta name=\"robots\" content=\"index, follow, max-snippet:-1, max-image-preview:large, max-video-preview:-1\" \/>\n<link rel=\"canonical\" href=\"https:\/\/marktxxl.de\/markt\/produkt\/glampunch-damen-schulterfreies-umstandskleid-rueschen-elegant-slim-kleider-fit-maxi-fotografie-kleid\/\" \/>\n<meta property=\"og:locale\" content=\"de_DE\" \/>\n<meta property=\"og:type\" content=\"article\" \/>\n<meta property=\"og:title\" content=\"Glampunch Damen Schulterfreies Umstandskleid R\u00fcschen Elegant Slim Kleider Fit Maxi Fotografie Kleid - Markt-XXL\" \/>\n<meta property=\"og:description\" content=\"Markt-XXL Glampunch Damen Schulterfreies Umstandskleid R\u00fcschen Elegant Slim Kleider Fit Maxi Fotografie Kleid\" \/>\n<meta property=\"og:url\" content=\"https:\/\/marktxxl.de\/markt\/produkt\/glampunch-damen-schulterfreies-umstandskleid-rueschen-elegant-slim-kleider-fit-maxi-fotografie-kleid\/\" \/>\n<meta property=\"og:site_name\" content=\"Markt-XXL\" \/>\n<meta property=\"article:modified_time\" content=\"2023-04-11T02:40:12+00:00\" \/>\n<meta property=\"og:image\" content=\"https:\/\/m.media-amazon.com\/images\/I\/31SKU0PRxjL._SL500_.jpg\" \/>\n\t<meta property=\"og:image:width\" content=\"370\" \/>\n\t<meta property=\"og:image:height\" content=\"500\" \/>\n\t<meta property=\"og:image:type\" content=\"image\/jpeg\" \/>\n<meta name=\"twitter:card\" content=\"summary_large_image\" \/>\n<meta name=\"twitter:label1\" content=\"Gesch\u00e4tzte Lesezeit\" \/>\n\t<meta name=\"twitter:data1\" content=\"1\u00a0Minute\" \/>\n<script type=\"application\/ld+json\" class=\"yoast-schema-graph\">{\"@context\":\"https:\\\/\\\/schema.org\",\"@graph\":[{\"@type\":\"WebPage\",\"@id\":\"https:\\\/\\\/marktxxl.de\\\/markt\\\/produkt\\\/glampunch-damen-schulterfreies-umstandskleid-rueschen-elegant-slim-kleider-fit-maxi-fotografie-kleid\\\/\",\"url\":\"https:\\\/\\\/marktxxl.de\\\/markt\\\/produkt\\\/glampunch-damen-schulterfreies-umstandskleid-rueschen-elegant-slim-kleider-fit-maxi-fotografie-kleid\\\/\",\"name\":\"Glampunch Damen Schulterfreies Umstandskleid R\u00fcschen Elegant Slim Kleider Fit Maxi Fotografie Kleid - Markt-XXL\",\"isPartOf\":{\"@id\":\"https:\\\/\\\/marktxxl.de\\\/markt\\\/#website\"},\"primaryImageOfPage\":{\"@id\":\"https:\\\/\\\/marktxxl.de\\\/markt\\\/produkt\\\/glampunch-damen-schulterfreies-umstandskleid-rueschen-elegant-slim-kleider-fit-maxi-fotografie-kleid\\\/#primaryimage\"},\"image\":{\"@id\":\"https:\\\/\\\/marktxxl.de\\\/markt\\\/produkt\\\/glampunch-damen-schulterfreies-umstandskleid-rueschen-elegant-slim-kleider-fit-maxi-fotografie-kleid\\\/#primaryimage\"},\"thumbnailUrl\":\"https:\\\/\\\/m.media-amazon.com\\\/images\\\/I\\\/31SKU0PRxjL._SL500_.jpg\",\"datePublished\":\"2022-10-12T01:55:56+00:00\",\"dateModified\":\"2023-04-11T02:40:12+00:00\",\"description\":\"Markt-XXL Glampunch Damen Schulterfreies Umstandskleid R\u00fcschen Elegant Slim Kleider Fit Maxi Fotografie Kleid\",\"breadcrumb\":{\"@id\":\"https:\\\/\\\/marktxxl.de\\\/markt\\\/produkt\\\/glampunch-damen-schulterfreies-umstandskleid-rueschen-elegant-slim-kleider-fit-maxi-fotografie-kleid\\\/#breadcrumb\"},\"inLanguage\":\"de\",\"potentialAction\":[{\"@type\":\"ReadAction\",\"target\":[\"https:\\\/\\\/marktxxl.de\\\/markt\\\/produkt\\\/glampunch-damen-schulterfreies-umstandskleid-rueschen-elegant-slim-kleider-fit-maxi-fotografie-kleid\\\/\"]}]},{\"@type\":\"ImageObject\",\"inLanguage\":\"de\",\"@id\":\"https:\\\/\\\/marktxxl.de\\\/markt\\\/produkt\\\/glampunch-damen-schulterfreies-umstandskleid-rueschen-elegant-slim-kleider-fit-maxi-fotografie-kleid\\\/#primaryimage\",\"url\":\"https:\\\/\\\/m.media-amazon.com\\\/images\\\/I\\\/31SKU0PRxjL._SL500_.jpg\",\"contentUrl\":\"https:\\\/\\\/m.media-amazon.com\\\/images\\\/I\\\/31SKU0PRxjL._SL500_.jpg\",\"width\":370,\"height\":500},{\"@type\":\"BreadcrumbList\",\"@id\":\"https:\\\/\\\/marktxxl.de\\\/markt\\\/produkt\\\/glampunch-damen-schulterfreies-umstandskleid-rueschen-elegant-slim-kleider-fit-maxi-fotografie-kleid\\\/#breadcrumb\",\"itemListElement\":[{\"@type\":\"ListItem\",\"position\":1,\"name\":\"Startseite\",\"item\":\"https:\\\/\\\/marktxxl.de\\\/markt\\\/\"},{\"@type\":\"ListItem\",\"position\":2,\"name\":\"Markt\",\"item\":\"https:\\\/\\\/marktxxl.de\\\/markt\\\/\"},{\"@type\":\"ListItem\",\"position\":3,\"name\":\"Glampunch Damen Schulterfreies Umstandskleid R\u00fcschen Elegant Slim Kleider Fit Maxi Fotografie Kleid\"}]},{\"@type\":\"WebSite\",\"@id\":\"https:\\\/\\\/marktxxl.de\\\/markt\\\/#website\",\"url\":\"https:\\\/\\\/marktxxl.de\\\/markt\\\/\",\"name\":\"Markt-XXL\",\"description\":\"Ihr Markt Online\",\"publisher\":{\"@id\":\"https:\\\/\\\/marktxxl.de\\\/markt\\\/#organization\"},\"potentialAction\":[{\"@type\":\"SearchAction\",\"target\":{\"@type\":\"EntryPoint\",\"urlTemplate\":\"https:\\\/\\\/marktxxl.de\\\/markt\\\/?s={search_term_string}\"},\"query-input\":{\"@type\":\"PropertyValueSpecification\",\"valueRequired\":true,\"valueName\":\"search_term_string\"}}],\"inLanguage\":\"de\"},{\"@type\":\"Organization\",\"@id\":\"https:\\\/\\\/marktxxl.de\\\/markt\\\/#organization\",\"name\":\"Markt-XXL\",\"url\":\"https:\\\/\\\/marktxxl.de\\\/markt\\\/\",\"logo\":{\"@type\":\"ImageObject\",\"inLanguage\":\"de\",\"@id\":\"https:\\\/\\\/marktxxl.de\\\/markt\\\/#\\\/schema\\\/logo\\\/image\\\/\",\"url\":\"https:\\\/\\\/marktxxl.de\\\/markt\\\/wp-content\\\/uploads\\\/sites\\\/3\\\/2020\\\/12\\\/logo.png\",\"contentUrl\":\"https:\\\/\\\/marktxxl.de\\\/markt\\\/wp-content\\\/uploads\\\/sites\\\/3\\\/2020\\\/12\\\/logo.png\",\"width\":200,\"height\":70,\"caption\":\"Markt-XXL\"},\"image\":{\"@id\":\"https:\\\/\\\/marktxxl.de\\\/markt\\\/#\\\/schema\\\/logo\\\/image\\\/\"}}]}<\/script>\n<!-- \/ Yoast SEO plugin. -->","yoast_head_json":{"title":"Glampunch Damen Schulterfreies Umstandskleid R\u00fcschen Elegant Slim Kleider Fit Maxi Fotografie Kleid - Markt-XXL","description":"Markt-XXL Glampunch Damen Schulterfreies Umstandskleid R\u00fcschen Elegant Slim Kleider Fit Maxi Fotografie Kleid","robots":{"index":"index","follow":"follow","max-snippet":"max-snippet:-1","max-image-preview":"max-image-preview:large","max-video-preview":"max-video-preview:-1"},"canonical":"https:\/\/marktxxl.de\/markt\/produkt\/glampunch-damen-schulterfreies-umstandskleid-rueschen-elegant-slim-kleider-fit-maxi-fotografie-kleid\/","og_locale":"de_DE","og_type":"article","og_title":"Glampunch Damen Schulterfreies Umstandskleid R\u00fcschen Elegant Slim Kleider Fit Maxi Fotografie Kleid - Markt-XXL","og_description":"Markt-XXL Glampunch Damen Schulterfreies Umstandskleid R\u00fcschen Elegant Slim Kleider Fit Maxi Fotografie Kleid","og_url":"https:\/\/marktxxl.de\/markt\/produkt\/glampunch-damen-schulterfreies-umstandskleid-rueschen-elegant-slim-kleider-fit-maxi-fotografie-kleid\/","og_site_name":"Markt-XXL","article_modified_time":"2023-04-11T02:40:12+00:00","og_image":[{"width":370,"height":500,"url":"https:\/\/m.media-amazon.com\/images\/I\/31SKU0PRxjL._SL500_.jpg","type":"image\/jpeg"}],"twitter_card":"summary_large_image","twitter_misc":{"Gesch\u00e4tzte Lesezeit":"1\u00a0Minute"},"schema":{"@context":"https:\/\/schema.org","@graph":[{"@type":"WebPage","@id":"https:\/\/marktxxl.de\/markt\/produkt\/glampunch-damen-schulterfreies-umstandskleid-rueschen-elegant-slim-kleider-fit-maxi-fotografie-kleid\/","url":"https:\/\/marktxxl.de\/markt\/produkt\/glampunch-damen-schulterfreies-umstandskleid-rueschen-elegant-slim-kleider-fit-maxi-fotografie-kleid\/","name":"Glampunch Damen Schulterfreies Umstandskleid R\u00fcschen Elegant Slim Kleider Fit Maxi Fotografie Kleid - Markt-XXL","isPartOf":{"@id":"https:\/\/marktxxl.de\/markt\/#website"},"primaryImageOfPage":{"@id":"https:\/\/marktxxl.de\/markt\/produkt\/glampunch-damen-schulterfreies-umstandskleid-rueschen-elegant-slim-kleider-fit-maxi-fotografie-kleid\/#primaryimage"},"image":{"@id":"https:\/\/marktxxl.de\/markt\/produkt\/glampunch-damen-schulterfreies-umstandskleid-rueschen-elegant-slim-kleider-fit-maxi-fotografie-kleid\/#primaryimage"},"thumbnailUrl":"https:\/\/m.media-amazon.com\/images\/I\/31SKU0PRxjL._SL500_.jpg","datePublished":"2022-10-12T01:55:56+00:00","dateModified":"2023-04-11T02:40:12+00:00","description":"Markt-XXL Glampunch Damen Schulterfreies Umstandskleid R\u00fcschen Elegant Slim Kleider Fit Maxi Fotografie Kleid","breadcrumb":{"@id":"https:\/\/marktxxl.de\/markt\/produkt\/glampunch-damen-schulterfreies-umstandskleid-rueschen-elegant-slim-kleider-fit-maxi-fotografie-kleid\/#breadcrumb"},"inLanguage":"de","potentialAction":[{"@type":"ReadAction","target":["https:\/\/marktxxl.de\/markt\/produkt\/glampunch-damen-schulterfreies-umstandskleid-rueschen-elegant-slim-kleider-fit-maxi-fotografie-kleid\/"]}]},{"@type":"ImageObject","inLanguage":"de","@id":"https:\/\/marktxxl.de\/markt\/produkt\/glampunch-damen-schulterfreies-umstandskleid-rueschen-elegant-slim-kleider-fit-maxi-fotografie-kleid\/#primaryimage","url":"https:\/\/m.media-amazon.com\/images\/I\/31SKU0PRxjL._SL500_.jpg","contentUrl":"https:\/\/m.media-amazon.com\/images\/I\/31SKU0PRxjL._SL500_.jpg","width":370,"height":500},{"@type":"BreadcrumbList","@id":"https:\/\/marktxxl.de\/markt\/produkt\/glampunch-damen-schulterfreies-umstandskleid-rueschen-elegant-slim-kleider-fit-maxi-fotografie-kleid\/#breadcrumb","itemListElement":[{"@type":"ListItem","position":1,"name":"Startseite","item":"https:\/\/marktxxl.de\/markt\/"},{"@type":"ListItem","position":2,"name":"Markt","item":"https:\/\/marktxxl.de\/markt\/"},{"@type":"ListItem","position":3,"name":"Glampunch Damen Schulterfreies Umstandskleid R\u00fcschen Elegant Slim Kleider Fit Maxi Fotografie Kleid"}]},{"@type":"WebSite","@id":"https:\/\/marktxxl.de\/markt\/#website","url":"https:\/\/marktxxl.de\/markt\/","name":"Markt-XXL","description":"Ihr Markt Online","publisher":{"@id":"https:\/\/marktxxl.de\/markt\/#organization"},"potentialAction":[{"@type":"SearchAction","target":{"@type":"EntryPoint","urlTemplate":"https:\/\/marktxxl.de\/markt\/?s={search_term_string}"},"query-input":{"@type":"PropertyValueSpecification","valueRequired":true,"valueName":"search_term_string"}}],"inLanguage":"de"},{"@type":"Organization","@id":"https:\/\/marktxxl.de\/markt\/#organization","name":"Markt-XXL","url":"https:\/\/marktxxl.de\/markt\/","logo":{"@type":"ImageObject","inLanguage":"de","@id":"https:\/\/marktxxl.de\/markt\/#\/schema\/logo\/image\/","url":"https:\/\/marktxxl.de\/markt\/wp-content\/uploads\/sites\/3\/2020\/12\/logo.png","contentUrl":"https:\/\/marktxxl.de\/markt\/wp-content\/uploads\/sites\/3\/2020\/12\/logo.png","width":200,"height":70,"caption":"Markt-XXL"},"image":{"@id":"https:\/\/marktxxl.de\/markt\/#\/schema\/logo\/image\/"}}]}},"_links":{"self":[{"href":"https:\/\/marktxxl.de\/markt\/wp-json\/wp\/v2\/product\/157818","targetHints":{"allow":["GET"]}}],"collection":[{"href":"https:\/\/marktxxl.de\/markt\/wp-json\/wp\/v2\/product"}],"about":[{"href":"https:\/\/marktxxl.de\/markt\/wp-json\/wp\/v2\/types\/product"}],"replies":[{"embeddable":true,"href":"https:\/\/marktxxl.de\/markt\/wp-json\/wp\/v2\/comments?post=157818"}],"wp:featuredmedia":[{"embeddable":true,"href":"https:\/\/marktxxl.de\/markt\/wp-json\/wp\/v2\/media\/157819"}],"wp:attachment":[{"href":"https:\/\/marktxxl.de\/markt\/wp-json\/wp\/v2\/media?parent=157818"}],"wp:term":[{"taxonomy":"product_brand","embeddable":true,"href":"https:\/\/marktxxl.de\/markt\/wp-json\/wp\/v2\/product_brand?post=157818"},{"taxonomy":"product_cat","embeddable":true,"href":"https:\/\/marktxxl.de\/markt\/wp-json\/wp\/v2\/product_cat?post=157818"},{"taxonomy":"product_tag","embeddable":true,"href":"https:\/\/marktxxl.de\/markt\/wp-json\/wp\/v2\/product_tag?post=157818"}],"curies":[{"name":"wp","href":"https:\/\/api.w.org\/{rel}","templated":true}]}}