{"id":157788,"date":"2022-10-12T03:55:16","date_gmt":"2022-10-12T01:55:16","guid":{"rendered":"https:\/\/marktxxl.de\/markt\/produkt\/sunnybuy-damen-umstandsmode-hohe-taille-unterwaesche-schwangerschaft-nahtlos-weich-hipster-panties-over-bump\/"},"modified":"2023-04-11T04:40:12","modified_gmt":"2023-04-11T02:40:12","slug":"sunnybuy-damen-umstandsmode-hohe-taille-unterwaesche-schwangerschaft-nahtlos-weich-hipster-panties-over-bump","status":"publish","type":"product","link":"https:\/\/marktxxl.de\/markt\/produkt\/sunnybuy-damen-umstandsmode-hohe-taille-unterwaesche-schwangerschaft-nahtlos-weich-hipster-panties-over-bump\/","title":{"rendered":"SUNNYBUY Damen Umstandsmode Hohe Taille Unterw\u00e4sche Schwangerschaft Nahtlos Weich Hipster Panties Over Bump"},"content":{"rendered":"<p>\u3010Gr\u00f6\u00dfe\u3011: H\u00f6schen M (H\u00fcfte: 88,9 cm &#8211; 104,1 cm), H\u00f6schen L (H\u00fcfte: 106,7 cm &#8211; 111,8 cm), H\u00f6schen XL (H\u00fcfte: 114,3 cm &#8211; 119,4 cm), H\u00f6schen 2 x (H\u00fcfte: 121,9 cm &#8211; 127 cm), H\u00f6schen 3 cm). X (H\u00fcfte: 129,5 cm &#8211; 134,6 cm). Damen Mutterschaft vor der Schwangerschaft \u00fcber Bump Unterw\u00e4sche sollte in der Maschine gewaschen werden, kalt, Schonwaschgang. Trocknen bei niedriger Temperatur.<br \/>\n\u3010Eigenschaften\u3011: Diese nahtlose Unterw\u00e4sche mit hoher Taille ist aus weichem, atmungsaktivem Stoff. Leichte und atmungsaktive Stoffe geben Ihnen eine andere \u00dcberraschung. Dehnbares Material ist leicht elastisch und dehnt sich leicht.<br \/>\n\u3010Design\u3011: Vollbauchh\u00f6schen mit hoher Taille bedecken Ihren gesamten Bauch, geben Ihrem Bauch Unterst\u00fctzung und halten den Bauch warm. Diese Damen \u00dcbergr\u00f6\u00dfe Bauchkontrolle kann Ihren wachsenden Bauch w\u00e4hrend Ihrer Schwangerschaft und nach der Lieferung aufnehmen.<br \/>\n\u3010Geeignet\u3011: Umstandsunterw\u00e4sche \u00fcber dem Bauch ist speziell f\u00fcr die Menschen geeignet, die &#8220;Sitzende im B\u00fcro&#8221;, &#8220;Leiden Schmerzen im unteren R\u00fccken&#8221; und &#8220;Neue Mutter&#8221; sind. Nahtlose Umstandsunterw\u00e4sche mit hoher Taille, perfekt zum Tragen unter Ihren Kleidern, R\u00f6cken und Hosen.<br \/>\nWenn Sie mit Ihrem Kauf nicht zufrieden sind, kontaktieren Sie uns bitte.<br \/>\n<div class=\"main-cross-sell\" data-asin=\"B07NS2G83V\">\n\n\t<div class=\"WooZone-cross-sell-loader\">\n\t\t<div>\n\t\t\t<div id=\"floatingBarsG\">\n\t\t\t\t<div class=\"blockG\" id=\"rotateG_01\"><\/div>\n\t\t\t\t<div class=\"blockG\" id=\"rotateG_02\"><\/div>\n\t\t\t\t<div class=\"blockG\" id=\"rotateG_03\"><\/div>\n\t\t\t\t<div class=\"blockG\" id=\"rotateG_04\"><\/div>\n\t\t\t\t<div class=\"blockG\" id=\"rotateG_05\"><\/div>\n\t\t\t\t<div class=\"blockG\" id=\"rotateG_06\"><\/div>\n\t\t\t\t<div class=\"blockG\" id=\"rotateG_07\"><\/div>\n\t\t\t\t<div class=\"blockG\" id=\"rotateG_08\"><\/div>\n\t\t\t<\/div>\n\t\t\t<div class=\"WooZone-cross-sell-loader-text\"><\/div>\n\t\t<\/div>\n\t<\/div>\n\n\t\t\n<\/div>\n<div style=\"clear:both;\"><\/div><\/p>\n","protected":false},"excerpt":{"rendered":"<p>\u3010Gr\u00f6\u00dfe\u3011: H\u00f6schen M (H\u00fcfte: 88,9 cm &#8211; 104,1 cm), H\u00f6schen L (H\u00fcfte: 106,7 cm &#8211; 111,8 cm), H\u00f6schen XL (H\u00fcfte: 114,3 cm &#8211; 119,4 cm), H\u00f6schen 2 x (H\u00fcfte: 121,9 cm &#8211; 127 cm), H\u00f6schen 3 cm). X (H\u00fcfte: 129,5 cm &#8211; 134,6 cm). Damen Mutterschaft vor der Schwangerschaft \u00fcber Bump Unterw\u00e4sche sollte in der Maschine gewaschen werden, kalt, Schonwaschgang. Trocknen bei niedriger Temperatur.<br \/>\n\u3010Eigenschaften\u3011: Diese nahtlose Unterw\u00e4sche mit hoher Taille ist aus weichem, atmungsaktivem Stoff. Leichte und atmungsaktive Stoffe geben Ihnen eine andere \u00dcberraschung. Dehnbares Material ist leicht elastisch und dehnt sich leicht.<br \/>\n\u3010Design\u3011: Vollbauchh\u00f6schen mit hoher Taille bedecken Ihren gesamten Bauch, geben Ihrem Bauch Unterst\u00fctzung und halten den Bauch warm. Diese Damen \u00dcbergr\u00f6\u00dfe Bauchkontrolle kann Ihren wachsenden Bauch w\u00e4hrend Ihrer Schwangerschaft und nach der Lieferung aufnehmen.<\/p>\n","protected":false},"featured_media":157789,"comment_status":"open","ping_status":"closed","template":"","meta":[],"product_brand":[],"product_cat":[21,9478],"product_tag":[],"class_list":{"0":"post-157788","1":"product","2":"type-product","3":"status-publish","4":"has-post-thumbnail","6":"product_cat-baby","7":"product_cat-umstandskleidung-baby","8":"pa_binding-textilien","9":"pa_brand-sunnybuy","10":"pa_manufacturer-sunnybuy","12":"first","13":"instock","14":"shipping-taxable","15":"purchasable","16":"product-type-simple","17":"customify-col","18":"product-has-gallery"},"yoast_head":"<!-- This site is optimized with the Yoast SEO plugin v27.4 - https:\/\/yoast.com\/product\/yoast-seo-wordpress\/ -->\n<title>SUNNYBUY Damen Umstandsmode Hohe Taille Unterw\u00e4sche Schwangerschaft Nahtlos Weich Hipster Panties Over Bump - Markt-XXL<\/title>\n<meta name=\"description\" content=\"Markt-XXL SUNNYBUY Damen Umstandsmode Hohe Taille Unterw\u00e4sche Schwangerschaft Nahtlos Weich Hipster Panties Over Bump\" \/>\n<meta name=\"robots\" content=\"index, follow, max-snippet:-1, max-image-preview:large, max-video-preview:-1\" \/>\n<link rel=\"canonical\" href=\"https:\/\/marktxxl.de\/markt\/produkt\/sunnybuy-damen-umstandsmode-hohe-taille-unterwaesche-schwangerschaft-nahtlos-weich-hipster-panties-over-bump\/\" \/>\n<meta property=\"og:locale\" content=\"de_DE\" \/>\n<meta property=\"og:type\" content=\"article\" \/>\n<meta property=\"og:title\" content=\"SUNNYBUY Damen Umstandsmode Hohe Taille Unterw\u00e4sche Schwangerschaft Nahtlos Weich Hipster Panties Over Bump - Markt-XXL\" \/>\n<meta property=\"og:description\" content=\"Markt-XXL SUNNYBUY Damen Umstandsmode Hohe Taille Unterw\u00e4sche Schwangerschaft Nahtlos Weich Hipster Panties Over Bump\" \/>\n<meta property=\"og:url\" content=\"https:\/\/marktxxl.de\/markt\/produkt\/sunnybuy-damen-umstandsmode-hohe-taille-unterwaesche-schwangerschaft-nahtlos-weich-hipster-panties-over-bump\/\" \/>\n<meta property=\"og:site_name\" content=\"Markt-XXL\" \/>\n<meta property=\"article:modified_time\" content=\"2023-04-11T02:40:12+00:00\" \/>\n<meta property=\"og:image\" content=\"https:\/\/m.media-amazon.com\/images\/I\/41nA9fryRaL._SL500_.jpg\" \/>\n\t<meta property=\"og:image:width\" content=\"500\" \/>\n\t<meta property=\"og:image:height\" content=\"500\" \/>\n\t<meta property=\"og:image:type\" content=\"image\/jpeg\" \/>\n<meta name=\"twitter:card\" content=\"summary_large_image\" \/>\n<meta name=\"twitter:label1\" content=\"Gesch\u00e4tzte Lesezeit\" \/>\n\t<meta name=\"twitter:data1\" content=\"1\u00a0Minute\" \/>\n<script type=\"application\/ld+json\" class=\"yoast-schema-graph\">{\"@context\":\"https:\\\/\\\/schema.org\",\"@graph\":[{\"@type\":\"WebPage\",\"@id\":\"https:\\\/\\\/marktxxl.de\\\/markt\\\/produkt\\\/sunnybuy-damen-umstandsmode-hohe-taille-unterwaesche-schwangerschaft-nahtlos-weich-hipster-panties-over-bump\\\/\",\"url\":\"https:\\\/\\\/marktxxl.de\\\/markt\\\/produkt\\\/sunnybuy-damen-umstandsmode-hohe-taille-unterwaesche-schwangerschaft-nahtlos-weich-hipster-panties-over-bump\\\/\",\"name\":\"SUNNYBUY Damen Umstandsmode Hohe Taille Unterw\u00e4sche Schwangerschaft Nahtlos Weich Hipster Panties Over Bump - Markt-XXL\",\"isPartOf\":{\"@id\":\"https:\\\/\\\/marktxxl.de\\\/markt\\\/#website\"},\"primaryImageOfPage\":{\"@id\":\"https:\\\/\\\/marktxxl.de\\\/markt\\\/produkt\\\/sunnybuy-damen-umstandsmode-hohe-taille-unterwaesche-schwangerschaft-nahtlos-weich-hipster-panties-over-bump\\\/#primaryimage\"},\"image\":{\"@id\":\"https:\\\/\\\/marktxxl.de\\\/markt\\\/produkt\\\/sunnybuy-damen-umstandsmode-hohe-taille-unterwaesche-schwangerschaft-nahtlos-weich-hipster-panties-over-bump\\\/#primaryimage\"},\"thumbnailUrl\":\"https:\\\/\\\/m.media-amazon.com\\\/images\\\/I\\\/41nA9fryRaL._SL500_.jpg\",\"datePublished\":\"2022-10-12T01:55:16+00:00\",\"dateModified\":\"2023-04-11T02:40:12+00:00\",\"description\":\"Markt-XXL SUNNYBUY Damen Umstandsmode Hohe Taille Unterw\u00e4sche Schwangerschaft Nahtlos Weich Hipster Panties Over Bump\",\"breadcrumb\":{\"@id\":\"https:\\\/\\\/marktxxl.de\\\/markt\\\/produkt\\\/sunnybuy-damen-umstandsmode-hohe-taille-unterwaesche-schwangerschaft-nahtlos-weich-hipster-panties-over-bump\\\/#breadcrumb\"},\"inLanguage\":\"de\",\"potentialAction\":[{\"@type\":\"ReadAction\",\"target\":[\"https:\\\/\\\/marktxxl.de\\\/markt\\\/produkt\\\/sunnybuy-damen-umstandsmode-hohe-taille-unterwaesche-schwangerschaft-nahtlos-weich-hipster-panties-over-bump\\\/\"]}]},{\"@type\":\"ImageObject\",\"inLanguage\":\"de\",\"@id\":\"https:\\\/\\\/marktxxl.de\\\/markt\\\/produkt\\\/sunnybuy-damen-umstandsmode-hohe-taille-unterwaesche-schwangerschaft-nahtlos-weich-hipster-panties-over-bump\\\/#primaryimage\",\"url\":\"https:\\\/\\\/m.media-amazon.com\\\/images\\\/I\\\/41nA9fryRaL._SL500_.jpg\",\"contentUrl\":\"https:\\\/\\\/m.media-amazon.com\\\/images\\\/I\\\/41nA9fryRaL._SL500_.jpg\",\"width\":500,\"height\":500},{\"@type\":\"BreadcrumbList\",\"@id\":\"https:\\\/\\\/marktxxl.de\\\/markt\\\/produkt\\\/sunnybuy-damen-umstandsmode-hohe-taille-unterwaesche-schwangerschaft-nahtlos-weich-hipster-panties-over-bump\\\/#breadcrumb\",\"itemListElement\":[{\"@type\":\"ListItem\",\"position\":1,\"name\":\"Startseite\",\"item\":\"https:\\\/\\\/marktxxl.de\\\/markt\\\/\"},{\"@type\":\"ListItem\",\"position\":2,\"name\":\"Markt\",\"item\":\"https:\\\/\\\/marktxxl.de\\\/markt\\\/\"},{\"@type\":\"ListItem\",\"position\":3,\"name\":\"SUNNYBUY Damen Umstandsmode Hohe Taille Unterw\u00e4sche Schwangerschaft Nahtlos Weich Hipster Panties Over Bump\"}]},{\"@type\":\"WebSite\",\"@id\":\"https:\\\/\\\/marktxxl.de\\\/markt\\\/#website\",\"url\":\"https:\\\/\\\/marktxxl.de\\\/markt\\\/\",\"name\":\"Markt-XXL\",\"description\":\"Ihr Markt Online\",\"publisher\":{\"@id\":\"https:\\\/\\\/marktxxl.de\\\/markt\\\/#organization\"},\"potentialAction\":[{\"@type\":\"SearchAction\",\"target\":{\"@type\":\"EntryPoint\",\"urlTemplate\":\"https:\\\/\\\/marktxxl.de\\\/markt\\\/?s={search_term_string}\"},\"query-input\":{\"@type\":\"PropertyValueSpecification\",\"valueRequired\":true,\"valueName\":\"search_term_string\"}}],\"inLanguage\":\"de\"},{\"@type\":\"Organization\",\"@id\":\"https:\\\/\\\/marktxxl.de\\\/markt\\\/#organization\",\"name\":\"Markt-XXL\",\"url\":\"https:\\\/\\\/marktxxl.de\\\/markt\\\/\",\"logo\":{\"@type\":\"ImageObject\",\"inLanguage\":\"de\",\"@id\":\"https:\\\/\\\/marktxxl.de\\\/markt\\\/#\\\/schema\\\/logo\\\/image\\\/\",\"url\":\"https:\\\/\\\/marktxxl.de\\\/markt\\\/wp-content\\\/uploads\\\/sites\\\/3\\\/2020\\\/12\\\/logo.png\",\"contentUrl\":\"https:\\\/\\\/marktxxl.de\\\/markt\\\/wp-content\\\/uploads\\\/sites\\\/3\\\/2020\\\/12\\\/logo.png\",\"width\":200,\"height\":70,\"caption\":\"Markt-XXL\"},\"image\":{\"@id\":\"https:\\\/\\\/marktxxl.de\\\/markt\\\/#\\\/schema\\\/logo\\\/image\\\/\"}}]}<\/script>\n<!-- \/ Yoast SEO plugin. -->","yoast_head_json":{"title":"SUNNYBUY Damen Umstandsmode Hohe Taille Unterw\u00e4sche Schwangerschaft Nahtlos Weich Hipster Panties Over Bump - Markt-XXL","description":"Markt-XXL SUNNYBUY Damen Umstandsmode Hohe Taille Unterw\u00e4sche Schwangerschaft Nahtlos Weich Hipster Panties Over Bump","robots":{"index":"index","follow":"follow","max-snippet":"max-snippet:-1","max-image-preview":"max-image-preview:large","max-video-preview":"max-video-preview:-1"},"canonical":"https:\/\/marktxxl.de\/markt\/produkt\/sunnybuy-damen-umstandsmode-hohe-taille-unterwaesche-schwangerschaft-nahtlos-weich-hipster-panties-over-bump\/","og_locale":"de_DE","og_type":"article","og_title":"SUNNYBUY Damen Umstandsmode Hohe Taille Unterw\u00e4sche Schwangerschaft Nahtlos Weich Hipster Panties Over Bump - Markt-XXL","og_description":"Markt-XXL SUNNYBUY Damen Umstandsmode Hohe Taille Unterw\u00e4sche Schwangerschaft Nahtlos Weich Hipster Panties Over Bump","og_url":"https:\/\/marktxxl.de\/markt\/produkt\/sunnybuy-damen-umstandsmode-hohe-taille-unterwaesche-schwangerschaft-nahtlos-weich-hipster-panties-over-bump\/","og_site_name":"Markt-XXL","article_modified_time":"2023-04-11T02:40:12+00:00","og_image":[{"width":500,"height":500,"url":"https:\/\/m.media-amazon.com\/images\/I\/41nA9fryRaL._SL500_.jpg","type":"image\/jpeg"}],"twitter_card":"summary_large_image","twitter_misc":{"Gesch\u00e4tzte Lesezeit":"1\u00a0Minute"},"schema":{"@context":"https:\/\/schema.org","@graph":[{"@type":"WebPage","@id":"https:\/\/marktxxl.de\/markt\/produkt\/sunnybuy-damen-umstandsmode-hohe-taille-unterwaesche-schwangerschaft-nahtlos-weich-hipster-panties-over-bump\/","url":"https:\/\/marktxxl.de\/markt\/produkt\/sunnybuy-damen-umstandsmode-hohe-taille-unterwaesche-schwangerschaft-nahtlos-weich-hipster-panties-over-bump\/","name":"SUNNYBUY Damen Umstandsmode Hohe Taille Unterw\u00e4sche Schwangerschaft Nahtlos Weich Hipster Panties Over Bump - Markt-XXL","isPartOf":{"@id":"https:\/\/marktxxl.de\/markt\/#website"},"primaryImageOfPage":{"@id":"https:\/\/marktxxl.de\/markt\/produkt\/sunnybuy-damen-umstandsmode-hohe-taille-unterwaesche-schwangerschaft-nahtlos-weich-hipster-panties-over-bump\/#primaryimage"},"image":{"@id":"https:\/\/marktxxl.de\/markt\/produkt\/sunnybuy-damen-umstandsmode-hohe-taille-unterwaesche-schwangerschaft-nahtlos-weich-hipster-panties-over-bump\/#primaryimage"},"thumbnailUrl":"https:\/\/m.media-amazon.com\/images\/I\/41nA9fryRaL._SL500_.jpg","datePublished":"2022-10-12T01:55:16+00:00","dateModified":"2023-04-11T02:40:12+00:00","description":"Markt-XXL SUNNYBUY Damen Umstandsmode Hohe Taille Unterw\u00e4sche Schwangerschaft Nahtlos Weich Hipster Panties Over Bump","breadcrumb":{"@id":"https:\/\/marktxxl.de\/markt\/produkt\/sunnybuy-damen-umstandsmode-hohe-taille-unterwaesche-schwangerschaft-nahtlos-weich-hipster-panties-over-bump\/#breadcrumb"},"inLanguage":"de","potentialAction":[{"@type":"ReadAction","target":["https:\/\/marktxxl.de\/markt\/produkt\/sunnybuy-damen-umstandsmode-hohe-taille-unterwaesche-schwangerschaft-nahtlos-weich-hipster-panties-over-bump\/"]}]},{"@type":"ImageObject","inLanguage":"de","@id":"https:\/\/marktxxl.de\/markt\/produkt\/sunnybuy-damen-umstandsmode-hohe-taille-unterwaesche-schwangerschaft-nahtlos-weich-hipster-panties-over-bump\/#primaryimage","url":"https:\/\/m.media-amazon.com\/images\/I\/41nA9fryRaL._SL500_.jpg","contentUrl":"https:\/\/m.media-amazon.com\/images\/I\/41nA9fryRaL._SL500_.jpg","width":500,"height":500},{"@type":"BreadcrumbList","@id":"https:\/\/marktxxl.de\/markt\/produkt\/sunnybuy-damen-umstandsmode-hohe-taille-unterwaesche-schwangerschaft-nahtlos-weich-hipster-panties-over-bump\/#breadcrumb","itemListElement":[{"@type":"ListItem","position":1,"name":"Startseite","item":"https:\/\/marktxxl.de\/markt\/"},{"@type":"ListItem","position":2,"name":"Markt","item":"https:\/\/marktxxl.de\/markt\/"},{"@type":"ListItem","position":3,"name":"SUNNYBUY Damen Umstandsmode Hohe Taille Unterw\u00e4sche Schwangerschaft Nahtlos Weich Hipster Panties Over Bump"}]},{"@type":"WebSite","@id":"https:\/\/marktxxl.de\/markt\/#website","url":"https:\/\/marktxxl.de\/markt\/","name":"Markt-XXL","description":"Ihr Markt Online","publisher":{"@id":"https:\/\/marktxxl.de\/markt\/#organization"},"potentialAction":[{"@type":"SearchAction","target":{"@type":"EntryPoint","urlTemplate":"https:\/\/marktxxl.de\/markt\/?s={search_term_string}"},"query-input":{"@type":"PropertyValueSpecification","valueRequired":true,"valueName":"search_term_string"}}],"inLanguage":"de"},{"@type":"Organization","@id":"https:\/\/marktxxl.de\/markt\/#organization","name":"Markt-XXL","url":"https:\/\/marktxxl.de\/markt\/","logo":{"@type":"ImageObject","inLanguage":"de","@id":"https:\/\/marktxxl.de\/markt\/#\/schema\/logo\/image\/","url":"https:\/\/marktxxl.de\/markt\/wp-content\/uploads\/sites\/3\/2020\/12\/logo.png","contentUrl":"https:\/\/marktxxl.de\/markt\/wp-content\/uploads\/sites\/3\/2020\/12\/logo.png","width":200,"height":70,"caption":"Markt-XXL"},"image":{"@id":"https:\/\/marktxxl.de\/markt\/#\/schema\/logo\/image\/"}}]}},"_links":{"self":[{"href":"https:\/\/marktxxl.de\/markt\/wp-json\/wp\/v2\/product\/157788","targetHints":{"allow":["GET"]}}],"collection":[{"href":"https:\/\/marktxxl.de\/markt\/wp-json\/wp\/v2\/product"}],"about":[{"href":"https:\/\/marktxxl.de\/markt\/wp-json\/wp\/v2\/types\/product"}],"replies":[{"embeddable":true,"href":"https:\/\/marktxxl.de\/markt\/wp-json\/wp\/v2\/comments?post=157788"}],"wp:featuredmedia":[{"embeddable":true,"href":"https:\/\/marktxxl.de\/markt\/wp-json\/wp\/v2\/media\/157789"}],"wp:attachment":[{"href":"https:\/\/marktxxl.de\/markt\/wp-json\/wp\/v2\/media?parent=157788"}],"wp:term":[{"taxonomy":"product_brand","embeddable":true,"href":"https:\/\/marktxxl.de\/markt\/wp-json\/wp\/v2\/product_brand?post=157788"},{"taxonomy":"product_cat","embeddable":true,"href":"https:\/\/marktxxl.de\/markt\/wp-json\/wp\/v2\/product_cat?post=157788"},{"taxonomy":"product_tag","embeddable":true,"href":"https:\/\/marktxxl.de\/markt\/wp-json\/wp\/v2\/product_tag?post=157788"}],"curies":[{"name":"wp","href":"https:\/\/api.w.org\/{rel}","templated":true}]}}