{"id":157663,"date":"2022-10-12T03:49:05","date_gmt":"2022-10-12T01:49:05","guid":{"rendered":"https:\/\/marktxxl.de\/markt\/produkt\/cartvelli-premium-lederguertel-herren-mit-geschenkbox-echt-leder-herrenguertel-40mm-kuerzbar-fuer-jeans-chinos-anzug-und-pants\/"},"modified":"2023-04-11T04:40:10","modified_gmt":"2023-04-11T02:40:10","slug":"cartvelli-premium-lederguertel-herren-mit-geschenkbox-echt-leder-herrenguertel-40mm-kuerzbar-fuer-jeans-chinos-anzug-und-pants","status":"publish","type":"product","link":"https:\/\/marktxxl.de\/markt\/produkt\/cartvelli-premium-lederguertel-herren-mit-geschenkbox-echt-leder-herrenguertel-40mm-kuerzbar-fuer-jeans-chinos-anzug-und-pants\/","title":{"rendered":"Cartvelli Premium Lederg\u00fcrtel Herren mit Geschenkbox &#8211; Echt-Leder Herreng\u00fcrtel 40mm k\u00fcrzbar f\u00fcr Jeans Chinos Anzug und\u2026"},"content":{"rendered":"<p>\u2705 SCHNALLE NICKELFREI: Edel hochwertige Schlie\u00dfe in Metallic-Grau, kein Abbl\u00e4ttern der Farbe. Die au\u00dfergew\u00f6hnliche Schnalle macht den Herreng\u00fcrtel zu einem echten Hingucker<br \/>\n\u2705 LANGLEBIG: Das Vollleder ist super verarbeitet und hat keine offenen Schnittkanten die den Jeansg\u00fcrtel ausfransen. Der G\u00fcrtel wird somit \u00fcber viele Jahre Dein treuer Begleiter<br \/>\n\u2705 ANGENEHMER LEDERGERUCH: Das anspruchsvolle Echtleder ist ohne Chemie und somit Umweltfreundlich gegerbt. Dadurch erh\u00e4lt der Volllederg\u00fcrtel f\u00fcr Herren einen angenehmen Ledergeruch<br \/>\n\u2705 GESCHENKBOX: Du erh\u00e4ltst Deinen M\u00e4nnerg\u00fcrtel in einer einzigartigen runden Aufbewahrungsbox. Der Echtleder-G\u00fcrtel eignet sich somit auch als geschmackvolles Geschenk<br \/>\n\u2705 MADE IN ITALY: Dieser wundersch\u00f6ne Herreng\u00fcrtel ist Made in Italy und verspricht somit allerh\u00f6chste Qualit\u00e4t. Italienisches Handwerk und pflanzlich gegerbte Lederh\u00e4ute<br \/>\n<div class=\"main-cross-sell\" data-asin=\"B09Y97HVRJ\">\n\n\t<div class=\"WooZone-cross-sell-loader\">\n\t\t<div>\n\t\t\t<div id=\"floatingBarsG\">\n\t\t\t\t<div class=\"blockG\" id=\"rotateG_01\"><\/div>\n\t\t\t\t<div class=\"blockG\" id=\"rotateG_02\"><\/div>\n\t\t\t\t<div class=\"blockG\" id=\"rotateG_03\"><\/div>\n\t\t\t\t<div class=\"blockG\" id=\"rotateG_04\"><\/div>\n\t\t\t\t<div class=\"blockG\" id=\"rotateG_05\"><\/div>\n\t\t\t\t<div class=\"blockG\" id=\"rotateG_06\"><\/div>\n\t\t\t\t<div class=\"blockG\" id=\"rotateG_07\"><\/div>\n\t\t\t\t<div class=\"blockG\" id=\"rotateG_08\"><\/div>\n\t\t\t<\/div>\n\t\t\t<div class=\"WooZone-cross-sell-loader-text\"><\/div>\n\t\t<\/div>\n\t<\/div>\n\n\t\t\n<\/div>\n<div style=\"clear:both;\"><\/div><\/p>\n","protected":false},"excerpt":{"rendered":"<p>\u2705 SCHNALLE NICKELFREI: Edel hochwertige Schlie\u00dfe in Metallic-Grau, kein Abbl\u00e4ttern der Farbe. Die au\u00dfergew\u00f6hnliche Schnalle macht den Herreng\u00fcrtel zu einem echten Hingucker<br \/>\n\u2705 LANGLEBIG: Das Vollleder ist super verarbeitet und hat keine offenen Schnittkanten die den Jeansg\u00fcrtel ausfransen. Der G\u00fcrtel wird somit \u00fcber viele Jahre Dein treuer Begleiter<br \/>\n\u2705 ANGENEHMER LEDERGERUCH: Das anspruchsvolle Echtleder ist ohne Chemie und somit Umweltfreundlich gegerbt. Dadurch erh\u00e4lt der Volllederg\u00fcrtel f\u00fcr Herren einen angenehmen Ledergeruch<\/p>\n","protected":false},"featured_media":157664,"comment_status":"open","ping_status":"closed","template":"","meta":[],"product_brand":[],"product_cat":[1186,3960],"product_tag":[],"class_list":{"0":"post-157663","1":"product","2":"type-product","3":"status-publish","4":"has-post-thumbnail","6":"product_cat-bekleidung","7":"product_cat-herren","8":"pa_brand-cartvelli","9":"pa_manufacturer-hetcher-and-smith-gmbh","11":"first","12":"instock","13":"shipping-taxable","14":"purchasable","15":"product-type-simple","16":"customify-col","17":"product-has-gallery"},"yoast_head":"<!-- This site is optimized with the Yoast SEO plugin v27.3 - https:\/\/yoast.com\/product\/yoast-seo-wordpress\/ -->\n<title>Cartvelli Premium Lederg\u00fcrtel Herren mit Geschenkbox - Echt-Leder Herreng\u00fcrtel 40mm k\u00fcrzbar f\u00fcr Jeans Chinos Anzug und\u2026 - Markt-XXL<\/title>\n<meta name=\"description\" content=\"Markt-XXL Cartvelli Premium Lederg\u00fcrtel Herren mit Geschenkbox - Echt-Leder Herreng\u00fcrtel 40mm k\u00fcrzbar f\u00fcr Jeans Chinos Anzug und\u2026\" \/>\n<meta name=\"robots\" content=\"index, follow, max-snippet:-1, max-image-preview:large, max-video-preview:-1\" \/>\n<link rel=\"canonical\" href=\"https:\/\/marktxxl.de\/markt\/produkt\/cartvelli-premium-lederguertel-herren-mit-geschenkbox-echt-leder-herrenguertel-40mm-kuerzbar-fuer-jeans-chinos-anzug-und-pants\/\" \/>\n<meta property=\"og:locale\" content=\"de_DE\" \/>\n<meta property=\"og:type\" content=\"article\" \/>\n<meta property=\"og:title\" content=\"Cartvelli Premium Lederg\u00fcrtel Herren mit Geschenkbox - Echt-Leder Herreng\u00fcrtel 40mm k\u00fcrzbar f\u00fcr Jeans Chinos Anzug und\u2026 - Markt-XXL\" \/>\n<meta property=\"og:description\" content=\"Markt-XXL Cartvelli Premium Lederg\u00fcrtel Herren mit Geschenkbox - Echt-Leder Herreng\u00fcrtel 40mm k\u00fcrzbar f\u00fcr Jeans Chinos Anzug und\u2026\" \/>\n<meta property=\"og:url\" content=\"https:\/\/marktxxl.de\/markt\/produkt\/cartvelli-premium-lederguertel-herren-mit-geschenkbox-echt-leder-herrenguertel-40mm-kuerzbar-fuer-jeans-chinos-anzug-und-pants\/\" \/>\n<meta property=\"og:site_name\" content=\"Markt-XXL\" \/>\n<meta property=\"article:modified_time\" content=\"2023-04-11T02:40:10+00:00\" \/>\n<meta property=\"og:image\" content=\"https:\/\/m.media-amazon.com\/images\/I\/41-DuzUY+bL._SL500_.jpg\" \/>\n\t<meta property=\"og:image:width\" content=\"375\" \/>\n\t<meta property=\"og:image:height\" content=\"500\" \/>\n\t<meta property=\"og:image:type\" content=\"image\/jpeg\" \/>\n<meta name=\"twitter:card\" content=\"summary_large_image\" \/>\n<meta name=\"twitter:label1\" content=\"Gesch\u00e4tzte Lesezeit\" \/>\n\t<meta name=\"twitter:data1\" content=\"1\u00a0Minute\" \/>\n<script type=\"application\/ld+json\" class=\"yoast-schema-graph\">{\"@context\":\"https:\\\/\\\/schema.org\",\"@graph\":[{\"@type\":\"WebPage\",\"@id\":\"https:\\\/\\\/marktxxl.de\\\/markt\\\/produkt\\\/cartvelli-premium-lederguertel-herren-mit-geschenkbox-echt-leder-herrenguertel-40mm-kuerzbar-fuer-jeans-chinos-anzug-und-pants\\\/\",\"url\":\"https:\\\/\\\/marktxxl.de\\\/markt\\\/produkt\\\/cartvelli-premium-lederguertel-herren-mit-geschenkbox-echt-leder-herrenguertel-40mm-kuerzbar-fuer-jeans-chinos-anzug-und-pants\\\/\",\"name\":\"Cartvelli Premium Lederg\u00fcrtel Herren mit Geschenkbox - Echt-Leder Herreng\u00fcrtel 40mm k\u00fcrzbar f\u00fcr Jeans Chinos Anzug und\u2026 - Markt-XXL\",\"isPartOf\":{\"@id\":\"https:\\\/\\\/marktxxl.de\\\/markt\\\/#website\"},\"primaryImageOfPage\":{\"@id\":\"https:\\\/\\\/marktxxl.de\\\/markt\\\/produkt\\\/cartvelli-premium-lederguertel-herren-mit-geschenkbox-echt-leder-herrenguertel-40mm-kuerzbar-fuer-jeans-chinos-anzug-und-pants\\\/#primaryimage\"},\"image\":{\"@id\":\"https:\\\/\\\/marktxxl.de\\\/markt\\\/produkt\\\/cartvelli-premium-lederguertel-herren-mit-geschenkbox-echt-leder-herrenguertel-40mm-kuerzbar-fuer-jeans-chinos-anzug-und-pants\\\/#primaryimage\"},\"thumbnailUrl\":\"https:\\\/\\\/m.media-amazon.com\\\/images\\\/I\\\/41-DuzUY+bL._SL500_.jpg\",\"datePublished\":\"2022-10-12T01:49:05+00:00\",\"dateModified\":\"2023-04-11T02:40:10+00:00\",\"description\":\"Markt-XXL Cartvelli Premium Lederg\u00fcrtel Herren mit Geschenkbox - Echt-Leder Herreng\u00fcrtel 40mm k\u00fcrzbar f\u00fcr Jeans Chinos Anzug und\u2026\",\"breadcrumb\":{\"@id\":\"https:\\\/\\\/marktxxl.de\\\/markt\\\/produkt\\\/cartvelli-premium-lederguertel-herren-mit-geschenkbox-echt-leder-herrenguertel-40mm-kuerzbar-fuer-jeans-chinos-anzug-und-pants\\\/#breadcrumb\"},\"inLanguage\":\"de\",\"potentialAction\":[{\"@type\":\"ReadAction\",\"target\":[\"https:\\\/\\\/marktxxl.de\\\/markt\\\/produkt\\\/cartvelli-premium-lederguertel-herren-mit-geschenkbox-echt-leder-herrenguertel-40mm-kuerzbar-fuer-jeans-chinos-anzug-und-pants\\\/\"]}]},{\"@type\":\"ImageObject\",\"inLanguage\":\"de\",\"@id\":\"https:\\\/\\\/marktxxl.de\\\/markt\\\/produkt\\\/cartvelli-premium-lederguertel-herren-mit-geschenkbox-echt-leder-herrenguertel-40mm-kuerzbar-fuer-jeans-chinos-anzug-und-pants\\\/#primaryimage\",\"url\":\"https:\\\/\\\/m.media-amazon.com\\\/images\\\/I\\\/41-DuzUY+bL._SL500_.jpg\",\"contentUrl\":\"https:\\\/\\\/m.media-amazon.com\\\/images\\\/I\\\/41-DuzUY+bL._SL500_.jpg\",\"width\":375,\"height\":500},{\"@type\":\"BreadcrumbList\",\"@id\":\"https:\\\/\\\/marktxxl.de\\\/markt\\\/produkt\\\/cartvelli-premium-lederguertel-herren-mit-geschenkbox-echt-leder-herrenguertel-40mm-kuerzbar-fuer-jeans-chinos-anzug-und-pants\\\/#breadcrumb\",\"itemListElement\":[{\"@type\":\"ListItem\",\"position\":1,\"name\":\"Startseite\",\"item\":\"https:\\\/\\\/marktxxl.de\\\/markt\\\/\"},{\"@type\":\"ListItem\",\"position\":2,\"name\":\"Markt\",\"item\":\"https:\\\/\\\/marktxxl.de\\\/markt\\\/\"},{\"@type\":\"ListItem\",\"position\":3,\"name\":\"Cartvelli Premium Lederg\u00fcrtel Herren mit Geschenkbox &#8211; Echt-Leder Herreng\u00fcrtel 40mm k\u00fcrzbar f\u00fcr Jeans Chinos Anzug und\u2026\"}]},{\"@type\":\"WebSite\",\"@id\":\"https:\\\/\\\/marktxxl.de\\\/markt\\\/#website\",\"url\":\"https:\\\/\\\/marktxxl.de\\\/markt\\\/\",\"name\":\"Markt-XXL\",\"description\":\"Ihr Markt Online\",\"publisher\":{\"@id\":\"https:\\\/\\\/marktxxl.de\\\/markt\\\/#organization\"},\"potentialAction\":[{\"@type\":\"SearchAction\",\"target\":{\"@type\":\"EntryPoint\",\"urlTemplate\":\"https:\\\/\\\/marktxxl.de\\\/markt\\\/?s={search_term_string}\"},\"query-input\":{\"@type\":\"PropertyValueSpecification\",\"valueRequired\":true,\"valueName\":\"search_term_string\"}}],\"inLanguage\":\"de\"},{\"@type\":\"Organization\",\"@id\":\"https:\\\/\\\/marktxxl.de\\\/markt\\\/#organization\",\"name\":\"Markt-XXL\",\"url\":\"https:\\\/\\\/marktxxl.de\\\/markt\\\/\",\"logo\":{\"@type\":\"ImageObject\",\"inLanguage\":\"de\",\"@id\":\"https:\\\/\\\/marktxxl.de\\\/markt\\\/#\\\/schema\\\/logo\\\/image\\\/\",\"url\":\"https:\\\/\\\/marktxxl.de\\\/markt\\\/wp-content\\\/uploads\\\/sites\\\/3\\\/2020\\\/12\\\/logo.png\",\"contentUrl\":\"https:\\\/\\\/marktxxl.de\\\/markt\\\/wp-content\\\/uploads\\\/sites\\\/3\\\/2020\\\/12\\\/logo.png\",\"width\":200,\"height\":70,\"caption\":\"Markt-XXL\"},\"image\":{\"@id\":\"https:\\\/\\\/marktxxl.de\\\/markt\\\/#\\\/schema\\\/logo\\\/image\\\/\"}}]}<\/script>\n<!-- \/ Yoast SEO plugin. -->","yoast_head_json":{"title":"Cartvelli Premium Lederg\u00fcrtel Herren mit Geschenkbox - Echt-Leder Herreng\u00fcrtel 40mm k\u00fcrzbar f\u00fcr Jeans Chinos Anzug und\u2026 - Markt-XXL","description":"Markt-XXL Cartvelli Premium Lederg\u00fcrtel Herren mit Geschenkbox - Echt-Leder Herreng\u00fcrtel 40mm k\u00fcrzbar f\u00fcr Jeans Chinos Anzug und\u2026","robots":{"index":"index","follow":"follow","max-snippet":"max-snippet:-1","max-image-preview":"max-image-preview:large","max-video-preview":"max-video-preview:-1"},"canonical":"https:\/\/marktxxl.de\/markt\/produkt\/cartvelli-premium-lederguertel-herren-mit-geschenkbox-echt-leder-herrenguertel-40mm-kuerzbar-fuer-jeans-chinos-anzug-und-pants\/","og_locale":"de_DE","og_type":"article","og_title":"Cartvelli Premium Lederg\u00fcrtel Herren mit Geschenkbox - Echt-Leder Herreng\u00fcrtel 40mm k\u00fcrzbar f\u00fcr Jeans Chinos Anzug und\u2026 - Markt-XXL","og_description":"Markt-XXL Cartvelli Premium Lederg\u00fcrtel Herren mit Geschenkbox - Echt-Leder Herreng\u00fcrtel 40mm k\u00fcrzbar f\u00fcr Jeans Chinos Anzug und\u2026","og_url":"https:\/\/marktxxl.de\/markt\/produkt\/cartvelli-premium-lederguertel-herren-mit-geschenkbox-echt-leder-herrenguertel-40mm-kuerzbar-fuer-jeans-chinos-anzug-und-pants\/","og_site_name":"Markt-XXL","article_modified_time":"2023-04-11T02:40:10+00:00","og_image":[{"width":375,"height":500,"url":"https:\/\/m.media-amazon.com\/images\/I\/41-DuzUY+bL._SL500_.jpg","type":"image\/jpeg"}],"twitter_card":"summary_large_image","twitter_misc":{"Gesch\u00e4tzte Lesezeit":"1\u00a0Minute"},"schema":{"@context":"https:\/\/schema.org","@graph":[{"@type":"WebPage","@id":"https:\/\/marktxxl.de\/markt\/produkt\/cartvelli-premium-lederguertel-herren-mit-geschenkbox-echt-leder-herrenguertel-40mm-kuerzbar-fuer-jeans-chinos-anzug-und-pants\/","url":"https:\/\/marktxxl.de\/markt\/produkt\/cartvelli-premium-lederguertel-herren-mit-geschenkbox-echt-leder-herrenguertel-40mm-kuerzbar-fuer-jeans-chinos-anzug-und-pants\/","name":"Cartvelli Premium Lederg\u00fcrtel Herren mit Geschenkbox - Echt-Leder Herreng\u00fcrtel 40mm k\u00fcrzbar f\u00fcr Jeans Chinos Anzug und\u2026 - Markt-XXL","isPartOf":{"@id":"https:\/\/marktxxl.de\/markt\/#website"},"primaryImageOfPage":{"@id":"https:\/\/marktxxl.de\/markt\/produkt\/cartvelli-premium-lederguertel-herren-mit-geschenkbox-echt-leder-herrenguertel-40mm-kuerzbar-fuer-jeans-chinos-anzug-und-pants\/#primaryimage"},"image":{"@id":"https:\/\/marktxxl.de\/markt\/produkt\/cartvelli-premium-lederguertel-herren-mit-geschenkbox-echt-leder-herrenguertel-40mm-kuerzbar-fuer-jeans-chinos-anzug-und-pants\/#primaryimage"},"thumbnailUrl":"https:\/\/m.media-amazon.com\/images\/I\/41-DuzUY+bL._SL500_.jpg","datePublished":"2022-10-12T01:49:05+00:00","dateModified":"2023-04-11T02:40:10+00:00","description":"Markt-XXL Cartvelli Premium Lederg\u00fcrtel Herren mit Geschenkbox - Echt-Leder Herreng\u00fcrtel 40mm k\u00fcrzbar f\u00fcr Jeans Chinos Anzug und\u2026","breadcrumb":{"@id":"https:\/\/marktxxl.de\/markt\/produkt\/cartvelli-premium-lederguertel-herren-mit-geschenkbox-echt-leder-herrenguertel-40mm-kuerzbar-fuer-jeans-chinos-anzug-und-pants\/#breadcrumb"},"inLanguage":"de","potentialAction":[{"@type":"ReadAction","target":["https:\/\/marktxxl.de\/markt\/produkt\/cartvelli-premium-lederguertel-herren-mit-geschenkbox-echt-leder-herrenguertel-40mm-kuerzbar-fuer-jeans-chinos-anzug-und-pants\/"]}]},{"@type":"ImageObject","inLanguage":"de","@id":"https:\/\/marktxxl.de\/markt\/produkt\/cartvelli-premium-lederguertel-herren-mit-geschenkbox-echt-leder-herrenguertel-40mm-kuerzbar-fuer-jeans-chinos-anzug-und-pants\/#primaryimage","url":"https:\/\/m.media-amazon.com\/images\/I\/41-DuzUY+bL._SL500_.jpg","contentUrl":"https:\/\/m.media-amazon.com\/images\/I\/41-DuzUY+bL._SL500_.jpg","width":375,"height":500},{"@type":"BreadcrumbList","@id":"https:\/\/marktxxl.de\/markt\/produkt\/cartvelli-premium-lederguertel-herren-mit-geschenkbox-echt-leder-herrenguertel-40mm-kuerzbar-fuer-jeans-chinos-anzug-und-pants\/#breadcrumb","itemListElement":[{"@type":"ListItem","position":1,"name":"Startseite","item":"https:\/\/marktxxl.de\/markt\/"},{"@type":"ListItem","position":2,"name":"Markt","item":"https:\/\/marktxxl.de\/markt\/"},{"@type":"ListItem","position":3,"name":"Cartvelli Premium Lederg\u00fcrtel Herren mit Geschenkbox &#8211; Echt-Leder Herreng\u00fcrtel 40mm k\u00fcrzbar f\u00fcr Jeans Chinos Anzug und\u2026"}]},{"@type":"WebSite","@id":"https:\/\/marktxxl.de\/markt\/#website","url":"https:\/\/marktxxl.de\/markt\/","name":"Markt-XXL","description":"Ihr Markt Online","publisher":{"@id":"https:\/\/marktxxl.de\/markt\/#organization"},"potentialAction":[{"@type":"SearchAction","target":{"@type":"EntryPoint","urlTemplate":"https:\/\/marktxxl.de\/markt\/?s={search_term_string}"},"query-input":{"@type":"PropertyValueSpecification","valueRequired":true,"valueName":"search_term_string"}}],"inLanguage":"de"},{"@type":"Organization","@id":"https:\/\/marktxxl.de\/markt\/#organization","name":"Markt-XXL","url":"https:\/\/marktxxl.de\/markt\/","logo":{"@type":"ImageObject","inLanguage":"de","@id":"https:\/\/marktxxl.de\/markt\/#\/schema\/logo\/image\/","url":"https:\/\/marktxxl.de\/markt\/wp-content\/uploads\/sites\/3\/2020\/12\/logo.png","contentUrl":"https:\/\/marktxxl.de\/markt\/wp-content\/uploads\/sites\/3\/2020\/12\/logo.png","width":200,"height":70,"caption":"Markt-XXL"},"image":{"@id":"https:\/\/marktxxl.de\/markt\/#\/schema\/logo\/image\/"}}]}},"_links":{"self":[{"href":"https:\/\/marktxxl.de\/markt\/wp-json\/wp\/v2\/product\/157663","targetHints":{"allow":["GET"]}}],"collection":[{"href":"https:\/\/marktxxl.de\/markt\/wp-json\/wp\/v2\/product"}],"about":[{"href":"https:\/\/marktxxl.de\/markt\/wp-json\/wp\/v2\/types\/product"}],"replies":[{"embeddable":true,"href":"https:\/\/marktxxl.de\/markt\/wp-json\/wp\/v2\/comments?post=157663"}],"wp:featuredmedia":[{"embeddable":true,"href":"https:\/\/marktxxl.de\/markt\/wp-json\/wp\/v2\/media\/157664"}],"wp:attachment":[{"href":"https:\/\/marktxxl.de\/markt\/wp-json\/wp\/v2\/media?parent=157663"}],"wp:term":[{"taxonomy":"product_brand","embeddable":true,"href":"https:\/\/marktxxl.de\/markt\/wp-json\/wp\/v2\/product_brand?post=157663"},{"taxonomy":"product_cat","embeddable":true,"href":"https:\/\/marktxxl.de\/markt\/wp-json\/wp\/v2\/product_cat?post=157663"},{"taxonomy":"product_tag","embeddable":true,"href":"https:\/\/marktxxl.de\/markt\/wp-json\/wp\/v2\/product_tag?post=157663"}],"curies":[{"name":"wp","href":"https:\/\/api.w.org\/{rel}","templated":true}]}}