{"id":157430,"date":"2022-10-12T02:49:52","date_gmt":"2022-10-12T00:49:52","guid":{"rendered":"https:\/\/marktxxl.de\/markt\/produkt\/rituals-the-ritual-of-advent-adventskalender-2022-im-wert-von-130-e-exklusiver-beauty-adventskalender-mit-24-luxusgeschenken-unter-anderem-4-adventskerzen-mit-geschenkbox-und-sc\/"},"modified":"2023-04-10T04:45:31","modified_gmt":"2023-04-10T02:45:31","slug":"rituals-the-ritual-of-advent-adventskalender-2022-im-wert-von-130-e-exklusiver-beauty-adventskalender-mit-24-luxusgeschenken-unter-anderem-4-adventskerzen-mit-geschenkbox-und-sc","status":"publish","type":"product","link":"https:\/\/marktxxl.de\/markt\/produkt\/rituals-the-ritual-of-advent-adventskalender-2022-im-wert-von-130-e-exklusiver-beauty-adventskalender-mit-24-luxusgeschenken-unter-anderem-4-adventskerzen-mit-geschenkbox-und-sc\/","title":{"rendered":"RITUALS, The Ritual of Advent, Adventskalender 2022 im Wert von 130 \u20ac \u2013 Beauty Adventskalender f\u00fcr Frauen und M\u00e4nner mit\u2026"},"content":{"rendered":"<p>24 Luxuri\u00f6se Geschenke: Der Adventskalender von Rituals enth\u00e4lt 24 kleine Luxusgeschenke f\u00fcr Sie selbst oder einen geliebten Menschen; dazu geh\u00f6ren zum Beispiel der einzigartige Duschschaum mit dem Gel-zu-Schaum-System von Rituals, K\u00f6rpercreme und Handlotion<br \/>\nBald ist Weihnachten: Z\u00e4hlen Sie die Tage bis zum Heiligen Abend mit 24 bezaubernden Geschenken und finden Sie Ihre neuen Favoriten aus den Kollektionen Homme, Jing, R\u00eave de Hanami, Ayurveda, Karma, Mehr, Namaste, Amsterdam, Sakura und Elixir<br \/>\nJeden Tag Weihnachtsfreude: Mit dem Beauty Adventskalender von Rituals k\u00f6nnen Sie die Vorfreude auf Weihnachten jeden Tag mit einer \u00dcberraschung genie\u00dfen; verw\u00f6hnen Sie K\u00f6rper, Geist und Seele mit einer Auswahl an Rituals-Produkten, etwa unserem beliebten K\u00f6rperspray oder dem Peeling<br \/>\nDas Perfekte Geschenk f\u00fcr Jemand Besonderen: Dieser luxuri\u00f6se Adventskalender wird in einer stilvollen Geschenkbox mit Schleife geliefert und ist damit das perfekte Weihnachtsgeschenk f\u00fcr M\u00e4nner und Frauen<br \/>\nThe Ritual of Advent: Entz\u00fcnden Sie an jedem Sonntag im Advent eine der vier wundervoll duftenden Adventskerzen und lassen Sie sich vom Rituals-Adventskalender 2022 inspirieren, bewusst etwas k\u00fcrzerzutreten und die kleinen Dinge des Lebens zu genie\u00dfen<br \/>\n<div class=\"main-cross-sell\" data-asin=\"B0B8NNHR5N\">\n\n\t<div class=\"WooZone-cross-sell-loader\">\n\t\t<div>\n\t\t\t<div id=\"floatingBarsG\">\n\t\t\t\t<div class=\"blockG\" id=\"rotateG_01\"><\/div>\n\t\t\t\t<div class=\"blockG\" id=\"rotateG_02\"><\/div>\n\t\t\t\t<div class=\"blockG\" id=\"rotateG_03\"><\/div>\n\t\t\t\t<div class=\"blockG\" id=\"rotateG_04\"><\/div>\n\t\t\t\t<div class=\"blockG\" id=\"rotateG_05\"><\/div>\n\t\t\t\t<div class=\"blockG\" id=\"rotateG_06\"><\/div>\n\t\t\t\t<div class=\"blockG\" id=\"rotateG_07\"><\/div>\n\t\t\t\t<div class=\"blockG\" id=\"rotateG_08\"><\/div>\n\t\t\t<\/div>\n\t\t\t<div class=\"WooZone-cross-sell-loader-text\"><\/div>\n\t\t<\/div>\n\t<\/div>\n\n\t\t\n<\/div>\n<div style=\"clear:both;\"><\/div><\/p>\n","protected":false},"excerpt":{"rendered":"<p>24 Luxuri\u00f6se Geschenke: Der Adventskalender von Rituals enth\u00e4lt 24 kleine Luxusgeschenke f\u00fcr Sie selbst oder einen geliebten Menschen; dazu geh\u00f6ren zum Beispiel der einzigartige Duschschaum mit dem Gel-zu-Schaum-System von Rituals, K\u00f6rpercreme und Handlotion<br \/>\nBald ist Weihnachten: Z\u00e4hlen Sie die Tage bis zum Heiligen Abend mit 24 bezaubernden Geschenken und finden Sie Ihre neuen Favoriten aus den Kollektionen Homme, Jing, R\u00eave de Hanami, Ayurveda, Karma, Mehr, Namaste, Amsterdam, Sakura und Elixir<br \/>\nJeden Tag Weihnachtsfreude: Mit dem Beauty Adventskalender von Rituals k\u00f6nnen Sie die Vorfreude auf Weihnachten jeden Tag mit einer \u00dcberraschung genie\u00dfen; verw\u00f6hnen Sie K\u00f6rper, Geist und Seele mit einer Auswahl an Rituals-Produkten, etwa unserem beliebten K\u00f6rperspray oder dem Peeling<\/p>\n","protected":false},"featured_media":157431,"comment_status":"open","ping_status":"closed","template":"","meta":[],"product_brand":[],"product_cat":[2858,7067],"product_tag":[],"class_list":{"0":"post-157430","1":"product","2":"type-product","3":"status-publish","4":"has-post-thumbnail","6":"product_cat-beauty","7":"product_cat-hautpflege","8":"pa_brand-rituals","9":"pa_color-blau","10":"pa_height-15-47241-zoll","11":"pa_languages-originalsprache-deutsch","12":"pa_length-3-26771-zoll","13":"pa_manufacturer-rituals-cosmetics-trade-bv","14":"pa_width-19-37004-zoll","16":"first","17":"instock","18":"shipping-taxable","19":"purchasable","20":"product-type-simple","21":"customify-col","22":"product-has-gallery"},"yoast_head":"<!-- This site is optimized with the Yoast SEO plugin v27.4 - https:\/\/yoast.com\/product\/yoast-seo-wordpress\/ -->\n<title>RITUALS, The Ritual of Advent, Adventskalender 2022 im Wert von 130 \u20ac \u2013 Beauty Adventskalender f\u00fcr Frauen und M\u00e4nner mit\u2026 - Markt-XXL<\/title>\n<meta name=\"description\" content=\"Markt-XXL RITUALS, The Ritual of Advent, Adventskalender 2022 im Wert von 130 \u20ac \u2013 Beauty Adventskalender f\u00fcr Frauen und M\u00e4nner mit\u2026\" \/>\n<meta name=\"robots\" content=\"index, follow, max-snippet:-1, max-image-preview:large, max-video-preview:-1\" \/>\n<link rel=\"canonical\" href=\"https:\/\/marktxxl.de\/markt\/produkt\/rituals-the-ritual-of-advent-adventskalender-2022-im-wert-von-130-e-exklusiver-beauty-adventskalender-mit-24-luxusgeschenken-unter-anderem-4-adventskerzen-mit-geschenkbox-und-sc\/\" \/>\n<meta property=\"og:locale\" content=\"de_DE\" \/>\n<meta property=\"og:type\" content=\"article\" \/>\n<meta property=\"og:title\" content=\"RITUALS, The Ritual of Advent, Adventskalender 2022 im Wert von 130 \u20ac \u2013 Beauty Adventskalender f\u00fcr Frauen und M\u00e4nner mit\u2026 - Markt-XXL\" \/>\n<meta property=\"og:description\" content=\"Markt-XXL RITUALS, The Ritual of Advent, Adventskalender 2022 im Wert von 130 \u20ac \u2013 Beauty Adventskalender f\u00fcr Frauen und M\u00e4nner mit\u2026\" \/>\n<meta property=\"og:url\" content=\"https:\/\/marktxxl.de\/markt\/produkt\/rituals-the-ritual-of-advent-adventskalender-2022-im-wert-von-130-e-exklusiver-beauty-adventskalender-mit-24-luxusgeschenken-unter-anderem-4-adventskerzen-mit-geschenkbox-und-sc\/\" \/>\n<meta property=\"og:site_name\" content=\"Markt-XXL\" \/>\n<meta property=\"article:modified_time\" content=\"2023-04-10T02:45:31+00:00\" \/>\n<meta property=\"og:image\" content=\"https:\/\/m.media-amazon.com\/images\/I\/4134NJ7cCrL._SL500_.jpg\" \/>\n\t<meta property=\"og:image:width\" content=\"500\" \/>\n\t<meta property=\"og:image:height\" content=\"500\" \/>\n\t<meta property=\"og:image:type\" content=\"image\/jpeg\" \/>\n<meta name=\"twitter:card\" content=\"summary_large_image\" \/>\n<meta name=\"twitter:label1\" content=\"Gesch\u00e4tzte Lesezeit\" \/>\n\t<meta name=\"twitter:data1\" content=\"1\u00a0Minute\" \/>\n<script type=\"application\/ld+json\" class=\"yoast-schema-graph\">{\"@context\":\"https:\\\/\\\/schema.org\",\"@graph\":[{\"@type\":\"WebPage\",\"@id\":\"https:\\\/\\\/marktxxl.de\\\/markt\\\/produkt\\\/rituals-the-ritual-of-advent-adventskalender-2022-im-wert-von-130-e-exklusiver-beauty-adventskalender-mit-24-luxusgeschenken-unter-anderem-4-adventskerzen-mit-geschenkbox-und-sc\\\/\",\"url\":\"https:\\\/\\\/marktxxl.de\\\/markt\\\/produkt\\\/rituals-the-ritual-of-advent-adventskalender-2022-im-wert-von-130-e-exklusiver-beauty-adventskalender-mit-24-luxusgeschenken-unter-anderem-4-adventskerzen-mit-geschenkbox-und-sc\\\/\",\"name\":\"RITUALS, The Ritual of Advent, Adventskalender 2022 im Wert von 130 \u20ac \u2013 Beauty Adventskalender f\u00fcr Frauen und M\u00e4nner mit\u2026 - Markt-XXL\",\"isPartOf\":{\"@id\":\"https:\\\/\\\/marktxxl.de\\\/markt\\\/#website\"},\"primaryImageOfPage\":{\"@id\":\"https:\\\/\\\/marktxxl.de\\\/markt\\\/produkt\\\/rituals-the-ritual-of-advent-adventskalender-2022-im-wert-von-130-e-exklusiver-beauty-adventskalender-mit-24-luxusgeschenken-unter-anderem-4-adventskerzen-mit-geschenkbox-und-sc\\\/#primaryimage\"},\"image\":{\"@id\":\"https:\\\/\\\/marktxxl.de\\\/markt\\\/produkt\\\/rituals-the-ritual-of-advent-adventskalender-2022-im-wert-von-130-e-exklusiver-beauty-adventskalender-mit-24-luxusgeschenken-unter-anderem-4-adventskerzen-mit-geschenkbox-und-sc\\\/#primaryimage\"},\"thumbnailUrl\":\"https:\\\/\\\/m.media-amazon.com\\\/images\\\/I\\\/4134NJ7cCrL._SL500_.jpg\",\"datePublished\":\"2022-10-12T00:49:52+00:00\",\"dateModified\":\"2023-04-10T02:45:31+00:00\",\"description\":\"Markt-XXL RITUALS, The Ritual of Advent, Adventskalender 2022 im Wert von 130 \u20ac \u2013 Beauty Adventskalender f\u00fcr Frauen und M\u00e4nner mit\u2026\",\"breadcrumb\":{\"@id\":\"https:\\\/\\\/marktxxl.de\\\/markt\\\/produkt\\\/rituals-the-ritual-of-advent-adventskalender-2022-im-wert-von-130-e-exklusiver-beauty-adventskalender-mit-24-luxusgeschenken-unter-anderem-4-adventskerzen-mit-geschenkbox-und-sc\\\/#breadcrumb\"},\"inLanguage\":\"de\",\"potentialAction\":[{\"@type\":\"ReadAction\",\"target\":[\"https:\\\/\\\/marktxxl.de\\\/markt\\\/produkt\\\/rituals-the-ritual-of-advent-adventskalender-2022-im-wert-von-130-e-exklusiver-beauty-adventskalender-mit-24-luxusgeschenken-unter-anderem-4-adventskerzen-mit-geschenkbox-und-sc\\\/\"]}]},{\"@type\":\"ImageObject\",\"inLanguage\":\"de\",\"@id\":\"https:\\\/\\\/marktxxl.de\\\/markt\\\/produkt\\\/rituals-the-ritual-of-advent-adventskalender-2022-im-wert-von-130-e-exklusiver-beauty-adventskalender-mit-24-luxusgeschenken-unter-anderem-4-adventskerzen-mit-geschenkbox-und-sc\\\/#primaryimage\",\"url\":\"https:\\\/\\\/m.media-amazon.com\\\/images\\\/I\\\/4134NJ7cCrL._SL500_.jpg\",\"contentUrl\":\"https:\\\/\\\/m.media-amazon.com\\\/images\\\/I\\\/4134NJ7cCrL._SL500_.jpg\",\"width\":500,\"height\":500},{\"@type\":\"BreadcrumbList\",\"@id\":\"https:\\\/\\\/marktxxl.de\\\/markt\\\/produkt\\\/rituals-the-ritual-of-advent-adventskalender-2022-im-wert-von-130-e-exklusiver-beauty-adventskalender-mit-24-luxusgeschenken-unter-anderem-4-adventskerzen-mit-geschenkbox-und-sc\\\/#breadcrumb\",\"itemListElement\":[{\"@type\":\"ListItem\",\"position\":1,\"name\":\"Startseite\",\"item\":\"https:\\\/\\\/marktxxl.de\\\/markt\\\/\"},{\"@type\":\"ListItem\",\"position\":2,\"name\":\"Markt\",\"item\":\"https:\\\/\\\/marktxxl.de\\\/markt\\\/\"},{\"@type\":\"ListItem\",\"position\":3,\"name\":\"RITUALS, The Ritual of Advent, Adventskalender 2022 im Wert von 130 \u20ac \u2013 Beauty Adventskalender f\u00fcr Frauen und M\u00e4nner mit\u2026\"}]},{\"@type\":\"WebSite\",\"@id\":\"https:\\\/\\\/marktxxl.de\\\/markt\\\/#website\",\"url\":\"https:\\\/\\\/marktxxl.de\\\/markt\\\/\",\"name\":\"Markt-XXL\",\"description\":\"Ihr Markt Online\",\"publisher\":{\"@id\":\"https:\\\/\\\/marktxxl.de\\\/markt\\\/#organization\"},\"potentialAction\":[{\"@type\":\"SearchAction\",\"target\":{\"@type\":\"EntryPoint\",\"urlTemplate\":\"https:\\\/\\\/marktxxl.de\\\/markt\\\/?s={search_term_string}\"},\"query-input\":{\"@type\":\"PropertyValueSpecification\",\"valueRequired\":true,\"valueName\":\"search_term_string\"}}],\"inLanguage\":\"de\"},{\"@type\":\"Organization\",\"@id\":\"https:\\\/\\\/marktxxl.de\\\/markt\\\/#organization\",\"name\":\"Markt-XXL\",\"url\":\"https:\\\/\\\/marktxxl.de\\\/markt\\\/\",\"logo\":{\"@type\":\"ImageObject\",\"inLanguage\":\"de\",\"@id\":\"https:\\\/\\\/marktxxl.de\\\/markt\\\/#\\\/schema\\\/logo\\\/image\\\/\",\"url\":\"https:\\\/\\\/marktxxl.de\\\/markt\\\/wp-content\\\/uploads\\\/sites\\\/3\\\/2020\\\/12\\\/logo.png\",\"contentUrl\":\"https:\\\/\\\/marktxxl.de\\\/markt\\\/wp-content\\\/uploads\\\/sites\\\/3\\\/2020\\\/12\\\/logo.png\",\"width\":200,\"height\":70,\"caption\":\"Markt-XXL\"},\"image\":{\"@id\":\"https:\\\/\\\/marktxxl.de\\\/markt\\\/#\\\/schema\\\/logo\\\/image\\\/\"}}]}<\/script>\n<!-- \/ Yoast SEO plugin. -->","yoast_head_json":{"title":"RITUALS, The Ritual of Advent, Adventskalender 2022 im Wert von 130 \u20ac \u2013 Beauty Adventskalender f\u00fcr Frauen und M\u00e4nner mit\u2026 - Markt-XXL","description":"Markt-XXL RITUALS, The Ritual of Advent, Adventskalender 2022 im Wert von 130 \u20ac \u2013 Beauty Adventskalender f\u00fcr Frauen und M\u00e4nner mit\u2026","robots":{"index":"index","follow":"follow","max-snippet":"max-snippet:-1","max-image-preview":"max-image-preview:large","max-video-preview":"max-video-preview:-1"},"canonical":"https:\/\/marktxxl.de\/markt\/produkt\/rituals-the-ritual-of-advent-adventskalender-2022-im-wert-von-130-e-exklusiver-beauty-adventskalender-mit-24-luxusgeschenken-unter-anderem-4-adventskerzen-mit-geschenkbox-und-sc\/","og_locale":"de_DE","og_type":"article","og_title":"RITUALS, The Ritual of Advent, Adventskalender 2022 im Wert von 130 \u20ac \u2013 Beauty Adventskalender f\u00fcr Frauen und M\u00e4nner mit\u2026 - Markt-XXL","og_description":"Markt-XXL RITUALS, The Ritual of Advent, Adventskalender 2022 im Wert von 130 \u20ac \u2013 Beauty Adventskalender f\u00fcr Frauen und M\u00e4nner mit\u2026","og_url":"https:\/\/marktxxl.de\/markt\/produkt\/rituals-the-ritual-of-advent-adventskalender-2022-im-wert-von-130-e-exklusiver-beauty-adventskalender-mit-24-luxusgeschenken-unter-anderem-4-adventskerzen-mit-geschenkbox-und-sc\/","og_site_name":"Markt-XXL","article_modified_time":"2023-04-10T02:45:31+00:00","og_image":[{"width":500,"height":500,"url":"https:\/\/m.media-amazon.com\/images\/I\/4134NJ7cCrL._SL500_.jpg","type":"image\/jpeg"}],"twitter_card":"summary_large_image","twitter_misc":{"Gesch\u00e4tzte Lesezeit":"1\u00a0Minute"},"schema":{"@context":"https:\/\/schema.org","@graph":[{"@type":"WebPage","@id":"https:\/\/marktxxl.de\/markt\/produkt\/rituals-the-ritual-of-advent-adventskalender-2022-im-wert-von-130-e-exklusiver-beauty-adventskalender-mit-24-luxusgeschenken-unter-anderem-4-adventskerzen-mit-geschenkbox-und-sc\/","url":"https:\/\/marktxxl.de\/markt\/produkt\/rituals-the-ritual-of-advent-adventskalender-2022-im-wert-von-130-e-exklusiver-beauty-adventskalender-mit-24-luxusgeschenken-unter-anderem-4-adventskerzen-mit-geschenkbox-und-sc\/","name":"RITUALS, The Ritual of Advent, Adventskalender 2022 im Wert von 130 \u20ac \u2013 Beauty Adventskalender f\u00fcr Frauen und M\u00e4nner mit\u2026 - Markt-XXL","isPartOf":{"@id":"https:\/\/marktxxl.de\/markt\/#website"},"primaryImageOfPage":{"@id":"https:\/\/marktxxl.de\/markt\/produkt\/rituals-the-ritual-of-advent-adventskalender-2022-im-wert-von-130-e-exklusiver-beauty-adventskalender-mit-24-luxusgeschenken-unter-anderem-4-adventskerzen-mit-geschenkbox-und-sc\/#primaryimage"},"image":{"@id":"https:\/\/marktxxl.de\/markt\/produkt\/rituals-the-ritual-of-advent-adventskalender-2022-im-wert-von-130-e-exklusiver-beauty-adventskalender-mit-24-luxusgeschenken-unter-anderem-4-adventskerzen-mit-geschenkbox-und-sc\/#primaryimage"},"thumbnailUrl":"https:\/\/m.media-amazon.com\/images\/I\/4134NJ7cCrL._SL500_.jpg","datePublished":"2022-10-12T00:49:52+00:00","dateModified":"2023-04-10T02:45:31+00:00","description":"Markt-XXL RITUALS, The Ritual of Advent, Adventskalender 2022 im Wert von 130 \u20ac \u2013 Beauty Adventskalender f\u00fcr Frauen und M\u00e4nner mit\u2026","breadcrumb":{"@id":"https:\/\/marktxxl.de\/markt\/produkt\/rituals-the-ritual-of-advent-adventskalender-2022-im-wert-von-130-e-exklusiver-beauty-adventskalender-mit-24-luxusgeschenken-unter-anderem-4-adventskerzen-mit-geschenkbox-und-sc\/#breadcrumb"},"inLanguage":"de","potentialAction":[{"@type":"ReadAction","target":["https:\/\/marktxxl.de\/markt\/produkt\/rituals-the-ritual-of-advent-adventskalender-2022-im-wert-von-130-e-exklusiver-beauty-adventskalender-mit-24-luxusgeschenken-unter-anderem-4-adventskerzen-mit-geschenkbox-und-sc\/"]}]},{"@type":"ImageObject","inLanguage":"de","@id":"https:\/\/marktxxl.de\/markt\/produkt\/rituals-the-ritual-of-advent-adventskalender-2022-im-wert-von-130-e-exklusiver-beauty-adventskalender-mit-24-luxusgeschenken-unter-anderem-4-adventskerzen-mit-geschenkbox-und-sc\/#primaryimage","url":"https:\/\/m.media-amazon.com\/images\/I\/4134NJ7cCrL._SL500_.jpg","contentUrl":"https:\/\/m.media-amazon.com\/images\/I\/4134NJ7cCrL._SL500_.jpg","width":500,"height":500},{"@type":"BreadcrumbList","@id":"https:\/\/marktxxl.de\/markt\/produkt\/rituals-the-ritual-of-advent-adventskalender-2022-im-wert-von-130-e-exklusiver-beauty-adventskalender-mit-24-luxusgeschenken-unter-anderem-4-adventskerzen-mit-geschenkbox-und-sc\/#breadcrumb","itemListElement":[{"@type":"ListItem","position":1,"name":"Startseite","item":"https:\/\/marktxxl.de\/markt\/"},{"@type":"ListItem","position":2,"name":"Markt","item":"https:\/\/marktxxl.de\/markt\/"},{"@type":"ListItem","position":3,"name":"RITUALS, The Ritual of Advent, Adventskalender 2022 im Wert von 130 \u20ac \u2013 Beauty Adventskalender f\u00fcr Frauen und M\u00e4nner mit\u2026"}]},{"@type":"WebSite","@id":"https:\/\/marktxxl.de\/markt\/#website","url":"https:\/\/marktxxl.de\/markt\/","name":"Markt-XXL","description":"Ihr Markt Online","publisher":{"@id":"https:\/\/marktxxl.de\/markt\/#organization"},"potentialAction":[{"@type":"SearchAction","target":{"@type":"EntryPoint","urlTemplate":"https:\/\/marktxxl.de\/markt\/?s={search_term_string}"},"query-input":{"@type":"PropertyValueSpecification","valueRequired":true,"valueName":"search_term_string"}}],"inLanguage":"de"},{"@type":"Organization","@id":"https:\/\/marktxxl.de\/markt\/#organization","name":"Markt-XXL","url":"https:\/\/marktxxl.de\/markt\/","logo":{"@type":"ImageObject","inLanguage":"de","@id":"https:\/\/marktxxl.de\/markt\/#\/schema\/logo\/image\/","url":"https:\/\/marktxxl.de\/markt\/wp-content\/uploads\/sites\/3\/2020\/12\/logo.png","contentUrl":"https:\/\/marktxxl.de\/markt\/wp-content\/uploads\/sites\/3\/2020\/12\/logo.png","width":200,"height":70,"caption":"Markt-XXL"},"image":{"@id":"https:\/\/marktxxl.de\/markt\/#\/schema\/logo\/image\/"}}]}},"_links":{"self":[{"href":"https:\/\/marktxxl.de\/markt\/wp-json\/wp\/v2\/product\/157430","targetHints":{"allow":["GET"]}}],"collection":[{"href":"https:\/\/marktxxl.de\/markt\/wp-json\/wp\/v2\/product"}],"about":[{"href":"https:\/\/marktxxl.de\/markt\/wp-json\/wp\/v2\/types\/product"}],"replies":[{"embeddable":true,"href":"https:\/\/marktxxl.de\/markt\/wp-json\/wp\/v2\/comments?post=157430"}],"wp:featuredmedia":[{"embeddable":true,"href":"https:\/\/marktxxl.de\/markt\/wp-json\/wp\/v2\/media\/157431"}],"wp:attachment":[{"href":"https:\/\/marktxxl.de\/markt\/wp-json\/wp\/v2\/media?parent=157430"}],"wp:term":[{"taxonomy":"product_brand","embeddable":true,"href":"https:\/\/marktxxl.de\/markt\/wp-json\/wp\/v2\/product_brand?post=157430"},{"taxonomy":"product_cat","embeddable":true,"href":"https:\/\/marktxxl.de\/markt\/wp-json\/wp\/v2\/product_cat?post=157430"},{"taxonomy":"product_tag","embeddable":true,"href":"https:\/\/marktxxl.de\/markt\/wp-json\/wp\/v2\/product_tag?post=157430"}],"curies":[{"name":"wp","href":"https:\/\/api.w.org\/{rel}","templated":true}]}}