{"id":157408,"date":"2022-10-12T02:49:18","date_gmt":"2022-10-12T00:49:18","guid":{"rendered":"https:\/\/marktxxl.de\/markt\/produkt\/steiff-ollie-eule-rassel-14-cm-kuscheltier-fuer-babys-soft-cuddly-friends-weich-waschbar-rosebraun-241864\/"},"modified":"2023-04-10T04:45:31","modified_gmt":"2023-04-10T02:45:31","slug":"steiff-ollie-eule-rassel-14-cm-kuscheltier-fuer-babys-soft-cuddly-friends-weich-waschbar-rosebraun-241864","status":"publish","type":"product","link":"https:\/\/marktxxl.de\/markt\/produkt\/steiff-ollie-eule-rassel-14-cm-kuscheltier-fuer-babys-soft-cuddly-friends-weich-waschbar-rosebraun-241864\/","title":{"rendered":"Steiff Ollie Eule Rassel &#8211; 14 cm &#8211; Kuscheltier f\u00fcr Babys &#8211; Soft Cuddly Friends &#8211; weich &amp; waschbar &#8211; rosebraun (241864)"},"content":{"rendered":"<p>BESTER FREUND: Die kleine Ollie Eule ist ein treuer Kuschel- und Spielkamerad f\u00fcr jedes Baby. Mit dem kuscheligen Fell und den gro\u00dfen Augen vermittelt sie Geborgenheit ab der ersten Minute. Ollie Eule ist das ideale Spielzeug zum Greifen, Tasten und H\u00f6ren.<br \/>\nWEICH &amp; KUSCHELIG: Die Ollie Eule verzaubert alle mit ihrem kuschelweichen Fell aus Pl\u00fcsch und ihren gestickten Augen. Einfach zum Verlieben. Ein gro\u00dfartiges Geschenk f\u00fcr Babys.<br \/>\nMA\u00dfE: Mit einer Gesamtl\u00e4nge von 14 cm ist die kleine Eule schon f\u00fcr Neugeborene geeignet. Damit ist die Rassel ein toller Begleiter durch den Alltag im Kinderwagen oder auch im Kinderbett und zu jeder Zeit griffbereit.<br \/>\nF\u00dcR KINDER IST NUR DAS BESTE GUT GENUG: Unsere Steiff Tiere \u00fcberzeugen mit gepr\u00fcfter Qualit\u00e4t, unbedenklichen Materialien und einer hochwertigen Verarbeitung. Unsere Pl\u00fcschtiere sind die Freunde f\u00fcrs Leben<br \/>\nBESONDERES SPIEL ERLEBNIS: Die Eule ist kuschelig weich und l\u00e4dt zum Schmusen und Kuscheln ein. Au\u00dferdem ist die Rassel f\u00fcr babysanfte Haut gefertigt. Schulen Sie die Sinne Ihres Babys mit Spiel &amp; Spa\u00df.<br \/>\nPFLEGELEICHT: Da echte Kuschelfreunde auch mal dreckig werden, kann die Rassel dank unbedenklicher F\u00fcllung und besonderer Nahtverarbeitung einfach bei 30\u00b0C in der Waschmaschine gewaschen werden.<br \/>\nOriginal Steiff Pl\u00fcschtier &#8211; Der \u201eKNOPF IM OHR\u201c steht f\u00fcr unser Versprechen an Sie: Pl\u00fcschtiere mit h\u00f6chsten Anforderungen an Qualit\u00e4t, Sicherheit, Verarbeitung &amp; Materialbeschaffenheit. Diese Tradition erhalten wir stolz seit 1880<br \/>\n<div class=\"main-cross-sell\" data-asin=\"B07GJD24BG\">\n\n\t<div class=\"WooZone-cross-sell-loader\">\n\t\t<div>\n\t\t\t<div id=\"floatingBarsG\">\n\t\t\t\t<div class=\"blockG\" id=\"rotateG_01\"><\/div>\n\t\t\t\t<div class=\"blockG\" id=\"rotateG_02\"><\/div>\n\t\t\t\t<div class=\"blockG\" id=\"rotateG_03\"><\/div>\n\t\t\t\t<div class=\"blockG\" id=\"rotateG_04\"><\/div>\n\t\t\t\t<div class=\"blockG\" id=\"rotateG_05\"><\/div>\n\t\t\t\t<div class=\"blockG\" id=\"rotateG_06\"><\/div>\n\t\t\t\t<div class=\"blockG\" id=\"rotateG_07\"><\/div>\n\t\t\t\t<div class=\"blockG\" id=\"rotateG_08\"><\/div>\n\t\t\t<\/div>\n\t\t\t<div class=\"WooZone-cross-sell-loader-text\"><\/div>\n\t\t<\/div>\n\t<\/div>\n\n\t\t\n<\/div>\n<div style=\"clear:both;\"><\/div><\/p>\n","protected":false},"excerpt":{"rendered":"<p>BESTER FREUND: Die kleine Ollie Eule ist ein treuer Kuschel- und Spielkamerad f\u00fcr jedes Baby. Mit dem kuscheligen Fell und den gro\u00dfen Augen vermittelt sie Geborgenheit ab der ersten Minute. Ollie Eule ist das ideale Spielzeug zum Greifen, Tasten und H\u00f6ren.<br \/>\nWEICH &amp; KUSCHELIG: Die Ollie Eule verzaubert alle mit ihrem kuschelweichen Fell aus Pl\u00fcsch und ihren gestickten Augen. Einfach zum Verlieben. Ein gro\u00dfartiges Geschenk f\u00fcr Babys.<br \/>\nMA\u00dfE: Mit einer Gesamtl\u00e4nge von 14 cm ist die kleine Eule schon f\u00fcr Neugeborene geeignet. Damit ist die Rassel ein toller Begleiter durch den Alltag im Kinderwagen oder auch im Kinderbett und zu jeder Zeit griffbereit.<\/p>\n","protected":false},"featured_media":157409,"comment_status":"open","ping_status":"closed","template":"","meta":[],"product_brand":[],"product_cat":[21],"product_tag":[],"class_list":{"0":"post-157408","1":"product","2":"type-product","3":"status-publish","4":"has-post-thumbnail","6":"product_cat-baby","7":"pa_binding-spielzeug","8":"pa_brand-steiff","9":"pa_color-braun","10":"pa_height-1-968503935-zoll","11":"pa_length-5-511811018-zoll","12":"pa_manufacturer-margarete-steiff-gmbh","13":"pa_model-19690","14":"pa_size-1-stueck-1er-pack","15":"pa_weight-1-gramm","16":"pa_width-3-93700787-zoll","18":"first","19":"instock","20":"shipping-taxable","21":"purchasable","22":"product-type-simple","23":"customify-col","24":"product-has-gallery"},"yoast_head":"<!-- This site is optimized with the Yoast SEO plugin v27.4 - https:\/\/yoast.com\/product\/yoast-seo-wordpress\/ -->\n<title>Steiff Ollie Eule Rassel - 14 cm - Kuscheltier f\u00fcr Babys - Soft Cuddly Friends - weich &amp; waschbar - rosebraun (241864) - Markt-XXL<\/title>\n<meta name=\"description\" content=\"Markt-XXL Steiff Ollie Eule Rassel - 14 cm - Kuscheltier f\u00fcr Babys - Soft Cuddly Friends - weich &amp; waschbar - rosebraun (241864)\" \/>\n<meta name=\"robots\" content=\"index, follow, max-snippet:-1, max-image-preview:large, max-video-preview:-1\" \/>\n<link rel=\"canonical\" href=\"https:\/\/marktxxl.de\/markt\/produkt\/steiff-ollie-eule-rassel-14-cm-kuscheltier-fuer-babys-soft-cuddly-friends-weich-waschbar-rosebraun-241864\/\" \/>\n<meta property=\"og:locale\" content=\"de_DE\" \/>\n<meta property=\"og:type\" content=\"article\" \/>\n<meta property=\"og:title\" content=\"Steiff Ollie Eule Rassel - 14 cm - Kuscheltier f\u00fcr Babys - Soft Cuddly Friends - weich &amp; waschbar - rosebraun (241864) - Markt-XXL\" \/>\n<meta property=\"og:description\" content=\"Markt-XXL Steiff Ollie Eule Rassel - 14 cm - Kuscheltier f\u00fcr Babys - Soft Cuddly Friends - weich &amp; waschbar - rosebraun (241864)\" \/>\n<meta property=\"og:url\" content=\"https:\/\/marktxxl.de\/markt\/produkt\/steiff-ollie-eule-rassel-14-cm-kuscheltier-fuer-babys-soft-cuddly-friends-weich-waschbar-rosebraun-241864\/\" \/>\n<meta property=\"og:site_name\" content=\"Markt-XXL\" \/>\n<meta property=\"article:modified_time\" content=\"2023-04-10T02:45:31+00:00\" \/>\n<meta property=\"og:image\" content=\"https:\/\/m.media-amazon.com\/images\/I\/419FAkzTjeL._SL500_.jpg\" \/>\n\t<meta property=\"og:image:width\" content=\"500\" \/>\n\t<meta property=\"og:image:height\" content=\"500\" \/>\n\t<meta property=\"og:image:type\" content=\"image\/jpeg\" \/>\n<meta name=\"twitter:card\" content=\"summary_large_image\" \/>\n<meta name=\"twitter:label1\" content=\"Gesch\u00e4tzte Lesezeit\" \/>\n\t<meta name=\"twitter:data1\" content=\"1\u00a0Minute\" \/>\n<script type=\"application\/ld+json\" class=\"yoast-schema-graph\">{\"@context\":\"https:\\\/\\\/schema.org\",\"@graph\":[{\"@type\":\"WebPage\",\"@id\":\"https:\\\/\\\/marktxxl.de\\\/markt\\\/produkt\\\/steiff-ollie-eule-rassel-14-cm-kuscheltier-fuer-babys-soft-cuddly-friends-weich-waschbar-rosebraun-241864\\\/\",\"url\":\"https:\\\/\\\/marktxxl.de\\\/markt\\\/produkt\\\/steiff-ollie-eule-rassel-14-cm-kuscheltier-fuer-babys-soft-cuddly-friends-weich-waschbar-rosebraun-241864\\\/\",\"name\":\"Steiff Ollie Eule Rassel - 14 cm - Kuscheltier f\u00fcr Babys - Soft Cuddly Friends - weich &amp; waschbar - rosebraun (241864) - Markt-XXL\",\"isPartOf\":{\"@id\":\"https:\\\/\\\/marktxxl.de\\\/markt\\\/#website\"},\"primaryImageOfPage\":{\"@id\":\"https:\\\/\\\/marktxxl.de\\\/markt\\\/produkt\\\/steiff-ollie-eule-rassel-14-cm-kuscheltier-fuer-babys-soft-cuddly-friends-weich-waschbar-rosebraun-241864\\\/#primaryimage\"},\"image\":{\"@id\":\"https:\\\/\\\/marktxxl.de\\\/markt\\\/produkt\\\/steiff-ollie-eule-rassel-14-cm-kuscheltier-fuer-babys-soft-cuddly-friends-weich-waschbar-rosebraun-241864\\\/#primaryimage\"},\"thumbnailUrl\":\"https:\\\/\\\/m.media-amazon.com\\\/images\\\/I\\\/419FAkzTjeL._SL500_.jpg\",\"datePublished\":\"2022-10-12T00:49:18+00:00\",\"dateModified\":\"2023-04-10T02:45:31+00:00\",\"description\":\"Markt-XXL Steiff Ollie Eule Rassel - 14 cm - Kuscheltier f\u00fcr Babys - Soft Cuddly Friends - weich &amp; waschbar - rosebraun (241864)\",\"breadcrumb\":{\"@id\":\"https:\\\/\\\/marktxxl.de\\\/markt\\\/produkt\\\/steiff-ollie-eule-rassel-14-cm-kuscheltier-fuer-babys-soft-cuddly-friends-weich-waschbar-rosebraun-241864\\\/#breadcrumb\"},\"inLanguage\":\"de\",\"potentialAction\":[{\"@type\":\"ReadAction\",\"target\":[\"https:\\\/\\\/marktxxl.de\\\/markt\\\/produkt\\\/steiff-ollie-eule-rassel-14-cm-kuscheltier-fuer-babys-soft-cuddly-friends-weich-waschbar-rosebraun-241864\\\/\"]}]},{\"@type\":\"ImageObject\",\"inLanguage\":\"de\",\"@id\":\"https:\\\/\\\/marktxxl.de\\\/markt\\\/produkt\\\/steiff-ollie-eule-rassel-14-cm-kuscheltier-fuer-babys-soft-cuddly-friends-weich-waschbar-rosebraun-241864\\\/#primaryimage\",\"url\":\"https:\\\/\\\/m.media-amazon.com\\\/images\\\/I\\\/419FAkzTjeL._SL500_.jpg\",\"contentUrl\":\"https:\\\/\\\/m.media-amazon.com\\\/images\\\/I\\\/419FAkzTjeL._SL500_.jpg\",\"width\":500,\"height\":500},{\"@type\":\"BreadcrumbList\",\"@id\":\"https:\\\/\\\/marktxxl.de\\\/markt\\\/produkt\\\/steiff-ollie-eule-rassel-14-cm-kuscheltier-fuer-babys-soft-cuddly-friends-weich-waschbar-rosebraun-241864\\\/#breadcrumb\",\"itemListElement\":[{\"@type\":\"ListItem\",\"position\":1,\"name\":\"Startseite\",\"item\":\"https:\\\/\\\/marktxxl.de\\\/markt\\\/\"},{\"@type\":\"ListItem\",\"position\":2,\"name\":\"Markt\",\"item\":\"https:\\\/\\\/marktxxl.de\\\/markt\\\/\"},{\"@type\":\"ListItem\",\"position\":3,\"name\":\"Steiff Ollie Eule Rassel &#8211; 14 cm &#8211; Kuscheltier f\u00fcr Babys &#8211; Soft Cuddly Friends &#8211; weich &amp; waschbar &#8211; rosebraun (241864)\"}]},{\"@type\":\"WebSite\",\"@id\":\"https:\\\/\\\/marktxxl.de\\\/markt\\\/#website\",\"url\":\"https:\\\/\\\/marktxxl.de\\\/markt\\\/\",\"name\":\"Markt-XXL\",\"description\":\"Ihr Markt Online\",\"publisher\":{\"@id\":\"https:\\\/\\\/marktxxl.de\\\/markt\\\/#organization\"},\"potentialAction\":[{\"@type\":\"SearchAction\",\"target\":{\"@type\":\"EntryPoint\",\"urlTemplate\":\"https:\\\/\\\/marktxxl.de\\\/markt\\\/?s={search_term_string}\"},\"query-input\":{\"@type\":\"PropertyValueSpecification\",\"valueRequired\":true,\"valueName\":\"search_term_string\"}}],\"inLanguage\":\"de\"},{\"@type\":\"Organization\",\"@id\":\"https:\\\/\\\/marktxxl.de\\\/markt\\\/#organization\",\"name\":\"Markt-XXL\",\"url\":\"https:\\\/\\\/marktxxl.de\\\/markt\\\/\",\"logo\":{\"@type\":\"ImageObject\",\"inLanguage\":\"de\",\"@id\":\"https:\\\/\\\/marktxxl.de\\\/markt\\\/#\\\/schema\\\/logo\\\/image\\\/\",\"url\":\"https:\\\/\\\/marktxxl.de\\\/markt\\\/wp-content\\\/uploads\\\/sites\\\/3\\\/2020\\\/12\\\/logo.png\",\"contentUrl\":\"https:\\\/\\\/marktxxl.de\\\/markt\\\/wp-content\\\/uploads\\\/sites\\\/3\\\/2020\\\/12\\\/logo.png\",\"width\":200,\"height\":70,\"caption\":\"Markt-XXL\"},\"image\":{\"@id\":\"https:\\\/\\\/marktxxl.de\\\/markt\\\/#\\\/schema\\\/logo\\\/image\\\/\"}}]}<\/script>\n<!-- \/ Yoast SEO plugin. -->","yoast_head_json":{"title":"Steiff Ollie Eule Rassel - 14 cm - Kuscheltier f\u00fcr Babys - Soft Cuddly Friends - weich &amp; waschbar - rosebraun (241864) - Markt-XXL","description":"Markt-XXL Steiff Ollie Eule Rassel - 14 cm - Kuscheltier f\u00fcr Babys - Soft Cuddly Friends - weich &amp; waschbar - rosebraun (241864)","robots":{"index":"index","follow":"follow","max-snippet":"max-snippet:-1","max-image-preview":"max-image-preview:large","max-video-preview":"max-video-preview:-1"},"canonical":"https:\/\/marktxxl.de\/markt\/produkt\/steiff-ollie-eule-rassel-14-cm-kuscheltier-fuer-babys-soft-cuddly-friends-weich-waschbar-rosebraun-241864\/","og_locale":"de_DE","og_type":"article","og_title":"Steiff Ollie Eule Rassel - 14 cm - Kuscheltier f\u00fcr Babys - Soft Cuddly Friends - weich &amp; waschbar - rosebraun (241864) - Markt-XXL","og_description":"Markt-XXL Steiff Ollie Eule Rassel - 14 cm - Kuscheltier f\u00fcr Babys - Soft Cuddly Friends - weich &amp; waschbar - rosebraun (241864)","og_url":"https:\/\/marktxxl.de\/markt\/produkt\/steiff-ollie-eule-rassel-14-cm-kuscheltier-fuer-babys-soft-cuddly-friends-weich-waschbar-rosebraun-241864\/","og_site_name":"Markt-XXL","article_modified_time":"2023-04-10T02:45:31+00:00","og_image":[{"width":500,"height":500,"url":"https:\/\/m.media-amazon.com\/images\/I\/419FAkzTjeL._SL500_.jpg","type":"image\/jpeg"}],"twitter_card":"summary_large_image","twitter_misc":{"Gesch\u00e4tzte Lesezeit":"1\u00a0Minute"},"schema":{"@context":"https:\/\/schema.org","@graph":[{"@type":"WebPage","@id":"https:\/\/marktxxl.de\/markt\/produkt\/steiff-ollie-eule-rassel-14-cm-kuscheltier-fuer-babys-soft-cuddly-friends-weich-waschbar-rosebraun-241864\/","url":"https:\/\/marktxxl.de\/markt\/produkt\/steiff-ollie-eule-rassel-14-cm-kuscheltier-fuer-babys-soft-cuddly-friends-weich-waschbar-rosebraun-241864\/","name":"Steiff Ollie Eule Rassel - 14 cm - Kuscheltier f\u00fcr Babys - Soft Cuddly Friends - weich &amp; waschbar - rosebraun (241864) - Markt-XXL","isPartOf":{"@id":"https:\/\/marktxxl.de\/markt\/#website"},"primaryImageOfPage":{"@id":"https:\/\/marktxxl.de\/markt\/produkt\/steiff-ollie-eule-rassel-14-cm-kuscheltier-fuer-babys-soft-cuddly-friends-weich-waschbar-rosebraun-241864\/#primaryimage"},"image":{"@id":"https:\/\/marktxxl.de\/markt\/produkt\/steiff-ollie-eule-rassel-14-cm-kuscheltier-fuer-babys-soft-cuddly-friends-weich-waschbar-rosebraun-241864\/#primaryimage"},"thumbnailUrl":"https:\/\/m.media-amazon.com\/images\/I\/419FAkzTjeL._SL500_.jpg","datePublished":"2022-10-12T00:49:18+00:00","dateModified":"2023-04-10T02:45:31+00:00","description":"Markt-XXL Steiff Ollie Eule Rassel - 14 cm - Kuscheltier f\u00fcr Babys - Soft Cuddly Friends - weich &amp; waschbar - rosebraun (241864)","breadcrumb":{"@id":"https:\/\/marktxxl.de\/markt\/produkt\/steiff-ollie-eule-rassel-14-cm-kuscheltier-fuer-babys-soft-cuddly-friends-weich-waschbar-rosebraun-241864\/#breadcrumb"},"inLanguage":"de","potentialAction":[{"@type":"ReadAction","target":["https:\/\/marktxxl.de\/markt\/produkt\/steiff-ollie-eule-rassel-14-cm-kuscheltier-fuer-babys-soft-cuddly-friends-weich-waschbar-rosebraun-241864\/"]}]},{"@type":"ImageObject","inLanguage":"de","@id":"https:\/\/marktxxl.de\/markt\/produkt\/steiff-ollie-eule-rassel-14-cm-kuscheltier-fuer-babys-soft-cuddly-friends-weich-waschbar-rosebraun-241864\/#primaryimage","url":"https:\/\/m.media-amazon.com\/images\/I\/419FAkzTjeL._SL500_.jpg","contentUrl":"https:\/\/m.media-amazon.com\/images\/I\/419FAkzTjeL._SL500_.jpg","width":500,"height":500},{"@type":"BreadcrumbList","@id":"https:\/\/marktxxl.de\/markt\/produkt\/steiff-ollie-eule-rassel-14-cm-kuscheltier-fuer-babys-soft-cuddly-friends-weich-waschbar-rosebraun-241864\/#breadcrumb","itemListElement":[{"@type":"ListItem","position":1,"name":"Startseite","item":"https:\/\/marktxxl.de\/markt\/"},{"@type":"ListItem","position":2,"name":"Markt","item":"https:\/\/marktxxl.de\/markt\/"},{"@type":"ListItem","position":3,"name":"Steiff Ollie Eule Rassel &#8211; 14 cm &#8211; Kuscheltier f\u00fcr Babys &#8211; Soft Cuddly Friends &#8211; weich &amp; waschbar &#8211; rosebraun (241864)"}]},{"@type":"WebSite","@id":"https:\/\/marktxxl.de\/markt\/#website","url":"https:\/\/marktxxl.de\/markt\/","name":"Markt-XXL","description":"Ihr Markt Online","publisher":{"@id":"https:\/\/marktxxl.de\/markt\/#organization"},"potentialAction":[{"@type":"SearchAction","target":{"@type":"EntryPoint","urlTemplate":"https:\/\/marktxxl.de\/markt\/?s={search_term_string}"},"query-input":{"@type":"PropertyValueSpecification","valueRequired":true,"valueName":"search_term_string"}}],"inLanguage":"de"},{"@type":"Organization","@id":"https:\/\/marktxxl.de\/markt\/#organization","name":"Markt-XXL","url":"https:\/\/marktxxl.de\/markt\/","logo":{"@type":"ImageObject","inLanguage":"de","@id":"https:\/\/marktxxl.de\/markt\/#\/schema\/logo\/image\/","url":"https:\/\/marktxxl.de\/markt\/wp-content\/uploads\/sites\/3\/2020\/12\/logo.png","contentUrl":"https:\/\/marktxxl.de\/markt\/wp-content\/uploads\/sites\/3\/2020\/12\/logo.png","width":200,"height":70,"caption":"Markt-XXL"},"image":{"@id":"https:\/\/marktxxl.de\/markt\/#\/schema\/logo\/image\/"}}]}},"_links":{"self":[{"href":"https:\/\/marktxxl.de\/markt\/wp-json\/wp\/v2\/product\/157408","targetHints":{"allow":["GET"]}}],"collection":[{"href":"https:\/\/marktxxl.de\/markt\/wp-json\/wp\/v2\/product"}],"about":[{"href":"https:\/\/marktxxl.de\/markt\/wp-json\/wp\/v2\/types\/product"}],"replies":[{"embeddable":true,"href":"https:\/\/marktxxl.de\/markt\/wp-json\/wp\/v2\/comments?post=157408"}],"wp:featuredmedia":[{"embeddable":true,"href":"https:\/\/marktxxl.de\/markt\/wp-json\/wp\/v2\/media\/157409"}],"wp:attachment":[{"href":"https:\/\/marktxxl.de\/markt\/wp-json\/wp\/v2\/media?parent=157408"}],"wp:term":[{"taxonomy":"product_brand","embeddable":true,"href":"https:\/\/marktxxl.de\/markt\/wp-json\/wp\/v2\/product_brand?post=157408"},{"taxonomy":"product_cat","embeddable":true,"href":"https:\/\/marktxxl.de\/markt\/wp-json\/wp\/v2\/product_cat?post=157408"},{"taxonomy":"product_tag","embeddable":true,"href":"https:\/\/marktxxl.de\/markt\/wp-json\/wp\/v2\/product_tag?post=157408"}],"curies":[{"name":"wp","href":"https:\/\/api.w.org\/{rel}","templated":true}]}}