{"id":157395,"date":"2022-10-12T02:49:05","date_gmt":"2022-10-12T00:49:05","guid":{"rendered":"https:\/\/marktxxl.de\/markt\/produkt\/mamir-home-schwangerschaft-verkuenden-babysocken-du-wirst-papa-du-wirst-oma-du-wirst-tante-personalisierung-geschenkbox-ihr-werdet\/"},"modified":"2023-04-10T04:45:30","modified_gmt":"2023-04-10T02:45:30","slug":"mamir-home-schwangerschaft-verkuenden-babysocken-du-wirst-papa-du-wirst-oma-du-wirst-tante-personalisierung-geschenkbox-ihr-werdet","status":"publish","type":"product","link":"https:\/\/marktxxl.de\/markt\/produkt\/mamir-home-schwangerschaft-verkuenden-babysocken-du-wirst-papa-du-wirst-oma-du-wirst-tante-personalisierung-geschenkbox-ihr-werdet\/","title":{"rendered":"mamir home Schwangerschaft verk\u00fcnden \u2022 Babysocken \u2022 Du wirst Papa \u2022 Du wirst Oma \u2022 Du wirst Tante \u2022 Personalisierung\u2026"},"content":{"rendered":"<p>Verk\u00fcnde Deinen Liebsten die Schwangerschaft mit unseren sch\u00f6nen Babysocken. Geschenk an den werdenden Papa, Gro\u00dfeltern, Oma, Opa, Tante, Onkel, Uroma &amp; Uropa.<br \/>\nSchwangerschaft verk\u00fcnnden: Pers\u00f6nlicher geht es kaum. Ein \u00dcberraschungsgeschenk das immer aufbewahrt wird. Z.B. mit Ihr werdet Oma &amp; Opa<br \/>\nWir sind Schwanger: Du w\u00e4hlst die Beschriftung w\u00e4hrend des Bestellprozesses aus, ebenso ob mit oder ohne Jahreszahl. Die Geschenkboxen (neutral oder &#8220;kleines Wunder&#8221;) bieten wir optional an.<br \/>\nDas Angebot beinhaltet 1 Babysocke (kein Paar), dass nach Deinen Vorgaben hochwertig beschriftet wird (kein abbl\u00e4ttern!). Dein Geschenk ist echte Handarbeit. Ma\u00dfe Socke: Zeh bis Ferse: ca. 9cm Ma\u00df Ferse bis Kn\u00f6chel: ca. 6cm Geschenkbox (optional): LxBxH: 14,5 x 10,5 x 2,5cm<br \/>\nmamir home ist eine kleine Manufaktur aus Rheinland-Pfalz. Wir erstellen personalisierte Geschenke f\u00fcr Dich und Deine Liebsten.<br \/>\n<div class=\"main-cross-sell\" data-asin=\"B0912PWKT3\">\n\n\t<div class=\"WooZone-cross-sell-loader\">\n\t\t<div>\n\t\t\t<div id=\"floatingBarsG\">\n\t\t\t\t<div class=\"blockG\" id=\"rotateG_01\"><\/div>\n\t\t\t\t<div class=\"blockG\" id=\"rotateG_02\"><\/div>\n\t\t\t\t<div class=\"blockG\" id=\"rotateG_03\"><\/div>\n\t\t\t\t<div class=\"blockG\" id=\"rotateG_04\"><\/div>\n\t\t\t\t<div class=\"blockG\" id=\"rotateG_05\"><\/div>\n\t\t\t\t<div class=\"blockG\" id=\"rotateG_06\"><\/div>\n\t\t\t\t<div class=\"blockG\" id=\"rotateG_07\"><\/div>\n\t\t\t\t<div class=\"blockG\" id=\"rotateG_08\"><\/div>\n\t\t\t<\/div>\n\t\t\t<div class=\"WooZone-cross-sell-loader-text\"><\/div>\n\t\t<\/div>\n\t<\/div>\n\n\t\t\n<\/div>\n<div style=\"clear:both;\"><\/div><\/p>\n","protected":false},"excerpt":{"rendered":"<p>Verk\u00fcnde Deinen Liebsten die Schwangerschaft mit unseren sch\u00f6nen Babysocken. Geschenk an den werdenden Papa, Gro\u00dfeltern, Oma, Opa, Tante, Onkel, Uroma &amp; Uropa.<br \/>\nSchwangerschaft verk\u00fcnnden: Pers\u00f6nlicher geht es kaum. Ein \u00dcberraschungsgeschenk das immer aufbewahrt wird. Z.B. mit Ihr werdet Oma &amp; Opa<br \/>\nWir sind Schwanger: Du w\u00e4hlst die Beschriftung w\u00e4hrend des Bestellprozesses aus, ebenso ob mit oder ohne Jahreszahl. Die Geschenkboxen (neutral oder &#8220;kleines Wunder&#8221;) bieten wir optional an.<\/p>\n","protected":false},"featured_media":157396,"comment_status":"open","ping_status":"closed","template":"","meta":[],"product_brand":[],"product_cat":[21],"product_tag":[],"class_list":{"0":"post-157395","1":"product","2":"type-product","3":"status-publish","4":"has-post-thumbnail","6":"product_cat-baby","7":"pa_brand-mamir-home","8":"pa_color-weiss","9":"pa_manufacturer-mamir-home","10":"pa_size-1-stueck-1er-pack","12":"first","13":"instock","14":"shipping-taxable","15":"purchasable","16":"product-type-simple","17":"customify-col","18":"product-has-gallery"},"yoast_head":"<!-- This site is optimized with the Yoast SEO plugin v27.4 - https:\/\/yoast.com\/product\/yoast-seo-wordpress\/ -->\n<title>mamir home Schwangerschaft verk\u00fcnden \u2022 Babysocken \u2022 Du wirst Papa \u2022 Du wirst Oma \u2022 Du wirst Tante \u2022 Personalisierung\u2026 - Markt-XXL<\/title>\n<meta name=\"description\" content=\"Markt-XXL mamir home Schwangerschaft verk\u00fcnden \u2022 Babysocken \u2022 Du wirst Papa \u2022 Du wirst Oma \u2022 Du wirst Tante \u2022 Personalisierung\u2026\" \/>\n<meta name=\"robots\" content=\"index, follow, max-snippet:-1, max-image-preview:large, max-video-preview:-1\" \/>\n<link rel=\"canonical\" href=\"https:\/\/marktxxl.de\/markt\/produkt\/mamir-home-schwangerschaft-verkuenden-babysocken-du-wirst-papa-du-wirst-oma-du-wirst-tante-personalisierung-geschenkbox-ihr-werdet\/\" \/>\n<meta property=\"og:locale\" content=\"de_DE\" \/>\n<meta property=\"og:type\" content=\"article\" \/>\n<meta property=\"og:title\" content=\"mamir home Schwangerschaft verk\u00fcnden \u2022 Babysocken \u2022 Du wirst Papa \u2022 Du wirst Oma \u2022 Du wirst Tante \u2022 Personalisierung\u2026 - Markt-XXL\" \/>\n<meta property=\"og:description\" content=\"Markt-XXL mamir home Schwangerschaft verk\u00fcnden \u2022 Babysocken \u2022 Du wirst Papa \u2022 Du wirst Oma \u2022 Du wirst Tante \u2022 Personalisierung\u2026\" \/>\n<meta property=\"og:url\" content=\"https:\/\/marktxxl.de\/markt\/produkt\/mamir-home-schwangerschaft-verkuenden-babysocken-du-wirst-papa-du-wirst-oma-du-wirst-tante-personalisierung-geschenkbox-ihr-werdet\/\" \/>\n<meta property=\"og:site_name\" content=\"Markt-XXL\" \/>\n<meta property=\"article:modified_time\" content=\"2023-04-10T02:45:30+00:00\" \/>\n<meta property=\"og:image\" content=\"https:\/\/m.media-amazon.com\/images\/I\/41zD2vZ60VL._SL500_.jpg\" \/>\n\t<meta property=\"og:image:width\" content=\"500\" \/>\n\t<meta property=\"og:image:height\" content=\"499\" \/>\n\t<meta property=\"og:image:type\" content=\"image\/jpeg\" \/>\n<meta name=\"twitter:card\" content=\"summary_large_image\" \/>\n<meta name=\"twitter:label1\" content=\"Gesch\u00e4tzte Lesezeit\" \/>\n\t<meta name=\"twitter:data1\" content=\"1\u00a0Minute\" \/>\n<script type=\"application\/ld+json\" class=\"yoast-schema-graph\">{\"@context\":\"https:\\\/\\\/schema.org\",\"@graph\":[{\"@type\":\"WebPage\",\"@id\":\"https:\\\/\\\/marktxxl.de\\\/markt\\\/produkt\\\/mamir-home-schwangerschaft-verkuenden-babysocken-du-wirst-papa-du-wirst-oma-du-wirst-tante-personalisierung-geschenkbox-ihr-werdet\\\/\",\"url\":\"https:\\\/\\\/marktxxl.de\\\/markt\\\/produkt\\\/mamir-home-schwangerschaft-verkuenden-babysocken-du-wirst-papa-du-wirst-oma-du-wirst-tante-personalisierung-geschenkbox-ihr-werdet\\\/\",\"name\":\"mamir home Schwangerschaft verk\u00fcnden \u2022 Babysocken \u2022 Du wirst Papa \u2022 Du wirst Oma \u2022 Du wirst Tante \u2022 Personalisierung\u2026 - Markt-XXL\",\"isPartOf\":{\"@id\":\"https:\\\/\\\/marktxxl.de\\\/markt\\\/#website\"},\"primaryImageOfPage\":{\"@id\":\"https:\\\/\\\/marktxxl.de\\\/markt\\\/produkt\\\/mamir-home-schwangerschaft-verkuenden-babysocken-du-wirst-papa-du-wirst-oma-du-wirst-tante-personalisierung-geschenkbox-ihr-werdet\\\/#primaryimage\"},\"image\":{\"@id\":\"https:\\\/\\\/marktxxl.de\\\/markt\\\/produkt\\\/mamir-home-schwangerschaft-verkuenden-babysocken-du-wirst-papa-du-wirst-oma-du-wirst-tante-personalisierung-geschenkbox-ihr-werdet\\\/#primaryimage\"},\"thumbnailUrl\":\"https:\\\/\\\/m.media-amazon.com\\\/images\\\/I\\\/41zD2vZ60VL._SL500_.jpg\",\"datePublished\":\"2022-10-12T00:49:05+00:00\",\"dateModified\":\"2023-04-10T02:45:30+00:00\",\"description\":\"Markt-XXL mamir home Schwangerschaft verk\u00fcnden \u2022 Babysocken \u2022 Du wirst Papa \u2022 Du wirst Oma \u2022 Du wirst Tante \u2022 Personalisierung\u2026\",\"breadcrumb\":{\"@id\":\"https:\\\/\\\/marktxxl.de\\\/markt\\\/produkt\\\/mamir-home-schwangerschaft-verkuenden-babysocken-du-wirst-papa-du-wirst-oma-du-wirst-tante-personalisierung-geschenkbox-ihr-werdet\\\/#breadcrumb\"},\"inLanguage\":\"de\",\"potentialAction\":[{\"@type\":\"ReadAction\",\"target\":[\"https:\\\/\\\/marktxxl.de\\\/markt\\\/produkt\\\/mamir-home-schwangerschaft-verkuenden-babysocken-du-wirst-papa-du-wirst-oma-du-wirst-tante-personalisierung-geschenkbox-ihr-werdet\\\/\"]}]},{\"@type\":\"ImageObject\",\"inLanguage\":\"de\",\"@id\":\"https:\\\/\\\/marktxxl.de\\\/markt\\\/produkt\\\/mamir-home-schwangerschaft-verkuenden-babysocken-du-wirst-papa-du-wirst-oma-du-wirst-tante-personalisierung-geschenkbox-ihr-werdet\\\/#primaryimage\",\"url\":\"https:\\\/\\\/m.media-amazon.com\\\/images\\\/I\\\/41zD2vZ60VL._SL500_.jpg\",\"contentUrl\":\"https:\\\/\\\/m.media-amazon.com\\\/images\\\/I\\\/41zD2vZ60VL._SL500_.jpg\",\"width\":500,\"height\":499},{\"@type\":\"BreadcrumbList\",\"@id\":\"https:\\\/\\\/marktxxl.de\\\/markt\\\/produkt\\\/mamir-home-schwangerschaft-verkuenden-babysocken-du-wirst-papa-du-wirst-oma-du-wirst-tante-personalisierung-geschenkbox-ihr-werdet\\\/#breadcrumb\",\"itemListElement\":[{\"@type\":\"ListItem\",\"position\":1,\"name\":\"Startseite\",\"item\":\"https:\\\/\\\/marktxxl.de\\\/markt\\\/\"},{\"@type\":\"ListItem\",\"position\":2,\"name\":\"Markt\",\"item\":\"https:\\\/\\\/marktxxl.de\\\/markt\\\/\"},{\"@type\":\"ListItem\",\"position\":3,\"name\":\"mamir home Schwangerschaft verk\u00fcnden \u2022 Babysocken \u2022 Du wirst Papa \u2022 Du wirst Oma \u2022 Du wirst Tante \u2022 Personalisierung\u2026\"}]},{\"@type\":\"WebSite\",\"@id\":\"https:\\\/\\\/marktxxl.de\\\/markt\\\/#website\",\"url\":\"https:\\\/\\\/marktxxl.de\\\/markt\\\/\",\"name\":\"Markt-XXL\",\"description\":\"Ihr Markt Online\",\"publisher\":{\"@id\":\"https:\\\/\\\/marktxxl.de\\\/markt\\\/#organization\"},\"potentialAction\":[{\"@type\":\"SearchAction\",\"target\":{\"@type\":\"EntryPoint\",\"urlTemplate\":\"https:\\\/\\\/marktxxl.de\\\/markt\\\/?s={search_term_string}\"},\"query-input\":{\"@type\":\"PropertyValueSpecification\",\"valueRequired\":true,\"valueName\":\"search_term_string\"}}],\"inLanguage\":\"de\"},{\"@type\":\"Organization\",\"@id\":\"https:\\\/\\\/marktxxl.de\\\/markt\\\/#organization\",\"name\":\"Markt-XXL\",\"url\":\"https:\\\/\\\/marktxxl.de\\\/markt\\\/\",\"logo\":{\"@type\":\"ImageObject\",\"inLanguage\":\"de\",\"@id\":\"https:\\\/\\\/marktxxl.de\\\/markt\\\/#\\\/schema\\\/logo\\\/image\\\/\",\"url\":\"https:\\\/\\\/marktxxl.de\\\/markt\\\/wp-content\\\/uploads\\\/sites\\\/3\\\/2020\\\/12\\\/logo.png\",\"contentUrl\":\"https:\\\/\\\/marktxxl.de\\\/markt\\\/wp-content\\\/uploads\\\/sites\\\/3\\\/2020\\\/12\\\/logo.png\",\"width\":200,\"height\":70,\"caption\":\"Markt-XXL\"},\"image\":{\"@id\":\"https:\\\/\\\/marktxxl.de\\\/markt\\\/#\\\/schema\\\/logo\\\/image\\\/\"}}]}<\/script>\n<!-- \/ Yoast SEO plugin. -->","yoast_head_json":{"title":"mamir home Schwangerschaft verk\u00fcnden \u2022 Babysocken \u2022 Du wirst Papa \u2022 Du wirst Oma \u2022 Du wirst Tante \u2022 Personalisierung\u2026 - Markt-XXL","description":"Markt-XXL mamir home Schwangerschaft verk\u00fcnden \u2022 Babysocken \u2022 Du wirst Papa \u2022 Du wirst Oma \u2022 Du wirst Tante \u2022 Personalisierung\u2026","robots":{"index":"index","follow":"follow","max-snippet":"max-snippet:-1","max-image-preview":"max-image-preview:large","max-video-preview":"max-video-preview:-1"},"canonical":"https:\/\/marktxxl.de\/markt\/produkt\/mamir-home-schwangerschaft-verkuenden-babysocken-du-wirst-papa-du-wirst-oma-du-wirst-tante-personalisierung-geschenkbox-ihr-werdet\/","og_locale":"de_DE","og_type":"article","og_title":"mamir home Schwangerschaft verk\u00fcnden \u2022 Babysocken \u2022 Du wirst Papa \u2022 Du wirst Oma \u2022 Du wirst Tante \u2022 Personalisierung\u2026 - Markt-XXL","og_description":"Markt-XXL mamir home Schwangerschaft verk\u00fcnden \u2022 Babysocken \u2022 Du wirst Papa \u2022 Du wirst Oma \u2022 Du wirst Tante \u2022 Personalisierung\u2026","og_url":"https:\/\/marktxxl.de\/markt\/produkt\/mamir-home-schwangerschaft-verkuenden-babysocken-du-wirst-papa-du-wirst-oma-du-wirst-tante-personalisierung-geschenkbox-ihr-werdet\/","og_site_name":"Markt-XXL","article_modified_time":"2023-04-10T02:45:30+00:00","og_image":[{"width":500,"height":499,"url":"https:\/\/m.media-amazon.com\/images\/I\/41zD2vZ60VL._SL500_.jpg","type":"image\/jpeg"}],"twitter_card":"summary_large_image","twitter_misc":{"Gesch\u00e4tzte Lesezeit":"1\u00a0Minute"},"schema":{"@context":"https:\/\/schema.org","@graph":[{"@type":"WebPage","@id":"https:\/\/marktxxl.de\/markt\/produkt\/mamir-home-schwangerschaft-verkuenden-babysocken-du-wirst-papa-du-wirst-oma-du-wirst-tante-personalisierung-geschenkbox-ihr-werdet\/","url":"https:\/\/marktxxl.de\/markt\/produkt\/mamir-home-schwangerschaft-verkuenden-babysocken-du-wirst-papa-du-wirst-oma-du-wirst-tante-personalisierung-geschenkbox-ihr-werdet\/","name":"mamir home Schwangerschaft verk\u00fcnden \u2022 Babysocken \u2022 Du wirst Papa \u2022 Du wirst Oma \u2022 Du wirst Tante \u2022 Personalisierung\u2026 - Markt-XXL","isPartOf":{"@id":"https:\/\/marktxxl.de\/markt\/#website"},"primaryImageOfPage":{"@id":"https:\/\/marktxxl.de\/markt\/produkt\/mamir-home-schwangerschaft-verkuenden-babysocken-du-wirst-papa-du-wirst-oma-du-wirst-tante-personalisierung-geschenkbox-ihr-werdet\/#primaryimage"},"image":{"@id":"https:\/\/marktxxl.de\/markt\/produkt\/mamir-home-schwangerschaft-verkuenden-babysocken-du-wirst-papa-du-wirst-oma-du-wirst-tante-personalisierung-geschenkbox-ihr-werdet\/#primaryimage"},"thumbnailUrl":"https:\/\/m.media-amazon.com\/images\/I\/41zD2vZ60VL._SL500_.jpg","datePublished":"2022-10-12T00:49:05+00:00","dateModified":"2023-04-10T02:45:30+00:00","description":"Markt-XXL mamir home Schwangerschaft verk\u00fcnden \u2022 Babysocken \u2022 Du wirst Papa \u2022 Du wirst Oma \u2022 Du wirst Tante \u2022 Personalisierung\u2026","breadcrumb":{"@id":"https:\/\/marktxxl.de\/markt\/produkt\/mamir-home-schwangerschaft-verkuenden-babysocken-du-wirst-papa-du-wirst-oma-du-wirst-tante-personalisierung-geschenkbox-ihr-werdet\/#breadcrumb"},"inLanguage":"de","potentialAction":[{"@type":"ReadAction","target":["https:\/\/marktxxl.de\/markt\/produkt\/mamir-home-schwangerschaft-verkuenden-babysocken-du-wirst-papa-du-wirst-oma-du-wirst-tante-personalisierung-geschenkbox-ihr-werdet\/"]}]},{"@type":"ImageObject","inLanguage":"de","@id":"https:\/\/marktxxl.de\/markt\/produkt\/mamir-home-schwangerschaft-verkuenden-babysocken-du-wirst-papa-du-wirst-oma-du-wirst-tante-personalisierung-geschenkbox-ihr-werdet\/#primaryimage","url":"https:\/\/m.media-amazon.com\/images\/I\/41zD2vZ60VL._SL500_.jpg","contentUrl":"https:\/\/m.media-amazon.com\/images\/I\/41zD2vZ60VL._SL500_.jpg","width":500,"height":499},{"@type":"BreadcrumbList","@id":"https:\/\/marktxxl.de\/markt\/produkt\/mamir-home-schwangerschaft-verkuenden-babysocken-du-wirst-papa-du-wirst-oma-du-wirst-tante-personalisierung-geschenkbox-ihr-werdet\/#breadcrumb","itemListElement":[{"@type":"ListItem","position":1,"name":"Startseite","item":"https:\/\/marktxxl.de\/markt\/"},{"@type":"ListItem","position":2,"name":"Markt","item":"https:\/\/marktxxl.de\/markt\/"},{"@type":"ListItem","position":3,"name":"mamir home Schwangerschaft verk\u00fcnden \u2022 Babysocken \u2022 Du wirst Papa \u2022 Du wirst Oma \u2022 Du wirst Tante \u2022 Personalisierung\u2026"}]},{"@type":"WebSite","@id":"https:\/\/marktxxl.de\/markt\/#website","url":"https:\/\/marktxxl.de\/markt\/","name":"Markt-XXL","description":"Ihr Markt Online","publisher":{"@id":"https:\/\/marktxxl.de\/markt\/#organization"},"potentialAction":[{"@type":"SearchAction","target":{"@type":"EntryPoint","urlTemplate":"https:\/\/marktxxl.de\/markt\/?s={search_term_string}"},"query-input":{"@type":"PropertyValueSpecification","valueRequired":true,"valueName":"search_term_string"}}],"inLanguage":"de"},{"@type":"Organization","@id":"https:\/\/marktxxl.de\/markt\/#organization","name":"Markt-XXL","url":"https:\/\/marktxxl.de\/markt\/","logo":{"@type":"ImageObject","inLanguage":"de","@id":"https:\/\/marktxxl.de\/markt\/#\/schema\/logo\/image\/","url":"https:\/\/marktxxl.de\/markt\/wp-content\/uploads\/sites\/3\/2020\/12\/logo.png","contentUrl":"https:\/\/marktxxl.de\/markt\/wp-content\/uploads\/sites\/3\/2020\/12\/logo.png","width":200,"height":70,"caption":"Markt-XXL"},"image":{"@id":"https:\/\/marktxxl.de\/markt\/#\/schema\/logo\/image\/"}}]}},"_links":{"self":[{"href":"https:\/\/marktxxl.de\/markt\/wp-json\/wp\/v2\/product\/157395","targetHints":{"allow":["GET"]}}],"collection":[{"href":"https:\/\/marktxxl.de\/markt\/wp-json\/wp\/v2\/product"}],"about":[{"href":"https:\/\/marktxxl.de\/markt\/wp-json\/wp\/v2\/types\/product"}],"replies":[{"embeddable":true,"href":"https:\/\/marktxxl.de\/markt\/wp-json\/wp\/v2\/comments?post=157395"}],"wp:featuredmedia":[{"embeddable":true,"href":"https:\/\/marktxxl.de\/markt\/wp-json\/wp\/v2\/media\/157396"}],"wp:attachment":[{"href":"https:\/\/marktxxl.de\/markt\/wp-json\/wp\/v2\/media?parent=157395"}],"wp:term":[{"taxonomy":"product_brand","embeddable":true,"href":"https:\/\/marktxxl.de\/markt\/wp-json\/wp\/v2\/product_brand?post=157395"},{"taxonomy":"product_cat","embeddable":true,"href":"https:\/\/marktxxl.de\/markt\/wp-json\/wp\/v2\/product_cat?post=157395"},{"taxonomy":"product_tag","embeddable":true,"href":"https:\/\/marktxxl.de\/markt\/wp-json\/wp\/v2\/product_tag?post=157395"}],"curies":[{"name":"wp","href":"https:\/\/api.w.org\/{rel}","templated":true}]}}