{"id":157380,"date":"2022-10-12T02:46:56","date_gmt":"2022-10-12T00:46:56","guid":{"rendered":"https:\/\/marktxxl.de\/markt\/produkt\/tonies-hoerfiguren-fuer-toniebox-kreativ-vampir-ca-90-minuten-speicher-fuer-deine-musik-geschichten-hoerbuecher-und-eigene-audiodateien-deutsch\/"},"modified":"2023-04-10T04:45:30","modified_gmt":"2023-04-10T02:45:30","slug":"tonies-hoerfiguren-fuer-toniebox-kreativ-vampir-ca-90-minuten-speicher-fuer-deine-musik-geschichten-hoerbuecher-und-eigene-audiodateien-deutsch","status":"publish","type":"product","link":"https:\/\/marktxxl.de\/markt\/produkt\/tonies-hoerfiguren-fuer-toniebox-kreativ-vampir-ca-90-minuten-speicher-fuer-deine-musik-geschichten-hoerbuecher-und-eigene-audiodateien-deutsch\/","title":{"rendered":"tonies H\u00f6rfiguren f\u00fcr Toniebox &#8211; Kreativ Vampir &#8211; ca. 90 Minuten Speicher f\u00fcr Deine Musik, Geschichten, H\u00f6rb\u00fccher und\u2026"},"content":{"rendered":"<p>Oh, oh &#8211; Gruselgeschichten k\u00f6nnen ja so schrecklich aufregend sein! Manchmal sind sie einfach zu schaurig, um sie Nachts im Dunkeln zu h\u00f6ren?<br \/>\nKeine Sorge: Dieser kleine Vampir hier erz\u00e4hlt dir seine Geschichte sogar in hellstem Tageslicht!<br \/>\nAlle Inhalte des Kreativ-Tonies k\u00f6nnen mit einem kostenlosen Toniecloud Kundenkonto verwaltet werden. Der Kreativ-Tonie bietet 90 Minuten Spielzeit f\u00fcr eigene H\u00f6rabenteuer oder Musik.<br \/>\nH\u00f6rerlebnisse nach deinem Geschmack: Die Kreativ-Tonies sind frei bespielbar und warten nur darauf, deine Geschichte erz\u00e4hlen zu k\u00f6nnen. Deinen kreativen M\u00f6glichkeiten sind keine Grenzen gesetzt.<br \/>\nJeder Tonie ist mit viel Liebe entworfen, handbemalt und dennoch robust genug f\u00fcr gro\u00dfen Spielspa\u00df auf und abseits der Toniebox. Magnetisch haftet er an der Toniebox und erz\u00e4hlt dir seine Geschichte.<br \/>\n<div class=\"main-cross-sell\" data-asin=\"B07X8GTQSK\">\n\n\t<div class=\"WooZone-cross-sell-loader\">\n\t\t<div>\n\t\t\t<div id=\"floatingBarsG\">\n\t\t\t\t<div class=\"blockG\" id=\"rotateG_01\"><\/div>\n\t\t\t\t<div class=\"blockG\" id=\"rotateG_02\"><\/div>\n\t\t\t\t<div class=\"blockG\" id=\"rotateG_03\"><\/div>\n\t\t\t\t<div class=\"blockG\" id=\"rotateG_04\"><\/div>\n\t\t\t\t<div class=\"blockG\" id=\"rotateG_05\"><\/div>\n\t\t\t\t<div class=\"blockG\" id=\"rotateG_06\"><\/div>\n\t\t\t\t<div class=\"blockG\" id=\"rotateG_07\"><\/div>\n\t\t\t\t<div class=\"blockG\" id=\"rotateG_08\"><\/div>\n\t\t\t<\/div>\n\t\t\t<div class=\"WooZone-cross-sell-loader-text\"><\/div>\n\t\t<\/div>\n\t<\/div>\n\n\t\t\n<\/div>\n<div style=\"clear:both;\"><\/div><\/p>\n","protected":false},"excerpt":{"rendered":"<p>Oh, oh &#8211; Gruselgeschichten k\u00f6nnen ja so schrecklich aufregend sein! Manchmal sind sie einfach zu schaurig, um sie Nachts im Dunkeln zu h\u00f6ren?<br \/>\nKeine Sorge: Dieser kleine Vampir hier erz\u00e4hlt dir seine Geschichte sogar in hellstem Tageslicht!<br \/>\nAlle Inhalte des Kreativ-Tonies k\u00f6nnen mit einem kostenlosen Toniecloud Kundenkonto verwaltet werden. Der Kreativ-Tonie bietet 90 Minuten Spielzeit f\u00fcr eigene H\u00f6rabenteuer oder Musik.<\/p>\n","protected":false},"featured_media":157381,"comment_status":"open","ping_status":"closed","template":"","meta":[],"product_brand":[],"product_cat":[21],"product_tag":[],"class_list":{"0":"post-157380","1":"product","2":"type-product","3":"status-publish","4":"has-post-thumbnail","6":"product_cat-baby","7":"pa_binding-spielzeug","8":"pa_brand-thames-hudson","9":"pa_brand-tonies","10":"pa_height-7-87401574-zoll","11":"pa_languages-gesprochen-deutsch-unbekannt-deutsch","12":"pa_length-7-87401574-zoll","13":"pa_manufacturer-boxine-gmbh","14":"pa_model-kreativ-tonie-vampir","15":"pa_warranty-keine-garantie","16":"pa_weight-0-110231131-pfund","17":"pa_width-7-87401574-zoll","19":"first","20":"instock","21":"shipping-taxable","22":"purchasable","23":"product-type-simple","24":"customify-col","25":"product-has-gallery"},"yoast_head":"<!-- This site is optimized with the Yoast SEO plugin v27.4 - https:\/\/yoast.com\/product\/yoast-seo-wordpress\/ -->\n<title>tonies H\u00f6rfiguren f\u00fcr Toniebox - Kreativ Vampir - ca. 90 Minuten Speicher f\u00fcr Deine Musik, Geschichten, H\u00f6rb\u00fccher und\u2026 - Markt-XXL<\/title>\n<meta name=\"description\" content=\"Markt-XXL tonies H\u00f6rfiguren f\u00fcr Toniebox - Kreativ Vampir - ca. 90 Minuten Speicher f\u00fcr Deine Musik, Geschichten, H\u00f6rb\u00fccher und\u2026\" \/>\n<meta name=\"robots\" content=\"index, follow, max-snippet:-1, max-image-preview:large, max-video-preview:-1\" \/>\n<link rel=\"canonical\" href=\"https:\/\/marktxxl.de\/markt\/produkt\/tonies-hoerfiguren-fuer-toniebox-kreativ-vampir-ca-90-minuten-speicher-fuer-deine-musik-geschichten-hoerbuecher-und-eigene-audiodateien-deutsch\/\" \/>\n<meta property=\"og:locale\" content=\"de_DE\" \/>\n<meta property=\"og:type\" content=\"article\" \/>\n<meta property=\"og:title\" content=\"tonies H\u00f6rfiguren f\u00fcr Toniebox - Kreativ Vampir - ca. 90 Minuten Speicher f\u00fcr Deine Musik, Geschichten, H\u00f6rb\u00fccher und\u2026 - Markt-XXL\" \/>\n<meta property=\"og:description\" content=\"Markt-XXL tonies H\u00f6rfiguren f\u00fcr Toniebox - Kreativ Vampir - ca. 90 Minuten Speicher f\u00fcr Deine Musik, Geschichten, H\u00f6rb\u00fccher und\u2026\" \/>\n<meta property=\"og:url\" content=\"https:\/\/marktxxl.de\/markt\/produkt\/tonies-hoerfiguren-fuer-toniebox-kreativ-vampir-ca-90-minuten-speicher-fuer-deine-musik-geschichten-hoerbuecher-und-eigene-audiodateien-deutsch\/\" \/>\n<meta property=\"og:site_name\" content=\"Markt-XXL\" \/>\n<meta property=\"article:modified_time\" content=\"2023-04-10T02:45:30+00:00\" \/>\n<meta property=\"og:image\" content=\"https:\/\/m.media-amazon.com\/images\/I\/31Z6MqapuwL._SL500_.jpg\" \/>\n\t<meta property=\"og:image:width\" content=\"500\" \/>\n\t<meta property=\"og:image:height\" content=\"500\" \/>\n\t<meta property=\"og:image:type\" content=\"image\/jpeg\" \/>\n<meta name=\"twitter:card\" content=\"summary_large_image\" \/>\n<meta name=\"twitter:label1\" content=\"Gesch\u00e4tzte Lesezeit\" \/>\n\t<meta name=\"twitter:data1\" content=\"1\u00a0Minute\" \/>\n<script type=\"application\/ld+json\" class=\"yoast-schema-graph\">{\"@context\":\"https:\\\/\\\/schema.org\",\"@graph\":[{\"@type\":\"WebPage\",\"@id\":\"https:\\\/\\\/marktxxl.de\\\/markt\\\/produkt\\\/tonies-hoerfiguren-fuer-toniebox-kreativ-vampir-ca-90-minuten-speicher-fuer-deine-musik-geschichten-hoerbuecher-und-eigene-audiodateien-deutsch\\\/\",\"url\":\"https:\\\/\\\/marktxxl.de\\\/markt\\\/produkt\\\/tonies-hoerfiguren-fuer-toniebox-kreativ-vampir-ca-90-minuten-speicher-fuer-deine-musik-geschichten-hoerbuecher-und-eigene-audiodateien-deutsch\\\/\",\"name\":\"tonies H\u00f6rfiguren f\u00fcr Toniebox - Kreativ Vampir - ca. 90 Minuten Speicher f\u00fcr Deine Musik, Geschichten, H\u00f6rb\u00fccher und\u2026 - Markt-XXL\",\"isPartOf\":{\"@id\":\"https:\\\/\\\/marktxxl.de\\\/markt\\\/#website\"},\"primaryImageOfPage\":{\"@id\":\"https:\\\/\\\/marktxxl.de\\\/markt\\\/produkt\\\/tonies-hoerfiguren-fuer-toniebox-kreativ-vampir-ca-90-minuten-speicher-fuer-deine-musik-geschichten-hoerbuecher-und-eigene-audiodateien-deutsch\\\/#primaryimage\"},\"image\":{\"@id\":\"https:\\\/\\\/marktxxl.de\\\/markt\\\/produkt\\\/tonies-hoerfiguren-fuer-toniebox-kreativ-vampir-ca-90-minuten-speicher-fuer-deine-musik-geschichten-hoerbuecher-und-eigene-audiodateien-deutsch\\\/#primaryimage\"},\"thumbnailUrl\":\"https:\\\/\\\/m.media-amazon.com\\\/images\\\/I\\\/31Z6MqapuwL._SL500_.jpg\",\"datePublished\":\"2022-10-12T00:46:56+00:00\",\"dateModified\":\"2023-04-10T02:45:30+00:00\",\"description\":\"Markt-XXL tonies H\u00f6rfiguren f\u00fcr Toniebox - Kreativ Vampir - ca. 90 Minuten Speicher f\u00fcr Deine Musik, Geschichten, H\u00f6rb\u00fccher und\u2026\",\"breadcrumb\":{\"@id\":\"https:\\\/\\\/marktxxl.de\\\/markt\\\/produkt\\\/tonies-hoerfiguren-fuer-toniebox-kreativ-vampir-ca-90-minuten-speicher-fuer-deine-musik-geschichten-hoerbuecher-und-eigene-audiodateien-deutsch\\\/#breadcrumb\"},\"inLanguage\":\"de\",\"potentialAction\":[{\"@type\":\"ReadAction\",\"target\":[\"https:\\\/\\\/marktxxl.de\\\/markt\\\/produkt\\\/tonies-hoerfiguren-fuer-toniebox-kreativ-vampir-ca-90-minuten-speicher-fuer-deine-musik-geschichten-hoerbuecher-und-eigene-audiodateien-deutsch\\\/\"]}]},{\"@type\":\"ImageObject\",\"inLanguage\":\"de\",\"@id\":\"https:\\\/\\\/marktxxl.de\\\/markt\\\/produkt\\\/tonies-hoerfiguren-fuer-toniebox-kreativ-vampir-ca-90-minuten-speicher-fuer-deine-musik-geschichten-hoerbuecher-und-eigene-audiodateien-deutsch\\\/#primaryimage\",\"url\":\"https:\\\/\\\/m.media-amazon.com\\\/images\\\/I\\\/31Z6MqapuwL._SL500_.jpg\",\"contentUrl\":\"https:\\\/\\\/m.media-amazon.com\\\/images\\\/I\\\/31Z6MqapuwL._SL500_.jpg\",\"width\":500,\"height\":500},{\"@type\":\"BreadcrumbList\",\"@id\":\"https:\\\/\\\/marktxxl.de\\\/markt\\\/produkt\\\/tonies-hoerfiguren-fuer-toniebox-kreativ-vampir-ca-90-minuten-speicher-fuer-deine-musik-geschichten-hoerbuecher-und-eigene-audiodateien-deutsch\\\/#breadcrumb\",\"itemListElement\":[{\"@type\":\"ListItem\",\"position\":1,\"name\":\"Startseite\",\"item\":\"https:\\\/\\\/marktxxl.de\\\/markt\\\/\"},{\"@type\":\"ListItem\",\"position\":2,\"name\":\"Markt\",\"item\":\"https:\\\/\\\/marktxxl.de\\\/markt\\\/\"},{\"@type\":\"ListItem\",\"position\":3,\"name\":\"tonies H\u00f6rfiguren f\u00fcr Toniebox &#8211; Kreativ Vampir &#8211; ca. 90 Minuten Speicher f\u00fcr Deine Musik, Geschichten, H\u00f6rb\u00fccher und\u2026\"}]},{\"@type\":\"WebSite\",\"@id\":\"https:\\\/\\\/marktxxl.de\\\/markt\\\/#website\",\"url\":\"https:\\\/\\\/marktxxl.de\\\/markt\\\/\",\"name\":\"Markt-XXL\",\"description\":\"Ihr Markt Online\",\"publisher\":{\"@id\":\"https:\\\/\\\/marktxxl.de\\\/markt\\\/#organization\"},\"potentialAction\":[{\"@type\":\"SearchAction\",\"target\":{\"@type\":\"EntryPoint\",\"urlTemplate\":\"https:\\\/\\\/marktxxl.de\\\/markt\\\/?s={search_term_string}\"},\"query-input\":{\"@type\":\"PropertyValueSpecification\",\"valueRequired\":true,\"valueName\":\"search_term_string\"}}],\"inLanguage\":\"de\"},{\"@type\":\"Organization\",\"@id\":\"https:\\\/\\\/marktxxl.de\\\/markt\\\/#organization\",\"name\":\"Markt-XXL\",\"url\":\"https:\\\/\\\/marktxxl.de\\\/markt\\\/\",\"logo\":{\"@type\":\"ImageObject\",\"inLanguage\":\"de\",\"@id\":\"https:\\\/\\\/marktxxl.de\\\/markt\\\/#\\\/schema\\\/logo\\\/image\\\/\",\"url\":\"https:\\\/\\\/marktxxl.de\\\/markt\\\/wp-content\\\/uploads\\\/sites\\\/3\\\/2020\\\/12\\\/logo.png\",\"contentUrl\":\"https:\\\/\\\/marktxxl.de\\\/markt\\\/wp-content\\\/uploads\\\/sites\\\/3\\\/2020\\\/12\\\/logo.png\",\"width\":200,\"height\":70,\"caption\":\"Markt-XXL\"},\"image\":{\"@id\":\"https:\\\/\\\/marktxxl.de\\\/markt\\\/#\\\/schema\\\/logo\\\/image\\\/\"}}]}<\/script>\n<!-- \/ Yoast SEO plugin. -->","yoast_head_json":{"title":"tonies H\u00f6rfiguren f\u00fcr Toniebox - Kreativ Vampir - ca. 90 Minuten Speicher f\u00fcr Deine Musik, Geschichten, H\u00f6rb\u00fccher und\u2026 - Markt-XXL","description":"Markt-XXL tonies H\u00f6rfiguren f\u00fcr Toniebox - Kreativ Vampir - ca. 90 Minuten Speicher f\u00fcr Deine Musik, Geschichten, H\u00f6rb\u00fccher und\u2026","robots":{"index":"index","follow":"follow","max-snippet":"max-snippet:-1","max-image-preview":"max-image-preview:large","max-video-preview":"max-video-preview:-1"},"canonical":"https:\/\/marktxxl.de\/markt\/produkt\/tonies-hoerfiguren-fuer-toniebox-kreativ-vampir-ca-90-minuten-speicher-fuer-deine-musik-geschichten-hoerbuecher-und-eigene-audiodateien-deutsch\/","og_locale":"de_DE","og_type":"article","og_title":"tonies H\u00f6rfiguren f\u00fcr Toniebox - Kreativ Vampir - ca. 90 Minuten Speicher f\u00fcr Deine Musik, Geschichten, H\u00f6rb\u00fccher und\u2026 - Markt-XXL","og_description":"Markt-XXL tonies H\u00f6rfiguren f\u00fcr Toniebox - Kreativ Vampir - ca. 90 Minuten Speicher f\u00fcr Deine Musik, Geschichten, H\u00f6rb\u00fccher und\u2026","og_url":"https:\/\/marktxxl.de\/markt\/produkt\/tonies-hoerfiguren-fuer-toniebox-kreativ-vampir-ca-90-minuten-speicher-fuer-deine-musik-geschichten-hoerbuecher-und-eigene-audiodateien-deutsch\/","og_site_name":"Markt-XXL","article_modified_time":"2023-04-10T02:45:30+00:00","og_image":[{"width":500,"height":500,"url":"https:\/\/m.media-amazon.com\/images\/I\/31Z6MqapuwL._SL500_.jpg","type":"image\/jpeg"}],"twitter_card":"summary_large_image","twitter_misc":{"Gesch\u00e4tzte Lesezeit":"1\u00a0Minute"},"schema":{"@context":"https:\/\/schema.org","@graph":[{"@type":"WebPage","@id":"https:\/\/marktxxl.de\/markt\/produkt\/tonies-hoerfiguren-fuer-toniebox-kreativ-vampir-ca-90-minuten-speicher-fuer-deine-musik-geschichten-hoerbuecher-und-eigene-audiodateien-deutsch\/","url":"https:\/\/marktxxl.de\/markt\/produkt\/tonies-hoerfiguren-fuer-toniebox-kreativ-vampir-ca-90-minuten-speicher-fuer-deine-musik-geschichten-hoerbuecher-und-eigene-audiodateien-deutsch\/","name":"tonies H\u00f6rfiguren f\u00fcr Toniebox - Kreativ Vampir - ca. 90 Minuten Speicher f\u00fcr Deine Musik, Geschichten, H\u00f6rb\u00fccher und\u2026 - Markt-XXL","isPartOf":{"@id":"https:\/\/marktxxl.de\/markt\/#website"},"primaryImageOfPage":{"@id":"https:\/\/marktxxl.de\/markt\/produkt\/tonies-hoerfiguren-fuer-toniebox-kreativ-vampir-ca-90-minuten-speicher-fuer-deine-musik-geschichten-hoerbuecher-und-eigene-audiodateien-deutsch\/#primaryimage"},"image":{"@id":"https:\/\/marktxxl.de\/markt\/produkt\/tonies-hoerfiguren-fuer-toniebox-kreativ-vampir-ca-90-minuten-speicher-fuer-deine-musik-geschichten-hoerbuecher-und-eigene-audiodateien-deutsch\/#primaryimage"},"thumbnailUrl":"https:\/\/m.media-amazon.com\/images\/I\/31Z6MqapuwL._SL500_.jpg","datePublished":"2022-10-12T00:46:56+00:00","dateModified":"2023-04-10T02:45:30+00:00","description":"Markt-XXL tonies H\u00f6rfiguren f\u00fcr Toniebox - Kreativ Vampir - ca. 90 Minuten Speicher f\u00fcr Deine Musik, Geschichten, H\u00f6rb\u00fccher und\u2026","breadcrumb":{"@id":"https:\/\/marktxxl.de\/markt\/produkt\/tonies-hoerfiguren-fuer-toniebox-kreativ-vampir-ca-90-minuten-speicher-fuer-deine-musik-geschichten-hoerbuecher-und-eigene-audiodateien-deutsch\/#breadcrumb"},"inLanguage":"de","potentialAction":[{"@type":"ReadAction","target":["https:\/\/marktxxl.de\/markt\/produkt\/tonies-hoerfiguren-fuer-toniebox-kreativ-vampir-ca-90-minuten-speicher-fuer-deine-musik-geschichten-hoerbuecher-und-eigene-audiodateien-deutsch\/"]}]},{"@type":"ImageObject","inLanguage":"de","@id":"https:\/\/marktxxl.de\/markt\/produkt\/tonies-hoerfiguren-fuer-toniebox-kreativ-vampir-ca-90-minuten-speicher-fuer-deine-musik-geschichten-hoerbuecher-und-eigene-audiodateien-deutsch\/#primaryimage","url":"https:\/\/m.media-amazon.com\/images\/I\/31Z6MqapuwL._SL500_.jpg","contentUrl":"https:\/\/m.media-amazon.com\/images\/I\/31Z6MqapuwL._SL500_.jpg","width":500,"height":500},{"@type":"BreadcrumbList","@id":"https:\/\/marktxxl.de\/markt\/produkt\/tonies-hoerfiguren-fuer-toniebox-kreativ-vampir-ca-90-minuten-speicher-fuer-deine-musik-geschichten-hoerbuecher-und-eigene-audiodateien-deutsch\/#breadcrumb","itemListElement":[{"@type":"ListItem","position":1,"name":"Startseite","item":"https:\/\/marktxxl.de\/markt\/"},{"@type":"ListItem","position":2,"name":"Markt","item":"https:\/\/marktxxl.de\/markt\/"},{"@type":"ListItem","position":3,"name":"tonies H\u00f6rfiguren f\u00fcr Toniebox &#8211; Kreativ Vampir &#8211; ca. 90 Minuten Speicher f\u00fcr Deine Musik, Geschichten, H\u00f6rb\u00fccher und\u2026"}]},{"@type":"WebSite","@id":"https:\/\/marktxxl.de\/markt\/#website","url":"https:\/\/marktxxl.de\/markt\/","name":"Markt-XXL","description":"Ihr Markt Online","publisher":{"@id":"https:\/\/marktxxl.de\/markt\/#organization"},"potentialAction":[{"@type":"SearchAction","target":{"@type":"EntryPoint","urlTemplate":"https:\/\/marktxxl.de\/markt\/?s={search_term_string}"},"query-input":{"@type":"PropertyValueSpecification","valueRequired":true,"valueName":"search_term_string"}}],"inLanguage":"de"},{"@type":"Organization","@id":"https:\/\/marktxxl.de\/markt\/#organization","name":"Markt-XXL","url":"https:\/\/marktxxl.de\/markt\/","logo":{"@type":"ImageObject","inLanguage":"de","@id":"https:\/\/marktxxl.de\/markt\/#\/schema\/logo\/image\/","url":"https:\/\/marktxxl.de\/markt\/wp-content\/uploads\/sites\/3\/2020\/12\/logo.png","contentUrl":"https:\/\/marktxxl.de\/markt\/wp-content\/uploads\/sites\/3\/2020\/12\/logo.png","width":200,"height":70,"caption":"Markt-XXL"},"image":{"@id":"https:\/\/marktxxl.de\/markt\/#\/schema\/logo\/image\/"}}]}},"_links":{"self":[{"href":"https:\/\/marktxxl.de\/markt\/wp-json\/wp\/v2\/product\/157380","targetHints":{"allow":["GET"]}}],"collection":[{"href":"https:\/\/marktxxl.de\/markt\/wp-json\/wp\/v2\/product"}],"about":[{"href":"https:\/\/marktxxl.de\/markt\/wp-json\/wp\/v2\/types\/product"}],"replies":[{"embeddable":true,"href":"https:\/\/marktxxl.de\/markt\/wp-json\/wp\/v2\/comments?post=157380"}],"wp:featuredmedia":[{"embeddable":true,"href":"https:\/\/marktxxl.de\/markt\/wp-json\/wp\/v2\/media\/157381"}],"wp:attachment":[{"href":"https:\/\/marktxxl.de\/markt\/wp-json\/wp\/v2\/media?parent=157380"}],"wp:term":[{"taxonomy":"product_brand","embeddable":true,"href":"https:\/\/marktxxl.de\/markt\/wp-json\/wp\/v2\/product_brand?post=157380"},{"taxonomy":"product_cat","embeddable":true,"href":"https:\/\/marktxxl.de\/markt\/wp-json\/wp\/v2\/product_cat?post=157380"},{"taxonomy":"product_tag","embeddable":true,"href":"https:\/\/marktxxl.de\/markt\/wp-json\/wp\/v2\/product_tag?post=157380"}],"curies":[{"name":"wp","href":"https:\/\/api.w.org\/{rel}","templated":true}]}}