{"id":157347,"date":"2022-10-12T02:46:21","date_gmt":"2022-10-12T00:46:21","guid":{"rendered":"https:\/\/marktxxl.de\/markt\/produkt\/institut-esthederm-paris-adaptasun-sonnenmilch-koerperschutz-zur-optimierung-ihrer-natuerlichen-braeunung-moderate-sonne-flasche-200-ml\/"},"modified":"2023-04-10T04:45:30","modified_gmt":"2023-04-10T02:45:30","slug":"institut-esthederm-paris-adaptasun-sonnenmilch-koerperschutz-zur-optimierung-ihrer-natuerlichen-braeunung-moderate-sonne-flasche-200-ml","status":"publish","type":"product","link":"https:\/\/marktxxl.de\/markt\/produkt\/institut-esthederm-paris-adaptasun-sonnenmilch-koerperschutz-zur-optimierung-ihrer-natuerlichen-braeunung-moderate-sonne-flasche-200-ml\/","title":{"rendered":"Institut Esthederm Paris &#8211; Adaptasun &#8211; Sonnenmilch K\u00f6rperschutz &#8211; zur Optimierung Ihrer nat\u00fcrlichen Br\u00e4unung &#8211; moderate\u2026"},"content":{"rendered":"<p>F\u00f6rdert die Br\u00e4unung: Adaptasun Sonnenmilch stimuliert die nat\u00fcrliche Br\u00e4une f\u00fcr ein schnelleres, dauerhafteres und intensiveres Ergebnis. Durch Aktivierung des nat\u00fcrlichen Pigmentierungsprozesses wird eine hellere, intensivere und langanhaltende Br\u00e4une erzielt. Milch mit cremiger und zarter Textur. Sonnenmilch f\u00fcr moderate Sonne 200 ml Flasche<br \/>\nSchutz: Die Formel wurde entwickelt, um die Qualit\u00e4t und die Jugend der Haut zu bewahren, die der Sonne ausgesetzt ist, verhindert die Lichtalterung dank der patentierten Global Cellular Protection Technologie, die die DNA sch\u00fctzt und Zellsch\u00e4den verhindert.<br \/>\nSch\u00f6nheitsergebnisse: eine helle, schnelle und lang anhaltende Br\u00e4unung, eine perfekt hydratisierte, weiche und strahlende Haut von Jugend.<br \/>\nIdeal f\u00fcr moderne Sonnen: Das ideale Produkt f\u00fcr die Haut, die gut der Sonne steht, schnell br\u00e4unt und leicht br\u00fcht. F\u00fcr moderate Sonneneinstrahlung (Sommer, mittlere Belastung). Auch als Intensit\u00e4tsversion von Sole Forte erh\u00e4ltlich.<br \/>\nAnwendungsempfehlung: 20 Minuten vor dem Sonnenbad gro\u00dfz\u00fcgig auf den K\u00f6rper auftragen. Nach jedem Bad erneut alle 2 Stunden und nach jedem Bad auftragen. Vermeiden Sie \u00fcberm\u00e4\u00dfige Sonneneinstrahlung und maximale Sonneneinstrahlung. Babys und Kleinkinder nicht direkt der Sonne aussetzen.<br \/>\n<div class=\"main-cross-sell\" data-asin=\"B01ABW39JK\">\n\n\t<div class=\"WooZone-cross-sell-loader\">\n\t\t<div>\n\t\t\t<div id=\"floatingBarsG\">\n\t\t\t\t<div class=\"blockG\" id=\"rotateG_01\"><\/div>\n\t\t\t\t<div class=\"blockG\" id=\"rotateG_02\"><\/div>\n\t\t\t\t<div class=\"blockG\" id=\"rotateG_03\"><\/div>\n\t\t\t\t<div class=\"blockG\" id=\"rotateG_04\"><\/div>\n\t\t\t\t<div class=\"blockG\" id=\"rotateG_05\"><\/div>\n\t\t\t\t<div class=\"blockG\" id=\"rotateG_06\"><\/div>\n\t\t\t\t<div class=\"blockG\" id=\"rotateG_07\"><\/div>\n\t\t\t\t<div class=\"blockG\" id=\"rotateG_08\"><\/div>\n\t\t\t<\/div>\n\t\t\t<div class=\"WooZone-cross-sell-loader-text\"><\/div>\n\t\t<\/div>\n\t<\/div>\n\n\t\t\n<\/div>\n<div style=\"clear:both;\"><\/div><\/p>\n","protected":false},"excerpt":{"rendered":"<p>F\u00f6rdert die Br\u00e4unung: Adaptasun Sonnenmilch stimuliert die nat\u00fcrliche Br\u00e4une f\u00fcr ein schnelleres, dauerhafteres und intensiveres Ergebnis. Durch Aktivierung des nat\u00fcrlichen Pigmentierungsprozesses wird eine hellere, intensivere und langanhaltende Br\u00e4une erzielt. Milch mit cremiger und zarter Textur. Sonnenmilch f\u00fcr moderate Sonne 200 ml Flasche<br \/>\nSchutz: Die Formel wurde entwickelt, um die Qualit\u00e4t und die Jugend der Haut zu bewahren, die der Sonne ausgesetzt ist, verhindert die Lichtalterung dank der patentierten Global Cellular Protection Technologie, die die DNA sch\u00fctzt und Zellsch\u00e4den verhindert.<br \/>\nSch\u00f6nheitsergebnisse: eine helle, schnelle und lang anhaltende Br\u00e4unung, eine perfekt hydratisierte, weiche und strahlende Haut von Jugend.<\/p>\n","protected":false},"featured_media":157348,"comment_status":"open","ping_status":"closed","template":"","meta":[],"product_brand":[],"product_cat":[2858,6994],"product_tag":[],"class_list":{"0":"post-157347","1":"product","2":"type-product","3":"status-publish","4":"has-post-thumbnail","6":"product_cat-beauty","7":"product_cat-haarpflege-styling","8":"pa_binding-badartikel","9":"pa_brand-institut-esthederm-paris","10":"pa_height-7-87401574-zoll","11":"pa_languages-handbuch-englisch","12":"pa_length-1-574803148-zoll","13":"pa_manufacturer-institut-esthederm","14":"pa_model-ie2387","15":"pa_size-200-ml-confezione-da-1","16":"pa_weight-0-440924524-pfund","17":"pa_width-2-362204722-zoll","19":"first","20":"instock","21":"shipping-taxable","22":"purchasable","23":"product-type-simple","24":"customify-col","25":"product-has-gallery"},"yoast_head":"<!-- This site is optimized with the Yoast SEO plugin v27.4 - https:\/\/yoast.com\/product\/yoast-seo-wordpress\/ -->\n<title>Institut Esthederm Paris - Adaptasun - Sonnenmilch K\u00f6rperschutz - zur Optimierung Ihrer nat\u00fcrlichen Br\u00e4unung - moderate\u2026 - Markt-XXL<\/title>\n<meta name=\"description\" content=\"Markt-XXL Institut Esthederm Paris - Adaptasun - Sonnenmilch K\u00f6rperschutz - zur Optimierung Ihrer nat\u00fcrlichen Br\u00e4unung - moderate\u2026\" \/>\n<meta name=\"robots\" content=\"index, follow, max-snippet:-1, max-image-preview:large, max-video-preview:-1\" \/>\n<link rel=\"canonical\" href=\"https:\/\/marktxxl.de\/markt\/produkt\/institut-esthederm-paris-adaptasun-sonnenmilch-koerperschutz-zur-optimierung-ihrer-natuerlichen-braeunung-moderate-sonne-flasche-200-ml\/\" \/>\n<meta property=\"og:locale\" content=\"de_DE\" \/>\n<meta property=\"og:type\" content=\"article\" \/>\n<meta property=\"og:title\" content=\"Institut Esthederm Paris - Adaptasun - Sonnenmilch K\u00f6rperschutz - zur Optimierung Ihrer nat\u00fcrlichen Br\u00e4unung - moderate\u2026 - Markt-XXL\" \/>\n<meta property=\"og:description\" content=\"Markt-XXL Institut Esthederm Paris - Adaptasun - Sonnenmilch K\u00f6rperschutz - zur Optimierung Ihrer nat\u00fcrlichen Br\u00e4unung - moderate\u2026\" \/>\n<meta property=\"og:url\" content=\"https:\/\/marktxxl.de\/markt\/produkt\/institut-esthederm-paris-adaptasun-sonnenmilch-koerperschutz-zur-optimierung-ihrer-natuerlichen-braeunung-moderate-sonne-flasche-200-ml\/\" \/>\n<meta property=\"og:site_name\" content=\"Markt-XXL\" \/>\n<meta property=\"article:modified_time\" content=\"2023-04-10T02:45:30+00:00\" \/>\n<meta property=\"og:image\" content=\"https:\/\/m.media-amazon.com\/images\/I\/31dfumMpj+L._SL500_.jpg\" \/>\n\t<meta property=\"og:image:width\" content=\"500\" \/>\n\t<meta property=\"og:image:height\" content=\"500\" \/>\n\t<meta property=\"og:image:type\" content=\"image\/jpeg\" \/>\n<meta name=\"twitter:card\" content=\"summary_large_image\" \/>\n<meta name=\"twitter:label1\" content=\"Gesch\u00e4tzte Lesezeit\" \/>\n\t<meta name=\"twitter:data1\" content=\"1\u00a0Minute\" \/>\n<script type=\"application\/ld+json\" class=\"yoast-schema-graph\">{\"@context\":\"https:\\\/\\\/schema.org\",\"@graph\":[{\"@type\":\"WebPage\",\"@id\":\"https:\\\/\\\/marktxxl.de\\\/markt\\\/produkt\\\/institut-esthederm-paris-adaptasun-sonnenmilch-koerperschutz-zur-optimierung-ihrer-natuerlichen-braeunung-moderate-sonne-flasche-200-ml\\\/\",\"url\":\"https:\\\/\\\/marktxxl.de\\\/markt\\\/produkt\\\/institut-esthederm-paris-adaptasun-sonnenmilch-koerperschutz-zur-optimierung-ihrer-natuerlichen-braeunung-moderate-sonne-flasche-200-ml\\\/\",\"name\":\"Institut Esthederm Paris - Adaptasun - Sonnenmilch K\u00f6rperschutz - zur Optimierung Ihrer nat\u00fcrlichen Br\u00e4unung - moderate\u2026 - Markt-XXL\",\"isPartOf\":{\"@id\":\"https:\\\/\\\/marktxxl.de\\\/markt\\\/#website\"},\"primaryImageOfPage\":{\"@id\":\"https:\\\/\\\/marktxxl.de\\\/markt\\\/produkt\\\/institut-esthederm-paris-adaptasun-sonnenmilch-koerperschutz-zur-optimierung-ihrer-natuerlichen-braeunung-moderate-sonne-flasche-200-ml\\\/#primaryimage\"},\"image\":{\"@id\":\"https:\\\/\\\/marktxxl.de\\\/markt\\\/produkt\\\/institut-esthederm-paris-adaptasun-sonnenmilch-koerperschutz-zur-optimierung-ihrer-natuerlichen-braeunung-moderate-sonne-flasche-200-ml\\\/#primaryimage\"},\"thumbnailUrl\":\"https:\\\/\\\/m.media-amazon.com\\\/images\\\/I\\\/31dfumMpj+L._SL500_.jpg\",\"datePublished\":\"2022-10-12T00:46:21+00:00\",\"dateModified\":\"2023-04-10T02:45:30+00:00\",\"description\":\"Markt-XXL Institut Esthederm Paris - Adaptasun - Sonnenmilch K\u00f6rperschutz - zur Optimierung Ihrer nat\u00fcrlichen Br\u00e4unung - moderate\u2026\",\"breadcrumb\":{\"@id\":\"https:\\\/\\\/marktxxl.de\\\/markt\\\/produkt\\\/institut-esthederm-paris-adaptasun-sonnenmilch-koerperschutz-zur-optimierung-ihrer-natuerlichen-braeunung-moderate-sonne-flasche-200-ml\\\/#breadcrumb\"},\"inLanguage\":\"de\",\"potentialAction\":[{\"@type\":\"ReadAction\",\"target\":[\"https:\\\/\\\/marktxxl.de\\\/markt\\\/produkt\\\/institut-esthederm-paris-adaptasun-sonnenmilch-koerperschutz-zur-optimierung-ihrer-natuerlichen-braeunung-moderate-sonne-flasche-200-ml\\\/\"]}]},{\"@type\":\"ImageObject\",\"inLanguage\":\"de\",\"@id\":\"https:\\\/\\\/marktxxl.de\\\/markt\\\/produkt\\\/institut-esthederm-paris-adaptasun-sonnenmilch-koerperschutz-zur-optimierung-ihrer-natuerlichen-braeunung-moderate-sonne-flasche-200-ml\\\/#primaryimage\",\"url\":\"https:\\\/\\\/m.media-amazon.com\\\/images\\\/I\\\/31dfumMpj+L._SL500_.jpg\",\"contentUrl\":\"https:\\\/\\\/m.media-amazon.com\\\/images\\\/I\\\/31dfumMpj+L._SL500_.jpg\",\"width\":500,\"height\":500},{\"@type\":\"BreadcrumbList\",\"@id\":\"https:\\\/\\\/marktxxl.de\\\/markt\\\/produkt\\\/institut-esthederm-paris-adaptasun-sonnenmilch-koerperschutz-zur-optimierung-ihrer-natuerlichen-braeunung-moderate-sonne-flasche-200-ml\\\/#breadcrumb\",\"itemListElement\":[{\"@type\":\"ListItem\",\"position\":1,\"name\":\"Startseite\",\"item\":\"https:\\\/\\\/marktxxl.de\\\/markt\\\/\"},{\"@type\":\"ListItem\",\"position\":2,\"name\":\"Markt\",\"item\":\"https:\\\/\\\/marktxxl.de\\\/markt\\\/\"},{\"@type\":\"ListItem\",\"position\":3,\"name\":\"Institut Esthederm Paris &#8211; Adaptasun &#8211; Sonnenmilch K\u00f6rperschutz &#8211; zur Optimierung Ihrer nat\u00fcrlichen Br\u00e4unung &#8211; moderate\u2026\"}]},{\"@type\":\"WebSite\",\"@id\":\"https:\\\/\\\/marktxxl.de\\\/markt\\\/#website\",\"url\":\"https:\\\/\\\/marktxxl.de\\\/markt\\\/\",\"name\":\"Markt-XXL\",\"description\":\"Ihr Markt Online\",\"publisher\":{\"@id\":\"https:\\\/\\\/marktxxl.de\\\/markt\\\/#organization\"},\"potentialAction\":[{\"@type\":\"SearchAction\",\"target\":{\"@type\":\"EntryPoint\",\"urlTemplate\":\"https:\\\/\\\/marktxxl.de\\\/markt\\\/?s={search_term_string}\"},\"query-input\":{\"@type\":\"PropertyValueSpecification\",\"valueRequired\":true,\"valueName\":\"search_term_string\"}}],\"inLanguage\":\"de\"},{\"@type\":\"Organization\",\"@id\":\"https:\\\/\\\/marktxxl.de\\\/markt\\\/#organization\",\"name\":\"Markt-XXL\",\"url\":\"https:\\\/\\\/marktxxl.de\\\/markt\\\/\",\"logo\":{\"@type\":\"ImageObject\",\"inLanguage\":\"de\",\"@id\":\"https:\\\/\\\/marktxxl.de\\\/markt\\\/#\\\/schema\\\/logo\\\/image\\\/\",\"url\":\"https:\\\/\\\/marktxxl.de\\\/markt\\\/wp-content\\\/uploads\\\/sites\\\/3\\\/2020\\\/12\\\/logo.png\",\"contentUrl\":\"https:\\\/\\\/marktxxl.de\\\/markt\\\/wp-content\\\/uploads\\\/sites\\\/3\\\/2020\\\/12\\\/logo.png\",\"width\":200,\"height\":70,\"caption\":\"Markt-XXL\"},\"image\":{\"@id\":\"https:\\\/\\\/marktxxl.de\\\/markt\\\/#\\\/schema\\\/logo\\\/image\\\/\"}}]}<\/script>\n<!-- \/ Yoast SEO plugin. -->","yoast_head_json":{"title":"Institut Esthederm Paris - Adaptasun - Sonnenmilch K\u00f6rperschutz - zur Optimierung Ihrer nat\u00fcrlichen Br\u00e4unung - moderate\u2026 - Markt-XXL","description":"Markt-XXL Institut Esthederm Paris - Adaptasun - Sonnenmilch K\u00f6rperschutz - zur Optimierung Ihrer nat\u00fcrlichen Br\u00e4unung - moderate\u2026","robots":{"index":"index","follow":"follow","max-snippet":"max-snippet:-1","max-image-preview":"max-image-preview:large","max-video-preview":"max-video-preview:-1"},"canonical":"https:\/\/marktxxl.de\/markt\/produkt\/institut-esthederm-paris-adaptasun-sonnenmilch-koerperschutz-zur-optimierung-ihrer-natuerlichen-braeunung-moderate-sonne-flasche-200-ml\/","og_locale":"de_DE","og_type":"article","og_title":"Institut Esthederm Paris - Adaptasun - Sonnenmilch K\u00f6rperschutz - zur Optimierung Ihrer nat\u00fcrlichen Br\u00e4unung - moderate\u2026 - Markt-XXL","og_description":"Markt-XXL Institut Esthederm Paris - Adaptasun - Sonnenmilch K\u00f6rperschutz - zur Optimierung Ihrer nat\u00fcrlichen Br\u00e4unung - moderate\u2026","og_url":"https:\/\/marktxxl.de\/markt\/produkt\/institut-esthederm-paris-adaptasun-sonnenmilch-koerperschutz-zur-optimierung-ihrer-natuerlichen-braeunung-moderate-sonne-flasche-200-ml\/","og_site_name":"Markt-XXL","article_modified_time":"2023-04-10T02:45:30+00:00","og_image":[{"width":500,"height":500,"url":"https:\/\/m.media-amazon.com\/images\/I\/31dfumMpj+L._SL500_.jpg","type":"image\/jpeg"}],"twitter_card":"summary_large_image","twitter_misc":{"Gesch\u00e4tzte Lesezeit":"1\u00a0Minute"},"schema":{"@context":"https:\/\/schema.org","@graph":[{"@type":"WebPage","@id":"https:\/\/marktxxl.de\/markt\/produkt\/institut-esthederm-paris-adaptasun-sonnenmilch-koerperschutz-zur-optimierung-ihrer-natuerlichen-braeunung-moderate-sonne-flasche-200-ml\/","url":"https:\/\/marktxxl.de\/markt\/produkt\/institut-esthederm-paris-adaptasun-sonnenmilch-koerperschutz-zur-optimierung-ihrer-natuerlichen-braeunung-moderate-sonne-flasche-200-ml\/","name":"Institut Esthederm Paris - Adaptasun - Sonnenmilch K\u00f6rperschutz - zur Optimierung Ihrer nat\u00fcrlichen Br\u00e4unung - moderate\u2026 - Markt-XXL","isPartOf":{"@id":"https:\/\/marktxxl.de\/markt\/#website"},"primaryImageOfPage":{"@id":"https:\/\/marktxxl.de\/markt\/produkt\/institut-esthederm-paris-adaptasun-sonnenmilch-koerperschutz-zur-optimierung-ihrer-natuerlichen-braeunung-moderate-sonne-flasche-200-ml\/#primaryimage"},"image":{"@id":"https:\/\/marktxxl.de\/markt\/produkt\/institut-esthederm-paris-adaptasun-sonnenmilch-koerperschutz-zur-optimierung-ihrer-natuerlichen-braeunung-moderate-sonne-flasche-200-ml\/#primaryimage"},"thumbnailUrl":"https:\/\/m.media-amazon.com\/images\/I\/31dfumMpj+L._SL500_.jpg","datePublished":"2022-10-12T00:46:21+00:00","dateModified":"2023-04-10T02:45:30+00:00","description":"Markt-XXL Institut Esthederm Paris - Adaptasun - Sonnenmilch K\u00f6rperschutz - zur Optimierung Ihrer nat\u00fcrlichen Br\u00e4unung - moderate\u2026","breadcrumb":{"@id":"https:\/\/marktxxl.de\/markt\/produkt\/institut-esthederm-paris-adaptasun-sonnenmilch-koerperschutz-zur-optimierung-ihrer-natuerlichen-braeunung-moderate-sonne-flasche-200-ml\/#breadcrumb"},"inLanguage":"de","potentialAction":[{"@type":"ReadAction","target":["https:\/\/marktxxl.de\/markt\/produkt\/institut-esthederm-paris-adaptasun-sonnenmilch-koerperschutz-zur-optimierung-ihrer-natuerlichen-braeunung-moderate-sonne-flasche-200-ml\/"]}]},{"@type":"ImageObject","inLanguage":"de","@id":"https:\/\/marktxxl.de\/markt\/produkt\/institut-esthederm-paris-adaptasun-sonnenmilch-koerperschutz-zur-optimierung-ihrer-natuerlichen-braeunung-moderate-sonne-flasche-200-ml\/#primaryimage","url":"https:\/\/m.media-amazon.com\/images\/I\/31dfumMpj+L._SL500_.jpg","contentUrl":"https:\/\/m.media-amazon.com\/images\/I\/31dfumMpj+L._SL500_.jpg","width":500,"height":500},{"@type":"BreadcrumbList","@id":"https:\/\/marktxxl.de\/markt\/produkt\/institut-esthederm-paris-adaptasun-sonnenmilch-koerperschutz-zur-optimierung-ihrer-natuerlichen-braeunung-moderate-sonne-flasche-200-ml\/#breadcrumb","itemListElement":[{"@type":"ListItem","position":1,"name":"Startseite","item":"https:\/\/marktxxl.de\/markt\/"},{"@type":"ListItem","position":2,"name":"Markt","item":"https:\/\/marktxxl.de\/markt\/"},{"@type":"ListItem","position":3,"name":"Institut Esthederm Paris &#8211; Adaptasun &#8211; Sonnenmilch K\u00f6rperschutz &#8211; zur Optimierung Ihrer nat\u00fcrlichen Br\u00e4unung &#8211; moderate\u2026"}]},{"@type":"WebSite","@id":"https:\/\/marktxxl.de\/markt\/#website","url":"https:\/\/marktxxl.de\/markt\/","name":"Markt-XXL","description":"Ihr Markt Online","publisher":{"@id":"https:\/\/marktxxl.de\/markt\/#organization"},"potentialAction":[{"@type":"SearchAction","target":{"@type":"EntryPoint","urlTemplate":"https:\/\/marktxxl.de\/markt\/?s={search_term_string}"},"query-input":{"@type":"PropertyValueSpecification","valueRequired":true,"valueName":"search_term_string"}}],"inLanguage":"de"},{"@type":"Organization","@id":"https:\/\/marktxxl.de\/markt\/#organization","name":"Markt-XXL","url":"https:\/\/marktxxl.de\/markt\/","logo":{"@type":"ImageObject","inLanguage":"de","@id":"https:\/\/marktxxl.de\/markt\/#\/schema\/logo\/image\/","url":"https:\/\/marktxxl.de\/markt\/wp-content\/uploads\/sites\/3\/2020\/12\/logo.png","contentUrl":"https:\/\/marktxxl.de\/markt\/wp-content\/uploads\/sites\/3\/2020\/12\/logo.png","width":200,"height":70,"caption":"Markt-XXL"},"image":{"@id":"https:\/\/marktxxl.de\/markt\/#\/schema\/logo\/image\/"}}]}},"_links":{"self":[{"href":"https:\/\/marktxxl.de\/markt\/wp-json\/wp\/v2\/product\/157347","targetHints":{"allow":["GET"]}}],"collection":[{"href":"https:\/\/marktxxl.de\/markt\/wp-json\/wp\/v2\/product"}],"about":[{"href":"https:\/\/marktxxl.de\/markt\/wp-json\/wp\/v2\/types\/product"}],"replies":[{"embeddable":true,"href":"https:\/\/marktxxl.de\/markt\/wp-json\/wp\/v2\/comments?post=157347"}],"wp:featuredmedia":[{"embeddable":true,"href":"https:\/\/marktxxl.de\/markt\/wp-json\/wp\/v2\/media\/157348"}],"wp:attachment":[{"href":"https:\/\/marktxxl.de\/markt\/wp-json\/wp\/v2\/media?parent=157347"}],"wp:term":[{"taxonomy":"product_brand","embeddable":true,"href":"https:\/\/marktxxl.de\/markt\/wp-json\/wp\/v2\/product_brand?post=157347"},{"taxonomy":"product_cat","embeddable":true,"href":"https:\/\/marktxxl.de\/markt\/wp-json\/wp\/v2\/product_cat?post=157347"},{"taxonomy":"product_tag","embeddable":true,"href":"https:\/\/marktxxl.de\/markt\/wp-json\/wp\/v2\/product_tag?post=157347"}],"curies":[{"name":"wp","href":"https:\/\/api.w.org\/{rel}","templated":true}]}}