{"id":157306,"date":"2022-10-12T02:19:41","date_gmt":"2022-10-12T00:19:41","guid":{"rendered":"https:\/\/marktxxl.de\/markt\/produkt\/urea-40-cream-150g-best-callus-remover-for-feet-hands-natural-moisturizes-nourishes-softens-dry-rough-cracked-dead-skin\/"},"modified":"2023-04-10T04:45:29","modified_gmt":"2023-04-10T02:45:29","slug":"urea-40-cream-150g-best-callus-remover-for-feet-hands-natural-moisturizes-nourishes-softens-dry-rough-cracked-dead-skin","status":"publish","type":"product","link":"https:\/\/marktxxl.de\/markt\/produkt\/urea-40-cream-150g-best-callus-remover-for-feet-hands-natural-moisturizes-nourishes-softens-dry-rough-cracked-dead-skin\/","title":{"rendered":"Urea 40% Cream 150g &#8211; best Callus Remover For Feet &amp; Hands, Natural Moisturizes Nourishes Softens Dry, Rough, Cracked\u2026"},"content":{"rendered":"<p>Perfekte Effekte: Unsere Urea-Creme kann verwendet werden, um trockene und rissige Haut zu pflegen, zu befeuchten, zu erweichen und zu , die dermatologisch getestet ist. Medizinische Krankenpflegecreme. Spendet intensiv Feuchtigkeit und pflegt die Haut von Hand und F\u00fc\u00dfen. trockene, rissige, raue, holprige und gealterte Haut. Minimiert das Auftreten von H\u00fchneraugen und Anrufen.<br \/>\nNat\u00fcrliche Inhaltsstoffe: Unsere Urea-Creme angereichert mit 40 % Urea und angereichert auch viel nat\u00fcrliche Inhaltsstoffe wie Glycerin, Avocado, Saccharose, Maisst\u00e4rke, die gesund und harmlos sind.<br \/>\nUnverzichtbar f\u00fcr alle: Dies ist eine wunderbare essentielle Harnstoffcreme f\u00fcr jedermann. Sie k\u00f6nnen Schwielen, Schmerzen und M\u00fche von Hautproblemen f\u00fcr Ihre H\u00e4nde und F\u00fc\u00dfe loswerden. Auch wenn Ihre Haut nicht unter starker Trockenheit und Rissbildung leidet, kann unsere Urea-Creme helfen, Ihre Ellbogen, Knie und Kn\u00f6chel weicher und glatter zu werden. Mit unserer Harnstoffcreme haben Sie gesunde und sch\u00f6ne Haut f\u00fcr Frauen und M\u00e4nner.<br \/>\nVielseitig einsetzbar: Unsere Urea-Creme n\u00e4hrt Ihre trockene und rissige Haut f\u00fcr Ihre H\u00e4nde, F\u00fc\u00dfe und sogar Ellenbogen und Knie. Sie Ihre Haut tief, f\u00fcr M\u00e4nner und Frauen.<br \/>\nVorschl\u00e4ge: Verwenden Sie es eine Woche und Sie werden den Unterschied sehen. Durch die Verwendung von zwei Wochen werden Sie offensichtlich sichtbare Effekte sehen. Drei Wochen, seidig glatte, feuchtigkeitsspendende Haut, die Sie haben werden. Sie k\u00f6nnen es auch langfristig als t\u00e4gliche Lotion als Hautpflegeprodukt verwenden. Es ist auch ein tolles Geschenk f\u00fcr Freunde und Familie.<br \/>\n<div class=\"main-cross-sell\" data-asin=\"B08DKRGF2Y\">\n\n\t<div class=\"WooZone-cross-sell-loader\">\n\t\t<div>\n\t\t\t<div id=\"floatingBarsG\">\n\t\t\t\t<div class=\"blockG\" id=\"rotateG_01\"><\/div>\n\t\t\t\t<div class=\"blockG\" id=\"rotateG_02\"><\/div>\n\t\t\t\t<div class=\"blockG\" id=\"rotateG_03\"><\/div>\n\t\t\t\t<div class=\"blockG\" id=\"rotateG_04\"><\/div>\n\t\t\t\t<div class=\"blockG\" id=\"rotateG_05\"><\/div>\n\t\t\t\t<div class=\"blockG\" id=\"rotateG_06\"><\/div>\n\t\t\t\t<div class=\"blockG\" id=\"rotateG_07\"><\/div>\n\t\t\t\t<div class=\"blockG\" id=\"rotateG_08\"><\/div>\n\t\t\t<\/div>\n\t\t\t<div class=\"WooZone-cross-sell-loader-text\"><\/div>\n\t\t<\/div>\n\t<\/div>\n\n\t\t\n<\/div>\n<div style=\"clear:both;\"><\/div><\/p>\n","protected":false},"excerpt":{"rendered":"<p>Perfekte Effekte: Unsere Urea-Creme kann verwendet werden, um trockene und rissige Haut zu pflegen, zu befeuchten, zu erweichen und zu , die dermatologisch getestet ist. Medizinische Krankenpflegecreme. Spendet intensiv Feuchtigkeit und pflegt die Haut von Hand und F\u00fc\u00dfen. trockene, rissige, raue, holprige und gealterte Haut. Minimiert das Auftreten von H\u00fchneraugen und Anrufen.<br \/>\nNat\u00fcrliche Inhaltsstoffe: Unsere Urea-Creme angereichert mit 40 % Urea und angereichert auch viel nat\u00fcrliche Inhaltsstoffe wie Glycerin, Avocado, Saccharose, Maisst\u00e4rke, die gesund und harmlos sind.<br \/>\nUnverzichtbar f\u00fcr alle: Dies ist eine wunderbare essentielle Harnstoffcreme f\u00fcr jedermann. Sie k\u00f6nnen Schwielen, Schmerzen und M\u00fche von Hautproblemen f\u00fcr Ihre H\u00e4nde und F\u00fc\u00dfe loswerden. Auch wenn Ihre Haut nicht unter starker Trockenheit und Rissbildung leidet, kann unsere Urea-Creme helfen, Ihre Ellbogen, Knie und Kn\u00f6chel weicher und glatter zu werden. Mit unserer Harnstoffcreme haben Sie gesunde und sch\u00f6ne Haut f\u00fcr Frauen und M\u00e4nner.<\/p>\n","protected":false},"featured_media":157307,"comment_status":"open","ping_status":"closed","template":"","meta":[],"product_brand":[],"product_cat":[2858,6632],"product_tag":[],"class_list":{"0":"post-157306","1":"product","2":"type-product","3":"status-publish","4":"has-post-thumbnail","6":"product_cat-beauty","7":"product_cat-beauty-pflegesets","8":"pa_binding-badartikel","9":"pa_brand-airroye","10":"pa_manufacturer-airroye","11":"pa_weight-0-330693393-pfund","13":"first","14":"instock","15":"shipping-taxable","16":"purchasable","17":"product-type-simple","18":"customify-col","19":"product-has-gallery"},"yoast_head":"<!-- This site is optimized with the Yoast SEO plugin v27.4 - https:\/\/yoast.com\/product\/yoast-seo-wordpress\/ -->\n<title>Urea 40% Cream 150g - best Callus Remover For Feet &amp; Hands, Natural Moisturizes Nourishes Softens Dry, Rough, Cracked\u2026 - Markt-XXL<\/title>\n<meta name=\"description\" content=\"Markt-XXL Urea 40% Cream 150g - best Callus Remover For Feet &amp; Hands, Natural Moisturizes Nourishes Softens Dry, Rough, Cracked\u2026\" \/>\n<meta name=\"robots\" content=\"index, follow, max-snippet:-1, max-image-preview:large, max-video-preview:-1\" \/>\n<link rel=\"canonical\" href=\"https:\/\/marktxxl.de\/markt\/produkt\/urea-40-cream-150g-best-callus-remover-for-feet-hands-natural-moisturizes-nourishes-softens-dry-rough-cracked-dead-skin\/\" \/>\n<meta property=\"og:locale\" content=\"de_DE\" \/>\n<meta property=\"og:type\" content=\"article\" \/>\n<meta property=\"og:title\" content=\"Urea 40% Cream 150g - best Callus Remover For Feet &amp; Hands, Natural Moisturizes Nourishes Softens Dry, Rough, Cracked\u2026 - Markt-XXL\" \/>\n<meta property=\"og:description\" content=\"Markt-XXL Urea 40% Cream 150g - best Callus Remover For Feet &amp; Hands, Natural Moisturizes Nourishes Softens Dry, Rough, Cracked\u2026\" \/>\n<meta property=\"og:url\" content=\"https:\/\/marktxxl.de\/markt\/produkt\/urea-40-cream-150g-best-callus-remover-for-feet-hands-natural-moisturizes-nourishes-softens-dry-rough-cracked-dead-skin\/\" \/>\n<meta property=\"og:site_name\" content=\"Markt-XXL\" \/>\n<meta property=\"article:modified_time\" content=\"2023-04-10T02:45:29+00:00\" \/>\n<meta property=\"og:image\" content=\"https:\/\/m.media-amazon.com\/images\/I\/51tyfLtbhsL._SL500_.jpg\" \/>\n\t<meta property=\"og:image:width\" content=\"500\" \/>\n\t<meta property=\"og:image:height\" content=\"500\" \/>\n\t<meta property=\"og:image:type\" content=\"image\/jpeg\" \/>\n<meta name=\"twitter:card\" content=\"summary_large_image\" \/>\n<meta name=\"twitter:label1\" content=\"Gesch\u00e4tzte Lesezeit\" \/>\n\t<meta name=\"twitter:data1\" content=\"1\u00a0Minute\" \/>\n<script type=\"application\/ld+json\" class=\"yoast-schema-graph\">{\"@context\":\"https:\\\/\\\/schema.org\",\"@graph\":[{\"@type\":\"WebPage\",\"@id\":\"https:\\\/\\\/marktxxl.de\\\/markt\\\/produkt\\\/urea-40-cream-150g-best-callus-remover-for-feet-hands-natural-moisturizes-nourishes-softens-dry-rough-cracked-dead-skin\\\/\",\"url\":\"https:\\\/\\\/marktxxl.de\\\/markt\\\/produkt\\\/urea-40-cream-150g-best-callus-remover-for-feet-hands-natural-moisturizes-nourishes-softens-dry-rough-cracked-dead-skin\\\/\",\"name\":\"Urea 40% Cream 150g - best Callus Remover For Feet &amp; Hands, Natural Moisturizes Nourishes Softens Dry, Rough, Cracked\u2026 - Markt-XXL\",\"isPartOf\":{\"@id\":\"https:\\\/\\\/marktxxl.de\\\/markt\\\/#website\"},\"primaryImageOfPage\":{\"@id\":\"https:\\\/\\\/marktxxl.de\\\/markt\\\/produkt\\\/urea-40-cream-150g-best-callus-remover-for-feet-hands-natural-moisturizes-nourishes-softens-dry-rough-cracked-dead-skin\\\/#primaryimage\"},\"image\":{\"@id\":\"https:\\\/\\\/marktxxl.de\\\/markt\\\/produkt\\\/urea-40-cream-150g-best-callus-remover-for-feet-hands-natural-moisturizes-nourishes-softens-dry-rough-cracked-dead-skin\\\/#primaryimage\"},\"thumbnailUrl\":\"https:\\\/\\\/m.media-amazon.com\\\/images\\\/I\\\/51tyfLtbhsL._SL500_.jpg\",\"datePublished\":\"2022-10-12T00:19:41+00:00\",\"dateModified\":\"2023-04-10T02:45:29+00:00\",\"description\":\"Markt-XXL Urea 40% Cream 150g - best Callus Remover For Feet &amp; Hands, Natural Moisturizes Nourishes Softens Dry, Rough, Cracked\u2026\",\"breadcrumb\":{\"@id\":\"https:\\\/\\\/marktxxl.de\\\/markt\\\/produkt\\\/urea-40-cream-150g-best-callus-remover-for-feet-hands-natural-moisturizes-nourishes-softens-dry-rough-cracked-dead-skin\\\/#breadcrumb\"},\"inLanguage\":\"de\",\"potentialAction\":[{\"@type\":\"ReadAction\",\"target\":[\"https:\\\/\\\/marktxxl.de\\\/markt\\\/produkt\\\/urea-40-cream-150g-best-callus-remover-for-feet-hands-natural-moisturizes-nourishes-softens-dry-rough-cracked-dead-skin\\\/\"]}]},{\"@type\":\"ImageObject\",\"inLanguage\":\"de\",\"@id\":\"https:\\\/\\\/marktxxl.de\\\/markt\\\/produkt\\\/urea-40-cream-150g-best-callus-remover-for-feet-hands-natural-moisturizes-nourishes-softens-dry-rough-cracked-dead-skin\\\/#primaryimage\",\"url\":\"https:\\\/\\\/m.media-amazon.com\\\/images\\\/I\\\/51tyfLtbhsL._SL500_.jpg\",\"contentUrl\":\"https:\\\/\\\/m.media-amazon.com\\\/images\\\/I\\\/51tyfLtbhsL._SL500_.jpg\",\"width\":500,\"height\":500},{\"@type\":\"BreadcrumbList\",\"@id\":\"https:\\\/\\\/marktxxl.de\\\/markt\\\/produkt\\\/urea-40-cream-150g-best-callus-remover-for-feet-hands-natural-moisturizes-nourishes-softens-dry-rough-cracked-dead-skin\\\/#breadcrumb\",\"itemListElement\":[{\"@type\":\"ListItem\",\"position\":1,\"name\":\"Startseite\",\"item\":\"https:\\\/\\\/marktxxl.de\\\/markt\\\/\"},{\"@type\":\"ListItem\",\"position\":2,\"name\":\"Markt\",\"item\":\"https:\\\/\\\/marktxxl.de\\\/markt\\\/\"},{\"@type\":\"ListItem\",\"position\":3,\"name\":\"Urea 40% Cream 150g &#8211; best Callus Remover For Feet &amp; Hands, Natural Moisturizes Nourishes Softens Dry, Rough, Cracked\u2026\"}]},{\"@type\":\"WebSite\",\"@id\":\"https:\\\/\\\/marktxxl.de\\\/markt\\\/#website\",\"url\":\"https:\\\/\\\/marktxxl.de\\\/markt\\\/\",\"name\":\"Markt-XXL\",\"description\":\"Ihr Markt Online\",\"publisher\":{\"@id\":\"https:\\\/\\\/marktxxl.de\\\/markt\\\/#organization\"},\"potentialAction\":[{\"@type\":\"SearchAction\",\"target\":{\"@type\":\"EntryPoint\",\"urlTemplate\":\"https:\\\/\\\/marktxxl.de\\\/markt\\\/?s={search_term_string}\"},\"query-input\":{\"@type\":\"PropertyValueSpecification\",\"valueRequired\":true,\"valueName\":\"search_term_string\"}}],\"inLanguage\":\"de\"},{\"@type\":\"Organization\",\"@id\":\"https:\\\/\\\/marktxxl.de\\\/markt\\\/#organization\",\"name\":\"Markt-XXL\",\"url\":\"https:\\\/\\\/marktxxl.de\\\/markt\\\/\",\"logo\":{\"@type\":\"ImageObject\",\"inLanguage\":\"de\",\"@id\":\"https:\\\/\\\/marktxxl.de\\\/markt\\\/#\\\/schema\\\/logo\\\/image\\\/\",\"url\":\"https:\\\/\\\/marktxxl.de\\\/markt\\\/wp-content\\\/uploads\\\/sites\\\/3\\\/2020\\\/12\\\/logo.png\",\"contentUrl\":\"https:\\\/\\\/marktxxl.de\\\/markt\\\/wp-content\\\/uploads\\\/sites\\\/3\\\/2020\\\/12\\\/logo.png\",\"width\":200,\"height\":70,\"caption\":\"Markt-XXL\"},\"image\":{\"@id\":\"https:\\\/\\\/marktxxl.de\\\/markt\\\/#\\\/schema\\\/logo\\\/image\\\/\"}}]}<\/script>\n<!-- \/ Yoast SEO plugin. -->","yoast_head_json":{"title":"Urea 40% Cream 150g - best Callus Remover For Feet &amp; Hands, Natural Moisturizes Nourishes Softens Dry, Rough, Cracked\u2026 - Markt-XXL","description":"Markt-XXL Urea 40% Cream 150g - best Callus Remover For Feet &amp; Hands, Natural Moisturizes Nourishes Softens Dry, Rough, Cracked\u2026","robots":{"index":"index","follow":"follow","max-snippet":"max-snippet:-1","max-image-preview":"max-image-preview:large","max-video-preview":"max-video-preview:-1"},"canonical":"https:\/\/marktxxl.de\/markt\/produkt\/urea-40-cream-150g-best-callus-remover-for-feet-hands-natural-moisturizes-nourishes-softens-dry-rough-cracked-dead-skin\/","og_locale":"de_DE","og_type":"article","og_title":"Urea 40% Cream 150g - best Callus Remover For Feet &amp; Hands, Natural Moisturizes Nourishes Softens Dry, Rough, Cracked\u2026 - Markt-XXL","og_description":"Markt-XXL Urea 40% Cream 150g - best Callus Remover For Feet &amp; Hands, Natural Moisturizes Nourishes Softens Dry, Rough, Cracked\u2026","og_url":"https:\/\/marktxxl.de\/markt\/produkt\/urea-40-cream-150g-best-callus-remover-for-feet-hands-natural-moisturizes-nourishes-softens-dry-rough-cracked-dead-skin\/","og_site_name":"Markt-XXL","article_modified_time":"2023-04-10T02:45:29+00:00","og_image":[{"width":500,"height":500,"url":"https:\/\/m.media-amazon.com\/images\/I\/51tyfLtbhsL._SL500_.jpg","type":"image\/jpeg"}],"twitter_card":"summary_large_image","twitter_misc":{"Gesch\u00e4tzte Lesezeit":"1\u00a0Minute"},"schema":{"@context":"https:\/\/schema.org","@graph":[{"@type":"WebPage","@id":"https:\/\/marktxxl.de\/markt\/produkt\/urea-40-cream-150g-best-callus-remover-for-feet-hands-natural-moisturizes-nourishes-softens-dry-rough-cracked-dead-skin\/","url":"https:\/\/marktxxl.de\/markt\/produkt\/urea-40-cream-150g-best-callus-remover-for-feet-hands-natural-moisturizes-nourishes-softens-dry-rough-cracked-dead-skin\/","name":"Urea 40% Cream 150g - best Callus Remover For Feet &amp; Hands, Natural Moisturizes Nourishes Softens Dry, Rough, Cracked\u2026 - Markt-XXL","isPartOf":{"@id":"https:\/\/marktxxl.de\/markt\/#website"},"primaryImageOfPage":{"@id":"https:\/\/marktxxl.de\/markt\/produkt\/urea-40-cream-150g-best-callus-remover-for-feet-hands-natural-moisturizes-nourishes-softens-dry-rough-cracked-dead-skin\/#primaryimage"},"image":{"@id":"https:\/\/marktxxl.de\/markt\/produkt\/urea-40-cream-150g-best-callus-remover-for-feet-hands-natural-moisturizes-nourishes-softens-dry-rough-cracked-dead-skin\/#primaryimage"},"thumbnailUrl":"https:\/\/m.media-amazon.com\/images\/I\/51tyfLtbhsL._SL500_.jpg","datePublished":"2022-10-12T00:19:41+00:00","dateModified":"2023-04-10T02:45:29+00:00","description":"Markt-XXL Urea 40% Cream 150g - best Callus Remover For Feet &amp; Hands, Natural Moisturizes Nourishes Softens Dry, Rough, Cracked\u2026","breadcrumb":{"@id":"https:\/\/marktxxl.de\/markt\/produkt\/urea-40-cream-150g-best-callus-remover-for-feet-hands-natural-moisturizes-nourishes-softens-dry-rough-cracked-dead-skin\/#breadcrumb"},"inLanguage":"de","potentialAction":[{"@type":"ReadAction","target":["https:\/\/marktxxl.de\/markt\/produkt\/urea-40-cream-150g-best-callus-remover-for-feet-hands-natural-moisturizes-nourishes-softens-dry-rough-cracked-dead-skin\/"]}]},{"@type":"ImageObject","inLanguage":"de","@id":"https:\/\/marktxxl.de\/markt\/produkt\/urea-40-cream-150g-best-callus-remover-for-feet-hands-natural-moisturizes-nourishes-softens-dry-rough-cracked-dead-skin\/#primaryimage","url":"https:\/\/m.media-amazon.com\/images\/I\/51tyfLtbhsL._SL500_.jpg","contentUrl":"https:\/\/m.media-amazon.com\/images\/I\/51tyfLtbhsL._SL500_.jpg","width":500,"height":500},{"@type":"BreadcrumbList","@id":"https:\/\/marktxxl.de\/markt\/produkt\/urea-40-cream-150g-best-callus-remover-for-feet-hands-natural-moisturizes-nourishes-softens-dry-rough-cracked-dead-skin\/#breadcrumb","itemListElement":[{"@type":"ListItem","position":1,"name":"Startseite","item":"https:\/\/marktxxl.de\/markt\/"},{"@type":"ListItem","position":2,"name":"Markt","item":"https:\/\/marktxxl.de\/markt\/"},{"@type":"ListItem","position":3,"name":"Urea 40% Cream 150g &#8211; best Callus Remover For Feet &amp; Hands, Natural Moisturizes Nourishes Softens Dry, Rough, Cracked\u2026"}]},{"@type":"WebSite","@id":"https:\/\/marktxxl.de\/markt\/#website","url":"https:\/\/marktxxl.de\/markt\/","name":"Markt-XXL","description":"Ihr Markt Online","publisher":{"@id":"https:\/\/marktxxl.de\/markt\/#organization"},"potentialAction":[{"@type":"SearchAction","target":{"@type":"EntryPoint","urlTemplate":"https:\/\/marktxxl.de\/markt\/?s={search_term_string}"},"query-input":{"@type":"PropertyValueSpecification","valueRequired":true,"valueName":"search_term_string"}}],"inLanguage":"de"},{"@type":"Organization","@id":"https:\/\/marktxxl.de\/markt\/#organization","name":"Markt-XXL","url":"https:\/\/marktxxl.de\/markt\/","logo":{"@type":"ImageObject","inLanguage":"de","@id":"https:\/\/marktxxl.de\/markt\/#\/schema\/logo\/image\/","url":"https:\/\/marktxxl.de\/markt\/wp-content\/uploads\/sites\/3\/2020\/12\/logo.png","contentUrl":"https:\/\/marktxxl.de\/markt\/wp-content\/uploads\/sites\/3\/2020\/12\/logo.png","width":200,"height":70,"caption":"Markt-XXL"},"image":{"@id":"https:\/\/marktxxl.de\/markt\/#\/schema\/logo\/image\/"}}]}},"_links":{"self":[{"href":"https:\/\/marktxxl.de\/markt\/wp-json\/wp\/v2\/product\/157306","targetHints":{"allow":["GET"]}}],"collection":[{"href":"https:\/\/marktxxl.de\/markt\/wp-json\/wp\/v2\/product"}],"about":[{"href":"https:\/\/marktxxl.de\/markt\/wp-json\/wp\/v2\/types\/product"}],"replies":[{"embeddable":true,"href":"https:\/\/marktxxl.de\/markt\/wp-json\/wp\/v2\/comments?post=157306"}],"wp:featuredmedia":[{"embeddable":true,"href":"https:\/\/marktxxl.de\/markt\/wp-json\/wp\/v2\/media\/157307"}],"wp:attachment":[{"href":"https:\/\/marktxxl.de\/markt\/wp-json\/wp\/v2\/media?parent=157306"}],"wp:term":[{"taxonomy":"product_brand","embeddable":true,"href":"https:\/\/marktxxl.de\/markt\/wp-json\/wp\/v2\/product_brand?post=157306"},{"taxonomy":"product_cat","embeddable":true,"href":"https:\/\/marktxxl.de\/markt\/wp-json\/wp\/v2\/product_cat?post=157306"},{"taxonomy":"product_tag","embeddable":true,"href":"https:\/\/marktxxl.de\/markt\/wp-json\/wp\/v2\/product_tag?post=157306"}],"curies":[{"name":"wp","href":"https:\/\/api.w.org\/{rel}","templated":true}]}}