{"id":157230,"date":"2022-10-12T02:16:37","date_gmt":"2022-10-12T00:16:37","guid":{"rendered":"https:\/\/marktxxl.de\/markt\/produkt\/shynek-250-stueck-einweg-makeup-applikator-zauberstaebe-wimpernbuersten-lippenpinsel-eyeliner-pinsel-mit-make-up-paletten-und-spatel-fuer-beauty-salon-und-hausgebrauch\/"},"modified":"2023-04-10T04:45:28","modified_gmt":"2023-04-10T02:45:28","slug":"shynek-250-stueck-einweg-makeup-applikator-zauberstaebe-wimpernbuersten-lippenpinsel-eyeliner-pinsel-mit-make-up-paletten-und-spatel-fuer-beauty-salon-und-hausgebrauch","status":"publish","type":"product","link":"https:\/\/marktxxl.de\/markt\/produkt\/shynek-250-stueck-einweg-makeup-applikator-zauberstaebe-wimpernbuersten-lippenpinsel-eyeliner-pinsel-mit-make-up-paletten-und-spatel-fuer-beauty-salon-und-hausgebrauch\/","title":{"rendered":"Shynek 250 St\u00fcck Einweg Makeup Applikator Zauberst\u00e4be, Wimpernb\u00fcrsten, Lippenpinsel, Eyeliner Pinsel mit Make-Up\u2026"},"content":{"rendered":"<p>Gro\u00dfer Wert Set: Shynek make-up tool kits kommt mit 100 mascara zauberst\u00e4be, 100 lippenstift applikatoren, 50 einweg-eyeliner st\u00e4be, 1 make-up mischpalette \u200bund spatel<br \/>\nWesentliche Make-up-Lieferungen f\u00fcr MUA: Diese einweg make up applikator zauberst\u00e4be sind ideal f\u00fcr den professionellen oder privaten gebrauch. Shynek make-up einweg applikatoren k\u00f6nnen bequem mit gef\u00fchl f\u00fcr alle und halten make-up-zubeh\u00f6r sauber<br \/>\nMaterial: Die make up applikatoren sind aus hartem kunststoff griff und weiche faser haar gebaut. Die make up mischpalette ist aus hochwertigem edelstahl gefertigt, der rostfrei und leicht mit wasser zu reinigen ist, langlebig und wiederverwendbar.<br \/>\nBreite Anwendung: Die einweg wimpernb\u00fcrsten und lippenstift concealer pinsel sind gut f\u00fcr das t\u00e4gliche make-up oder kunden, die eine probe des lippenstifts oder der wimperntusche an der kosmetiktheke ausprobieren m\u00f6chten. Die make-up paletten eignet sich hervorragend zum mischen von foundation, lippenstift, lidschatten, concealer, pigment, wimpernkleber oder nagellack.<br \/>\nBequeme Gr\u00f6\u00dfe: Einweg wimpernb\u00fcrsten, lippenstift pinsel, einweg eyeliner pinsel sind etwa 3,5&#8243;. Make up mischpalette misst 5,8*4 Zoll, spatel 6 Zoll und . Die abschminkst\u00e4bchen sind leicht und tragbar zu tragen aus<br \/>\n<div class=\"main-cross-sell\" data-asin=\"B07Z96RBKZ\">\n\n\t<div class=\"WooZone-cross-sell-loader\">\n\t\t<div>\n\t\t\t<div id=\"floatingBarsG\">\n\t\t\t\t<div class=\"blockG\" id=\"rotateG_01\"><\/div>\n\t\t\t\t<div class=\"blockG\" id=\"rotateG_02\"><\/div>\n\t\t\t\t<div class=\"blockG\" id=\"rotateG_03\"><\/div>\n\t\t\t\t<div class=\"blockG\" id=\"rotateG_04\"><\/div>\n\t\t\t\t<div class=\"blockG\" id=\"rotateG_05\"><\/div>\n\t\t\t\t<div class=\"blockG\" id=\"rotateG_06\"><\/div>\n\t\t\t\t<div class=\"blockG\" id=\"rotateG_07\"><\/div>\n\t\t\t\t<div class=\"blockG\" id=\"rotateG_08\"><\/div>\n\t\t\t<\/div>\n\t\t\t<div class=\"WooZone-cross-sell-loader-text\"><\/div>\n\t\t<\/div>\n\t<\/div>\n\n\t\t\n<\/div>\n<div style=\"clear:both;\"><\/div><\/p>\n","protected":false},"excerpt":{"rendered":"<p>Gro\u00dfer Wert Set: Shynek make-up tool kits kommt mit 100 mascara zauberst\u00e4be, 100 lippenstift applikatoren, 50 einweg-eyeliner st\u00e4be, 1 make-up mischpalette \u200bund spatel<br \/>\nWesentliche Make-up-Lieferungen f\u00fcr MUA: Diese einweg make up applikator zauberst\u00e4be sind ideal f\u00fcr den professionellen oder privaten gebrauch. Shynek make-up einweg applikatoren k\u00f6nnen bequem mit gef\u00fchl f\u00fcr alle und halten make-up-zubeh\u00f6r sauber<br \/>\nMaterial: Die make up applikatoren sind aus hartem kunststoff griff und weiche faser haar gebaut. Die make up mischpalette ist aus hochwertigem edelstahl gefertigt, der rostfrei und leicht mit wasser zu reinigen ist, langlebig und wiederverwendbar.<\/p>\n","protected":false},"featured_media":157231,"comment_status":"open","ping_status":"closed","template":"","meta":[],"product_brand":[],"product_cat":[2858],"product_tag":[],"class_list":{"0":"post-157230","1":"product","2":"type-product","3":"status-publish","4":"has-post-thumbnail","6":"product_cat-beauty","7":"pa_binding-misc","8":"pa_brand-shynek","9":"pa_color-schwarz","10":"pa_height-0-393700787-zoll","11":"pa_length-3-93700787-zoll","12":"pa_manufacturer-shynek","13":"pa_size-252-teiliges-set","14":"pa_weight-0-2645547144-pfund","15":"pa_width-2-362204722-zoll","17":"first","18":"instock","19":"shipping-taxable","20":"purchasable","21":"product-type-simple","22":"customify-col","23":"product-has-gallery"},"yoast_head":"<!-- This site is optimized with the Yoast SEO plugin v27.3 - https:\/\/yoast.com\/product\/yoast-seo-wordpress\/ -->\n<title>Shynek 250 St\u00fcck Einweg Makeup Applikator Zauberst\u00e4be, Wimpernb\u00fcrsten, Lippenpinsel, Eyeliner Pinsel mit Make-Up\u2026 - Markt-XXL<\/title>\n<meta name=\"description\" content=\"Markt-XXL Shynek 250 St\u00fcck Einweg Makeup Applikator Zauberst\u00e4be, Wimpernb\u00fcrsten, Lippenpinsel, Eyeliner Pinsel mit Make-Up\u2026\" \/>\n<meta name=\"robots\" content=\"index, follow, max-snippet:-1, max-image-preview:large, max-video-preview:-1\" \/>\n<link rel=\"canonical\" href=\"https:\/\/marktxxl.de\/markt\/produkt\/shynek-250-stueck-einweg-makeup-applikator-zauberstaebe-wimpernbuersten-lippenpinsel-eyeliner-pinsel-mit-make-up-paletten-und-spatel-fuer-beauty-salon-und-hausgebrauch\/\" \/>\n<meta property=\"og:locale\" content=\"de_DE\" \/>\n<meta property=\"og:type\" content=\"article\" \/>\n<meta property=\"og:title\" content=\"Shynek 250 St\u00fcck Einweg Makeup Applikator Zauberst\u00e4be, Wimpernb\u00fcrsten, Lippenpinsel, Eyeliner Pinsel mit Make-Up\u2026 - Markt-XXL\" \/>\n<meta property=\"og:description\" content=\"Markt-XXL Shynek 250 St\u00fcck Einweg Makeup Applikator Zauberst\u00e4be, Wimpernb\u00fcrsten, Lippenpinsel, Eyeliner Pinsel mit Make-Up\u2026\" \/>\n<meta property=\"og:url\" content=\"https:\/\/marktxxl.de\/markt\/produkt\/shynek-250-stueck-einweg-makeup-applikator-zauberstaebe-wimpernbuersten-lippenpinsel-eyeliner-pinsel-mit-make-up-paletten-und-spatel-fuer-beauty-salon-und-hausgebrauch\/\" \/>\n<meta property=\"og:site_name\" content=\"Markt-XXL\" \/>\n<meta property=\"article:modified_time\" content=\"2023-04-10T02:45:28+00:00\" \/>\n<meta property=\"og:image\" content=\"https:\/\/m.media-amazon.com\/images\/I\/516lR7n4cXL._SL500_.jpg\" \/>\n\t<meta property=\"og:image:width\" content=\"500\" \/>\n\t<meta property=\"og:image:height\" content=\"500\" \/>\n\t<meta property=\"og:image:type\" content=\"image\/jpeg\" \/>\n<meta name=\"twitter:card\" content=\"summary_large_image\" \/>\n<meta name=\"twitter:label1\" content=\"Gesch\u00e4tzte Lesezeit\" \/>\n\t<meta name=\"twitter:data1\" content=\"1\u00a0Minute\" \/>\n<script type=\"application\/ld+json\" class=\"yoast-schema-graph\">{\"@context\":\"https:\\\/\\\/schema.org\",\"@graph\":[{\"@type\":\"WebPage\",\"@id\":\"https:\\\/\\\/marktxxl.de\\\/markt\\\/produkt\\\/shynek-250-stueck-einweg-makeup-applikator-zauberstaebe-wimpernbuersten-lippenpinsel-eyeliner-pinsel-mit-make-up-paletten-und-spatel-fuer-beauty-salon-und-hausgebrauch\\\/\",\"url\":\"https:\\\/\\\/marktxxl.de\\\/markt\\\/produkt\\\/shynek-250-stueck-einweg-makeup-applikator-zauberstaebe-wimpernbuersten-lippenpinsel-eyeliner-pinsel-mit-make-up-paletten-und-spatel-fuer-beauty-salon-und-hausgebrauch\\\/\",\"name\":\"Shynek 250 St\u00fcck Einweg Makeup Applikator Zauberst\u00e4be, Wimpernb\u00fcrsten, Lippenpinsel, Eyeliner Pinsel mit Make-Up\u2026 - Markt-XXL\",\"isPartOf\":{\"@id\":\"https:\\\/\\\/marktxxl.de\\\/markt\\\/#website\"},\"primaryImageOfPage\":{\"@id\":\"https:\\\/\\\/marktxxl.de\\\/markt\\\/produkt\\\/shynek-250-stueck-einweg-makeup-applikator-zauberstaebe-wimpernbuersten-lippenpinsel-eyeliner-pinsel-mit-make-up-paletten-und-spatel-fuer-beauty-salon-und-hausgebrauch\\\/#primaryimage\"},\"image\":{\"@id\":\"https:\\\/\\\/marktxxl.de\\\/markt\\\/produkt\\\/shynek-250-stueck-einweg-makeup-applikator-zauberstaebe-wimpernbuersten-lippenpinsel-eyeliner-pinsel-mit-make-up-paletten-und-spatel-fuer-beauty-salon-und-hausgebrauch\\\/#primaryimage\"},\"thumbnailUrl\":\"https:\\\/\\\/m.media-amazon.com\\\/images\\\/I\\\/516lR7n4cXL._SL500_.jpg\",\"datePublished\":\"2022-10-12T00:16:37+00:00\",\"dateModified\":\"2023-04-10T02:45:28+00:00\",\"description\":\"Markt-XXL Shynek 250 St\u00fcck Einweg Makeup Applikator Zauberst\u00e4be, Wimpernb\u00fcrsten, Lippenpinsel, Eyeliner Pinsel mit Make-Up\u2026\",\"breadcrumb\":{\"@id\":\"https:\\\/\\\/marktxxl.de\\\/markt\\\/produkt\\\/shynek-250-stueck-einweg-makeup-applikator-zauberstaebe-wimpernbuersten-lippenpinsel-eyeliner-pinsel-mit-make-up-paletten-und-spatel-fuer-beauty-salon-und-hausgebrauch\\\/#breadcrumb\"},\"inLanguage\":\"de\",\"potentialAction\":[{\"@type\":\"ReadAction\",\"target\":[\"https:\\\/\\\/marktxxl.de\\\/markt\\\/produkt\\\/shynek-250-stueck-einweg-makeup-applikator-zauberstaebe-wimpernbuersten-lippenpinsel-eyeliner-pinsel-mit-make-up-paletten-und-spatel-fuer-beauty-salon-und-hausgebrauch\\\/\"]}]},{\"@type\":\"ImageObject\",\"inLanguage\":\"de\",\"@id\":\"https:\\\/\\\/marktxxl.de\\\/markt\\\/produkt\\\/shynek-250-stueck-einweg-makeup-applikator-zauberstaebe-wimpernbuersten-lippenpinsel-eyeliner-pinsel-mit-make-up-paletten-und-spatel-fuer-beauty-salon-und-hausgebrauch\\\/#primaryimage\",\"url\":\"https:\\\/\\\/m.media-amazon.com\\\/images\\\/I\\\/516lR7n4cXL._SL500_.jpg\",\"contentUrl\":\"https:\\\/\\\/m.media-amazon.com\\\/images\\\/I\\\/516lR7n4cXL._SL500_.jpg\",\"width\":500,\"height\":500},{\"@type\":\"BreadcrumbList\",\"@id\":\"https:\\\/\\\/marktxxl.de\\\/markt\\\/produkt\\\/shynek-250-stueck-einweg-makeup-applikator-zauberstaebe-wimpernbuersten-lippenpinsel-eyeliner-pinsel-mit-make-up-paletten-und-spatel-fuer-beauty-salon-und-hausgebrauch\\\/#breadcrumb\",\"itemListElement\":[{\"@type\":\"ListItem\",\"position\":1,\"name\":\"Startseite\",\"item\":\"https:\\\/\\\/marktxxl.de\\\/markt\\\/\"},{\"@type\":\"ListItem\",\"position\":2,\"name\":\"Markt\",\"item\":\"https:\\\/\\\/marktxxl.de\\\/markt\\\/\"},{\"@type\":\"ListItem\",\"position\":3,\"name\":\"Shynek 250 St\u00fcck Einweg Makeup Applikator Zauberst\u00e4be, Wimpernb\u00fcrsten, Lippenpinsel, Eyeliner Pinsel mit Make-Up\u2026\"}]},{\"@type\":\"WebSite\",\"@id\":\"https:\\\/\\\/marktxxl.de\\\/markt\\\/#website\",\"url\":\"https:\\\/\\\/marktxxl.de\\\/markt\\\/\",\"name\":\"Markt-XXL\",\"description\":\"Ihr Markt Online\",\"publisher\":{\"@id\":\"https:\\\/\\\/marktxxl.de\\\/markt\\\/#organization\"},\"potentialAction\":[{\"@type\":\"SearchAction\",\"target\":{\"@type\":\"EntryPoint\",\"urlTemplate\":\"https:\\\/\\\/marktxxl.de\\\/markt\\\/?s={search_term_string}\"},\"query-input\":{\"@type\":\"PropertyValueSpecification\",\"valueRequired\":true,\"valueName\":\"search_term_string\"}}],\"inLanguage\":\"de\"},{\"@type\":\"Organization\",\"@id\":\"https:\\\/\\\/marktxxl.de\\\/markt\\\/#organization\",\"name\":\"Markt-XXL\",\"url\":\"https:\\\/\\\/marktxxl.de\\\/markt\\\/\",\"logo\":{\"@type\":\"ImageObject\",\"inLanguage\":\"de\",\"@id\":\"https:\\\/\\\/marktxxl.de\\\/markt\\\/#\\\/schema\\\/logo\\\/image\\\/\",\"url\":\"https:\\\/\\\/marktxxl.de\\\/markt\\\/wp-content\\\/uploads\\\/sites\\\/3\\\/2020\\\/12\\\/logo.png\",\"contentUrl\":\"https:\\\/\\\/marktxxl.de\\\/markt\\\/wp-content\\\/uploads\\\/sites\\\/3\\\/2020\\\/12\\\/logo.png\",\"width\":200,\"height\":70,\"caption\":\"Markt-XXL\"},\"image\":{\"@id\":\"https:\\\/\\\/marktxxl.de\\\/markt\\\/#\\\/schema\\\/logo\\\/image\\\/\"}}]}<\/script>\n<!-- \/ Yoast SEO plugin. -->","yoast_head_json":{"title":"Shynek 250 St\u00fcck Einweg Makeup Applikator Zauberst\u00e4be, Wimpernb\u00fcrsten, Lippenpinsel, Eyeliner Pinsel mit Make-Up\u2026 - Markt-XXL","description":"Markt-XXL Shynek 250 St\u00fcck Einweg Makeup Applikator Zauberst\u00e4be, Wimpernb\u00fcrsten, Lippenpinsel, Eyeliner Pinsel mit Make-Up\u2026","robots":{"index":"index","follow":"follow","max-snippet":"max-snippet:-1","max-image-preview":"max-image-preview:large","max-video-preview":"max-video-preview:-1"},"canonical":"https:\/\/marktxxl.de\/markt\/produkt\/shynek-250-stueck-einweg-makeup-applikator-zauberstaebe-wimpernbuersten-lippenpinsel-eyeliner-pinsel-mit-make-up-paletten-und-spatel-fuer-beauty-salon-und-hausgebrauch\/","og_locale":"de_DE","og_type":"article","og_title":"Shynek 250 St\u00fcck Einweg Makeup Applikator Zauberst\u00e4be, Wimpernb\u00fcrsten, Lippenpinsel, Eyeliner Pinsel mit Make-Up\u2026 - Markt-XXL","og_description":"Markt-XXL Shynek 250 St\u00fcck Einweg Makeup Applikator Zauberst\u00e4be, Wimpernb\u00fcrsten, Lippenpinsel, Eyeliner Pinsel mit Make-Up\u2026","og_url":"https:\/\/marktxxl.de\/markt\/produkt\/shynek-250-stueck-einweg-makeup-applikator-zauberstaebe-wimpernbuersten-lippenpinsel-eyeliner-pinsel-mit-make-up-paletten-und-spatel-fuer-beauty-salon-und-hausgebrauch\/","og_site_name":"Markt-XXL","article_modified_time":"2023-04-10T02:45:28+00:00","og_image":[{"width":500,"height":500,"url":"https:\/\/m.media-amazon.com\/images\/I\/516lR7n4cXL._SL500_.jpg","type":"image\/jpeg"}],"twitter_card":"summary_large_image","twitter_misc":{"Gesch\u00e4tzte Lesezeit":"1\u00a0Minute"},"schema":{"@context":"https:\/\/schema.org","@graph":[{"@type":"WebPage","@id":"https:\/\/marktxxl.de\/markt\/produkt\/shynek-250-stueck-einweg-makeup-applikator-zauberstaebe-wimpernbuersten-lippenpinsel-eyeliner-pinsel-mit-make-up-paletten-und-spatel-fuer-beauty-salon-und-hausgebrauch\/","url":"https:\/\/marktxxl.de\/markt\/produkt\/shynek-250-stueck-einweg-makeup-applikator-zauberstaebe-wimpernbuersten-lippenpinsel-eyeliner-pinsel-mit-make-up-paletten-und-spatel-fuer-beauty-salon-und-hausgebrauch\/","name":"Shynek 250 St\u00fcck Einweg Makeup Applikator Zauberst\u00e4be, Wimpernb\u00fcrsten, Lippenpinsel, Eyeliner Pinsel mit Make-Up\u2026 - Markt-XXL","isPartOf":{"@id":"https:\/\/marktxxl.de\/markt\/#website"},"primaryImageOfPage":{"@id":"https:\/\/marktxxl.de\/markt\/produkt\/shynek-250-stueck-einweg-makeup-applikator-zauberstaebe-wimpernbuersten-lippenpinsel-eyeliner-pinsel-mit-make-up-paletten-und-spatel-fuer-beauty-salon-und-hausgebrauch\/#primaryimage"},"image":{"@id":"https:\/\/marktxxl.de\/markt\/produkt\/shynek-250-stueck-einweg-makeup-applikator-zauberstaebe-wimpernbuersten-lippenpinsel-eyeliner-pinsel-mit-make-up-paletten-und-spatel-fuer-beauty-salon-und-hausgebrauch\/#primaryimage"},"thumbnailUrl":"https:\/\/m.media-amazon.com\/images\/I\/516lR7n4cXL._SL500_.jpg","datePublished":"2022-10-12T00:16:37+00:00","dateModified":"2023-04-10T02:45:28+00:00","description":"Markt-XXL Shynek 250 St\u00fcck Einweg Makeup Applikator Zauberst\u00e4be, Wimpernb\u00fcrsten, Lippenpinsel, Eyeliner Pinsel mit Make-Up\u2026","breadcrumb":{"@id":"https:\/\/marktxxl.de\/markt\/produkt\/shynek-250-stueck-einweg-makeup-applikator-zauberstaebe-wimpernbuersten-lippenpinsel-eyeliner-pinsel-mit-make-up-paletten-und-spatel-fuer-beauty-salon-und-hausgebrauch\/#breadcrumb"},"inLanguage":"de","potentialAction":[{"@type":"ReadAction","target":["https:\/\/marktxxl.de\/markt\/produkt\/shynek-250-stueck-einweg-makeup-applikator-zauberstaebe-wimpernbuersten-lippenpinsel-eyeliner-pinsel-mit-make-up-paletten-und-spatel-fuer-beauty-salon-und-hausgebrauch\/"]}]},{"@type":"ImageObject","inLanguage":"de","@id":"https:\/\/marktxxl.de\/markt\/produkt\/shynek-250-stueck-einweg-makeup-applikator-zauberstaebe-wimpernbuersten-lippenpinsel-eyeliner-pinsel-mit-make-up-paletten-und-spatel-fuer-beauty-salon-und-hausgebrauch\/#primaryimage","url":"https:\/\/m.media-amazon.com\/images\/I\/516lR7n4cXL._SL500_.jpg","contentUrl":"https:\/\/m.media-amazon.com\/images\/I\/516lR7n4cXL._SL500_.jpg","width":500,"height":500},{"@type":"BreadcrumbList","@id":"https:\/\/marktxxl.de\/markt\/produkt\/shynek-250-stueck-einweg-makeup-applikator-zauberstaebe-wimpernbuersten-lippenpinsel-eyeliner-pinsel-mit-make-up-paletten-und-spatel-fuer-beauty-salon-und-hausgebrauch\/#breadcrumb","itemListElement":[{"@type":"ListItem","position":1,"name":"Startseite","item":"https:\/\/marktxxl.de\/markt\/"},{"@type":"ListItem","position":2,"name":"Markt","item":"https:\/\/marktxxl.de\/markt\/"},{"@type":"ListItem","position":3,"name":"Shynek 250 St\u00fcck Einweg Makeup Applikator Zauberst\u00e4be, Wimpernb\u00fcrsten, Lippenpinsel, Eyeliner Pinsel mit Make-Up\u2026"}]},{"@type":"WebSite","@id":"https:\/\/marktxxl.de\/markt\/#website","url":"https:\/\/marktxxl.de\/markt\/","name":"Markt-XXL","description":"Ihr Markt Online","publisher":{"@id":"https:\/\/marktxxl.de\/markt\/#organization"},"potentialAction":[{"@type":"SearchAction","target":{"@type":"EntryPoint","urlTemplate":"https:\/\/marktxxl.de\/markt\/?s={search_term_string}"},"query-input":{"@type":"PropertyValueSpecification","valueRequired":true,"valueName":"search_term_string"}}],"inLanguage":"de"},{"@type":"Organization","@id":"https:\/\/marktxxl.de\/markt\/#organization","name":"Markt-XXL","url":"https:\/\/marktxxl.de\/markt\/","logo":{"@type":"ImageObject","inLanguage":"de","@id":"https:\/\/marktxxl.de\/markt\/#\/schema\/logo\/image\/","url":"https:\/\/marktxxl.de\/markt\/wp-content\/uploads\/sites\/3\/2020\/12\/logo.png","contentUrl":"https:\/\/marktxxl.de\/markt\/wp-content\/uploads\/sites\/3\/2020\/12\/logo.png","width":200,"height":70,"caption":"Markt-XXL"},"image":{"@id":"https:\/\/marktxxl.de\/markt\/#\/schema\/logo\/image\/"}}]}},"_links":{"self":[{"href":"https:\/\/marktxxl.de\/markt\/wp-json\/wp\/v2\/product\/157230","targetHints":{"allow":["GET"]}}],"collection":[{"href":"https:\/\/marktxxl.de\/markt\/wp-json\/wp\/v2\/product"}],"about":[{"href":"https:\/\/marktxxl.de\/markt\/wp-json\/wp\/v2\/types\/product"}],"replies":[{"embeddable":true,"href":"https:\/\/marktxxl.de\/markt\/wp-json\/wp\/v2\/comments?post=157230"}],"wp:featuredmedia":[{"embeddable":true,"href":"https:\/\/marktxxl.de\/markt\/wp-json\/wp\/v2\/media\/157231"}],"wp:attachment":[{"href":"https:\/\/marktxxl.de\/markt\/wp-json\/wp\/v2\/media?parent=157230"}],"wp:term":[{"taxonomy":"product_brand","embeddable":true,"href":"https:\/\/marktxxl.de\/markt\/wp-json\/wp\/v2\/product_brand?post=157230"},{"taxonomy":"product_cat","embeddable":true,"href":"https:\/\/marktxxl.de\/markt\/wp-json\/wp\/v2\/product_cat?post=157230"},{"taxonomy":"product_tag","embeddable":true,"href":"https:\/\/marktxxl.de\/markt\/wp-json\/wp\/v2\/product_tag?post=157230"}],"curies":[{"name":"wp","href":"https:\/\/api.w.org\/{rel}","templated":true}]}}